{"id":42602,"date":"2023-03-14T13:12:36","date_gmt":"2023-03-14T12:12:36","guid":{"rendered":"https:\/\/animo.eu\/vedenjaahdyttimet\/"},"modified":"2024-01-14T08:15:58","modified_gmt":"2024-01-14T07:15:58","slug":"vedenjaahdyttimet","status":"publish","type":"page","link":"https:\/\/animo.eu\/fi\/vedenjaahdyttimet\/","title":{"rendered":"Vedenj\u00e4\u00e4hdyttimet"},"content":{"rendered":"\n<section  class=\"pane pane--white \">\n    <div class=\"container\">\n                    <div class=\"row justify-content-center mb-4\">\n                <div class=\"col-12\">\n                    <div class=\"pane__text\">\n                        <h2>Vedenj\u00e4\u00e4hdyttimet<\/h2>\n                    <\/div>\n                <\/div>\n            <\/div>\n        \n                                \n                            <div class=\"row row--equalized g-4 g-lg-3 g-xl-6\">\n                                            <div class=\"col-12 col-md-6 col-lg-3\">\n                            <div class=\"card card--product\">\n                    <div class=\"card__image\">\n                    <img decoding=\"async\" width=\"550\" height=\"458\" src=\"https:\/\/animo.eu\/wp-content\/uploads\/2023\/08\/OptiCool-producten-550x458.png\" class=\"image wp-post-image\" alt=\"\" loading=\"lazy\" srcset=\"https:\/\/animo.eu\/wp-content\/uploads\/2023\/08\/OptiCool-producten-550x458.png 550w, https:\/\/animo.eu\/wp-content\/uploads\/2023\/08\/OptiCool-producten-300x250.png 300w, https:\/\/animo.eu\/wp-content\/uploads\/2023\/08\/OptiCool-producten-1024x852.png 1024w, https:\/\/animo.eu\/wp-content\/uploads\/2023\/08\/OptiCool-producten-768x639.png 768w, https:\/\/animo.eu\/wp-content\/uploads\/2023\/08\/OptiCool-producten-1536x1279.png 1536w, https:\/\/animo.eu\/wp-content\/uploads\/2023\/08\/OptiCool-producten-70x58.png 70w, https:\/\/animo.eu\/wp-content\/uploads\/2023\/08\/OptiCool-producten-800x666.png 800w, https:\/\/animo.eu\/wp-content\/uploads\/2023\/08\/OptiCool-producten-120x100.png 120w, https:\/\/animo.eu\/wp-content\/uploads\/2023\/08\/OptiCool-producten-150x125.png 150w, https:\/\/animo.eu\/wp-content\/uploads\/2023\/08\/OptiCool-producten.png 1772w\" sizes=\"(max-width: 550px) 100vw, 550px\" \/>                <\/div>\n    <div class=\"card-body\">\n        <h3 class=\"card-title\">Vedenj\u00e4\u00e4hdyttimet<\/h3>\n                    <p class=\"mb-0\">Vedenj\u00e4\u00e4hdyttimet herkullisen, viile\u00e4n, raikkaan ja puhtaan veden saamiseksi.<\/p>\n            <\/div>\n    <div class=\"card-footer\">\n        <span class=\"btn btn-outline-secondary\">\n            <span class=\"btn__text\">Lis\u00e4tietoja<\/span>\n            <svg class=\"icon icon--20 icon--arrow\">\n                <use xlink:href=\"https:\/\/animo.eu\/wp-content\/themes\/animo\/build\/img\/symbols.svg#arrow-right\"><\/use>\n            <\/svg>\n        <\/span>\n    <\/div>\n    <a class=\"stretched-link\" href=\"https:\/\/animo.eu\/fi\/vedenjaahdyttimet\/vedenjaahdyttimet\/\"><\/a>\n<\/div>\n                        <\/div>\n                                    <\/div>\n                                         <\/div>\n<\/section>\n\n<section  class=\"pane pane--white \">\n    <div class=\"container\">\n        <div class=\"row g-4 g-lg-8 g-xl-15 g-xxl-20 align-items-center flex-lg-row-reverse\">\n                            <div class=\"col-12 col-lg-6\">\n                    <div class=\"pane__text\">\n                        <h2>Ammattik\u00e4ytt\u00f6\u00f6n tarkoitetut vedenj\u00e4\u00e4hdyttimet kaikille teollisuudenaloille<\/h2>\n<p>Herkullinen, viilent\u00e4v\u00e4 lasillinen vett\u00e4 tarjoaa ihmiselle miellytt\u00e4v\u00e4n virkistyksen. OptiCoolin avulla maailman kuuluisin janojuoma on aina k\u00e4den ulottuvilla. Ihanteellinen toimistoon, odotushuoneeseen, urheilukeskukseen, cateringiin jne.<\/p>\n                                                \n                    <\/div>\n                <\/div>\n                                <\/div>\n    <\/div>\n<\/section>\n","protected":false},"excerpt":{"rendered":"","protected":false},"author":1,"featured_media":14287,"parent":0,"menu_order":80,"comment_status":"closed","ping_status":"closed","template":"","meta":{"_acf_changed":false,"footnotes":""},"class_list":["post-42602","page","type-page","status-publish","has-post-thumbnail","hentry"],"acf":[],"yoast_head":"<!-- This site is optimized with the Yoast SEO plugin v25.5 - https:\/\/yoast.com\/wordpress\/plugins\/seo\/ -->\n<title>Vedenj\u00e4\u00e4hdyttimet -<\/title>\n<meta name=\"description\" content=\"Vedenj\u00e4\u00e4hdyttimet - OptiCoolin avulla maailman tunnetuin janojuoma on aina k\u00e4den ulottuvilla. Ihanteellinen toimistoon, odotushuoneeseen, urheilukeskukseen, cateringiin jne.\" \/>\n<meta name=\"robots\" content=\"index, follow, max-snippet:-1, max-image-preview:large, max-video-preview:-1\" \/>\n<link rel=\"canonical\" href=\"https:\/\/animo.eu\/fi\/vedenjaahdyttimet\/\" \/>\n<meta property=\"og:locale\" content=\"fi_FI\" \/>\n<meta property=\"og:type\" content=\"article\" \/>\n<meta property=\"og:title\" content=\"Vedenj\u00e4\u00e4hdyttimet -\" \/>\n<meta property=\"og:description\" content=\"Vedenj\u00e4\u00e4hdyttimet - OptiCoolin avulla maailman tunnetuin janojuoma on aina k\u00e4den ulottuvilla. Ihanteellinen toimistoon, odotushuoneeseen, urheilukeskukseen, cateringiin jne.\" \/>\n<meta property=\"og:url\" content=\"https:\/\/animo.eu\/fi\/vedenjaahdyttimet\/\" \/>\n<meta property=\"article:publisher\" content=\"https:\/\/www.facebook.com\/animobv\/\" \/>\n<meta property=\"article:modified_time\" content=\"2024-01-14T07:15:58+00:00\" \/>\n<meta property=\"og:image\" content=\"https:\/\/animo.eu\/wp-content\/uploads\/2023\/08\/OptiCool-producten.png\" \/>\n\t<meta property=\"og:image:width\" content=\"1772\" \/>\n\t<meta property=\"og:image:height\" content=\"1475\" \/>\n\t<meta property=\"og:image:type\" content=\"image\/png\" \/>\n<meta name=\"twitter:card\" content=\"summary_large_image\" \/>\n<meta name=\"twitter:site\" content=\"@animokoffie\" \/>\n<script type=\"application\/ld+json\" class=\"yoast-schema-graph\">{\"@context\":\"https:\/\/schema.org\",\"@graph\":[{\"@type\":\"WebPage\",\"@id\":\"https:\/\/animo.eu\/fi\/vedenjaahdyttimet\/\",\"url\":\"https:\/\/animo.eu\/fi\/vedenjaahdyttimet\/\",\"name\":\"Vedenj\u00e4\u00e4hdyttimet -\",\"isPartOf\":{\"@id\":\"https:\/\/animo.eu\/fi\/#website\"},\"primaryImageOfPage\":{\"@id\":\"https:\/\/animo.eu\/fi\/vedenjaahdyttimet\/#primaryimage\"},\"image\":{\"@id\":\"https:\/\/animo.eu\/fi\/vedenjaahdyttimet\/#primaryimage\"},\"thumbnailUrl\":\"https:\/\/animo.eu\/wp-content\/uploads\/2023\/08\/OptiCool-producten.png\",\"datePublished\":\"2023-03-14T12:12:36+00:00\",\"dateModified\":\"2024-01-14T07:15:58+00:00\",\"description\":\"Vedenj\u00e4\u00e4hdyttimet - OptiCoolin avulla maailman tunnetuin janojuoma on aina k\u00e4den ulottuvilla. Ihanteellinen toimistoon, odotushuoneeseen, urheilukeskukseen, cateringiin jne.\",\"breadcrumb\":{\"@id\":\"https:\/\/animo.eu\/fi\/vedenjaahdyttimet\/#breadcrumb\"},\"inLanguage\":\"fi\",\"potentialAction\":[{\"@type\":\"ReadAction\",\"target\":[\"https:\/\/animo.eu\/fi\/vedenjaahdyttimet\/\"]}]},{\"@type\":\"ImageObject\",\"inLanguage\":\"fi\",\"@id\":\"https:\/\/animo.eu\/fi\/vedenjaahdyttimet\/#primaryimage\",\"url\":\"https:\/\/animo.eu\/wp-content\/uploads\/2023\/08\/OptiCool-producten.png\",\"contentUrl\":\"https:\/\/animo.eu\/wp-content\/uploads\/2023\/08\/OptiCool-producten.png\",\"width\":1772,\"height\":1475},{\"@type\":\"BreadcrumbList\",\"@id\":\"https:\/\/animo.eu\/fi\/vedenjaahdyttimet\/#breadcrumb\",\"itemListElement\":[{\"@type\":\"ListItem\",\"position\":1,\"name\":\"Home\",\"item\":\"https:\/\/animo.eu\/fi\/\"},{\"@type\":\"ListItem\",\"position\":2,\"name\":\"Vedenj\u00e4\u00e4hdyttimet\"}]},{\"@type\":\"WebSite\",\"@id\":\"https:\/\/animo.eu\/fi\/#website\",\"url\":\"https:\/\/animo.eu\/fi\/\",\"name\":\"\",\"description\":\"\",\"potentialAction\":[{\"@type\":\"SearchAction\",\"target\":{\"@type\":\"EntryPoint\",\"urlTemplate\":\"https:\/\/animo.eu\/fi\/?s={search_term_string}\"},\"query-input\":{\"@type\":\"PropertyValueSpecification\",\"valueRequired\":true,\"valueName\":\"search_term_string\"}}],\"inLanguage\":\"fi\"}]}<\/script>\n<!-- \/ Yoast SEO plugin. -->","yoast_head_json":{"title":"Vedenj\u00e4\u00e4hdyttimet -","description":"Vedenj\u00e4\u00e4hdyttimet - OptiCoolin avulla maailman tunnetuin janojuoma on aina k\u00e4den ulottuvilla. Ihanteellinen toimistoon, odotushuoneeseen, urheilukeskukseen, cateringiin jne.","robots":{"index":"index","follow":"follow","max-snippet":"max-snippet:-1","max-image-preview":"max-image-preview:large","max-video-preview":"max-video-preview:-1"},"canonical":"https:\/\/animo.eu\/fi\/vedenjaahdyttimet\/","og_locale":"fi_FI","og_type":"article","og_title":"Vedenj\u00e4\u00e4hdyttimet -","og_description":"Vedenj\u00e4\u00e4hdyttimet - OptiCoolin avulla maailman tunnetuin janojuoma on aina k\u00e4den ulottuvilla. Ihanteellinen toimistoon, odotushuoneeseen, urheilukeskukseen, cateringiin jne.","og_url":"https:\/\/animo.eu\/fi\/vedenjaahdyttimet\/","article_publisher":"https:\/\/www.facebook.com\/animobv\/","article_modified_time":"2024-01-14T07:15:58+00:00","og_image":[{"width":1772,"height":1475,"url":"https:\/\/animo.eu\/wp-content\/uploads\/2023\/08\/OptiCool-producten.png","type":"image\/png"}],"twitter_card":"summary_large_image","twitter_site":"@animokoffie","schema":{"@context":"https:\/\/schema.org","@graph":[{"@type":"WebPage","@id":"https:\/\/animo.eu\/fi\/vedenjaahdyttimet\/","url":"https:\/\/animo.eu\/fi\/vedenjaahdyttimet\/","name":"Vedenj\u00e4\u00e4hdyttimet -","isPartOf":{"@id":"https:\/\/animo.eu\/fi\/#website"},"primaryImageOfPage":{"@id":"https:\/\/animo.eu\/fi\/vedenjaahdyttimet\/#primaryimage"},"image":{"@id":"https:\/\/animo.eu\/fi\/vedenjaahdyttimet\/#primaryimage"},"thumbnailUrl":"https:\/\/animo.eu\/wp-content\/uploads\/2023\/08\/OptiCool-producten.png","datePublished":"2023-03-14T12:12:36+00:00","dateModified":"2024-01-14T07:15:58+00:00","description":"Vedenj\u00e4\u00e4hdyttimet - OptiCoolin avulla maailman tunnetuin janojuoma on aina k\u00e4den ulottuvilla. Ihanteellinen toimistoon, odotushuoneeseen, urheilukeskukseen, cateringiin jne.","breadcrumb":{"@id":"https:\/\/animo.eu\/fi\/vedenjaahdyttimet\/#breadcrumb"},"inLanguage":"fi","potentialAction":[{"@type":"ReadAction","target":["https:\/\/animo.eu\/fi\/vedenjaahdyttimet\/"]}]},{"@type":"ImageObject","inLanguage":"fi","@id":"https:\/\/animo.eu\/fi\/vedenjaahdyttimet\/#primaryimage","url":"https:\/\/animo.eu\/wp-content\/uploads\/2023\/08\/OptiCool-producten.png","contentUrl":"https:\/\/animo.eu\/wp-content\/uploads\/2023\/08\/OptiCool-producten.png","width":1772,"height":1475},{"@type":"BreadcrumbList","@id":"https:\/\/animo.eu\/fi\/vedenjaahdyttimet\/#breadcrumb","itemListElement":[{"@type":"ListItem","position":1,"name":"Home","item":"https:\/\/animo.eu\/fi\/"},{"@type":"ListItem","position":2,"name":"Vedenj\u00e4\u00e4hdyttimet"}]},{"@type":"WebSite","@id":"https:\/\/animo.eu\/fi\/#website","url":"https:\/\/animo.eu\/fi\/","name":"","description":"","potentialAction":[{"@type":"SearchAction","target":{"@type":"EntryPoint","urlTemplate":"https:\/\/animo.eu\/fi\/?s={search_term_string}"},"query-input":{"@type":"PropertyValueSpecification","valueRequired":true,"valueName":"search_term_string"}}],"inLanguage":"fi"}]}},"_links":{"self":[{"href":"https:\/\/animo.eu\/fi\/wp-json\/wp\/v2\/pages\/42602"}],"collection":[{"href":"https:\/\/animo.eu\/fi\/wp-json\/wp\/v2\/pages"}],"about":[{"href":"https:\/\/animo.eu\/fi\/wp-json\/wp\/v2\/types\/page"}],"author":[{"embeddable":true,"href":"https:\/\/animo.eu\/fi\/wp-json\/wp\/v2\/users\/1"}],"replies":[{"embeddable":true,"href":"https:\/\/animo.eu\/fi\/wp-json\/wp\/v2\/comments?post=42602"}],"version-history":[{"count":1,"href":"https:\/\/animo.eu\/fi\/wp-json\/wp\/v2\/pages\/42602\/revisions"}],"predecessor-version":[{"id":42603,"href":"https:\/\/animo.eu\/fi\/wp-json\/wp\/v2\/pages\/42602\/revisions\/42603"}],"wp:featuredmedia":[{"embeddable":true,"href":"https:\/\/animo.eu\/fi\/wp-json\/wp\/v2\/media\/14287"}],"wp:attachment":[{"href":"https:\/\/animo.eu\/fi\/wp-json\/wp\/v2\/media?parent=42602"}],"curies":[{"name":"wp","href":"https:\/\/api.w.org\/{rel}","templated":true}]}}