{"id":43616,"date":"2024-01-03T10:14:14","date_gmt":"2024-01-03T09:14:14","guid":{"rendered":"https:\/\/animo.eu\/?page_id=43616"},"modified":"2024-01-17T12:25:47","modified_gmt":"2024-01-17T11:25:47","slug":"tietoja_animosta","status":"publish","type":"page","link":"https:\/\/animo.eu\/fi\/tietoja_animosta\/","title":{"rendered":"Tietoja Animosta"},"content":{"rendered":"\n<section  class=\"pane pane--white \">\n    <div class=\"container\">\n                    <div class=\"row justify-content-center mb-4\">\n                <div class=\"col-12\">\n                    <div class=\"pane__text\">\n                        <h2>Tietoja Animosta<\/h2>\n                    <\/div>\n                <\/div>\n            <\/div>\n        \n                                \n                            <div class=\"row row--equalized g-4 g-lg-3 g-xl-6\">\n                                            <div class=\"col-12 col-md-6 col-lg-3\">\n                            <div class=\"card card--product\">\n                    <div class=\"card__image\">\n                    <img decoding=\"async\" width=\"550\" height=\"550\" src=\"https:\/\/animo.eu\/wp-content\/uploads\/2024\/01\/Animo-over-ons-1-550x550.jpg\" class=\"image wp-post-image\" alt=\"\" loading=\"lazy\" srcset=\"https:\/\/animo.eu\/wp-content\/uploads\/2024\/01\/Animo-over-ons-1-550x550.jpg 550w, https:\/\/animo.eu\/wp-content\/uploads\/2024\/01\/Animo-over-ons-1-300x300.jpg 300w, https:\/\/animo.eu\/wp-content\/uploads\/2024\/01\/Animo-over-ons-1-1024x1024.jpg 1024w, https:\/\/animo.eu\/wp-content\/uploads\/2024\/01\/Animo-over-ons-1-150x150.jpg 150w, https:\/\/animo.eu\/wp-content\/uploads\/2024\/01\/Animo-over-ons-1-768x768.jpg 768w, https:\/\/animo.eu\/wp-content\/uploads\/2024\/01\/Animo-over-ons-1-1536x1536.jpg 1536w, https:\/\/animo.eu\/wp-content\/uploads\/2024\/01\/Animo-over-ons-1-70x70.jpg 70w, https:\/\/animo.eu\/wp-content\/uploads\/2024\/01\/Animo-over-ons-1-800x800.jpg 800w, https:\/\/animo.eu\/wp-content\/uploads\/2024\/01\/Animo-over-ons-1-100x100.jpg 100w, https:\/\/animo.eu\/wp-content\/uploads\/2024\/01\/Animo-over-ons-1-1400x1400.jpg 1400w, https:\/\/animo.eu\/wp-content\/uploads\/2024\/01\/Animo-over-ons-1-700x700.jpg 700w, https:\/\/animo.eu\/wp-content\/uploads\/2024\/01\/Animo-over-ons-1-350x350.jpg 350w, https:\/\/animo.eu\/wp-content\/uploads\/2024\/01\/Animo-over-ons-1.jpg 1654w\" sizes=\"(max-width: 550px) 100vw, 550px\" \/>                <\/div>\n    <div class=\"card-body\">\n        <h3 class=\"card-title\">Me olemme Animo<\/h3>\n            <\/div>\n    <div class=\"card-footer\">\n        <span class=\"btn btn-outline-secondary\">\n            <span class=\"btn__text\">Lis\u00e4tietoja<\/span>\n            <svg class=\"icon icon--20 icon--arrow\">\n                <use xlink:href=\"https:\/\/animo.eu\/wp-content\/themes\/animo\/build\/img\/symbols.svg#arrow-right\"><\/use>\n            <\/svg>\n        <\/span>\n    <\/div>\n    <a class=\"stretched-link\" href=\"https:\/\/animo.eu\/fi\/tietoja_animosta\/olemme_animo\/\"><\/a>\n<\/div>\n                        <\/div>\n                                            <div class=\"col-12 col-md-6 col-lg-3\">\n                            <div class=\"card card--product\">\n                    <div class=\"card__image\">\n                    <img decoding=\"async\" width=\"491\" height=\"491\" src=\"https:\/\/animo.eu\/wp-content\/uploads\/2024\/01\/Alle-MVO-images-vierkant.jpg\" class=\"image wp-post-image\" alt=\"\" loading=\"lazy\" srcset=\"https:\/\/animo.eu\/wp-content\/uploads\/2024\/01\/Alle-MVO-images-vierkant.jpg 491w, https:\/\/animo.eu\/wp-content\/uploads\/2024\/01\/Alle-MVO-images-vierkant-300x300.jpg 300w, https:\/\/animo.eu\/wp-content\/uploads\/2024\/01\/Alle-MVO-images-vierkant-150x150.jpg 150w, https:\/\/animo.eu\/wp-content\/uploads\/2024\/01\/Alle-MVO-images-vierkant-70x70.jpg 70w, https:\/\/animo.eu\/wp-content\/uploads\/2024\/01\/Alle-MVO-images-vierkant-100x100.jpg 100w, https:\/\/animo.eu\/wp-content\/uploads\/2024\/01\/Alle-MVO-images-vierkant-350x350.jpg 350w\" sizes=\"(max-width: 491px) 100vw, 491px\" \/>                <\/div>\n    <div class=\"card-body\">\n        <h3 class=\"card-title\">Miksi valita Animo<\/h3>\n            <\/div>\n    <div class=\"card-footer\">\n        <span class=\"btn btn-outline-secondary\">\n            <span class=\"btn__text\">Lis\u00e4tietoja<\/span>\n            <svg class=\"icon icon--20 icon--arrow\">\n                <use xlink:href=\"https:\/\/animo.eu\/wp-content\/themes\/animo\/build\/img\/symbols.svg#arrow-right\"><\/use>\n            <\/svg>\n        <\/span>\n    <\/div>\n    <a class=\"stretched-link\" href=\"https:\/\/animo.eu\/fi\/tietoja_animosta\/miksi-valita-animo\/\"><\/a>\n<\/div>\n                        <\/div>\n                                            <div class=\"col-12 col-md-6 col-lg-3\">\n                            <div class=\"card card--product\">\n                    <div class=\"card__image\">\n                    <img decoding=\"async\" width=\"491\" height=\"491\" src=\"https:\/\/animo.eu\/wp-content\/uploads\/2024\/01\/Alle-MVO-images-vierkant.jpg\" class=\"image wp-post-image\" alt=\"\" loading=\"lazy\" srcset=\"https:\/\/animo.eu\/wp-content\/uploads\/2024\/01\/Alle-MVO-images-vierkant.jpg 491w, https:\/\/animo.eu\/wp-content\/uploads\/2024\/01\/Alle-MVO-images-vierkant-300x300.jpg 300w, https:\/\/animo.eu\/wp-content\/uploads\/2024\/01\/Alle-MVO-images-vierkant-150x150.jpg 150w, https:\/\/animo.eu\/wp-content\/uploads\/2024\/01\/Alle-MVO-images-vierkant-70x70.jpg 70w, https:\/\/animo.eu\/wp-content\/uploads\/2024\/01\/Alle-MVO-images-vierkant-100x100.jpg 100w, https:\/\/animo.eu\/wp-content\/uploads\/2024\/01\/Alle-MVO-images-vierkant-350x350.jpg 350w\" sizes=\"(max-width: 491px) 100vw, 491px\" \/>                <\/div>\n    <div class=\"card-body\">\n        <h3 class=\"card-title\">Edut j\u00e4lleenmyyjille<\/h3>\n            <\/div>\n    <div class=\"card-footer\">\n        <span class=\"btn btn-outline-secondary\">\n            <span class=\"btn__text\">Lis\u00e4tietoja<\/span>\n            <svg class=\"icon icon--20 icon--arrow\">\n                <use xlink:href=\"https:\/\/animo.eu\/wp-content\/themes\/animo\/build\/img\/symbols.svg#arrow-right\"><\/use>\n            <\/svg>\n        <\/span>\n    <\/div>\n    <a class=\"stretched-link\" href=\"https:\/\/animo.eu\/fi\/tietoja_animosta\/edut-jalleenmyyjille\/\"><\/a>\n<\/div>\n                        <\/div>\n                                            <div class=\"col-12 col-md-6 col-lg-3\">\n                            <div class=\"card card--product\">\n                    <div class=\"card__image\">\n                    <img decoding=\"async\" width=\"491\" height=\"491\" src=\"https:\/\/animo.eu\/wp-content\/uploads\/2024\/03\/Misie-en-visie-vierkant.jpg\" class=\"image wp-post-image\" alt=\"\" loading=\"lazy\" srcset=\"https:\/\/animo.eu\/wp-content\/uploads\/2024\/03\/Misie-en-visie-vierkant.jpg 491w, https:\/\/animo.eu\/wp-content\/uploads\/2024\/03\/Misie-en-visie-vierkant-300x300.jpg 300w, https:\/\/animo.eu\/wp-content\/uploads\/2024\/03\/Misie-en-visie-vierkant-150x150.jpg 150w, https:\/\/animo.eu\/wp-content\/uploads\/2024\/03\/Misie-en-visie-vierkant-70x70.jpg 70w, https:\/\/animo.eu\/wp-content\/uploads\/2024\/03\/Misie-en-visie-vierkant-100x100.jpg 100w, https:\/\/animo.eu\/wp-content\/uploads\/2024\/03\/Misie-en-visie-vierkant-350x350.jpg 350w\" sizes=\"(max-width: 491px) 100vw, 491px\" \/>                <\/div>\n    <div class=\"card-body\">\n        <h3 class=\"card-title\">Missio, visio ja perusarvot<\/h3>\n            <\/div>\n    <div class=\"card-footer\">\n        <span class=\"btn btn-outline-secondary\">\n            <span class=\"btn__text\">Lis\u00e4tietoja<\/span>\n            <svg class=\"icon icon--20 icon--arrow\">\n                <use xlink:href=\"https:\/\/animo.eu\/wp-content\/themes\/animo\/build\/img\/symbols.svg#arrow-right\"><\/use>\n            <\/svg>\n        <\/span>\n    <\/div>\n    <a class=\"stretched-link\" href=\"https:\/\/animo.eu\/fi\/tietoja_animosta\/missio-visio-ja-perusarvot\/\"><\/a>\n<\/div>\n                        <\/div>\n                                            <div class=\"col-12 col-md-6 col-lg-3\">\n                            <div class=\"card card--product\">\n                    <div class=\"card__image\">\n                    <img decoding=\"async\" width=\"491\" height=\"491\" src=\"https:\/\/animo.eu\/wp-content\/uploads\/2024\/01\/Sustainable-globe.jpg\" class=\"image wp-post-image\" alt=\"\" loading=\"lazy\" srcset=\"https:\/\/animo.eu\/wp-content\/uploads\/2024\/01\/Sustainable-globe.jpg 491w, https:\/\/animo.eu\/wp-content\/uploads\/2024\/01\/Sustainable-globe-300x300.jpg 300w, https:\/\/animo.eu\/wp-content\/uploads\/2024\/01\/Sustainable-globe-150x150.jpg 150w, https:\/\/animo.eu\/wp-content\/uploads\/2024\/01\/Sustainable-globe-70x70.jpg 70w, https:\/\/animo.eu\/wp-content\/uploads\/2024\/01\/Sustainable-globe-100x100.jpg 100w, https:\/\/animo.eu\/wp-content\/uploads\/2024\/01\/Sustainable-globe-350x350.jpg 350w\" sizes=\"(max-width: 491px) 100vw, 491px\" \/>                <\/div>\n    <div class=\"card-body\">\n        <h3 class=\"card-title\">CSR<\/h3>\n            <\/div>\n    <div class=\"card-footer\">\n        <span class=\"btn btn-outline-secondary\">\n            <span class=\"btn__text\">Lis\u00e4tietoja<\/span>\n            <svg class=\"icon icon--20 icon--arrow\">\n                <use xlink:href=\"https:\/\/animo.eu\/wp-content\/themes\/animo\/build\/img\/symbols.svg#arrow-right\"><\/use>\n            <\/svg>\n        <\/span>\n    <\/div>\n    <a class=\"stretched-link\" href=\"https:\/\/animo.eu\/fi\/tietoja_animosta\/csr\/\"><\/a>\n<\/div>\n                        <\/div>\n                                            <div class=\"col-12 col-md-6 col-lg-3\">\n                            <div class=\"card card--product\">\n                    <div class=\"card__image\">\n                    <img decoding=\"async\" width=\"491\" height=\"491\" src=\"https:\/\/animo.eu\/wp-content\/uploads\/2024\/01\/Lease-vierkant.jpg\" class=\"image wp-post-image\" alt=\"\" loading=\"lazy\" srcset=\"https:\/\/animo.eu\/wp-content\/uploads\/2024\/01\/Lease-vierkant.jpg 491w, https:\/\/animo.eu\/wp-content\/uploads\/2024\/01\/Lease-vierkant-300x300.jpg 300w, https:\/\/animo.eu\/wp-content\/uploads\/2024\/01\/Lease-vierkant-150x150.jpg 150w, https:\/\/animo.eu\/wp-content\/uploads\/2024\/01\/Lease-vierkant-70x70.jpg 70w, https:\/\/animo.eu\/wp-content\/uploads\/2024\/01\/Lease-vierkant-100x100.jpg 100w, https:\/\/animo.eu\/wp-content\/uploads\/2024\/01\/Lease-vierkant-350x350.jpg 350w\" sizes=\"(max-width: 491px) 100vw, 491px\" \/>                <\/div>\n    <div class=\"card-body\">\n        <h3 class=\"card-title\">Tarjoukset<\/h3>\n            <\/div>\n    <div class=\"card-footer\">\n        <span class=\"btn btn-outline-secondary\">\n            <span class=\"btn__text\">Lis\u00e4tietoja<\/span>\n            <svg class=\"icon icon--20 icon--arrow\">\n                <use xlink:href=\"https:\/\/animo.eu\/wp-content\/themes\/animo\/build\/img\/symbols.svg#arrow-right\"><\/use>\n            <\/svg>\n        <\/span>\n    <\/div>\n    <a class=\"stretched-link\" href=\"https:\/\/animo.eu\/fi\/tietoja_animosta\/tarjoukset\/\"><\/a>\n<\/div>\n                        <\/div>\n                                            <div class=\"col-12 col-md-6 col-lg-3\">\n                            <div class=\"card card--product\">\n                    <div class=\"card__image\">\n                    <img decoding=\"async\" width=\"491\" height=\"491\" src=\"https:\/\/animo.eu\/wp-content\/uploads\/2024\/01\/Adressen.jpg\" class=\"image wp-post-image\" alt=\"\" loading=\"lazy\" srcset=\"https:\/\/animo.eu\/wp-content\/uploads\/2024\/01\/Adressen.jpg 491w, https:\/\/animo.eu\/wp-content\/uploads\/2024\/01\/Adressen-300x300.jpg 300w, https:\/\/animo.eu\/wp-content\/uploads\/2024\/01\/Adressen-150x150.jpg 150w, https:\/\/animo.eu\/wp-content\/uploads\/2024\/01\/Adressen-70x70.jpg 70w, https:\/\/animo.eu\/wp-content\/uploads\/2024\/01\/Adressen-100x100.jpg 100w, https:\/\/animo.eu\/wp-content\/uploads\/2024\/01\/Adressen-350x350.jpg 350w\" sizes=\"(max-width: 491px) 100vw, 491px\" \/>                <\/div>\n    <div class=\"card-body\">\n        <h3 class=\"card-title\">Myyntiosoitteet<\/h3>\n            <\/div>\n    <div class=\"card-footer\">\n        <span class=\"btn btn-outline-secondary\">\n            <span class=\"btn__text\">Lis\u00e4tietoja<\/span>\n            <svg class=\"icon icon--20 icon--arrow\">\n                <use xlink:href=\"https:\/\/animo.eu\/wp-content\/themes\/animo\/build\/img\/symbols.svg#arrow-right\"><\/use>\n            <\/svg>\n        <\/span>\n    <\/div>\n    <a class=\"stretched-link\" href=\"https:\/\/animo.eu\/fi\/tietoja_animosta\/myyntiosoitteet\/\"><\/a>\n<\/div>\n                        <\/div>\n                                            <div class=\"col-12 col-md-6 col-lg-3\">\n                            <div class=\"card card--product\">\n                    <div class=\"card__image\">\n                    <img decoding=\"async\" width=\"491\" height=\"491\" src=\"https:\/\/animo.eu\/wp-content\/uploads\/2024\/01\/OBX-twee-kopjes.jpg\" class=\"image wp-post-image\" alt=\"\" loading=\"lazy\" srcset=\"https:\/\/animo.eu\/wp-content\/uploads\/2024\/01\/OBX-twee-kopjes.jpg 491w, https:\/\/animo.eu\/wp-content\/uploads\/2024\/01\/OBX-twee-kopjes-300x300.jpg 300w, https:\/\/animo.eu\/wp-content\/uploads\/2024\/01\/OBX-twee-kopjes-150x150.jpg 150w, https:\/\/animo.eu\/wp-content\/uploads\/2024\/01\/OBX-twee-kopjes-70x70.jpg 70w, https:\/\/animo.eu\/wp-content\/uploads\/2024\/01\/OBX-twee-kopjes-100x100.jpg 100w, https:\/\/animo.eu\/wp-content\/uploads\/2024\/01\/OBX-twee-kopjes-350x350.jpg 350w\" sizes=\"(max-width: 491px) 100vw, 491px\" \/>                <\/div>\n    <div class=\"card-body\">\n        <h3 class=\"card-title\">Koesijoittelu<\/h3>\n            <\/div>\n    <div class=\"card-footer\">\n        <span class=\"btn btn-outline-secondary\">\n            <span class=\"btn__text\">Lis\u00e4tietoja<\/span>\n            <svg class=\"icon icon--20 icon--arrow\">\n                <use xlink:href=\"https:\/\/animo.eu\/wp-content\/themes\/animo\/build\/img\/symbols.svg#arrow-right\"><\/use>\n            <\/svg>\n        <\/span>\n    <\/div>\n    <a class=\"stretched-link\" href=\"https:\/\/animo.eu\/fi\/tietoja_animosta\/koesijoittelu\/\"><\/a>\n<\/div>\n                        <\/div>\n                                            <div class=\"col-12 col-md-6 col-lg-3\">\n                            <div class=\"card card--product\">\n                    <div class=\"card__image\">\n                    <img decoding=\"async\" width=\"491\" height=\"491\" src=\"https:\/\/animo.eu\/wp-content\/uploads\/2024\/01\/OptiBean-sfeer.jpg\" class=\"image wp-post-image\" alt=\"\" loading=\"lazy\" srcset=\"https:\/\/animo.eu\/wp-content\/uploads\/2024\/01\/OptiBean-sfeer.jpg 491w, https:\/\/animo.eu\/wp-content\/uploads\/2024\/01\/OptiBean-sfeer-300x300.jpg 300w, https:\/\/animo.eu\/wp-content\/uploads\/2024\/01\/OptiBean-sfeer-150x150.jpg 150w, https:\/\/animo.eu\/wp-content\/uploads\/2024\/01\/OptiBean-sfeer-70x70.jpg 70w, https:\/\/animo.eu\/wp-content\/uploads\/2024\/01\/OptiBean-sfeer-100x100.jpg 100w, https:\/\/animo.eu\/wp-content\/uploads\/2024\/01\/OptiBean-sfeer-350x350.jpg 350w\" sizes=\"(max-width: 491px) 100vw, 491px\" \/>                <\/div>\n    <div class=\"card-body\">\n        <h3 class=\"card-title\">Kahvinkeittimien leasing<\/h3>\n            <\/div>\n    <div class=\"card-footer\">\n        <span class=\"btn btn-outline-secondary\">\n            <span class=\"btn__text\">Lis\u00e4tietoja<\/span>\n            <svg class=\"icon icon--20 icon--arrow\">\n                <use xlink:href=\"https:\/\/animo.eu\/wp-content\/themes\/animo\/build\/img\/symbols.svg#arrow-right\"><\/use>\n            <\/svg>\n        <\/span>\n    <\/div>\n    <a class=\"stretched-link\" href=\"https:\/\/animo.eu\/fi\/tietoja_animosta\/kahvinkeittimien_leasing\/\"><\/a>\n<\/div>\n                        <\/div>\n                                    <\/div>\n                                         <\/div>\n<\/section>\n\n<section  class=\"pane pane--white \">\n    <div class=\"container\">\n        <div class=\"row g-4 g-lg-8 g-xl-15 g-xxl-20 align-items-center flex-lg-row-reverse\">\n                            <div class=\"col-12 col-lg-6\">\n                    <div class=\"pane__text\">\n                        <h2>Yhdest\u00e4 kuppikunnasta kannullinen makua<\/h2>\n<p>Kun ihmiset kokoontuvat yhteen, ensimm\u00e4inen kysymys on: haluaako kukaan kahvia? Monet ihmiset eiv\u00e4t ymm\u00e4rr\u00e4 sit\u00e4, mutta kupillinen kahvia voi tehd\u00e4 p\u00e4iv\u00e4st\u00e4 rikkaan tai rikkoa sen. Me Animolla sanomme aina, ett\u00e4 t\u00e4ydellinen kahvi alkaa t\u00e4ydellisest\u00e4 kahvinkeittimest\u00e4. Ja meid\u00e4n pit\u00e4isi tiet\u00e4\u00e4, sill\u00e4 olemme valmistaneet korkealaatuisia kahvilaitteita vuodesta 1950 l\u00e4htien. K\u00e4yt\u00e4mme korkealaatuisia materiaaleja ja puhdasta tuotantoprosessia rakentaaksemme energiatehokkaita koneita, joiden suorituskyky on kest\u00e4v\u00e4 ja maku erinomainen. P\u00e4\u00e4, p\u00e4\u00e4n j\u00e4lkeen, p\u00e4\u00e4n j\u00e4lkeen.<\/p>\n                                                \n                    <\/div>\n                <\/div>\n                                <\/div>\n    <\/div>\n<\/section>\n","protected":false},"excerpt":{"rendered":"","protected":false},"author":21,"featured_media":43859,"parent":0,"menu_order":51,"comment_status":"closed","ping_status":"closed","template":"","meta":{"_acf_changed":false,"footnotes":""},"class_list":["post-43616","page","type-page","status-publish","has-post-thumbnail","hentry"],"acf":[],"yoast_head":"<!-- This site is optimized with the Yoast SEO plugin v25.5 - https:\/\/yoast.com\/wordpress\/plugins\/seo\/ -->\n<title>Tietoja Animosta -<\/title>\n<meta name=\"description\" content=\"Tietoja Animosta - Valmistamme korkealaatuisia kahvinkeitinj\u00e4rjestelmi\u00e4 ja -koneita ihmisille, jotka haluavat tarjota hyv\u00e4\u00e4 kahvia.\" \/>\n<meta name=\"robots\" content=\"index, follow, max-snippet:-1, max-image-preview:large, max-video-preview:-1\" \/>\n<link rel=\"canonical\" href=\"https:\/\/animo.eu\/fi\/tietoja_animosta\/\" \/>\n<meta property=\"og:locale\" content=\"fi_FI\" \/>\n<meta property=\"og:type\" content=\"article\" \/>\n<meta property=\"og:title\" content=\"Tietoja Animosta -\" \/>\n<meta property=\"og:description\" content=\"Tietoja Animosta - Valmistamme korkealaatuisia kahvinkeitinj\u00e4rjestelmi\u00e4 ja -koneita ihmisille, jotka haluavat tarjota hyv\u00e4\u00e4 kahvia.\" \/>\n<meta property=\"og:url\" content=\"https:\/\/animo.eu\/fi\/tietoja_animosta\/\" \/>\n<meta property=\"article:publisher\" content=\"https:\/\/www.facebook.com\/animobv\/\" \/>\n<meta property=\"article:modified_time\" content=\"2024-01-17T11:25:47+00:00\" \/>\n<meta property=\"og:image\" content=\"https:\/\/animo.eu\/wp-content\/uploads\/2024\/01\/Animo-over-ons.jpg\" \/>\n\t<meta property=\"og:image:width\" content=\"1654\" \/>\n\t<meta property=\"og:image:height\" content=\"1654\" \/>\n\t<meta property=\"og:image:type\" content=\"image\/jpeg\" \/>\n<meta name=\"twitter:card\" content=\"summary_large_image\" \/>\n<meta name=\"twitter:site\" content=\"@animokoffie\" \/>\n<meta name=\"twitter:label1\" content=\"Arvioitu lukuaika\" \/>\n\t<meta name=\"twitter:data1\" content=\"1 minuutti\" \/>\n<script type=\"application\/ld+json\" class=\"yoast-schema-graph\">{\"@context\":\"https:\/\/schema.org\",\"@graph\":[{\"@type\":\"WebPage\",\"@id\":\"https:\/\/animo.eu\/fi\/tietoja_animosta\/\",\"url\":\"https:\/\/animo.eu\/fi\/tietoja_animosta\/\",\"name\":\"Tietoja Animosta -\",\"isPartOf\":{\"@id\":\"https:\/\/animo.eu\/fi\/#website\"},\"primaryImageOfPage\":{\"@id\":\"https:\/\/animo.eu\/fi\/tietoja_animosta\/#primaryimage\"},\"image\":{\"@id\":\"https:\/\/animo.eu\/fi\/tietoja_animosta\/#primaryimage\"},\"thumbnailUrl\":\"https:\/\/animo.eu\/wp-content\/uploads\/2024\/01\/Animo-over-ons.jpg\",\"datePublished\":\"2024-01-03T09:14:14+00:00\",\"dateModified\":\"2024-01-17T11:25:47+00:00\",\"description\":\"Tietoja Animosta - Valmistamme korkealaatuisia kahvinkeitinj\u00e4rjestelmi\u00e4 ja -koneita ihmisille, jotka haluavat tarjota hyv\u00e4\u00e4 kahvia.\",\"breadcrumb\":{\"@id\":\"https:\/\/animo.eu\/fi\/tietoja_animosta\/#breadcrumb\"},\"inLanguage\":\"fi\",\"potentialAction\":[{\"@type\":\"ReadAction\",\"target\":[\"https:\/\/animo.eu\/fi\/tietoja_animosta\/\"]}]},{\"@type\":\"ImageObject\",\"inLanguage\":\"fi\",\"@id\":\"https:\/\/animo.eu\/fi\/tietoja_animosta\/#primaryimage\",\"url\":\"https:\/\/animo.eu\/wp-content\/uploads\/2024\/01\/Animo-over-ons.jpg\",\"contentUrl\":\"https:\/\/animo.eu\/wp-content\/uploads\/2024\/01\/Animo-over-ons.jpg\",\"width\":1654,\"height\":1654},{\"@type\":\"BreadcrumbList\",\"@id\":\"https:\/\/animo.eu\/fi\/tietoja_animosta\/#breadcrumb\",\"itemListElement\":[{\"@type\":\"ListItem\",\"position\":1,\"name\":\"Home\",\"item\":\"https:\/\/animo.eu\/fi\/\"},{\"@type\":\"ListItem\",\"position\":2,\"name\":\"Tietoja Animosta\"}]},{\"@type\":\"WebSite\",\"@id\":\"https:\/\/animo.eu\/fi\/#website\",\"url\":\"https:\/\/animo.eu\/fi\/\",\"name\":\"\",\"description\":\"\",\"potentialAction\":[{\"@type\":\"SearchAction\",\"target\":{\"@type\":\"EntryPoint\",\"urlTemplate\":\"https:\/\/animo.eu\/fi\/?s={search_term_string}\"},\"query-input\":{\"@type\":\"PropertyValueSpecification\",\"valueRequired\":true,\"valueName\":\"search_term_string\"}}],\"inLanguage\":\"fi\"}]}<\/script>\n<!-- \/ Yoast SEO plugin. -->","yoast_head_json":{"title":"Tietoja Animosta -","description":"Tietoja Animosta - Valmistamme korkealaatuisia kahvinkeitinj\u00e4rjestelmi\u00e4 ja -koneita ihmisille, jotka haluavat tarjota hyv\u00e4\u00e4 kahvia.","robots":{"index":"index","follow":"follow","max-snippet":"max-snippet:-1","max-image-preview":"max-image-preview:large","max-video-preview":"max-video-preview:-1"},"canonical":"https:\/\/animo.eu\/fi\/tietoja_animosta\/","og_locale":"fi_FI","og_type":"article","og_title":"Tietoja Animosta -","og_description":"Tietoja Animosta - Valmistamme korkealaatuisia kahvinkeitinj\u00e4rjestelmi\u00e4 ja -koneita ihmisille, jotka haluavat tarjota hyv\u00e4\u00e4 kahvia.","og_url":"https:\/\/animo.eu\/fi\/tietoja_animosta\/","article_publisher":"https:\/\/www.facebook.com\/animobv\/","article_modified_time":"2024-01-17T11:25:47+00:00","og_image":[{"width":1654,"height":1654,"url":"https:\/\/animo.eu\/wp-content\/uploads\/2024\/01\/Animo-over-ons.jpg","type":"image\/jpeg"}],"twitter_card":"summary_large_image","twitter_site":"@animokoffie","twitter_misc":{"Arvioitu lukuaika":"1 minuutti"},"schema":{"@context":"https:\/\/schema.org","@graph":[{"@type":"WebPage","@id":"https:\/\/animo.eu\/fi\/tietoja_animosta\/","url":"https:\/\/animo.eu\/fi\/tietoja_animosta\/","name":"Tietoja Animosta -","isPartOf":{"@id":"https:\/\/animo.eu\/fi\/#website"},"primaryImageOfPage":{"@id":"https:\/\/animo.eu\/fi\/tietoja_animosta\/#primaryimage"},"image":{"@id":"https:\/\/animo.eu\/fi\/tietoja_animosta\/#primaryimage"},"thumbnailUrl":"https:\/\/animo.eu\/wp-content\/uploads\/2024\/01\/Animo-over-ons.jpg","datePublished":"2024-01-03T09:14:14+00:00","dateModified":"2024-01-17T11:25:47+00:00","description":"Tietoja Animosta - Valmistamme korkealaatuisia kahvinkeitinj\u00e4rjestelmi\u00e4 ja -koneita ihmisille, jotka haluavat tarjota hyv\u00e4\u00e4 kahvia.","breadcrumb":{"@id":"https:\/\/animo.eu\/fi\/tietoja_animosta\/#breadcrumb"},"inLanguage":"fi","potentialAction":[{"@type":"ReadAction","target":["https:\/\/animo.eu\/fi\/tietoja_animosta\/"]}]},{"@type":"ImageObject","inLanguage":"fi","@id":"https:\/\/animo.eu\/fi\/tietoja_animosta\/#primaryimage","url":"https:\/\/animo.eu\/wp-content\/uploads\/2024\/01\/Animo-over-ons.jpg","contentUrl":"https:\/\/animo.eu\/wp-content\/uploads\/2024\/01\/Animo-over-ons.jpg","width":1654,"height":1654},{"@type":"BreadcrumbList","@id":"https:\/\/animo.eu\/fi\/tietoja_animosta\/#breadcrumb","itemListElement":[{"@type":"ListItem","position":1,"name":"Home","item":"https:\/\/animo.eu\/fi\/"},{"@type":"ListItem","position":2,"name":"Tietoja Animosta"}]},{"@type":"WebSite","@id":"https:\/\/animo.eu\/fi\/#website","url":"https:\/\/animo.eu\/fi\/","name":"","description":"","potentialAction":[{"@type":"SearchAction","target":{"@type":"EntryPoint","urlTemplate":"https:\/\/animo.eu\/fi\/?s={search_term_string}"},"query-input":{"@type":"PropertyValueSpecification","valueRequired":true,"valueName":"search_term_string"}}],"inLanguage":"fi"}]}},"_links":{"self":[{"href":"https:\/\/animo.eu\/fi\/wp-json\/wp\/v2\/pages\/43616"}],"collection":[{"href":"https:\/\/animo.eu\/fi\/wp-json\/wp\/v2\/pages"}],"about":[{"href":"https:\/\/animo.eu\/fi\/wp-json\/wp\/v2\/types\/page"}],"author":[{"embeddable":true,"href":"https:\/\/animo.eu\/fi\/wp-json\/wp\/v2\/users\/21"}],"replies":[{"embeddable":true,"href":"https:\/\/animo.eu\/fi\/wp-json\/wp\/v2\/comments?post=43616"}],"version-history":[{"count":3,"href":"https:\/\/animo.eu\/fi\/wp-json\/wp\/v2\/pages\/43616\/revisions"}],"predecessor-version":[{"id":44824,"href":"https:\/\/animo.eu\/fi\/wp-json\/wp\/v2\/pages\/43616\/revisions\/44824"}],"wp:featuredmedia":[{"embeddable":true,"href":"https:\/\/animo.eu\/fi\/wp-json\/wp\/v2\/media\/43859"}],"wp:attachment":[{"href":"https:\/\/animo.eu\/fi\/wp-json\/wp\/v2\/media?parent=43616"}],"curies":[{"name":"wp","href":"https:\/\/api.w.org\/{rel}","templated":true}]}}