{"id":43653,"date":"2024-01-03T10:28:51","date_gmt":"2024-01-03T09:28:51","guid":{"rendered":"https:\/\/animo.eu\/?page_id=43653"},"modified":"2024-10-28T09:12:27","modified_gmt":"2024-10-28T08:12:27","slug":"csr","status":"publish","type":"page","link":"https:\/\/animo.eu\/fi\/tietoja_animosta\/csr\/","title":{"rendered":"CSR"},"content":{"rendered":"\n<section class=\"hero\">\n    <div class=\"hero__background\">\n                                    <img fetchpriority=\"high\" decoding=\"async\" width=\"750\" height=\"450\" src=\"https:\/\/animo.eu\/wp-content\/uploads\/2024\/01\/Images_hand-milieu.jpg\" class=\"hero__image img-fluid\" alt=\"\" loading=\"eager\" srcset=\"https:\/\/animo.eu\/wp-content\/uploads\/2024\/01\/Images_hand-milieu.jpg 750w, https:\/\/animo.eu\/wp-content\/uploads\/2024\/01\/Images_hand-milieu-300x180.jpg 300w, https:\/\/animo.eu\/wp-content\/uploads\/2024\/01\/Images_hand-milieu-70x42.jpg 70w, https:\/\/animo.eu\/wp-content\/uploads\/2024\/01\/Images_hand-milieu-550x330.jpg 550w, https:\/\/animo.eu\/wp-content\/uploads\/2024\/01\/Images_hand-milieu-167x100.jpg 167w, https:\/\/animo.eu\/wp-content\/uploads\/2024\/01\/Images_hand-milieu-150x90.jpg 150w\" sizes=\"(max-width: 750px) 100vw, 750px\" \/>                                <\/div>    \n            <div class=\"hero__content\">\n            <div class=\"container\">\n                <div class=\"row\">                    <div class=\"col-12 col-lg-9 col-xl-8\">                        <div class=\"hero__text \">\n                            <h1>Kest\u00e4v\u00e4 ja vastuullinen valinta<\/h1>\n                        <\/div>\n                                                \n                    <\/div>\n                <\/div>\n            <\/div>\n        <\/div>\n        <div class=\"hero__scroll\">\n        <span>Scroll<\/span>\n        <svg class=\"icon icon--20 text-secondary\">\n            <use xlink:href=\"https:\/\/animo.eu\/wp-content\/themes\/animo\/build\/img\/symbols.svg#arrow-down\"><\/use>\n        <\/svg>      \n    <\/div>\n<\/section>\n\n\n\n<section class=\"pane pane--white pane--anchors\">\n    <ul class=\"list justify-content-center d-none d-lg-flex\">\n                                    <li class=\"list__item mx-6 mx-xl-8 mx-xxl-10\">\n                    <a class=\"text-decoration-none text-secondary\" href=\"#kest\u00e4v\u00e4 yritt\u00e4jyys\">Kest\u00e4v\u00e4 liiketoiminta<\/a>\n                <\/li>\n                            <li class=\"list__item mx-6 mx-xl-8 mx-xxl-10\">\n                    <a class=\"text-decoration-none text-secondary\" href=\"#tulevaisuudesta huolehtiminen\">Tulevaisuudesta huolehtiminen<\/a>\n                <\/li>\n                            <li class=\"list__item mx-6 mx-xl-8 mx-xxl-10\">\n                    <a class=\"text-decoration-none text-secondary\" href=\"#Alzheimer Alankomaat\">Alzheimer Alankomaat<\/a>\n                <\/li>\n                            <li class=\"list__item mx-6 mx-xl-8 mx-xxl-10\">\n                    <a class=\"text-decoration-none text-secondary\" href=\"#Ronald McDonald Children's Fund\">Ronald McDonald Children&#8217;s Fund<\/a>\n                <\/li>\n                            <li class=\"list__item mx-6 mx-xl-8 mx-xxl-10\">\n                    <a class=\"text-decoration-none text-secondary\" href=\"#sponsorointi\">Sponsorointi<\/a>\n                <\/li>\n                        <\/ul>\n<\/section>\n\n\n\n<section  class=\"pane pane--white \">\n    <div class=\"container\">\n        <div class=\"row g-4 g-lg-8 g-xl-15 justify-content-center\">\n                                                <div class=\"col-12 col-lg-8\">\n                        <div class=\"pane__text\">\n                            <h2>Perustamisestaan l\u00e4htien Animo on k\u00e4ytt\u00e4nyt korkealaatuista ruostumatonta ter\u00e4st\u00e4, joka ei ole vain tuhoutumaton, vaan my\u00f6s raaka-aine, joka on 100-prosenttisesti kierr\u00e4tett\u00e4viss\u00e4.<\/h2>\n                                                    <\/div>\n                    <\/div>\n                                    <\/div>\n    <\/div>\n<\/section>\n\n\n\n<section id=\"kest\u00e4v\u00e4 yritt\u00e4jyys\" class=\"pane pane--tertiary anchor\">\n    <div class=\"container\">\n        <div class=\"row g-4 g-lg-8 g-xl-15 g-xxl-20 align-items-center \">\n                            <div class=\"col-12 col-lg-6\">\n                    <div class=\"pane__text\">\n                        <h2 class=\"paragraph-title\">Kest\u00e4v\u00e4 liiketoiminta<\/h2>\n<p>Animo on tietoinen kest\u00e4v\u00e4n liiketoiminnan yleisest\u00e4 merkityksest\u00e4 ja haluaa edist\u00e4\u00e4 yritysten yhteiskuntavastuuta arvoketjussa. Kest\u00e4vien voittojen ja jatkuvuuden tavoittelu on t\u00e4ss\u00e4 yhteydess\u00e4 ensiarvoisen t\u00e4rke\u00e4\u00e4 yhdess\u00e4 ymp\u00e4rist\u00f6\u00e4, yhteiskuntaa ja ty\u00f6ntekij\u00f6it\u00e4 koskevan vastuun kanssa.<\/p>\n                                                \n                    <\/div>\n                <\/div>\n                                        <div class=\"col-12 col-lg\">\n                    <figure class=\"figure \">\n                        <img decoding=\"async\" width=\"491\" height=\"491\" src=\"https:\/\/animo.eu\/wp-content\/uploads\/2024\/10\/animo-set01-0192.jpg\" class=\"img-fluid\" alt=\"\" loading=\"lazy\" srcset=\"https:\/\/animo.eu\/wp-content\/uploads\/2024\/10\/animo-set01-0192.jpg 491w, https:\/\/animo.eu\/wp-content\/uploads\/2024\/10\/animo-set01-0192-300x300.jpg 300w, https:\/\/animo.eu\/wp-content\/uploads\/2024\/10\/animo-set01-0192-150x150.jpg 150w, https:\/\/animo.eu\/wp-content\/uploads\/2024\/10\/animo-set01-0192-70x70.jpg 70w, https:\/\/animo.eu\/wp-content\/uploads\/2024\/10\/animo-set01-0192-100x100.jpg 100w, https:\/\/animo.eu\/wp-content\/uploads\/2024\/10\/animo-set01-0192-350x350.jpg 350w\" sizes=\"(max-width: 491px) 100vw, 491px\" \/>                    <\/figure>\n                <\/div>\n                    <\/div>\n    <\/div>\n<\/section>\n\n\n\n<section id=\"tulevaisuudesta huolehtiminen\" class=\"pane pane--white anchor\">\n    <div class=\"container\">\n        <div class=\"row g-4 g-lg-8 g-xl-15 g-xxl-20 align-items-center flex-lg-row-reverse\">\n                            <div class=\"col-12 col-lg-6\">\n                    <div class=\"pane__text\">\n                        <h2 class=\"paragraph-title\">Liiketoiminta tulevaisuutta ajatellen<\/h2>\n<p>Animo on sosiaalisesti sitoutunut yritys. Pohtimalla tietoisesti liiketoimintatapojamme ja tekojemme seurauksia sek\u00e4 keskittym\u00e4ll\u00e4 liiketoimintaamme n\u00e4ihin seikkoihin me Animona edist\u00e4mme maailmaa, jossa my\u00f6s meid\u00e4n j\u00e4lkeisill\u00e4 sukupolvilla on tulevaisuus.<\/p>\n                                                \n                    <\/div>\n                <\/div>\n                                        <div class=\"col-12 col-lg\">\n                    <figure class=\"figure image_reversed\">\n                        <img decoding=\"async\" width=\"491\" height=\"491\" src=\"https:\/\/animo.eu\/wp-content\/uploads\/2024\/01\/Sustainable-globe.jpg\" class=\"img-fluid\" alt=\"\" loading=\"lazy\" srcset=\"https:\/\/animo.eu\/wp-content\/uploads\/2024\/01\/Sustainable-globe.jpg 491w, https:\/\/animo.eu\/wp-content\/uploads\/2024\/01\/Sustainable-globe-300x300.jpg 300w, https:\/\/animo.eu\/wp-content\/uploads\/2024\/01\/Sustainable-globe-150x150.jpg 150w, https:\/\/animo.eu\/wp-content\/uploads\/2024\/01\/Sustainable-globe-70x70.jpg 70w, https:\/\/animo.eu\/wp-content\/uploads\/2024\/01\/Sustainable-globe-100x100.jpg 100w, https:\/\/animo.eu\/wp-content\/uploads\/2024\/01\/Sustainable-globe-350x350.jpg 350w\" sizes=\"(max-width: 491px) 100vw, 491px\" \/>                    <\/figure>\n                <\/div>\n                    <\/div>\n    <\/div>\n<\/section>\n\n\n\n<section id=\"Alzheimer Alankomaat\" class=\"pane pane--tertiary anchor\">\n    <div class=\"container\">\n        <div class=\"row g-4 g-lg-8 g-xl-15 g-xxl-20 align-items-center \">\n                            <div class=\"col-12 col-lg-6\">\n                    <div class=\"pane__text\">\n                        <h2 class=\"paragraph-title\">Animo toiminnassa Alzheimerin taudin hyv\u00e4ksi Alankomaat<\/h2>\n<p>Dementian nopealla lis\u00e4\u00e4ntymisell\u00e4 on suuri vaikutus terveemp\u00e4\u00e4n ik\u00e4\u00e4ntymiseen ja siten arvokkaan tulevaisuuden saavuttamiseen. Animo haluaa osaltaan edist\u00e4\u00e4 Alzheimer&#8217;s Netherlandsin unelmaa dementian ehk\u00e4isemisest\u00e4 tai parantamisesta. Se vaatii paljon tutkimusta. T\u00e4m\u00e4n rahoittamiseksi Animo tukee Alzheimer&#8217;s Netherlands -j\u00e4rjest\u00f6\u00e4.<\/p>\n                                                \n                    <\/div>\n                <\/div>\n                                        <div class=\"col-12 col-lg\">\n                    <figure class=\"figure \">\n                        <img decoding=\"async\" width=\"491\" height=\"491\" src=\"https:\/\/animo.eu\/wp-content\/uploads\/2024\/01\/Ouderen-2.jpg\" class=\"img-fluid\" alt=\"\" loading=\"lazy\" srcset=\"https:\/\/animo.eu\/wp-content\/uploads\/2024\/01\/Ouderen-2.jpg 491w, https:\/\/animo.eu\/wp-content\/uploads\/2024\/01\/Ouderen-2-300x300.jpg 300w, https:\/\/animo.eu\/wp-content\/uploads\/2024\/01\/Ouderen-2-150x150.jpg 150w, https:\/\/animo.eu\/wp-content\/uploads\/2024\/01\/Ouderen-2-70x70.jpg 70w, https:\/\/animo.eu\/wp-content\/uploads\/2024\/01\/Ouderen-2-100x100.jpg 100w, https:\/\/animo.eu\/wp-content\/uploads\/2024\/01\/Ouderen-2-350x350.jpg 350w\" sizes=\"(max-width: 491px) 100vw, 491px\" \/>                    <\/figure>\n                <\/div>\n                    <\/div>\n    <\/div>\n<\/section>\n\n\n\n<section id=\"Ronald McDonald Children's Fund\" class=\"pane pane--white anchor\">\n    <div class=\"container\">\n        <div class=\"row g-4 g-lg-8 g-xl-15 g-xxl-20 align-items-center flex-lg-row-reverse\">\n                            <div class=\"col-12 col-lg-6\">\n                    <div class=\"pane__text\">\n                        <h2 class=\"paragraph-title\">500 000 leivisk\u00e4\u00e4 lohtua Ronald McDonald&#8217;s Children&#8217;s Fundissa<\/h2>\n<p>Ronald McDonald -taloissa juodaan vuosittain yli 500 000 kupillista lohtua. Kahvi on t\u00e4rke\u00e4\u00e4 monille hollantilaisille, ja erityisesti silloin, kun he ovat stressaavassa tilanteessa, on t\u00e4rke\u00e4\u00e4, ett\u00e4 voit juoda hyv\u00e4n kupin kahvia milloin tahansa. Animo sponsoroi Ronald McDonald Children&#8217;s Fundia Animon kahvinkeittimill\u00e4.<\/p>\n<p><strong>Perheiden pit\u00e4minen l\u00e4hell\u00e4<\/strong><br \/>\nRonald McDonald Children&#8217;s Fund varmistaa, ett\u00e4 sairaat lapset ja heid\u00e4n perheens\u00e4 ovat l\u00e4hell\u00e4 toisiaan. 12 Ronald McDonald -talossa vanhemmat ja sisarukset asuvat k\u00e4velyet\u00e4isyydell\u00e4 sairaalasta, 12 Ronald McDonald -talohuoneessa perheet voivat rentoutua kodikkaassa ilmapiiriss\u00e4 ja 3 (mukautetussa) loma-asunnossa perheet, joilla on hoitoa tarvitseva lapsi, voivat heng\u00e4ht\u00e4\u00e4 hyvin ansaitulla lomalla. Ronald McDonald&#8217;s Children&#8217;s Fund ei saa avustusta, ja se toimii vapaaehtoisten, sponsoreiden ja lahjoitusten ansiosta. #keepingfamiliesclose<\/p>\n                                                \n                    <\/div>\n                <\/div>\n                                        <div class=\"col-12 col-lg\">\n                    <figure class=\"figure image_reversed\">\n                        <img decoding=\"async\" width=\"775\" height=\"450\" src=\"https:\/\/animo.eu\/wp-content\/uploads\/2024\/01\/Images_RMKF.jpg\" class=\"img-fluid\" alt=\"\" loading=\"lazy\" srcset=\"https:\/\/animo.eu\/wp-content\/uploads\/2024\/01\/Images_RMKF.jpg 775w, https:\/\/animo.eu\/wp-content\/uploads\/2024\/01\/Images_RMKF-300x174.jpg 300w, https:\/\/animo.eu\/wp-content\/uploads\/2024\/01\/Images_RMKF-768x446.jpg 768w, https:\/\/animo.eu\/wp-content\/uploads\/2024\/01\/Images_RMKF-70x41.jpg 70w, https:\/\/animo.eu\/wp-content\/uploads\/2024\/01\/Images_RMKF-550x319.jpg 550w, https:\/\/animo.eu\/wp-content\/uploads\/2024\/01\/Images_RMKF-172x100.jpg 172w, https:\/\/animo.eu\/wp-content\/uploads\/2024\/01\/Images_RMKF-150x87.jpg 150w\" sizes=\"(max-width: 775px) 100vw, 775px\" \/>                    <\/figure>\n                <\/div>\n                    <\/div>\n    <\/div>\n<\/section>\n\n\n\n<section id=\"sponsorointi\" class=\"pane pane--tertiary anchor\">\n    <div class=\"container\">\n        <div class=\"row g-4 g-lg-8 g-xl-15 g-xxl-20 align-items-center \">\n                            <div class=\"col-12 col-lg-6\">\n                    <div class=\"pane__text\">\n                        <h2 class=\"paragraph-title\">Animon sponsorointi tukee terveellisen el\u00e4m\u00e4ntavan merkityst\u00e4<\/h2>\n<p><strong>Fit &amp; Vital<\/strong><br \/>\nAnimo uskoo, ett\u00e4 ty\u00f6tovereiden fyysinen kunto vaikuttaa kaikkiin organisaation osiin. Animossa Fit &amp; Vital -ryhm\u00e4 kannustaa ty\u00f6ntekij\u00f6it\u00e4 liikkumaan. Juoksemme esimerkiksi Animo-joukkueen kanssa juoksutapahtumissa ja osallistumme hyv\u00e4ntekev\u00e4isyyspy\u00f6r\u00e4ilyyn.<\/p>\n<p><strong>Animo Collegerun<\/strong><br \/>\nAnimo sponsoroi koululaisille suunnattua juoksukilpailua, Animo Collegerunia, motivoidakseen nuoria urheilemaan. Lis\u00e4ksi Animo sponsoroi TT Cityrun -juoksutapahtumaa, joka liittyy suoraan kuuluisaan hollantilaiseen TT MotoGP -tapahtumaan Assenissa.<\/p>\n<p><strong>Paikallinen sponsorointi<\/strong><br \/>\nMe Animossa pid\u00e4mme t\u00e4rke\u00e4n\u00e4, ett\u00e4 teemme oman osuutemme. Hyv\u00e4n kahvin lis\u00e4ksi elinvoima on Animolle eritt\u00e4in t\u00e4rke\u00e4\u00e4, ja siksi sponsoroimme paikallisia urheiluseuroja kannustaaksemme urheiluun ja terveelliseen el\u00e4m\u00e4\u00e4n. Urheiluseurojen lis\u00e4ksi Animo on sitoutunut my\u00f6s hyv\u00e4ntekev\u00e4isyyteen.<\/p>\n                                                \n                    <\/div>\n                <\/div>\n                                        <div class=\"col-12 col-lg\">\n                    <figure class=\"figure \">\n                        <img decoding=\"async\" width=\"491\" height=\"491\" src=\"https:\/\/animo.eu\/wp-content\/uploads\/2024\/01\/animo-TTrun-header1.jpg\" class=\"img-fluid\" alt=\"\" loading=\"lazy\" srcset=\"https:\/\/animo.eu\/wp-content\/uploads\/2024\/01\/animo-TTrun-header1.jpg 491w, https:\/\/animo.eu\/wp-content\/uploads\/2024\/01\/animo-TTrun-header1-300x300.jpg 300w, https:\/\/animo.eu\/wp-content\/uploads\/2024\/01\/animo-TTrun-header1-150x150.jpg 150w, https:\/\/animo.eu\/wp-content\/uploads\/2024\/01\/animo-TTrun-header1-70x70.jpg 70w, https:\/\/animo.eu\/wp-content\/uploads\/2024\/01\/animo-TTrun-header1-100x100.jpg 100w, https:\/\/animo.eu\/wp-content\/uploads\/2024\/01\/animo-TTrun-header1-350x350.jpg 350w\" sizes=\"(max-width: 491px) 100vw, 491px\" \/>                    <\/figure>\n                <\/div>\n                    <\/div>\n    <\/div>\n<\/section>\n","protected":false},"excerpt":{"rendered":"","protected":false},"author":21,"featured_media":43777,"parent":43616,"menu_order":28,"comment_status":"closed","ping_status":"closed","template":"","meta":{"_acf_changed":false,"footnotes":""},"class_list":["post-43653","page","type-page","status-publish","has-post-thumbnail","hentry"],"acf":[],"yoast_head":"<!-- This site is optimized with the Yoast SEO plugin v25.5 - https:\/\/yoast.com\/wordpress\/plugins\/seo\/ -->\n<title>CSR -<\/title>\n<meta name=\"description\" content=\"CSR - Animo on tietoinen kest\u00e4v\u00e4n liiketoiminnan yleisest\u00e4 merkityksest\u00e4 ja haluaa edist\u00e4\u00e4 yritysten yhteiskuntavastuuta arvoketjussa.\" \/>\n<meta name=\"robots\" content=\"index, follow, max-snippet:-1, max-image-preview:large, max-video-preview:-1\" \/>\n<link rel=\"canonical\" href=\"https:\/\/animo.eu\/fi\/tietoja_animosta\/csr\/\" \/>\n<meta property=\"og:locale\" content=\"fi_FI\" \/>\n<meta property=\"og:type\" content=\"article\" \/>\n<meta property=\"og:title\" content=\"CSR -\" \/>\n<meta property=\"og:description\" content=\"CSR - Animo on tietoinen kest\u00e4v\u00e4n liiketoiminnan yleisest\u00e4 merkityksest\u00e4 ja haluaa edist\u00e4\u00e4 yritysten yhteiskuntavastuuta arvoketjussa.\" \/>\n<meta property=\"og:url\" content=\"https:\/\/animo.eu\/fi\/tietoja_animosta\/csr\/\" \/>\n<meta property=\"article:publisher\" content=\"https:\/\/www.facebook.com\/animobv\/\" \/>\n<meta property=\"article:modified_time\" content=\"2024-10-28T08:12:27+00:00\" \/>\n<meta property=\"og:image\" content=\"https:\/\/animo.eu\/wp-content\/uploads\/2024\/01\/Sustainable-globe.jpg\" \/>\n\t<meta property=\"og:image:width\" content=\"491\" \/>\n\t<meta property=\"og:image:height\" content=\"491\" \/>\n\t<meta property=\"og:image:type\" content=\"image\/png\" \/>\n<meta name=\"twitter:card\" content=\"summary_large_image\" \/>\n<meta name=\"twitter:site\" content=\"@animokoffie\" \/>\n<meta name=\"twitter:label1\" content=\"Arvioitu lukuaika\" \/>\n\t<meta name=\"twitter:data1\" content=\"1 minuutti\" \/>\n<script type=\"application\/ld+json\" class=\"yoast-schema-graph\">{\"@context\":\"https:\/\/schema.org\",\"@graph\":[{\"@type\":\"WebPage\",\"@id\":\"https:\/\/animo.eu\/fi\/tietoja_animosta\/csr\/\",\"url\":\"https:\/\/animo.eu\/fi\/tietoja_animosta\/csr\/\",\"name\":\"CSR -\",\"isPartOf\":{\"@id\":\"https:\/\/animo.eu\/fi\/#website\"},\"primaryImageOfPage\":{\"@id\":\"https:\/\/animo.eu\/fi\/tietoja_animosta\/csr\/#primaryimage\"},\"image\":{\"@id\":\"https:\/\/animo.eu\/fi\/tietoja_animosta\/csr\/#primaryimage\"},\"thumbnailUrl\":\"https:\/\/animo.eu\/wp-content\/uploads\/2024\/01\/Sustainable-globe.jpg\",\"datePublished\":\"2024-01-03T09:28:51+00:00\",\"dateModified\":\"2024-10-28T08:12:27+00:00\",\"description\":\"CSR - Animo on tietoinen kest\u00e4v\u00e4n liiketoiminnan yleisest\u00e4 merkityksest\u00e4 ja haluaa edist\u00e4\u00e4 yritysten yhteiskuntavastuuta arvoketjussa.\",\"breadcrumb\":{\"@id\":\"https:\/\/animo.eu\/fi\/tietoja_animosta\/csr\/#breadcrumb\"},\"inLanguage\":\"fi\",\"potentialAction\":[{\"@type\":\"ReadAction\",\"target\":[\"https:\/\/animo.eu\/fi\/tietoja_animosta\/csr\/\"]}]},{\"@type\":\"ImageObject\",\"inLanguage\":\"fi\",\"@id\":\"https:\/\/animo.eu\/fi\/tietoja_animosta\/csr\/#primaryimage\",\"url\":\"https:\/\/animo.eu\/wp-content\/uploads\/2024\/01\/Sustainable-globe.jpg\",\"contentUrl\":\"https:\/\/animo.eu\/wp-content\/uploads\/2024\/01\/Sustainable-globe.jpg\",\"width\":491,\"height\":491,\"caption\":\"Crystal globe putting on moss, ESG icon for Environment Social and Governance, World sustainable environment concept.\"},{\"@type\":\"BreadcrumbList\",\"@id\":\"https:\/\/animo.eu\/fi\/tietoja_animosta\/csr\/#breadcrumb\",\"itemListElement\":[{\"@type\":\"ListItem\",\"position\":1,\"name\":\"Home\",\"item\":\"https:\/\/animo.eu\/fi\/\"},{\"@type\":\"ListItem\",\"position\":2,\"name\":\"Tietoja Animosta\",\"item\":\"https:\/\/animo.eu\/fi\/tietoja_animosta\/\"},{\"@type\":\"ListItem\",\"position\":3,\"name\":\"CSR\"}]},{\"@type\":\"WebSite\",\"@id\":\"https:\/\/animo.eu\/fi\/#website\",\"url\":\"https:\/\/animo.eu\/fi\/\",\"name\":\"\",\"description\":\"\",\"potentialAction\":[{\"@type\":\"SearchAction\",\"target\":{\"@type\":\"EntryPoint\",\"urlTemplate\":\"https:\/\/animo.eu\/fi\/?s={search_term_string}\"},\"query-input\":{\"@type\":\"PropertyValueSpecification\",\"valueRequired\":true,\"valueName\":\"search_term_string\"}}],\"inLanguage\":\"fi\"}]}<\/script>\n<!-- \/ Yoast SEO plugin. -->","yoast_head_json":{"title":"CSR -","description":"CSR - Animo on tietoinen kest\u00e4v\u00e4n liiketoiminnan yleisest\u00e4 merkityksest\u00e4 ja haluaa edist\u00e4\u00e4 yritysten yhteiskuntavastuuta arvoketjussa.","robots":{"index":"index","follow":"follow","max-snippet":"max-snippet:-1","max-image-preview":"max-image-preview:large","max-video-preview":"max-video-preview:-1"},"canonical":"https:\/\/animo.eu\/fi\/tietoja_animosta\/csr\/","og_locale":"fi_FI","og_type":"article","og_title":"CSR -","og_description":"CSR - Animo on tietoinen kest\u00e4v\u00e4n liiketoiminnan yleisest\u00e4 merkityksest\u00e4 ja haluaa edist\u00e4\u00e4 yritysten yhteiskuntavastuuta arvoketjussa.","og_url":"https:\/\/animo.eu\/fi\/tietoja_animosta\/csr\/","article_publisher":"https:\/\/www.facebook.com\/animobv\/","article_modified_time":"2024-10-28T08:12:27+00:00","og_image":[{"width":491,"height":491,"url":"https:\/\/animo.eu\/wp-content\/uploads\/2024\/01\/Sustainable-globe.jpg","type":"image\/png"}],"twitter_card":"summary_large_image","twitter_site":"@animokoffie","twitter_misc":{"Arvioitu lukuaika":"1 minuutti"},"schema":{"@context":"https:\/\/schema.org","@graph":[{"@type":"WebPage","@id":"https:\/\/animo.eu\/fi\/tietoja_animosta\/csr\/","url":"https:\/\/animo.eu\/fi\/tietoja_animosta\/csr\/","name":"CSR -","isPartOf":{"@id":"https:\/\/animo.eu\/fi\/#website"},"primaryImageOfPage":{"@id":"https:\/\/animo.eu\/fi\/tietoja_animosta\/csr\/#primaryimage"},"image":{"@id":"https:\/\/animo.eu\/fi\/tietoja_animosta\/csr\/#primaryimage"},"thumbnailUrl":"https:\/\/animo.eu\/wp-content\/uploads\/2024\/01\/Sustainable-globe.jpg","datePublished":"2024-01-03T09:28:51+00:00","dateModified":"2024-10-28T08:12:27+00:00","description":"CSR - Animo on tietoinen kest\u00e4v\u00e4n liiketoiminnan yleisest\u00e4 merkityksest\u00e4 ja haluaa edist\u00e4\u00e4 yritysten yhteiskuntavastuuta arvoketjussa.","breadcrumb":{"@id":"https:\/\/animo.eu\/fi\/tietoja_animosta\/csr\/#breadcrumb"},"inLanguage":"fi","potentialAction":[{"@type":"ReadAction","target":["https:\/\/animo.eu\/fi\/tietoja_animosta\/csr\/"]}]},{"@type":"ImageObject","inLanguage":"fi","@id":"https:\/\/animo.eu\/fi\/tietoja_animosta\/csr\/#primaryimage","url":"https:\/\/animo.eu\/wp-content\/uploads\/2024\/01\/Sustainable-globe.jpg","contentUrl":"https:\/\/animo.eu\/wp-content\/uploads\/2024\/01\/Sustainable-globe.jpg","width":491,"height":491,"caption":"Crystal globe putting on moss, ESG icon for Environment Social and Governance, World sustainable environment concept."},{"@type":"BreadcrumbList","@id":"https:\/\/animo.eu\/fi\/tietoja_animosta\/csr\/#breadcrumb","itemListElement":[{"@type":"ListItem","position":1,"name":"Home","item":"https:\/\/animo.eu\/fi\/"},{"@type":"ListItem","position":2,"name":"Tietoja Animosta","item":"https:\/\/animo.eu\/fi\/tietoja_animosta\/"},{"@type":"ListItem","position":3,"name":"CSR"}]},{"@type":"WebSite","@id":"https:\/\/animo.eu\/fi\/#website","url":"https:\/\/animo.eu\/fi\/","name":"","description":"","potentialAction":[{"@type":"SearchAction","target":{"@type":"EntryPoint","urlTemplate":"https:\/\/animo.eu\/fi\/?s={search_term_string}"},"query-input":{"@type":"PropertyValueSpecification","valueRequired":true,"valueName":"search_term_string"}}],"inLanguage":"fi"}]}},"_links":{"self":[{"href":"https:\/\/animo.eu\/fi\/wp-json\/wp\/v2\/pages\/43653"}],"collection":[{"href":"https:\/\/animo.eu\/fi\/wp-json\/wp\/v2\/pages"}],"about":[{"href":"https:\/\/animo.eu\/fi\/wp-json\/wp\/v2\/types\/page"}],"author":[{"embeddable":true,"href":"https:\/\/animo.eu\/fi\/wp-json\/wp\/v2\/users\/21"}],"replies":[{"embeddable":true,"href":"https:\/\/animo.eu\/fi\/wp-json\/wp\/v2\/comments?post=43653"}],"version-history":[{"count":8,"href":"https:\/\/animo.eu\/fi\/wp-json\/wp\/v2\/pages\/43653\/revisions"}],"predecessor-version":[{"id":74877,"href":"https:\/\/animo.eu\/fi\/wp-json\/wp\/v2\/pages\/43653\/revisions\/74877"}],"up":[{"embeddable":true,"href":"https:\/\/animo.eu\/fi\/wp-json\/wp\/v2\/pages\/43616"}],"wp:featuredmedia":[{"embeddable":true,"href":"https:\/\/animo.eu\/fi\/wp-json\/wp\/v2\/media\/43777"}],"wp:attachment":[{"href":"https:\/\/animo.eu\/fi\/wp-json\/wp\/v2\/media?parent=43653"}],"curies":[{"name":"wp","href":"https:\/\/api.w.org\/{rel}","templated":true}]}}