{"id":44201,"date":"2024-01-04T10:09:18","date_gmt":"2024-01-04T09:09:18","guid":{"rendered":"https:\/\/animo.eu\/?page_id=44201"},"modified":"2024-01-17T12:47:44","modified_gmt":"2024-01-17T11:47:44","slug":"miksi-valita-animo","status":"publish","type":"page","link":"https:\/\/animo.eu\/fi\/tietoja_animosta\/miksi-valita-animo\/","title":{"rendered":"Miksi valita Animo"},"content":{"rendered":"\n<section class=\"hero\">\n    <div class=\"hero__background\">\n                                    <img fetchpriority=\"high\" decoding=\"async\" width=\"2560\" height=\"1707\" src=\"https:\/\/animo.eu\/wp-content\/uploads\/2024\/01\/OptibeanX_627-scaled.jpg\" class=\"hero__image img-fluid\" alt=\"Man in een witte blouse bedient een luxe Animo koffiemachine met een digitaal touchscreen, tegen een donkerblauwe achtergrond. Op het scherm staan verschillende koffiekeuzes. Op de afbeelding staat de tekst: &#039;Een sterke samenwerking, gebouwd op kwaliteit en betrouwbaarheid&#039;\" loading=\"eager\" srcset=\"https:\/\/animo.eu\/wp-content\/uploads\/2024\/01\/OptibeanX_627-scaled.jpg 2560w, https:\/\/animo.eu\/wp-content\/uploads\/2024\/01\/OptibeanX_627-300x200.jpg 300w, https:\/\/animo.eu\/wp-content\/uploads\/2024\/01\/OptibeanX_627-1024x683.jpg 1024w, https:\/\/animo.eu\/wp-content\/uploads\/2024\/01\/OptibeanX_627-768x512.jpg 768w, https:\/\/animo.eu\/wp-content\/uploads\/2024\/01\/OptibeanX_627-1536x1024.jpg 1536w, https:\/\/animo.eu\/wp-content\/uploads\/2024\/01\/OptibeanX_627-2048x1366.jpg 2048w, https:\/\/animo.eu\/wp-content\/uploads\/2024\/01\/OptibeanX_627-70x47.jpg 70w, https:\/\/animo.eu\/wp-content\/uploads\/2024\/01\/OptibeanX_627-550x367.jpg 550w, https:\/\/animo.eu\/wp-content\/uploads\/2024\/01\/OptibeanX_627-800x534.jpg 800w, https:\/\/animo.eu\/wp-content\/uploads\/2024\/01\/OptibeanX_627-150x100.jpg 150w\" sizes=\"(max-width: 2560px) 100vw, 2560px\" \/>                                <\/div>    \n            <div class=\"hero__content\">\n            <div class=\"container\">\n                <div class=\"row\">                    <div class=\"col-12 col-lg-9 col-xl-8\">                        <div class=\"hero__text \">\n                            <h1>Miksi on parasta valita Animo?<\/h1>\n                        <\/div>\n                                                \n                    <\/div>\n                <\/div>\n            <\/div>\n        <\/div>\n        <div class=\"hero__scroll\">\n        <span>Scroll<\/span>\n        <svg class=\"icon icon--20 text-secondary\">\n            <use xlink:href=\"https:\/\/animo.eu\/wp-content\/themes\/animo\/build\/img\/symbols.svg#arrow-down\"><\/use>\n        <\/svg>      \n    <\/div>\n<\/section>\n\n<section  class=\"pane pane--white \">\n    <div class=\"container\">\n        <div class=\"row justify-content-end\">\n            <div class=\"col-12 col-xl-11 offset-xl-1\">\n                <div class=\"row g-4 g-lg-8 g-xl-15 \">\n                                                                <div class=\"col-12 col-lg-7\">\n                            <ul class=\"list list--usp\">\n                                                                    <li class=\"list__item\">\n                                        <div class=\"row g-4\">\n                                            <div class=\"col-auto\">\n                                                <svg class=\"icon icon--10\">\n                                                    <use xlink:href=\"https:\/\/animo.eu\/wp-content\/themes\/animo\/build\/img\/symbols.svg#plus\"><\/use>\n                                                <\/svg>\n                                            <\/div>\n                                            <div class=\"col\">\n                                                <span>Olemme valmistaneet korkealaatuisia kahvilaitteita vuodesta 1950<\/span>\n                                            <\/div>\n                                        <\/div>\n                                    <\/li>\n                                                                    <li class=\"list__item\">\n                                        <div class=\"row g-4\">\n                                            <div class=\"col-auto\">\n                                                <svg class=\"icon icon--10\">\n                                                    <use xlink:href=\"https:\/\/animo.eu\/wp-content\/themes\/animo\/build\/img\/symbols.svg#plus\"><\/use>\n                                                <\/svg>\n                                            <\/div>\n                                            <div class=\"col\">\n                                                <span>Tuotteemme suunnitellaan ja valmistetaan Animon p\u00e4\u00e4konttorissa Assenissa, Alankomaissa.<\/span>\n                                            <\/div>\n                                        <\/div>\n                                    <\/li>\n                                                                    <li class=\"list__item\">\n                                        <div class=\"row g-4\">\n                                            <div class=\"col-auto\">\n                                                <svg class=\"icon icon--10\">\n                                                    <use xlink:href=\"https:\/\/animo.eu\/wp-content\/themes\/animo\/build\/img\/symbols.svg#plus\"><\/use>\n                                                <\/svg>\n                                            <\/div>\n                                            <div class=\"col\">\n                                                <span>Koneemme vaativat vain v\u00e4h\u00e4n huoltoa ja niiss\u00e4 on hyvin v\u00e4h\u00e4n rikkoutumisia.<\/span>\n                                            <\/div>\n                                        <\/div>\n                                    <\/li>\n                                                                    <li class=\"list__item\">\n                                        <div class=\"row g-4\">\n                                            <div class=\"col-auto\">\n                                                <svg class=\"icon icon--10\">\n                                                    <use xlink:href=\"https:\/\/animo.eu\/wp-content\/themes\/animo\/build\/img\/symbols.svg#plus\"><\/use>\n                                                <\/svg>\n                                            <\/div>\n                                            <div class=\"col\">\n                                                <span>Animo-koneet kest\u00e4v\u00e4t pitk\u00e4\u00e4n<\/span>\n                                            <\/div>\n                                        <\/div>\n                                    <\/li>\n                                                                    <li class=\"list__item\">\n                                        <div class=\"row g-4\">\n                                            <div class=\"col-auto\">\n                                                <svg class=\"icon icon--10\">\n                                                    <use xlink:href=\"https:\/\/animo.eu\/wp-content\/themes\/animo\/build\/img\/symbols.svg#plus\"><\/use>\n                                                <\/svg>\n                                            <\/div>\n                                            <div class=\"col\">\n                                                <span>Tuotteitamme on helppo huoltaa ja k\u00e4ytt\u00e4\u00e4<\/span>\n                                            <\/div>\n                                        <\/div>\n                                    <\/li>\n                                                                    <li class=\"list__item\">\n                                        <div class=\"row g-4\">\n                                            <div class=\"col-auto\">\n                                                <svg class=\"icon icon--10\">\n                                                    <use xlink:href=\"https:\/\/animo.eu\/wp-content\/themes\/animo\/build\/img\/symbols.svg#plus\"><\/use>\n                                                <\/svg>\n                                            <\/div>\n                                            <div class=\"col\">\n                                                <span>Palkitut mallit<\/span>\n                                            <\/div>\n                                        <\/div>\n                                    <\/li>\n                                                                    <li class=\"list__item\">\n                                        <div class=\"row g-4\">\n                                            <div class=\"col-auto\">\n                                                <svg class=\"icon icon--10\">\n                                                    <use xlink:href=\"https:\/\/animo.eu\/wp-content\/themes\/animo\/build\/img\/symbols.svg#plus\"><\/use>\n                                                <\/svg>\n                                            <\/div>\n                                            <div class=\"col\">\n                                                <span>Laadukkaista ja kest\u00e4vist\u00e4 materiaaleista valmistetut koneet, koneidemme perusta on ruostumatonta ter\u00e4st\u00e4, joka on 100-prosenttisesti kierr\u00e4tett\u00e4viss\u00e4.<\/span>\n                                            <\/div>\n                                        <\/div>\n                                    <\/li>\n                                                                    <li class=\"list__item\">\n                                        <div class=\"row g-4\">\n                                            <div class=\"col-auto\">\n                                                <svg class=\"icon icon--10\">\n                                                    <use xlink:href=\"https:\/\/animo.eu\/wp-content\/themes\/animo\/build\/img\/symbols.svg#plus\"><\/use>\n                                                <\/svg>\n                                            <\/div>\n                                            <div class=\"col\">\n                                                <span>Monissa koneissa on k\u00e4tev\u00e4t animoidut puhdistusohjeet<\/span>\n                                            <\/div>\n                                        <\/div>\n                                    <\/li>\n                                                                    <li class=\"list__item\">\n                                        <div class=\"row g-4\">\n                                            <div class=\"col-auto\">\n                                                <svg class=\"icon icon--10\">\n                                                    <use xlink:href=\"https:\/\/animo.eu\/wp-content\/themes\/animo\/build\/img\/symbols.svg#plus\"><\/use>\n                                                <\/svg>\n                                            <\/div>\n                                            <div class=\"col\">\n                                                <span>Korkea asiakastyytyv\u00e4isyys ja paras vastine rahalle<\/span>\n                                            <\/div>\n                                        <\/div>\n                                    <\/li>\n                                                                    <li class=\"list__item\">\n                                        <div class=\"row g-4\">\n                                            <div class=\"col-auto\">\n                                                <svg class=\"icon icon--10\">\n                                                    <use xlink:href=\"https:\/\/animo.eu\/wp-content\/themes\/animo\/build\/img\/symbols.svg#plus\"><\/use>\n                                                <\/svg>\n                                            <\/div>\n                                            <div class=\"col\">\n                                                <span>Animo tarjoaa nopean toimituksen ja erinomaista palvelua<\/span>\n                                            <\/div>\n                                        <\/div>\n                                    <\/li>\n                                                                    <li class=\"list__item\">\n                                        <div class=\"row g-4\">\n                                            <div class=\"col-auto\">\n                                                <svg class=\"icon icon--10\">\n                                                    <use xlink:href=\"https:\/\/animo.eu\/wp-content\/themes\/animo\/build\/img\/symbols.svg#plus\"><\/use>\n                                                <\/svg>\n                                            <\/div>\n                                            <div class=\"col\">\n                                                <span>Aina asiantuntevaa neuvontaa, Animossa et ole numero.<\/span>\n                                            <\/div>\n                                        <\/div>\n                                    <\/li>\n                                                            <\/ul>\n                        <\/div>\n                                    <\/div>\n            <\/div>\n        <\/div>\n    <\/div>\n<\/section>\n","protected":false},"excerpt":{"rendered":"","protected":false},"author":21,"featured_media":44241,"parent":43616,"menu_order":20,"comment_status":"closed","ping_status":"closed","template":"","meta":{"_acf_changed":false,"footnotes":""},"class_list":["post-44201","page","type-page","status-publish","has-post-thumbnail","hentry"],"acf":[],"yoast_head":"<!-- This site is optimized with the Yoast SEO plugin v25.5 - https:\/\/yoast.com\/wordpress\/plugins\/seo\/ -->\n<title>Miksi valita Animo -<\/title>\n<meta name=\"description\" content=\"Miksi valita Animo - Olemme nykyaikainen yritys, joka kulkee ajan mukana sek\u00e4 innovoinnin, tuotekehityksen ja r\u00e4\u00e4t\u00e4l\u00f6innin ett\u00e4 ajan hengen, k\u00e4sitysten ja kuluttajien tarpeiden suhteen.\" \/>\n<meta name=\"robots\" content=\"index, follow, max-snippet:-1, max-image-preview:large, max-video-preview:-1\" \/>\n<link rel=\"canonical\" href=\"https:\/\/animo.eu\/fi\/tietoja_animosta\/miksi-valita-animo\/\" \/>\n<meta property=\"og:locale\" content=\"fi_FI\" \/>\n<meta property=\"og:type\" content=\"article\" \/>\n<meta property=\"og:title\" content=\"Miksi valita Animo -\" \/>\n<meta property=\"og:description\" content=\"Miksi valita Animo - Olemme nykyaikainen yritys, joka kulkee ajan mukana sek\u00e4 innovoinnin, tuotekehityksen ja r\u00e4\u00e4t\u00e4l\u00f6innin ett\u00e4 ajan hengen, k\u00e4sitysten ja kuluttajien tarpeiden suhteen.\" \/>\n<meta property=\"og:url\" content=\"https:\/\/animo.eu\/fi\/tietoja_animosta\/miksi-valita-animo\/\" \/>\n<meta property=\"article:publisher\" content=\"https:\/\/www.facebook.com\/animobv\/\" \/>\n<meta property=\"article:modified_time\" content=\"2024-01-17T11:47:44+00:00\" \/>\n<meta property=\"og:image\" content=\"https:\/\/animo.eu\/wp-content\/uploads\/2024\/01\/Alle-MVO-images-vierkant.jpg\" \/>\n\t<meta property=\"og:image:width\" content=\"491\" \/>\n\t<meta property=\"og:image:height\" content=\"491\" \/>\n\t<meta property=\"og:image:type\" content=\"image\/jpeg\" \/>\n<meta name=\"twitter:card\" content=\"summary_large_image\" \/>\n<meta name=\"twitter:site\" content=\"@animokoffie\" \/>\n<meta name=\"twitter:label1\" content=\"Arvioitu lukuaika\" \/>\n\t<meta name=\"twitter:data1\" content=\"1 minuutti\" \/>\n<script type=\"application\/ld+json\" class=\"yoast-schema-graph\">{\"@context\":\"https:\/\/schema.org\",\"@graph\":[{\"@type\":\"WebPage\",\"@id\":\"https:\/\/animo.eu\/fi\/tietoja_animosta\/miksi-valita-animo\/\",\"url\":\"https:\/\/animo.eu\/fi\/tietoja_animosta\/miksi-valita-animo\/\",\"name\":\"Miksi valita Animo -\",\"isPartOf\":{\"@id\":\"https:\/\/animo.eu\/fi\/#website\"},\"primaryImageOfPage\":{\"@id\":\"https:\/\/animo.eu\/fi\/tietoja_animosta\/miksi-valita-animo\/#primaryimage\"},\"image\":{\"@id\":\"https:\/\/animo.eu\/fi\/tietoja_animosta\/miksi-valita-animo\/#primaryimage\"},\"thumbnailUrl\":\"https:\/\/animo.eu\/wp-content\/uploads\/2024\/01\/Alle-MVO-images-vierkant.jpg\",\"datePublished\":\"2024-01-04T09:09:18+00:00\",\"dateModified\":\"2024-01-17T11:47:44+00:00\",\"description\":\"Miksi valita Animo - Olemme nykyaikainen yritys, joka kulkee ajan mukana sek\u00e4 innovoinnin, tuotekehityksen ja r\u00e4\u00e4t\u00e4l\u00f6innin ett\u00e4 ajan hengen, k\u00e4sitysten ja kuluttajien tarpeiden suhteen.\",\"breadcrumb\":{\"@id\":\"https:\/\/animo.eu\/fi\/tietoja_animosta\/miksi-valita-animo\/#breadcrumb\"},\"inLanguage\":\"fi\",\"potentialAction\":[{\"@type\":\"ReadAction\",\"target\":[\"https:\/\/animo.eu\/fi\/tietoja_animosta\/miksi-valita-animo\/\"]}]},{\"@type\":\"ImageObject\",\"inLanguage\":\"fi\",\"@id\":\"https:\/\/animo.eu\/fi\/tietoja_animosta\/miksi-valita-animo\/#primaryimage\",\"url\":\"https:\/\/animo.eu\/wp-content\/uploads\/2024\/01\/Alle-MVO-images-vierkant.jpg\",\"contentUrl\":\"https:\/\/animo.eu\/wp-content\/uploads\/2024\/01\/Alle-MVO-images-vierkant.jpg\",\"width\":491,\"height\":491},{\"@type\":\"BreadcrumbList\",\"@id\":\"https:\/\/animo.eu\/fi\/tietoja_animosta\/miksi-valita-animo\/#breadcrumb\",\"itemListElement\":[{\"@type\":\"ListItem\",\"position\":1,\"name\":\"Home\",\"item\":\"https:\/\/animo.eu\/fi\/\"},{\"@type\":\"ListItem\",\"position\":2,\"name\":\"Tietoja Animosta\",\"item\":\"https:\/\/animo.eu\/fi\/tietoja_animosta\/\"},{\"@type\":\"ListItem\",\"position\":3,\"name\":\"Miksi valita Animo\"}]},{\"@type\":\"WebSite\",\"@id\":\"https:\/\/animo.eu\/fi\/#website\",\"url\":\"https:\/\/animo.eu\/fi\/\",\"name\":\"\",\"description\":\"\",\"potentialAction\":[{\"@type\":\"SearchAction\",\"target\":{\"@type\":\"EntryPoint\",\"urlTemplate\":\"https:\/\/animo.eu\/fi\/?s={search_term_string}\"},\"query-input\":{\"@type\":\"PropertyValueSpecification\",\"valueRequired\":true,\"valueName\":\"search_term_string\"}}],\"inLanguage\":\"fi\"}]}<\/script>\n<!-- \/ Yoast SEO plugin. -->","yoast_head_json":{"title":"Miksi valita Animo -","description":"Miksi valita Animo - Olemme nykyaikainen yritys, joka kulkee ajan mukana sek\u00e4 innovoinnin, tuotekehityksen ja r\u00e4\u00e4t\u00e4l\u00f6innin ett\u00e4 ajan hengen, k\u00e4sitysten ja kuluttajien tarpeiden suhteen.","robots":{"index":"index","follow":"follow","max-snippet":"max-snippet:-1","max-image-preview":"max-image-preview:large","max-video-preview":"max-video-preview:-1"},"canonical":"https:\/\/animo.eu\/fi\/tietoja_animosta\/miksi-valita-animo\/","og_locale":"fi_FI","og_type":"article","og_title":"Miksi valita Animo -","og_description":"Miksi valita Animo - Olemme nykyaikainen yritys, joka kulkee ajan mukana sek\u00e4 innovoinnin, tuotekehityksen ja r\u00e4\u00e4t\u00e4l\u00f6innin ett\u00e4 ajan hengen, k\u00e4sitysten ja kuluttajien tarpeiden suhteen.","og_url":"https:\/\/animo.eu\/fi\/tietoja_animosta\/miksi-valita-animo\/","article_publisher":"https:\/\/www.facebook.com\/animobv\/","article_modified_time":"2024-01-17T11:47:44+00:00","og_image":[{"width":491,"height":491,"url":"https:\/\/animo.eu\/wp-content\/uploads\/2024\/01\/Alle-MVO-images-vierkant.jpg","type":"image\/jpeg"}],"twitter_card":"summary_large_image","twitter_site":"@animokoffie","twitter_misc":{"Arvioitu lukuaika":"1 minuutti"},"schema":{"@context":"https:\/\/schema.org","@graph":[{"@type":"WebPage","@id":"https:\/\/animo.eu\/fi\/tietoja_animosta\/miksi-valita-animo\/","url":"https:\/\/animo.eu\/fi\/tietoja_animosta\/miksi-valita-animo\/","name":"Miksi valita Animo -","isPartOf":{"@id":"https:\/\/animo.eu\/fi\/#website"},"primaryImageOfPage":{"@id":"https:\/\/animo.eu\/fi\/tietoja_animosta\/miksi-valita-animo\/#primaryimage"},"image":{"@id":"https:\/\/animo.eu\/fi\/tietoja_animosta\/miksi-valita-animo\/#primaryimage"},"thumbnailUrl":"https:\/\/animo.eu\/wp-content\/uploads\/2024\/01\/Alle-MVO-images-vierkant.jpg","datePublished":"2024-01-04T09:09:18+00:00","dateModified":"2024-01-17T11:47:44+00:00","description":"Miksi valita Animo - Olemme nykyaikainen yritys, joka kulkee ajan mukana sek\u00e4 innovoinnin, tuotekehityksen ja r\u00e4\u00e4t\u00e4l\u00f6innin ett\u00e4 ajan hengen, k\u00e4sitysten ja kuluttajien tarpeiden suhteen.","breadcrumb":{"@id":"https:\/\/animo.eu\/fi\/tietoja_animosta\/miksi-valita-animo\/#breadcrumb"},"inLanguage":"fi","potentialAction":[{"@type":"ReadAction","target":["https:\/\/animo.eu\/fi\/tietoja_animosta\/miksi-valita-animo\/"]}]},{"@type":"ImageObject","inLanguage":"fi","@id":"https:\/\/animo.eu\/fi\/tietoja_animosta\/miksi-valita-animo\/#primaryimage","url":"https:\/\/animo.eu\/wp-content\/uploads\/2024\/01\/Alle-MVO-images-vierkant.jpg","contentUrl":"https:\/\/animo.eu\/wp-content\/uploads\/2024\/01\/Alle-MVO-images-vierkant.jpg","width":491,"height":491},{"@type":"BreadcrumbList","@id":"https:\/\/animo.eu\/fi\/tietoja_animosta\/miksi-valita-animo\/#breadcrumb","itemListElement":[{"@type":"ListItem","position":1,"name":"Home","item":"https:\/\/animo.eu\/fi\/"},{"@type":"ListItem","position":2,"name":"Tietoja Animosta","item":"https:\/\/animo.eu\/fi\/tietoja_animosta\/"},{"@type":"ListItem","position":3,"name":"Miksi valita Animo"}]},{"@type":"WebSite","@id":"https:\/\/animo.eu\/fi\/#website","url":"https:\/\/animo.eu\/fi\/","name":"","description":"","potentialAction":[{"@type":"SearchAction","target":{"@type":"EntryPoint","urlTemplate":"https:\/\/animo.eu\/fi\/?s={search_term_string}"},"query-input":{"@type":"PropertyValueSpecification","valueRequired":true,"valueName":"search_term_string"}}],"inLanguage":"fi"}]}},"_links":{"self":[{"href":"https:\/\/animo.eu\/fi\/wp-json\/wp\/v2\/pages\/44201"}],"collection":[{"href":"https:\/\/animo.eu\/fi\/wp-json\/wp\/v2\/pages"}],"about":[{"href":"https:\/\/animo.eu\/fi\/wp-json\/wp\/v2\/types\/page"}],"author":[{"embeddable":true,"href":"https:\/\/animo.eu\/fi\/wp-json\/wp\/v2\/users\/21"}],"replies":[{"embeddable":true,"href":"https:\/\/animo.eu\/fi\/wp-json\/wp\/v2\/comments?post=44201"}],"version-history":[{"count":3,"href":"https:\/\/animo.eu\/fi\/wp-json\/wp\/v2\/pages\/44201\/revisions"}],"predecessor-version":[{"id":44261,"href":"https:\/\/animo.eu\/fi\/wp-json\/wp\/v2\/pages\/44201\/revisions\/44261"}],"up":[{"embeddable":true,"href":"https:\/\/animo.eu\/fi\/wp-json\/wp\/v2\/pages\/43616"}],"wp:featuredmedia":[{"embeddable":true,"href":"https:\/\/animo.eu\/fi\/wp-json\/wp\/v2\/media\/44241"}],"wp:attachment":[{"href":"https:\/\/animo.eu\/fi\/wp-json\/wp\/v2\/media?parent=44201"}],"curies":[{"name":"wp","href":"https:\/\/api.w.org\/{rel}","templated":true}]}}