{"id":50791,"date":"2024-02-05T11:48:20","date_gmt":"2024-02-05T10:48:20","guid":{"rendered":"https:\/\/animo.eu\/nayttelykalenteri\/"},"modified":"2026-02-27T12:21:37","modified_gmt":"2026-02-27T11:21:37","slug":"nayttelykalenteri","status":"publish","type":"page","link":"https:\/\/animo.eu\/fi\/nayttelykalenteri\/","title":{"rendered":"N\u00e4yttelykalenteri"},"content":{"rendered":"\n<section  class=\"pane pane--white \">\n    <div class=\"container\">\n        <div class=\"row g-4 g-lg-8 g-xl-15 g-xxl-20  \">\n                            <div class=\"col-12 col-lg-6\">\n                    <div class=\"pane__text\">\n                        <h2 class=\"paragraph-title\">Mist\u00e4 meid\u00e4t l\u00f6yt\u00e4\u00e4?<\/h2>\n<p>Voit l\u00f6yt\u00e4\u00e4 Animon alla luetelluilta messuilta.<\/p>\n<p>Voit tietenkin my\u00f6s vierailla n\u00e4yttelytilassamme Assenissa tai <a href=\"https:\/\/animo.eu\/fi\/tietoja_animosta\/myyntiosoitteet\/\">jollakin j\u00e4lleenmyyjist\u00e4mme<\/a> eri puolilla maata. Voit ottaa <a href=\"https:\/\/animo.eu\/fi\/ota-yhteytta\/\">meihin yhteytt\u00e4 t\u00e4t\u00e4 varten<\/a>.<\/p>\n                                                \n                    <\/div>\n                <\/div>\n                                <\/div>\n    <\/div>\n<\/section>\n\n\n\n<section  class=\"pane pane--table pane--white \">\n    <div class=\"container\">\n        <div class=\"row\">\n            <div class=\"col-12\">\n                                                                            \n\n<figure class=\"wp-block-table is-style-stripes\"><table><thead><tr><th>P\u00e4iv\u00e4m\u00e4\u00e4r\u00e4<\/th><th>Fair<\/th><th>Sijainti<\/th><th>Maa<\/th><th>St\u00e4ndin numero<\/th><\/tr><\/thead><tbody><tr><td>12 &#8211; 15 tammikuu<\/td><td><a href=\"https:\/\/www.horecava.nl\/\">Horecava<\/a><\/td><td>Amsterdam<\/td><td>Alankomaat<\/td><td>12.230<\/td><\/tr><tr><td>13 &#8211; 17 maaliskuu<\/td><td><a href=\"https:\/\/www.internorga.com\/en\/\">Internorga<\/a><\/td><td>Hampuri<\/td><td>Saksa<\/td><td>A4.116<\/td><\/tr><tr><td>22 &#8211; 23 huhtikuu<\/td><td><a href=\"https:\/\/www.health-care.be\/inspire-health-care\/\">Inspire Health &amp; Care<\/a><\/td><td>Gent<\/td><td>Belgia<\/td><td>1255<\/td><\/tr><\/tbody><\/table><\/figure>\n\n\n                            <\/div>\n        <\/div>\n    <\/div>\n<\/section>\n","protected":false},"excerpt":{"rendered":"","protected":false},"author":21,"featured_media":53244,"parent":0,"menu_order":6,"comment_status":"closed","ping_status":"closed","template":"","meta":{"_acf_changed":false,"footnotes":""},"class_list":["post-50791","page","type-page","status-publish","has-post-thumbnail","hentry"],"acf":[],"yoast_head":"<!-- This site is optimized with the Yoast SEO plugin v25.5 - https:\/\/yoast.com\/wordpress\/plugins\/seo\/ -->\n<title>N\u00e4yttelykalenteri -<\/title>\n<meta name=\"description\" content=\"N\u00e4yttelykalenteri -\" \/>\n<meta name=\"robots\" content=\"index, follow, max-snippet:-1, max-image-preview:large, max-video-preview:-1\" \/>\n<link rel=\"canonical\" href=\"https:\/\/animo.eu\/fi\/nayttelykalenteri\/\" \/>\n<meta property=\"og:locale\" content=\"fi_FI\" \/>\n<meta property=\"og:type\" content=\"article\" \/>\n<meta property=\"og:title\" content=\"N\u00e4yttelykalenteri -\" \/>\n<meta property=\"og:description\" content=\"N\u00e4yttelykalenteri -\" \/>\n<meta property=\"og:url\" content=\"https:\/\/animo.eu\/fi\/nayttelykalenteri\/\" \/>\n<meta property=\"article:publisher\" content=\"https:\/\/www.facebook.com\/animobv\/\" \/>\n<meta property=\"article:modified_time\" content=\"2026-02-27T11:21:37+00:00\" \/>\n<meta property=\"og:image\" content=\"https:\/\/animo.eu\/wp-content\/uploads\/2024\/02\/Beurzen.jpg\" \/>\n\t<meta property=\"og:image:width\" content=\"1772\" \/>\n\t<meta property=\"og:image:height\" content=\"1475\" \/>\n\t<meta property=\"og:image:type\" content=\"image\/jpeg\" \/>\n<meta name=\"twitter:card\" content=\"summary_large_image\" \/>\n<meta name=\"twitter:site\" content=\"@animokoffie\" \/>\n<meta name=\"twitter:label1\" content=\"Arvioitu lukuaika\" \/>\n\t<meta name=\"twitter:data1\" content=\"1 minuutti\" \/>\n<script type=\"application\/ld+json\" class=\"yoast-schema-graph\">{\"@context\":\"https:\/\/schema.org\",\"@graph\":[{\"@type\":\"WebPage\",\"@id\":\"https:\/\/animo.eu\/fi\/nayttelykalenteri\/\",\"url\":\"https:\/\/animo.eu\/fi\/nayttelykalenteri\/\",\"name\":\"N\u00e4yttelykalenteri -\",\"isPartOf\":{\"@id\":\"https:\/\/animo.eu\/fi\/#website\"},\"primaryImageOfPage\":{\"@id\":\"https:\/\/animo.eu\/fi\/nayttelykalenteri\/#primaryimage\"},\"image\":{\"@id\":\"https:\/\/animo.eu\/fi\/nayttelykalenteri\/#primaryimage\"},\"thumbnailUrl\":\"https:\/\/animo.eu\/wp-content\/uploads\/2024\/02\/Beurzen.jpg\",\"datePublished\":\"2024-02-05T10:48:20+00:00\",\"dateModified\":\"2026-02-27T11:21:37+00:00\",\"description\":\"N\u00e4yttelykalenteri -\",\"breadcrumb\":{\"@id\":\"https:\/\/animo.eu\/fi\/nayttelykalenteri\/#breadcrumb\"},\"inLanguage\":\"fi\",\"potentialAction\":[{\"@type\":\"ReadAction\",\"target\":[\"https:\/\/animo.eu\/fi\/nayttelykalenteri\/\"]}]},{\"@type\":\"ImageObject\",\"inLanguage\":\"fi\",\"@id\":\"https:\/\/animo.eu\/fi\/nayttelykalenteri\/#primaryimage\",\"url\":\"https:\/\/animo.eu\/wp-content\/uploads\/2024\/02\/Beurzen.jpg\",\"contentUrl\":\"https:\/\/animo.eu\/wp-content\/uploads\/2024\/02\/Beurzen.jpg\",\"width\":1772,\"height\":1475},{\"@type\":\"BreadcrumbList\",\"@id\":\"https:\/\/animo.eu\/fi\/nayttelykalenteri\/#breadcrumb\",\"itemListElement\":[{\"@type\":\"ListItem\",\"position\":1,\"name\":\"Home\",\"item\":\"https:\/\/animo.eu\/fi\/\"},{\"@type\":\"ListItem\",\"position\":2,\"name\":\"N\u00e4yttelykalenteri\"}]},{\"@type\":\"WebSite\",\"@id\":\"https:\/\/animo.eu\/fi\/#website\",\"url\":\"https:\/\/animo.eu\/fi\/\",\"name\":\"\",\"description\":\"\",\"potentialAction\":[{\"@type\":\"SearchAction\",\"target\":{\"@type\":\"EntryPoint\",\"urlTemplate\":\"https:\/\/animo.eu\/fi\/?s={search_term_string}\"},\"query-input\":{\"@type\":\"PropertyValueSpecification\",\"valueRequired\":true,\"valueName\":\"search_term_string\"}}],\"inLanguage\":\"fi\"}]}<\/script>\n<!-- \/ Yoast SEO plugin. -->","yoast_head_json":{"title":"N\u00e4yttelykalenteri -","description":"N\u00e4yttelykalenteri -","robots":{"index":"index","follow":"follow","max-snippet":"max-snippet:-1","max-image-preview":"max-image-preview:large","max-video-preview":"max-video-preview:-1"},"canonical":"https:\/\/animo.eu\/fi\/nayttelykalenteri\/","og_locale":"fi_FI","og_type":"article","og_title":"N\u00e4yttelykalenteri -","og_description":"N\u00e4yttelykalenteri -","og_url":"https:\/\/animo.eu\/fi\/nayttelykalenteri\/","article_publisher":"https:\/\/www.facebook.com\/animobv\/","article_modified_time":"2026-02-27T11:21:37+00:00","og_image":[{"width":1772,"height":1475,"url":"https:\/\/animo.eu\/wp-content\/uploads\/2024\/02\/Beurzen.jpg","type":"image\/jpeg"}],"twitter_card":"summary_large_image","twitter_site":"@animokoffie","twitter_misc":{"Arvioitu lukuaika":"1 minuutti"},"schema":{"@context":"https:\/\/schema.org","@graph":[{"@type":"WebPage","@id":"https:\/\/animo.eu\/fi\/nayttelykalenteri\/","url":"https:\/\/animo.eu\/fi\/nayttelykalenteri\/","name":"N\u00e4yttelykalenteri -","isPartOf":{"@id":"https:\/\/animo.eu\/fi\/#website"},"primaryImageOfPage":{"@id":"https:\/\/animo.eu\/fi\/nayttelykalenteri\/#primaryimage"},"image":{"@id":"https:\/\/animo.eu\/fi\/nayttelykalenteri\/#primaryimage"},"thumbnailUrl":"https:\/\/animo.eu\/wp-content\/uploads\/2024\/02\/Beurzen.jpg","datePublished":"2024-02-05T10:48:20+00:00","dateModified":"2026-02-27T11:21:37+00:00","description":"N\u00e4yttelykalenteri -","breadcrumb":{"@id":"https:\/\/animo.eu\/fi\/nayttelykalenteri\/#breadcrumb"},"inLanguage":"fi","potentialAction":[{"@type":"ReadAction","target":["https:\/\/animo.eu\/fi\/nayttelykalenteri\/"]}]},{"@type":"ImageObject","inLanguage":"fi","@id":"https:\/\/animo.eu\/fi\/nayttelykalenteri\/#primaryimage","url":"https:\/\/animo.eu\/wp-content\/uploads\/2024\/02\/Beurzen.jpg","contentUrl":"https:\/\/animo.eu\/wp-content\/uploads\/2024\/02\/Beurzen.jpg","width":1772,"height":1475},{"@type":"BreadcrumbList","@id":"https:\/\/animo.eu\/fi\/nayttelykalenteri\/#breadcrumb","itemListElement":[{"@type":"ListItem","position":1,"name":"Home","item":"https:\/\/animo.eu\/fi\/"},{"@type":"ListItem","position":2,"name":"N\u00e4yttelykalenteri"}]},{"@type":"WebSite","@id":"https:\/\/animo.eu\/fi\/#website","url":"https:\/\/animo.eu\/fi\/","name":"","description":"","potentialAction":[{"@type":"SearchAction","target":{"@type":"EntryPoint","urlTemplate":"https:\/\/animo.eu\/fi\/?s={search_term_string}"},"query-input":{"@type":"PropertyValueSpecification","valueRequired":true,"valueName":"search_term_string"}}],"inLanguage":"fi"}]}},"_links":{"self":[{"href":"https:\/\/animo.eu\/fi\/wp-json\/wp\/v2\/pages\/50791"}],"collection":[{"href":"https:\/\/animo.eu\/fi\/wp-json\/wp\/v2\/pages"}],"about":[{"href":"https:\/\/animo.eu\/fi\/wp-json\/wp\/v2\/types\/page"}],"author":[{"embeddable":true,"href":"https:\/\/animo.eu\/fi\/wp-json\/wp\/v2\/users\/21"}],"replies":[{"embeddable":true,"href":"https:\/\/animo.eu\/fi\/wp-json\/wp\/v2\/comments?post=50791"}],"version-history":[{"count":16,"href":"https:\/\/animo.eu\/fi\/wp-json\/wp\/v2\/pages\/50791\/revisions"}],"predecessor-version":[{"id":109636,"href":"https:\/\/animo.eu\/fi\/wp-json\/wp\/v2\/pages\/50791\/revisions\/109636"}],"wp:featuredmedia":[{"embeddable":true,"href":"https:\/\/animo.eu\/fi\/wp-json\/wp\/v2\/media\/53244"}],"wp:attachment":[{"href":"https:\/\/animo.eu\/fi\/wp-json\/wp\/v2\/media?parent=50791"}],"curies":[{"name":"wp","href":"https:\/\/api.w.org\/{rel}","templated":true}]}}