{"id":56684,"date":"2024-03-21T11:24:56","date_gmt":"2024-03-21T10:24:56","guid":{"rendered":"https:\/\/animo.eu\/?page_id=56684"},"modified":"2024-05-08T07:55:01","modified_gmt":"2024-05-08T05:55:01","slug":"missio-visio-ja-perusarvot","status":"publish","type":"page","link":"https:\/\/animo.eu\/fi\/tietoja_animosta\/missio-visio-ja-perusarvot\/","title":{"rendered":"Missio, visio ja perusarvot"},"content":{"rendered":"\n<section class=\"hero\">\n    <div class=\"hero__background\">\n                                    <img fetchpriority=\"high\" decoding=\"async\" width=\"2205\" height=\"1279\" src=\"https:\/\/animo.eu\/wp-content\/uploads\/2024\/03\/Animo-Assen-fabriek.jpg\" class=\"hero__image img-fluid\" alt=\"\" loading=\"eager\" srcset=\"https:\/\/animo.eu\/wp-content\/uploads\/2024\/03\/Animo-Assen-fabriek.jpg 2205w, https:\/\/animo.eu\/wp-content\/uploads\/2024\/03\/Animo-Assen-fabriek-300x174.jpg 300w, https:\/\/animo.eu\/wp-content\/uploads\/2024\/03\/Animo-Assen-fabriek-1024x594.jpg 1024w, https:\/\/animo.eu\/wp-content\/uploads\/2024\/03\/Animo-Assen-fabriek-768x445.jpg 768w, https:\/\/animo.eu\/wp-content\/uploads\/2024\/03\/Animo-Assen-fabriek-1536x891.jpg 1536w, https:\/\/animo.eu\/wp-content\/uploads\/2024\/03\/Animo-Assen-fabriek-2048x1188.jpg 2048w, https:\/\/animo.eu\/wp-content\/uploads\/2024\/03\/Animo-Assen-fabriek-70x41.jpg 70w, https:\/\/animo.eu\/wp-content\/uploads\/2024\/03\/Animo-Assen-fabriek-550x319.jpg 550w, https:\/\/animo.eu\/wp-content\/uploads\/2024\/03\/Animo-Assen-fabriek-800x464.jpg 800w, https:\/\/animo.eu\/wp-content\/uploads\/2024\/03\/Animo-Assen-fabriek-172x100.jpg 172w, https:\/\/animo.eu\/wp-content\/uploads\/2024\/03\/Animo-Assen-fabriek-150x87.jpg 150w\" sizes=\"(max-width: 2205px) 100vw, 2205px\" \/>                                <\/div>    \n            <div class=\"hero__content\">\n            <div class=\"container\">\n                <div class=\"row\">                    <div class=\"col-12 col-lg-9 col-xl-8\">                        <div class=\"hero__text \">\n                            <h1>Dedicated to every cup<\/h1>\n<p>&nbsp;<\/p>\n                        <\/div>\n                                                \n                    <\/div>\n                <\/div>\n            <\/div>\n        <\/div>\n        <div class=\"hero__scroll\">\n        <span>Scroll<\/span>\n        <svg class=\"icon icon--20 text-secondary\">\n            <use xlink:href=\"https:\/\/animo.eu\/wp-content\/themes\/animo\/build\/img\/symbols.svg#arrow-down\"><\/use>\n        <\/svg>      \n    <\/div>\n<\/section>\n\n<section class=\"pane pane--white pane--anchors\">\n    <ul class=\"list justify-content-center d-none d-lg-flex\">\n                                    <li class=\"list__item mx-6 mx-xl-8 mx-xxl-10\">\n                    <a class=\"text-decoration-none text-secondary\" href=\"#visio\">Visio ja missio<\/a>\n                <\/li>\n                            <li class=\"list__item mx-6 mx-xl-8 mx-xxl-10\">\n                    <a class=\"text-decoration-none text-secondary\" href=\"#br\u00e4ndin persoonallisuus\">Br\u00e4ndin persoonallisuus<\/a>\n                <\/li>\n                            <li class=\"list__item mx-6 mx-xl-8 mx-xxl-10\">\n                    <a class=\"text-decoration-none text-secondary\" href=\"#kahvinkeittimet\">Animo-kahvinkeittimet edustavat<\/a>\n                <\/li>\n                            <li class=\"list__item mx-6 mx-xl-8 mx-xxl-10\">\n                    <a class=\"text-decoration-none text-secondary\" href=\"#video\">Animo video<\/a>\n                <\/li>\n                        <\/ul>\n<\/section>\n\n<section  class=\"pane pane--white \">\n    <div class=\"container\">\n        <div class=\"row g-4 g-lg-8 g-xl-15 justify-content-center\">\n                                                <div class=\"col-12 col-lg-8\">\n                        <div class=\"pane__text\">\n                            <h2>Animo valmistaa korkealaatuisia kahvinkeitinj\u00e4rjestelmi\u00e4 ja -koneita ihmisille, jotka haluavat tarjota hyv\u00e4\u00e4 kahvia. K\u00e4ytt\u00e4j\u00e4yst\u00e4v\u00e4lliset laitteet, joissa on monia vaihtoehtoja, jotka ovat helppohoitoisia ja pitk\u00e4ik\u00e4isi\u00e4.<\/h2>\n                                                    <\/div>\n                    <\/div>\n                                    <\/div>\n    <\/div>\n<\/section>\n\n<section id=\"visio\" class=\"pane pane--tertiary anchor\">\n    <div class=\"container\">\n        <div class=\"row g-4 g-lg-8 g-xl-15 g-xxl-20 align-items-center \">\n                            <div class=\"col-12 col-lg-6\">\n                    <div class=\"pane__text\">\n                        <h2>Vision Animo<\/h2>\n<p>Edullisen aseman saavuttaminen ja vahvistaminen j\u00e4lleenmyyjien ja loppuasiakkaiden p\u00e4\u00e4t\u00f6ksentekij\u00f6iden keskuudessa sek\u00e4 erinomainen ennakoiva (myynti)tuki ja palvelu, koska haluamme osoittaa <em>omistautumista jokaiselle<\/em> kupille joka p\u00e4iv\u00e4. Teemme t\u00e4m\u00e4n seuraavin keinoin:<\/p>\n<ul>\n<li>Kohdennettu markkinointi tietyille kohderyhmille<\/li>\n<li>erottuva br\u00e4ndin asemointi<\/li>\n<li>Tarjoamme korkealaatuisia tuotteita, jotka ovat helppok\u00e4ytt\u00f6isi\u00e4 ja helppohoitoisia.<\/li>\n<li>Eriytetty j\u00e4lleenmyyj\u00e4strategia lis\u00e4arvon luomiseksi yhdess\u00e4 j\u00e4lleenmyyjien kanssa.<\/li>\n<li>Sis\u00e4inen myynti ja tuki suurille asiakkaille ja hankkeille<\/li>\n<li>Verkkomyynti ja -tuki integroituna osaksi j\u00e4lleenmyyjille ja loppuasiakkaille tarjottavaa palvelua.<\/li>\n<\/ul>\n<h2 class=\"paragraph-title\">Mission Animo<\/h2>\n<p>Omistautuneesti ja huolella, jotta asiakkaamme voivat tarjoilla erinomaista kahvia, koska:<\/p>\n<ul>\n<li>Valmistamme laitteita, joista saa maukasta kahvia.<\/li>\n<li>Valmistamme laitteita, joita on helppo k\u00e4ytt\u00e4\u00e4 ja huoltaa.<\/li>\n<li>Tarjoamme erinomaista teknist\u00e4 tukea.<\/li>\n<li>Valmistamme laitteita, jotka kest\u00e4v\u00e4t pitk\u00e4\u00e4n ja joissa on v\u00e4h\u00e4n vikoja.<\/li>\n<li>Voimme vastata joustavasti asiakkaiden vaatimuksiin.<\/li>\n<\/ul>\n                                                \n                    <\/div>\n                <\/div>\n                                        <div class=\"col-12 col-lg\">\n                    <figure class=\"figure \">\n                        <img decoding=\"async\" width=\"1024\" height=\"1024\" src=\"https:\/\/animo.eu\/wp-content\/uploads\/2023\/09\/Animo-OptiVend-en-OptiBean-X-1024x1024.png\" class=\"img-fluid\" alt=\"\" loading=\"lazy\" srcset=\"https:\/\/animo.eu\/wp-content\/uploads\/2023\/09\/Animo-OptiVend-en-OptiBean-X-1024x1024.png 1024w, https:\/\/animo.eu\/wp-content\/uploads\/2023\/09\/Animo-OptiVend-en-OptiBean-X-300x300.png 300w, https:\/\/animo.eu\/wp-content\/uploads\/2023\/09\/Animo-OptiVend-en-OptiBean-X-150x150.png 150w, https:\/\/animo.eu\/wp-content\/uploads\/2023\/09\/Animo-OptiVend-en-OptiBean-X-768x768.png 768w, https:\/\/animo.eu\/wp-content\/uploads\/2023\/09\/Animo-OptiVend-en-OptiBean-X-1536x1536.png 1536w, https:\/\/animo.eu\/wp-content\/uploads\/2023\/09\/Animo-OptiVend-en-OptiBean-X-2048x2048.png 2048w, https:\/\/animo.eu\/wp-content\/uploads\/2023\/09\/Animo-OptiVend-en-OptiBean-X-70x70.png 70w, https:\/\/animo.eu\/wp-content\/uploads\/2023\/09\/Animo-OptiVend-en-OptiBean-X-550x550.png 550w, https:\/\/animo.eu\/wp-content\/uploads\/2023\/09\/Animo-OptiVend-en-OptiBean-X-800x800.png 800w, https:\/\/animo.eu\/wp-content\/uploads\/2023\/09\/Animo-OptiVend-en-OptiBean-X-100x100.png 100w, https:\/\/animo.eu\/wp-content\/uploads\/2023\/09\/Animo-OptiVend-en-OptiBean-X-1400x1400.png 1400w, https:\/\/animo.eu\/wp-content\/uploads\/2023\/09\/Animo-OptiVend-en-OptiBean-X-700x700.png 700w, https:\/\/animo.eu\/wp-content\/uploads\/2023\/09\/Animo-OptiVend-en-OptiBean-X-350x350.png 350w\" sizes=\"(max-width: 1024px) 100vw, 1024px\" \/>                    <\/figure>\n                <\/div>\n                    <\/div>\n    <\/div>\n<\/section>\n\n<section id=\"br\u00e4ndin persoonallisuus\" class=\"pane pane--white anchor\">\n    <div class=\"container\">\n        <div class=\"row g-4 g-lg-8 g-xl-15 g-xxl-20 align-items-center flex-lg-row-reverse\">\n                            <div class=\"col-12 col-lg-6\">\n                    <div class=\"pane__text\">\n                        <h2>Br\u00e4ndin persoonallisuus<\/h2>\n<p><strong>Omistautunut:<\/strong> Animon omistautuminen ja inspiraatio on osittain jo nimess\u00e4. Mutta se n\u00e4kyy my\u00f6s v\u00e4litt\u00e4misess\u00e4, palvelussa ja joustavuudessa. Animo ajattelee aina yhdess\u00e4 asiakkaidensa kanssa.<\/p>\n<p><strong>Pirist\u00e4v\u00e4:<\/strong> kahvi on pirist\u00e4v\u00e4\u00e4, ja se n\u00e4kyy Animossa. Animo on raikas ja positiivinen.<\/p>\n<p><strong>Vankka:<\/strong> Animon ehk\u00e4 t\u00e4rkein ominaisuus. Animo on vankka, vakaa ja luotettava. Se on ollut sit\u00e4 jo pitk\u00e4\u00e4n ja tulee olemaan sit\u00e4 viel\u00e4 pitk\u00e4\u00e4n.<\/p>\n<p><strong>Nykyaikainen:<\/strong> Animo kulkee ajan mukana muuttumatta kuitenkaan liian hienostuneeksi tai kaukaa haetuksi. Se on nykyaikainen tuotemerkki.<\/p>\n                                                \n\n\n\n                    <\/div>\n                <\/div>\n                                        <div class=\"col-12 col-lg\">\n                    <figure class=\"figure image_reversed\">\n                        <img decoding=\"async\" width=\"256\" height=\"256\" src=\"https:\/\/animo.eu\/wp-content\/uploads\/2023\/03\/favicon-256x256-1.png\" class=\"img-fluid\" alt=\"\" loading=\"lazy\" srcset=\"https:\/\/animo.eu\/wp-content\/uploads\/2023\/03\/favicon-256x256-1.png 256w, https:\/\/animo.eu\/wp-content\/uploads\/2023\/03\/favicon-256x256-1-150x150.png 150w, https:\/\/animo.eu\/wp-content\/uploads\/2023\/03\/favicon-256x256-1-70x70.png 70w, https:\/\/animo.eu\/wp-content\/uploads\/2023\/03\/favicon-256x256-1-100x100.png 100w\" sizes=\"(max-width: 256px) 100vw, 256px\" \/>                    <\/figure>\n                <\/div>\n                    <\/div>\n    <\/div>\n<\/section>\n\n<section id=\"kahvinkeittimet\" class=\"pane pane--tertiary anchor\">\n    <div class=\"container\">\n        <div class=\"row g-4 g-lg-8 g-xl-15 g-xxl-20 align-items-center \">\n                            <div class=\"col-12 col-lg-6\">\n                    <div class=\"pane__text\">\n                        <h2>T\u00e4ydellinen kuppi kahvia&#8230;<\/h2>\n<p>Se alkaa t\u00e4ydellisest\u00e4 koneesta, ja siihen tarvitaan kokemusta, tietoa ja omistautumista. Valmistamme korkealaatuisia kahvilaitteita ihmisille, jotka haluavat tarjoilla hyv\u00e4\u00e4 kahvia.  <em><strong>Luotettava, joustava ja laadukas<\/strong><\/em><\/p>\n<p>Kahvinkeittimemme edustavat:<\/p>\n<ul>\n<li>Hyv\u00e4 maku<\/li>\n<li>K\u00e4ytt\u00e4j\u00e4yst\u00e4v\u00e4llinen k\u00e4ytt\u00f6<\/li>\n<li>Helppo yll\u00e4pit\u00e4\u00e4<\/li>\n<li>Luotettava suorituskyky<\/li>\n<li>Erinomainen tekninen tuki<\/li>\n<li>Joustava r\u00e4\u00e4t\u00e4l\u00f6inti<\/li>\n<\/ul>\n                                                \n                    <\/div>\n                <\/div>\n                                        <div class=\"col-12 col-lg\">\n                    <figure class=\"figure \">\n                        <img decoding=\"async\" width=\"491\" height=\"491\" src=\"https:\/\/animo.eu\/wp-content\/uploads\/2024\/03\/Misie-en-visie-vierkant.jpg\" class=\"img-fluid\" alt=\"\" loading=\"lazy\" srcset=\"https:\/\/animo.eu\/wp-content\/uploads\/2024\/03\/Misie-en-visie-vierkant.jpg 491w, https:\/\/animo.eu\/wp-content\/uploads\/2024\/03\/Misie-en-visie-vierkant-300x300.jpg 300w, https:\/\/animo.eu\/wp-content\/uploads\/2024\/03\/Misie-en-visie-vierkant-150x150.jpg 150w, https:\/\/animo.eu\/wp-content\/uploads\/2024\/03\/Misie-en-visie-vierkant-70x70.jpg 70w, https:\/\/animo.eu\/wp-content\/uploads\/2024\/03\/Misie-en-visie-vierkant-100x100.jpg 100w, https:\/\/animo.eu\/wp-content\/uploads\/2024\/03\/Misie-en-visie-vierkant-350x350.jpg 350w\" sizes=\"(max-width: 491px) 100vw, 491px\" \/>                    <\/figure>\n                <\/div>\n                    <\/div>\n    <\/div>\n<\/section>\n\n<section id=\"video\" class=\"pane pane--white anchor\">\n    <div class=\"container-fluid px-4 pe-lg-0 ps-lg-8\">\n        <div class=\"row g-0\">\n                            <div class=\"col-12\">\n                    <figure class=\"figure figure--video\">\n                        <a href=\"https:\/\/animo.eu\/wp-content\/uploads\/2024\/03\/Animo.mp4\" class=\"icon-frame icon-frame--56\" data-fancybox>\n                            <svg class=\"icon icon--20\">\n                                <use xlink:href=\"https:\/\/animo.eu\/wp-content\/themes\/animo\/build\/img\/symbols.svg#play\"><\/use>\n                            <\/svg>\n                        <\/a>\n                        <img decoding=\"async\" width=\"1400\" height=\"600\" src=\"https:\/\/animo.eu\/wp-content\/uploads\/2024\/03\/Corporate-movie-Animo-1400x600.jpg\" class=\"img-fluid w-100\" alt=\"\" loading=\"lazy\" \/>                    <\/figure>\n                <\/div>\n                    <\/div>\n    <\/div>\n<\/section>\n","protected":false},"excerpt":{"rendered":"","protected":false},"author":21,"featured_media":56719,"parent":43616,"menu_order":23,"comment_status":"closed","ping_status":"closed","template":"","meta":{"_acf_changed":false,"footnotes":""},"class_list":["post-56684","page","type-page","status-publish","has-post-thumbnail","hentry"],"acf":[],"yoast_head":"<!-- This site is optimized with the Yoast SEO plugin v25.5 - https:\/\/yoast.com\/wordpress\/plugins\/seo\/ -->\n<title>Missio, visio ja perusarvot -<\/title>\n<meta name=\"description\" content=\"Missio, visio ja perusarvot - Valmistamme korkealaatuisia kahvinkeitinj\u00e4rjestelmi\u00e4 ja -koneita ihmisille, jotka haluavat tarjota hyv\u00e4\u00e4 kahvia.\" \/>\n<meta name=\"robots\" content=\"index, follow, max-snippet:-1, max-image-preview:large, max-video-preview:-1\" \/>\n<link rel=\"canonical\" href=\"https:\/\/animo.eu\/fi\/tietoja_animosta\/missio-visio-ja-perusarvot\/\" \/>\n<meta property=\"og:locale\" content=\"fi_FI\" \/>\n<meta property=\"og:type\" content=\"article\" \/>\n<meta property=\"og:title\" content=\"Missio, visio ja perusarvot -\" \/>\n<meta property=\"og:description\" content=\"Missio, visio ja perusarvot - Valmistamme korkealaatuisia kahvinkeitinj\u00e4rjestelmi\u00e4 ja -koneita ihmisille, jotka haluavat tarjota hyv\u00e4\u00e4 kahvia.\" \/>\n<meta property=\"og:url\" content=\"https:\/\/animo.eu\/fi\/tietoja_animosta\/missio-visio-ja-perusarvot\/\" \/>\n<meta property=\"article:publisher\" content=\"https:\/\/www.facebook.com\/animobv\/\" \/>\n<meta property=\"article:modified_time\" content=\"2024-05-08T05:55:01+00:00\" \/>\n<meta property=\"og:image\" content=\"https:\/\/animo.eu\/wp-content\/uploads\/2024\/03\/Misie-en-visie-vierkant.jpg\" \/>\n\t<meta property=\"og:image:width\" content=\"491\" \/>\n\t<meta property=\"og:image:height\" content=\"491\" \/>\n\t<meta property=\"og:image:type\" content=\"image\/jpeg\" \/>\n<meta name=\"twitter:card\" content=\"summary_large_image\" \/>\n<meta name=\"twitter:site\" content=\"@animokoffie\" \/>\n<script type=\"application\/ld+json\" class=\"yoast-schema-graph\">{\"@context\":\"https:\/\/schema.org\",\"@graph\":[{\"@type\":\"WebPage\",\"@id\":\"https:\/\/animo.eu\/fi\/tietoja_animosta\/missio-visio-ja-perusarvot\/\",\"url\":\"https:\/\/animo.eu\/fi\/tietoja_animosta\/missio-visio-ja-perusarvot\/\",\"name\":\"Missio, visio ja perusarvot -\",\"isPartOf\":{\"@id\":\"https:\/\/animo.eu\/fi\/#website\"},\"primaryImageOfPage\":{\"@id\":\"https:\/\/animo.eu\/fi\/tietoja_animosta\/missio-visio-ja-perusarvot\/#primaryimage\"},\"image\":{\"@id\":\"https:\/\/animo.eu\/fi\/tietoja_animosta\/missio-visio-ja-perusarvot\/#primaryimage\"},\"thumbnailUrl\":\"https:\/\/animo.eu\/wp-content\/uploads\/2024\/03\/Misie-en-visie-vierkant.jpg\",\"datePublished\":\"2024-03-21T10:24:56+00:00\",\"dateModified\":\"2024-05-08T05:55:01+00:00\",\"description\":\"Missio, visio ja perusarvot - Valmistamme korkealaatuisia kahvinkeitinj\u00e4rjestelmi\u00e4 ja -koneita ihmisille, jotka haluavat tarjota hyv\u00e4\u00e4 kahvia.\",\"breadcrumb\":{\"@id\":\"https:\/\/animo.eu\/fi\/tietoja_animosta\/missio-visio-ja-perusarvot\/#breadcrumb\"},\"inLanguage\":\"fi\",\"potentialAction\":[{\"@type\":\"ReadAction\",\"target\":[\"https:\/\/animo.eu\/fi\/tietoja_animosta\/missio-visio-ja-perusarvot\/\"]}]},{\"@type\":\"ImageObject\",\"inLanguage\":\"fi\",\"@id\":\"https:\/\/animo.eu\/fi\/tietoja_animosta\/missio-visio-ja-perusarvot\/#primaryimage\",\"url\":\"https:\/\/animo.eu\/wp-content\/uploads\/2024\/03\/Misie-en-visie-vierkant.jpg\",\"contentUrl\":\"https:\/\/animo.eu\/wp-content\/uploads\/2024\/03\/Misie-en-visie-vierkant.jpg\",\"width\":491,\"height\":491},{\"@type\":\"BreadcrumbList\",\"@id\":\"https:\/\/animo.eu\/fi\/tietoja_animosta\/missio-visio-ja-perusarvot\/#breadcrumb\",\"itemListElement\":[{\"@type\":\"ListItem\",\"position\":1,\"name\":\"Home\",\"item\":\"https:\/\/animo.eu\/fi\/\"},{\"@type\":\"ListItem\",\"position\":2,\"name\":\"Tietoja Animosta\",\"item\":\"https:\/\/animo.eu\/fi\/tietoja_animosta\/\"},{\"@type\":\"ListItem\",\"position\":3,\"name\":\"Missio, visio ja perusarvot\"}]},{\"@type\":\"WebSite\",\"@id\":\"https:\/\/animo.eu\/fi\/#website\",\"url\":\"https:\/\/animo.eu\/fi\/\",\"name\":\"\",\"description\":\"\",\"potentialAction\":[{\"@type\":\"SearchAction\",\"target\":{\"@type\":\"EntryPoint\",\"urlTemplate\":\"https:\/\/animo.eu\/fi\/?s={search_term_string}\"},\"query-input\":{\"@type\":\"PropertyValueSpecification\",\"valueRequired\":true,\"valueName\":\"search_term_string\"}}],\"inLanguage\":\"fi\"}]}<\/script>\n<!-- \/ Yoast SEO plugin. -->","yoast_head_json":{"title":"Missio, visio ja perusarvot -","description":"Missio, visio ja perusarvot - Valmistamme korkealaatuisia kahvinkeitinj\u00e4rjestelmi\u00e4 ja -koneita ihmisille, jotka haluavat tarjota hyv\u00e4\u00e4 kahvia.","robots":{"index":"index","follow":"follow","max-snippet":"max-snippet:-1","max-image-preview":"max-image-preview:large","max-video-preview":"max-video-preview:-1"},"canonical":"https:\/\/animo.eu\/fi\/tietoja_animosta\/missio-visio-ja-perusarvot\/","og_locale":"fi_FI","og_type":"article","og_title":"Missio, visio ja perusarvot -","og_description":"Missio, visio ja perusarvot - Valmistamme korkealaatuisia kahvinkeitinj\u00e4rjestelmi\u00e4 ja -koneita ihmisille, jotka haluavat tarjota hyv\u00e4\u00e4 kahvia.","og_url":"https:\/\/animo.eu\/fi\/tietoja_animosta\/missio-visio-ja-perusarvot\/","article_publisher":"https:\/\/www.facebook.com\/animobv\/","article_modified_time":"2024-05-08T05:55:01+00:00","og_image":[{"width":491,"height":491,"url":"https:\/\/animo.eu\/wp-content\/uploads\/2024\/03\/Misie-en-visie-vierkant.jpg","type":"image\/jpeg"}],"twitter_card":"summary_large_image","twitter_site":"@animokoffie","schema":{"@context":"https:\/\/schema.org","@graph":[{"@type":"WebPage","@id":"https:\/\/animo.eu\/fi\/tietoja_animosta\/missio-visio-ja-perusarvot\/","url":"https:\/\/animo.eu\/fi\/tietoja_animosta\/missio-visio-ja-perusarvot\/","name":"Missio, visio ja perusarvot -","isPartOf":{"@id":"https:\/\/animo.eu\/fi\/#website"},"primaryImageOfPage":{"@id":"https:\/\/animo.eu\/fi\/tietoja_animosta\/missio-visio-ja-perusarvot\/#primaryimage"},"image":{"@id":"https:\/\/animo.eu\/fi\/tietoja_animosta\/missio-visio-ja-perusarvot\/#primaryimage"},"thumbnailUrl":"https:\/\/animo.eu\/wp-content\/uploads\/2024\/03\/Misie-en-visie-vierkant.jpg","datePublished":"2024-03-21T10:24:56+00:00","dateModified":"2024-05-08T05:55:01+00:00","description":"Missio, visio ja perusarvot - Valmistamme korkealaatuisia kahvinkeitinj\u00e4rjestelmi\u00e4 ja -koneita ihmisille, jotka haluavat tarjota hyv\u00e4\u00e4 kahvia.","breadcrumb":{"@id":"https:\/\/animo.eu\/fi\/tietoja_animosta\/missio-visio-ja-perusarvot\/#breadcrumb"},"inLanguage":"fi","potentialAction":[{"@type":"ReadAction","target":["https:\/\/animo.eu\/fi\/tietoja_animosta\/missio-visio-ja-perusarvot\/"]}]},{"@type":"ImageObject","inLanguage":"fi","@id":"https:\/\/animo.eu\/fi\/tietoja_animosta\/missio-visio-ja-perusarvot\/#primaryimage","url":"https:\/\/animo.eu\/wp-content\/uploads\/2024\/03\/Misie-en-visie-vierkant.jpg","contentUrl":"https:\/\/animo.eu\/wp-content\/uploads\/2024\/03\/Misie-en-visie-vierkant.jpg","width":491,"height":491},{"@type":"BreadcrumbList","@id":"https:\/\/animo.eu\/fi\/tietoja_animosta\/missio-visio-ja-perusarvot\/#breadcrumb","itemListElement":[{"@type":"ListItem","position":1,"name":"Home","item":"https:\/\/animo.eu\/fi\/"},{"@type":"ListItem","position":2,"name":"Tietoja Animosta","item":"https:\/\/animo.eu\/fi\/tietoja_animosta\/"},{"@type":"ListItem","position":3,"name":"Missio, visio ja perusarvot"}]},{"@type":"WebSite","@id":"https:\/\/animo.eu\/fi\/#website","url":"https:\/\/animo.eu\/fi\/","name":"","description":"","potentialAction":[{"@type":"SearchAction","target":{"@type":"EntryPoint","urlTemplate":"https:\/\/animo.eu\/fi\/?s={search_term_string}"},"query-input":{"@type":"PropertyValueSpecification","valueRequired":true,"valueName":"search_term_string"}}],"inLanguage":"fi"}]}},"_links":{"self":[{"href":"https:\/\/animo.eu\/fi\/wp-json\/wp\/v2\/pages\/56684"}],"collection":[{"href":"https:\/\/animo.eu\/fi\/wp-json\/wp\/v2\/pages"}],"about":[{"href":"https:\/\/animo.eu\/fi\/wp-json\/wp\/v2\/types\/page"}],"author":[{"embeddable":true,"href":"https:\/\/animo.eu\/fi\/wp-json\/wp\/v2\/users\/21"}],"replies":[{"embeddable":true,"href":"https:\/\/animo.eu\/fi\/wp-json\/wp\/v2\/comments?post=56684"}],"version-history":[{"count":4,"href":"https:\/\/animo.eu\/fi\/wp-json\/wp\/v2\/pages\/56684\/revisions"}],"predecessor-version":[{"id":68916,"href":"https:\/\/animo.eu\/fi\/wp-json\/wp\/v2\/pages\/56684\/revisions\/68916"}],"up":[{"embeddable":true,"href":"https:\/\/animo.eu\/fi\/wp-json\/wp\/v2\/pages\/43616"}],"wp:featuredmedia":[{"embeddable":true,"href":"https:\/\/animo.eu\/fi\/wp-json\/wp\/v2\/media\/56719"}],"wp:attachment":[{"href":"https:\/\/animo.eu\/fi\/wp-json\/wp\/v2\/media?parent=56684"}],"curies":[{"name":"wp","href":"https:\/\/api.w.org\/{rel}","templated":true}]}}