{"id":66946,"date":"2024-04-17T12:30:38","date_gmt":"2024-04-17T10:30:38","guid":{"rendered":"https:\/\/animo.eu\/?page_id=66946"},"modified":"2024-05-29T09:45:31","modified_gmt":"2024-05-29T07:45:31","slug":"opetusvideot_optibean_ng","status":"publish","type":"page","link":"https:\/\/animo.eu\/fi\/tuki\/opetusvideot\/opetusvideot_optibean_ng\/","title":{"rendered":"Opetusvideot OptiBean NG"},"content":{"rendered":"\t\t<section class=\"pane pane--white pane--accordion\">\n\t\t<div class=\"container\">\n\t\n\n\t<div id=\"Instructievideo's\" class=\"card card--white mb-4 mb-lg-12 anchor\">\n\t\t<div class=\"card-body p-0\">\n\t\t\t\t\t\t\n\t\t\t\t\t<div class=\"row g-4\">\n\t\t\t\t<div class=\"col-12\">\n\t\t\t\t\t<div class=\"accordion\" id=\"accordion_header_573740\">\n\t\t\t\t\t\t<div class=\"accordion-item\">\n\t\t\t\t\t\t\t<h2 class=\"accordion-header\" id=\"heading_573740\">\n\t\t\t\t\t\t\t\t<button class=\"accordion-button collapsed\" type=\"button\" data-bs-toggle=\"collapse\" data-bs-target=\"#collapse_heading_573740\" aria-expanded=\"false\" aria-controls=\"collapse_heading_573740\">\n\t\t\t\t\t\t\t\t\t<span class=\"accordion-button__text\">Lataa opetusvideoita OptiBean NG<\/span>\n\t\t\t\t\t\t\t\t<\/button>\n\t\t\t\t\t\t\t<\/h2>\n\t\t\t\t\t\t\t<div id=\"collapse_heading_573740\" class=\"accordion-collapse collapse\" aria-labelledby=\"heading_573740\" data-bs-parent=\"#accordion_header_573740\">\n\t\t\t\t\t\t\t\t<div class=\"accordion-body\">\n\t\t\t\t\t\t\t\t\t\t\t\t\t\t\t\t\t\t<div class=\"accordion\" id=\"accordion_573740\">\n\t\t\t\t\t\t\t\t\t\t\t\t\t\t\t\t\t\t\t\t\t\t\t\t\t\t\t\t\t\t\t\t\t\t\t\t\t\t\t\t\t\t\t\t<div class=\"accordion-item\">\n\t\t\t\t\t\t\t\t\t\t\t\t\t\t\t\t\t\t\t\t\t\t\t\t\t\t\t<div class=\"accordion-header\" id=\"heading573740_1\">\n\t\t\t\t\t\t\t\t\t\t\t\t\t\t\t<button class=\"accordion-button collapsed\" type=\"button\" data-bs-toggle=\"collapse\" data-bs-target=\"#collapse573740_1\" aria-expanded=\"false\" aria-controls=\"collapse573740_1\">\n\t\t\t\t\t\t\t\t\t\t\t\t\t\t\t\tOptiBean NG:n k\u00e4ytt\u00f6\u00f6notto\t\t\t\t\t\t\t\t\t\t\t\t\t\t\t<\/button>\n\t\t\t\t\t\t\t\t\t\t\t\t\t\t<\/div>\n\t\t\t\t\t\t\t\t\t\t\t\t\t\t\t\t\t\t\t\t\t\t\t\t\t\t<div id=\"collapse573740_1\" class=\"accordion-collapse collapse \" aria-labelledby=\"heading573740_1\" data-bs-parent=\"#accordion_573740\">\n\t\t\t\t\t\t\t\t\t\t\t\t\t\t<div class=\"accordion-body\">\n\t\t\t\t\t\t\t\t\t\t\t\t\t\t\t\t\t\t\t\t\t\t\t\t\t\t\t\t\t\t\n\n\t\t\t\t\t\t\t\t\t\t\t\t\t\t\t\n\t\t\t\t\t\t\t\t\t\t\t\t\t\t\t\t\t\t\t\t\t\t\t\t\t\t\t\t\t\t    <div class=\"row g-2\">\n                    <div class=\"col-4 col-md-3 col-lg-2\">\n                <a href=\"https:\/\/www.youtube.com\/watch?v=WoPSZ-N_1K4\" target=\"_blank\">\n                    <img decoding=\"async\" class=\"img-fluid\" src=\"https:\/\/i.ytimg.com\/vi\/WoPSZ-N_1K4\/mqdefault.jpg\" alt=\"\">\n                <\/a>\n            <\/div>\n            <\/div>\n\t\t\t\t\t\t\t\t\t\t\t\t\t\t<\/div>\n\t\t\t\t\t\t\t\t\t\t\t\t\t<\/div>\n\t\t\t\t\t\t\t\t\t\t\t\t<\/div>\n\t\t\t\t\t\t\t\t\t\t\t                    \n\t\t\t\t\t\t\t\t\t\t\t\t\t\t\t\t\t\t\t\t\t\t\t\t\t\t\t\t\t\t\t\t\t\t\t\t\t\t\t\t\t\t\t\t<div class=\"accordion-item\">\n\t\t\t\t\t\t\t\t\t\t\t\t\t\t\t\t\t\t\t\t\t\t\t\t\t\t\t<div class=\"accordion-header\" id=\"heading573740_2\">\n\t\t\t\t\t\t\t\t\t\t\t\t\t\t\t<button class=\"accordion-button collapsed\" type=\"button\" data-bs-toggle=\"collapse\" data-bs-target=\"#collapse573740_2\" aria-expanded=\"false\" aria-controls=\"collapse573740_2\">\n\t\t\t\t\t\t\t\t\t\t\t\t\t\t\t\tOptiBean NG -painikkeiden ohjelmointi\t\t\t\t\t\t\t\t\t\t\t\t\t\t\t<\/button>\n\t\t\t\t\t\t\t\t\t\t\t\t\t\t<\/div>\n\t\t\t\t\t\t\t\t\t\t\t\t\t\t\t\t\t\t\t\t\t\t\t\t\t\t<div id=\"collapse573740_2\" class=\"accordion-collapse collapse \" aria-labelledby=\"heading573740_2\" data-bs-parent=\"#accordion_573740\">\n\t\t\t\t\t\t\t\t\t\t\t\t\t\t<div class=\"accordion-body\">\n\t\t\t\t\t\t\t\t\t\t\t\t\t\t\t\t\t\t\t\t\t\t\t\t\t\t\t\t\t\t\n\n\t\t\t\t\t\t\t\t\t\t\t\t\t\t\t\n\t\t\t\t\t\t\t\t\t\t\t\t\t\t\t\t\t\t\t\t\t\t\t\t\t\t\t\t\t\t    <div class=\"row g-2\">\n                    <div class=\"col-4 col-md-3 col-lg-2\">\n                <a href=\"https:\/\/www.youtube.com\/watch?v=1MxH_RqVMUU\" target=\"_blank\">\n                    <img decoding=\"async\" class=\"img-fluid\" src=\"https:\/\/i.ytimg.com\/vi\/1MxH_RqVMUU\/mqdefault.jpg\" alt=\"\">\n                <\/a>\n            <\/div>\n            <\/div>\n\t\t\t\t\t\t\t\t\t\t\t\t\t\t<\/div>\n\t\t\t\t\t\t\t\t\t\t\t\t\t<\/div>\n\t\t\t\t\t\t\t\t\t\t\t\t<\/div>\n\t\t\t\t\t\t\t\t\t\t\t                    \n\t\t\t\t\t\t\t\t\t\t\t\t\t\t\t\t\t\t\t\t\t\t\t\t\t\t\t\t\t\t\t\t\t\t\t\t\t\t\t\t\t\t\t\t<div class=\"accordion-item\">\n\t\t\t\t\t\t\t\t\t\t\t\t\t\t\t\t\t\t\t\t\t\t\t\t\t\t\t<div class=\"accordion-header\" id=\"heading573740_3\">\n\t\t\t\t\t\t\t\t\t\t\t\t\t\t\t<button class=\"accordion-button collapsed\" type=\"button\" data-bs-toggle=\"collapse\" data-bs-target=\"#collapse573740_3\" aria-expanded=\"false\" aria-controls=\"collapse573740_3\">\n\t\t\t\t\t\t\t\t\t\t\t\t\t\t\t\tP\u00e4ivitt\u00e4inen puhdistus OptiBean NG\t\t\t\t\t\t\t\t\t\t\t\t\t\t\t<\/button>\n\t\t\t\t\t\t\t\t\t\t\t\t\t\t<\/div>\n\t\t\t\t\t\t\t\t\t\t\t\t\t\t\t\t\t\t\t\t\t\t\t\t\t\t<div id=\"collapse573740_3\" class=\"accordion-collapse collapse \" aria-labelledby=\"heading573740_3\" data-bs-parent=\"#accordion_573740\">\n\t\t\t\t\t\t\t\t\t\t\t\t\t\t<div class=\"accordion-body\">\n\t\t\t\t\t\t\t\t\t\t\t\t\t\t\t\t\t\t\t\t\t\t\t\t\t\t\t\t\t\t\n\n\t\t\t\t\t\t\t\t\t\t\t\t\t\t\t\n\t\t\t\t\t\t\t\t\t\t\t\t\t\t\t\t\t\t\t\t\t\t\t\t\t\t\t\t\t\t    <div class=\"row g-2\">\n                    <div class=\"col-4 col-md-3 col-lg-2\">\n                <a href=\"https:\/\/www.youtube.com\/watch?v=z82W1LOsc6w\" target=\"_blank\">\n                    <img decoding=\"async\" class=\"img-fluid\" src=\"https:\/\/i.ytimg.com\/vi\/z82W1LOsc6w\/mqdefault.jpg\" alt=\"\">\n                <\/a>\n            <\/div>\n            <\/div>\n\t\t\t\t\t\t\t\t\t\t\t\t\t\t<\/div>\n\t\t\t\t\t\t\t\t\t\t\t\t\t<\/div>\n\t\t\t\t\t\t\t\t\t\t\t\t<\/div>\n\t\t\t\t\t\t\t\t\t\t\t                    \n\t\t\t\t\t\t\t\t\t\t\t\t\t\t\t\t\t\t\t\t\t\t\t\t\t\t\t\t\t\t\t\t\t\t\t\t\t\t\t\t\t\t\t\t<div class=\"accordion-item\">\n\t\t\t\t\t\t\t\t\t\t\t\t\t\t\t\t\t\t\t\t\t\t\t\t\t\t\t<div class=\"accordion-header\" id=\"heading573740_4\">\n\t\t\t\t\t\t\t\t\t\t\t\t\t\t\t<button class=\"accordion-button collapsed\" type=\"button\" data-bs-toggle=\"collapse\" data-bs-target=\"#collapse573740_4\" aria-expanded=\"false\" aria-controls=\"collapse573740_4\">\n\t\t\t\t\t\t\t\t\t\t\t\t\t\t\t\tViikoittainen puhdistus OptiBean NG\t\t\t\t\t\t\t\t\t\t\t\t\t\t\t<\/button>\n\t\t\t\t\t\t\t\t\t\t\t\t\t\t<\/div>\n\t\t\t\t\t\t\t\t\t\t\t\t\t\t\t\t\t\t\t\t\t\t\t\t\t\t<div id=\"collapse573740_4\" class=\"accordion-collapse collapse \" aria-labelledby=\"heading573740_4\" data-bs-parent=\"#accordion_573740\">\n\t\t\t\t\t\t\t\t\t\t\t\t\t\t<div class=\"accordion-body\">\n\t\t\t\t\t\t\t\t\t\t\t\t\t\t\t\t\t\t\t\t\t\t\t\t\t\t\t\t\t\t\n\n\t\t\t\t\t\t\t\t\t\t\t\t\t\t\t\n\t\t\t\t\t\t\t\t\t\t\t\t\t\t\t\t\t\t\t\t\t\t\t\t\t\t\t\t\t\t    <div class=\"row g-2\">\n                    <div class=\"col-4 col-md-3 col-lg-2\">\n                <a href=\"https:\/\/www.youtube.com\/watch?v=2RcptndonB0\" target=\"_blank\">\n                    <img decoding=\"async\" class=\"img-fluid\" src=\"https:\/\/i.ytimg.com\/vi\/2RcptndonB0\/mqdefault.jpg\" alt=\"\">\n                <\/a>\n            <\/div>\n            <\/div>\n\t\t\t\t\t\t\t\t\t\t\t\t\t\t<\/div>\n\t\t\t\t\t\t\t\t\t\t\t\t\t<\/div>\n\t\t\t\t\t\t\t\t\t\t\t\t<\/div>\n\t\t\t\t\t\t\t\t\t\t\t                    \n\t\t\t\t\t\t\t\t\t\t\t\t\t\t\t\t\t\t\t\t\t\t\t\t\t\t\t\t\t\t\t\t\t\t\t\t\t\t\t\t\t\t\t\t<div class=\"accordion-item\">\n\t\t\t\t\t\t\t\t\t\t\t\t\t\t\t\t\t\t\t\t\t\t\t\t\t\t\t<div class=\"accordion-header\" id=\"heading573740_5\">\n\t\t\t\t\t\t\t\t\t\t\t\t\t\t\t<button class=\"accordion-button collapsed\" type=\"button\" data-bs-toggle=\"collapse\" data-bs-target=\"#collapse573740_5\" aria-expanded=\"false\" aria-controls=\"collapse573740_5\">\n\t\t\t\t\t\t\t\t\t\t\t\t\t\t\t\tKuukausittainen puhdistus OptiBean NG\t\t\t\t\t\t\t\t\t\t\t\t\t\t\t<\/button>\n\t\t\t\t\t\t\t\t\t\t\t\t\t\t<\/div>\n\t\t\t\t\t\t\t\t\t\t\t\t\t\t\t\t\t\t\t\t\t\t\t\t\t\t<div id=\"collapse573740_5\" class=\"accordion-collapse collapse \" aria-labelledby=\"heading573740_5\" data-bs-parent=\"#accordion_573740\">\n\t\t\t\t\t\t\t\t\t\t\t\t\t\t<div class=\"accordion-body\">\n\t\t\t\t\t\t\t\t\t\t\t\t\t\t\t\t\t\t\t\t\t\t\t\t\t\t\t\t\t\t\n\n\t\t\t\t\t\t\t\t\t\t\t\t\t\t\t\n\t\t\t\t\t\t\t\t\t\t\t\t\t\t\t\t\t\t\t\t\t\t\t\t\t\t\t\t\t\t    <div class=\"row g-2\">\n                    <div class=\"col-4 col-md-3 col-lg-2\">\n                <a href=\"https:\/\/www.youtube.com\/watch?v=X2P1BGHwyjc\" target=\"_blank\">\n                    <img decoding=\"async\" class=\"img-fluid\" src=\"https:\/\/i.ytimg.com\/vi\/X2P1BGHwyjc\/mqdefault.jpg\" alt=\"\">\n                <\/a>\n            <\/div>\n            <\/div>\n\t\t\t\t\t\t\t\t\t\t\t\t\t\t<\/div>\n\t\t\t\t\t\t\t\t\t\t\t\t\t<\/div>\n\t\t\t\t\t\t\t\t\t\t\t\t<\/div>\n\t\t\t\t\t\t\t\t\t\t\t                    \n\t\t\t\t\t\t\t\t\t\t\t\t\t\t\t\t\t\t\t<\/div>\n\t\t\t\t\t\t\t\t\t\t\t\t\t\t\t\t\t<\/div>\n\t\t\t\t\t\t\t<\/div>\n\t\t\t\t\t\t<\/div>\n\t\t\t\t\t<\/div>\n\t\t\t\t<\/div>\n\t\t\t<\/div>\n\t\t\t<\/div>\t\n<\/div>\t\n\n<\/section><\/div>","protected":false},"excerpt":{"rendered":"","protected":false},"author":21,"featured_media":55394,"parent":70955,"menu_order":4,"comment_status":"closed","ping_status":"closed","template":"","meta":{"_acf_changed":false,"footnotes":""},"class_list":["post-66946","page","type-page","status-publish","has-post-thumbnail","hentry"],"acf":[],"yoast_head":"<!-- This site is optimized with the Yoast SEO plugin v25.5 - https:\/\/yoast.com\/wordpress\/plugins\/seo\/ -->\n<title>Opetusvideot OptiBean NG -<\/title>\n<meta name=\"description\" content=\"Opetusvideot OptiBean NG -\" \/>\n<meta name=\"robots\" content=\"index, follow, max-snippet:-1, max-image-preview:large, max-video-preview:-1\" \/>\n<link rel=\"canonical\" href=\"https:\/\/animo.eu\/fi\/tuki\/opetusvideot\/opetusvideot_optibean_ng\/\" \/>\n<meta property=\"og:locale\" content=\"fi_FI\" \/>\n<meta property=\"og:type\" content=\"article\" \/>\n<meta property=\"og:title\" content=\"Opetusvideot OptiBean NG -\" \/>\n<meta property=\"og:description\" content=\"Opetusvideot OptiBean NG -\" \/>\n<meta property=\"og:url\" content=\"https:\/\/animo.eu\/fi\/tuki\/opetusvideot\/opetusvideot_optibean_ng\/\" \/>\n<meta property=\"article:publisher\" content=\"https:\/\/www.facebook.com\/animobv\/\" \/>\n<meta property=\"article:modified_time\" content=\"2024-05-29T07:45:31+00:00\" \/>\n<meta property=\"og:image\" content=\"https:\/\/animo.eu\/wp-content\/uploads\/2024\/02\/Downloads-header.jpg\" \/>\n\t<meta property=\"og:image:width\" content=\"1772\" \/>\n\t<meta property=\"og:image:height\" content=\"1475\" \/>\n\t<meta property=\"og:image:type\" content=\"image\/jpeg\" \/>\n<meta name=\"twitter:card\" content=\"summary_large_image\" \/>\n<meta name=\"twitter:site\" content=\"@animokoffie\" \/>\n<meta name=\"twitter:label1\" content=\"Arvioitu lukuaika\" \/>\n\t<meta name=\"twitter:data1\" content=\"1 minuutti\" \/>\n<script type=\"application\/ld+json\" class=\"yoast-schema-graph\">{\"@context\":\"https:\/\/schema.org\",\"@graph\":[{\"@type\":\"WebPage\",\"@id\":\"https:\/\/animo.eu\/fi\/tuki\/opetusvideot\/opetusvideot_optibean_ng\/\",\"url\":\"https:\/\/animo.eu\/fi\/tuki\/opetusvideot\/opetusvideot_optibean_ng\/\",\"name\":\"Opetusvideot OptiBean NG -\",\"isPartOf\":{\"@id\":\"https:\/\/animo.eu\/fi\/#website\"},\"primaryImageOfPage\":{\"@id\":\"https:\/\/animo.eu\/fi\/tuki\/opetusvideot\/opetusvideot_optibean_ng\/#primaryimage\"},\"image\":{\"@id\":\"https:\/\/animo.eu\/fi\/tuki\/opetusvideot\/opetusvideot_optibean_ng\/#primaryimage\"},\"thumbnailUrl\":\"https:\/\/animo.eu\/wp-content\/uploads\/2024\/02\/Downloads-header.jpg\",\"datePublished\":\"2024-04-17T10:30:38+00:00\",\"dateModified\":\"2024-05-29T07:45:31+00:00\",\"description\":\"Opetusvideot OptiBean NG -\",\"breadcrumb\":{\"@id\":\"https:\/\/animo.eu\/fi\/tuki\/opetusvideot\/opetusvideot_optibean_ng\/#breadcrumb\"},\"inLanguage\":\"fi\",\"potentialAction\":[{\"@type\":\"ReadAction\",\"target\":[\"https:\/\/animo.eu\/fi\/tuki\/opetusvideot\/opetusvideot_optibean_ng\/\"]}]},{\"@type\":\"ImageObject\",\"inLanguage\":\"fi\",\"@id\":\"https:\/\/animo.eu\/fi\/tuki\/opetusvideot\/opetusvideot_optibean_ng\/#primaryimage\",\"url\":\"https:\/\/animo.eu\/wp-content\/uploads\/2024\/02\/Downloads-header.jpg\",\"contentUrl\":\"https:\/\/animo.eu\/wp-content\/uploads\/2024\/02\/Downloads-header.jpg\",\"width\":1772,\"height\":1475},{\"@type\":\"BreadcrumbList\",\"@id\":\"https:\/\/animo.eu\/fi\/tuki\/opetusvideot\/opetusvideot_optibean_ng\/#breadcrumb\",\"itemListElement\":[{\"@type\":\"ListItem\",\"position\":1,\"name\":\"Home\",\"item\":\"https:\/\/animo.eu\/fi\/\"},{\"@type\":\"ListItem\",\"position\":2,\"name\":\"Tuki\",\"item\":\"https:\/\/animo.eu\/fi\/tuki\/\"},{\"@type\":\"ListItem\",\"position\":3,\"name\":\"Opetusvideot\",\"item\":\"https:\/\/animo.eu\/fi\/tuki\/opetusvideot\/\"},{\"@type\":\"ListItem\",\"position\":4,\"name\":\"Opetusvideot OptiBean NG\"}]},{\"@type\":\"WebSite\",\"@id\":\"https:\/\/animo.eu\/fi\/#website\",\"url\":\"https:\/\/animo.eu\/fi\/\",\"name\":\"\",\"description\":\"\",\"potentialAction\":[{\"@type\":\"SearchAction\",\"target\":{\"@type\":\"EntryPoint\",\"urlTemplate\":\"https:\/\/animo.eu\/fi\/?s={search_term_string}\"},\"query-input\":{\"@type\":\"PropertyValueSpecification\",\"valueRequired\":true,\"valueName\":\"search_term_string\"}}],\"inLanguage\":\"fi\"}]}<\/script>\n<!-- \/ Yoast SEO plugin. -->","yoast_head_json":{"title":"Opetusvideot OptiBean NG -","description":"Opetusvideot OptiBean NG -","robots":{"index":"index","follow":"follow","max-snippet":"max-snippet:-1","max-image-preview":"max-image-preview:large","max-video-preview":"max-video-preview:-1"},"canonical":"https:\/\/animo.eu\/fi\/tuki\/opetusvideot\/opetusvideot_optibean_ng\/","og_locale":"fi_FI","og_type":"article","og_title":"Opetusvideot OptiBean NG -","og_description":"Opetusvideot OptiBean NG -","og_url":"https:\/\/animo.eu\/fi\/tuki\/opetusvideot\/opetusvideot_optibean_ng\/","article_publisher":"https:\/\/www.facebook.com\/animobv\/","article_modified_time":"2024-05-29T07:45:31+00:00","og_image":[{"width":1772,"height":1475,"url":"https:\/\/animo.eu\/wp-content\/uploads\/2024\/02\/Downloads-header.jpg","type":"image\/jpeg"}],"twitter_card":"summary_large_image","twitter_site":"@animokoffie","twitter_misc":{"Arvioitu lukuaika":"1 minuutti"},"schema":{"@context":"https:\/\/schema.org","@graph":[{"@type":"WebPage","@id":"https:\/\/animo.eu\/fi\/tuki\/opetusvideot\/opetusvideot_optibean_ng\/","url":"https:\/\/animo.eu\/fi\/tuki\/opetusvideot\/opetusvideot_optibean_ng\/","name":"Opetusvideot OptiBean NG -","isPartOf":{"@id":"https:\/\/animo.eu\/fi\/#website"},"primaryImageOfPage":{"@id":"https:\/\/animo.eu\/fi\/tuki\/opetusvideot\/opetusvideot_optibean_ng\/#primaryimage"},"image":{"@id":"https:\/\/animo.eu\/fi\/tuki\/opetusvideot\/opetusvideot_optibean_ng\/#primaryimage"},"thumbnailUrl":"https:\/\/animo.eu\/wp-content\/uploads\/2024\/02\/Downloads-header.jpg","datePublished":"2024-04-17T10:30:38+00:00","dateModified":"2024-05-29T07:45:31+00:00","description":"Opetusvideot OptiBean NG -","breadcrumb":{"@id":"https:\/\/animo.eu\/fi\/tuki\/opetusvideot\/opetusvideot_optibean_ng\/#breadcrumb"},"inLanguage":"fi","potentialAction":[{"@type":"ReadAction","target":["https:\/\/animo.eu\/fi\/tuki\/opetusvideot\/opetusvideot_optibean_ng\/"]}]},{"@type":"ImageObject","inLanguage":"fi","@id":"https:\/\/animo.eu\/fi\/tuki\/opetusvideot\/opetusvideot_optibean_ng\/#primaryimage","url":"https:\/\/animo.eu\/wp-content\/uploads\/2024\/02\/Downloads-header.jpg","contentUrl":"https:\/\/animo.eu\/wp-content\/uploads\/2024\/02\/Downloads-header.jpg","width":1772,"height":1475},{"@type":"BreadcrumbList","@id":"https:\/\/animo.eu\/fi\/tuki\/opetusvideot\/opetusvideot_optibean_ng\/#breadcrumb","itemListElement":[{"@type":"ListItem","position":1,"name":"Home","item":"https:\/\/animo.eu\/fi\/"},{"@type":"ListItem","position":2,"name":"Tuki","item":"https:\/\/animo.eu\/fi\/tuki\/"},{"@type":"ListItem","position":3,"name":"Opetusvideot","item":"https:\/\/animo.eu\/fi\/tuki\/opetusvideot\/"},{"@type":"ListItem","position":4,"name":"Opetusvideot OptiBean NG"}]},{"@type":"WebSite","@id":"https:\/\/animo.eu\/fi\/#website","url":"https:\/\/animo.eu\/fi\/","name":"","description":"","potentialAction":[{"@type":"SearchAction","target":{"@type":"EntryPoint","urlTemplate":"https:\/\/animo.eu\/fi\/?s={search_term_string}"},"query-input":{"@type":"PropertyValueSpecification","valueRequired":true,"valueName":"search_term_string"}}],"inLanguage":"fi"}]}},"_links":{"self":[{"href":"https:\/\/animo.eu\/fi\/wp-json\/wp\/v2\/pages\/66946"}],"collection":[{"href":"https:\/\/animo.eu\/fi\/wp-json\/wp\/v2\/pages"}],"about":[{"href":"https:\/\/animo.eu\/fi\/wp-json\/wp\/v2\/types\/page"}],"author":[{"embeddable":true,"href":"https:\/\/animo.eu\/fi\/wp-json\/wp\/v2\/users\/21"}],"replies":[{"embeddable":true,"href":"https:\/\/animo.eu\/fi\/wp-json\/wp\/v2\/comments?post=66946"}],"version-history":[{"count":8,"href":"https:\/\/animo.eu\/fi\/wp-json\/wp\/v2\/pages\/66946\/revisions"}],"predecessor-version":[{"id":71214,"href":"https:\/\/animo.eu\/fi\/wp-json\/wp\/v2\/pages\/66946\/revisions\/71214"}],"up":[{"embeddable":true,"href":"https:\/\/animo.eu\/fi\/wp-json\/wp\/v2\/pages\/70955"}],"wp:featuredmedia":[{"embeddable":true,"href":"https:\/\/animo.eu\/fi\/wp-json\/wp\/v2\/media\/55394"}],"wp:attachment":[{"href":"https:\/\/animo.eu\/fi\/wp-json\/wp\/v2\/media?parent=66946"}],"curies":[{"name":"wp","href":"https:\/\/api.w.org\/{rel}","templated":true}]}}