{"id":70908,"date":"2024-05-28T10:37:45","date_gmt":"2024-05-28T08:37:45","guid":{"rendered":"https:\/\/animo.eu\/?page_id=70908"},"modified":"2024-05-29T09:46:55","modified_gmt":"2024-05-29T07:46:55","slug":"opetusvideot_opti_ng","status":"publish","type":"page","link":"https:\/\/animo.eu\/fi\/tuki\/opetusvideot\/opetusvideot_opti_ng\/","title":{"rendered":"Opetusvideot OptiFresh NG"},"content":{"rendered":"\t\t<section class=\"pane pane--white pane--accordion\">\n\t\t<div class=\"container\">\n\t\n\n\t<div id=\"Opetusvideot\" class=\"card card--white mb-4 mb-lg-12 anchor\">\n\t\t<div class=\"card-body p-0\">\n\t\t\t\t\t\t\n\t\t\t\t\t<div class=\"row g-4\">\n\t\t\t\t<div class=\"col-12\">\n\t\t\t\t\t<div class=\"accordion\" id=\"accordion_header_680151\">\n\t\t\t\t\t\t<div class=\"accordion-item\">\n\t\t\t\t\t\t\t<h2 class=\"accordion-header\" id=\"heading_680151\">\n\t\t\t\t\t\t\t\t<button class=\"accordion-button collapsed\" type=\"button\" data-bs-toggle=\"collapse\" data-bs-target=\"#collapse_heading_680151\" aria-expanded=\"false\" aria-controls=\"collapse_heading_680151\">\n\t\t\t\t\t\t\t\t\t<span class=\"accordion-button__text\">Lataa opetusvideot OptiFresh NG<\/span>\n\t\t\t\t\t\t\t\t<\/button>\n\t\t\t\t\t\t\t<\/h2>\n\t\t\t\t\t\t\t<div id=\"collapse_heading_680151\" class=\"accordion-collapse collapse\" aria-labelledby=\"heading_680151\" data-bs-parent=\"#accordion_header_680151\">\n\t\t\t\t\t\t\t\t<div class=\"accordion-body\">\n\t\t\t\t\t\t\t\t\t\t\t\t\t\t\t\t\t\t<div class=\"accordion\" id=\"accordion_680151\">\n\t\t\t\t\t\t\t\t\t\t\t\t\t\t\t\t\t\t\t\t\t\t\t\t\t\t\t\t\t\t\t\t\t\t\t\t\t\t\t\t\t\t\t\t<div class=\"accordion-item\">\n\t\t\t\t\t\t\t\t\t\t\t\t\t\t\t\t\t\t\t\t\t\t\t\t\t\t\t<div class=\"accordion-header\" id=\"heading680151_1\">\n\t\t\t\t\t\t\t\t\t\t\t\t\t\t\t<button class=\"accordion-button collapsed\" type=\"button\" data-bs-toggle=\"collapse\" data-bs-target=\"#collapse680151_1\" aria-expanded=\"false\" aria-controls=\"collapse680151_1\">\n\t\t\t\t\t\t\t\t\t\t\t\t\t\t\t\tOptiFresh NG:n k\u00e4ytt\u00f6\u00f6notto\t\t\t\t\t\t\t\t\t\t\t\t\t\t\t<\/button>\n\t\t\t\t\t\t\t\t\t\t\t\t\t\t<\/div>\n\t\t\t\t\t\t\t\t\t\t\t\t\t\t\t\t\t\t\t\t\t\t\t\t\t\t<div id=\"collapse680151_1\" class=\"accordion-collapse collapse \" aria-labelledby=\"heading680151_1\" data-bs-parent=\"#accordion_680151\">\n\t\t\t\t\t\t\t\t\t\t\t\t\t\t<div class=\"accordion-body\">\n\t\t\t\t\t\t\t\t\t\t\t\t\t\t\t\t\t\t\t\t\t\t\t\t\t\t\t\t\t\t\n\n\t\t\t\t\t\t\t\t\t\t\t\t\t\t\t\n\t\t\t\t\t\t\t\t\t\t\t\t\t\t\t\t\t\t\t\t\t\t\t\t\t\t\t\t\t\t    <div class=\"row g-2\">\n                    <div class=\"col-4 col-md-3 col-lg-2\">\n                <a href=\"https:\/\/www.youtube.com\/watch?v=IUeL2RkwFMw\" target=\"_blank\">\n                    <img decoding=\"async\" class=\"img-fluid\" src=\"https:\/\/i.ytimg.com\/vi\/IUeL2RkwFMw\/mqdefault.jpg\" alt=\"\">\n                <\/a>\n            <\/div>\n            <\/div>\n\t\t\t\t\t\t\t\t\t\t\t\t\t\t<\/div>\n\t\t\t\t\t\t\t\t\t\t\t\t\t<\/div>\n\t\t\t\t\t\t\t\t\t\t\t\t<\/div>\n\t\t\t\t\t\t\t\t\t\t\t                    \n\t\t\t\t\t\t\t\t\t\t\t\t\t\t\t\t\t\t\t\t\t\t\t\t\t\t\t\t\t\t\t\t\t\t\t\t\t\t\t\t\t\t\t\t<div class=\"accordion-item\">\n\t\t\t\t\t\t\t\t\t\t\t\t\t\t\t\t\t\t\t\t\t\t\t\t\t\t\t<div class=\"accordion-header\" id=\"heading680151_2\">\n\t\t\t\t\t\t\t\t\t\t\t\t\t\t\t<button class=\"accordion-button collapsed\" type=\"button\" data-bs-toggle=\"collapse\" data-bs-target=\"#collapse680151_2\" aria-expanded=\"false\" aria-controls=\"collapse680151_2\">\n\t\t\t\t\t\t\t\t\t\t\t\t\t\t\t\tRenew Brewer suodatin OptiFresh NG\t\t\t\t\t\t\t\t\t\t\t\t\t\t\t<\/button>\n\t\t\t\t\t\t\t\t\t\t\t\t\t\t<\/div>\n\t\t\t\t\t\t\t\t\t\t\t\t\t\t\t\t\t\t\t\t\t\t\t\t\t\t<div id=\"collapse680151_2\" class=\"accordion-collapse collapse \" aria-labelledby=\"heading680151_2\" data-bs-parent=\"#accordion_680151\">\n\t\t\t\t\t\t\t\t\t\t\t\t\t\t<div class=\"accordion-body\">\n\t\t\t\t\t\t\t\t\t\t\t\t\t\t\t\t\t\t\t\t\t\t\t\t\t\t\t\t\t\t\n\n\t\t\t\t\t\t\t\t\t\t\t\t\t\t\t\n\t\t\t\t\t\t\t\t\t\t\t\t\t\t\t\t\t\t\t\t\t\t\t\t\t\t\t\t\t\t    <div class=\"row g-2\">\n                    <div class=\"col-4 col-md-3 col-lg-2\">\n                <a href=\"https:\/\/www.youtube.com\/watch?v=s5g4NLKlc3A\" target=\"_blank\">\n                    <img decoding=\"async\" class=\"img-fluid\" src=\"https:\/\/i.ytimg.com\/vi\/s5g4NLKlc3A\/mqdefault.jpg\" alt=\"\">\n                <\/a>\n            <\/div>\n            <\/div>\n\t\t\t\t\t\t\t\t\t\t\t\t\t\t<\/div>\n\t\t\t\t\t\t\t\t\t\t\t\t\t<\/div>\n\t\t\t\t\t\t\t\t\t\t\t\t<\/div>\n\t\t\t\t\t\t\t\t\t\t\t                    \n\t\t\t\t\t\t\t\t\t\t\t\t\t\t\t\t\t\t\t\t\t\t\t\t\t\t\t\t\t\t\t\t\t\t\t\t\t\t\t\t\t\t\t\t<div class=\"accordion-item\">\n\t\t\t\t\t\t\t\t\t\t\t\t\t\t\t\t\t\t\t\t\t\t\t\t\t\t\t<div class=\"accordion-header\" id=\"heading680151_3\">\n\t\t\t\t\t\t\t\t\t\t\t\t\t\t\t<button class=\"accordion-button collapsed\" type=\"button\" data-bs-toggle=\"collapse\" data-bs-target=\"#collapse680151_3\" aria-expanded=\"false\" aria-controls=\"collapse680151_3\">\n\t\t\t\t\t\t\t\t\t\t\t\t\t\t\t\tP\u00e4ivitt\u00e4inen puhdistus OptiFresh NG\t\t\t\t\t\t\t\t\t\t\t\t\t\t\t<\/button>\n\t\t\t\t\t\t\t\t\t\t\t\t\t\t<\/div>\n\t\t\t\t\t\t\t\t\t\t\t\t\t\t\t\t\t\t\t\t\t\t\t\t\t\t<div id=\"collapse680151_3\" class=\"accordion-collapse collapse \" aria-labelledby=\"heading680151_3\" data-bs-parent=\"#accordion_680151\">\n\t\t\t\t\t\t\t\t\t\t\t\t\t\t<div class=\"accordion-body\">\n\t\t\t\t\t\t\t\t\t\t\t\t\t\t\t\t\t\t\t\t\t\t\t\t\t\t\t\t\t\t\n\n\t\t\t\t\t\t\t\t\t\t\t\t\t\t\t\n\t\t\t\t\t\t\t\t\t\t\t\t\t\t\t\t\t\t\t\t\t\t\t\t\t\t\t\t\t\t    <div class=\"row g-2\">\n                    <div class=\"col-4 col-md-3 col-lg-2\">\n                <a href=\"https:\/\/www.youtube.com\/watch?v=8Z3Vei4R2HI\" target=\"_blank\">\n                    <img decoding=\"async\" class=\"img-fluid\" src=\"https:\/\/i.ytimg.com\/vi\/8Z3Vei4R2HI\/mqdefault.jpg\" alt=\"\">\n                <\/a>\n            <\/div>\n            <\/div>\n\t\t\t\t\t\t\t\t\t\t\t\t\t\t<\/div>\n\t\t\t\t\t\t\t\t\t\t\t\t\t<\/div>\n\t\t\t\t\t\t\t\t\t\t\t\t<\/div>\n\t\t\t\t\t\t\t\t\t\t\t                    \n\t\t\t\t\t\t\t\t\t\t\t\t\t\t\t\t\t\t\t\t\t\t\t\t\t\t\t\t\t\t\t\t\t\t\t\t\t\t\t\t\t\t\t\t<div class=\"accordion-item\">\n\t\t\t\t\t\t\t\t\t\t\t\t\t\t\t\t\t\t\t\t\t\t\t\t\t\t\t<div class=\"accordion-header\" id=\"heading680151_4\">\n\t\t\t\t\t\t\t\t\t\t\t\t\t\t\t<button class=\"accordion-button collapsed\" type=\"button\" data-bs-toggle=\"collapse\" data-bs-target=\"#collapse680151_4\" aria-expanded=\"false\" aria-controls=\"collapse680151_4\">\n\t\t\t\t\t\t\t\t\t\t\t\t\t\t\t\tViikoittainen puhdistus OptiFresh NG\t\t\t\t\t\t\t\t\t\t\t\t\t\t\t<\/button>\n\t\t\t\t\t\t\t\t\t\t\t\t\t\t<\/div>\n\t\t\t\t\t\t\t\t\t\t\t\t\t\t\t\t\t\t\t\t\t\t\t\t\t\t<div id=\"collapse680151_4\" class=\"accordion-collapse collapse \" aria-labelledby=\"heading680151_4\" data-bs-parent=\"#accordion_680151\">\n\t\t\t\t\t\t\t\t\t\t\t\t\t\t<div class=\"accordion-body\">\n\t\t\t\t\t\t\t\t\t\t\t\t\t\t\t\t\t\t\t\t\t\t\t\t\t\t\t\t\t\t\n\n\t\t\t\t\t\t\t\t\t\t\t\t\t\t\t\n\t\t\t\t\t\t\t\t\t\t\t\t\t\t\t\t\t\t\t\t\t\t\t\t\t\t\t\t\t\t    <div class=\"row g-2\">\n                    <div class=\"col-4 col-md-3 col-lg-2\">\n                <a href=\"https:\/\/www.youtube.com\/watch?v=iaXvaRAfwbw\" target=\"_blank\">\n                    <img decoding=\"async\" class=\"img-fluid\" src=\"https:\/\/i.ytimg.com\/vi\/iaXvaRAfwbw\/mqdefault.jpg\" alt=\"\">\n                <\/a>\n            <\/div>\n            <\/div>\n\t\t\t\t\t\t\t\t\t\t\t\t\t\t<\/div>\n\t\t\t\t\t\t\t\t\t\t\t\t\t<\/div>\n\t\t\t\t\t\t\t\t\t\t\t\t<\/div>\n\t\t\t\t\t\t\t\t\t\t\t                    \n\t\t\t\t\t\t\t\t\t\t\t\t\t\t\t\t\t\t\t\t\t\t\t\t\t\t\t\t\t\t\t\t\t\t\t\t\t\t\t\t\t\t\t\t<div class=\"accordion-item\">\n\t\t\t\t\t\t\t\t\t\t\t\t\t\t\t\t\t\t\t\t\t\t\t\t\t\t\t<div class=\"accordion-header\" id=\"heading680151_5\">\n\t\t\t\t\t\t\t\t\t\t\t\t\t\t\t<button class=\"accordion-button collapsed\" type=\"button\" data-bs-toggle=\"collapse\" data-bs-target=\"#collapse680151_5\" aria-expanded=\"false\" aria-controls=\"collapse680151_5\">\n\t\t\t\t\t\t\t\t\t\t\t\t\t\t\t\tKuukausittainen puhdistus OptiFresh NG\t\t\t\t\t\t\t\t\t\t\t\t\t\t\t<\/button>\n\t\t\t\t\t\t\t\t\t\t\t\t\t\t<\/div>\n\t\t\t\t\t\t\t\t\t\t\t\t\t\t\t\t\t\t\t\t\t\t\t\t\t\t<div id=\"collapse680151_5\" class=\"accordion-collapse collapse \" aria-labelledby=\"heading680151_5\" data-bs-parent=\"#accordion_680151\">\n\t\t\t\t\t\t\t\t\t\t\t\t\t\t<div class=\"accordion-body\">\n\t\t\t\t\t\t\t\t\t\t\t\t\t\t\t\t\t\t\t\t\t\t\t\t\t\t\t\t\t\t\n\n\t\t\t\t\t\t\t\t\t\t\t\t\t\t\t\n\t\t\t\t\t\t\t\t\t\t\t\t\t\t\t\t\t\t\t\t\t\t\t\t\t\t\t\t\t\t    <div class=\"row g-2\">\n                    <div class=\"col-4 col-md-3 col-lg-2\">\n                <a href=\"https:\/\/www.youtube.com\/watch?v=EZkwx1FktyY\" target=\"_blank\">\n                    <img decoding=\"async\" class=\"img-fluid\" src=\"https:\/\/i.ytimg.com\/vi\/EZkwx1FktyY\/mqdefault.jpg\" alt=\"\">\n                <\/a>\n            <\/div>\n            <\/div>\n\t\t\t\t\t\t\t\t\t\t\t\t\t\t<\/div>\n\t\t\t\t\t\t\t\t\t\t\t\t\t<\/div>\n\t\t\t\t\t\t\t\t\t\t\t\t<\/div>\n\t\t\t\t\t\t\t\t\t\t\t                    \n\t\t\t\t\t\t\t\t\t\t\t\t\t\t\t\t\t\t\t<\/div>\n\t\t\t\t\t\t\t\t\t\t\t\t\t\t\t\t\t<\/div>\n\t\t\t\t\t\t\t<\/div>\n\t\t\t\t\t\t<\/div>\n\t\t\t\t\t<\/div>\n\t\t\t\t<\/div>\n\t\t\t<\/div>\n\t\t\t<\/div>\t\n<\/div>\t\n\n<\/section><\/div>","protected":false},"excerpt":{"rendered":"","protected":false},"author":12,"featured_media":55394,"parent":70955,"menu_order":6,"comment_status":"closed","ping_status":"closed","template":"","meta":{"_acf_changed":false,"footnotes":""},"class_list":["post-70908","page","type-page","status-publish","has-post-thumbnail","hentry"],"acf":[],"yoast_head":"<!-- This site is optimized with the Yoast SEO plugin v25.5 - https:\/\/yoast.com\/wordpress\/plugins\/seo\/ -->\n<title>Opetusvideot OptiFresh NG -<\/title>\n<meta name=\"description\" content=\"Opetusvideot OptiFresh NG -\" \/>\n<meta name=\"robots\" content=\"index, follow, max-snippet:-1, max-image-preview:large, max-video-preview:-1\" \/>\n<link rel=\"canonical\" href=\"https:\/\/animo.eu\/fi\/tuki\/opetusvideot\/opetusvideot_opti_ng\/\" \/>\n<meta property=\"og:locale\" content=\"fi_FI\" \/>\n<meta property=\"og:type\" content=\"article\" \/>\n<meta property=\"og:title\" content=\"Opetusvideot OptiFresh NG -\" \/>\n<meta property=\"og:description\" content=\"Opetusvideot OptiFresh NG -\" \/>\n<meta property=\"og:url\" content=\"https:\/\/animo.eu\/fi\/tuki\/opetusvideot\/opetusvideot_opti_ng\/\" \/>\n<meta property=\"article:publisher\" content=\"https:\/\/www.facebook.com\/animobv\/\" \/>\n<meta property=\"article:modified_time\" content=\"2024-05-29T07:46:55+00:00\" \/>\n<meta property=\"og:image\" content=\"https:\/\/animo.eu\/wp-content\/uploads\/2024\/02\/Downloads-header.jpg\" \/>\n\t<meta property=\"og:image:width\" content=\"1772\" \/>\n\t<meta property=\"og:image:height\" content=\"1475\" \/>\n\t<meta property=\"og:image:type\" content=\"image\/jpeg\" \/>\n<meta name=\"twitter:card\" content=\"summary_large_image\" \/>\n<meta name=\"twitter:site\" content=\"@animokoffie\" \/>\n<meta name=\"twitter:label1\" content=\"Arvioitu lukuaika\" \/>\n\t<meta name=\"twitter:data1\" content=\"1 minuutti\" \/>\n<script type=\"application\/ld+json\" class=\"yoast-schema-graph\">{\"@context\":\"https:\/\/schema.org\",\"@graph\":[{\"@type\":\"WebPage\",\"@id\":\"https:\/\/animo.eu\/fi\/tuki\/opetusvideot\/opetusvideot_opti_ng\/\",\"url\":\"https:\/\/animo.eu\/fi\/tuki\/opetusvideot\/opetusvideot_opti_ng\/\",\"name\":\"Opetusvideot OptiFresh NG -\",\"isPartOf\":{\"@id\":\"https:\/\/animo.eu\/fi\/#website\"},\"primaryImageOfPage\":{\"@id\":\"https:\/\/animo.eu\/fi\/tuki\/opetusvideot\/opetusvideot_opti_ng\/#primaryimage\"},\"image\":{\"@id\":\"https:\/\/animo.eu\/fi\/tuki\/opetusvideot\/opetusvideot_opti_ng\/#primaryimage\"},\"thumbnailUrl\":\"https:\/\/animo.eu\/wp-content\/uploads\/2024\/02\/Downloads-header.jpg\",\"datePublished\":\"2024-05-28T08:37:45+00:00\",\"dateModified\":\"2024-05-29T07:46:55+00:00\",\"description\":\"Opetusvideot OptiFresh NG -\",\"breadcrumb\":{\"@id\":\"https:\/\/animo.eu\/fi\/tuki\/opetusvideot\/opetusvideot_opti_ng\/#breadcrumb\"},\"inLanguage\":\"fi\",\"potentialAction\":[{\"@type\":\"ReadAction\",\"target\":[\"https:\/\/animo.eu\/fi\/tuki\/opetusvideot\/opetusvideot_opti_ng\/\"]}]},{\"@type\":\"ImageObject\",\"inLanguage\":\"fi\",\"@id\":\"https:\/\/animo.eu\/fi\/tuki\/opetusvideot\/opetusvideot_opti_ng\/#primaryimage\",\"url\":\"https:\/\/animo.eu\/wp-content\/uploads\/2024\/02\/Downloads-header.jpg\",\"contentUrl\":\"https:\/\/animo.eu\/wp-content\/uploads\/2024\/02\/Downloads-header.jpg\",\"width\":1772,\"height\":1475},{\"@type\":\"BreadcrumbList\",\"@id\":\"https:\/\/animo.eu\/fi\/tuki\/opetusvideot\/opetusvideot_opti_ng\/#breadcrumb\",\"itemListElement\":[{\"@type\":\"ListItem\",\"position\":1,\"name\":\"Home\",\"item\":\"https:\/\/animo.eu\/fi\/\"},{\"@type\":\"ListItem\",\"position\":2,\"name\":\"Tuki\",\"item\":\"https:\/\/animo.eu\/fi\/tuki\/\"},{\"@type\":\"ListItem\",\"position\":3,\"name\":\"Opetusvideot\",\"item\":\"https:\/\/animo.eu\/fi\/tuki\/opetusvideot\/\"},{\"@type\":\"ListItem\",\"position\":4,\"name\":\"Opetusvideot OptiFresh NG\"}]},{\"@type\":\"WebSite\",\"@id\":\"https:\/\/animo.eu\/fi\/#website\",\"url\":\"https:\/\/animo.eu\/fi\/\",\"name\":\"\",\"description\":\"\",\"potentialAction\":[{\"@type\":\"SearchAction\",\"target\":{\"@type\":\"EntryPoint\",\"urlTemplate\":\"https:\/\/animo.eu\/fi\/?s={search_term_string}\"},\"query-input\":{\"@type\":\"PropertyValueSpecification\",\"valueRequired\":true,\"valueName\":\"search_term_string\"}}],\"inLanguage\":\"fi\"}]}<\/script>\n<!-- \/ Yoast SEO plugin. -->","yoast_head_json":{"title":"Opetusvideot OptiFresh NG -","description":"Opetusvideot OptiFresh NG -","robots":{"index":"index","follow":"follow","max-snippet":"max-snippet:-1","max-image-preview":"max-image-preview:large","max-video-preview":"max-video-preview:-1"},"canonical":"https:\/\/animo.eu\/fi\/tuki\/opetusvideot\/opetusvideot_opti_ng\/","og_locale":"fi_FI","og_type":"article","og_title":"Opetusvideot OptiFresh NG -","og_description":"Opetusvideot OptiFresh NG -","og_url":"https:\/\/animo.eu\/fi\/tuki\/opetusvideot\/opetusvideot_opti_ng\/","article_publisher":"https:\/\/www.facebook.com\/animobv\/","article_modified_time":"2024-05-29T07:46:55+00:00","og_image":[{"width":1772,"height":1475,"url":"https:\/\/animo.eu\/wp-content\/uploads\/2024\/02\/Downloads-header.jpg","type":"image\/jpeg"}],"twitter_card":"summary_large_image","twitter_site":"@animokoffie","twitter_misc":{"Arvioitu lukuaika":"1 minuutti"},"schema":{"@context":"https:\/\/schema.org","@graph":[{"@type":"WebPage","@id":"https:\/\/animo.eu\/fi\/tuki\/opetusvideot\/opetusvideot_opti_ng\/","url":"https:\/\/animo.eu\/fi\/tuki\/opetusvideot\/opetusvideot_opti_ng\/","name":"Opetusvideot OptiFresh NG -","isPartOf":{"@id":"https:\/\/animo.eu\/fi\/#website"},"primaryImageOfPage":{"@id":"https:\/\/animo.eu\/fi\/tuki\/opetusvideot\/opetusvideot_opti_ng\/#primaryimage"},"image":{"@id":"https:\/\/animo.eu\/fi\/tuki\/opetusvideot\/opetusvideot_opti_ng\/#primaryimage"},"thumbnailUrl":"https:\/\/animo.eu\/wp-content\/uploads\/2024\/02\/Downloads-header.jpg","datePublished":"2024-05-28T08:37:45+00:00","dateModified":"2024-05-29T07:46:55+00:00","description":"Opetusvideot OptiFresh NG -","breadcrumb":{"@id":"https:\/\/animo.eu\/fi\/tuki\/opetusvideot\/opetusvideot_opti_ng\/#breadcrumb"},"inLanguage":"fi","potentialAction":[{"@type":"ReadAction","target":["https:\/\/animo.eu\/fi\/tuki\/opetusvideot\/opetusvideot_opti_ng\/"]}]},{"@type":"ImageObject","inLanguage":"fi","@id":"https:\/\/animo.eu\/fi\/tuki\/opetusvideot\/opetusvideot_opti_ng\/#primaryimage","url":"https:\/\/animo.eu\/wp-content\/uploads\/2024\/02\/Downloads-header.jpg","contentUrl":"https:\/\/animo.eu\/wp-content\/uploads\/2024\/02\/Downloads-header.jpg","width":1772,"height":1475},{"@type":"BreadcrumbList","@id":"https:\/\/animo.eu\/fi\/tuki\/opetusvideot\/opetusvideot_opti_ng\/#breadcrumb","itemListElement":[{"@type":"ListItem","position":1,"name":"Home","item":"https:\/\/animo.eu\/fi\/"},{"@type":"ListItem","position":2,"name":"Tuki","item":"https:\/\/animo.eu\/fi\/tuki\/"},{"@type":"ListItem","position":3,"name":"Opetusvideot","item":"https:\/\/animo.eu\/fi\/tuki\/opetusvideot\/"},{"@type":"ListItem","position":4,"name":"Opetusvideot OptiFresh NG"}]},{"@type":"WebSite","@id":"https:\/\/animo.eu\/fi\/#website","url":"https:\/\/animo.eu\/fi\/","name":"","description":"","potentialAction":[{"@type":"SearchAction","target":{"@type":"EntryPoint","urlTemplate":"https:\/\/animo.eu\/fi\/?s={search_term_string}"},"query-input":{"@type":"PropertyValueSpecification","valueRequired":true,"valueName":"search_term_string"}}],"inLanguage":"fi"}]}},"_links":{"self":[{"href":"https:\/\/animo.eu\/fi\/wp-json\/wp\/v2\/pages\/70908"}],"collection":[{"href":"https:\/\/animo.eu\/fi\/wp-json\/wp\/v2\/pages"}],"about":[{"href":"https:\/\/animo.eu\/fi\/wp-json\/wp\/v2\/types\/page"}],"author":[{"embeddable":true,"href":"https:\/\/animo.eu\/fi\/wp-json\/wp\/v2\/users\/12"}],"replies":[{"embeddable":true,"href":"https:\/\/animo.eu\/fi\/wp-json\/wp\/v2\/comments?post=70908"}],"version-history":[{"count":4,"href":"https:\/\/animo.eu\/fi\/wp-json\/wp\/v2\/pages\/70908\/revisions"}],"predecessor-version":[{"id":71215,"href":"https:\/\/animo.eu\/fi\/wp-json\/wp\/v2\/pages\/70908\/revisions\/71215"}],"up":[{"embeddable":true,"href":"https:\/\/animo.eu\/fi\/wp-json\/wp\/v2\/pages\/70955"}],"wp:featuredmedia":[{"embeddable":true,"href":"https:\/\/animo.eu\/fi\/wp-json\/wp\/v2\/media\/55394"}],"wp:attachment":[{"href":"https:\/\/animo.eu\/fi\/wp-json\/wp\/v2\/media?parent=70908"}],"curies":[{"name":"wp","href":"https:\/\/api.w.org\/{rel}","templated":true}]}}