{"id":1681,"date":"2023-02-02T11:44:47","date_gmt":"2023-02-02T10:44:47","guid":{"rendered":"http:\/\/localhost:8888\/animo\/home\/"},"modified":"2024-06-05T13:55:39","modified_gmt":"2024-06-05T11:55:39","slug":"home","status":"publish","type":"page","link":"https:\/\/animo.eu\/fr\/","title":{"rendered":"Accueil"},"content":{"rendered":"\n<section class=\"hero\">\n    <div class=\"hero__background\">\n                                            <video class=\"hero__video\" autoplay loop muted playsinline>\n                    <source src=\"https:\/\/animo.eu\/wp-content\/uploads\/2024\/05\/Optime_X_zonder_logo_3840x2160.mp4\" type=\"video\/mp4\">\n                <\/video>\n                <script>\n                (function(){\n                var width = window.innerWidth || document.documentElement.clientWidth || document.body.clientWidth;\n                var height = window.innerHeight || document.documentElement.clientHeight || document.body.clientHeight;\n                if (width < 600)\n                    document.querySelector(\"video source\").setAttribute('src', 'https:\/\/animo.eu\/wp-content\/uploads\/2024\/05\/Optime_X_banner-2520x1080-1.mp4');\n                else if (width < 992)\n                    document.querySelector(\"video source\").setAttribute('src', 'https:\/\/animo.eu\/wp-content\/uploads\/2024\/05\/Optime_X_square_2160x2160.mp4');\n                })();<\/script>\n                        <\/div>    \n            <div class=\"hero__content\">\n            <div class=\"container\">\n                <div class=\"row\">                    <div class=\"col-12 col-lg-9 col-xl-8\">                        <div class=\"hero__text \">\n                            <p>Notre derni\u00e8re machine \u00e0 caf\u00e9<\/p>\n<h1>OptiMe X<\/h1>\n                        <\/div>\n                                                \n\n    <div class=\"pane__button-group\">\n        <div class=\"row g-2 g-lg-3 justify-content-start\">\n                            <div class=\"col-auto\">\n                                        <a class=\"btn btn-white\" href=\"https:\/\/animo.eu\/fr\/machines-a-cafe\/optime-x\/\" target=\"_self\">\n                        <span class=\"btn__text\">En savoir plus<\/span>\n                        <svg class=\"icon icon--20 icon--arrow\">\n                            <use xlink:href=\"https:\/\/animo.eu\/wp-content\/themes\/animo\/build\/img\/symbols.svg#arrow-right\"><\/use>\n                        <\/svg>\n                    <\/a>\n                <\/div>\n                    <\/div>\n    <\/div>\n\n\n                    <\/div>\n                <\/div>\n            <\/div>\n        <\/div>\n        <div class=\"hero__scroll\">\n        <span>Parchemin<\/span>\n        <svg class=\"icon icon--20 text-secondary\">\n            <use xlink:href=\"https:\/\/animo.eu\/wp-content\/themes\/animo\/build\/img\/symbols.svg#arrow-down\"><\/use>\n        <\/svg>      \n    <\/div>\n<\/section>\n\n\n\n<section  class=\"pane pane--white \">\n    <div class=\"container\">\n                    <div class=\"row justify-content-center mb-10\">\n                <div class=\"col-12 col-lg-10 col-xl-8\">\n                    <div class=\"pane__text\">\n                        <h2 style=\"text-align: center\">Produits pr\u00e9f\u00e9r\u00e9s<\/h2>\n<p style=\"text-align: center\">Nous vous aiderons volontiers dans votre recherche du caf\u00e9 le plus savoureux.<\/p>\n                    <\/div>\n                <\/div>\n            <\/div>\n                            <div class=\"row row--equalized g-4 g-lg-3 g-xl-6\">\n              \n                <div class=\"col-12 col-md-6 col-lg-3\">\n                    <div class=\"card card--product\">\n                        <div class=\"card-header\">\n                <div class=\"badge bg-tertiary\">Caf\u00e9 et grains (Espresso)<\/div>\n            <\/div>\n                <div class=\"card__image\">\n                    <img decoding=\"async\" width=\"550\" height=\"458\" src=\"https:\/\/animo.eu\/wp-content\/uploads\/2024\/05\/OptiMe-X-white_black-550x458.png\" class=\"image wp-post-image\" alt=\"\" loading=\"lazy\" srcset=\"https:\/\/animo.eu\/wp-content\/uploads\/2024\/05\/OptiMe-X-white_black-550x458.png 550w, https:\/\/animo.eu\/wp-content\/uploads\/2024\/05\/OptiMe-X-white_black-300x250.png 300w, https:\/\/animo.eu\/wp-content\/uploads\/2024\/05\/OptiMe-X-white_black-1024x852.png 1024w, https:\/\/animo.eu\/wp-content\/uploads\/2024\/05\/OptiMe-X-white_black-768x639.png 768w, https:\/\/animo.eu\/wp-content\/uploads\/2024\/05\/OptiMe-X-white_black-1536x1279.png 1536w, https:\/\/animo.eu\/wp-content\/uploads\/2024\/05\/OptiMe-X-white_black-70x58.png 70w, https:\/\/animo.eu\/wp-content\/uploads\/2024\/05\/OptiMe-X-white_black-800x666.png 800w, https:\/\/animo.eu\/wp-content\/uploads\/2024\/05\/OptiMe-X-white_black-120x100.png 120w, https:\/\/animo.eu\/wp-content\/uploads\/2024\/05\/OptiMe-X-white_black-150x125.png 150w, https:\/\/animo.eu\/wp-content\/uploads\/2024\/05\/OptiMe-X-white_black.png 1772w\" sizes=\"(max-width: 550px) 100vw, 550px\" \/>                <\/div>\n    <div class=\"card-body\">\n        <h3 class=\"card-title\">OptiMe X<\/h3>\n                    <p class=\"mb-0\">Avec l'OptiMe X, vous pouvez facilement pr\u00e9parer deux tasses en m\u00eame temps. C'est possible gr\u00e2ce \u00e0 l'infuseur X-press. Il n'a jamais \u00e9t\u00e9 aussi facile de pr\u00e9parer un caf\u00e9 parfait.<\/p>\n            <\/div>\n    <div class=\"card-footer\">\n        <span class=\"btn btn-outline-secondary\">\n            <span class=\"btn__text\">Plus d'informations<\/span>\n            <svg class=\"icon icon--20 icon--arrow\">\n                <use xlink:href=\"https:\/\/animo.eu\/wp-content\/themes\/animo\/build\/img\/symbols.svg#arrow-right\"><\/use>\n            <\/svg>\n        <\/span>\n    <\/div>\n    <a class=\"stretched-link\" href=\"https:\/\/animo.eu\/fr\/machines-a-cafe\/optime-x\/\"><\/a>\n<\/div>\n                <\/div>\n              \n                <div class=\"col-12 col-md-6 col-lg-3\">\n                    <div class=\"card card--product\">\n                        <div class=\"card-header\">\n                <div class=\"badge bg-tertiary\">Caf\u00e9 et grains (Espresso)<\/div>\n            <\/div>\n                <div class=\"card__image\">\n                    <img decoding=\"async\" width=\"550\" height=\"458\" src=\"https:\/\/animo.eu\/wp-content\/uploads\/2023\/06\/OptiBean-X-550x458.png\" class=\"image wp-post-image\" alt=\"\" loading=\"lazy\" srcset=\"https:\/\/animo.eu\/wp-content\/uploads\/2023\/06\/OptiBean-X-550x458.png 550w, https:\/\/animo.eu\/wp-content\/uploads\/2023\/06\/OptiBean-X-300x250.png 300w, https:\/\/animo.eu\/wp-content\/uploads\/2023\/06\/OptiBean-X-1024x852.png 1024w, https:\/\/animo.eu\/wp-content\/uploads\/2023\/06\/OptiBean-X-768x639.png 768w, https:\/\/animo.eu\/wp-content\/uploads\/2023\/06\/OptiBean-X-1536x1279.png 1536w, https:\/\/animo.eu\/wp-content\/uploads\/2023\/06\/OptiBean-X-70x58.png 70w, https:\/\/animo.eu\/wp-content\/uploads\/2023\/06\/OptiBean-X-120x100.png 120w, https:\/\/animo.eu\/wp-content\/uploads\/2023\/06\/OptiBean-X-150x125.png 150w, https:\/\/animo.eu\/wp-content\/uploads\/2023\/06\/OptiBean-X.png 1772w\" sizes=\"(max-width: 550px) 100vw, 550px\" \/>                <\/div>\n    <div class=\"card-body\">\n        <h3 class=\"card-title\">OptiBean X<\/h3>\n                    <p class=\"mb-0\">Un espresso cors\u00e9, un cappuccino parfait, un d\u00e9licieux lungo - quelle que soit votre boisson, la vraie saveur se trouve dans les moindres d\u00e9tails. C'est exactement ce que propose l'OptiBean X.<\/p>\n            <\/div>\n    <div class=\"card-footer\">\n        <span class=\"btn btn-outline-secondary\">\n            <span class=\"btn__text\">Plus d'informations<\/span>\n            <svg class=\"icon icon--20 icon--arrow\">\n                <use xlink:href=\"https:\/\/animo.eu\/wp-content\/themes\/animo\/build\/img\/symbols.svg#arrow-right\"><\/use>\n            <\/svg>\n        <\/span>\n    <\/div>\n    <a class=\"stretched-link\" href=\"https:\/\/animo.eu\/fr\/machines-a-cafe\/optibean-x\/\"><\/a>\n<\/div>\n                <\/div>\n              \n                <div class=\"col-12 col-md-6 col-lg-3\">\n                    <div class=\"card card--product\">\n                        <div class=\"card-header\">\n                <div class=\"badge bg-tertiary\">Instantan\u00e9<\/div>\n            <\/div>\n                <div class=\"card__image\">\n                    <img decoding=\"async\" width=\"550\" height=\"458\" src=\"https:\/\/animo.eu\/wp-content\/uploads\/2023\/06\/OptiVend-Touch-550x458.png\" class=\"image wp-post-image\" alt=\"\" loading=\"lazy\" srcset=\"https:\/\/animo.eu\/wp-content\/uploads\/2023\/06\/OptiVend-Touch-550x458.png 550w, https:\/\/animo.eu\/wp-content\/uploads\/2023\/06\/OptiVend-Touch-300x250.png 300w, https:\/\/animo.eu\/wp-content\/uploads\/2023\/06\/OptiVend-Touch-1024x852.png 1024w, https:\/\/animo.eu\/wp-content\/uploads\/2023\/06\/OptiVend-Touch-768x639.png 768w, https:\/\/animo.eu\/wp-content\/uploads\/2023\/06\/OptiVend-Touch-1536x1279.png 1536w, https:\/\/animo.eu\/wp-content\/uploads\/2023\/06\/OptiVend-Touch-70x58.png 70w, https:\/\/animo.eu\/wp-content\/uploads\/2023\/06\/OptiVend-Touch-120x100.png 120w, https:\/\/animo.eu\/wp-content\/uploads\/2023\/06\/OptiVend-Touch-150x125.png 150w, https:\/\/animo.eu\/wp-content\/uploads\/2023\/06\/OptiVend-Touch.png 1772w\" sizes=\"(max-width: 550px) 100vw, 550px\" \/>                <\/div>\n    <div class=\"card-body\">\n        <h3 class=\"card-title\">OptiVend<\/h3>\n                    <p class=\"mb-0\">D\u00e9couvrez la puissance de l'OptiVend. Savourez un caf\u00e9 instantan\u00e9 en quelques secondes, au go\u00fbt et \u00e0 la temp\u00e9rature parfaits. A tout moment de la journ\u00e9e.  <\/p>\n            <\/div>\n    <div class=\"card-footer\">\n        <span class=\"btn btn-outline-secondary\">\n            <span class=\"btn__text\">Plus d'informations<\/span>\n            <svg class=\"icon icon--20 icon--arrow\">\n                <use xlink:href=\"https:\/\/animo.eu\/wp-content\/themes\/animo\/build\/img\/symbols.svg#arrow-right\"><\/use>\n            <\/svg>\n        <\/span>\n    <\/div>\n    <a class=\"stretched-link\" href=\"https:\/\/animo.eu\/fr\/machines-a-cafe\/optivend\/\"><\/a>\n<\/div>\n                <\/div>\n              \n                <div class=\"col-12 col-md-6 col-lg-3\">\n                    <div class=\"card card--product\">\n                        <div class=\"card-header\">\n                <div class=\"badge bg-tertiary\">Machines \u00e0 caf\u00e9 a conteneurs<\/div>\n            <\/div>\n                <div class=\"card__image\">\n                    <img decoding=\"async\" width=\"550\" height=\"458\" src=\"https:\/\/animo.eu\/wp-content\/uploads\/2023\/08\/Combi-line-product-550x458.png\" class=\"image wp-post-image\" alt=\"\" loading=\"lazy\" srcset=\"https:\/\/animo.eu\/wp-content\/uploads\/2023\/08\/Combi-line-product-550x458.png 550w, https:\/\/animo.eu\/wp-content\/uploads\/2023\/08\/Combi-line-product-300x250.png 300w, https:\/\/animo.eu\/wp-content\/uploads\/2023\/08\/Combi-line-product-1024x852.png 1024w, https:\/\/animo.eu\/wp-content\/uploads\/2023\/08\/Combi-line-product-768x639.png 768w, https:\/\/animo.eu\/wp-content\/uploads\/2023\/08\/Combi-line-product-1536x1279.png 1536w, https:\/\/animo.eu\/wp-content\/uploads\/2023\/08\/Combi-line-product-70x58.png 70w, https:\/\/animo.eu\/wp-content\/uploads\/2023\/08\/Combi-line-product-800x666.png 800w, https:\/\/animo.eu\/wp-content\/uploads\/2023\/08\/Combi-line-product-120x100.png 120w, https:\/\/animo.eu\/wp-content\/uploads\/2023\/08\/Combi-line-product-150x125.png 150w, https:\/\/animo.eu\/wp-content\/uploads\/2023\/08\/Combi-line-product.png 1772w\" sizes=\"(max-width: 550px) 100vw, 550px\" \/>                <\/div>\n    <div class=\"card-body\">\n        <h3 class=\"card-title\">ComBi-line<\/h3>\n                    <p class=\"mb-0\">Les cafeti\u00e8res ComBi-line vous permettent de pr\u00e9parer facilement et rapidement de grandes quantit\u00e9s de caf\u00e9 filtre frais.<\/p>\n            <\/div>\n    <div class=\"card-footer\">\n        <span class=\"btn btn-outline-secondary\">\n            <span class=\"btn__text\">Plus d'informations<\/span>\n            <svg class=\"icon icon--20 icon--arrow\">\n                <use xlink:href=\"https:\/\/animo.eu\/wp-content\/themes\/animo\/build\/img\/symbols.svg#arrow-right\"><\/use>\n            <\/svg>\n        <\/span>\n    <\/div>\n    <a class=\"stretched-link\" href=\"https:\/\/animo.eu\/fr\/machines-a-cafe-a-conteneurs\/combi-line\/\"><\/a>\n<\/div>\n                <\/div>\n                        <\/div>\n                        <\/div>\n<\/section>\n\n\n\n<section  class=\"pane pane--white \">\n    <div class=\"container\">\n        <div class=\"row g-4 g-lg-8 g-xl-15 g-xxl-20 align-items-center flex-lg-row-reverse\">\n                            <div class=\"col-12 col-lg-6\">\n                    <div class=\"pane__text\">\n                        <h2>Nous sommes Animo<\/h2>\n<p>Nous fabriquons des syst\u00e8mes et des machines \u00e0 caf\u00e9 de haute qualit\u00e9 pour les personnes qui souhaitent servir du bon caf\u00e9. Des appareils conviviaux avec de nombreux choix, faciles \u00e0 entretenir et durables. Des machines qui font du bon caf\u00e9 \u00e0 chaque fois. Mais aussi du th\u00e9, du lait chocolat\u00e9 ou de la soupe. C&rsquo;est ce que nous faisons depuis 1950. A l&rsquo;int\u00e9rieur et \u00e0 l&rsquo;ext\u00e9rieur du pays. Parce qu&rsquo;un bon caf\u00e9, c&rsquo;est d&rsquo;abord une bonne machine. Et une bonne machine est une question d&rsquo;exp\u00e9rience, de connaissances et de d\u00e9vouement.<\/p>\n<ul>\n<li>Fabriqu\u00e9 aux Pays-Bas<\/li>\n<li>Distribution mondiale<\/li>\n<li>D\u00e9partement de service et d&rsquo;assistance d\u00e9di\u00e9<\/li>\n<li>Choix durable<\/li>\n<\/ul>\n                                                \n\n    <div class=\"pane__button-group\">\n        <div class=\"row g-2 g-lg-3 justify-content-start\">\n                            <div class=\"col-auto\">\n                                        <a class=\"btn btn-outline-secondary\" href=\"https:\/\/animo.eu\/fr\/a-propos-danimo\/nous-sommes-animo\/\" target=\"_self\">\n                        <span class=\"btn__text\">Pour en savoir plus<\/span>\n                        <svg class=\"icon icon--20 icon--arrow\">\n                            <use xlink:href=\"https:\/\/animo.eu\/wp-content\/themes\/animo\/build\/img\/symbols.svg#arrow-right\"><\/use>\n                        <\/svg>\n                    <\/a>\n                <\/div>\n                    <\/div>\n    <\/div>\n\n\n                    <\/div>\n                <\/div>\n                                        <div class=\"col-12 col-lg\">\n                    <figure class=\"figure image_reversed\">\n                        <img decoding=\"async\" width=\"1024\" height=\"757\" src=\"https:\/\/animo.eu\/wp-content\/uploads\/2023\/06\/Animo-fabriek-vroeger-1024x757.jpg\" class=\"img-fluid\" alt=\"\" loading=\"lazy\" srcset=\"https:\/\/animo.eu\/wp-content\/uploads\/2023\/06\/Animo-fabriek-vroeger-1024x757.jpg 1024w, https:\/\/animo.eu\/wp-content\/uploads\/2023\/06\/Animo-fabriek-vroeger-300x222.jpg 300w, https:\/\/animo.eu\/wp-content\/uploads\/2023\/06\/Animo-fabriek-vroeger-768x568.jpg 768w, https:\/\/animo.eu\/wp-content\/uploads\/2023\/06\/Animo-fabriek-vroeger-1536x1135.jpg 1536w, https:\/\/animo.eu\/wp-content\/uploads\/2023\/06\/Animo-fabriek-vroeger-70x52.jpg 70w, https:\/\/animo.eu\/wp-content\/uploads\/2023\/06\/Animo-fabriek-vroeger-550x406.jpg 550w, https:\/\/animo.eu\/wp-content\/uploads\/2023\/06\/Animo-fabriek-vroeger-135x100.jpg 135w, https:\/\/animo.eu\/wp-content\/uploads\/2023\/06\/Animo-fabriek-vroeger-150x111.jpg 150w, https:\/\/animo.eu\/wp-content\/uploads\/2023\/06\/Animo-fabriek-vroeger.jpg 1916w\" sizes=\"(max-width: 1024px) 100vw, 1024px\" \/>                    <\/figure>\n                <\/div>\n                    <\/div>\n    <\/div>\n<\/section>\n","protected":false},"excerpt":{"rendered":"","protected":false},"author":1,"featured_media":4551,"parent":0,"menu_order":84,"comment_status":"closed","ping_status":"closed","template":"","meta":{"_acf_changed":false,"footnotes":""},"class_list":["post-1681","page","type-page","status-publish","has-post-thumbnail","hentry"],"acf":[],"yoast_head":"<!-- This site is optimized with the Yoast SEO plugin v25.5 - https:\/\/yoast.com\/wordpress\/plugins\/seo\/ -->\n<title>Accueil -<\/title>\n<meta name=\"description\" content=\"Accueil - Depuis 1950, nous fabriquons des cafeti\u00e8res et des machines \u00e0 caf\u00e9 professionnelles de haute qualit\u00e9. Des appareils conviviaux offrant de nombreux choix, faciles \u00e0 entretenir et durables. Un bon caf\u00e9 commence par une bonne machine \u00e0 caf\u00e9. Animo DEDICATED TO EVERY CUP.\" \/>\n<meta name=\"robots\" content=\"index, follow, max-snippet:-1, max-image-preview:large, max-video-preview:-1\" \/>\n<link rel=\"canonical\" href=\"https:\/\/animo.eu\/fr\/\" \/>\n<meta property=\"og:locale\" content=\"fr_FR\" \/>\n<meta property=\"og:type\" content=\"article\" \/>\n<meta property=\"og:title\" content=\"Accueil -\" \/>\n<meta property=\"og:description\" content=\"Accueil - Depuis 1950, nous fabriquons des cafeti\u00e8res et des machines \u00e0 caf\u00e9 professionnelles de haute qualit\u00e9. Des appareils conviviaux offrant de nombreux choix, faciles \u00e0 entretenir et durables. Un bon caf\u00e9 commence par une bonne machine \u00e0 caf\u00e9. Animo DEDICATED TO EVERY CUP.\" \/>\n<meta property=\"og:url\" content=\"https:\/\/animo.eu\/fr\/\" \/>\n<meta property=\"article:publisher\" content=\"https:\/\/www.facebook.com\/animobv\/\" \/>\n<meta property=\"article:modified_time\" content=\"2024-06-05T11:55:39+00:00\" \/>\n<meta property=\"og:image\" content=\"https:\/\/animo.eu\/wp-content\/uploads\/2023\/06\/Animo-icon-black.png\" \/>\n\t<meta property=\"og:image:width\" content=\"1000\" \/>\n\t<meta property=\"og:image:height\" content=\"364\" \/>\n\t<meta property=\"og:image:type\" content=\"image\/png\" \/>\n<meta name=\"twitter:card\" content=\"summary_large_image\" \/>\n<meta name=\"twitter:site\" content=\"@animokoffie\" \/>\n<meta name=\"twitter:label1\" content=\"Dur\u00e9e de lecture estim\u00e9e\" \/>\n\t<meta name=\"twitter:data1\" content=\"1 minute\" \/>\n<script type=\"application\/ld+json\" class=\"yoast-schema-graph\">{\"@context\":\"https:\/\/schema.org\",\"@graph\":[{\"@type\":\"WebPage\",\"@id\":\"https:\/\/animo.eu\/fr\/\",\"url\":\"https:\/\/animo.eu\/fr\/\",\"name\":\"Accueil -\",\"isPartOf\":{\"@id\":\"https:\/\/animo.eu\/fr\/#website\"},\"primaryImageOfPage\":{\"@id\":\"https:\/\/animo.eu\/fr\/#primaryimage\"},\"image\":{\"@id\":\"https:\/\/animo.eu\/fr\/#primaryimage\"},\"thumbnailUrl\":\"https:\/\/animo.eu\/wp-content\/uploads\/2023\/06\/Animo-icon-black.png\",\"datePublished\":\"2023-02-02T10:44:47+00:00\",\"dateModified\":\"2024-06-05T11:55:39+00:00\",\"description\":\"Accueil - Depuis 1950, nous fabriquons des cafeti\u00e8res et des machines \u00e0 caf\u00e9 professionnelles de haute qualit\u00e9. Des appareils conviviaux offrant de nombreux choix, faciles \u00e0 entretenir et durables. Un bon caf\u00e9 commence par une bonne machine \u00e0 caf\u00e9. Animo DEDICATED TO EVERY CUP.\",\"breadcrumb\":{\"@id\":\"https:\/\/animo.eu\/fr\/#breadcrumb\"},\"inLanguage\":\"fr-FR\",\"potentialAction\":[{\"@type\":\"ReadAction\",\"target\":[\"https:\/\/animo.eu\/fr\/\"]}]},{\"@type\":\"ImageObject\",\"inLanguage\":\"fr-FR\",\"@id\":\"https:\/\/animo.eu\/fr\/#primaryimage\",\"url\":\"https:\/\/animo.eu\/wp-content\/uploads\/2023\/06\/Animo-icon-black.png\",\"contentUrl\":\"https:\/\/animo.eu\/wp-content\/uploads\/2023\/06\/Animo-icon-black.png\",\"width\":1000,\"height\":364,\"caption\":\"Animo DEDICATED TO EVERY CUP.\"},{\"@type\":\"BreadcrumbList\",\"@id\":\"https:\/\/animo.eu\/fr\/#breadcrumb\",\"itemListElement\":[{\"@type\":\"ListItem\",\"position\":1,\"name\":\"Home\",\"item\":\"https:\/\/animo.eu\/fr\/\"},{\"@type\":\"ListItem\",\"position\":2,\"name\":\"Accueil\"}]},{\"@type\":\"WebSite\",\"@id\":\"https:\/\/animo.eu\/fr\/#website\",\"url\":\"https:\/\/animo.eu\/fr\/\",\"name\":\"\",\"description\":\"\",\"potentialAction\":[{\"@type\":\"SearchAction\",\"target\":{\"@type\":\"EntryPoint\",\"urlTemplate\":\"https:\/\/animo.eu\/fr\/?s={search_term_string}\"},\"query-input\":{\"@type\":\"PropertyValueSpecification\",\"valueRequired\":true,\"valueName\":\"search_term_string\"}}],\"inLanguage\":\"fr-FR\"}]}<\/script>\n<!-- \/ Yoast SEO plugin. -->","yoast_head_json":{"title":"Accueil -","description":"Accueil - Depuis 1950, nous fabriquons des cafeti\u00e8res et des machines \u00e0 caf\u00e9 professionnelles de haute qualit\u00e9. Des appareils conviviaux offrant de nombreux choix, faciles \u00e0 entretenir et durables. Un bon caf\u00e9 commence par une bonne machine \u00e0 caf\u00e9. Animo DEDICATED TO EVERY CUP.","robots":{"index":"index","follow":"follow","max-snippet":"max-snippet:-1","max-image-preview":"max-image-preview:large","max-video-preview":"max-video-preview:-1"},"canonical":"https:\/\/animo.eu\/fr\/","og_locale":"fr_FR","og_type":"article","og_title":"Accueil -","og_description":"Accueil - Depuis 1950, nous fabriquons des cafeti\u00e8res et des machines \u00e0 caf\u00e9 professionnelles de haute qualit\u00e9. Des appareils conviviaux offrant de nombreux choix, faciles \u00e0 entretenir et durables. Un bon caf\u00e9 commence par une bonne machine \u00e0 caf\u00e9. Animo DEDICATED TO EVERY CUP.","og_url":"https:\/\/animo.eu\/fr\/","article_publisher":"https:\/\/www.facebook.com\/animobv\/","article_modified_time":"2024-06-05T11:55:39+00:00","og_image":[{"width":1000,"height":364,"url":"https:\/\/animo.eu\/wp-content\/uploads\/2023\/06\/Animo-icon-black.png","type":"image\/png"}],"twitter_card":"summary_large_image","twitter_site":"@animokoffie","twitter_misc":{"Dur\u00e9e de lecture estim\u00e9e":"1 minute"},"schema":{"@context":"https:\/\/schema.org","@graph":[{"@type":"WebPage","@id":"https:\/\/animo.eu\/fr\/","url":"https:\/\/animo.eu\/fr\/","name":"Accueil -","isPartOf":{"@id":"https:\/\/animo.eu\/fr\/#website"},"primaryImageOfPage":{"@id":"https:\/\/animo.eu\/fr\/#primaryimage"},"image":{"@id":"https:\/\/animo.eu\/fr\/#primaryimage"},"thumbnailUrl":"https:\/\/animo.eu\/wp-content\/uploads\/2023\/06\/Animo-icon-black.png","datePublished":"2023-02-02T10:44:47+00:00","dateModified":"2024-06-05T11:55:39+00:00","description":"Accueil - Depuis 1950, nous fabriquons des cafeti\u00e8res et des machines \u00e0 caf\u00e9 professionnelles de haute qualit\u00e9. Des appareils conviviaux offrant de nombreux choix, faciles \u00e0 entretenir et durables. Un bon caf\u00e9 commence par une bonne machine \u00e0 caf\u00e9. Animo DEDICATED TO EVERY CUP.","breadcrumb":{"@id":"https:\/\/animo.eu\/fr\/#breadcrumb"},"inLanguage":"fr-FR","potentialAction":[{"@type":"ReadAction","target":["https:\/\/animo.eu\/fr\/"]}]},{"@type":"ImageObject","inLanguage":"fr-FR","@id":"https:\/\/animo.eu\/fr\/#primaryimage","url":"https:\/\/animo.eu\/wp-content\/uploads\/2023\/06\/Animo-icon-black.png","contentUrl":"https:\/\/animo.eu\/wp-content\/uploads\/2023\/06\/Animo-icon-black.png","width":1000,"height":364,"caption":"Animo DEDICATED TO EVERY CUP."},{"@type":"BreadcrumbList","@id":"https:\/\/animo.eu\/fr\/#breadcrumb","itemListElement":[{"@type":"ListItem","position":1,"name":"Home","item":"https:\/\/animo.eu\/fr\/"},{"@type":"ListItem","position":2,"name":"Accueil"}]},{"@type":"WebSite","@id":"https:\/\/animo.eu\/fr\/#website","url":"https:\/\/animo.eu\/fr\/","name":"","description":"","potentialAction":[{"@type":"SearchAction","target":{"@type":"EntryPoint","urlTemplate":"https:\/\/animo.eu\/fr\/?s={search_term_string}"},"query-input":{"@type":"PropertyValueSpecification","valueRequired":true,"valueName":"search_term_string"}}],"inLanguage":"fr-FR"}]}},"_links":{"self":[{"href":"https:\/\/animo.eu\/fr\/wp-json\/wp\/v2\/pages\/1681"}],"collection":[{"href":"https:\/\/animo.eu\/fr\/wp-json\/wp\/v2\/pages"}],"about":[{"href":"https:\/\/animo.eu\/fr\/wp-json\/wp\/v2\/types\/page"}],"author":[{"embeddable":true,"href":"https:\/\/animo.eu\/fr\/wp-json\/wp\/v2\/users\/1"}],"replies":[{"embeddable":true,"href":"https:\/\/animo.eu\/fr\/wp-json\/wp\/v2\/comments?post=1681"}],"version-history":[{"count":19,"href":"https:\/\/animo.eu\/fr\/wp-json\/wp\/v2\/pages\/1681\/revisions"}],"predecessor-version":[{"id":71373,"href":"https:\/\/animo.eu\/fr\/wp-json\/wp\/v2\/pages\/1681\/revisions\/71373"}],"wp:featuredmedia":[{"embeddable":true,"href":"https:\/\/animo.eu\/fr\/wp-json\/wp\/v2\/media\/4551"}],"wp:attachment":[{"href":"https:\/\/animo.eu\/fr\/wp-json\/wp\/v2\/media?parent=1681"}],"curies":[{"name":"wp","href":"https:\/\/api.w.org\/{rel}","templated":true}]}}