{"id":36930,"date":"2023-03-09T13:45:43","date_gmt":"2023-03-09T12:45:43","guid":{"rendered":"https:\/\/animo.eu\/declaration-de-confidentialite\/"},"modified":"2023-11-07T11:18:48","modified_gmt":"2023-11-07T10:18:48","slug":"declaration-de-confidentialite","status":"publish","type":"page","link":"https:\/\/animo.eu\/fr\/declaration-de-confidentialite\/","title":{"rendered":"Declaration de confidentialite"},"content":{"rendered":"\n<section  class=\"pane pane--white \">\n    <div class=\"container\">\n        <div class=\"row g-4 g-lg-8 g-xl-15 justify-content-center\">\n                                                <div class=\"col-12 col-lg-6\">\n                        <div class=\"pane__text\">\n                            <h1>Declaration de confidentialite<\/h1>\n<h3>Collecte et utilisation des donn\u00e9es \u00e0 caract\u00e8re personnel des clients, des fournisseurs et des autres sous-traitants<\/h3>\n<p>Nous attirons votre attention sur le fait que nous recueillerons et utiliserons les donn\u00e9es \u00e0 caract\u00e8re personnel que vous nous fournissez, car ces op\u00e9rations sont n\u00e9cessaires pour conclure et ex\u00e9cuter un \u00e9ventuel accord avec vous. Cela s&rsquo;applique tant \u00e0 nos clients (potentiels) qu&rsquo;aux parties aupr\u00e8s desquelles nous achetons des biens et\/ou des services.<\/p>\n<p>Si vous comptez parmi nos clients (potentiels), nous utilisons vos donn\u00e9es pour pouvoir vous envoyer un devis, pour d\u00e9terminer les sp\u00e9cifications ou les exigences qu&rsquo;un bien ou un service particulier doit respecter, pour pouvoir livrer des marchandises ou effectuer des travaux, pour pouvoir vous envoyer nos factures et communiquer facilement et avec efficacit\u00e9 sur les modalit\u00e9s d&rsquo;ex\u00e9cution du contrat.<\/p>\n<p>Si vous \u00eates un fournisseur (potentiel) ou un autre sous-traitant, vos donn\u00e9es \u00e0 caract\u00e8re personnel sont \u00e9galement n\u00e9cessaires \u00e0 la conclusion et \u00e0 l&rsquo;ex\u00e9cution du contrat. Cela s&rsquo;av\u00e8re n\u00e9cessaire en cas d&rsquo;achat pour pouvoir vous indiquer nos sp\u00e9cifications ou nos exigences qu&rsquo;un bien ou un service particulier doit respecter, pour envoyer une demande de devis ou pour passer commande chez vous, pour payer vos factures et communiquer facilement et efficacement avec vous sur d&rsquo;autres aspects du contrat.<\/p>\n<p>Vous n&rsquo;\u00eates pas oblig\u00e9 de nous transmettre vos donn\u00e9es \u00e0 caract\u00e8re personnel. Toutefois, si vous ne nous fournissez pas ou pas suffisamment de donn\u00e9es \u00e0 caract\u00e8re personnel, il est possible que nous ne soyons pas en mesure de mener \u00e0 bien les activit\u00e9s susmentionn\u00e9es.<\/p>\n<h3>Transmission \u00e0 des tiers<\/h3>\n<p>Dans le cadre de l&rsquo;ex\u00e9cution d&rsquo;un accord \u00e9ventuel avec vous, nous pouvons \u00eatre amen\u00e9s \u00e0 devoir fournir vos donn\u00e9es \u00e0 caract\u00e8re personnel \u00e0 des parties qui nous fournissent des pi\u00e8ces, du mat\u00e9riel et des produits ou qui effectuent des activit\u00e9s pour notre compte. Nous utilisons \u00e9galement un espace serveur externe pour le stockage de (certaines parties de) notre administration des ventes et des achats et de notre fichier de relations commerciales, dont font partie vos donn\u00e9es \u00e0 caract\u00e8re personnel. Par cons\u00e9quent, vos donn\u00e9es \u00e0 caract\u00e8re personnel sont transmises \u00e0 notre fournisseur d&rsquo;espace de serveurs. Par cons\u00e9quent, vos donn\u00e9es \u00e0 caract\u00e8re personnel sont transmises \u00e0 notre fournisseur d&rsquo;espace de serveurs. Enfin, \u00e9tant donn\u00e9 que nous avons recours \u00e0 un service d&rsquo;envoi de bulletins d&rsquo;informations, vos donn\u00e9es \u00e0 caract\u00e8re personnel sont transmises au fournisseur de ce service.<\/p>\n<h3>Marketing direct<\/h3>\n<p>Si vous commandez r\u00e9guli\u00e8rement chez nous, nous conserverons les donn\u00e9es \u00e0 caract\u00e8re personnel que vous nous avez fournies et les utiliserons pour vous informer personnellement par courrier \u00e9lectronique de nos produits et services existants et de nos nouveaux produits et services et, \u00e9ventuellement, pour vous faire une offre. Nous disposons d&rsquo;un int\u00e9r\u00eat l\u00e9gitime pour utiliser vos donn\u00e9es \u00e0 caract\u00e8re personnel \u00e0 cette fin, \u00e0 savoir la commercialisation de nos produits et services. Chaque fois que nous vous envoyons un courrier \u00e9lectronique publicitaire, vous avez la possibilit\u00e9 de nous faire savoir que vous ne souhaitez plus en recevoir. Pour ce faire, veuillez suivre le lien de d\u00e9sabonnement au bas de chaque courrier \u00e9lectronique. Si vous \u00eates un client occasionnel chez nous, nous ne vous enverrons des messages publicitaires que si vous nous avez donn\u00e9 votre consentement pr\u00e9alable.<\/p>\n<h3>P\u00e9riode de conservation des donn\u00e9es \u00e0 caract\u00e8re personnel des clients, fournisseurs et autres sous-traitants<\/h3>\n<p>Si vous nous avez demand\u00e9 un devis, mais que vous n&rsquo;\u00eates pas devenu notre client, nous effacerons vos donn\u00e9es au plus tard un an apr\u00e8s notre dernier contact. De m\u00eame, si nous avons re\u00e7u une offre de votre part, mais que nous ne sommes pas devenus client chez vous, vos donn\u00e9es \u00e0 caract\u00e8re personnel seront effac\u00e9es au plus tard un an apr\u00e8s notre dernier contact. En revanche, si vous \u00eates devenu client chez nous ou si nous sommes devenus client chez vous, nous conserverons vos donn\u00e9es \u00e0 caract\u00e8re personnel pendant une p\u00e9riode de sept ann\u00e9es apr\u00e8s la fin de l&rsquo;exercice comptable au cours duquel le contrat avec vous a \u00e9t\u00e9 compl\u00e8tement ex\u00e9cut\u00e9. La p\u00e9riode de sept ans correspond \u00e0 la p\u00e9riode pendant laquelle nous sommes tenus de conserver notre administration pour le fisc. Une fois cette p\u00e9riode arriv\u00e9e \u00e0 \u00e9ch\u00e9ance, nous supprimerons vos donn\u00e9es \u00e0 caract\u00e8re personnel.<\/p>\n<h3>Vos droits<\/h3>\n<p>Vous avez le droit de nous demander d&rsquo;acc\u00e9der \u00e0 vos donn\u00e9es \u00e0 caract\u00e8re personnel. Indien nodig kunt u ons ook vragen uw persoonlijke gegevens aan te vullen of eventuele onjuistheden te corrigeren. En outre, vous avez le droit de demander l&rsquo;effacement de vos donn\u00e9es \u00e0 caract\u00e8re personnel ou de restreindre leur utilisation. Vous pouvez \u00e9galement vous opposer \u00e0 la collecte et \u00e0 l&rsquo;utilisation de vos donn\u00e9es ou d\u00e9poser une plainte aupr\u00e8s de l&rsquo;Autorit\u00e9 en charge des donn\u00e9es \u00e0 caract\u00e8re personnel. Enfin, vous pouvez nous demander d&rsquo;obtenir vos donn\u00e9es \u00e0 caract\u00e8re personnel ou de les transf\u00e9rer \u00e0 un tiers. Pour exercer vos droits, vous pouvez vous adresser \u00e0 :<\/p>\n<p>Animo BV<br \/>\nDr. A.F. Philipsweg 47<br \/>\n9403 AD Assen, Pays-Bas<br \/>\n0592-376376<br \/>\ninfo@animo.nl<\/p>\n<p>Bien entendu, vous pouvez \u00e9galement nous <a href=\"https:\/\/animo.eu\/nl-nl\/contact\">contacter<\/a> si vous avez des questions ou si vous souhaitez obtenir de plus amples informations sur la collecte et l&rsquo;utilisation de vos donn\u00e9es personnelles.<\/p>\n                                                    <\/div>\n                    <\/div>\n                                    <\/div>\n    <\/div>\n<\/section>\n","protected":false},"excerpt":{"rendered":"","protected":false},"author":1,"featured_media":0,"parent":0,"menu_order":80,"comment_status":"closed","ping_status":"closed","template":"","meta":{"_acf_changed":false,"footnotes":""},"class_list":["post-36930","page","type-page","status-publish","hentry"],"acf":[],"yoast_head":"<!-- This site is optimized with the Yoast SEO plugin v25.5 - https:\/\/yoast.com\/wordpress\/plugins\/seo\/ -->\n<title>Declaration de confidentialite -<\/title>\n<meta name=\"description\" content=\"Declaration de confidentialite -\" \/>\n<meta name=\"robots\" content=\"index, follow, max-snippet:-1, max-image-preview:large, max-video-preview:-1\" \/>\n<link rel=\"canonical\" href=\"https:\/\/animo.eu\/fr\/declaration-de-confidentialite\/\" \/>\n<meta property=\"og:locale\" content=\"fr_FR\" \/>\n<meta property=\"og:type\" content=\"article\" \/>\n<meta property=\"og:title\" content=\"Declaration de confidentialite -\" \/>\n<meta property=\"og:description\" content=\"Declaration de confidentialite -\" \/>\n<meta property=\"og:url\" content=\"https:\/\/animo.eu\/fr\/declaration-de-confidentialite\/\" \/>\n<meta property=\"article:publisher\" content=\"https:\/\/www.facebook.com\/animobv\/\" \/>\n<meta property=\"article:modified_time\" content=\"2023-11-07T10:18:48+00:00\" \/>\n<meta property=\"og:image\" content=\"https:\/\/animo.eu\/wp-content\/uploads\/2023\/06\/animo-dedicated-logo.png\" \/>\n\t<meta property=\"og:image:width\" content=\"1000\" \/>\n\t<meta property=\"og:image:height\" content=\"364\" \/>\n\t<meta property=\"og:image:type\" content=\"image\/png\" \/>\n<meta name=\"twitter:card\" content=\"summary_large_image\" \/>\n<meta name=\"twitter:site\" content=\"@animokoffie\" \/>\n<script type=\"application\/ld+json\" class=\"yoast-schema-graph\">{\"@context\":\"https:\/\/schema.org\",\"@graph\":[{\"@type\":\"WebPage\",\"@id\":\"https:\/\/animo.eu\/fr\/declaration-de-confidentialite\/\",\"url\":\"https:\/\/animo.eu\/fr\/declaration-de-confidentialite\/\",\"name\":\"Declaration de confidentialite -\",\"isPartOf\":{\"@id\":\"https:\/\/animo.eu\/fr\/#website\"},\"datePublished\":\"2023-03-09T12:45:43+00:00\",\"dateModified\":\"2023-11-07T10:18:48+00:00\",\"description\":\"Declaration de confidentialite -\",\"breadcrumb\":{\"@id\":\"https:\/\/animo.eu\/fr\/declaration-de-confidentialite\/#breadcrumb\"},\"inLanguage\":\"fr-FR\",\"potentialAction\":[{\"@type\":\"ReadAction\",\"target\":[\"https:\/\/animo.eu\/fr\/declaration-de-confidentialite\/\"]}]},{\"@type\":\"BreadcrumbList\",\"@id\":\"https:\/\/animo.eu\/fr\/declaration-de-confidentialite\/#breadcrumb\",\"itemListElement\":[{\"@type\":\"ListItem\",\"position\":1,\"name\":\"Home\",\"item\":\"https:\/\/animo.eu\/fr\/\"},{\"@type\":\"ListItem\",\"position\":2,\"name\":\"Declaration de confidentialite\"}]},{\"@type\":\"WebSite\",\"@id\":\"https:\/\/animo.eu\/fr\/#website\",\"url\":\"https:\/\/animo.eu\/fr\/\",\"name\":\"\",\"description\":\"\",\"potentialAction\":[{\"@type\":\"SearchAction\",\"target\":{\"@type\":\"EntryPoint\",\"urlTemplate\":\"https:\/\/animo.eu\/fr\/?s={search_term_string}\"},\"query-input\":{\"@type\":\"PropertyValueSpecification\",\"valueRequired\":true,\"valueName\":\"search_term_string\"}}],\"inLanguage\":\"fr-FR\"}]}<\/script>\n<!-- \/ Yoast SEO plugin. -->","yoast_head_json":{"title":"Declaration de confidentialite -","description":"Declaration de confidentialite -","robots":{"index":"index","follow":"follow","max-snippet":"max-snippet:-1","max-image-preview":"max-image-preview:large","max-video-preview":"max-video-preview:-1"},"canonical":"https:\/\/animo.eu\/fr\/declaration-de-confidentialite\/","og_locale":"fr_FR","og_type":"article","og_title":"Declaration de confidentialite -","og_description":"Declaration de confidentialite -","og_url":"https:\/\/animo.eu\/fr\/declaration-de-confidentialite\/","article_publisher":"https:\/\/www.facebook.com\/animobv\/","article_modified_time":"2023-11-07T10:18:48+00:00","og_image":[{"width":1000,"height":364,"url":"https:\/\/animo.eu\/wp-content\/uploads\/2023\/06\/animo-dedicated-logo.png","type":"image\/png"}],"twitter_card":"summary_large_image","twitter_site":"@animokoffie","schema":{"@context":"https:\/\/schema.org","@graph":[{"@type":"WebPage","@id":"https:\/\/animo.eu\/fr\/declaration-de-confidentialite\/","url":"https:\/\/animo.eu\/fr\/declaration-de-confidentialite\/","name":"Declaration de confidentialite -","isPartOf":{"@id":"https:\/\/animo.eu\/fr\/#website"},"datePublished":"2023-03-09T12:45:43+00:00","dateModified":"2023-11-07T10:18:48+00:00","description":"Declaration de confidentialite -","breadcrumb":{"@id":"https:\/\/animo.eu\/fr\/declaration-de-confidentialite\/#breadcrumb"},"inLanguage":"fr-FR","potentialAction":[{"@type":"ReadAction","target":["https:\/\/animo.eu\/fr\/declaration-de-confidentialite\/"]}]},{"@type":"BreadcrumbList","@id":"https:\/\/animo.eu\/fr\/declaration-de-confidentialite\/#breadcrumb","itemListElement":[{"@type":"ListItem","position":1,"name":"Home","item":"https:\/\/animo.eu\/fr\/"},{"@type":"ListItem","position":2,"name":"Declaration de confidentialite"}]},{"@type":"WebSite","@id":"https:\/\/animo.eu\/fr\/#website","url":"https:\/\/animo.eu\/fr\/","name":"","description":"","potentialAction":[{"@type":"SearchAction","target":{"@type":"EntryPoint","urlTemplate":"https:\/\/animo.eu\/fr\/?s={search_term_string}"},"query-input":{"@type":"PropertyValueSpecification","valueRequired":true,"valueName":"search_term_string"}}],"inLanguage":"fr-FR"}]}},"_links":{"self":[{"href":"https:\/\/animo.eu\/fr\/wp-json\/wp\/v2\/pages\/36930"}],"collection":[{"href":"https:\/\/animo.eu\/fr\/wp-json\/wp\/v2\/pages"}],"about":[{"href":"https:\/\/animo.eu\/fr\/wp-json\/wp\/v2\/types\/page"}],"author":[{"embeddable":true,"href":"https:\/\/animo.eu\/fr\/wp-json\/wp\/v2\/users\/1"}],"replies":[{"embeddable":true,"href":"https:\/\/animo.eu\/fr\/wp-json\/wp\/v2\/comments?post=36930"}],"version-history":[{"count":1,"href":"https:\/\/animo.eu\/fr\/wp-json\/wp\/v2\/pages\/36930\/revisions"}],"predecessor-version":[{"id":36931,"href":"https:\/\/animo.eu\/fr\/wp-json\/wp\/v2\/pages\/36930\/revisions\/36931"}],"wp:attachment":[{"href":"https:\/\/animo.eu\/fr\/wp-json\/wp\/v2\/media?parent=36930"}],"curies":[{"name":"wp","href":"https:\/\/api.w.org\/{rel}","templated":true}]}}