{"id":36952,"date":"2023-09-11T12:09:00","date_gmt":"2023-09-11T10:09:00","guid":{"rendered":"https:\/\/animo.eu\/branches\/"},"modified":"2024-01-11T12:49:40","modified_gmt":"2024-01-11T11:49:40","slug":"secteur-doperation","status":"publish","type":"page","link":"https:\/\/animo.eu\/fr\/secteur-doperation\/","title":{"rendered":"Secteur d&rsquo;op\u00e9ration"},"content":{"rendered":"\n<section  class=\"pane pane--white \">\n    <div class=\"container\">\n                    <div class=\"row justify-content-center mb-4\">\n                <div class=\"col-12\">\n                    <div class=\"pane__text\">\n                        <h2>Secteur d&rsquo;op\u00e9ration<\/h2>\n                    <\/div>\n                <\/div>\n            <\/div>\n        \n                                \n                            <div class=\"row row--equalized g-4 g-lg-3 g-xl-6\">\n                                            <div class=\"col-12 col-md-6 col-lg-3\">\n                            <div class=\"card card--product\">\n        <div class=\"card__image\">\n                    <img decoding=\"async\" width=\"550\" height=\"458\" src=\"https:\/\/animo.eu\/wp-content\/uploads\/2023\/09\/Branche_overzicht_maritiem-550x458.png\" class=\"image wp-post-image\" alt=\"\" loading=\"lazy\" srcset=\"https:\/\/animo.eu\/wp-content\/uploads\/2023\/09\/Branche_overzicht_maritiem-550x458.png 550w, https:\/\/animo.eu\/wp-content\/uploads\/2023\/09\/Branche_overzicht_maritiem-300x250.png 300w, https:\/\/animo.eu\/wp-content\/uploads\/2023\/09\/Branche_overzicht_maritiem-1024x852.png 1024w, https:\/\/animo.eu\/wp-content\/uploads\/2023\/09\/Branche_overzicht_maritiem-768x639.png 768w, https:\/\/animo.eu\/wp-content\/uploads\/2023\/09\/Branche_overzicht_maritiem-1536x1279.png 1536w, https:\/\/animo.eu\/wp-content\/uploads\/2023\/09\/Branche_overzicht_maritiem-70x58.png 70w, https:\/\/animo.eu\/wp-content\/uploads\/2023\/09\/Branche_overzicht_maritiem-800x666.png 800w, https:\/\/animo.eu\/wp-content\/uploads\/2023\/09\/Branche_overzicht_maritiem-120x100.png 120w, https:\/\/animo.eu\/wp-content\/uploads\/2023\/09\/Branche_overzicht_maritiem-150x125.png 150w, https:\/\/animo.eu\/wp-content\/uploads\/2023\/09\/Branche_overzicht_maritiem.png 1772w\" sizes=\"(max-width: 550px) 100vw, 550px\" \/>                <\/div>\n    <div class=\"card-body\">\n        <h3 class=\"card-title\">Machines \u00e0 caf\u00e9 pour l&rsquo;industrie maritime<\/h3>\n                    <p class=\"mb-0\">Machines \u00e0 caf\u00e9 dans l&rsquo;industrie maritime<\/p>\n            <\/div>\n    <div class=\"card-footer\">\n        <span class=\"btn btn-outline-secondary\">\n            <span class=\"btn__text\">Plus d&rsquo;informations<\/span>\n            <svg class=\"icon icon--20 icon--arrow\">\n                <use xlink:href=\"https:\/\/animo.eu\/wp-content\/themes\/animo\/build\/img\/symbols.svg#arrow-right\"><\/use>\n            <\/svg>\n        <\/span>\n    <\/div>\n    <a class=\"stretched-link\" href=\"https:\/\/animo.eu\/fr\/secteur-doperation\/machines-a-cafe-pour-lindustrie-maritime\/\"><\/a>\n<\/div>\n                        <\/div>\n                                            <div class=\"col-12 col-md-6 col-lg-3\">\n                            <div class=\"card card--product\">\n        <div class=\"card__image\">\n                    <img decoding=\"async\" width=\"550\" height=\"458\" src=\"https:\/\/animo.eu\/wp-content\/uploads\/2023\/09\/Branche_overzicht_horeca-550x458.png\" class=\"image wp-post-image\" alt=\"\" loading=\"lazy\" srcset=\"https:\/\/animo.eu\/wp-content\/uploads\/2023\/09\/Branche_overzicht_horeca-550x458.png 550w, https:\/\/animo.eu\/wp-content\/uploads\/2023\/09\/Branche_overzicht_horeca-300x250.png 300w, https:\/\/animo.eu\/wp-content\/uploads\/2023\/09\/Branche_overzicht_horeca-1024x852.png 1024w, https:\/\/animo.eu\/wp-content\/uploads\/2023\/09\/Branche_overzicht_horeca-768x639.png 768w, https:\/\/animo.eu\/wp-content\/uploads\/2023\/09\/Branche_overzicht_horeca-1536x1279.png 1536w, https:\/\/animo.eu\/wp-content\/uploads\/2023\/09\/Branche_overzicht_horeca-70x58.png 70w, https:\/\/animo.eu\/wp-content\/uploads\/2023\/09\/Branche_overzicht_horeca-800x666.png 800w, https:\/\/animo.eu\/wp-content\/uploads\/2023\/09\/Branche_overzicht_horeca-120x100.png 120w, https:\/\/animo.eu\/wp-content\/uploads\/2023\/09\/Branche_overzicht_horeca-150x125.png 150w, https:\/\/animo.eu\/wp-content\/uploads\/2023\/09\/Branche_overzicht_horeca.png 1772w\" sizes=\"(max-width: 550px) 100vw, 550px\" \/>                <\/div>\n    <div class=\"card-body\">\n        <h3 class=\"card-title\">Machines \u00e0 caf\u00e9 pour l&rsquo;industrie h\u00f4teli\u00e8re<\/h3>\n                    <p class=\"mb-0\">Machines \u00e0 caf\u00e9 dans l&rsquo;industrie h\u00f4teli\u00e8re<\/p>\n            <\/div>\n    <div class=\"card-footer\">\n        <span class=\"btn btn-outline-secondary\">\n            <span class=\"btn__text\">Plus d&rsquo;informations<\/span>\n            <svg class=\"icon icon--20 icon--arrow\">\n                <use xlink:href=\"https:\/\/animo.eu\/wp-content\/themes\/animo\/build\/img\/symbols.svg#arrow-right\"><\/use>\n            <\/svg>\n        <\/span>\n    <\/div>\n    <a class=\"stretched-link\" href=\"https:\/\/animo.eu\/fr\/secteur-doperation\/machines-a-cafe-pour-lindustrie-hoteliere\/\"><\/a>\n<\/div>\n                        <\/div>\n                                            <div class=\"col-12 col-md-6 col-lg-3\">\n                            <div class=\"card card--product\">\n        <div class=\"card__image\">\n                    <img decoding=\"async\" width=\"550\" height=\"458\" src=\"https:\/\/animo.eu\/wp-content\/uploads\/2023\/09\/Branche_overzicht_onderwijs-550x458.png\" class=\"image wp-post-image\" alt=\"\" loading=\"lazy\" srcset=\"https:\/\/animo.eu\/wp-content\/uploads\/2023\/09\/Branche_overzicht_onderwijs-550x458.png 550w, https:\/\/animo.eu\/wp-content\/uploads\/2023\/09\/Branche_overzicht_onderwijs-300x250.png 300w, https:\/\/animo.eu\/wp-content\/uploads\/2023\/09\/Branche_overzicht_onderwijs-1024x852.png 1024w, https:\/\/animo.eu\/wp-content\/uploads\/2023\/09\/Branche_overzicht_onderwijs-768x639.png 768w, https:\/\/animo.eu\/wp-content\/uploads\/2023\/09\/Branche_overzicht_onderwijs-1536x1279.png 1536w, https:\/\/animo.eu\/wp-content\/uploads\/2023\/09\/Branche_overzicht_onderwijs-70x58.png 70w, https:\/\/animo.eu\/wp-content\/uploads\/2023\/09\/Branche_overzicht_onderwijs-800x666.png 800w, https:\/\/animo.eu\/wp-content\/uploads\/2023\/09\/Branche_overzicht_onderwijs-120x100.png 120w, https:\/\/animo.eu\/wp-content\/uploads\/2023\/09\/Branche_overzicht_onderwijs-150x125.png 150w, https:\/\/animo.eu\/wp-content\/uploads\/2023\/09\/Branche_overzicht_onderwijs.png 1772w\" sizes=\"(max-width: 550px) 100vw, 550px\" \/>                <\/div>\n    <div class=\"card-body\">\n        <h3 class=\"card-title\">Des machines \u00e0 caf\u00e9 pour l&rsquo;\u00e9ducation<\/h3>\n                    <p class=\"mb-0\">Machines \u00e0 caf\u00e9 dans l&rsquo;enseignement<\/p>\n            <\/div>\n    <div class=\"card-footer\">\n        <span class=\"btn btn-outline-secondary\">\n            <span class=\"btn__text\">Plus d&rsquo;informations<\/span>\n            <svg class=\"icon icon--20 icon--arrow\">\n                <use xlink:href=\"https:\/\/animo.eu\/wp-content\/themes\/animo\/build\/img\/symbols.svg#arrow-right\"><\/use>\n            <\/svg>\n        <\/span>\n    <\/div>\n    <a class=\"stretched-link\" href=\"https:\/\/animo.eu\/fr\/secteur-doperation\/des-machines-a-cafe-pour-leducation\/\"><\/a>\n<\/div>\n                        <\/div>\n                                            <div class=\"col-12 col-md-6 col-lg-3\">\n                            <div class=\"card card--product\">\n        <div class=\"card__image\">\n                    <img decoding=\"async\" width=\"550\" height=\"458\" src=\"https:\/\/animo.eu\/wp-content\/uploads\/2023\/09\/Branche_overzicht_voetbal-550x458.png\" class=\"image wp-post-image\" alt=\"\" loading=\"lazy\" srcset=\"https:\/\/animo.eu\/wp-content\/uploads\/2023\/09\/Branche_overzicht_voetbal-550x458.png 550w, https:\/\/animo.eu\/wp-content\/uploads\/2023\/09\/Branche_overzicht_voetbal-300x250.png 300w, https:\/\/animo.eu\/wp-content\/uploads\/2023\/09\/Branche_overzicht_voetbal-1024x852.png 1024w, https:\/\/animo.eu\/wp-content\/uploads\/2023\/09\/Branche_overzicht_voetbal-768x639.png 768w, https:\/\/animo.eu\/wp-content\/uploads\/2023\/09\/Branche_overzicht_voetbal-1536x1279.png 1536w, https:\/\/animo.eu\/wp-content\/uploads\/2023\/09\/Branche_overzicht_voetbal-70x58.png 70w, https:\/\/animo.eu\/wp-content\/uploads\/2023\/09\/Branche_overzicht_voetbal-800x666.png 800w, https:\/\/animo.eu\/wp-content\/uploads\/2023\/09\/Branche_overzicht_voetbal-120x100.png 120w, https:\/\/animo.eu\/wp-content\/uploads\/2023\/09\/Branche_overzicht_voetbal-150x125.png 150w, https:\/\/animo.eu\/wp-content\/uploads\/2023\/09\/Branche_overzicht_voetbal.png 1772w\" sizes=\"(max-width: 550px) 100vw, 550px\" \/>                <\/div>\n    <div class=\"card-body\">\n        <h3 class=\"card-title\">Machines \u00e0 caf\u00e9 pour les cantines sportives<\/h3>\n                    <p class=\"mb-0\">Machines \u00e0 caf\u00e9 pour la cantine sportive<\/p>\n            <\/div>\n    <div class=\"card-footer\">\n        <span class=\"btn btn-outline-secondary\">\n            <span class=\"btn__text\">Plus d&rsquo;informations<\/span>\n            <svg class=\"icon icon--20 icon--arrow\">\n                <use xlink:href=\"https:\/\/animo.eu\/wp-content\/themes\/animo\/build\/img\/symbols.svg#arrow-right\"><\/use>\n            <\/svg>\n        <\/span>\n    <\/div>\n    <a class=\"stretched-link\" href=\"https:\/\/animo.eu\/fr\/secteur-doperation\/machines-a-cafe-pour-la-cantine-sportive\/\"><\/a>\n<\/div>\n                        <\/div>\n                                            <div class=\"col-12 col-md-6 col-lg-3\">\n                            <div class=\"card card--product\">\n        <div class=\"card__image\">\n                    <img decoding=\"async\" width=\"550\" height=\"458\" src=\"https:\/\/animo.eu\/wp-content\/uploads\/2023\/09\/Branche_overzicht_zorg-550x458.png\" class=\"image wp-post-image\" alt=\"\" loading=\"lazy\" srcset=\"https:\/\/animo.eu\/wp-content\/uploads\/2023\/09\/Branche_overzicht_zorg-550x458.png 550w, https:\/\/animo.eu\/wp-content\/uploads\/2023\/09\/Branche_overzicht_zorg-300x250.png 300w, https:\/\/animo.eu\/wp-content\/uploads\/2023\/09\/Branche_overzicht_zorg-1024x852.png 1024w, https:\/\/animo.eu\/wp-content\/uploads\/2023\/09\/Branche_overzicht_zorg-768x639.png 768w, https:\/\/animo.eu\/wp-content\/uploads\/2023\/09\/Branche_overzicht_zorg-1536x1279.png 1536w, https:\/\/animo.eu\/wp-content\/uploads\/2023\/09\/Branche_overzicht_zorg-70x58.png 70w, https:\/\/animo.eu\/wp-content\/uploads\/2023\/09\/Branche_overzicht_zorg-800x666.png 800w, https:\/\/animo.eu\/wp-content\/uploads\/2023\/09\/Branche_overzicht_zorg-120x100.png 120w, https:\/\/animo.eu\/wp-content\/uploads\/2023\/09\/Branche_overzicht_zorg-150x125.png 150w, https:\/\/animo.eu\/wp-content\/uploads\/2023\/09\/Branche_overzicht_zorg.png 1772w\" sizes=\"(max-width: 550px) 100vw, 550px\" \/>                <\/div>\n    <div class=\"card-body\">\n        <h3 class=\"card-title\">Machines \u00e0 caf\u00e9 pour les soins de sant\u00e9<\/h3>\n                    <p class=\"mb-0\">Machines \u00e0 caf\u00e9 pour les soins de sant\u00e9<\/p>\n            <\/div>\n    <div class=\"card-footer\">\n        <span class=\"btn btn-outline-secondary\">\n            <span class=\"btn__text\">Plus d&rsquo;informations<\/span>\n            <svg class=\"icon icon--20 icon--arrow\">\n                <use xlink:href=\"https:\/\/animo.eu\/wp-content\/themes\/animo\/build\/img\/symbols.svg#arrow-right\"><\/use>\n            <\/svg>\n        <\/span>\n    <\/div>\n    <a class=\"stretched-link\" href=\"https:\/\/animo.eu\/fr\/secteur-doperation\/machines-a-cafe-pour-les-soins-de-sante\/\"><\/a>\n<\/div>\n                        <\/div>\n                                            <div class=\"col-12 col-md-6 col-lg-3\">\n                            <div class=\"card card--product\">\n        <div class=\"card__image\">\n                    <img decoding=\"async\" width=\"550\" height=\"458\" src=\"https:\/\/animo.eu\/wp-content\/uploads\/2023\/09\/Branche_overzicht_kantoor-550x458.png\" class=\"image wp-post-image\" alt=\"\" loading=\"lazy\" srcset=\"https:\/\/animo.eu\/wp-content\/uploads\/2023\/09\/Branche_overzicht_kantoor-550x458.png 550w, https:\/\/animo.eu\/wp-content\/uploads\/2023\/09\/Branche_overzicht_kantoor-300x250.png 300w, https:\/\/animo.eu\/wp-content\/uploads\/2023\/09\/Branche_overzicht_kantoor-1024x852.png 1024w, https:\/\/animo.eu\/wp-content\/uploads\/2023\/09\/Branche_overzicht_kantoor-768x639.png 768w, https:\/\/animo.eu\/wp-content\/uploads\/2023\/09\/Branche_overzicht_kantoor-1536x1279.png 1536w, https:\/\/animo.eu\/wp-content\/uploads\/2023\/09\/Branche_overzicht_kantoor-70x58.png 70w, https:\/\/animo.eu\/wp-content\/uploads\/2023\/09\/Branche_overzicht_kantoor-800x666.png 800w, https:\/\/animo.eu\/wp-content\/uploads\/2023\/09\/Branche_overzicht_kantoor-120x100.png 120w, https:\/\/animo.eu\/wp-content\/uploads\/2023\/09\/Branche_overzicht_kantoor-150x125.png 150w, https:\/\/animo.eu\/wp-content\/uploads\/2023\/09\/Branche_overzicht_kantoor.png 1772w\" sizes=\"(max-width: 550px) 100vw, 550px\" \/>                <\/div>\n    <div class=\"card-body\">\n        <h3 class=\"card-title\">Machines \u00e0 caf\u00e9 pour le bureau et l&rsquo;entreprise<\/h3>\n                    <p class=\"mb-0\">Machines \u00e0 caf\u00e9 pour le bureau et l&rsquo;entreprise<\/p>\n            <\/div>\n    <div class=\"card-footer\">\n        <span class=\"btn btn-outline-secondary\">\n            <span class=\"btn__text\">Plus d&rsquo;informations<\/span>\n            <svg class=\"icon icon--20 icon--arrow\">\n                <use xlink:href=\"https:\/\/animo.eu\/wp-content\/themes\/animo\/build\/img\/symbols.svg#arrow-right\"><\/use>\n            <\/svg>\n        <\/span>\n    <\/div>\n    <a class=\"stretched-link\" href=\"https:\/\/animo.eu\/fr\/secteur-doperation\/machines-a-cafe-pour-le-bureau-et-lentreprise\/\"><\/a>\n<\/div>\n                        <\/div>\n                                    <\/div>\n                                         <\/div>\n<\/section>\n\n\n\n<section  class=\"pane pane--white \">\n    <div class=\"container\">\n        <div class=\"row g-4 g-lg-8 g-xl-15 g-xxl-20 align-items-center flex-lg-row-reverse\">\n                            <div class=\"col-12 col-lg-6\">\n                    <div class=\"pane__text\">\n                        <h2>Caf\u00e9 pour toutes les industries<\/h2>\n<p>Les besoins en caf\u00e9 peuvent varier consid\u00e9rablement d&rsquo;une entreprise et d&rsquo;un secteur \u00e0 l&rsquo;autre. Certaines entreprises souhaitent que leurs employ\u00e9s, mais aussi leurs clients, puissent profiter d&rsquo;une tasse de caf\u00e9 frais. Pour de nombreuses industries, la qualit\u00e9 est le premier crit\u00e8re de s\u00e9lection, tandis que pour d&rsquo;autres entreprises, il est important de pouvoir pr\u00e9parer rapidement une grande quantit\u00e9 de caf\u00e9. C&rsquo;est pourquoi Animo propose diff\u00e9rentes machines \u00e0 caf\u00e9 qui peuvent r\u00e9pondre aux divers besoins de toutes les industries. Des bureaux, des h\u00f4tels, des supermarch\u00e9s, des cantines et des h\u00f4pitaux aux \u00e9tablissements d&rsquo;enseignement, en passant par les centres d&rsquo;entretien automobile et les th\u00e9\u00e2tres&#8230; et bien d&rsquo;autres encore.<\/p>\n                                                \n                    <\/div>\n                <\/div>\n                                        <div class=\"col-12 col-lg\">\n                    <figure class=\"figure image_reversed\">\n                        <img decoding=\"async\" width=\"1024\" height=\"533\" src=\"https:\/\/animo.eu\/wp-content\/uploads\/2023\/09\/Koffie-drinken-BPZ-1024x533.jpg\" class=\"img-fluid\" alt=\"\" loading=\"lazy\" srcset=\"https:\/\/animo.eu\/wp-content\/uploads\/2023\/09\/Koffie-drinken-BPZ-1024x533.jpg 1024w, https:\/\/animo.eu\/wp-content\/uploads\/2023\/09\/Koffie-drinken-BPZ-300x156.jpg 300w, https:\/\/animo.eu\/wp-content\/uploads\/2023\/09\/Koffie-drinken-BPZ-768x400.jpg 768w, https:\/\/animo.eu\/wp-content\/uploads\/2023\/09\/Koffie-drinken-BPZ-70x36.jpg 70w, https:\/\/animo.eu\/wp-content\/uploads\/2023\/09\/Koffie-drinken-BPZ-550x286.jpg 550w, https:\/\/animo.eu\/wp-content\/uploads\/2023\/09\/Koffie-drinken-BPZ-800x417.jpg 800w, https:\/\/animo.eu\/wp-content\/uploads\/2023\/09\/Koffie-drinken-BPZ-192x100.jpg 192w, https:\/\/animo.eu\/wp-content\/uploads\/2023\/09\/Koffie-drinken-BPZ-150x78.jpg 150w, https:\/\/animo.eu\/wp-content\/uploads\/2023\/09\/Koffie-drinken-BPZ.jpg 1440w\" sizes=\"(max-width: 1024px) 100vw, 1024px\" \/>                    <\/figure>\n                <\/div>\n                    <\/div>\n    <\/div>\n<\/section>\n","protected":false},"excerpt":{"rendered":"","protected":false},"author":21,"featured_media":1397,"parent":0,"menu_order":32,"comment_status":"closed","ping_status":"closed","template":"","meta":{"_acf_changed":false,"footnotes":""},"class_list":["post-36952","page","type-page","status-publish","has-post-thumbnail","hentry"],"acf":[],"yoast_head":"<!-- This site is optimized with the Yoast SEO plugin v25.5 - https:\/\/yoast.com\/wordpress\/plugins\/seo\/ -->\n<title>Secteur d&#039;op\u00e9ration -<\/title>\n<meta name=\"description\" content=\"Secteur d&#039;op\u00e9ration -\" \/>\n<meta name=\"robots\" content=\"index, follow, max-snippet:-1, max-image-preview:large, max-video-preview:-1\" \/>\n<link rel=\"canonical\" href=\"https:\/\/animo.eu\/fr\/secteur-doperation\/\" \/>\n<meta property=\"og:locale\" content=\"fr_FR\" \/>\n<meta property=\"og:type\" content=\"article\" \/>\n<meta property=\"og:title\" content=\"Secteur d&#039;op\u00e9ration -\" \/>\n<meta property=\"og:description\" content=\"Secteur d&#039;op\u00e9ration -\" \/>\n<meta property=\"og:url\" content=\"https:\/\/animo.eu\/fr\/secteur-doperation\/\" \/>\n<meta property=\"article:publisher\" content=\"https:\/\/www.facebook.com\/animobv\/\" \/>\n<meta property=\"article:modified_time\" content=\"2024-01-11T11:49:40+00:00\" \/>\n<meta property=\"og:image\" content=\"https:\/\/animo.eu\/wp-content\/uploads\/2023\/01\/2022_04_04-animo-030-e1676041216579.jpg\" \/>\n\t<meta property=\"og:image:width\" content=\"2000\" \/>\n\t<meta property=\"og:image:height\" content=\"1115\" \/>\n\t<meta property=\"og:image:type\" content=\"image\/jpeg\" \/>\n<meta name=\"twitter:card\" content=\"summary_large_image\" \/>\n<meta name=\"twitter:site\" content=\"@animokoffie\" \/>\n<meta name=\"twitter:label1\" content=\"Dur\u00e9e de lecture estim\u00e9e\" \/>\n\t<meta name=\"twitter:data1\" content=\"1 minute\" \/>\n<script type=\"application\/ld+json\" class=\"yoast-schema-graph\">{\"@context\":\"https:\/\/schema.org\",\"@graph\":[{\"@type\":\"WebPage\",\"@id\":\"https:\/\/animo.eu\/fr\/secteur-doperation\/\",\"url\":\"https:\/\/animo.eu\/fr\/secteur-doperation\/\",\"name\":\"Secteur d'op\u00e9ration -\",\"isPartOf\":{\"@id\":\"https:\/\/animo.eu\/fr\/#website\"},\"primaryImageOfPage\":{\"@id\":\"https:\/\/animo.eu\/fr\/secteur-doperation\/#primaryimage\"},\"image\":{\"@id\":\"https:\/\/animo.eu\/fr\/secteur-doperation\/#primaryimage\"},\"thumbnailUrl\":\"https:\/\/animo.eu\/wp-content\/uploads\/2023\/01\/2022_04_04-animo-030-e1676041216579.jpg\",\"datePublished\":\"2023-09-11T10:09:00+00:00\",\"dateModified\":\"2024-01-11T11:49:40+00:00\",\"description\":\"Secteur d'op\u00e9ration -\",\"breadcrumb\":{\"@id\":\"https:\/\/animo.eu\/fr\/secteur-doperation\/#breadcrumb\"},\"inLanguage\":\"fr-FR\",\"potentialAction\":[{\"@type\":\"ReadAction\",\"target\":[\"https:\/\/animo.eu\/fr\/secteur-doperation\/\"]}]},{\"@type\":\"ImageObject\",\"inLanguage\":\"fr-FR\",\"@id\":\"https:\/\/animo.eu\/fr\/secteur-doperation\/#primaryimage\",\"url\":\"https:\/\/animo.eu\/wp-content\/uploads\/2023\/01\/2022_04_04-animo-030-e1676041216579.jpg\",\"contentUrl\":\"https:\/\/animo.eu\/wp-content\/uploads\/2023\/01\/2022_04_04-animo-030-e1676041216579.jpg\",\"width\":2000,\"height\":1115},{\"@type\":\"BreadcrumbList\",\"@id\":\"https:\/\/animo.eu\/fr\/secteur-doperation\/#breadcrumb\",\"itemListElement\":[{\"@type\":\"ListItem\",\"position\":1,\"name\":\"Home\",\"item\":\"https:\/\/animo.eu\/fr\/\"},{\"@type\":\"ListItem\",\"position\":2,\"name\":\"Secteur d&#8217;op\u00e9ration\"}]},{\"@type\":\"WebSite\",\"@id\":\"https:\/\/animo.eu\/fr\/#website\",\"url\":\"https:\/\/animo.eu\/fr\/\",\"name\":\"\",\"description\":\"\",\"potentialAction\":[{\"@type\":\"SearchAction\",\"target\":{\"@type\":\"EntryPoint\",\"urlTemplate\":\"https:\/\/animo.eu\/fr\/?s={search_term_string}\"},\"query-input\":{\"@type\":\"PropertyValueSpecification\",\"valueRequired\":true,\"valueName\":\"search_term_string\"}}],\"inLanguage\":\"fr-FR\"}]}<\/script>\n<!-- \/ Yoast SEO plugin. -->","yoast_head_json":{"title":"Secteur d'op\u00e9ration -","description":"Secteur d'op\u00e9ration -","robots":{"index":"index","follow":"follow","max-snippet":"max-snippet:-1","max-image-preview":"max-image-preview:large","max-video-preview":"max-video-preview:-1"},"canonical":"https:\/\/animo.eu\/fr\/secteur-doperation\/","og_locale":"fr_FR","og_type":"article","og_title":"Secteur d'op\u00e9ration -","og_description":"Secteur d'op\u00e9ration -","og_url":"https:\/\/animo.eu\/fr\/secteur-doperation\/","article_publisher":"https:\/\/www.facebook.com\/animobv\/","article_modified_time":"2024-01-11T11:49:40+00:00","og_image":[{"width":2000,"height":1115,"url":"https:\/\/animo.eu\/wp-content\/uploads\/2023\/01\/2022_04_04-animo-030-e1676041216579.jpg","type":"image\/jpeg"}],"twitter_card":"summary_large_image","twitter_site":"@animokoffie","twitter_misc":{"Dur\u00e9e de lecture estim\u00e9e":"1 minute"},"schema":{"@context":"https:\/\/schema.org","@graph":[{"@type":"WebPage","@id":"https:\/\/animo.eu\/fr\/secteur-doperation\/","url":"https:\/\/animo.eu\/fr\/secteur-doperation\/","name":"Secteur d'op\u00e9ration -","isPartOf":{"@id":"https:\/\/animo.eu\/fr\/#website"},"primaryImageOfPage":{"@id":"https:\/\/animo.eu\/fr\/secteur-doperation\/#primaryimage"},"image":{"@id":"https:\/\/animo.eu\/fr\/secteur-doperation\/#primaryimage"},"thumbnailUrl":"https:\/\/animo.eu\/wp-content\/uploads\/2023\/01\/2022_04_04-animo-030-e1676041216579.jpg","datePublished":"2023-09-11T10:09:00+00:00","dateModified":"2024-01-11T11:49:40+00:00","description":"Secteur d'op\u00e9ration -","breadcrumb":{"@id":"https:\/\/animo.eu\/fr\/secteur-doperation\/#breadcrumb"},"inLanguage":"fr-FR","potentialAction":[{"@type":"ReadAction","target":["https:\/\/animo.eu\/fr\/secteur-doperation\/"]}]},{"@type":"ImageObject","inLanguage":"fr-FR","@id":"https:\/\/animo.eu\/fr\/secteur-doperation\/#primaryimage","url":"https:\/\/animo.eu\/wp-content\/uploads\/2023\/01\/2022_04_04-animo-030-e1676041216579.jpg","contentUrl":"https:\/\/animo.eu\/wp-content\/uploads\/2023\/01\/2022_04_04-animo-030-e1676041216579.jpg","width":2000,"height":1115},{"@type":"BreadcrumbList","@id":"https:\/\/animo.eu\/fr\/secteur-doperation\/#breadcrumb","itemListElement":[{"@type":"ListItem","position":1,"name":"Home","item":"https:\/\/animo.eu\/fr\/"},{"@type":"ListItem","position":2,"name":"Secteur d&#8217;op\u00e9ration"}]},{"@type":"WebSite","@id":"https:\/\/animo.eu\/fr\/#website","url":"https:\/\/animo.eu\/fr\/","name":"","description":"","potentialAction":[{"@type":"SearchAction","target":{"@type":"EntryPoint","urlTemplate":"https:\/\/animo.eu\/fr\/?s={search_term_string}"},"query-input":{"@type":"PropertyValueSpecification","valueRequired":true,"valueName":"search_term_string"}}],"inLanguage":"fr-FR"}]}},"_links":{"self":[{"href":"https:\/\/animo.eu\/fr\/wp-json\/wp\/v2\/pages\/36952"}],"collection":[{"href":"https:\/\/animo.eu\/fr\/wp-json\/wp\/v2\/pages"}],"about":[{"href":"https:\/\/animo.eu\/fr\/wp-json\/wp\/v2\/types\/page"}],"author":[{"embeddable":true,"href":"https:\/\/animo.eu\/fr\/wp-json\/wp\/v2\/users\/21"}],"replies":[{"embeddable":true,"href":"https:\/\/animo.eu\/fr\/wp-json\/wp\/v2\/comments?post=36952"}],"version-history":[{"count":6,"href":"https:\/\/animo.eu\/fr\/wp-json\/wp\/v2\/pages\/36952\/revisions"}],"predecessor-version":[{"id":44917,"href":"https:\/\/animo.eu\/fr\/wp-json\/wp\/v2\/pages\/36952\/revisions\/44917"}],"wp:featuredmedia":[{"embeddable":true,"href":"https:\/\/animo.eu\/fr\/wp-json\/wp\/v2\/media\/1397"}],"wp:attachment":[{"href":"https:\/\/animo.eu\/fr\/wp-json\/wp\/v2\/media?parent=36952"}],"curies":[{"name":"wp","href":"https:\/\/api.w.org\/{rel}","templated":true}]}}