{"id":36981,"date":"2023-03-09T13:45:17","date_gmt":"2023-03-09T12:45:17","guid":{"rendered":"https:\/\/animo.eu\/les-cookies\/"},"modified":"2023-11-08T10:37:55","modified_gmt":"2023-11-08T09:37:55","slug":"les-cookies","status":"publish","type":"page","link":"https:\/\/animo.eu\/fr\/les-cookies\/","title":{"rendered":"Les cookies"},"content":{"rendered":"\n<section  class=\"pane pane--white \">\n    <div class=\"container\">\n        <div class=\"row g-4 g-lg-8 g-xl-15 justify-content-center\">\n                                                <div class=\"col-12 col-lg-6\">\n                        <div class=\"pane__text\">\n                            <h1>Les cookies<\/h1>\n<p>La pr\u00e9sente politique en mati\u00e8re de cookies s&rsquo;applique \u00e0 tous les utilisateurs du site web de Animo.eu. Vous trouverez ci-dessous les informations n\u00e9cessaires sur le placement, l&rsquo;utilisation et la gestion des cookies par Animo.eu dans le cadre de la visite des utilisateurs sur notre site web.<\/p>\n<p><strong>Qu&rsquo;est-ce qu&rsquo;un cookie ?<\/strong><\/p>\n<p>Les cookies sont de petits fichiers stock\u00e9s sur votre appareil (ordinateur portable, tablette, smartphone ou appareils similaires) lorsque vous visitez notre site web. Les cookies sont utilis\u00e9s pour rendre le site web de Animo.eu plus efficace et pour collecter certaines informations sur l&rsquo;interaction des utilisateurs avec le site web.<\/p>\n<p><strong>Utilisation des cookies par Animo.eu<\/strong><\/p>\n<p>Animo.eu maakt gebruik van cookies om:<\/p>\n<ul>\n<li>Faciliter la navigation et am\u00e9liorer l&rsquo;exp\u00e9rience utilisateur du site web.<\/li>\n<li>Collecter des donn\u00e9es anonymes sur la fa\u00e7on dont notre site est utilis\u00e9, dans le but d&rsquo;optimiser les performances du site.<\/li>\n<li>Personnaliser les strat\u00e9gies de marketing en affichant des publicit\u00e9s pertinentes.<\/li>\n<\/ul>\n<p><strong>Cat\u00e9gories de cookies utilis\u00e9s<\/strong><\/p>\n<ul>\n<li><strong>Cookies n\u00e9cessaires <\/strong>: ils sont essentiels au fonctionnement technique du site web et ne peuvent pas \u00eatre d\u00e9sactiv\u00e9s.<\/li>\n<li><strong>Cookies analytiques <\/strong>: ils nous permettent d&rsquo;analyser et d&rsquo;am\u00e9liorer l&rsquo;exp\u00e9rience de l&rsquo;utilisateur en comprenant comment le site est utilis\u00e9.<\/li>\n<li><strong>Cookies fonctionnels <\/strong>: ils m\u00e9morisent vos pr\u00e9f\u00e9rences et vos choix sur le site web.<\/li>\n<li><strong>Cookies de marketing <\/strong>: ils sont con\u00e7us pour soutenir les campagnes de marketing et visent \u00e0 fournir une publicit\u00e9 pertinente.<\/li>\n<\/ul>\n<p><strong>Vos choix concernant les cookies<\/strong><\/p>\n<p>Vous pouvez g\u00e9rer vos pr\u00e9f\u00e9rences en mati\u00e8re de cookies en r\u00e9glant les param\u00e8tres de votre navigateur. Il est possible de rejeter tous les cookies ou de n&rsquo;accepter que des cookies sp\u00e9cifiques. Veuillez noter que la d\u00e9sactivation des cookies peut affecter la fonctionnalit\u00e9 de notre site web.<\/p>\n<p><strong>Modifications de la politique en mati\u00e8re de cookies<\/strong><\/p>\n<p>Animo.eu peut modifier cette politique de cookies \u00e0 tout moment. Nous conseillons aux utilisateurs de consulter r\u00e9guli\u00e8rement cette page afin de rester inform\u00e9s des changements \u00e9ventuels.<\/p>\n<p><strong>Questions et contact<\/strong><\/p>\n<p>Si vous avez des questions sur cette politique ou sur la mani\u00e8re dont Animo.eu utilise les cookies, vous pouvez nous contacter \u00e0 l&rsquo;adresse suivante :<\/p>\n<p>Animo BV<br \/>\nDr. A.F. Philipsweg 47<br \/>\n9403 AD Assen, Pays-Bas<br \/>\n+31(0)592-376376<br \/>\ninfo@animo.nl<\/p>\n<p>&nbsp;<\/p>\n                                                    <\/div>\n                    <\/div>\n                                    <\/div>\n    <\/div>\n<\/section>\n","protected":false},"excerpt":{"rendered":"","protected":false},"author":1,"featured_media":0,"parent":0,"menu_order":80,"comment_status":"closed","ping_status":"closed","template":"","meta":{"_acf_changed":false,"footnotes":""},"class_list":["post-36981","page","type-page","status-publish","hentry"],"acf":[],"yoast_head":"<!-- This site is optimized with the Yoast SEO plugin v25.5 - https:\/\/yoast.com\/wordpress\/plugins\/seo\/ -->\n<title>Les cookies -<\/title>\n<meta name=\"description\" content=\"Les cookies -\" \/>\n<meta name=\"robots\" content=\"index, follow, max-snippet:-1, max-image-preview:large, max-video-preview:-1\" \/>\n<link rel=\"canonical\" href=\"https:\/\/animo.eu\/fr\/les-cookies\/\" \/>\n<meta property=\"og:locale\" content=\"fr_FR\" \/>\n<meta property=\"og:type\" content=\"article\" \/>\n<meta property=\"og:title\" content=\"Les cookies -\" \/>\n<meta property=\"og:description\" content=\"Les cookies -\" \/>\n<meta property=\"og:url\" content=\"https:\/\/animo.eu\/fr\/les-cookies\/\" \/>\n<meta property=\"article:publisher\" content=\"https:\/\/www.facebook.com\/animobv\/\" \/>\n<meta property=\"article:modified_time\" content=\"2023-11-08T09:37:55+00:00\" \/>\n<meta property=\"og:image\" content=\"https:\/\/animo.eu\/wp-content\/uploads\/2023\/06\/animo-dedicated-logo.png\" \/>\n\t<meta property=\"og:image:width\" content=\"1000\" \/>\n\t<meta property=\"og:image:height\" content=\"364\" \/>\n\t<meta property=\"og:image:type\" content=\"image\/png\" \/>\n<meta name=\"twitter:card\" content=\"summary_large_image\" \/>\n<meta name=\"twitter:site\" content=\"@animokoffie\" \/>\n<script type=\"application\/ld+json\" class=\"yoast-schema-graph\">{\"@context\":\"https:\/\/schema.org\",\"@graph\":[{\"@type\":\"WebPage\",\"@id\":\"https:\/\/animo.eu\/fr\/les-cookies\/\",\"url\":\"https:\/\/animo.eu\/fr\/les-cookies\/\",\"name\":\"Les cookies -\",\"isPartOf\":{\"@id\":\"https:\/\/animo.eu\/fr\/#website\"},\"datePublished\":\"2023-03-09T12:45:17+00:00\",\"dateModified\":\"2023-11-08T09:37:55+00:00\",\"description\":\"Les cookies -\",\"breadcrumb\":{\"@id\":\"https:\/\/animo.eu\/fr\/les-cookies\/#breadcrumb\"},\"inLanguage\":\"fr-FR\",\"potentialAction\":[{\"@type\":\"ReadAction\",\"target\":[\"https:\/\/animo.eu\/fr\/les-cookies\/\"]}]},{\"@type\":\"BreadcrumbList\",\"@id\":\"https:\/\/animo.eu\/fr\/les-cookies\/#breadcrumb\",\"itemListElement\":[{\"@type\":\"ListItem\",\"position\":1,\"name\":\"Home\",\"item\":\"https:\/\/animo.eu\/fr\/\"},{\"@type\":\"ListItem\",\"position\":2,\"name\":\"Les cookies\"}]},{\"@type\":\"WebSite\",\"@id\":\"https:\/\/animo.eu\/fr\/#website\",\"url\":\"https:\/\/animo.eu\/fr\/\",\"name\":\"\",\"description\":\"\",\"potentialAction\":[{\"@type\":\"SearchAction\",\"target\":{\"@type\":\"EntryPoint\",\"urlTemplate\":\"https:\/\/animo.eu\/fr\/?s={search_term_string}\"},\"query-input\":{\"@type\":\"PropertyValueSpecification\",\"valueRequired\":true,\"valueName\":\"search_term_string\"}}],\"inLanguage\":\"fr-FR\"}]}<\/script>\n<!-- \/ Yoast SEO plugin. -->","yoast_head_json":{"title":"Les cookies -","description":"Les cookies -","robots":{"index":"index","follow":"follow","max-snippet":"max-snippet:-1","max-image-preview":"max-image-preview:large","max-video-preview":"max-video-preview:-1"},"canonical":"https:\/\/animo.eu\/fr\/les-cookies\/","og_locale":"fr_FR","og_type":"article","og_title":"Les cookies -","og_description":"Les cookies -","og_url":"https:\/\/animo.eu\/fr\/les-cookies\/","article_publisher":"https:\/\/www.facebook.com\/animobv\/","article_modified_time":"2023-11-08T09:37:55+00:00","og_image":[{"width":1000,"height":364,"url":"https:\/\/animo.eu\/wp-content\/uploads\/2023\/06\/animo-dedicated-logo.png","type":"image\/png"}],"twitter_card":"summary_large_image","twitter_site":"@animokoffie","schema":{"@context":"https:\/\/schema.org","@graph":[{"@type":"WebPage","@id":"https:\/\/animo.eu\/fr\/les-cookies\/","url":"https:\/\/animo.eu\/fr\/les-cookies\/","name":"Les cookies -","isPartOf":{"@id":"https:\/\/animo.eu\/fr\/#website"},"datePublished":"2023-03-09T12:45:17+00:00","dateModified":"2023-11-08T09:37:55+00:00","description":"Les cookies -","breadcrumb":{"@id":"https:\/\/animo.eu\/fr\/les-cookies\/#breadcrumb"},"inLanguage":"fr-FR","potentialAction":[{"@type":"ReadAction","target":["https:\/\/animo.eu\/fr\/les-cookies\/"]}]},{"@type":"BreadcrumbList","@id":"https:\/\/animo.eu\/fr\/les-cookies\/#breadcrumb","itemListElement":[{"@type":"ListItem","position":1,"name":"Home","item":"https:\/\/animo.eu\/fr\/"},{"@type":"ListItem","position":2,"name":"Les cookies"}]},{"@type":"WebSite","@id":"https:\/\/animo.eu\/fr\/#website","url":"https:\/\/animo.eu\/fr\/","name":"","description":"","potentialAction":[{"@type":"SearchAction","target":{"@type":"EntryPoint","urlTemplate":"https:\/\/animo.eu\/fr\/?s={search_term_string}"},"query-input":{"@type":"PropertyValueSpecification","valueRequired":true,"valueName":"search_term_string"}}],"inLanguage":"fr-FR"}]}},"_links":{"self":[{"href":"https:\/\/animo.eu\/fr\/wp-json\/wp\/v2\/pages\/36981"}],"collection":[{"href":"https:\/\/animo.eu\/fr\/wp-json\/wp\/v2\/pages"}],"about":[{"href":"https:\/\/animo.eu\/fr\/wp-json\/wp\/v2\/types\/page"}],"author":[{"embeddable":true,"href":"https:\/\/animo.eu\/fr\/wp-json\/wp\/v2\/users\/1"}],"replies":[{"embeddable":true,"href":"https:\/\/animo.eu\/fr\/wp-json\/wp\/v2\/comments?post=36981"}],"version-history":[{"count":1,"href":"https:\/\/animo.eu\/fr\/wp-json\/wp\/v2\/pages\/36981\/revisions"}],"predecessor-version":[{"id":36982,"href":"https:\/\/animo.eu\/fr\/wp-json\/wp\/v2\/pages\/36981\/revisions\/36982"}],"wp:attachment":[{"href":"https:\/\/animo.eu\/fr\/wp-json\/wp\/v2\/media?parent=36981"}],"curies":[{"name":"wp","href":"https:\/\/api.w.org\/{rel}","templated":true}]}}