{"id":37349,"date":"2023-03-14T13:11:11","date_gmt":"2023-03-14T12:11:11","guid":{"rendered":"https:\/\/animo.eu\/cafetieres\/"},"modified":"2024-01-23T09:07:18","modified_gmt":"2024-01-23T08:07:18","slug":"cafetieres","status":"publish","type":"page","link":"https:\/\/animo.eu\/fr\/cafetieres\/","title":{"rendered":"Cafeti\u00e8res"},"content":{"rendered":"\n<section  class=\"pane pane--white \">\n    <div class=\"container\">\n                    <div class=\"row justify-content-center mb-4\">\n                <div class=\"col-12\">\n                    <div class=\"pane__text\">\n                        <h2>Cafeti\u00e8res pour caf\u00e9 filtre frais<\/h2>\n                    <\/div>\n                <\/div>\n            <\/div>\n        \n                                \n                            <div class=\"row row--equalized g-4 g-lg-3 g-xl-6\">\n                                            <div class=\"col-12 col-md-6 col-lg-3\">\n                            <div class=\"card card--product\">\n        <div class=\"card__image\">\n                    <img decoding=\"async\" width=\"550\" height=\"440\" src=\"https:\/\/animo.eu\/wp-content\/uploads\/2023\/07\/Glazenkannen-overview-550x440.png\" class=\"image wp-post-image\" alt=\"\" loading=\"lazy\" srcset=\"https:\/\/animo.eu\/wp-content\/uploads\/2023\/07\/Glazenkannen-overview-550x440.png 550w, https:\/\/animo.eu\/wp-content\/uploads\/2023\/07\/Glazenkannen-overview-300x240.png 300w, https:\/\/animo.eu\/wp-content\/uploads\/2023\/07\/Glazenkannen-overview-1024x819.png 1024w, https:\/\/animo.eu\/wp-content\/uploads\/2023\/07\/Glazenkannen-overview-768x615.png 768w, https:\/\/animo.eu\/wp-content\/uploads\/2023\/07\/Glazenkannen-overview-70x56.png 70w, https:\/\/animo.eu\/wp-content\/uploads\/2023\/07\/Glazenkannen-overview-800x640.png 800w, https:\/\/animo.eu\/wp-content\/uploads\/2023\/07\/Glazenkannen-overview-125x100.png 125w, https:\/\/animo.eu\/wp-content\/uploads\/2023\/07\/Glazenkannen-overview-150x120.png 150w, https:\/\/animo.eu\/wp-content\/uploads\/2023\/07\/Glazenkannen-overview.png 1276w\" sizes=\"(max-width: 550px) 100vw, 550px\" \/>                <\/div>\n    <div class=\"card-body\">\n        <h3 class=\"card-title\">Cafeti\u00e8res avec pichet en verre<\/h3>\n                    <p class=\"mb-0\">Avec les cafeti\u00e8res de la ligne M, vous pouvez facilement et rapidement pr\u00e9parer du caf\u00e9 filtre frais directement dans une cruche en verre.<\/p>\n            <\/div>\n    <div class=\"card-footer\">\n        <span class=\"btn btn-outline-secondary\">\n            <span class=\"btn__text\">Plus d&rsquo;informations<\/span>\n            <svg class=\"icon icon--20 icon--arrow\">\n                <use xlink:href=\"https:\/\/animo.eu\/wp-content\/themes\/animo\/build\/img\/symbols.svg#arrow-right\"><\/use>\n            <\/svg>\n        <\/span>\n    <\/div>\n    <a class=\"stretched-link\" href=\"https:\/\/animo.eu\/fr\/cafetieres\/cafetieres-avec-pichet-en-verre\/\"><\/a>\n<\/div>\n                        <\/div>\n                                            <div class=\"col-12 col-md-6 col-lg-3\">\n                            <div class=\"card card--product\">\n        <div class=\"card__image\">\n                    <img decoding=\"async\" width=\"550\" height=\"440\" src=\"https:\/\/animo.eu\/wp-content\/uploads\/2023\/07\/MT-Line-overview-550x440.png\" class=\"image wp-post-image\" alt=\"\" loading=\"lazy\" srcset=\"https:\/\/animo.eu\/wp-content\/uploads\/2023\/07\/MT-Line-overview-550x440.png 550w, https:\/\/animo.eu\/wp-content\/uploads\/2023\/07\/MT-Line-overview-300x240.png 300w, https:\/\/animo.eu\/wp-content\/uploads\/2023\/07\/MT-Line-overview-1024x819.png 1024w, https:\/\/animo.eu\/wp-content\/uploads\/2023\/07\/MT-Line-overview-768x615.png 768w, https:\/\/animo.eu\/wp-content\/uploads\/2023\/07\/MT-Line-overview-70x56.png 70w, https:\/\/animo.eu\/wp-content\/uploads\/2023\/07\/MT-Line-overview-800x640.png 800w, https:\/\/animo.eu\/wp-content\/uploads\/2023\/07\/MT-Line-overview-125x100.png 125w, https:\/\/animo.eu\/wp-content\/uploads\/2023\/07\/MT-Line-overview-150x120.png 150w, https:\/\/animo.eu\/wp-content\/uploads\/2023\/07\/MT-Line-overview.png 1276w\" sizes=\"(max-width: 550px) 100vw, 550px\" \/>                <\/div>\n    <div class=\"card-body\">\n        <h3 class=\"card-title\">Cafeti\u00e8res avec thermos<\/h3>\n                    <p class=\"mb-0\">La MT-line d&rsquo;Animo est une gamme tr\u00e8s compl\u00e8te d&rsquo;\u00e9quipements pour thermos, bas\u00e9e sur un design contemporain tr\u00e8s appr\u00e9ci\u00e9.<\/p>\n            <\/div>\n    <div class=\"card-footer\">\n        <span class=\"btn btn-outline-secondary\">\n            <span class=\"btn__text\">Plus d&rsquo;informations<\/span>\n            <svg class=\"icon icon--20 icon--arrow\">\n                <use xlink:href=\"https:\/\/animo.eu\/wp-content\/themes\/animo\/build\/img\/symbols.svg#arrow-right\"><\/use>\n            <\/svg>\n        <\/span>\n    <\/div>\n    <a class=\"stretched-link\" href=\"https:\/\/animo.eu\/fr\/cafetieres\/cafetieres-avec-thermos\/\"><\/a>\n<\/div>\n                        <\/div>\n                                            <div class=\"col-12 col-md-6 col-lg-3\">\n                            <div class=\"card card--product\">\n        <div class=\"card__image\">\n                    <img decoding=\"async\" width=\"550\" height=\"440\" src=\"https:\/\/animo.eu\/wp-content\/uploads\/2023\/07\/Excelso-overview-550x440.png\" class=\"image wp-post-image\" alt=\"\" loading=\"lazy\" srcset=\"https:\/\/animo.eu\/wp-content\/uploads\/2023\/07\/Excelso-overview-550x440.png 550w, https:\/\/animo.eu\/wp-content\/uploads\/2023\/07\/Excelso-overview-300x240.png 300w, https:\/\/animo.eu\/wp-content\/uploads\/2023\/07\/Excelso-overview-1024x819.png 1024w, https:\/\/animo.eu\/wp-content\/uploads\/2023\/07\/Excelso-overview-768x615.png 768w, https:\/\/animo.eu\/wp-content\/uploads\/2023\/07\/Excelso-overview-70x56.png 70w, https:\/\/animo.eu\/wp-content\/uploads\/2023\/07\/Excelso-overview-800x640.png 800w, https:\/\/animo.eu\/wp-content\/uploads\/2023\/07\/Excelso-overview-125x100.png 125w, https:\/\/animo.eu\/wp-content\/uploads\/2023\/07\/Excelso-overview-150x120.png 150w, https:\/\/animo.eu\/wp-content\/uploads\/2023\/07\/Excelso-overview.png 1276w\" sizes=\"(max-width: 550px) 100vw, 550px\" \/>                <\/div>\n    <div class=\"card-body\">\n        <h3 class=\"card-title\">Machines \u00e0 caf\u00e9 Excelso<\/h3>\n                    <p class=\"mb-0\">Cafeti\u00e8res professionnelles en acier inoxydable pour une pr\u00e9paration facile et rapide de caf\u00e9 filtre frais dans une cruche en verre ou un thermos.<\/p>\n            <\/div>\n    <div class=\"card-footer\">\n        <span class=\"btn btn-outline-secondary\">\n            <span class=\"btn__text\">Plus d&rsquo;informations<\/span>\n            <svg class=\"icon icon--20 icon--arrow\">\n                <use xlink:href=\"https:\/\/animo.eu\/wp-content\/themes\/animo\/build\/img\/symbols.svg#arrow-right\"><\/use>\n            <\/svg>\n        <\/span>\n    <\/div>\n    <a class=\"stretched-link\" href=\"https:\/\/animo.eu\/fr\/cafetieres\/machines-a-cafe-excelso\/\"><\/a>\n<\/div>\n                        <\/div>\n                                    <\/div>\n                                         <\/div>\n<\/section>\n\n\n\n<section  class=\"pane pane--tertiary \">\n    <div class=\"container\">\n        <div class=\"row g-4 g-lg-8 g-xl-15 g-xxl-20 align-items-center flex-lg-row-reverse\">\n                            <div class=\"col-12 col-lg-6\">\n                    <div class=\"pane__text\">\n                        <h2>Voir la brochure<\/h2>\n<p>Si vous souhaitez en savoir plus sur nos machines \u00e0 caf\u00e9 filtre frais, consultez notre brochure en ligne ou t\u00e9l\u00e9chargez-la sur votre ordinateur.<\/p>\n                                                \n\n    <div class=\"pane__button-group\">\n        <div class=\"row g-2 g-lg-3 justify-content-start\">\n                            <div class=\"col-auto\">\n                                        <a class=\"btn btn-outline-secondary\" href=\"https:\/\/animo.eu\/fr\/cafetieres\/cafetieres-avec-pichet-en-verre\/pdf-m-line-mt-line-excelso\/\" target=\"_self\">\n                        <span class=\"btn__text\">Voir la brochure<\/span>\n                        <svg class=\"icon icon--20 icon--arrow\">\n                            <use xlink:href=\"https:\/\/animo.eu\/wp-content\/themes\/animo\/build\/img\/symbols.svg#arrow-right\"><\/use>\n                        <\/svg>\n                    <\/a>\n                <\/div>\n                    <\/div>\n    <\/div>\n\n\n                    <\/div>\n                <\/div>\n                                        <div class=\"col-12 col-lg\">\n                    <figure class=\"figure image_reversed\">\n                        <img decoding=\"async\" width=\"1024\" height=\"719\" src=\"https:\/\/animo.eu\/wp-content\/uploads\/2023\/06\/brochure-1024x719.jpg\" class=\"img-fluid\" alt=\"\" loading=\"lazy\" srcset=\"https:\/\/animo.eu\/wp-content\/uploads\/2023\/06\/brochure-1024x719.jpg 1024w, https:\/\/animo.eu\/wp-content\/uploads\/2023\/06\/brochure-300x211.jpg 300w, https:\/\/animo.eu\/wp-content\/uploads\/2023\/06\/brochure-768x539.jpg 768w, https:\/\/animo.eu\/wp-content\/uploads\/2023\/06\/brochure-70x49.jpg 70w, https:\/\/animo.eu\/wp-content\/uploads\/2023\/06\/brochure-550x386.jpg 550w, https:\/\/animo.eu\/wp-content\/uploads\/2023\/06\/brochure-142x100.jpg 142w, https:\/\/animo.eu\/wp-content\/uploads\/2023\/06\/brochure-150x105.jpg 150w, https:\/\/animo.eu\/wp-content\/uploads\/2023\/06\/brochure.jpg 1341w\" sizes=\"(max-width: 1024px) 100vw, 1024px\" \/>                    <\/figure>\n                <\/div>\n                    <\/div>\n    <\/div>\n<\/section>\n\n\n\n<section  class=\"pane pane--white \">\n    <div class=\"container\">\n        <div class=\"row g-4 g-lg-8 g-xl-15 g-xxl-20 align-items-center flex-lg-row-reverse\">\n                            <div class=\"col-12 col-lg-6\">\n                    <div class=\"pane__text\">\n                        <h2>Caf\u00e9 pour toutes les industries<\/h2>\n<p>Les besoins en caf\u00e9 peuvent varier consid\u00e9rablement d&rsquo;une entreprise et d&rsquo;un secteur \u00e0 l&rsquo;autre. Certaines entreprises souhaitent que leurs employ\u00e9s, mais aussi leurs clients, puissent profiter d&rsquo;une tasse de caf\u00e9 frais. Pour de nombreuses industries, la qualit\u00e9 est le premier crit\u00e8re de s\u00e9lection, tandis que pour d&rsquo;autres entreprises, il est important de pouvoir pr\u00e9parer rapidement une grande quantit\u00e9 de caf\u00e9. C&rsquo;est pourquoi Animo propose diff\u00e9rentes machines \u00e0 caf\u00e9 qui peuvent r\u00e9pondre aux divers besoins de toutes les industries. Des bureaux, des h\u00f4tels, des supermarch\u00e9s, des cantines et des h\u00f4pitaux aux \u00e9tablissements d&rsquo;enseignement, en passant par les centres d&rsquo;entretien automobile et les th\u00e9\u00e2tres&#8230; et bien d&rsquo;autres encore.<\/p>\n                                                \n                    <\/div>\n                <\/div>\n                                        <div class=\"col-12 col-lg\">\n                    <figure class=\"figure image_reversed\">\n                        <img decoding=\"async\" width=\"1024\" height=\"640\" src=\"https:\/\/animo.eu\/wp-content\/uploads\/2023\/07\/M-Line-Promo-image-1024x640.jpg\" class=\"img-fluid\" alt=\"\" loading=\"lazy\" srcset=\"https:\/\/animo.eu\/wp-content\/uploads\/2023\/07\/M-Line-Promo-image-1024x640.jpg 1024w, https:\/\/animo.eu\/wp-content\/uploads\/2023\/07\/M-Line-Promo-image-300x188.jpg 300w, https:\/\/animo.eu\/wp-content\/uploads\/2023\/07\/M-Line-Promo-image-768x480.jpg 768w, https:\/\/animo.eu\/wp-content\/uploads\/2023\/07\/M-Line-Promo-image-1536x960.jpg 1536w, https:\/\/animo.eu\/wp-content\/uploads\/2023\/07\/M-Line-Promo-image-70x44.jpg 70w, https:\/\/animo.eu\/wp-content\/uploads\/2023\/07\/M-Line-Promo-image-550x344.jpg 550w, https:\/\/animo.eu\/wp-content\/uploads\/2023\/07\/M-Line-Promo-image-800x500.jpg 800w, https:\/\/animo.eu\/wp-content\/uploads\/2023\/07\/M-Line-Promo-image-160x100.jpg 160w, https:\/\/animo.eu\/wp-content\/uploads\/2023\/07\/M-Line-Promo-image-150x94.jpg 150w, https:\/\/animo.eu\/wp-content\/uploads\/2023\/07\/M-Line-Promo-image.jpg 1920w\" sizes=\"(max-width: 1024px) 100vw, 1024px\" \/>                    <\/figure>\n                <\/div>\n                    <\/div>\n    <\/div>\n<\/section>\n","protected":false},"excerpt":{"rendered":"","protected":false},"author":1,"featured_media":18273,"parent":0,"menu_order":32,"comment_status":"closed","ping_status":"closed","template":"","meta":{"_acf_changed":false,"footnotes":""},"class_list":["post-37349","page","type-page","status-publish","has-post-thumbnail","hentry"],"acf":[],"yoast_head":"<!-- This site is optimized with the Yoast SEO plugin v25.5 - https:\/\/yoast.com\/wordpress\/plugins\/seo\/ -->\n<title>Cafeti\u00e8res -<\/title>\n<meta name=\"description\" content=\"Cafeti\u00e8res - Avec les machines \u00e0 caf\u00e9 Animo, vous pouvez facilement pr\u00e9parer du caf\u00e9 frais.\" \/>\n<meta name=\"robots\" content=\"index, follow, max-snippet:-1, max-image-preview:large, max-video-preview:-1\" \/>\n<link rel=\"canonical\" href=\"https:\/\/animo.eu\/fr\/cafetieres\/\" \/>\n<meta property=\"og:locale\" content=\"fr_FR\" \/>\n<meta property=\"og:type\" content=\"article\" \/>\n<meta property=\"og:title\" content=\"Cafeti\u00e8res -\" \/>\n<meta property=\"og:description\" content=\"Cafeti\u00e8res - Avec les machines \u00e0 caf\u00e9 Animo, vous pouvez facilement pr\u00e9parer du caf\u00e9 frais.\" \/>\n<meta property=\"og:url\" content=\"https:\/\/animo.eu\/fr\/cafetieres\/\" \/>\n<meta property=\"article:publisher\" content=\"https:\/\/www.facebook.com\/animobv\/\" \/>\n<meta property=\"article:modified_time\" content=\"2024-01-23T08:07:18+00:00\" \/>\n<meta property=\"og:image\" content=\"https:\/\/animo.eu\/wp-content\/uploads\/2023\/08\/Combi-koffiezetapparaten.png\" \/>\n\t<meta property=\"og:image:width\" content=\"1772\" \/>\n\t<meta property=\"og:image:height\" content=\"1475\" \/>\n\t<meta property=\"og:image:type\" content=\"image\/png\" \/>\n<meta name=\"twitter:card\" content=\"summary_large_image\" \/>\n<meta name=\"twitter:site\" content=\"@animokoffie\" \/>\n<meta name=\"twitter:label1\" content=\"Dur\u00e9e de lecture estim\u00e9e\" \/>\n\t<meta name=\"twitter:data1\" content=\"1 minute\" \/>\n<script type=\"application\/ld+json\" class=\"yoast-schema-graph\">{\"@context\":\"https:\/\/schema.org\",\"@graph\":[{\"@type\":\"WebPage\",\"@id\":\"https:\/\/animo.eu\/fr\/cafetieres\/\",\"url\":\"https:\/\/animo.eu\/fr\/cafetieres\/\",\"name\":\"Cafeti\u00e8res -\",\"isPartOf\":{\"@id\":\"https:\/\/animo.eu\/fr\/#website\"},\"primaryImageOfPage\":{\"@id\":\"https:\/\/animo.eu\/fr\/cafetieres\/#primaryimage\"},\"image\":{\"@id\":\"https:\/\/animo.eu\/fr\/cafetieres\/#primaryimage\"},\"thumbnailUrl\":\"https:\/\/animo.eu\/wp-content\/uploads\/2023\/08\/Combi-koffiezetapparaten.png\",\"datePublished\":\"2023-03-14T12:11:11+00:00\",\"dateModified\":\"2024-01-23T08:07:18+00:00\",\"description\":\"Cafeti\u00e8res - Avec les machines \u00e0 caf\u00e9 Animo, vous pouvez facilement pr\u00e9parer du caf\u00e9 frais.\",\"breadcrumb\":{\"@id\":\"https:\/\/animo.eu\/fr\/cafetieres\/#breadcrumb\"},\"inLanguage\":\"fr-FR\",\"potentialAction\":[{\"@type\":\"ReadAction\",\"target\":[\"https:\/\/animo.eu\/fr\/cafetieres\/\"]}]},{\"@type\":\"ImageObject\",\"inLanguage\":\"fr-FR\",\"@id\":\"https:\/\/animo.eu\/fr\/cafetieres\/#primaryimage\",\"url\":\"https:\/\/animo.eu\/wp-content\/uploads\/2023\/08\/Combi-koffiezetapparaten.png\",\"contentUrl\":\"https:\/\/animo.eu\/wp-content\/uploads\/2023\/08\/Combi-koffiezetapparaten.png\",\"width\":1772,\"height\":1475},{\"@type\":\"BreadcrumbList\",\"@id\":\"https:\/\/animo.eu\/fr\/cafetieres\/#breadcrumb\",\"itemListElement\":[{\"@type\":\"ListItem\",\"position\":1,\"name\":\"Home\",\"item\":\"https:\/\/animo.eu\/fr\/\"},{\"@type\":\"ListItem\",\"position\":2,\"name\":\"Cafeti\u00e8res\"}]},{\"@type\":\"WebSite\",\"@id\":\"https:\/\/animo.eu\/fr\/#website\",\"url\":\"https:\/\/animo.eu\/fr\/\",\"name\":\"\",\"description\":\"\",\"potentialAction\":[{\"@type\":\"SearchAction\",\"target\":{\"@type\":\"EntryPoint\",\"urlTemplate\":\"https:\/\/animo.eu\/fr\/?s={search_term_string}\"},\"query-input\":{\"@type\":\"PropertyValueSpecification\",\"valueRequired\":true,\"valueName\":\"search_term_string\"}}],\"inLanguage\":\"fr-FR\"}]}<\/script>\n<!-- \/ Yoast SEO plugin. -->","yoast_head_json":{"title":"Cafeti\u00e8res -","description":"Cafeti\u00e8res - Avec les machines \u00e0 caf\u00e9 Animo, vous pouvez facilement pr\u00e9parer du caf\u00e9 frais.","robots":{"index":"index","follow":"follow","max-snippet":"max-snippet:-1","max-image-preview":"max-image-preview:large","max-video-preview":"max-video-preview:-1"},"canonical":"https:\/\/animo.eu\/fr\/cafetieres\/","og_locale":"fr_FR","og_type":"article","og_title":"Cafeti\u00e8res -","og_description":"Cafeti\u00e8res - Avec les machines \u00e0 caf\u00e9 Animo, vous pouvez facilement pr\u00e9parer du caf\u00e9 frais.","og_url":"https:\/\/animo.eu\/fr\/cafetieres\/","article_publisher":"https:\/\/www.facebook.com\/animobv\/","article_modified_time":"2024-01-23T08:07:18+00:00","og_image":[{"width":1772,"height":1475,"url":"https:\/\/animo.eu\/wp-content\/uploads\/2023\/08\/Combi-koffiezetapparaten.png","type":"image\/png"}],"twitter_card":"summary_large_image","twitter_site":"@animokoffie","twitter_misc":{"Dur\u00e9e de lecture estim\u00e9e":"1 minute"},"schema":{"@context":"https:\/\/schema.org","@graph":[{"@type":"WebPage","@id":"https:\/\/animo.eu\/fr\/cafetieres\/","url":"https:\/\/animo.eu\/fr\/cafetieres\/","name":"Cafeti\u00e8res -","isPartOf":{"@id":"https:\/\/animo.eu\/fr\/#website"},"primaryImageOfPage":{"@id":"https:\/\/animo.eu\/fr\/cafetieres\/#primaryimage"},"image":{"@id":"https:\/\/animo.eu\/fr\/cafetieres\/#primaryimage"},"thumbnailUrl":"https:\/\/animo.eu\/wp-content\/uploads\/2023\/08\/Combi-koffiezetapparaten.png","datePublished":"2023-03-14T12:11:11+00:00","dateModified":"2024-01-23T08:07:18+00:00","description":"Cafeti\u00e8res - Avec les machines \u00e0 caf\u00e9 Animo, vous pouvez facilement pr\u00e9parer du caf\u00e9 frais.","breadcrumb":{"@id":"https:\/\/animo.eu\/fr\/cafetieres\/#breadcrumb"},"inLanguage":"fr-FR","potentialAction":[{"@type":"ReadAction","target":["https:\/\/animo.eu\/fr\/cafetieres\/"]}]},{"@type":"ImageObject","inLanguage":"fr-FR","@id":"https:\/\/animo.eu\/fr\/cafetieres\/#primaryimage","url":"https:\/\/animo.eu\/wp-content\/uploads\/2023\/08\/Combi-koffiezetapparaten.png","contentUrl":"https:\/\/animo.eu\/wp-content\/uploads\/2023\/08\/Combi-koffiezetapparaten.png","width":1772,"height":1475},{"@type":"BreadcrumbList","@id":"https:\/\/animo.eu\/fr\/cafetieres\/#breadcrumb","itemListElement":[{"@type":"ListItem","position":1,"name":"Home","item":"https:\/\/animo.eu\/fr\/"},{"@type":"ListItem","position":2,"name":"Cafeti\u00e8res"}]},{"@type":"WebSite","@id":"https:\/\/animo.eu\/fr\/#website","url":"https:\/\/animo.eu\/fr\/","name":"","description":"","potentialAction":[{"@type":"SearchAction","target":{"@type":"EntryPoint","urlTemplate":"https:\/\/animo.eu\/fr\/?s={search_term_string}"},"query-input":{"@type":"PropertyValueSpecification","valueRequired":true,"valueName":"search_term_string"}}],"inLanguage":"fr-FR"}]}},"_links":{"self":[{"href":"https:\/\/animo.eu\/fr\/wp-json\/wp\/v2\/pages\/37349"}],"collection":[{"href":"https:\/\/animo.eu\/fr\/wp-json\/wp\/v2\/pages"}],"about":[{"href":"https:\/\/animo.eu\/fr\/wp-json\/wp\/v2\/types\/page"}],"author":[{"embeddable":true,"href":"https:\/\/animo.eu\/fr\/wp-json\/wp\/v2\/users\/1"}],"replies":[{"embeddable":true,"href":"https:\/\/animo.eu\/fr\/wp-json\/wp\/v2\/comments?post=37349"}],"version-history":[{"count":6,"href":"https:\/\/animo.eu\/fr\/wp-json\/wp\/v2\/pages\/37349\/revisions"}],"predecessor-version":[{"id":47502,"href":"https:\/\/animo.eu\/fr\/wp-json\/wp\/v2\/pages\/37349\/revisions\/47502"}],"wp:featuredmedia":[{"embeddable":true,"href":"https:\/\/animo.eu\/fr\/wp-json\/wp\/v2\/media\/18273"}],"wp:attachment":[{"href":"https:\/\/animo.eu\/fr\/wp-json\/wp\/v2\/media?parent=37349"}],"curies":[{"name":"wp","href":"https:\/\/api.w.org\/{rel}","templated":true}]}}