{"id":37575,"date":"2023-09-08T13:56:14","date_gmt":"2023-09-08T11:56:14","guid":{"rendered":"https:\/\/animo.eu\/pompes-a-eau\/"},"modified":"2023-11-13T11:14:26","modified_gmt":"2023-11-13T10:14:26","slug":"pompes-a-eau","status":"publish","type":"page","link":"https:\/\/animo.eu\/fr\/pompes-a-eau\/","title":{"rendered":"Pompes \u00e0 eau"},"content":{"rendered":"\n<section  class=\"pane pane--white \">\n    <div class=\"container\">\n                    <div class=\"row justify-content-center mb-4\">\n                <div class=\"col-12\">\n                    <div class=\"pane__text\">\n                        <h2>Pompe \u00e0 eau autonome<\/h2>\n                    <\/div>\n                <\/div>\n            <\/div>\n        \n                                \n                            <div class=\"row row--equalized g-4 g-lg-3 g-xl-6\">\n                                            <div class=\"col-12 col-md-6 col-lg-3\">\n                            <div class=\"card card--product\">\n                    <div class=\"card__image\">\n                    <img decoding=\"async\" width=\"437\" height=\"550\" src=\"https:\/\/animo.eu\/wp-content\/uploads\/2023\/09\/Waterpomp-en-fles-437x550.png\" class=\"image wp-post-image\" alt=\"\" loading=\"lazy\" srcset=\"https:\/\/animo.eu\/wp-content\/uploads\/2023\/09\/Waterpomp-en-fles-437x550.png 437w, https:\/\/animo.eu\/wp-content\/uploads\/2023\/09\/Waterpomp-en-fles-238x300.png 238w, https:\/\/animo.eu\/wp-content\/uploads\/2023\/09\/Waterpomp-en-fles-813x1024.png 813w, https:\/\/animo.eu\/wp-content\/uploads\/2023\/09\/Waterpomp-en-fles-768x968.png 768w, https:\/\/animo.eu\/wp-content\/uploads\/2023\/09\/Waterpomp-en-fles-1219x1536.png 1219w, https:\/\/animo.eu\/wp-content\/uploads\/2023\/09\/Waterpomp-en-fles-1626x2048.png 1626w, https:\/\/animo.eu\/wp-content\/uploads\/2023\/09\/Waterpomp-en-fles-56x70.png 56w, https:\/\/animo.eu\/wp-content\/uploads\/2023\/09\/Waterpomp-en-fles-635x800.png 635w, https:\/\/animo.eu\/wp-content\/uploads\/2023\/09\/Waterpomp-en-fles-79x100.png 79w, https:\/\/animo.eu\/wp-content\/uploads\/2023\/09\/Waterpomp-en-fles-119x150.png 119w\" sizes=\"(max-width: 437px) 100vw, 437px\" \/>                <\/div>\n    <div class=\"card-body\">\n        <h3 class=\"card-title\">Pompes \u00e0 eau<\/h3>\n                    <p class=\"mb-0\">Si vous n&rsquo;avez pas de raccordement fixe \u00e0 l&rsquo;eau<\/p>\n            <\/div>\n    <div class=\"card-footer\">\n        <span class=\"btn btn-outline-secondary\">\n            <span class=\"btn__text\">Plus d&rsquo;informations<\/span>\n            <svg class=\"icon icon--20 icon--arrow\">\n                <use xlink:href=\"https:\/\/animo.eu\/wp-content\/themes\/animo\/build\/img\/symbols.svg#arrow-right\"><\/use>\n            <\/svg>\n        <\/span>\n    <\/div>\n    <a class=\"stretched-link\" href=\"https:\/\/animo.eu\/fr\/pompes-a-eau\/pompes-a-eau\/\"><\/a>\n<\/div>\n                        <\/div>\n                                    <\/div>\n                                         <\/div>\n<\/section>\n\n<section  class=\"pane pane--white \">\n    <div class=\"container\">\n        <div class=\"row g-4 g-lg-8 g-xl-15 g-xxl-20 align-items-center flex-lg-row-reverse\">\n                            <div class=\"col-12 col-lg-6\">\n                    <div class=\"pane__text\">\n                        <h2 class=\"paragraph-title\">Vous n&rsquo;avez pas de raccordement fixe \u00e0 l&rsquo;eau ?<\/h2>\n<p>Utilisez ensuite la pompe \u00e0 eau Flojet d&rsquo;Animo. Le kit complet comprend une pompe (230V\/60W), un r\u00e9servoir d&rsquo;eau et 6 m\u00e8tres de tuyau de raccordement. L&rsquo;unit\u00e9 est facile \u00e0 installer dans un meuble bas.<\/p>\n                                                \n                    <\/div>\n                <\/div>\n                                <\/div>\n    <\/div>\n<\/section>\n","protected":false},"excerpt":{"rendered":"","protected":false},"author":21,"featured_media":25466,"parent":0,"menu_order":53,"comment_status":"closed","ping_status":"closed","template":"","meta":{"_acf_changed":false,"footnotes":""},"class_list":["post-37575","page","type-page","status-publish","has-post-thumbnail","hentry"],"acf":[],"yoast_head":"<!-- This site is optimized with the Yoast SEO plugin v25.5 - https:\/\/yoast.com\/wordpress\/plugins\/seo\/ -->\n<title>Pompes \u00e0 eau -<\/title>\n<meta name=\"description\" content=\"Pompes \u00e0 eau -\" \/>\n<meta name=\"robots\" content=\"index, follow, max-snippet:-1, max-image-preview:large, max-video-preview:-1\" \/>\n<link rel=\"canonical\" href=\"https:\/\/animo.eu\/fr\/pompes-a-eau\/\" \/>\n<meta property=\"og:locale\" content=\"fr_FR\" \/>\n<meta property=\"og:type\" content=\"article\" \/>\n<meta property=\"og:title\" content=\"Pompes \u00e0 eau -\" \/>\n<meta property=\"og:description\" content=\"Pompes \u00e0 eau -\" \/>\n<meta property=\"og:url\" content=\"https:\/\/animo.eu\/fr\/pompes-a-eau\/\" \/>\n<meta property=\"article:publisher\" content=\"https:\/\/www.facebook.com\/animobv\/\" \/>\n<meta property=\"article:modified_time\" content=\"2023-11-13T10:14:26+00:00\" \/>\n<meta property=\"og:image\" content=\"https:\/\/animo.eu\/wp-content\/uploads\/2023\/09\/Animo-waterpomp-93500-lichte-fles.png\" \/>\n\t<meta property=\"og:image:width\" content=\"1772\" \/>\n\t<meta property=\"og:image:height\" content=\"1475\" \/>\n\t<meta property=\"og:image:type\" content=\"image\/png\" \/>\n<meta name=\"twitter:card\" content=\"summary_large_image\" \/>\n<meta name=\"twitter:site\" content=\"@animokoffie\" \/>\n<script type=\"application\/ld+json\" class=\"yoast-schema-graph\">{\"@context\":\"https:\/\/schema.org\",\"@graph\":[{\"@type\":\"WebPage\",\"@id\":\"https:\/\/animo.eu\/fr\/pompes-a-eau\/\",\"url\":\"https:\/\/animo.eu\/fr\/pompes-a-eau\/\",\"name\":\"Pompes \u00e0 eau -\",\"isPartOf\":{\"@id\":\"https:\/\/animo.eu\/fr\/#website\"},\"primaryImageOfPage\":{\"@id\":\"https:\/\/animo.eu\/fr\/pompes-a-eau\/#primaryimage\"},\"image\":{\"@id\":\"https:\/\/animo.eu\/fr\/pompes-a-eau\/#primaryimage\"},\"thumbnailUrl\":\"https:\/\/animo.eu\/wp-content\/uploads\/2023\/09\/Animo-waterpomp-93500-lichte-fles.png\",\"datePublished\":\"2023-09-08T11:56:14+00:00\",\"dateModified\":\"2023-11-13T10:14:26+00:00\",\"description\":\"Pompes \u00e0 eau -\",\"breadcrumb\":{\"@id\":\"https:\/\/animo.eu\/fr\/pompes-a-eau\/#breadcrumb\"},\"inLanguage\":\"fr-FR\",\"potentialAction\":[{\"@type\":\"ReadAction\",\"target\":[\"https:\/\/animo.eu\/fr\/pompes-a-eau\/\"]}]},{\"@type\":\"ImageObject\",\"inLanguage\":\"fr-FR\",\"@id\":\"https:\/\/animo.eu\/fr\/pompes-a-eau\/#primaryimage\",\"url\":\"https:\/\/animo.eu\/wp-content\/uploads\/2023\/09\/Animo-waterpomp-93500-lichte-fles.png\",\"contentUrl\":\"https:\/\/animo.eu\/wp-content\/uploads\/2023\/09\/Animo-waterpomp-93500-lichte-fles.png\",\"width\":1772,\"height\":1475},{\"@type\":\"BreadcrumbList\",\"@id\":\"https:\/\/animo.eu\/fr\/pompes-a-eau\/#breadcrumb\",\"itemListElement\":[{\"@type\":\"ListItem\",\"position\":1,\"name\":\"Home\",\"item\":\"https:\/\/animo.eu\/fr\/\"},{\"@type\":\"ListItem\",\"position\":2,\"name\":\"Pompes \u00e0 eau\"}]},{\"@type\":\"WebSite\",\"@id\":\"https:\/\/animo.eu\/fr\/#website\",\"url\":\"https:\/\/animo.eu\/fr\/\",\"name\":\"\",\"description\":\"\",\"potentialAction\":[{\"@type\":\"SearchAction\",\"target\":{\"@type\":\"EntryPoint\",\"urlTemplate\":\"https:\/\/animo.eu\/fr\/?s={search_term_string}\"},\"query-input\":{\"@type\":\"PropertyValueSpecification\",\"valueRequired\":true,\"valueName\":\"search_term_string\"}}],\"inLanguage\":\"fr-FR\"}]}<\/script>\n<!-- \/ Yoast SEO plugin. -->","yoast_head_json":{"title":"Pompes \u00e0 eau -","description":"Pompes \u00e0 eau -","robots":{"index":"index","follow":"follow","max-snippet":"max-snippet:-1","max-image-preview":"max-image-preview:large","max-video-preview":"max-video-preview:-1"},"canonical":"https:\/\/animo.eu\/fr\/pompes-a-eau\/","og_locale":"fr_FR","og_type":"article","og_title":"Pompes \u00e0 eau -","og_description":"Pompes \u00e0 eau -","og_url":"https:\/\/animo.eu\/fr\/pompes-a-eau\/","article_publisher":"https:\/\/www.facebook.com\/animobv\/","article_modified_time":"2023-11-13T10:14:26+00:00","og_image":[{"width":1772,"height":1475,"url":"https:\/\/animo.eu\/wp-content\/uploads\/2023\/09\/Animo-waterpomp-93500-lichte-fles.png","type":"image\/png"}],"twitter_card":"summary_large_image","twitter_site":"@animokoffie","schema":{"@context":"https:\/\/schema.org","@graph":[{"@type":"WebPage","@id":"https:\/\/animo.eu\/fr\/pompes-a-eau\/","url":"https:\/\/animo.eu\/fr\/pompes-a-eau\/","name":"Pompes \u00e0 eau -","isPartOf":{"@id":"https:\/\/animo.eu\/fr\/#website"},"primaryImageOfPage":{"@id":"https:\/\/animo.eu\/fr\/pompes-a-eau\/#primaryimage"},"image":{"@id":"https:\/\/animo.eu\/fr\/pompes-a-eau\/#primaryimage"},"thumbnailUrl":"https:\/\/animo.eu\/wp-content\/uploads\/2023\/09\/Animo-waterpomp-93500-lichte-fles.png","datePublished":"2023-09-08T11:56:14+00:00","dateModified":"2023-11-13T10:14:26+00:00","description":"Pompes \u00e0 eau -","breadcrumb":{"@id":"https:\/\/animo.eu\/fr\/pompes-a-eau\/#breadcrumb"},"inLanguage":"fr-FR","potentialAction":[{"@type":"ReadAction","target":["https:\/\/animo.eu\/fr\/pompes-a-eau\/"]}]},{"@type":"ImageObject","inLanguage":"fr-FR","@id":"https:\/\/animo.eu\/fr\/pompes-a-eau\/#primaryimage","url":"https:\/\/animo.eu\/wp-content\/uploads\/2023\/09\/Animo-waterpomp-93500-lichte-fles.png","contentUrl":"https:\/\/animo.eu\/wp-content\/uploads\/2023\/09\/Animo-waterpomp-93500-lichte-fles.png","width":1772,"height":1475},{"@type":"BreadcrumbList","@id":"https:\/\/animo.eu\/fr\/pompes-a-eau\/#breadcrumb","itemListElement":[{"@type":"ListItem","position":1,"name":"Home","item":"https:\/\/animo.eu\/fr\/"},{"@type":"ListItem","position":2,"name":"Pompes \u00e0 eau"}]},{"@type":"WebSite","@id":"https:\/\/animo.eu\/fr\/#website","url":"https:\/\/animo.eu\/fr\/","name":"","description":"","potentialAction":[{"@type":"SearchAction","target":{"@type":"EntryPoint","urlTemplate":"https:\/\/animo.eu\/fr\/?s={search_term_string}"},"query-input":{"@type":"PropertyValueSpecification","valueRequired":true,"valueName":"search_term_string"}}],"inLanguage":"fr-FR"}]}},"_links":{"self":[{"href":"https:\/\/animo.eu\/fr\/wp-json\/wp\/v2\/pages\/37575"}],"collection":[{"href":"https:\/\/animo.eu\/fr\/wp-json\/wp\/v2\/pages"}],"about":[{"href":"https:\/\/animo.eu\/fr\/wp-json\/wp\/v2\/types\/page"}],"author":[{"embeddable":true,"href":"https:\/\/animo.eu\/fr\/wp-json\/wp\/v2\/users\/21"}],"replies":[{"embeddable":true,"href":"https:\/\/animo.eu\/fr\/wp-json\/wp\/v2\/comments?post=37575"}],"version-history":[{"count":1,"href":"https:\/\/animo.eu\/fr\/wp-json\/wp\/v2\/pages\/37575\/revisions"}],"predecessor-version":[{"id":37576,"href":"https:\/\/animo.eu\/fr\/wp-json\/wp\/v2\/pages\/37575\/revisions\/37576"}],"wp:featuredmedia":[{"embeddable":true,"href":"https:\/\/animo.eu\/fr\/wp-json\/wp\/v2\/media\/25466"}],"wp:attachment":[{"href":"https:\/\/animo.eu\/fr\/wp-json\/wp\/v2\/media?parent=37575"}],"curies":[{"name":"wp","href":"https:\/\/api.w.org\/{rel}","templated":true}]}}