{"id":37651,"date":"2023-09-07T08:32:29","date_gmt":"2023-09-07T06:32:29","guid":{"rendered":"https:\/\/animo.eu\/papier-filtre\/"},"modified":"2023-11-13T12:14:21","modified_gmt":"2023-11-13T11:14:21","slug":"papier-filtre","status":"publish","type":"page","link":"https:\/\/animo.eu\/fr\/papier-filtre\/","title":{"rendered":"Papier filtre"},"content":{"rendered":"\n<section  class=\"pane pane--white \">\n    <div class=\"container\">\n                    <div class=\"row justify-content-center mb-4\">\n                <div class=\"col-12\">\n                    <div class=\"pane__text\">\n                        <h2>Papier filtre<\/h2>\n                    <\/div>\n                <\/div>\n            <\/div>\n        \n                                \n                            <div class=\"row row--equalized g-4 g-lg-3 g-xl-6\">\n                                            <div class=\"col-12 col-md-6 col-lg-3\">\n                            <div class=\"card card--product\">\n                    <div class=\"card__image\">\n                    <img decoding=\"async\" width=\"550\" height=\"386\" src=\"https:\/\/animo.eu\/wp-content\/uploads\/2023\/09\/Animo-Filter-paper-90-250-550x386.png\" class=\"image wp-post-image\" alt=\"\" loading=\"lazy\" srcset=\"https:\/\/animo.eu\/wp-content\/uploads\/2023\/09\/Animo-Filter-paper-90-250-550x386.png 550w, https:\/\/animo.eu\/wp-content\/uploads\/2023\/09\/Animo-Filter-paper-90-250-300x211.png 300w, https:\/\/animo.eu\/wp-content\/uploads\/2023\/09\/Animo-Filter-paper-90-250-1024x719.png 1024w, https:\/\/animo.eu\/wp-content\/uploads\/2023\/09\/Animo-Filter-paper-90-250-768x539.png 768w, https:\/\/animo.eu\/wp-content\/uploads\/2023\/09\/Animo-Filter-paper-90-250-70x49.png 70w, https:\/\/animo.eu\/wp-content\/uploads\/2023\/09\/Animo-Filter-paper-90-250-800x562.png 800w, https:\/\/animo.eu\/wp-content\/uploads\/2023\/09\/Animo-Filter-paper-90-250-142x100.png 142w, https:\/\/animo.eu\/wp-content\/uploads\/2023\/09\/Animo-Filter-paper-90-250-150x105.png 150w, https:\/\/animo.eu\/wp-content\/uploads\/2023\/09\/Animo-Filter-paper-90-250.png 1236w\" sizes=\"(max-width: 550px) 100vw, 550px\" \/>                <\/div>\n    <div class=\"card-body\">\n        <h3 class=\"card-title\">Papier filtre<\/h3>\n                    <p class=\"mb-0\">Le meilleur papier filtre pour un tr\u00e8s bon caf\u00e9<\/p>\n            <\/div>\n    <div class=\"card-footer\">\n        <span class=\"btn btn-outline-secondary\">\n            <span class=\"btn__text\">Plus d&rsquo;informations<\/span>\n            <svg class=\"icon icon--20 icon--arrow\">\n                <use xlink:href=\"https:\/\/animo.eu\/wp-content\/themes\/animo\/build\/img\/symbols.svg#arrow-right\"><\/use>\n            <\/svg>\n        <\/span>\n    <\/div>\n    <a class=\"stretched-link\" href=\"https:\/\/animo.eu\/fr\/papier-filtre\/papier-filtre\/\"><\/a>\n<\/div>\n                        <\/div>\n                                    <\/div>\n                                         <\/div>\n<\/section>\n\n<section  class=\"pane pane--white \">\n    <div class=\"container\">\n        <div class=\"row g-4 g-lg-8 g-xl-15 g-xxl-20 align-items-center flex-lg-row-reverse\">\n                            <div class=\"col-12 col-lg-6\">\n                    <div class=\"pane__text\">\n                        <h2>Le meilleur papier filtre pour un tr\u00e8s bon caf\u00e9<\/h2>\n<p>Ces filtres \u00e9cologiques garantissent un caf\u00e9 savoureux et riche en ar\u00f4mes. Nos filtres utilisent un papier cr\u00eap\u00e9 robuste qui filtre les huiles et les s\u00e9diments granuleux, ce qui vous permet d&rsquo;obtenir une tasse de caf\u00e9 cors\u00e9e. Le filtre est blanchi \u00e0 l&rsquo;oxyg\u00e8ne selon un proc\u00e9d\u00e9 \u00e9cologique.<\/p>\n                                                \n                    <\/div>\n                <\/div>\n                                <\/div>\n    <\/div>\n<\/section>\n","protected":false},"excerpt":{"rendered":"","protected":false},"author":21,"featured_media":24836,"parent":0,"menu_order":49,"comment_status":"closed","ping_status":"closed","template":"","meta":{"_acf_changed":false,"footnotes":""},"class_list":["post-37651","page","type-page","status-publish","has-post-thumbnail","hentry"],"acf":[],"yoast_head":"<!-- This site is optimized with the Yoast SEO plugin v25.5 - https:\/\/yoast.com\/wordpress\/plugins\/seo\/ -->\n<title>Papier filtre -<\/title>\n<meta name=\"description\" content=\"Papier filtre -\" \/>\n<meta name=\"robots\" content=\"index, follow, max-snippet:-1, max-image-preview:large, max-video-preview:-1\" \/>\n<link rel=\"canonical\" href=\"https:\/\/animo.eu\/fr\/papier-filtre\/\" \/>\n<meta property=\"og:locale\" content=\"fr_FR\" \/>\n<meta property=\"og:type\" content=\"article\" \/>\n<meta property=\"og:title\" content=\"Papier filtre -\" \/>\n<meta property=\"og:description\" content=\"Papier filtre -\" \/>\n<meta property=\"og:url\" content=\"https:\/\/animo.eu\/fr\/papier-filtre\/\" \/>\n<meta property=\"article:publisher\" content=\"https:\/\/www.facebook.com\/animobv\/\" \/>\n<meta property=\"article:modified_time\" content=\"2023-11-13T11:14:21+00:00\" \/>\n<meta property=\"og:image\" content=\"https:\/\/animo.eu\/wp-content\/uploads\/2023\/09\/Animo-Filter-paper-90-250.png\" \/>\n\t<meta property=\"og:image:width\" content=\"1236\" \/>\n\t<meta property=\"og:image:height\" content=\"868\" \/>\n\t<meta property=\"og:image:type\" content=\"image\/png\" \/>\n<meta name=\"twitter:card\" content=\"summary_large_image\" \/>\n<meta name=\"twitter:site\" content=\"@animokoffie\" \/>\n<script type=\"application\/ld+json\" class=\"yoast-schema-graph\">{\"@context\":\"https:\/\/schema.org\",\"@graph\":[{\"@type\":\"WebPage\",\"@id\":\"https:\/\/animo.eu\/fr\/papier-filtre\/\",\"url\":\"https:\/\/animo.eu\/fr\/papier-filtre\/\",\"name\":\"Papier filtre -\",\"isPartOf\":{\"@id\":\"https:\/\/animo.eu\/fr\/#website\"},\"primaryImageOfPage\":{\"@id\":\"https:\/\/animo.eu\/fr\/papier-filtre\/#primaryimage\"},\"image\":{\"@id\":\"https:\/\/animo.eu\/fr\/papier-filtre\/#primaryimage\"},\"thumbnailUrl\":\"https:\/\/animo.eu\/wp-content\/uploads\/2023\/09\/Animo-Filter-paper-90-250.png\",\"datePublished\":\"2023-09-07T06:32:29+00:00\",\"dateModified\":\"2023-11-13T11:14:21+00:00\",\"description\":\"Papier filtre -\",\"breadcrumb\":{\"@id\":\"https:\/\/animo.eu\/fr\/papier-filtre\/#breadcrumb\"},\"inLanguage\":\"fr-FR\",\"potentialAction\":[{\"@type\":\"ReadAction\",\"target\":[\"https:\/\/animo.eu\/fr\/papier-filtre\/\"]}]},{\"@type\":\"ImageObject\",\"inLanguage\":\"fr-FR\",\"@id\":\"https:\/\/animo.eu\/fr\/papier-filtre\/#primaryimage\",\"url\":\"https:\/\/animo.eu\/wp-content\/uploads\/2023\/09\/Animo-Filter-paper-90-250.png\",\"contentUrl\":\"https:\/\/animo.eu\/wp-content\/uploads\/2023\/09\/Animo-Filter-paper-90-250.png\",\"width\":1236,\"height\":868},{\"@type\":\"BreadcrumbList\",\"@id\":\"https:\/\/animo.eu\/fr\/papier-filtre\/#breadcrumb\",\"itemListElement\":[{\"@type\":\"ListItem\",\"position\":1,\"name\":\"Home\",\"item\":\"https:\/\/animo.eu\/fr\/\"},{\"@type\":\"ListItem\",\"position\":2,\"name\":\"Papier filtre\"}]},{\"@type\":\"WebSite\",\"@id\":\"https:\/\/animo.eu\/fr\/#website\",\"url\":\"https:\/\/animo.eu\/fr\/\",\"name\":\"\",\"description\":\"\",\"potentialAction\":[{\"@type\":\"SearchAction\",\"target\":{\"@type\":\"EntryPoint\",\"urlTemplate\":\"https:\/\/animo.eu\/fr\/?s={search_term_string}\"},\"query-input\":{\"@type\":\"PropertyValueSpecification\",\"valueRequired\":true,\"valueName\":\"search_term_string\"}}],\"inLanguage\":\"fr-FR\"}]}<\/script>\n<!-- \/ Yoast SEO plugin. -->","yoast_head_json":{"title":"Papier filtre -","description":"Papier filtre -","robots":{"index":"index","follow":"follow","max-snippet":"max-snippet:-1","max-image-preview":"max-image-preview:large","max-video-preview":"max-video-preview:-1"},"canonical":"https:\/\/animo.eu\/fr\/papier-filtre\/","og_locale":"fr_FR","og_type":"article","og_title":"Papier filtre -","og_description":"Papier filtre -","og_url":"https:\/\/animo.eu\/fr\/papier-filtre\/","article_publisher":"https:\/\/www.facebook.com\/animobv\/","article_modified_time":"2023-11-13T11:14:21+00:00","og_image":[{"width":1236,"height":868,"url":"https:\/\/animo.eu\/wp-content\/uploads\/2023\/09\/Animo-Filter-paper-90-250.png","type":"image\/png"}],"twitter_card":"summary_large_image","twitter_site":"@animokoffie","schema":{"@context":"https:\/\/schema.org","@graph":[{"@type":"WebPage","@id":"https:\/\/animo.eu\/fr\/papier-filtre\/","url":"https:\/\/animo.eu\/fr\/papier-filtre\/","name":"Papier filtre -","isPartOf":{"@id":"https:\/\/animo.eu\/fr\/#website"},"primaryImageOfPage":{"@id":"https:\/\/animo.eu\/fr\/papier-filtre\/#primaryimage"},"image":{"@id":"https:\/\/animo.eu\/fr\/papier-filtre\/#primaryimage"},"thumbnailUrl":"https:\/\/animo.eu\/wp-content\/uploads\/2023\/09\/Animo-Filter-paper-90-250.png","datePublished":"2023-09-07T06:32:29+00:00","dateModified":"2023-11-13T11:14:21+00:00","description":"Papier filtre -","breadcrumb":{"@id":"https:\/\/animo.eu\/fr\/papier-filtre\/#breadcrumb"},"inLanguage":"fr-FR","potentialAction":[{"@type":"ReadAction","target":["https:\/\/animo.eu\/fr\/papier-filtre\/"]}]},{"@type":"ImageObject","inLanguage":"fr-FR","@id":"https:\/\/animo.eu\/fr\/papier-filtre\/#primaryimage","url":"https:\/\/animo.eu\/wp-content\/uploads\/2023\/09\/Animo-Filter-paper-90-250.png","contentUrl":"https:\/\/animo.eu\/wp-content\/uploads\/2023\/09\/Animo-Filter-paper-90-250.png","width":1236,"height":868},{"@type":"BreadcrumbList","@id":"https:\/\/animo.eu\/fr\/papier-filtre\/#breadcrumb","itemListElement":[{"@type":"ListItem","position":1,"name":"Home","item":"https:\/\/animo.eu\/fr\/"},{"@type":"ListItem","position":2,"name":"Papier filtre"}]},{"@type":"WebSite","@id":"https:\/\/animo.eu\/fr\/#website","url":"https:\/\/animo.eu\/fr\/","name":"","description":"","potentialAction":[{"@type":"SearchAction","target":{"@type":"EntryPoint","urlTemplate":"https:\/\/animo.eu\/fr\/?s={search_term_string}"},"query-input":{"@type":"PropertyValueSpecification","valueRequired":true,"valueName":"search_term_string"}}],"inLanguage":"fr-FR"}]}},"_links":{"self":[{"href":"https:\/\/animo.eu\/fr\/wp-json\/wp\/v2\/pages\/37651"}],"collection":[{"href":"https:\/\/animo.eu\/fr\/wp-json\/wp\/v2\/pages"}],"about":[{"href":"https:\/\/animo.eu\/fr\/wp-json\/wp\/v2\/types\/page"}],"author":[{"embeddable":true,"href":"https:\/\/animo.eu\/fr\/wp-json\/wp\/v2\/users\/21"}],"replies":[{"embeddable":true,"href":"https:\/\/animo.eu\/fr\/wp-json\/wp\/v2\/comments?post=37651"}],"version-history":[{"count":1,"href":"https:\/\/animo.eu\/fr\/wp-json\/wp\/v2\/pages\/37651\/revisions"}],"predecessor-version":[{"id":37652,"href":"https:\/\/animo.eu\/fr\/wp-json\/wp\/v2\/pages\/37651\/revisions\/37652"}],"wp:featuredmedia":[{"embeddable":true,"href":"https:\/\/animo.eu\/fr\/wp-json\/wp\/v2\/media\/24836"}],"wp:attachment":[{"href":"https:\/\/animo.eu\/fr\/wp-json\/wp\/v2\/media?parent=37651"}],"curies":[{"name":"wp","href":"https:\/\/api.w.org\/{rel}","templated":true}]}}