{"id":41975,"date":"2023-09-05T15:53:18","date_gmt":"2023-09-05T13:53:18","guid":{"rendered":"https:\/\/animo.eu\/unites-de-base\/"},"modified":"2024-03-05T09:22:37","modified_gmt":"2024-03-05T08:22:37","slug":"unites-de-base","status":"publish","type":"page","link":"https:\/\/animo.eu\/fr\/unites-de-base\/","title":{"rendered":"Les meubles bas."},"content":{"rendered":"\n<section  class=\"pane pane--white \">\n    <div class=\"container\">\n                    <div class=\"row justify-content-center mb-4\">\n                <div class=\"col-12\">\n                    <div class=\"pane__text\">\n                        <h2>Les meubles bas.<\/h2>\n                    <\/div>\n                <\/div>\n            <\/div>\n        \n                                \n                            <div class=\"row row--equalized g-4 g-lg-3 g-xl-6\">\n                                            <div class=\"col-12 col-md-6 col-lg-3\">\n                            <div class=\"card card--product\">\n                    <div class=\"card__image\">\n                    <img decoding=\"async\" width=\"550\" height=\"328\" src=\"https:\/\/animo.eu\/wp-content\/uploads\/2023\/09\/Assortiment-onderlkasten-550x328.png\" class=\"image wp-post-image\" alt=\"\" loading=\"lazy\" srcset=\"https:\/\/animo.eu\/wp-content\/uploads\/2023\/09\/Assortiment-onderlkasten-550x328.png 550w, https:\/\/animo.eu\/wp-content\/uploads\/2023\/09\/Assortiment-onderlkasten-300x179.png 300w, https:\/\/animo.eu\/wp-content\/uploads\/2023\/09\/Assortiment-onderlkasten-1024x612.png 1024w, https:\/\/animo.eu\/wp-content\/uploads\/2023\/09\/Assortiment-onderlkasten-768x459.png 768w, https:\/\/animo.eu\/wp-content\/uploads\/2023\/09\/Assortiment-onderlkasten-1536x917.png 1536w, https:\/\/animo.eu\/wp-content\/uploads\/2023\/09\/Assortiment-onderlkasten-70x42.png 70w, https:\/\/animo.eu\/wp-content\/uploads\/2023\/09\/Assortiment-onderlkasten-800x478.png 800w, https:\/\/animo.eu\/wp-content\/uploads\/2023\/09\/Assortiment-onderlkasten-167x100.png 167w, https:\/\/animo.eu\/wp-content\/uploads\/2023\/09\/Assortiment-onderlkasten-150x90.png 150w, https:\/\/animo.eu\/wp-content\/uploads\/2023\/09\/Assortiment-onderlkasten.png 1718w\" sizes=\"(max-width: 550px) 100vw, 550px\" \/>                <\/div>\n    <div class=\"card-body\">\n        <h3 class=\"card-title\">Unit\u00e9s de base<\/h3>\n                    <p class=\"mb-0\">Un meuble bas \u00e9l\u00e9gant et bien con\u00e7u<\/p>\n            <\/div>\n    <div class=\"card-footer\">\n        <span class=\"btn btn-outline-secondary\">\n            <span class=\"btn__text\">Plus d&rsquo;informations<\/span>\n            <svg class=\"icon icon--20 icon--arrow\">\n                <use xlink:href=\"https:\/\/animo.eu\/wp-content\/themes\/animo\/build\/img\/symbols.svg#arrow-right\"><\/use>\n            <\/svg>\n        <\/span>\n    <\/div>\n    <a class=\"stretched-link\" href=\"https:\/\/animo.eu\/fr\/unites-de-base\/unites-de-base\/\"><\/a>\n<\/div>\n                        <\/div>\n                                    <\/div>\n                                         <\/div>\n<\/section>\n\n<section  class=\"pane pane--white \">\n    <div class=\"container\">\n        <div class=\"row g-4 g-lg-8 g-xl-15 g-xxl-20 align-items-center flex-lg-row-reverse\">\n                            <div class=\"col-12 col-lg-6\">\n                    <div class=\"pane__text\">\n                        <h2>Les meubles bas au design \u00e9pur\u00e9<\/h2>\n<p>Animo fournit des meubles bas pour les machines \u00e0 caf\u00e9 OptiMe, OptiBean X, OptiBean, OptiFresh et OptiVend. Le meuble bas au design \u00e9pur\u00e9 est particuli\u00e8rement adapt\u00e9 au stockage des ingr\u00e9dients, du sucre, du lait et des agitateurs. La paroi arri\u00e8re du meuble bas est plac\u00e9e vers l&rsquo;int\u00e9rieur, ce qui cr\u00e9e un espace pour les tuyaux de raccordement et l&rsquo;installation \u00e9ventuelle d&rsquo;un filtre \u00e0 eau. Le meuble bas est \u00e9galement disponible avec une unit\u00e9 de refroidissement pour distribuer de l&rsquo;eau r\u00e9frig\u00e9r\u00e9e \u00e0 partir des machines \u00e0 caf\u00e9 Animo.<\/p>\n                                                \n                    <\/div>\n                <\/div>\n                                <\/div>\n    <\/div>\n<\/section>\n","protected":false},"excerpt":{"rendered":"","protected":false},"author":21,"featured_media":24390,"parent":0,"menu_order":53,"comment_status":"closed","ping_status":"closed","template":"","meta":{"_acf_changed":false,"footnotes":""},"class_list":["post-41975","page","type-page","status-publish","has-post-thumbnail","hentry"],"acf":[],"yoast_head":"<!-- This site is optimized with the Yoast SEO plugin v25.5 - https:\/\/yoast.com\/wordpress\/plugins\/seo\/ -->\n<title>Les meubles bas. -<\/title>\n<meta name=\"description\" content=\"Les meubles bas. -\" \/>\n<meta name=\"robots\" content=\"index, follow, max-snippet:-1, max-image-preview:large, max-video-preview:-1\" \/>\n<link rel=\"canonical\" href=\"https:\/\/animo.eu\/fr\/unites-de-base\/\" \/>\n<meta property=\"og:locale\" content=\"fr_FR\" \/>\n<meta property=\"og:type\" content=\"article\" \/>\n<meta property=\"og:title\" content=\"Les meubles bas. -\" \/>\n<meta property=\"og:description\" content=\"Les meubles bas. -\" \/>\n<meta property=\"og:url\" content=\"https:\/\/animo.eu\/fr\/unites-de-base\/\" \/>\n<meta property=\"article:publisher\" content=\"https:\/\/www.facebook.com\/animobv\/\" \/>\n<meta property=\"article:modified_time\" content=\"2024-03-05T08:22:37+00:00\" \/>\n<meta property=\"og:image\" content=\"https:\/\/animo.eu\/wp-content\/uploads\/2023\/09\/Assortiment-onderlkasten-1.png\" \/>\n\t<meta property=\"og:image:width\" content=\"1718\" \/>\n\t<meta property=\"og:image:height\" content=\"1026\" \/>\n\t<meta property=\"og:image:type\" content=\"image\/png\" \/>\n<meta name=\"twitter:card\" content=\"summary_large_image\" \/>\n<meta name=\"twitter:site\" content=\"@animokoffie\" \/>\n<meta name=\"twitter:label1\" content=\"Dur\u00e9e de lecture estim\u00e9e\" \/>\n\t<meta name=\"twitter:data1\" content=\"1 minute\" \/>\n<script type=\"application\/ld+json\" class=\"yoast-schema-graph\">{\"@context\":\"https:\/\/schema.org\",\"@graph\":[{\"@type\":\"WebPage\",\"@id\":\"https:\/\/animo.eu\/fr\/unites-de-base\/\",\"url\":\"https:\/\/animo.eu\/fr\/unites-de-base\/\",\"name\":\"Les meubles bas. -\",\"isPartOf\":{\"@id\":\"https:\/\/animo.eu\/fr\/#website\"},\"primaryImageOfPage\":{\"@id\":\"https:\/\/animo.eu\/fr\/unites-de-base\/#primaryimage\"},\"image\":{\"@id\":\"https:\/\/animo.eu\/fr\/unites-de-base\/#primaryimage\"},\"thumbnailUrl\":\"https:\/\/animo.eu\/wp-content\/uploads\/2023\/09\/Assortiment-onderlkasten-1.png\",\"datePublished\":\"2023-09-05T13:53:18+00:00\",\"dateModified\":\"2024-03-05T08:22:37+00:00\",\"description\":\"Les meubles bas. -\",\"breadcrumb\":{\"@id\":\"https:\/\/animo.eu\/fr\/unites-de-base\/#breadcrumb\"},\"inLanguage\":\"fr-FR\",\"potentialAction\":[{\"@type\":\"ReadAction\",\"target\":[\"https:\/\/animo.eu\/fr\/unites-de-base\/\"]}]},{\"@type\":\"ImageObject\",\"inLanguage\":\"fr-FR\",\"@id\":\"https:\/\/animo.eu\/fr\/unites-de-base\/#primaryimage\",\"url\":\"https:\/\/animo.eu\/wp-content\/uploads\/2023\/09\/Assortiment-onderlkasten-1.png\",\"contentUrl\":\"https:\/\/animo.eu\/wp-content\/uploads\/2023\/09\/Assortiment-onderlkasten-1.png\",\"width\":1718,\"height\":1026},{\"@type\":\"BreadcrumbList\",\"@id\":\"https:\/\/animo.eu\/fr\/unites-de-base\/#breadcrumb\",\"itemListElement\":[{\"@type\":\"ListItem\",\"position\":1,\"name\":\"Home\",\"item\":\"https:\/\/animo.eu\/fr\/\"},{\"@type\":\"ListItem\",\"position\":2,\"name\":\"Les meubles bas.\"}]},{\"@type\":\"WebSite\",\"@id\":\"https:\/\/animo.eu\/fr\/#website\",\"url\":\"https:\/\/animo.eu\/fr\/\",\"name\":\"\",\"description\":\"\",\"potentialAction\":[{\"@type\":\"SearchAction\",\"target\":{\"@type\":\"EntryPoint\",\"urlTemplate\":\"https:\/\/animo.eu\/fr\/?s={search_term_string}\"},\"query-input\":{\"@type\":\"PropertyValueSpecification\",\"valueRequired\":true,\"valueName\":\"search_term_string\"}}],\"inLanguage\":\"fr-FR\"}]}<\/script>\n<!-- \/ Yoast SEO plugin. -->","yoast_head_json":{"title":"Les meubles bas. -","description":"Les meubles bas. -","robots":{"index":"index","follow":"follow","max-snippet":"max-snippet:-1","max-image-preview":"max-image-preview:large","max-video-preview":"max-video-preview:-1"},"canonical":"https:\/\/animo.eu\/fr\/unites-de-base\/","og_locale":"fr_FR","og_type":"article","og_title":"Les meubles bas. -","og_description":"Les meubles bas. -","og_url":"https:\/\/animo.eu\/fr\/unites-de-base\/","article_publisher":"https:\/\/www.facebook.com\/animobv\/","article_modified_time":"2024-03-05T08:22:37+00:00","og_image":[{"width":1718,"height":1026,"url":"https:\/\/animo.eu\/wp-content\/uploads\/2023\/09\/Assortiment-onderlkasten-1.png","type":"image\/png"}],"twitter_card":"summary_large_image","twitter_site":"@animokoffie","twitter_misc":{"Dur\u00e9e de lecture estim\u00e9e":"1 minute"},"schema":{"@context":"https:\/\/schema.org","@graph":[{"@type":"WebPage","@id":"https:\/\/animo.eu\/fr\/unites-de-base\/","url":"https:\/\/animo.eu\/fr\/unites-de-base\/","name":"Les meubles bas. -","isPartOf":{"@id":"https:\/\/animo.eu\/fr\/#website"},"primaryImageOfPage":{"@id":"https:\/\/animo.eu\/fr\/unites-de-base\/#primaryimage"},"image":{"@id":"https:\/\/animo.eu\/fr\/unites-de-base\/#primaryimage"},"thumbnailUrl":"https:\/\/animo.eu\/wp-content\/uploads\/2023\/09\/Assortiment-onderlkasten-1.png","datePublished":"2023-09-05T13:53:18+00:00","dateModified":"2024-03-05T08:22:37+00:00","description":"Les meubles bas. -","breadcrumb":{"@id":"https:\/\/animo.eu\/fr\/unites-de-base\/#breadcrumb"},"inLanguage":"fr-FR","potentialAction":[{"@type":"ReadAction","target":["https:\/\/animo.eu\/fr\/unites-de-base\/"]}]},{"@type":"ImageObject","inLanguage":"fr-FR","@id":"https:\/\/animo.eu\/fr\/unites-de-base\/#primaryimage","url":"https:\/\/animo.eu\/wp-content\/uploads\/2023\/09\/Assortiment-onderlkasten-1.png","contentUrl":"https:\/\/animo.eu\/wp-content\/uploads\/2023\/09\/Assortiment-onderlkasten-1.png","width":1718,"height":1026},{"@type":"BreadcrumbList","@id":"https:\/\/animo.eu\/fr\/unites-de-base\/#breadcrumb","itemListElement":[{"@type":"ListItem","position":1,"name":"Home","item":"https:\/\/animo.eu\/fr\/"},{"@type":"ListItem","position":2,"name":"Les meubles bas."}]},{"@type":"WebSite","@id":"https:\/\/animo.eu\/fr\/#website","url":"https:\/\/animo.eu\/fr\/","name":"","description":"","potentialAction":[{"@type":"SearchAction","target":{"@type":"EntryPoint","urlTemplate":"https:\/\/animo.eu\/fr\/?s={search_term_string}"},"query-input":{"@type":"PropertyValueSpecification","valueRequired":true,"valueName":"search_term_string"}}],"inLanguage":"fr-FR"}]}},"_links":{"self":[{"href":"https:\/\/animo.eu\/fr\/wp-json\/wp\/v2\/pages\/41975"}],"collection":[{"href":"https:\/\/animo.eu\/fr\/wp-json\/wp\/v2\/pages"}],"about":[{"href":"https:\/\/animo.eu\/fr\/wp-json\/wp\/v2\/types\/page"}],"author":[{"embeddable":true,"href":"https:\/\/animo.eu\/fr\/wp-json\/wp\/v2\/users\/21"}],"replies":[{"embeddable":true,"href":"https:\/\/animo.eu\/fr\/wp-json\/wp\/v2\/comments?post=41975"}],"version-history":[{"count":10,"href":"https:\/\/animo.eu\/fr\/wp-json\/wp\/v2\/pages\/41975\/revisions"}],"predecessor-version":[{"id":55804,"href":"https:\/\/animo.eu\/fr\/wp-json\/wp\/v2\/pages\/41975\/revisions\/55804"}],"wp:featuredmedia":[{"embeddable":true,"href":"https:\/\/animo.eu\/fr\/wp-json\/wp\/v2\/media\/24390"}],"wp:attachment":[{"href":"https:\/\/animo.eu\/fr\/wp-json\/wp\/v2\/media?parent=41975"}],"curies":[{"name":"wp","href":"https:\/\/api.w.org\/{rel}","templated":true}]}}