{"id":42118,"date":"2023-08-24T15:38:58","date_gmt":"2023-08-24T13:38:58","guid":{"rendered":"https:\/\/animo.eu\/chauffe-tete\/"},"modified":"2024-03-29T15:14:27","modified_gmt":"2024-03-29T14:14:27","slug":"chauffe-tete","status":"publish","type":"page","link":"https:\/\/animo.eu\/fr\/chauffe-tete\/","title":{"rendered":"Chauffe tasses"},"content":{"rendered":"\n<section  class=\"pane pane--white \">\n    <div class=\"container\">\n                    <div class=\"row justify-content-center mb-4\">\n                <div class=\"col-12\">\n                    <div class=\"pane__text\">\n                        <h2>Chauffe tasses<\/h2>\n                    <\/div>\n                <\/div>\n            <\/div>\n        \n                                \n                            <div class=\"row row--equalized g-4 g-lg-3 g-xl-6\">\n                                            <div class=\"col-12 col-md-6 col-lg-3\">\n                            <div class=\"card card--product\">\n                    <div class=\"card__image\">\n                    <img decoding=\"async\" width=\"550\" height=\"458\" src=\"https:\/\/animo.eu\/wp-content\/uploads\/2023\/08\/Koppenwarmer-OptiMe-KLEIN-550x458.png\" class=\"image wp-post-image\" alt=\"\" loading=\"lazy\" srcset=\"https:\/\/animo.eu\/wp-content\/uploads\/2023\/08\/Koppenwarmer-OptiMe-KLEIN-550x458.png 550w, https:\/\/animo.eu\/wp-content\/uploads\/2023\/08\/Koppenwarmer-OptiMe-KLEIN-300x250.png 300w, https:\/\/animo.eu\/wp-content\/uploads\/2023\/08\/Koppenwarmer-OptiMe-KLEIN-1024x852.png 1024w, https:\/\/animo.eu\/wp-content\/uploads\/2023\/08\/Koppenwarmer-OptiMe-KLEIN-768x639.png 768w, https:\/\/animo.eu\/wp-content\/uploads\/2023\/08\/Koppenwarmer-OptiMe-KLEIN-1536x1279.png 1536w, https:\/\/animo.eu\/wp-content\/uploads\/2023\/08\/Koppenwarmer-OptiMe-KLEIN-70x58.png 70w, https:\/\/animo.eu\/wp-content\/uploads\/2023\/08\/Koppenwarmer-OptiMe-KLEIN-800x666.png 800w, https:\/\/animo.eu\/wp-content\/uploads\/2023\/08\/Koppenwarmer-OptiMe-KLEIN-120x100.png 120w, https:\/\/animo.eu\/wp-content\/uploads\/2023\/08\/Koppenwarmer-OptiMe-KLEIN-150x125.png 150w, https:\/\/animo.eu\/wp-content\/uploads\/2023\/08\/Koppenwarmer-OptiMe-KLEIN.png 1772w\" sizes=\"(max-width: 550px) 100vw, 550px\" \/>                <\/div>\n    <div class=\"card-body\">\n        <h3 class=\"card-title\">Chauffe-tasses OptiMe<\/h3>\n                    <p class=\"mb-0\">Gardez votre caf\u00e9 chaud plus longtemps<\/p>\n            <\/div>\n    <div class=\"card-footer\">\n        <span class=\"btn btn-outline-secondary\">\n            <span class=\"btn__text\">Plus d&rsquo;informations<\/span>\n            <svg class=\"icon icon--20 icon--arrow\">\n                <use xlink:href=\"https:\/\/animo.eu\/wp-content\/themes\/animo\/build\/img\/symbols.svg#arrow-right\"><\/use>\n            <\/svg>\n        <\/span>\n    <\/div>\n    <a class=\"stretched-link\" href=\"https:\/\/animo.eu\/fr\/chauffe-tete\/chauffe-tasses-optime\/\"><\/a>\n<\/div>\n                        <\/div>\n                                            <div class=\"col-12 col-md-6 col-lg-3\">\n                            <div class=\"card card--product\">\n                    <div class=\"card__image\">\n                    <img decoding=\"async\" width=\"550\" height=\"458\" src=\"https:\/\/animo.eu\/wp-content\/uploads\/2023\/08\/KKWn-serie-550x458.png\" class=\"image wp-post-image\" alt=\"\" loading=\"lazy\" srcset=\"https:\/\/animo.eu\/wp-content\/uploads\/2023\/08\/KKWn-serie-550x458.png 550w, https:\/\/animo.eu\/wp-content\/uploads\/2023\/08\/KKWn-serie-300x250.png 300w, https:\/\/animo.eu\/wp-content\/uploads\/2023\/08\/KKWn-serie-1024x852.png 1024w, https:\/\/animo.eu\/wp-content\/uploads\/2023\/08\/KKWn-serie-768x639.png 768w, https:\/\/animo.eu\/wp-content\/uploads\/2023\/08\/KKWn-serie-1536x1279.png 1536w, https:\/\/animo.eu\/wp-content\/uploads\/2023\/08\/KKWn-serie-70x58.png 70w, https:\/\/animo.eu\/wp-content\/uploads\/2023\/08\/KKWn-serie-800x666.png 800w, https:\/\/animo.eu\/wp-content\/uploads\/2023\/08\/KKWn-serie-120x100.png 120w, https:\/\/animo.eu\/wp-content\/uploads\/2023\/08\/KKWn-serie-150x125.png 150w, https:\/\/animo.eu\/wp-content\/uploads\/2023\/08\/KKWn-serie.png 1772w\" sizes=\"(max-width: 550px) 100vw, 550px\" \/>                <\/div>\n    <div class=\"card-body\">\n        <h3 class=\"card-title\">Chauffe-tasses KKWn<\/h3>\n                    <p class=\"mb-0\">Gardez votre caf\u00e9 chaud plus longtemps<\/p>\n            <\/div>\n    <div class=\"card-footer\">\n        <span class=\"btn btn-outline-secondary\">\n            <span class=\"btn__text\">Plus d&rsquo;informations<\/span>\n            <svg class=\"icon icon--20 icon--arrow\">\n                <use xlink:href=\"https:\/\/animo.eu\/wp-content\/themes\/animo\/build\/img\/symbols.svg#arrow-right\"><\/use>\n            <\/svg>\n        <\/span>\n    <\/div>\n    <a class=\"stretched-link\" href=\"https:\/\/animo.eu\/fr\/chauffe-tete\/chauffe-tasses-kkwn\/\"><\/a>\n<\/div>\n                        <\/div>\n                                    <\/div>\n                                         <\/div>\n<\/section>\n\n\n\n<section  class=\"pane pane--white \">\n    <div class=\"container\">\n        <div class=\"row g-4 g-lg-8 g-xl-15 g-xxl-20 align-items-center flex-lg-row-reverse\">\n                            <div class=\"col-12 col-lg-6\">\n                    <div class=\"pane__text\">\n                        <h2>Les modules compl\u00e9mentaires d&rsquo;Animo pour une valeur ajout\u00e9e suppl\u00e9mentaire<\/h2>\n<p>Pour ajouter une valeur suppl\u00e9mentaire aux machines Animo, nous disposons de plusieurs modules compl\u00e9mentaires dans la gamme. Il s&rsquo;agit notamment de distributeurs de gobelets, de chauffe-gobelets, de syst\u00e8mes de paiement et de bien d&rsquo;autres commodit\u00e9s qui font des machines Animo des machines d&rsquo;exception.<\/p>\n                                                \n                    <\/div>\n                <\/div>\n                                <\/div>\n    <\/div>\n<\/section>\n","protected":false},"excerpt":{"rendered":"","protected":false},"author":21,"featured_media":19411,"parent":0,"menu_order":49,"comment_status":"closed","ping_status":"closed","template":"","meta":{"_acf_changed":false,"footnotes":""},"class_list":["post-42118","page","type-page","status-publish","has-post-thumbnail","hentry"],"acf":[],"yoast_head":"<!-- This site is optimized with the Yoast SEO plugin v25.5 - https:\/\/yoast.com\/wordpress\/plugins\/seo\/ -->\n<title>Chauffe tasses -<\/title>\n<meta name=\"description\" content=\"Chauffe tasses -\" \/>\n<meta name=\"robots\" content=\"index, follow, max-snippet:-1, max-image-preview:large, max-video-preview:-1\" \/>\n<link rel=\"canonical\" href=\"https:\/\/animo.eu\/fr\/chauffe-tete\/\" \/>\n<meta property=\"og:locale\" content=\"fr_FR\" \/>\n<meta property=\"og:type\" content=\"article\" \/>\n<meta property=\"og:title\" content=\"Chauffe tasses -\" \/>\n<meta property=\"og:description\" content=\"Chauffe tasses -\" \/>\n<meta property=\"og:url\" content=\"https:\/\/animo.eu\/fr\/chauffe-tete\/\" \/>\n<meta property=\"article:publisher\" content=\"https:\/\/www.facebook.com\/animobv\/\" \/>\n<meta property=\"article:modified_time\" content=\"2024-03-29T14:14:27+00:00\" \/>\n<meta property=\"og:image\" content=\"https:\/\/animo.eu\/wp-content\/uploads\/2023\/08\/Koppenwarmers-KKWn-en-OptiMe.png\" \/>\n\t<meta property=\"og:image:width\" content=\"1772\" \/>\n\t<meta property=\"og:image:height\" content=\"1475\" \/>\n\t<meta property=\"og:image:type\" content=\"image\/png\" \/>\n<meta name=\"twitter:card\" content=\"summary_large_image\" \/>\n<meta name=\"twitter:site\" content=\"@animokoffie\" \/>\n<meta name=\"twitter:label1\" content=\"Dur\u00e9e de lecture estim\u00e9e\" \/>\n\t<meta name=\"twitter:data1\" content=\"1 minute\" \/>\n<script type=\"application\/ld+json\" class=\"yoast-schema-graph\">{\"@context\":\"https:\/\/schema.org\",\"@graph\":[{\"@type\":\"WebPage\",\"@id\":\"https:\/\/animo.eu\/fr\/chauffe-tete\/\",\"url\":\"https:\/\/animo.eu\/fr\/chauffe-tete\/\",\"name\":\"Chauffe tasses -\",\"isPartOf\":{\"@id\":\"https:\/\/animo.eu\/fr\/#website\"},\"primaryImageOfPage\":{\"@id\":\"https:\/\/animo.eu\/fr\/chauffe-tete\/#primaryimage\"},\"image\":{\"@id\":\"https:\/\/animo.eu\/fr\/chauffe-tete\/#primaryimage\"},\"thumbnailUrl\":\"https:\/\/animo.eu\/wp-content\/uploads\/2023\/08\/Koppenwarmers-KKWn-en-OptiMe.png\",\"datePublished\":\"2023-08-24T13:38:58+00:00\",\"dateModified\":\"2024-03-29T14:14:27+00:00\",\"description\":\"Chauffe tasses -\",\"breadcrumb\":{\"@id\":\"https:\/\/animo.eu\/fr\/chauffe-tete\/#breadcrumb\"},\"inLanguage\":\"fr-FR\",\"potentialAction\":[{\"@type\":\"ReadAction\",\"target\":[\"https:\/\/animo.eu\/fr\/chauffe-tete\/\"]}]},{\"@type\":\"ImageObject\",\"inLanguage\":\"fr-FR\",\"@id\":\"https:\/\/animo.eu\/fr\/chauffe-tete\/#primaryimage\",\"url\":\"https:\/\/animo.eu\/wp-content\/uploads\/2023\/08\/Koppenwarmers-KKWn-en-OptiMe.png\",\"contentUrl\":\"https:\/\/animo.eu\/wp-content\/uploads\/2023\/08\/Koppenwarmers-KKWn-en-OptiMe.png\",\"width\":1772,\"height\":1475},{\"@type\":\"BreadcrumbList\",\"@id\":\"https:\/\/animo.eu\/fr\/chauffe-tete\/#breadcrumb\",\"itemListElement\":[{\"@type\":\"ListItem\",\"position\":1,\"name\":\"Home\",\"item\":\"https:\/\/animo.eu\/fr\/\"},{\"@type\":\"ListItem\",\"position\":2,\"name\":\"Chauffe tasses\"}]},{\"@type\":\"WebSite\",\"@id\":\"https:\/\/animo.eu\/fr\/#website\",\"url\":\"https:\/\/animo.eu\/fr\/\",\"name\":\"\",\"description\":\"\",\"potentialAction\":[{\"@type\":\"SearchAction\",\"target\":{\"@type\":\"EntryPoint\",\"urlTemplate\":\"https:\/\/animo.eu\/fr\/?s={search_term_string}\"},\"query-input\":{\"@type\":\"PropertyValueSpecification\",\"valueRequired\":true,\"valueName\":\"search_term_string\"}}],\"inLanguage\":\"fr-FR\"}]}<\/script>\n<!-- \/ Yoast SEO plugin. -->","yoast_head_json":{"title":"Chauffe tasses -","description":"Chauffe tasses -","robots":{"index":"index","follow":"follow","max-snippet":"max-snippet:-1","max-image-preview":"max-image-preview:large","max-video-preview":"max-video-preview:-1"},"canonical":"https:\/\/animo.eu\/fr\/chauffe-tete\/","og_locale":"fr_FR","og_type":"article","og_title":"Chauffe tasses -","og_description":"Chauffe tasses -","og_url":"https:\/\/animo.eu\/fr\/chauffe-tete\/","article_publisher":"https:\/\/www.facebook.com\/animobv\/","article_modified_time":"2024-03-29T14:14:27+00:00","og_image":[{"width":1772,"height":1475,"url":"https:\/\/animo.eu\/wp-content\/uploads\/2023\/08\/Koppenwarmers-KKWn-en-OptiMe.png","type":"image\/png"}],"twitter_card":"summary_large_image","twitter_site":"@animokoffie","twitter_misc":{"Dur\u00e9e de lecture estim\u00e9e":"1 minute"},"schema":{"@context":"https:\/\/schema.org","@graph":[{"@type":"WebPage","@id":"https:\/\/animo.eu\/fr\/chauffe-tete\/","url":"https:\/\/animo.eu\/fr\/chauffe-tete\/","name":"Chauffe tasses -","isPartOf":{"@id":"https:\/\/animo.eu\/fr\/#website"},"primaryImageOfPage":{"@id":"https:\/\/animo.eu\/fr\/chauffe-tete\/#primaryimage"},"image":{"@id":"https:\/\/animo.eu\/fr\/chauffe-tete\/#primaryimage"},"thumbnailUrl":"https:\/\/animo.eu\/wp-content\/uploads\/2023\/08\/Koppenwarmers-KKWn-en-OptiMe.png","datePublished":"2023-08-24T13:38:58+00:00","dateModified":"2024-03-29T14:14:27+00:00","description":"Chauffe tasses -","breadcrumb":{"@id":"https:\/\/animo.eu\/fr\/chauffe-tete\/#breadcrumb"},"inLanguage":"fr-FR","potentialAction":[{"@type":"ReadAction","target":["https:\/\/animo.eu\/fr\/chauffe-tete\/"]}]},{"@type":"ImageObject","inLanguage":"fr-FR","@id":"https:\/\/animo.eu\/fr\/chauffe-tete\/#primaryimage","url":"https:\/\/animo.eu\/wp-content\/uploads\/2023\/08\/Koppenwarmers-KKWn-en-OptiMe.png","contentUrl":"https:\/\/animo.eu\/wp-content\/uploads\/2023\/08\/Koppenwarmers-KKWn-en-OptiMe.png","width":1772,"height":1475},{"@type":"BreadcrumbList","@id":"https:\/\/animo.eu\/fr\/chauffe-tete\/#breadcrumb","itemListElement":[{"@type":"ListItem","position":1,"name":"Home","item":"https:\/\/animo.eu\/fr\/"},{"@type":"ListItem","position":2,"name":"Chauffe tasses"}]},{"@type":"WebSite","@id":"https:\/\/animo.eu\/fr\/#website","url":"https:\/\/animo.eu\/fr\/","name":"","description":"","potentialAction":[{"@type":"SearchAction","target":{"@type":"EntryPoint","urlTemplate":"https:\/\/animo.eu\/fr\/?s={search_term_string}"},"query-input":{"@type":"PropertyValueSpecification","valueRequired":true,"valueName":"search_term_string"}}],"inLanguage":"fr-FR"}]}},"_links":{"self":[{"href":"https:\/\/animo.eu\/fr\/wp-json\/wp\/v2\/pages\/42118"}],"collection":[{"href":"https:\/\/animo.eu\/fr\/wp-json\/wp\/v2\/pages"}],"about":[{"href":"https:\/\/animo.eu\/fr\/wp-json\/wp\/v2\/types\/page"}],"author":[{"embeddable":true,"href":"https:\/\/animo.eu\/fr\/wp-json\/wp\/v2\/users\/21"}],"replies":[{"embeddable":true,"href":"https:\/\/animo.eu\/fr\/wp-json\/wp\/v2\/comments?post=42118"}],"version-history":[{"count":3,"href":"https:\/\/animo.eu\/fr\/wp-json\/wp\/v2\/pages\/42118\/revisions"}],"predecessor-version":[{"id":66029,"href":"https:\/\/animo.eu\/fr\/wp-json\/wp\/v2\/pages\/42118\/revisions\/66029"}],"wp:featuredmedia":[{"embeddable":true,"href":"https:\/\/animo.eu\/fr\/wp-json\/wp\/v2\/media\/19411"}],"wp:attachment":[{"href":"https:\/\/animo.eu\/fr\/wp-json\/wp\/v2\/media?parent=42118"}],"curies":[{"name":"wp","href":"https:\/\/api.w.org\/{rel}","templated":true}]}}