{"id":42161,"date":"2023-08-24T08:17:18","date_gmt":"2023-08-24T06:17:18","guid":{"rendered":"https:\/\/animo.eu\/distributeurs-de-gobelets\/"},"modified":"2024-01-17T09:57:58","modified_gmt":"2024-01-17T08:57:58","slug":"distributeurs-de-gobelets","status":"publish","type":"page","link":"https:\/\/animo.eu\/fr\/distributeurs-de-gobelets\/","title":{"rendered":"Distributeurs de gobelets"},"content":{"rendered":"\n<section  class=\"pane pane--white \">\n    <div class=\"container\">\n                    <div class=\"row justify-content-center mb-4\">\n                <div class=\"col-12\">\n                    <div class=\"pane__text\">\n                        <h2>Distributeurs de gobelets<\/h2>\n                    <\/div>\n                <\/div>\n            <\/div>\n        \n                                \n                            <div class=\"row row--equalized g-4 g-lg-3 g-xl-6\">\n                                            <div class=\"col-12 col-md-6 col-lg-3\">\n                            <div class=\"card card--product\">\n                    <div class=\"card__image\">\n                    <img decoding=\"async\" width=\"550\" height=\"458\" src=\"https:\/\/animo.eu\/wp-content\/uploads\/2023\/08\/Muur-bekerdispensers-550x458.png\" class=\"image wp-post-image\" alt=\"\" loading=\"lazy\" srcset=\"https:\/\/animo.eu\/wp-content\/uploads\/2023\/08\/Muur-bekerdispensers-550x458.png 550w, https:\/\/animo.eu\/wp-content\/uploads\/2023\/08\/Muur-bekerdispensers-300x250.png 300w, https:\/\/animo.eu\/wp-content\/uploads\/2023\/08\/Muur-bekerdispensers-1024x852.png 1024w, https:\/\/animo.eu\/wp-content\/uploads\/2023\/08\/Muur-bekerdispensers-768x639.png 768w, https:\/\/animo.eu\/wp-content\/uploads\/2023\/08\/Muur-bekerdispensers-1536x1279.png 1536w, https:\/\/animo.eu\/wp-content\/uploads\/2023\/08\/Muur-bekerdispensers-70x58.png 70w, https:\/\/animo.eu\/wp-content\/uploads\/2023\/08\/Muur-bekerdispensers-800x666.png 800w, https:\/\/animo.eu\/wp-content\/uploads\/2023\/08\/Muur-bekerdispensers-120x100.png 120w, https:\/\/animo.eu\/wp-content\/uploads\/2023\/08\/Muur-bekerdispensers-150x125.png 150w, https:\/\/animo.eu\/wp-content\/uploads\/2023\/08\/Muur-bekerdispensers.png 1772w\" sizes=\"(max-width: 550px) 100vw, 550px\" \/>                <\/div>\n    <div class=\"card-body\">\n        <h3 class=\"card-title\">Distributeurs de gobelets muraux<\/h3>\n                    <p class=\"mb-0\">Gain de place<\/p>\n            <\/div>\n    <div class=\"card-footer\">\n        <span class=\"btn btn-outline-secondary\">\n            <span class=\"btn__text\">Plus d&rsquo;informations<\/span>\n            <svg class=\"icon icon--20 icon--arrow\">\n                <use xlink:href=\"https:\/\/animo.eu\/wp-content\/themes\/animo\/build\/img\/symbols.svg#arrow-right\"><\/use>\n            <\/svg>\n        <\/span>\n    <\/div>\n    <a class=\"stretched-link\" href=\"https:\/\/animo.eu\/fr\/distributeurs-de-gobelets\/distributeurs-de-gobelets-muraux\/\"><\/a>\n<\/div>\n                        <\/div>\n                                            <div class=\"col-12 col-md-6 col-lg-3\">\n                            <div class=\"card card--product\">\n                    <div class=\"card__image\">\n                    <img decoding=\"async\" width=\"550\" height=\"458\" src=\"https:\/\/animo.eu\/wp-content\/uploads\/2023\/08\/Bekersdispensers-Vending-Animo-550x458.png\" class=\"image wp-post-image\" alt=\"\" loading=\"lazy\" srcset=\"https:\/\/animo.eu\/wp-content\/uploads\/2023\/08\/Bekersdispensers-Vending-Animo-550x458.png 550w, https:\/\/animo.eu\/wp-content\/uploads\/2023\/08\/Bekersdispensers-Vending-Animo-300x250.png 300w, https:\/\/animo.eu\/wp-content\/uploads\/2023\/08\/Bekersdispensers-Vending-Animo-1024x852.png 1024w, https:\/\/animo.eu\/wp-content\/uploads\/2023\/08\/Bekersdispensers-Vending-Animo-768x639.png 768w, https:\/\/animo.eu\/wp-content\/uploads\/2023\/08\/Bekersdispensers-Vending-Animo-1536x1279.png 1536w, https:\/\/animo.eu\/wp-content\/uploads\/2023\/08\/Bekersdispensers-Vending-Animo-70x58.png 70w, https:\/\/animo.eu\/wp-content\/uploads\/2023\/08\/Bekersdispensers-Vending-Animo-800x666.png 800w, https:\/\/animo.eu\/wp-content\/uploads\/2023\/08\/Bekersdispensers-Vending-Animo-120x100.png 120w, https:\/\/animo.eu\/wp-content\/uploads\/2023\/08\/Bekersdispensers-Vending-Animo-150x125.png 150w, https:\/\/animo.eu\/wp-content\/uploads\/2023\/08\/Bekersdispensers-Vending-Animo.png 1772w\" sizes=\"(max-width: 550px) 100vw, 550px\" \/>                <\/div>\n    <div class=\"card-body\">\n        <h3 class=\"card-title\">Distributeurs de gobelets<\/h3>\n                    <p class=\"mb-0\">Un travail soign\u00e9 et bien rang\u00e9<\/p>\n            <\/div>\n    <div class=\"card-footer\">\n        <span class=\"btn btn-outline-secondary\">\n            <span class=\"btn__text\">Plus d&rsquo;informations<\/span>\n            <svg class=\"icon icon--20 icon--arrow\">\n                <use xlink:href=\"https:\/\/animo.eu\/wp-content\/themes\/animo\/build\/img\/symbols.svg#arrow-right\"><\/use>\n            <\/svg>\n        <\/span>\n    <\/div>\n    <a class=\"stretched-link\" href=\"https:\/\/animo.eu\/fr\/distributeurs-de-gobelets\/distributeurs-de-gobelets\/\"><\/a>\n<\/div>\n                        <\/div>\n                                    <\/div>\n                                         <\/div>\n<\/section>\n\n<section  class=\"pane pane--white \">\n    <div class=\"container\">\n        <div class=\"row g-4 g-lg-8 g-xl-15 g-xxl-20 align-items-center flex-lg-row-reverse\">\n                            <div class=\"col-12 col-lg-6\">\n                    <div class=\"pane__text\">\n                        <h2>Les modules compl\u00e9mentaires d&rsquo;Animo pour une valeur ajout\u00e9e suppl\u00e9mentaire<\/h2>\n<p>Pour ajouter une valeur suppl\u00e9mentaire aux machines Animo, nous disposons de plusieurs modules compl\u00e9mentaires dans la gamme. Il s&rsquo;agit notamment de distributeurs de gobelets, de chauffe-gobelets, de syst\u00e8mes de paiement et de bien d&rsquo;autres commodit\u00e9s qui font des machines Animo des machines d&rsquo;exception.<\/p>\n                                                \n                    <\/div>\n                <\/div>\n                                <\/div>\n    <\/div>\n<\/section>\n","protected":false},"excerpt":{"rendered":"","protected":false},"author":21,"featured_media":18842,"parent":0,"menu_order":49,"comment_status":"closed","ping_status":"closed","template":"","meta":{"_acf_changed":false,"footnotes":""},"class_list":["post-42161","page","type-page","status-publish","has-post-thumbnail","hentry"],"acf":[],"yoast_head":"<!-- This site is optimized with the Yoast SEO plugin v25.5 - https:\/\/yoast.com\/wordpress\/plugins\/seo\/ -->\n<title>Distributeurs de gobelets -<\/title>\n<meta name=\"description\" content=\"Distributeurs de gobelets - Distributeurs de gobelets avec syst\u00e8mes de distribution ing\u00e9nieux. Les distributeurs de gobelets Animo conviennent \u00e0 diff\u00e9rents types de gobelets \u00e0 caf\u00e9.\" \/>\n<meta name=\"robots\" content=\"index, follow, max-snippet:-1, max-image-preview:large, max-video-preview:-1\" \/>\n<link rel=\"canonical\" href=\"https:\/\/animo.eu\/fr\/distributeurs-de-gobelets\/\" \/>\n<meta property=\"og:locale\" content=\"fr_FR\" \/>\n<meta property=\"og:type\" content=\"article\" \/>\n<meta property=\"og:title\" content=\"Distributeurs de gobelets -\" \/>\n<meta property=\"og:description\" content=\"Distributeurs de gobelets - Distributeurs de gobelets avec syst\u00e8mes de distribution ing\u00e9nieux. Les distributeurs de gobelets Animo conviennent \u00e0 diff\u00e9rents types de gobelets \u00e0 caf\u00e9.\" \/>\n<meta property=\"og:url\" content=\"https:\/\/animo.eu\/fr\/distributeurs-de-gobelets\/\" \/>\n<meta property=\"article:publisher\" content=\"https:\/\/www.facebook.com\/animobv\/\" \/>\n<meta property=\"article:modified_time\" content=\"2024-01-17T08:57:58+00:00\" \/>\n<meta property=\"og:image\" content=\"https:\/\/animo.eu\/wp-content\/uploads\/2023\/08\/Bekersdispensers-overzicht.png\" \/>\n\t<meta property=\"og:image:width\" content=\"1772\" \/>\n\t<meta property=\"og:image:height\" content=\"1475\" \/>\n\t<meta property=\"og:image:type\" content=\"image\/png\" \/>\n<meta name=\"twitter:card\" content=\"summary_large_image\" \/>\n<meta name=\"twitter:site\" content=\"@animokoffie\" \/>\n<script type=\"application\/ld+json\" class=\"yoast-schema-graph\">{\"@context\":\"https:\/\/schema.org\",\"@graph\":[{\"@type\":\"WebPage\",\"@id\":\"https:\/\/animo.eu\/fr\/distributeurs-de-gobelets\/\",\"url\":\"https:\/\/animo.eu\/fr\/distributeurs-de-gobelets\/\",\"name\":\"Distributeurs de gobelets -\",\"isPartOf\":{\"@id\":\"https:\/\/animo.eu\/fr\/#website\"},\"primaryImageOfPage\":{\"@id\":\"https:\/\/animo.eu\/fr\/distributeurs-de-gobelets\/#primaryimage\"},\"image\":{\"@id\":\"https:\/\/animo.eu\/fr\/distributeurs-de-gobelets\/#primaryimage\"},\"thumbnailUrl\":\"https:\/\/animo.eu\/wp-content\/uploads\/2023\/08\/Bekersdispensers-overzicht.png\",\"datePublished\":\"2023-08-24T06:17:18+00:00\",\"dateModified\":\"2024-01-17T08:57:58+00:00\",\"description\":\"Distributeurs de gobelets - Distributeurs de gobelets avec syst\u00e8mes de distribution ing\u00e9nieux. Les distributeurs de gobelets Animo conviennent \u00e0 diff\u00e9rents types de gobelets \u00e0 caf\u00e9.\",\"breadcrumb\":{\"@id\":\"https:\/\/animo.eu\/fr\/distributeurs-de-gobelets\/#breadcrumb\"},\"inLanguage\":\"fr-FR\",\"potentialAction\":[{\"@type\":\"ReadAction\",\"target\":[\"https:\/\/animo.eu\/fr\/distributeurs-de-gobelets\/\"]}]},{\"@type\":\"ImageObject\",\"inLanguage\":\"fr-FR\",\"@id\":\"https:\/\/animo.eu\/fr\/distributeurs-de-gobelets\/#primaryimage\",\"url\":\"https:\/\/animo.eu\/wp-content\/uploads\/2023\/08\/Bekersdispensers-overzicht.png\",\"contentUrl\":\"https:\/\/animo.eu\/wp-content\/uploads\/2023\/08\/Bekersdispensers-overzicht.png\",\"width\":1772,\"height\":1475},{\"@type\":\"BreadcrumbList\",\"@id\":\"https:\/\/animo.eu\/fr\/distributeurs-de-gobelets\/#breadcrumb\",\"itemListElement\":[{\"@type\":\"ListItem\",\"position\":1,\"name\":\"Home\",\"item\":\"https:\/\/animo.eu\/fr\/\"},{\"@type\":\"ListItem\",\"position\":2,\"name\":\"Distributeurs de gobelets\"}]},{\"@type\":\"WebSite\",\"@id\":\"https:\/\/animo.eu\/fr\/#website\",\"url\":\"https:\/\/animo.eu\/fr\/\",\"name\":\"\",\"description\":\"\",\"potentialAction\":[{\"@type\":\"SearchAction\",\"target\":{\"@type\":\"EntryPoint\",\"urlTemplate\":\"https:\/\/animo.eu\/fr\/?s={search_term_string}\"},\"query-input\":{\"@type\":\"PropertyValueSpecification\",\"valueRequired\":true,\"valueName\":\"search_term_string\"}}],\"inLanguage\":\"fr-FR\"}]}<\/script>\n<!-- \/ Yoast SEO plugin. -->","yoast_head_json":{"title":"Distributeurs de gobelets -","description":"Distributeurs de gobelets - Distributeurs de gobelets avec syst\u00e8mes de distribution ing\u00e9nieux. Les distributeurs de gobelets Animo conviennent \u00e0 diff\u00e9rents types de gobelets \u00e0 caf\u00e9.","robots":{"index":"index","follow":"follow","max-snippet":"max-snippet:-1","max-image-preview":"max-image-preview:large","max-video-preview":"max-video-preview:-1"},"canonical":"https:\/\/animo.eu\/fr\/distributeurs-de-gobelets\/","og_locale":"fr_FR","og_type":"article","og_title":"Distributeurs de gobelets -","og_description":"Distributeurs de gobelets - Distributeurs de gobelets avec syst\u00e8mes de distribution ing\u00e9nieux. Les distributeurs de gobelets Animo conviennent \u00e0 diff\u00e9rents types de gobelets \u00e0 caf\u00e9.","og_url":"https:\/\/animo.eu\/fr\/distributeurs-de-gobelets\/","article_publisher":"https:\/\/www.facebook.com\/animobv\/","article_modified_time":"2024-01-17T08:57:58+00:00","og_image":[{"width":1772,"height":1475,"url":"https:\/\/animo.eu\/wp-content\/uploads\/2023\/08\/Bekersdispensers-overzicht.png","type":"image\/png"}],"twitter_card":"summary_large_image","twitter_site":"@animokoffie","schema":{"@context":"https:\/\/schema.org","@graph":[{"@type":"WebPage","@id":"https:\/\/animo.eu\/fr\/distributeurs-de-gobelets\/","url":"https:\/\/animo.eu\/fr\/distributeurs-de-gobelets\/","name":"Distributeurs de gobelets -","isPartOf":{"@id":"https:\/\/animo.eu\/fr\/#website"},"primaryImageOfPage":{"@id":"https:\/\/animo.eu\/fr\/distributeurs-de-gobelets\/#primaryimage"},"image":{"@id":"https:\/\/animo.eu\/fr\/distributeurs-de-gobelets\/#primaryimage"},"thumbnailUrl":"https:\/\/animo.eu\/wp-content\/uploads\/2023\/08\/Bekersdispensers-overzicht.png","datePublished":"2023-08-24T06:17:18+00:00","dateModified":"2024-01-17T08:57:58+00:00","description":"Distributeurs de gobelets - Distributeurs de gobelets avec syst\u00e8mes de distribution ing\u00e9nieux. Les distributeurs de gobelets Animo conviennent \u00e0 diff\u00e9rents types de gobelets \u00e0 caf\u00e9.","breadcrumb":{"@id":"https:\/\/animo.eu\/fr\/distributeurs-de-gobelets\/#breadcrumb"},"inLanguage":"fr-FR","potentialAction":[{"@type":"ReadAction","target":["https:\/\/animo.eu\/fr\/distributeurs-de-gobelets\/"]}]},{"@type":"ImageObject","inLanguage":"fr-FR","@id":"https:\/\/animo.eu\/fr\/distributeurs-de-gobelets\/#primaryimage","url":"https:\/\/animo.eu\/wp-content\/uploads\/2023\/08\/Bekersdispensers-overzicht.png","contentUrl":"https:\/\/animo.eu\/wp-content\/uploads\/2023\/08\/Bekersdispensers-overzicht.png","width":1772,"height":1475},{"@type":"BreadcrumbList","@id":"https:\/\/animo.eu\/fr\/distributeurs-de-gobelets\/#breadcrumb","itemListElement":[{"@type":"ListItem","position":1,"name":"Home","item":"https:\/\/animo.eu\/fr\/"},{"@type":"ListItem","position":2,"name":"Distributeurs de gobelets"}]},{"@type":"WebSite","@id":"https:\/\/animo.eu\/fr\/#website","url":"https:\/\/animo.eu\/fr\/","name":"","description":"","potentialAction":[{"@type":"SearchAction","target":{"@type":"EntryPoint","urlTemplate":"https:\/\/animo.eu\/fr\/?s={search_term_string}"},"query-input":{"@type":"PropertyValueSpecification","valueRequired":true,"valueName":"search_term_string"}}],"inLanguage":"fr-FR"}]}},"_links":{"self":[{"href":"https:\/\/animo.eu\/fr\/wp-json\/wp\/v2\/pages\/42161"}],"collection":[{"href":"https:\/\/animo.eu\/fr\/wp-json\/wp\/v2\/pages"}],"about":[{"href":"https:\/\/animo.eu\/fr\/wp-json\/wp\/v2\/types\/page"}],"author":[{"embeddable":true,"href":"https:\/\/animo.eu\/fr\/wp-json\/wp\/v2\/users\/21"}],"replies":[{"embeddable":true,"href":"https:\/\/animo.eu\/fr\/wp-json\/wp\/v2\/comments?post=42161"}],"version-history":[{"count":1,"href":"https:\/\/animo.eu\/fr\/wp-json\/wp\/v2\/pages\/42161\/revisions"}],"predecessor-version":[{"id":42162,"href":"https:\/\/animo.eu\/fr\/wp-json\/wp\/v2\/pages\/42161\/revisions\/42162"}],"wp:featuredmedia":[{"embeddable":true,"href":"https:\/\/animo.eu\/fr\/wp-json\/wp\/v2\/media\/18842"}],"wp:attachment":[{"href":"https:\/\/animo.eu\/fr\/wp-json\/wp\/v2\/media?parent=42161"}],"curies":[{"name":"wp","href":"https:\/\/api.w.org\/{rel}","templated":true}]}}