{"id":42202,"date":"2023-08-23T10:08:26","date_gmt":"2023-08-23T08:08:26","guid":{"rendered":"https:\/\/animo.eu\/chariots-de-service\/"},"modified":"2024-12-12T13:38:28","modified_gmt":"2024-12-12T12:38:28","slug":"chariots-de-service","status":"publish","type":"page","link":"https:\/\/animo.eu\/fr\/chariots-de-service\/","title":{"rendered":"Chariots de service"},"content":{"rendered":"\n<section  class=\"pane pane--white \">\n    <div class=\"container\">\n                    <div class=\"row justify-content-center mb-4\">\n                <div class=\"col-12\">\n                    <div class=\"pane__text\">\n                        <h2>Chariots de service<\/h2>\n                    <\/div>\n                <\/div>\n            <\/div>\n        \n                                \n                            <div class=\"row row--equalized g-4 g-lg-3 g-xl-6\">\n                                            <div class=\"col-12 col-md-6 col-lg-3\">\n                            <div class=\"card card--product\">\n                    <div class=\"card__image\">\n                    <img decoding=\"async\" width=\"550\" height=\"281\" src=\"https:\/\/animo.eu\/wp-content\/uploads\/2025\/03\/Collage-Serveerwagens-Cafecruisers-1-550x281.png\" class=\"image wp-post-image\" alt=\"\" loading=\"lazy\" srcset=\"https:\/\/animo.eu\/wp-content\/uploads\/2025\/03\/Collage-Serveerwagens-Cafecruisers-1-550x281.png 550w, https:\/\/animo.eu\/wp-content\/uploads\/2025\/03\/Collage-Serveerwagens-Cafecruisers-1-300x153.png 300w, https:\/\/animo.eu\/wp-content\/uploads\/2025\/03\/Collage-Serveerwagens-Cafecruisers-1-1024x523.png 1024w, https:\/\/animo.eu\/wp-content\/uploads\/2025\/03\/Collage-Serveerwagens-Cafecruisers-1-768x392.png 768w, https:\/\/animo.eu\/wp-content\/uploads\/2025\/03\/Collage-Serveerwagens-Cafecruisers-1-1536x785.png 1536w, https:\/\/animo.eu\/wp-content\/uploads\/2025\/03\/Collage-Serveerwagens-Cafecruisers-1-2048x1046.png 2048w, https:\/\/animo.eu\/wp-content\/uploads\/2025\/03\/Collage-Serveerwagens-Cafecruisers-1-70x36.png 70w, https:\/\/animo.eu\/wp-content\/uploads\/2025\/03\/Collage-Serveerwagens-Cafecruisers-1-800x409.png 800w, https:\/\/animo.eu\/wp-content\/uploads\/2025\/03\/Collage-Serveerwagens-Cafecruisers-1-196x100.png 196w, https:\/\/animo.eu\/wp-content\/uploads\/2025\/03\/Collage-Serveerwagens-Cafecruisers-1-150x77.png 150w\" sizes=\"(max-width: 550px) 100vw, 550px\" \/>                <\/div>\n    <div class=\"card-body\">\n        <h3 class=\"card-title\">Chariots de service<\/h3>\n                    <p class=\"mb-0\">Servir sur des petits pains<\/p>\n            <\/div>\n    <div class=\"card-footer\">\n        <span class=\"btn btn-outline-secondary\">\n            <span class=\"btn__text\">Plus d&rsquo;informations<\/span>\n            <svg class=\"icon icon--20 icon--arrow\">\n                <use xlink:href=\"https:\/\/animo.eu\/wp-content\/themes\/animo\/build\/img\/symbols.svg#arrow-right\"><\/use>\n            <\/svg>\n        <\/span>\n    <\/div>\n    <a class=\"stretched-link\" href=\"https:\/\/animo.eu\/fr\/chariots-de-service\/chariots-de-service\/\"><\/a>\n<\/div>\n                        <\/div>\n                                    <\/div>\n                                         <\/div>\n<\/section>\n\n\n\n<section  class=\"pane pane--white \">\n    <div class=\"container\">\n        <div class=\"row g-4 g-lg-8 g-xl-15 g-xxl-20 align-items-center flex-lg-row-reverse\">\n                            <div class=\"col-12 col-lg-6\">\n                    <div class=\"pane__text\">\n                        <h2>Servir sur des petits pains<\/h2>\n<p>La gamme de chariots de service d&rsquo;Animo est tr\u00e8s \u00e9tendue et propose un chariot de service adapt\u00e9 \u00e0 chaque occasion. Chaque chariot de service d&rsquo;Animo est \u00e9quip\u00e9 d&rsquo;une finition en acier inoxydable de haute qualit\u00e9 pour s&rsquo;adapter \u00e0 tous les d\u00e9cors. Animo accorde de l&rsquo;importance \u00e0 la mani\u00e8re dont vous servez et propose donc un chariot de service adapt\u00e9 \u00e0 chaque application.<\/p>\n                                                \n                    <\/div>\n                <\/div>\n                                        <div class=\"col-12 col-lg\">\n                    <figure class=\"figure image_reversed\">\n                        <img decoding=\"async\" width=\"1024\" height=\"523\" src=\"https:\/\/animo.eu\/wp-content\/uploads\/2024\/11\/Collage-Serveerwagens-2025-1-1024x523.png\" class=\"img-fluid\" alt=\"\" loading=\"lazy\" srcset=\"https:\/\/animo.eu\/wp-content\/uploads\/2024\/11\/Collage-Serveerwagens-2025-1-1024x523.png 1024w, https:\/\/animo.eu\/wp-content\/uploads\/2024\/11\/Collage-Serveerwagens-2025-1-300x153.png 300w, https:\/\/animo.eu\/wp-content\/uploads\/2024\/11\/Collage-Serveerwagens-2025-1-768x392.png 768w, https:\/\/animo.eu\/wp-content\/uploads\/2024\/11\/Collage-Serveerwagens-2025-1-1536x785.png 1536w, https:\/\/animo.eu\/wp-content\/uploads\/2024\/11\/Collage-Serveerwagens-2025-1-2048x1046.png 2048w, https:\/\/animo.eu\/wp-content\/uploads\/2024\/11\/Collage-Serveerwagens-2025-1-70x36.png 70w, https:\/\/animo.eu\/wp-content\/uploads\/2024\/11\/Collage-Serveerwagens-2025-1-550x281.png 550w, https:\/\/animo.eu\/wp-content\/uploads\/2024\/11\/Collage-Serveerwagens-2025-1-800x409.png 800w, https:\/\/animo.eu\/wp-content\/uploads\/2024\/11\/Collage-Serveerwagens-2025-1-196x100.png 196w, https:\/\/animo.eu\/wp-content\/uploads\/2024\/11\/Collage-Serveerwagens-2025-1-150x77.png 150w\" sizes=\"(max-width: 1024px) 100vw, 1024px\" \/>                    <\/figure>\n                <\/div>\n                    <\/div>\n    <\/div>\n<\/section>\n","protected":false},"excerpt":{"rendered":"","protected":false},"author":21,"featured_media":76887,"parent":0,"menu_order":53,"comment_status":"closed","ping_status":"closed","template":"","meta":{"_acf_changed":false,"footnotes":""},"class_list":["post-42202","page","type-page","status-publish","has-post-thumbnail","hentry"],"acf":[],"yoast_head":"<!-- This site is optimized with the Yoast SEO plugin v25.5 - https:\/\/yoast.com\/wordpress\/plugins\/seo\/ -->\n<title>Chariots de service -<\/title>\n<meta name=\"description\" content=\"Chariots de service -\" \/>\n<meta name=\"robots\" content=\"index, follow, max-snippet:-1, max-image-preview:large, max-video-preview:-1\" \/>\n<link rel=\"canonical\" href=\"https:\/\/animo.eu\/fr\/chariots-de-service\/\" \/>\n<meta property=\"og:locale\" content=\"fr_FR\" \/>\n<meta property=\"og:type\" content=\"article\" \/>\n<meta property=\"og:title\" content=\"Chariots de service -\" \/>\n<meta property=\"og:description\" content=\"Chariots de service -\" \/>\n<meta property=\"og:url\" content=\"https:\/\/animo.eu\/fr\/chariots-de-service\/\" \/>\n<meta property=\"article:publisher\" content=\"https:\/\/www.facebook.com\/animobv\/\" \/>\n<meta property=\"article:modified_time\" content=\"2024-12-12T12:38:28+00:00\" \/>\n<meta property=\"og:image\" content=\"https:\/\/animo.eu\/wp-content\/uploads\/2024\/11\/Collage-Serveerwagens-2025-1.png\" \/>\n\t<meta property=\"og:image:width\" content=\"3348\" \/>\n\t<meta property=\"og:image:height\" content=\"1710\" \/>\n\t<meta property=\"og:image:type\" content=\"image\/png\" \/>\n<meta name=\"twitter:card\" content=\"summary_large_image\" \/>\n<meta name=\"twitter:site\" content=\"@animokoffie\" \/>\n<meta name=\"twitter:label1\" content=\"Dur\u00e9e de lecture estim\u00e9e\" \/>\n\t<meta name=\"twitter:data1\" content=\"1 minute\" \/>\n<script type=\"application\/ld+json\" class=\"yoast-schema-graph\">{\"@context\":\"https:\/\/schema.org\",\"@graph\":[{\"@type\":\"WebPage\",\"@id\":\"https:\/\/animo.eu\/fr\/chariots-de-service\/\",\"url\":\"https:\/\/animo.eu\/fr\/chariots-de-service\/\",\"name\":\"Chariots de service -\",\"isPartOf\":{\"@id\":\"https:\/\/animo.eu\/fr\/#website\"},\"primaryImageOfPage\":{\"@id\":\"https:\/\/animo.eu\/fr\/chariots-de-service\/#primaryimage\"},\"image\":{\"@id\":\"https:\/\/animo.eu\/fr\/chariots-de-service\/#primaryimage\"},\"thumbnailUrl\":\"https:\/\/animo.eu\/wp-content\/uploads\/2025\/02\/Collage-Serveerwagens-Cafecruisers.jpg\",\"datePublished\":\"2023-08-23T08:08:26+00:00\",\"dateModified\":\"2024-12-12T12:38:28+00:00\",\"description\":\"Chariots de service -\",\"breadcrumb\":{\"@id\":\"https:\/\/animo.eu\/fr\/chariots-de-service\/#breadcrumb\"},\"inLanguage\":\"fr-FR\",\"potentialAction\":[{\"@type\":\"ReadAction\",\"target\":[\"https:\/\/animo.eu\/fr\/chariots-de-service\/\"]}]},{\"@type\":\"ImageObject\",\"inLanguage\":\"fr-FR\",\"@id\":\"https:\/\/animo.eu\/fr\/chariots-de-service\/#primaryimage\",\"url\":\"https:\/\/animo.eu\/wp-content\/uploads\/2025\/02\/Collage-Serveerwagens-Cafecruisers.jpg\",\"contentUrl\":\"https:\/\/animo.eu\/wp-content\/uploads\/2025\/02\/Collage-Serveerwagens-Cafecruisers.jpg\",\"width\":3348,\"height\":1710},{\"@type\":\"BreadcrumbList\",\"@id\":\"https:\/\/animo.eu\/fr\/chariots-de-service\/#breadcrumb\",\"itemListElement\":[{\"@type\":\"ListItem\",\"position\":1,\"name\":\"Home\",\"item\":\"https:\/\/animo.eu\/fr\/\"},{\"@type\":\"ListItem\",\"position\":2,\"name\":\"Chariots de service\"}]},{\"@type\":\"WebSite\",\"@id\":\"https:\/\/animo.eu\/fr\/#website\",\"url\":\"https:\/\/animo.eu\/fr\/\",\"name\":\"\",\"description\":\"\",\"potentialAction\":[{\"@type\":\"SearchAction\",\"target\":{\"@type\":\"EntryPoint\",\"urlTemplate\":\"https:\/\/animo.eu\/fr\/?s={search_term_string}\"},\"query-input\":{\"@type\":\"PropertyValueSpecification\",\"valueRequired\":true,\"valueName\":\"search_term_string\"}}],\"inLanguage\":\"fr-FR\"}]}<\/script>\n<!-- \/ Yoast SEO plugin. -->","yoast_head_json":{"title":"Chariots de service -","description":"Chariots de service -","robots":{"index":"index","follow":"follow","max-snippet":"max-snippet:-1","max-image-preview":"max-image-preview:large","max-video-preview":"max-video-preview:-1"},"canonical":"https:\/\/animo.eu\/fr\/chariots-de-service\/","og_locale":"fr_FR","og_type":"article","og_title":"Chariots de service -","og_description":"Chariots de service -","og_url":"https:\/\/animo.eu\/fr\/chariots-de-service\/","article_publisher":"https:\/\/www.facebook.com\/animobv\/","article_modified_time":"2024-12-12T12:38:28+00:00","og_image":[{"width":3348,"height":1710,"url":"https:\/\/animo.eu\/wp-content\/uploads\/2024\/11\/Collage-Serveerwagens-2025-1.png","type":"image\/png"}],"twitter_card":"summary_large_image","twitter_site":"@animokoffie","twitter_misc":{"Dur\u00e9e de lecture estim\u00e9e":"1 minute"},"schema":{"@context":"https:\/\/schema.org","@graph":[{"@type":"WebPage","@id":"https:\/\/animo.eu\/fr\/chariots-de-service\/","url":"https:\/\/animo.eu\/fr\/chariots-de-service\/","name":"Chariots de service -","isPartOf":{"@id":"https:\/\/animo.eu\/fr\/#website"},"primaryImageOfPage":{"@id":"https:\/\/animo.eu\/fr\/chariots-de-service\/#primaryimage"},"image":{"@id":"https:\/\/animo.eu\/fr\/chariots-de-service\/#primaryimage"},"thumbnailUrl":"https:\/\/animo.eu\/wp-content\/uploads\/2025\/02\/Collage-Serveerwagens-Cafecruisers.jpg","datePublished":"2023-08-23T08:08:26+00:00","dateModified":"2024-12-12T12:38:28+00:00","description":"Chariots de service -","breadcrumb":{"@id":"https:\/\/animo.eu\/fr\/chariots-de-service\/#breadcrumb"},"inLanguage":"fr-FR","potentialAction":[{"@type":"ReadAction","target":["https:\/\/animo.eu\/fr\/chariots-de-service\/"]}]},{"@type":"ImageObject","inLanguage":"fr-FR","@id":"https:\/\/animo.eu\/fr\/chariots-de-service\/#primaryimage","url":"https:\/\/animo.eu\/wp-content\/uploads\/2025\/02\/Collage-Serveerwagens-Cafecruisers.jpg","contentUrl":"https:\/\/animo.eu\/wp-content\/uploads\/2025\/02\/Collage-Serveerwagens-Cafecruisers.jpg","width":3348,"height":1710},{"@type":"BreadcrumbList","@id":"https:\/\/animo.eu\/fr\/chariots-de-service\/#breadcrumb","itemListElement":[{"@type":"ListItem","position":1,"name":"Home","item":"https:\/\/animo.eu\/fr\/"},{"@type":"ListItem","position":2,"name":"Chariots de service"}]},{"@type":"WebSite","@id":"https:\/\/animo.eu\/fr\/#website","url":"https:\/\/animo.eu\/fr\/","name":"","description":"","potentialAction":[{"@type":"SearchAction","target":{"@type":"EntryPoint","urlTemplate":"https:\/\/animo.eu\/fr\/?s={search_term_string}"},"query-input":{"@type":"PropertyValueSpecification","valueRequired":true,"valueName":"search_term_string"}}],"inLanguage":"fr-FR"}]}},"_links":{"self":[{"href":"https:\/\/animo.eu\/fr\/wp-json\/wp\/v2\/pages\/42202"}],"collection":[{"href":"https:\/\/animo.eu\/fr\/wp-json\/wp\/v2\/pages"}],"about":[{"href":"https:\/\/animo.eu\/fr\/wp-json\/wp\/v2\/types\/page"}],"author":[{"embeddable":true,"href":"https:\/\/animo.eu\/fr\/wp-json\/wp\/v2\/users\/21"}],"replies":[{"embeddable":true,"href":"https:\/\/animo.eu\/fr\/wp-json\/wp\/v2\/comments?post=42202"}],"version-history":[{"count":2,"href":"https:\/\/animo.eu\/fr\/wp-json\/wp\/v2\/pages\/42202\/revisions"}],"predecessor-version":[{"id":75957,"href":"https:\/\/animo.eu\/fr\/wp-json\/wp\/v2\/pages\/42202\/revisions\/75957"}],"wp:featuredmedia":[{"embeddable":true,"href":"https:\/\/animo.eu\/fr\/wp-json\/wp\/v2\/media\/76887"}],"wp:attachment":[{"href":"https:\/\/animo.eu\/fr\/wp-json\/wp\/v2\/media?parent=42202"}],"curies":[{"name":"wp","href":"https:\/\/api.w.org\/{rel}","templated":true}]}}