{"id":42241,"date":"2023-08-22T15:25:18","date_gmt":"2023-08-22T13:25:18","guid":{"rendered":"https:\/\/animo.eu\/chauffe-boissons\/"},"modified":"2024-01-17T10:53:39","modified_gmt":"2024-01-17T09:53:39","slug":"chauffe-boissons","status":"publish","type":"page","link":"https:\/\/animo.eu\/fr\/chauffe-boissons\/","title":{"rendered":"Chauffe-boissons"},"content":{"rendered":"\n<section  class=\"pane pane--white \">\n    <div class=\"container\">\n                    <div class=\"row justify-content-center mb-4\">\n                <div class=\"col-12\">\n                    <div class=\"pane__text\">\n                        <h2>Chauffe-boissons<\/h2>\n                    <\/div>\n                <\/div>\n            <\/div>\n        \n                                \n                            <div class=\"row row--equalized g-4 g-lg-3 g-xl-6\">\n                                            <div class=\"col-12 col-md-6 col-lg-3\">\n                            <div class=\"card card--product\">\n                    <div class=\"card__image\">\n                    <img decoding=\"async\" width=\"550\" height=\"458\" src=\"https:\/\/animo.eu\/wp-content\/uploads\/2023\/08\/MPW-serie-550x458.png\" class=\"image wp-post-image\" alt=\"\" loading=\"lazy\" srcset=\"https:\/\/animo.eu\/wp-content\/uploads\/2023\/08\/MPW-serie-550x458.png 550w, https:\/\/animo.eu\/wp-content\/uploads\/2023\/08\/MPW-serie-300x250.png 300w, https:\/\/animo.eu\/wp-content\/uploads\/2023\/08\/MPW-serie-1024x852.png 1024w, https:\/\/animo.eu\/wp-content\/uploads\/2023\/08\/MPW-serie-768x639.png 768w, https:\/\/animo.eu\/wp-content\/uploads\/2023\/08\/MPW-serie-1536x1279.png 1536w, https:\/\/animo.eu\/wp-content\/uploads\/2023\/08\/MPW-serie-70x58.png 70w, https:\/\/animo.eu\/wp-content\/uploads\/2023\/08\/MPW-serie-800x666.png 800w, https:\/\/animo.eu\/wp-content\/uploads\/2023\/08\/MPW-serie-120x100.png 120w, https:\/\/animo.eu\/wp-content\/uploads\/2023\/08\/MPW-serie-150x125.png 150w, https:\/\/animo.eu\/wp-content\/uploads\/2023\/08\/MPW-serie.png 1772w\" sizes=\"(max-width: 550px) 100vw, 550px\" \/>                <\/div>\n    <div class=\"card-body\">\n        <h3 class=\"card-title\">MPW chauffe-briques de lait<\/h3>\n                    <p class=\"mb-0\">Chauffe-briques de lait, pour r\u00e9chauffer le lait.<\/p>\n            <\/div>\n    <div class=\"card-footer\">\n        <span class=\"btn btn-outline-secondary\">\n            <span class=\"btn__text\">Plus d&rsquo;informations<\/span>\n            <svg class=\"icon icon--20 icon--arrow\">\n                <use xlink:href=\"https:\/\/animo.eu\/wp-content\/themes\/animo\/build\/img\/symbols.svg#arrow-right\"><\/use>\n            <\/svg>\n        <\/span>\n    <\/div>\n    <a class=\"stretched-link\" href=\"https:\/\/animo.eu\/fr\/chauffe-boissons\/mpw-chauffe-briques-de-lait\/\"><\/a>\n<\/div>\n                        <\/div>\n                                            <div class=\"col-12 col-md-6 col-lg-3\">\n                            <div class=\"card card--product\">\n                    <div class=\"card__image\">\n                    <img decoding=\"async\" width=\"550\" height=\"458\" src=\"https:\/\/animo.eu\/wp-content\/uploads\/2023\/08\/MWRn-serie-550x458.png\" class=\"image wp-post-image\" alt=\"\" loading=\"lazy\" srcset=\"https:\/\/animo.eu\/wp-content\/uploads\/2023\/08\/MWRn-serie-550x458.png 550w, https:\/\/animo.eu\/wp-content\/uploads\/2023\/08\/MWRn-serie-300x250.png 300w, https:\/\/animo.eu\/wp-content\/uploads\/2023\/08\/MWRn-serie-1024x852.png 1024w, https:\/\/animo.eu\/wp-content\/uploads\/2023\/08\/MWRn-serie-768x639.png 768w, https:\/\/animo.eu\/wp-content\/uploads\/2023\/08\/MWRn-serie-1536x1279.png 1536w, https:\/\/animo.eu\/wp-content\/uploads\/2023\/08\/MWRn-serie-70x58.png 70w, https:\/\/animo.eu\/wp-content\/uploads\/2023\/08\/MWRn-serie-800x666.png 800w, https:\/\/animo.eu\/wp-content\/uploads\/2023\/08\/MWRn-serie-120x100.png 120w, https:\/\/animo.eu\/wp-content\/uploads\/2023\/08\/MWRn-serie-150x125.png 150w, https:\/\/animo.eu\/wp-content\/uploads\/2023\/08\/MWRn-serie.png 1772w\" sizes=\"(max-width: 550px) 100vw, 550px\" \/>                <\/div>\n    <div class=\"card-body\">\n        <h3 class=\"card-title\">Chauffe-boissons MWRn<\/h3>\n                    <p class=\"mb-0\">R\u00e9chauffer les boissons ? Faire confiance \u00e0 Animo.<\/p>\n            <\/div>\n    <div class=\"card-footer\">\n        <span class=\"btn btn-outline-secondary\">\n            <span class=\"btn__text\">Plus d&rsquo;informations<\/span>\n            <svg class=\"icon icon--20 icon--arrow\">\n                <use xlink:href=\"https:\/\/animo.eu\/wp-content\/themes\/animo\/build\/img\/symbols.svg#arrow-right\"><\/use>\n            <\/svg>\n        <\/span>\n    <\/div>\n    <a class=\"stretched-link\" href=\"https:\/\/animo.eu\/fr\/chauffe-boissons\/chauffe-boissons-mwrn\/\"><\/a>\n<\/div>\n                        <\/div>\n                                    <\/div>\n                                         <\/div>\n<\/section>\n\n<section  class=\"pane pane--white \">\n    <div class=\"container\">\n        <div class=\"row g-4 g-lg-8 g-xl-15 g-xxl-20 align-items-center flex-lg-row-reverse\">\n                            <div class=\"col-12 col-lg-6\">\n                    <div class=\"pane__text\">\n                        <h2>R\u00e9chauffer les boissons ? Trust Animo<\/h2>\n<p>Le chauffage des boissons demande de l&rsquo;attention. Tous les professionnels de la cuisine le savent. Le lait et le lait chocolat\u00e9 sont particuli\u00e8rement vuln\u00e9rables \u00e0 un chauffage trop rapide ou irr\u00e9gulier. Heureusement, vous pouvez aussi vous en remettre \u00e0 Animo<\/p>\n                                                \n                    <\/div>\n                <\/div>\n                                <\/div>\n    <\/div>\n<\/section>\n","protected":false},"excerpt":{"rendered":"","protected":false},"author":21,"featured_media":9132,"parent":0,"menu_order":49,"comment_status":"closed","ping_status":"closed","template":"","meta":{"_acf_changed":false,"footnotes":""},"class_list":["post-42241","page","type-page","status-publish","has-post-thumbnail","hentry"],"acf":[],"yoast_head":"<!-- This site is optimized with the Yoast SEO plugin v25.5 - https:\/\/yoast.com\/wordpress\/plugins\/seo\/ -->\n<title>Chauffe-boissons -<\/title>\n<meta name=\"description\" content=\"Chauffe-boissons - Les chauffe-boissons d&#039;Animo conviennent parfaitement pour chauffer et maintenir \u00e0 temp\u00e9rature le lait et\/ou le lait chocolat\u00e9.\" \/>\n<meta name=\"robots\" content=\"index, follow, max-snippet:-1, max-image-preview:large, max-video-preview:-1\" \/>\n<link rel=\"canonical\" href=\"https:\/\/animo.eu\/fr\/chauffe-boissons\/\" \/>\n<meta property=\"og:locale\" content=\"fr_FR\" \/>\n<meta property=\"og:type\" content=\"article\" \/>\n<meta property=\"og:title\" content=\"Chauffe-boissons -\" \/>\n<meta property=\"og:description\" content=\"Chauffe-boissons - Les chauffe-boissons d&#039;Animo conviennent parfaitement pour chauffer et maintenir \u00e0 temp\u00e9rature le lait et\/ou le lait chocolat\u00e9.\" \/>\n<meta property=\"og:url\" content=\"https:\/\/animo.eu\/fr\/chauffe-boissons\/\" \/>\n<meta property=\"article:publisher\" content=\"https:\/\/www.facebook.com\/animobv\/\" \/>\n<meta property=\"article:modified_time\" content=\"2024-01-17T09:53:39+00:00\" \/>\n<meta property=\"og:image\" content=\"https:\/\/animo.eu\/wp-content\/uploads\/2023\/08\/Drankwarmers.png\" \/>\n\t<meta property=\"og:image:width\" content=\"1772\" \/>\n\t<meta property=\"og:image:height\" content=\"1475\" \/>\n\t<meta property=\"og:image:type\" content=\"image\/png\" \/>\n<meta name=\"twitter:card\" content=\"summary_large_image\" \/>\n<meta name=\"twitter:site\" content=\"@animokoffie\" \/>\n<script type=\"application\/ld+json\" class=\"yoast-schema-graph\">{\"@context\":\"https:\/\/schema.org\",\"@graph\":[{\"@type\":\"WebPage\",\"@id\":\"https:\/\/animo.eu\/fr\/chauffe-boissons\/\",\"url\":\"https:\/\/animo.eu\/fr\/chauffe-boissons\/\",\"name\":\"Chauffe-boissons -\",\"isPartOf\":{\"@id\":\"https:\/\/animo.eu\/fr\/#website\"},\"primaryImageOfPage\":{\"@id\":\"https:\/\/animo.eu\/fr\/chauffe-boissons\/#primaryimage\"},\"image\":{\"@id\":\"https:\/\/animo.eu\/fr\/chauffe-boissons\/#primaryimage\"},\"thumbnailUrl\":\"https:\/\/animo.eu\/wp-content\/uploads\/2023\/08\/Drankwarmers.png\",\"datePublished\":\"2023-08-22T13:25:18+00:00\",\"dateModified\":\"2024-01-17T09:53:39+00:00\",\"description\":\"Chauffe-boissons - Les chauffe-boissons d'Animo conviennent parfaitement pour chauffer et maintenir \u00e0 temp\u00e9rature le lait et\/ou le lait chocolat\u00e9.\",\"breadcrumb\":{\"@id\":\"https:\/\/animo.eu\/fr\/chauffe-boissons\/#breadcrumb\"},\"inLanguage\":\"fr-FR\",\"potentialAction\":[{\"@type\":\"ReadAction\",\"target\":[\"https:\/\/animo.eu\/fr\/chauffe-boissons\/\"]}]},{\"@type\":\"ImageObject\",\"inLanguage\":\"fr-FR\",\"@id\":\"https:\/\/animo.eu\/fr\/chauffe-boissons\/#primaryimage\",\"url\":\"https:\/\/animo.eu\/wp-content\/uploads\/2023\/08\/Drankwarmers.png\",\"contentUrl\":\"https:\/\/animo.eu\/wp-content\/uploads\/2023\/08\/Drankwarmers.png\",\"width\":1772,\"height\":1475},{\"@type\":\"BreadcrumbList\",\"@id\":\"https:\/\/animo.eu\/fr\/chauffe-boissons\/#breadcrumb\",\"itemListElement\":[{\"@type\":\"ListItem\",\"position\":1,\"name\":\"Home\",\"item\":\"https:\/\/animo.eu\/fr\/\"},{\"@type\":\"ListItem\",\"position\":2,\"name\":\"Chauffe-boissons\"}]},{\"@type\":\"WebSite\",\"@id\":\"https:\/\/animo.eu\/fr\/#website\",\"url\":\"https:\/\/animo.eu\/fr\/\",\"name\":\"\",\"description\":\"\",\"potentialAction\":[{\"@type\":\"SearchAction\",\"target\":{\"@type\":\"EntryPoint\",\"urlTemplate\":\"https:\/\/animo.eu\/fr\/?s={search_term_string}\"},\"query-input\":{\"@type\":\"PropertyValueSpecification\",\"valueRequired\":true,\"valueName\":\"search_term_string\"}}],\"inLanguage\":\"fr-FR\"}]}<\/script>\n<!-- \/ Yoast SEO plugin. -->","yoast_head_json":{"title":"Chauffe-boissons -","description":"Chauffe-boissons - Les chauffe-boissons d'Animo conviennent parfaitement pour chauffer et maintenir \u00e0 temp\u00e9rature le lait et\/ou le lait chocolat\u00e9.","robots":{"index":"index","follow":"follow","max-snippet":"max-snippet:-1","max-image-preview":"max-image-preview:large","max-video-preview":"max-video-preview:-1"},"canonical":"https:\/\/animo.eu\/fr\/chauffe-boissons\/","og_locale":"fr_FR","og_type":"article","og_title":"Chauffe-boissons -","og_description":"Chauffe-boissons - Les chauffe-boissons d'Animo conviennent parfaitement pour chauffer et maintenir \u00e0 temp\u00e9rature le lait et\/ou le lait chocolat\u00e9.","og_url":"https:\/\/animo.eu\/fr\/chauffe-boissons\/","article_publisher":"https:\/\/www.facebook.com\/animobv\/","article_modified_time":"2024-01-17T09:53:39+00:00","og_image":[{"width":1772,"height":1475,"url":"https:\/\/animo.eu\/wp-content\/uploads\/2023\/08\/Drankwarmers.png","type":"image\/png"}],"twitter_card":"summary_large_image","twitter_site":"@animokoffie","schema":{"@context":"https:\/\/schema.org","@graph":[{"@type":"WebPage","@id":"https:\/\/animo.eu\/fr\/chauffe-boissons\/","url":"https:\/\/animo.eu\/fr\/chauffe-boissons\/","name":"Chauffe-boissons -","isPartOf":{"@id":"https:\/\/animo.eu\/fr\/#website"},"primaryImageOfPage":{"@id":"https:\/\/animo.eu\/fr\/chauffe-boissons\/#primaryimage"},"image":{"@id":"https:\/\/animo.eu\/fr\/chauffe-boissons\/#primaryimage"},"thumbnailUrl":"https:\/\/animo.eu\/wp-content\/uploads\/2023\/08\/Drankwarmers.png","datePublished":"2023-08-22T13:25:18+00:00","dateModified":"2024-01-17T09:53:39+00:00","description":"Chauffe-boissons - Les chauffe-boissons d'Animo conviennent parfaitement pour chauffer et maintenir \u00e0 temp\u00e9rature le lait et\/ou le lait chocolat\u00e9.","breadcrumb":{"@id":"https:\/\/animo.eu\/fr\/chauffe-boissons\/#breadcrumb"},"inLanguage":"fr-FR","potentialAction":[{"@type":"ReadAction","target":["https:\/\/animo.eu\/fr\/chauffe-boissons\/"]}]},{"@type":"ImageObject","inLanguage":"fr-FR","@id":"https:\/\/animo.eu\/fr\/chauffe-boissons\/#primaryimage","url":"https:\/\/animo.eu\/wp-content\/uploads\/2023\/08\/Drankwarmers.png","contentUrl":"https:\/\/animo.eu\/wp-content\/uploads\/2023\/08\/Drankwarmers.png","width":1772,"height":1475},{"@type":"BreadcrumbList","@id":"https:\/\/animo.eu\/fr\/chauffe-boissons\/#breadcrumb","itemListElement":[{"@type":"ListItem","position":1,"name":"Home","item":"https:\/\/animo.eu\/fr\/"},{"@type":"ListItem","position":2,"name":"Chauffe-boissons"}]},{"@type":"WebSite","@id":"https:\/\/animo.eu\/fr\/#website","url":"https:\/\/animo.eu\/fr\/","name":"","description":"","potentialAction":[{"@type":"SearchAction","target":{"@type":"EntryPoint","urlTemplate":"https:\/\/animo.eu\/fr\/?s={search_term_string}"},"query-input":{"@type":"PropertyValueSpecification","valueRequired":true,"valueName":"search_term_string"}}],"inLanguage":"fr-FR"}]}},"_links":{"self":[{"href":"https:\/\/animo.eu\/fr\/wp-json\/wp\/v2\/pages\/42241"}],"collection":[{"href":"https:\/\/animo.eu\/fr\/wp-json\/wp\/v2\/pages"}],"about":[{"href":"https:\/\/animo.eu\/fr\/wp-json\/wp\/v2\/types\/page"}],"author":[{"embeddable":true,"href":"https:\/\/animo.eu\/fr\/wp-json\/wp\/v2\/users\/21"}],"replies":[{"embeddable":true,"href":"https:\/\/animo.eu\/fr\/wp-json\/wp\/v2\/comments?post=42241"}],"version-history":[{"count":1,"href":"https:\/\/animo.eu\/fr\/wp-json\/wp\/v2\/pages\/42241\/revisions"}],"predecessor-version":[{"id":42242,"href":"https:\/\/animo.eu\/fr\/wp-json\/wp\/v2\/pages\/42241\/revisions\/42242"}],"wp:featuredmedia":[{"embeddable":true,"href":"https:\/\/animo.eu\/fr\/wp-json\/wp\/v2\/media\/9132"}],"wp:attachment":[{"href":"https:\/\/animo.eu\/fr\/wp-json\/wp\/v2\/media?parent=42241"}],"curies":[{"name":"wp","href":"https:\/\/api.w.org\/{rel}","templated":true}]}}