{"id":42315,"date":"2023-08-21T15:11:29","date_gmt":"2023-08-21T13:11:29","guid":{"rendered":"https:\/\/animo.eu\/recipients-a-boissons\/"},"modified":"2023-12-15T15:17:17","modified_gmt":"2023-12-15T14:17:17","slug":"recipients-a-boissons","status":"publish","type":"page","link":"https:\/\/animo.eu\/fr\/recipients-a-boissons\/","title":{"rendered":"R\u00e9cipients \u00e0 boissons"},"content":{"rendered":"\n<section  class=\"pane pane--white \">\n    <div class=\"container\">\n                    <div class=\"row justify-content-center mb-4\">\n                <div class=\"col-12\">\n                    <div class=\"pane__text\">\n                        <h2>R\u00e9cipients \u00e0 boissons<\/h2>\n                    <\/div>\n                <\/div>\n            <\/div>\n        \n                                \n                            <div class=\"row row--equalized g-4 g-lg-3 g-xl-6\">\n                                            <div class=\"col-12 col-md-6 col-lg-3\">\n                            <div class=\"card card--product\">\n                    <div class=\"card__image\">\n                    <img decoding=\"async\" width=\"550\" height=\"458\" src=\"https:\/\/animo.eu\/wp-content\/uploads\/2023\/08\/CE-en-CI-serie-550x458.png\" class=\"image wp-post-image\" alt=\"\" loading=\"lazy\" srcset=\"https:\/\/animo.eu\/wp-content\/uploads\/2023\/08\/CE-en-CI-serie-550x458.png 550w, https:\/\/animo.eu\/wp-content\/uploads\/2023\/08\/CE-en-CI-serie-300x250.png 300w, https:\/\/animo.eu\/wp-content\/uploads\/2023\/08\/CE-en-CI-serie-1024x852.png 1024w, https:\/\/animo.eu\/wp-content\/uploads\/2023\/08\/CE-en-CI-serie-768x639.png 768w, https:\/\/animo.eu\/wp-content\/uploads\/2023\/08\/CE-en-CI-serie-1536x1279.png 1536w, https:\/\/animo.eu\/wp-content\/uploads\/2023\/08\/CE-en-CI-serie-70x58.png 70w, https:\/\/animo.eu\/wp-content\/uploads\/2023\/08\/CE-en-CI-serie-800x666.png 800w, https:\/\/animo.eu\/wp-content\/uploads\/2023\/08\/CE-en-CI-serie-120x100.png 120w, https:\/\/animo.eu\/wp-content\/uploads\/2023\/08\/CE-en-CI-serie-150x125.png 150w, https:\/\/animo.eu\/wp-content\/uploads\/2023\/08\/CE-en-CI-serie.png 1772w\" sizes=\"(max-width: 550px) 100vw, 550px\" \/>                <\/div>\n    <div class=\"card-body\">\n        <h3 class=\"card-title\">Conteneurs CE<\/h3>\n                    <p class=\"mb-0\">R\u00e9cipients pour boissons munis d&rsquo;un \u00e9l\u00e9ment chauffant et d&rsquo;un thermostat Klixon<\/p>\n            <\/div>\n    <div class=\"card-footer\">\n        <span class=\"btn btn-outline-secondary\">\n            <span class=\"btn__text\">Plus d&rsquo;informations<\/span>\n            <svg class=\"icon icon--20 icon--arrow\">\n                <use xlink:href=\"https:\/\/animo.eu\/wp-content\/themes\/animo\/build\/img\/symbols.svg#arrow-right\"><\/use>\n            <\/svg>\n        <\/span>\n    <\/div>\n    <a class=\"stretched-link\" href=\"https:\/\/animo.eu\/fr\/recipients-a-boissons\/conteneurs-ce\/\"><\/a>\n<\/div>\n                        <\/div>\n                                            <div class=\"col-12 col-md-6 col-lg-3\">\n                            <div class=\"card card--product\">\n                    <div class=\"card__image\">\n                    <img decoding=\"async\" width=\"550\" height=\"458\" src=\"https:\/\/animo.eu\/wp-content\/uploads\/2023\/08\/CE-en-CI-serie-550x458.png\" class=\"image wp-post-image\" alt=\"\" loading=\"lazy\" srcset=\"https:\/\/animo.eu\/wp-content\/uploads\/2023\/08\/CE-en-CI-serie-550x458.png 550w, https:\/\/animo.eu\/wp-content\/uploads\/2023\/08\/CE-en-CI-serie-300x250.png 300w, https:\/\/animo.eu\/wp-content\/uploads\/2023\/08\/CE-en-CI-serie-1024x852.png 1024w, https:\/\/animo.eu\/wp-content\/uploads\/2023\/08\/CE-en-CI-serie-768x639.png 768w, https:\/\/animo.eu\/wp-content\/uploads\/2023\/08\/CE-en-CI-serie-1536x1279.png 1536w, https:\/\/animo.eu\/wp-content\/uploads\/2023\/08\/CE-en-CI-serie-70x58.png 70w, https:\/\/animo.eu\/wp-content\/uploads\/2023\/08\/CE-en-CI-serie-800x666.png 800w, https:\/\/animo.eu\/wp-content\/uploads\/2023\/08\/CE-en-CI-serie-120x100.png 120w, https:\/\/animo.eu\/wp-content\/uploads\/2023\/08\/CE-en-CI-serie-150x125.png 150w, https:\/\/animo.eu\/wp-content\/uploads\/2023\/08\/CE-en-CI-serie.png 1772w\" sizes=\"(max-width: 550px) 100vw, 550px\" \/>                <\/div>\n    <div class=\"card-body\">\n        <h3 class=\"card-title\">Conteneurs CI<\/h3>\n                    <p class=\"mb-0\">R\u00e9cipients \u00e0 boissons isol\u00e9s avec du polyur\u00e9thane<\/p>\n            <\/div>\n    <div class=\"card-footer\">\n        <span class=\"btn btn-outline-secondary\">\n            <span class=\"btn__text\">Plus d&rsquo;informations<\/span>\n            <svg class=\"icon icon--20 icon--arrow\">\n                <use xlink:href=\"https:\/\/animo.eu\/wp-content\/themes\/animo\/build\/img\/symbols.svg#arrow-right\"><\/use>\n            <\/svg>\n        <\/span>\n    <\/div>\n    <a class=\"stretched-link\" href=\"https:\/\/animo.eu\/fr\/recipients-a-boissons\/conteneurs-ci\/\"><\/a>\n<\/div>\n                        <\/div>\n                                    <\/div>\n                                         <\/div>\n<\/section>\n\n<section  class=\"pane pane--white \">\n    <div class=\"container\">\n        <div class=\"row g-4 g-lg-8 g-xl-15 g-xxl-20 align-items-center flex-lg-row-reverse\">\n                            <div class=\"col-12 col-lg-6\">\n                    <div class=\"pane__text\">\n                        <h2>Animo anywise<\/h2>\n<p>L&rsquo;\u00e9quipement Animo est un investissement judicieux \u00e0 tous \u00e9gards. Le bo\u00eetier en acier inoxydable est non seulement indestructible, mais aussi enti\u00e8rement recyclable. Les autres composants sont \u00e9galement fiables et ont une longue dur\u00e9e de vie. En outre, Animo accorde une grande attention \u00e0 la consommation d&rsquo;\u00e9nergie. Les chauffe-boissons et les conteneurs alimentaires \u00e0 double paroi sont tr\u00e8s isolants. Toute l&rsquo;\u00e9nergie finit par profiter \u00e0 l&rsquo;homme int\u00e9rieur. Et cela donne une nouvelle \u00e9nergie !<\/p>\n                                                \n                    <\/div>\n                <\/div>\n                                <\/div>\n    <\/div>\n<\/section>\n","protected":false},"excerpt":{"rendered":"","protected":false},"author":21,"featured_media":15644,"parent":0,"menu_order":53,"comment_status":"closed","ping_status":"closed","template":"","meta":{"_acf_changed":false,"footnotes":""},"class_list":["post-42315","page","type-page","status-publish","has-post-thumbnail","hentry"],"acf":[],"yoast_head":"<!-- This site is optimized with the Yoast SEO plugin v25.5 - https:\/\/yoast.com\/wordpress\/plugins\/seo\/ -->\n<title>R\u00e9cipients \u00e0 boissons -<\/title>\n<meta name=\"description\" content=\"R\u00e9cipients \u00e0 boissons -\" \/>\n<meta name=\"robots\" content=\"index, follow, max-snippet:-1, max-image-preview:large, max-video-preview:-1\" \/>\n<link rel=\"canonical\" href=\"https:\/\/animo.eu\/fr\/recipients-a-boissons\/\" \/>\n<meta property=\"og:locale\" content=\"fr_FR\" \/>\n<meta property=\"og:type\" content=\"article\" \/>\n<meta property=\"og:title\" content=\"R\u00e9cipients \u00e0 boissons -\" \/>\n<meta property=\"og:description\" content=\"R\u00e9cipients \u00e0 boissons -\" \/>\n<meta property=\"og:url\" content=\"https:\/\/animo.eu\/fr\/recipients-a-boissons\/\" \/>\n<meta property=\"article:publisher\" content=\"https:\/\/www.facebook.com\/animobv\/\" \/>\n<meta property=\"article:modified_time\" content=\"2023-12-15T14:17:17+00:00\" \/>\n<meta property=\"og:image\" content=\"https:\/\/animo.eu\/wp-content\/uploads\/2023\/08\/CE-en-CI-serie-1.png\" \/>\n\t<meta property=\"og:image:width\" content=\"1772\" \/>\n\t<meta property=\"og:image:height\" content=\"1475\" \/>\n\t<meta property=\"og:image:type\" content=\"image\/png\" \/>\n<meta name=\"twitter:card\" content=\"summary_large_image\" \/>\n<meta name=\"twitter:site\" content=\"@animokoffie\" \/>\n<script type=\"application\/ld+json\" class=\"yoast-schema-graph\">{\"@context\":\"https:\/\/schema.org\",\"@graph\":[{\"@type\":\"WebPage\",\"@id\":\"https:\/\/animo.eu\/fr\/recipients-a-boissons\/\",\"url\":\"https:\/\/animo.eu\/fr\/recipients-a-boissons\/\",\"name\":\"R\u00e9cipients \u00e0 boissons -\",\"isPartOf\":{\"@id\":\"https:\/\/animo.eu\/fr\/#website\"},\"primaryImageOfPage\":{\"@id\":\"https:\/\/animo.eu\/fr\/recipients-a-boissons\/#primaryimage\"},\"image\":{\"@id\":\"https:\/\/animo.eu\/fr\/recipients-a-boissons\/#primaryimage\"},\"thumbnailUrl\":\"https:\/\/animo.eu\/wp-content\/uploads\/2023\/08\/CE-en-CI-serie-1.png\",\"datePublished\":\"2023-08-21T13:11:29+00:00\",\"dateModified\":\"2023-12-15T14:17:17+00:00\",\"description\":\"R\u00e9cipients \u00e0 boissons -\",\"breadcrumb\":{\"@id\":\"https:\/\/animo.eu\/fr\/recipients-a-boissons\/#breadcrumb\"},\"inLanguage\":\"fr-FR\",\"potentialAction\":[{\"@type\":\"ReadAction\",\"target\":[\"https:\/\/animo.eu\/fr\/recipients-a-boissons\/\"]}]},{\"@type\":\"ImageObject\",\"inLanguage\":\"fr-FR\",\"@id\":\"https:\/\/animo.eu\/fr\/recipients-a-boissons\/#primaryimage\",\"url\":\"https:\/\/animo.eu\/wp-content\/uploads\/2023\/08\/CE-en-CI-serie-1.png\",\"contentUrl\":\"https:\/\/animo.eu\/wp-content\/uploads\/2023\/08\/CE-en-CI-serie-1.png\",\"width\":1772,\"height\":1475},{\"@type\":\"BreadcrumbList\",\"@id\":\"https:\/\/animo.eu\/fr\/recipients-a-boissons\/#breadcrumb\",\"itemListElement\":[{\"@type\":\"ListItem\",\"position\":1,\"name\":\"Home\",\"item\":\"https:\/\/animo.eu\/fr\/\"},{\"@type\":\"ListItem\",\"position\":2,\"name\":\"R\u00e9cipients \u00e0 boissons\"}]},{\"@type\":\"WebSite\",\"@id\":\"https:\/\/animo.eu\/fr\/#website\",\"url\":\"https:\/\/animo.eu\/fr\/\",\"name\":\"\",\"description\":\"\",\"potentialAction\":[{\"@type\":\"SearchAction\",\"target\":{\"@type\":\"EntryPoint\",\"urlTemplate\":\"https:\/\/animo.eu\/fr\/?s={search_term_string}\"},\"query-input\":{\"@type\":\"PropertyValueSpecification\",\"valueRequired\":true,\"valueName\":\"search_term_string\"}}],\"inLanguage\":\"fr-FR\"}]}<\/script>\n<!-- \/ Yoast SEO plugin. -->","yoast_head_json":{"title":"R\u00e9cipients \u00e0 boissons -","description":"R\u00e9cipients \u00e0 boissons -","robots":{"index":"index","follow":"follow","max-snippet":"max-snippet:-1","max-image-preview":"max-image-preview:large","max-video-preview":"max-video-preview:-1"},"canonical":"https:\/\/animo.eu\/fr\/recipients-a-boissons\/","og_locale":"fr_FR","og_type":"article","og_title":"R\u00e9cipients \u00e0 boissons -","og_description":"R\u00e9cipients \u00e0 boissons -","og_url":"https:\/\/animo.eu\/fr\/recipients-a-boissons\/","article_publisher":"https:\/\/www.facebook.com\/animobv\/","article_modified_time":"2023-12-15T14:17:17+00:00","og_image":[{"width":1772,"height":1475,"url":"https:\/\/animo.eu\/wp-content\/uploads\/2023\/08\/CE-en-CI-serie-1.png","type":"image\/png"}],"twitter_card":"summary_large_image","twitter_site":"@animokoffie","schema":{"@context":"https:\/\/schema.org","@graph":[{"@type":"WebPage","@id":"https:\/\/animo.eu\/fr\/recipients-a-boissons\/","url":"https:\/\/animo.eu\/fr\/recipients-a-boissons\/","name":"R\u00e9cipients \u00e0 boissons -","isPartOf":{"@id":"https:\/\/animo.eu\/fr\/#website"},"primaryImageOfPage":{"@id":"https:\/\/animo.eu\/fr\/recipients-a-boissons\/#primaryimage"},"image":{"@id":"https:\/\/animo.eu\/fr\/recipients-a-boissons\/#primaryimage"},"thumbnailUrl":"https:\/\/animo.eu\/wp-content\/uploads\/2023\/08\/CE-en-CI-serie-1.png","datePublished":"2023-08-21T13:11:29+00:00","dateModified":"2023-12-15T14:17:17+00:00","description":"R\u00e9cipients \u00e0 boissons -","breadcrumb":{"@id":"https:\/\/animo.eu\/fr\/recipients-a-boissons\/#breadcrumb"},"inLanguage":"fr-FR","potentialAction":[{"@type":"ReadAction","target":["https:\/\/animo.eu\/fr\/recipients-a-boissons\/"]}]},{"@type":"ImageObject","inLanguage":"fr-FR","@id":"https:\/\/animo.eu\/fr\/recipients-a-boissons\/#primaryimage","url":"https:\/\/animo.eu\/wp-content\/uploads\/2023\/08\/CE-en-CI-serie-1.png","contentUrl":"https:\/\/animo.eu\/wp-content\/uploads\/2023\/08\/CE-en-CI-serie-1.png","width":1772,"height":1475},{"@type":"BreadcrumbList","@id":"https:\/\/animo.eu\/fr\/recipients-a-boissons\/#breadcrumb","itemListElement":[{"@type":"ListItem","position":1,"name":"Home","item":"https:\/\/animo.eu\/fr\/"},{"@type":"ListItem","position":2,"name":"R\u00e9cipients \u00e0 boissons"}]},{"@type":"WebSite","@id":"https:\/\/animo.eu\/fr\/#website","url":"https:\/\/animo.eu\/fr\/","name":"","description":"","potentialAction":[{"@type":"SearchAction","target":{"@type":"EntryPoint","urlTemplate":"https:\/\/animo.eu\/fr\/?s={search_term_string}"},"query-input":{"@type":"PropertyValueSpecification","valueRequired":true,"valueName":"search_term_string"}}],"inLanguage":"fr-FR"}]}},"_links":{"self":[{"href":"https:\/\/animo.eu\/fr\/wp-json\/wp\/v2\/pages\/42315"}],"collection":[{"href":"https:\/\/animo.eu\/fr\/wp-json\/wp\/v2\/pages"}],"about":[{"href":"https:\/\/animo.eu\/fr\/wp-json\/wp\/v2\/types\/page"}],"author":[{"embeddable":true,"href":"https:\/\/animo.eu\/fr\/wp-json\/wp\/v2\/users\/21"}],"replies":[{"embeddable":true,"href":"https:\/\/animo.eu\/fr\/wp-json\/wp\/v2\/comments?post=42315"}],"version-history":[{"count":1,"href":"https:\/\/animo.eu\/fr\/wp-json\/wp\/v2\/pages\/42315\/revisions"}],"predecessor-version":[{"id":42316,"href":"https:\/\/animo.eu\/fr\/wp-json\/wp\/v2\/pages\/42315\/revisions\/42316"}],"wp:featuredmedia":[{"embeddable":true,"href":"https:\/\/animo.eu\/fr\/wp-json\/wp\/v2\/media\/15644"}],"wp:attachment":[{"href":"https:\/\/animo.eu\/fr\/wp-json\/wp\/v2\/media?parent=42315"}],"curies":[{"name":"wp","href":"https:\/\/api.w.org\/{rel}","templated":true}]}}