{"id":42434,"date":"2023-03-14T13:12:31","date_gmt":"2023-03-14T12:12:31","guid":{"rendered":"https:\/\/animo.eu\/percolateurs-2\/"},"modified":"2024-01-11T11:51:42","modified_gmt":"2024-01-11T10:51:42","slug":"percolateurs","status":"publish","type":"page","link":"https:\/\/animo.eu\/fr\/percolateurs\/","title":{"rendered":"Percolateurs"},"content":{"rendered":"\n<section  class=\"pane pane--white \">\n    <div class=\"container\">\n                    <div class=\"row justify-content-center mb-4\">\n                <div class=\"col-12\">\n                    <div class=\"pane__text\">\n                        <h2>Percolateurs<\/h2>\n                    <\/div>\n                <\/div>\n            <\/div>\n        \n                                \n                            <div class=\"row row--equalized g-4 g-lg-3 g-xl-6\">\n                                            <div class=\"col-12 col-md-6 col-lg-3\">\n                            <div class=\"card card--product\">\n                    <div class=\"card__image\">\n                    <img decoding=\"async\" width=\"550\" height=\"458\" src=\"https:\/\/animo.eu\/wp-content\/uploads\/2023\/08\/Percostar-550x458.png\" class=\"image wp-post-image\" alt=\"\" loading=\"lazy\" srcset=\"https:\/\/animo.eu\/wp-content\/uploads\/2023\/08\/Percostar-550x458.png 550w, https:\/\/animo.eu\/wp-content\/uploads\/2023\/08\/Percostar-300x250.png 300w, https:\/\/animo.eu\/wp-content\/uploads\/2023\/08\/Percostar-1024x852.png 1024w, https:\/\/animo.eu\/wp-content\/uploads\/2023\/08\/Percostar-768x639.png 768w, https:\/\/animo.eu\/wp-content\/uploads\/2023\/08\/Percostar-1536x1279.png 1536w, https:\/\/animo.eu\/wp-content\/uploads\/2023\/08\/Percostar-70x58.png 70w, https:\/\/animo.eu\/wp-content\/uploads\/2023\/08\/Percostar-800x666.png 800w, https:\/\/animo.eu\/wp-content\/uploads\/2023\/08\/Percostar-120x100.png 120w, https:\/\/animo.eu\/wp-content\/uploads\/2023\/08\/Percostar-150x125.png 150w, https:\/\/animo.eu\/wp-content\/uploads\/2023\/08\/Percostar.png 1772w\" sizes=\"(max-width: 550px) 100vw, 550px\" \/>                <\/div>\n    <div class=\"card-body\">\n        <h3 class=\"card-title\">Percolateurs<\/h3>\n                    <p class=\"mb-0\">Le Percostar est sp\u00e9cialement con\u00e7u pour servir de grandes quantit\u00e9s de caf\u00e9.<\/p>\n            <\/div>\n    <div class=\"card-footer\">\n        <span class=\"btn btn-outline-secondary\">\n            <span class=\"btn__text\">Plus d&rsquo;informations<\/span>\n            <svg class=\"icon icon--20 icon--arrow\">\n                <use xlink:href=\"https:\/\/animo.eu\/wp-content\/themes\/animo\/build\/img\/symbols.svg#arrow-right\"><\/use>\n            <\/svg>\n        <\/span>\n    <\/div>\n    <a class=\"stretched-link\" href=\"https:\/\/animo.eu\/fr\/percolateurs\/percostar\/\"><\/a>\n<\/div>\n                        <\/div>\n                                    <\/div>\n                                         <\/div>\n<\/section>\n\n<section  class=\"pane pane--white \">\n    <div class=\"container\">\n        <div class=\"row g-4 g-lg-8 g-xl-15 g-xxl-20 align-items-center flex-lg-row-reverse\">\n                            <div class=\"col-12 col-lg-6\">\n                    <div class=\"pane__text\">\n                        <h2>Caf\u00e9 pour toutes les industries<\/h2>\n<p>Les besoins en caf\u00e9 peuvent varier consid\u00e9rablement d&rsquo;une entreprise et d&rsquo;un secteur \u00e0 l&rsquo;autre. Certaines entreprises souhaitent que leurs employ\u00e9s, mais aussi leurs clients, puissent profiter d&rsquo;une tasse de caf\u00e9 frais. Pour de nombreuses industries, la qualit\u00e9 est le premier crit\u00e8re de s\u00e9lection, tandis que pour d&rsquo;autres entreprises, il est important de pouvoir pr\u00e9parer rapidement une grande quantit\u00e9 de caf\u00e9. C&rsquo;est pourquoi Animo propose diff\u00e9rentes machines \u00e0 caf\u00e9 qui peuvent r\u00e9pondre aux divers besoins de toutes les industries. Des bureaux, des h\u00f4tels, des supermarch\u00e9s, des cantines et des h\u00f4pitaux aux \u00e9tablissements d&rsquo;enseignement, en passant par les centres d&rsquo;entretien automobile et les th\u00e9\u00e2tres&#8230; et bien d&rsquo;autres encore.<\/p>\n                                                \n                    <\/div>\n                <\/div>\n                                <\/div>\n    <\/div>\n<\/section>\n","protected":false},"excerpt":{"rendered":"","protected":false},"author":1,"featured_media":8900,"parent":0,"menu_order":71,"comment_status":"closed","ping_status":"closed","template":"","meta":{"_acf_changed":false,"footnotes":""},"class_list":["post-42434","page","type-page","status-publish","has-post-thumbnail","hentry"],"acf":[],"yoast_head":"<!-- This site is optimized with the Yoast SEO plugin v25.5 - https:\/\/yoast.com\/wordpress\/plugins\/seo\/ -->\n<title>Percolateurs -<\/title>\n<meta name=\"description\" content=\"Percolateurs -\" \/>\n<meta name=\"robots\" content=\"index, follow, max-snippet:-1, max-image-preview:large, max-video-preview:-1\" \/>\n<link rel=\"canonical\" href=\"https:\/\/animo.eu\/fr\/percolateurs\/\" \/>\n<meta property=\"og:locale\" content=\"fr_FR\" \/>\n<meta property=\"og:type\" content=\"article\" \/>\n<meta property=\"og:title\" content=\"Percolateurs -\" \/>\n<meta property=\"og:description\" content=\"Percolateurs -\" \/>\n<meta property=\"og:url\" content=\"https:\/\/animo.eu\/fr\/percolateurs\/\" \/>\n<meta property=\"article:publisher\" content=\"https:\/\/www.facebook.com\/animobv\/\" \/>\n<meta property=\"article:modified_time\" content=\"2024-01-11T10:51:42+00:00\" \/>\n<meta property=\"og:image\" content=\"https:\/\/animo.eu\/wp-content\/uploads\/2023\/08\/Percostar.png\" \/>\n\t<meta property=\"og:image:width\" content=\"1772\" \/>\n\t<meta property=\"og:image:height\" content=\"1475\" \/>\n\t<meta property=\"og:image:type\" content=\"image\/png\" \/>\n<meta name=\"twitter:card\" content=\"summary_large_image\" \/>\n<meta name=\"twitter:site\" content=\"@animokoffie\" \/>\n<meta name=\"twitter:label1\" content=\"Dur\u00e9e de lecture estim\u00e9e\" \/>\n\t<meta name=\"twitter:data1\" content=\"1 minute\" \/>\n<script type=\"application\/ld+json\" class=\"yoast-schema-graph\">{\"@context\":\"https:\/\/schema.org\",\"@graph\":[{\"@type\":\"WebPage\",\"@id\":\"https:\/\/animo.eu\/fr\/percolateurs\/\",\"url\":\"https:\/\/animo.eu\/fr\/percolateurs\/\",\"name\":\"Percolateurs -\",\"isPartOf\":{\"@id\":\"https:\/\/animo.eu\/fr\/#website\"},\"primaryImageOfPage\":{\"@id\":\"https:\/\/animo.eu\/fr\/percolateurs\/#primaryimage\"},\"image\":{\"@id\":\"https:\/\/animo.eu\/fr\/percolateurs\/#primaryimage\"},\"thumbnailUrl\":\"https:\/\/animo.eu\/wp-content\/uploads\/2023\/08\/Percostar.png\",\"datePublished\":\"2023-03-14T12:12:31+00:00\",\"dateModified\":\"2024-01-11T10:51:42+00:00\",\"description\":\"Percolateurs -\",\"breadcrumb\":{\"@id\":\"https:\/\/animo.eu\/fr\/percolateurs\/#breadcrumb\"},\"inLanguage\":\"fr-FR\",\"potentialAction\":[{\"@type\":\"ReadAction\",\"target\":[\"https:\/\/animo.eu\/fr\/percolateurs\/\"]}]},{\"@type\":\"ImageObject\",\"inLanguage\":\"fr-FR\",\"@id\":\"https:\/\/animo.eu\/fr\/percolateurs\/#primaryimage\",\"url\":\"https:\/\/animo.eu\/wp-content\/uploads\/2023\/08\/Percostar.png\",\"contentUrl\":\"https:\/\/animo.eu\/wp-content\/uploads\/2023\/08\/Percostar.png\",\"width\":1772,\"height\":1475},{\"@type\":\"BreadcrumbList\",\"@id\":\"https:\/\/animo.eu\/fr\/percolateurs\/#breadcrumb\",\"itemListElement\":[{\"@type\":\"ListItem\",\"position\":1,\"name\":\"Home\",\"item\":\"https:\/\/animo.eu\/fr\/\"},{\"@type\":\"ListItem\",\"position\":2,\"name\":\"Percolateurs\"}]},{\"@type\":\"WebSite\",\"@id\":\"https:\/\/animo.eu\/fr\/#website\",\"url\":\"https:\/\/animo.eu\/fr\/\",\"name\":\"\",\"description\":\"\",\"potentialAction\":[{\"@type\":\"SearchAction\",\"target\":{\"@type\":\"EntryPoint\",\"urlTemplate\":\"https:\/\/animo.eu\/fr\/?s={search_term_string}\"},\"query-input\":{\"@type\":\"PropertyValueSpecification\",\"valueRequired\":true,\"valueName\":\"search_term_string\"}}],\"inLanguage\":\"fr-FR\"}]}<\/script>\n<!-- \/ Yoast SEO plugin. -->","yoast_head_json":{"title":"Percolateurs -","description":"Percolateurs -","robots":{"index":"index","follow":"follow","max-snippet":"max-snippet:-1","max-image-preview":"max-image-preview:large","max-video-preview":"max-video-preview:-1"},"canonical":"https:\/\/animo.eu\/fr\/percolateurs\/","og_locale":"fr_FR","og_type":"article","og_title":"Percolateurs -","og_description":"Percolateurs -","og_url":"https:\/\/animo.eu\/fr\/percolateurs\/","article_publisher":"https:\/\/www.facebook.com\/animobv\/","article_modified_time":"2024-01-11T10:51:42+00:00","og_image":[{"width":1772,"height":1475,"url":"https:\/\/animo.eu\/wp-content\/uploads\/2023\/08\/Percostar.png","type":"image\/png"}],"twitter_card":"summary_large_image","twitter_site":"@animokoffie","twitter_misc":{"Dur\u00e9e de lecture estim\u00e9e":"1 minute"},"schema":{"@context":"https:\/\/schema.org","@graph":[{"@type":"WebPage","@id":"https:\/\/animo.eu\/fr\/percolateurs\/","url":"https:\/\/animo.eu\/fr\/percolateurs\/","name":"Percolateurs -","isPartOf":{"@id":"https:\/\/animo.eu\/fr\/#website"},"primaryImageOfPage":{"@id":"https:\/\/animo.eu\/fr\/percolateurs\/#primaryimage"},"image":{"@id":"https:\/\/animo.eu\/fr\/percolateurs\/#primaryimage"},"thumbnailUrl":"https:\/\/animo.eu\/wp-content\/uploads\/2023\/08\/Percostar.png","datePublished":"2023-03-14T12:12:31+00:00","dateModified":"2024-01-11T10:51:42+00:00","description":"Percolateurs -","breadcrumb":{"@id":"https:\/\/animo.eu\/fr\/percolateurs\/#breadcrumb"},"inLanguage":"fr-FR","potentialAction":[{"@type":"ReadAction","target":["https:\/\/animo.eu\/fr\/percolateurs\/"]}]},{"@type":"ImageObject","inLanguage":"fr-FR","@id":"https:\/\/animo.eu\/fr\/percolateurs\/#primaryimage","url":"https:\/\/animo.eu\/wp-content\/uploads\/2023\/08\/Percostar.png","contentUrl":"https:\/\/animo.eu\/wp-content\/uploads\/2023\/08\/Percostar.png","width":1772,"height":1475},{"@type":"BreadcrumbList","@id":"https:\/\/animo.eu\/fr\/percolateurs\/#breadcrumb","itemListElement":[{"@type":"ListItem","position":1,"name":"Home","item":"https:\/\/animo.eu\/fr\/"},{"@type":"ListItem","position":2,"name":"Percolateurs"}]},{"@type":"WebSite","@id":"https:\/\/animo.eu\/fr\/#website","url":"https:\/\/animo.eu\/fr\/","name":"","description":"","potentialAction":[{"@type":"SearchAction","target":{"@type":"EntryPoint","urlTemplate":"https:\/\/animo.eu\/fr\/?s={search_term_string}"},"query-input":{"@type":"PropertyValueSpecification","valueRequired":true,"valueName":"search_term_string"}}],"inLanguage":"fr-FR"}]}},"_links":{"self":[{"href":"https:\/\/animo.eu\/fr\/wp-json\/wp\/v2\/pages\/42434"}],"collection":[{"href":"https:\/\/animo.eu\/fr\/wp-json\/wp\/v2\/pages"}],"about":[{"href":"https:\/\/animo.eu\/fr\/wp-json\/wp\/v2\/types\/page"}],"author":[{"embeddable":true,"href":"https:\/\/animo.eu\/fr\/wp-json\/wp\/v2\/users\/1"}],"replies":[{"embeddable":true,"href":"https:\/\/animo.eu\/fr\/wp-json\/wp\/v2\/comments?post=42434"}],"version-history":[{"count":1,"href":"https:\/\/animo.eu\/fr\/wp-json\/wp\/v2\/pages\/42434\/revisions"}],"predecessor-version":[{"id":42435,"href":"https:\/\/animo.eu\/fr\/wp-json\/wp\/v2\/pages\/42434\/revisions\/42435"}],"wp:featuredmedia":[{"embeddable":true,"href":"https:\/\/animo.eu\/fr\/wp-json\/wp\/v2\/media\/8900"}],"wp:attachment":[{"href":"https:\/\/animo.eu\/fr\/wp-json\/wp\/v2\/media?parent=42434"}],"curies":[{"name":"wp","href":"https:\/\/api.w.org\/{rel}","templated":true}]}}