{"id":42604,"date":"2023-03-14T13:12:36","date_gmt":"2023-03-14T12:12:36","guid":{"rendered":"https:\/\/animo.eu\/refroidisseurs-deau\/"},"modified":"2024-01-14T08:16:55","modified_gmt":"2024-01-14T07:16:55","slug":"refroidisseurs-deau","status":"publish","type":"page","link":"https:\/\/animo.eu\/fr\/refroidisseurs-deau\/","title":{"rendered":"Refroidisseurs d&rsquo;eau"},"content":{"rendered":"\n<section  class=\"pane pane--white \">\n    <div class=\"container\">\n                    <div class=\"row justify-content-center mb-4\">\n                <div class=\"col-12\">\n                    <div class=\"pane__text\">\n                        <h2>Refroidisseurs d&rsquo;eau<\/h2>\n                    <\/div>\n                <\/div>\n            <\/div>\n        \n                                \n                            <div class=\"row row--equalized g-4 g-lg-3 g-xl-6\">\n                                            <div class=\"col-12 col-md-6 col-lg-3\">\n                            <div class=\"card card--product\">\n                    <div class=\"card__image\">\n                    <img decoding=\"async\" width=\"550\" height=\"458\" src=\"https:\/\/animo.eu\/wp-content\/uploads\/2023\/08\/OptiCool-producten-550x458.png\" class=\"image wp-post-image\" alt=\"\" loading=\"lazy\" srcset=\"https:\/\/animo.eu\/wp-content\/uploads\/2023\/08\/OptiCool-producten-550x458.png 550w, https:\/\/animo.eu\/wp-content\/uploads\/2023\/08\/OptiCool-producten-300x250.png 300w, https:\/\/animo.eu\/wp-content\/uploads\/2023\/08\/OptiCool-producten-1024x852.png 1024w, https:\/\/animo.eu\/wp-content\/uploads\/2023\/08\/OptiCool-producten-768x639.png 768w, https:\/\/animo.eu\/wp-content\/uploads\/2023\/08\/OptiCool-producten-1536x1279.png 1536w, https:\/\/animo.eu\/wp-content\/uploads\/2023\/08\/OptiCool-producten-70x58.png 70w, https:\/\/animo.eu\/wp-content\/uploads\/2023\/08\/OptiCool-producten-800x666.png 800w, https:\/\/animo.eu\/wp-content\/uploads\/2023\/08\/OptiCool-producten-120x100.png 120w, https:\/\/animo.eu\/wp-content\/uploads\/2023\/08\/OptiCool-producten-150x125.png 150w, https:\/\/animo.eu\/wp-content\/uploads\/2023\/08\/OptiCool-producten.png 1772w\" sizes=\"(max-width: 550px) 100vw, 550px\" \/>                <\/div>\n    <div class=\"card-body\">\n        <h3 class=\"card-title\">Refroidisseurs d&rsquo;eau<\/h3>\n                    <p class=\"mb-0\">Refroidisseurs d&rsquo;eau pour une eau d\u00e9licieuse, fra\u00eeche et pure.<\/p>\n            <\/div>\n    <div class=\"card-footer\">\n        <span class=\"btn btn-outline-secondary\">\n            <span class=\"btn__text\">Plus d&rsquo;informations<\/span>\n            <svg class=\"icon icon--20 icon--arrow\">\n                <use xlink:href=\"https:\/\/animo.eu\/wp-content\/themes\/animo\/build\/img\/symbols.svg#arrow-right\"><\/use>\n            <\/svg>\n        <\/span>\n    <\/div>\n    <a class=\"stretched-link\" href=\"https:\/\/animo.eu\/fr\/refroidisseurs-deau\/refroidisseurs-deau\/\"><\/a>\n<\/div>\n                        <\/div>\n                                    <\/div>\n                                         <\/div>\n<\/section>\n\n<section  class=\"pane pane--white \">\n    <div class=\"container\">\n        <div class=\"row g-4 g-lg-8 g-xl-15 g-xxl-20 align-items-center flex-lg-row-reverse\">\n                            <div class=\"col-12 col-lg-6\">\n                    <div class=\"pane__text\">\n                        <h2>Refroidisseurs d&rsquo;eau professionnels pour toutes les industries<\/h2>\n<p>Un verre d&rsquo;eau d\u00e9licieux et rafra\u00eechissant offre un agr\u00e9able rafra\u00eechissement \u00e0 l&rsquo;\u00eatre humain. Avec l&rsquo;OptiCool, la boisson d\u00e9salt\u00e9rante la plus c\u00e9l\u00e8bre du monde est toujours \u00e0 port\u00e9e de main. Id\u00e9al pour le bureau, la salle d&rsquo;attente, le centre sportif, la restauration, etc.<\/p>\n                                                \n                    <\/div>\n                <\/div>\n                                <\/div>\n    <\/div>\n<\/section>\n","protected":false},"excerpt":{"rendered":"","protected":false},"author":1,"featured_media":14288,"parent":0,"menu_order":84,"comment_status":"closed","ping_status":"closed","template":"","meta":{"_acf_changed":false,"footnotes":""},"class_list":["post-42604","page","type-page","status-publish","has-post-thumbnail","hentry"],"acf":[],"yoast_head":"<!-- This site is optimized with the Yoast SEO plugin v25.5 - https:\/\/yoast.com\/wordpress\/plugins\/seo\/ -->\n<title>Refroidisseurs d&#039;eau -<\/title>\n<meta name=\"description\" content=\"Refroidisseurs d&#039;eau - Avec l&#039;OptiCool, le d\u00e9salt\u00e9rant le plus c\u00e9l\u00e8bre du monde est toujours \u00e0 port\u00e9e de main. Id\u00e9al pour le bureau, la salle d&#039;attente, le centre sportif, la restauration, etc.\" \/>\n<meta name=\"robots\" content=\"index, follow, max-snippet:-1, max-image-preview:large, max-video-preview:-1\" \/>\n<link rel=\"canonical\" href=\"https:\/\/animo.eu\/fr\/refroidisseurs-deau\/\" \/>\n<meta property=\"og:locale\" content=\"fr_FR\" \/>\n<meta property=\"og:type\" content=\"article\" \/>\n<meta property=\"og:title\" content=\"Refroidisseurs d&#039;eau -\" \/>\n<meta property=\"og:description\" content=\"Refroidisseurs d&#039;eau - Avec l&#039;OptiCool, le d\u00e9salt\u00e9rant le plus c\u00e9l\u00e8bre du monde est toujours \u00e0 port\u00e9e de main. Id\u00e9al pour le bureau, la salle d&#039;attente, le centre sportif, la restauration, etc.\" \/>\n<meta property=\"og:url\" content=\"https:\/\/animo.eu\/fr\/refroidisseurs-deau\/\" \/>\n<meta property=\"article:publisher\" content=\"https:\/\/www.facebook.com\/animobv\/\" \/>\n<meta property=\"article:modified_time\" content=\"2024-01-14T07:16:55+00:00\" \/>\n<meta property=\"og:image\" content=\"https:\/\/animo.eu\/wp-content\/uploads\/2023\/08\/OptiCool-producten.png\" \/>\n\t<meta property=\"og:image:width\" content=\"1772\" \/>\n\t<meta property=\"og:image:height\" content=\"1475\" \/>\n\t<meta property=\"og:image:type\" content=\"image\/png\" \/>\n<meta name=\"twitter:card\" content=\"summary_large_image\" \/>\n<meta name=\"twitter:site\" content=\"@animokoffie\" \/>\n<script type=\"application\/ld+json\" class=\"yoast-schema-graph\">{\"@context\":\"https:\/\/schema.org\",\"@graph\":[{\"@type\":\"WebPage\",\"@id\":\"https:\/\/animo.eu\/fr\/refroidisseurs-deau\/\",\"url\":\"https:\/\/animo.eu\/fr\/refroidisseurs-deau\/\",\"name\":\"Refroidisseurs d'eau -\",\"isPartOf\":{\"@id\":\"https:\/\/animo.eu\/fr\/#website\"},\"primaryImageOfPage\":{\"@id\":\"https:\/\/animo.eu\/fr\/refroidisseurs-deau\/#primaryimage\"},\"image\":{\"@id\":\"https:\/\/animo.eu\/fr\/refroidisseurs-deau\/#primaryimage\"},\"thumbnailUrl\":\"https:\/\/animo.eu\/wp-content\/uploads\/2023\/08\/OptiCool-producten.png\",\"datePublished\":\"2023-03-14T12:12:36+00:00\",\"dateModified\":\"2024-01-14T07:16:55+00:00\",\"description\":\"Refroidisseurs d'eau - Avec l'OptiCool, le d\u00e9salt\u00e9rant le plus c\u00e9l\u00e8bre du monde est toujours \u00e0 port\u00e9e de main. Id\u00e9al pour le bureau, la salle d'attente, le centre sportif, la restauration, etc.\",\"breadcrumb\":{\"@id\":\"https:\/\/animo.eu\/fr\/refroidisseurs-deau\/#breadcrumb\"},\"inLanguage\":\"fr-FR\",\"potentialAction\":[{\"@type\":\"ReadAction\",\"target\":[\"https:\/\/animo.eu\/fr\/refroidisseurs-deau\/\"]}]},{\"@type\":\"ImageObject\",\"inLanguage\":\"fr-FR\",\"@id\":\"https:\/\/animo.eu\/fr\/refroidisseurs-deau\/#primaryimage\",\"url\":\"https:\/\/animo.eu\/wp-content\/uploads\/2023\/08\/OptiCool-producten.png\",\"contentUrl\":\"https:\/\/animo.eu\/wp-content\/uploads\/2023\/08\/OptiCool-producten.png\",\"width\":1772,\"height\":1475},{\"@type\":\"BreadcrumbList\",\"@id\":\"https:\/\/animo.eu\/fr\/refroidisseurs-deau\/#breadcrumb\",\"itemListElement\":[{\"@type\":\"ListItem\",\"position\":1,\"name\":\"Home\",\"item\":\"https:\/\/animo.eu\/fr\/\"},{\"@type\":\"ListItem\",\"position\":2,\"name\":\"Refroidisseurs d&#8217;eau\"}]},{\"@type\":\"WebSite\",\"@id\":\"https:\/\/animo.eu\/fr\/#website\",\"url\":\"https:\/\/animo.eu\/fr\/\",\"name\":\"\",\"description\":\"\",\"potentialAction\":[{\"@type\":\"SearchAction\",\"target\":{\"@type\":\"EntryPoint\",\"urlTemplate\":\"https:\/\/animo.eu\/fr\/?s={search_term_string}\"},\"query-input\":{\"@type\":\"PropertyValueSpecification\",\"valueRequired\":true,\"valueName\":\"search_term_string\"}}],\"inLanguage\":\"fr-FR\"}]}<\/script>\n<!-- \/ Yoast SEO plugin. -->","yoast_head_json":{"title":"Refroidisseurs d'eau -","description":"Refroidisseurs d'eau - Avec l'OptiCool, le d\u00e9salt\u00e9rant le plus c\u00e9l\u00e8bre du monde est toujours \u00e0 port\u00e9e de main. Id\u00e9al pour le bureau, la salle d'attente, le centre sportif, la restauration, etc.","robots":{"index":"index","follow":"follow","max-snippet":"max-snippet:-1","max-image-preview":"max-image-preview:large","max-video-preview":"max-video-preview:-1"},"canonical":"https:\/\/animo.eu\/fr\/refroidisseurs-deau\/","og_locale":"fr_FR","og_type":"article","og_title":"Refroidisseurs d'eau -","og_description":"Refroidisseurs d'eau - Avec l'OptiCool, le d\u00e9salt\u00e9rant le plus c\u00e9l\u00e8bre du monde est toujours \u00e0 port\u00e9e de main. Id\u00e9al pour le bureau, la salle d'attente, le centre sportif, la restauration, etc.","og_url":"https:\/\/animo.eu\/fr\/refroidisseurs-deau\/","article_publisher":"https:\/\/www.facebook.com\/animobv\/","article_modified_time":"2024-01-14T07:16:55+00:00","og_image":[{"width":1772,"height":1475,"url":"https:\/\/animo.eu\/wp-content\/uploads\/2023\/08\/OptiCool-producten.png","type":"image\/png"}],"twitter_card":"summary_large_image","twitter_site":"@animokoffie","schema":{"@context":"https:\/\/schema.org","@graph":[{"@type":"WebPage","@id":"https:\/\/animo.eu\/fr\/refroidisseurs-deau\/","url":"https:\/\/animo.eu\/fr\/refroidisseurs-deau\/","name":"Refroidisseurs d'eau -","isPartOf":{"@id":"https:\/\/animo.eu\/fr\/#website"},"primaryImageOfPage":{"@id":"https:\/\/animo.eu\/fr\/refroidisseurs-deau\/#primaryimage"},"image":{"@id":"https:\/\/animo.eu\/fr\/refroidisseurs-deau\/#primaryimage"},"thumbnailUrl":"https:\/\/animo.eu\/wp-content\/uploads\/2023\/08\/OptiCool-producten.png","datePublished":"2023-03-14T12:12:36+00:00","dateModified":"2024-01-14T07:16:55+00:00","description":"Refroidisseurs d'eau - Avec l'OptiCool, le d\u00e9salt\u00e9rant le plus c\u00e9l\u00e8bre du monde est toujours \u00e0 port\u00e9e de main. Id\u00e9al pour le bureau, la salle d'attente, le centre sportif, la restauration, etc.","breadcrumb":{"@id":"https:\/\/animo.eu\/fr\/refroidisseurs-deau\/#breadcrumb"},"inLanguage":"fr-FR","potentialAction":[{"@type":"ReadAction","target":["https:\/\/animo.eu\/fr\/refroidisseurs-deau\/"]}]},{"@type":"ImageObject","inLanguage":"fr-FR","@id":"https:\/\/animo.eu\/fr\/refroidisseurs-deau\/#primaryimage","url":"https:\/\/animo.eu\/wp-content\/uploads\/2023\/08\/OptiCool-producten.png","contentUrl":"https:\/\/animo.eu\/wp-content\/uploads\/2023\/08\/OptiCool-producten.png","width":1772,"height":1475},{"@type":"BreadcrumbList","@id":"https:\/\/animo.eu\/fr\/refroidisseurs-deau\/#breadcrumb","itemListElement":[{"@type":"ListItem","position":1,"name":"Home","item":"https:\/\/animo.eu\/fr\/"},{"@type":"ListItem","position":2,"name":"Refroidisseurs d&#8217;eau"}]},{"@type":"WebSite","@id":"https:\/\/animo.eu\/fr\/#website","url":"https:\/\/animo.eu\/fr\/","name":"","description":"","potentialAction":[{"@type":"SearchAction","target":{"@type":"EntryPoint","urlTemplate":"https:\/\/animo.eu\/fr\/?s={search_term_string}"},"query-input":{"@type":"PropertyValueSpecification","valueRequired":true,"valueName":"search_term_string"}}],"inLanguage":"fr-FR"}]}},"_links":{"self":[{"href":"https:\/\/animo.eu\/fr\/wp-json\/wp\/v2\/pages\/42604"}],"collection":[{"href":"https:\/\/animo.eu\/fr\/wp-json\/wp\/v2\/pages"}],"about":[{"href":"https:\/\/animo.eu\/fr\/wp-json\/wp\/v2\/types\/page"}],"author":[{"embeddable":true,"href":"https:\/\/animo.eu\/fr\/wp-json\/wp\/v2\/users\/1"}],"replies":[{"embeddable":true,"href":"https:\/\/animo.eu\/fr\/wp-json\/wp\/v2\/comments?post=42604"}],"version-history":[{"count":1,"href":"https:\/\/animo.eu\/fr\/wp-json\/wp\/v2\/pages\/42604\/revisions"}],"predecessor-version":[{"id":42605,"href":"https:\/\/animo.eu\/fr\/wp-json\/wp\/v2\/pages\/42604\/revisions\/42605"}],"wp:featuredmedia":[{"embeddable":true,"href":"https:\/\/animo.eu\/fr\/wp-json\/wp\/v2\/media\/14288"}],"wp:attachment":[{"href":"https:\/\/animo.eu\/fr\/wp-json\/wp\/v2\/media?parent=42604"}],"curies":[{"name":"wp","href":"https:\/\/api.w.org\/{rel}","templated":true}]}}