{"id":43617,"date":"2024-01-03T10:14:14","date_gmt":"2024-01-03T09:14:14","guid":{"rendered":"https:\/\/animo.eu\/?page_id=43617"},"modified":"2024-01-17T12:26:49","modified_gmt":"2024-01-17T11:26:49","slug":"a-propos-danimo","status":"publish","type":"page","link":"https:\/\/animo.eu\/fr\/a-propos-danimo\/","title":{"rendered":"\u00c0 propos d&rsquo;Animo"},"content":{"rendered":"\n<section  class=\"pane pane--white \">\n    <div class=\"container\">\n                    <div class=\"row justify-content-center mb-4\">\n                <div class=\"col-12\">\n                    <div class=\"pane__text\">\n                        <h2>\u00c0 propos d&rsquo;Animo<\/h2>\n                    <\/div>\n                <\/div>\n            <\/div>\n        \n                                \n                            <div class=\"row row--equalized g-4 g-lg-3 g-xl-6\">\n                                            <div class=\"col-12 col-md-6 col-lg-3\">\n                            <div class=\"card card--product\">\n                    <div class=\"card__image\">\n                    <img decoding=\"async\" width=\"550\" height=\"550\" src=\"https:\/\/animo.eu\/wp-content\/uploads\/2024\/01\/Animo-over-ons-1-550x550.jpg\" class=\"image wp-post-image\" alt=\"\" loading=\"lazy\" srcset=\"https:\/\/animo.eu\/wp-content\/uploads\/2024\/01\/Animo-over-ons-1-550x550.jpg 550w, https:\/\/animo.eu\/wp-content\/uploads\/2024\/01\/Animo-over-ons-1-300x300.jpg 300w, https:\/\/animo.eu\/wp-content\/uploads\/2024\/01\/Animo-over-ons-1-1024x1024.jpg 1024w, https:\/\/animo.eu\/wp-content\/uploads\/2024\/01\/Animo-over-ons-1-150x150.jpg 150w, https:\/\/animo.eu\/wp-content\/uploads\/2024\/01\/Animo-over-ons-1-768x768.jpg 768w, https:\/\/animo.eu\/wp-content\/uploads\/2024\/01\/Animo-over-ons-1-1536x1536.jpg 1536w, https:\/\/animo.eu\/wp-content\/uploads\/2024\/01\/Animo-over-ons-1-70x70.jpg 70w, https:\/\/animo.eu\/wp-content\/uploads\/2024\/01\/Animo-over-ons-1-800x800.jpg 800w, https:\/\/animo.eu\/wp-content\/uploads\/2024\/01\/Animo-over-ons-1-100x100.jpg 100w, https:\/\/animo.eu\/wp-content\/uploads\/2024\/01\/Animo-over-ons-1-1400x1400.jpg 1400w, https:\/\/animo.eu\/wp-content\/uploads\/2024\/01\/Animo-over-ons-1-700x700.jpg 700w, https:\/\/animo.eu\/wp-content\/uploads\/2024\/01\/Animo-over-ons-1-350x350.jpg 350w, https:\/\/animo.eu\/wp-content\/uploads\/2024\/01\/Animo-over-ons-1.jpg 1654w\" sizes=\"(max-width: 550px) 100vw, 550px\" \/>                <\/div>\n    <div class=\"card-body\">\n        <h3 class=\"card-title\">Nous sommes Animo<\/h3>\n            <\/div>\n    <div class=\"card-footer\">\n        <span class=\"btn btn-outline-secondary\">\n            <span class=\"btn__text\">Plus d&rsquo;informations<\/span>\n            <svg class=\"icon icon--20 icon--arrow\">\n                <use xlink:href=\"https:\/\/animo.eu\/wp-content\/themes\/animo\/build\/img\/symbols.svg#arrow-right\"><\/use>\n            <\/svg>\n        <\/span>\n    <\/div>\n    <a class=\"stretched-link\" href=\"https:\/\/animo.eu\/fr\/a-propos-danimo\/nous-sommes-animo\/\"><\/a>\n<\/div>\n                        <\/div>\n                                            <div class=\"col-12 col-md-6 col-lg-3\">\n                            <div class=\"card card--product\">\n                    <div class=\"card__image\">\n                    <img decoding=\"async\" width=\"491\" height=\"491\" src=\"https:\/\/animo.eu\/wp-content\/uploads\/2024\/01\/Alle-MVO-images-vierkant.jpg\" class=\"image wp-post-image\" alt=\"\" loading=\"lazy\" srcset=\"https:\/\/animo.eu\/wp-content\/uploads\/2024\/01\/Alle-MVO-images-vierkant.jpg 491w, https:\/\/animo.eu\/wp-content\/uploads\/2024\/01\/Alle-MVO-images-vierkant-300x300.jpg 300w, https:\/\/animo.eu\/wp-content\/uploads\/2024\/01\/Alle-MVO-images-vierkant-150x150.jpg 150w, https:\/\/animo.eu\/wp-content\/uploads\/2024\/01\/Alle-MVO-images-vierkant-70x70.jpg 70w, https:\/\/animo.eu\/wp-content\/uploads\/2024\/01\/Alle-MVO-images-vierkant-100x100.jpg 100w, https:\/\/animo.eu\/wp-content\/uploads\/2024\/01\/Alle-MVO-images-vierkant-350x350.jpg 350w\" sizes=\"(max-width: 491px) 100vw, 491px\" \/>                <\/div>\n    <div class=\"card-body\">\n        <h3 class=\"card-title\">Pourquoi choisir Animo<\/h3>\n            <\/div>\n    <div class=\"card-footer\">\n        <span class=\"btn btn-outline-secondary\">\n            <span class=\"btn__text\">Plus d&rsquo;informations<\/span>\n            <svg class=\"icon icon--20 icon--arrow\">\n                <use xlink:href=\"https:\/\/animo.eu\/wp-content\/themes\/animo\/build\/img\/symbols.svg#arrow-right\"><\/use>\n            <\/svg>\n        <\/span>\n    <\/div>\n    <a class=\"stretched-link\" href=\"https:\/\/animo.eu\/fr\/a-propos-danimo\/pourquoi-choisir-animo\/\"><\/a>\n<\/div>\n                        <\/div>\n                                            <div class=\"col-12 col-md-6 col-lg-3\">\n                            <div class=\"card card--product\">\n                    <div class=\"card__image\">\n                    <img decoding=\"async\" width=\"491\" height=\"491\" src=\"https:\/\/animo.eu\/wp-content\/uploads\/2024\/01\/Alle-MVO-images-vierkant.jpg\" class=\"image wp-post-image\" alt=\"\" loading=\"lazy\" srcset=\"https:\/\/animo.eu\/wp-content\/uploads\/2024\/01\/Alle-MVO-images-vierkant.jpg 491w, https:\/\/animo.eu\/wp-content\/uploads\/2024\/01\/Alle-MVO-images-vierkant-300x300.jpg 300w, https:\/\/animo.eu\/wp-content\/uploads\/2024\/01\/Alle-MVO-images-vierkant-150x150.jpg 150w, https:\/\/animo.eu\/wp-content\/uploads\/2024\/01\/Alle-MVO-images-vierkant-70x70.jpg 70w, https:\/\/animo.eu\/wp-content\/uploads\/2024\/01\/Alle-MVO-images-vierkant-100x100.jpg 100w, https:\/\/animo.eu\/wp-content\/uploads\/2024\/01\/Alle-MVO-images-vierkant-350x350.jpg 350w\" sizes=\"(max-width: 491px) 100vw, 491px\" \/>                <\/div>\n    <div class=\"card-body\">\n        <h3 class=\"card-title\">Avantages pour les distributeurs<\/h3>\n            <\/div>\n    <div class=\"card-footer\">\n        <span class=\"btn btn-outline-secondary\">\n            <span class=\"btn__text\">Plus d&rsquo;informations<\/span>\n            <svg class=\"icon icon--20 icon--arrow\">\n                <use xlink:href=\"https:\/\/animo.eu\/wp-content\/themes\/animo\/build\/img\/symbols.svg#arrow-right\"><\/use>\n            <\/svg>\n        <\/span>\n    <\/div>\n    <a class=\"stretched-link\" href=\"https:\/\/animo.eu\/fr\/a-propos-danimo\/avantages-pour-les-distributeurs\/\"><\/a>\n<\/div>\n                        <\/div>\n                                            <div class=\"col-12 col-md-6 col-lg-3\">\n                            <div class=\"card card--product\">\n                    <div class=\"card__image\">\n                    <img decoding=\"async\" width=\"491\" height=\"491\" src=\"https:\/\/animo.eu\/wp-content\/uploads\/2024\/03\/Misie-en-visie-vierkant.jpg\" class=\"image wp-post-image\" alt=\"\" loading=\"lazy\" srcset=\"https:\/\/animo.eu\/wp-content\/uploads\/2024\/03\/Misie-en-visie-vierkant.jpg 491w, https:\/\/animo.eu\/wp-content\/uploads\/2024\/03\/Misie-en-visie-vierkant-300x300.jpg 300w, https:\/\/animo.eu\/wp-content\/uploads\/2024\/03\/Misie-en-visie-vierkant-150x150.jpg 150w, https:\/\/animo.eu\/wp-content\/uploads\/2024\/03\/Misie-en-visie-vierkant-70x70.jpg 70w, https:\/\/animo.eu\/wp-content\/uploads\/2024\/03\/Misie-en-visie-vierkant-100x100.jpg 100w, https:\/\/animo.eu\/wp-content\/uploads\/2024\/03\/Misie-en-visie-vierkant-350x350.jpg 350w\" sizes=\"(max-width: 491px) 100vw, 491px\" \/>                <\/div>\n    <div class=\"card-body\">\n        <h3 class=\"card-title\">Mission, vision et valeurs fondamentales<\/h3>\n            <\/div>\n    <div class=\"card-footer\">\n        <span class=\"btn btn-outline-secondary\">\n            <span class=\"btn__text\">Plus d&rsquo;informations<\/span>\n            <svg class=\"icon icon--20 icon--arrow\">\n                <use xlink:href=\"https:\/\/animo.eu\/wp-content\/themes\/animo\/build\/img\/symbols.svg#arrow-right\"><\/use>\n            <\/svg>\n        <\/span>\n    <\/div>\n    <a class=\"stretched-link\" href=\"https:\/\/animo.eu\/fr\/a-propos-danimo\/mission-vision-et-valeurs-fondamentales\/\"><\/a>\n<\/div>\n                        <\/div>\n                                            <div class=\"col-12 col-md-6 col-lg-3\">\n                            <div class=\"card card--product\">\n                    <div class=\"card__image\">\n                    <img decoding=\"async\" width=\"550\" height=\"450\" src=\"https:\/\/animo.eu\/wp-content\/uploads\/2024\/01\/Sustainable-globe-550x450.jpg\" class=\"image wp-post-image\" alt=\"\" loading=\"lazy\" srcset=\"https:\/\/animo.eu\/wp-content\/uploads\/2024\/01\/Sustainable-globe-550x450.jpg 550w, https:\/\/animo.eu\/wp-content\/uploads\/2024\/01\/Sustainable-globe-300x246.jpg 300w, https:\/\/animo.eu\/wp-content\/uploads\/2024\/01\/Sustainable-globe-1024x838.jpg 1024w, https:\/\/animo.eu\/wp-content\/uploads\/2024\/01\/Sustainable-globe-768x629.jpg 768w, https:\/\/animo.eu\/wp-content\/uploads\/2024\/01\/Sustainable-globe-1536x1257.jpg 1536w, https:\/\/animo.eu\/wp-content\/uploads\/2024\/01\/Sustainable-globe-2048x1676.jpg 2048w, https:\/\/animo.eu\/wp-content\/uploads\/2024\/01\/Sustainable-globe-70x57.jpg 70w, https:\/\/animo.eu\/wp-content\/uploads\/2024\/01\/Sustainable-globe-800x655.jpg 800w, https:\/\/animo.eu\/wp-content\/uploads\/2024\/01\/Sustainable-globe-122x100.jpg 122w, https:\/\/animo.eu\/wp-content\/uploads\/2024\/01\/Sustainable-globe-150x123.jpg 150w\" sizes=\"(max-width: 550px) 100vw, 550px\" \/>                <\/div>\n    <div class=\"card-body\">\n        <h3 class=\"card-title\">RSE<\/h3>\n            <\/div>\n    <div class=\"card-footer\">\n        <span class=\"btn btn-outline-secondary\">\n            <span class=\"btn__text\">Plus d&rsquo;informations<\/span>\n            <svg class=\"icon icon--20 icon--arrow\">\n                <use xlink:href=\"https:\/\/animo.eu\/wp-content\/themes\/animo\/build\/img\/symbols.svg#arrow-right\"><\/use>\n            <\/svg>\n        <\/span>\n    <\/div>\n    <a class=\"stretched-link\" href=\"https:\/\/animo.eu\/fr\/a-propos-danimo\/rse\/\"><\/a>\n<\/div>\n                        <\/div>\n                                            <div class=\"col-12 col-md-6 col-lg-3\">\n                            <div class=\"card card--product\">\n                    <div class=\"card__image\">\n                    <img decoding=\"async\" width=\"491\" height=\"491\" src=\"https:\/\/animo.eu\/wp-content\/uploads\/2024\/01\/Lease-vierkant.jpg\" class=\"image wp-post-image\" alt=\"\" loading=\"lazy\" srcset=\"https:\/\/animo.eu\/wp-content\/uploads\/2024\/01\/Lease-vierkant.jpg 491w, https:\/\/animo.eu\/wp-content\/uploads\/2024\/01\/Lease-vierkant-300x300.jpg 300w, https:\/\/animo.eu\/wp-content\/uploads\/2024\/01\/Lease-vierkant-150x150.jpg 150w, https:\/\/animo.eu\/wp-content\/uploads\/2024\/01\/Lease-vierkant-70x70.jpg 70w, https:\/\/animo.eu\/wp-content\/uploads\/2024\/01\/Lease-vierkant-100x100.jpg 100w, https:\/\/animo.eu\/wp-content\/uploads\/2024\/01\/Lease-vierkant-350x350.jpg 350w\" sizes=\"(max-width: 491px) 100vw, 491px\" \/>                <\/div>\n    <div class=\"card-body\">\n        <h3 class=\"card-title\">Appels d&rsquo;offres<\/h3>\n            <\/div>\n    <div class=\"card-footer\">\n        <span class=\"btn btn-outline-secondary\">\n            <span class=\"btn__text\">Plus d&rsquo;informations<\/span>\n            <svg class=\"icon icon--20 icon--arrow\">\n                <use xlink:href=\"https:\/\/animo.eu\/wp-content\/themes\/animo\/build\/img\/symbols.svg#arrow-right\"><\/use>\n            <\/svg>\n        <\/span>\n    <\/div>\n    <a class=\"stretched-link\" href=\"https:\/\/animo.eu\/fr\/a-propos-danimo\/appels-doffres\/\"><\/a>\n<\/div>\n                        <\/div>\n                                            <div class=\"col-12 col-md-6 col-lg-3\">\n                            <div class=\"card card--product\">\n                    <div class=\"card__image\">\n                    <img decoding=\"async\" width=\"491\" height=\"491\" src=\"https:\/\/animo.eu\/wp-content\/uploads\/2024\/01\/Adressen.jpg\" class=\"image wp-post-image\" alt=\"\" loading=\"lazy\" srcset=\"https:\/\/animo.eu\/wp-content\/uploads\/2024\/01\/Adressen.jpg 491w, https:\/\/animo.eu\/wp-content\/uploads\/2024\/01\/Adressen-300x300.jpg 300w, https:\/\/animo.eu\/wp-content\/uploads\/2024\/01\/Adressen-150x150.jpg 150w, https:\/\/animo.eu\/wp-content\/uploads\/2024\/01\/Adressen-70x70.jpg 70w, https:\/\/animo.eu\/wp-content\/uploads\/2024\/01\/Adressen-100x100.jpg 100w, https:\/\/animo.eu\/wp-content\/uploads\/2024\/01\/Adressen-350x350.jpg 350w\" sizes=\"(max-width: 491px) 100vw, 491px\" \/>                <\/div>\n    <div class=\"card-body\">\n        <h3 class=\"card-title\">Adresses de vente<\/h3>\n            <\/div>\n    <div class=\"card-footer\">\n        <span class=\"btn btn-outline-secondary\">\n            <span class=\"btn__text\">Plus d&rsquo;informations<\/span>\n            <svg class=\"icon icon--20 icon--arrow\">\n                <use xlink:href=\"https:\/\/animo.eu\/wp-content\/themes\/animo\/build\/img\/symbols.svg#arrow-right\"><\/use>\n            <\/svg>\n        <\/span>\n    <\/div>\n    <a class=\"stretched-link\" href=\"https:\/\/animo.eu\/fr\/a-propos-danimo\/adresses-de-vente\/\"><\/a>\n<\/div>\n                        <\/div>\n                                            <div class=\"col-12 col-md-6 col-lg-3\">\n                            <div class=\"card card--product\">\n                    <div class=\"card__image\">\n                    <img decoding=\"async\" width=\"491\" height=\"491\" src=\"https:\/\/animo.eu\/wp-content\/uploads\/2024\/01\/OBX-twee-kopjes.jpg\" class=\"image wp-post-image\" alt=\"\" loading=\"lazy\" srcset=\"https:\/\/animo.eu\/wp-content\/uploads\/2024\/01\/OBX-twee-kopjes.jpg 491w, https:\/\/animo.eu\/wp-content\/uploads\/2024\/01\/OBX-twee-kopjes-300x300.jpg 300w, https:\/\/animo.eu\/wp-content\/uploads\/2024\/01\/OBX-twee-kopjes-150x150.jpg 150w, https:\/\/animo.eu\/wp-content\/uploads\/2024\/01\/OBX-twee-kopjes-70x70.jpg 70w, https:\/\/animo.eu\/wp-content\/uploads\/2024\/01\/OBX-twee-kopjes-100x100.jpg 100w, https:\/\/animo.eu\/wp-content\/uploads\/2024\/01\/OBX-twee-kopjes-350x350.jpg 350w\" sizes=\"(max-width: 491px) 100vw, 491px\" \/>                <\/div>\n    <div class=\"card-body\">\n        <h3 class=\"card-title\">Placement des essais<\/h3>\n            <\/div>\n    <div class=\"card-footer\">\n        <span class=\"btn btn-outline-secondary\">\n            <span class=\"btn__text\">Plus d&rsquo;informations<\/span>\n            <svg class=\"icon icon--20 icon--arrow\">\n                <use xlink:href=\"https:\/\/animo.eu\/wp-content\/themes\/animo\/build\/img\/symbols.svg#arrow-right\"><\/use>\n            <\/svg>\n        <\/span>\n    <\/div>\n    <a class=\"stretched-link\" href=\"https:\/\/animo.eu\/fr\/a-propos-danimo\/placement-des-essais\/\"><\/a>\n<\/div>\n                        <\/div>\n                                            <div class=\"col-12 col-md-6 col-lg-3\">\n                            <div class=\"card card--product\">\n                    <div class=\"card__image\">\n                        <img loading=\"lazy\" decoding=\"async\" class=\"image\" src=\"https:\/\/animo.eu\/wp-content\/themes\/animo\/build\/img\/product-placeholder.png\" alt=\"\" width=\"124\" height=\"30\" \/>\n            <\/div>\n    <div class=\"card-body\">\n        <h3 class=\"card-title\">Support pour les formulaires de contact<\/h3>\n            <\/div>\n    <div class=\"card-footer\">\n        <span class=\"btn btn-outline-secondary\">\n            <span class=\"btn__text\">Plus d&rsquo;informations<\/span>\n            <svg class=\"icon icon--20 icon--arrow\">\n                <use xlink:href=\"https:\/\/animo.eu\/wp-content\/themes\/animo\/build\/img\/symbols.svg#arrow-right\"><\/use>\n            <\/svg>\n        <\/span>\n    <\/div>\n    <a class=\"stretched-link\" href=\"https:\/\/animo.eu\/fr\/a-propos-danimo\/support-pour-les-formulaires-de-contact\/\"><\/a>\n<\/div>\n                        <\/div>\n                                            <div class=\"col-12 col-md-6 col-lg-3\">\n                            <div class=\"card card--product\">\n                    <div class=\"card__image\">\n                    <img decoding=\"async\" width=\"491\" height=\"491\" src=\"https:\/\/animo.eu\/wp-content\/uploads\/2024\/01\/OptiBean-sfeer.jpg\" class=\"image wp-post-image\" alt=\"\" loading=\"lazy\" srcset=\"https:\/\/animo.eu\/wp-content\/uploads\/2024\/01\/OptiBean-sfeer.jpg 491w, https:\/\/animo.eu\/wp-content\/uploads\/2024\/01\/OptiBean-sfeer-300x300.jpg 300w, https:\/\/animo.eu\/wp-content\/uploads\/2024\/01\/OptiBean-sfeer-150x150.jpg 150w, https:\/\/animo.eu\/wp-content\/uploads\/2024\/01\/OptiBean-sfeer-70x70.jpg 70w, https:\/\/animo.eu\/wp-content\/uploads\/2024\/01\/OptiBean-sfeer-100x100.jpg 100w, https:\/\/animo.eu\/wp-content\/uploads\/2024\/01\/OptiBean-sfeer-350x350.jpg 350w\" sizes=\"(max-width: 491px) 100vw, 491px\" \/>                <\/div>\n    <div class=\"card-body\">\n        <h3 class=\"card-title\">Location de machines \u00e0 caf\u00e9<\/h3>\n            <\/div>\n    <div class=\"card-footer\">\n        <span class=\"btn btn-outline-secondary\">\n            <span class=\"btn__text\">Plus d&rsquo;informations<\/span>\n            <svg class=\"icon icon--20 icon--arrow\">\n                <use xlink:href=\"https:\/\/animo.eu\/wp-content\/themes\/animo\/build\/img\/symbols.svg#arrow-right\"><\/use>\n            <\/svg>\n        <\/span>\n    <\/div>\n    <a class=\"stretched-link\" href=\"https:\/\/animo.eu\/fr\/a-propos-danimo\/location_de_machines_a-_cafe\/\"><\/a>\n<\/div>\n                        <\/div>\n                                    <\/div>\n                                         <\/div>\n<\/section>\n\n<section  class=\"pane pane--white \">\n    <div class=\"container\">\n        <div class=\"row g-4 g-lg-8 g-xl-15 g-xxl-20 align-items-center flex-lg-row-reverse\">\n                            <div class=\"col-12 col-lg-6\">\n                    <div class=\"pane__text\">\n                        <h2>D&rsquo;une tasse de classe \u00e0 une cruche de saveur<\/h2>\n<p>Lorsque les gens se r\u00e9unissent, la premi\u00e8re question est : quelqu&rsquo;un veut-il du caf\u00e9 ? Beaucoup de gens ne s&rsquo;en rendent pas compte, mais une tasse de caf\u00e9 peut faire ou d\u00e9faire une journ\u00e9e. Chez Animo, nous disons toujours qu&rsquo;un caf\u00e9 parfait commence par une machine parfaite. Et nous sommes bien plac\u00e9s pour le savoir, puisque nous fabriquons des \u00e9quipements de caf\u00e9 haut de gamme depuis 1950. Nous utilisons des mat\u00e9riaux de haute qualit\u00e9 et un processus de production propre pour construire des machines \u00e9conomes en \u00e9nergie, aux performances durables et au go\u00fbt excellent. T\u00eate, apr\u00e8s la t\u00eate, apr\u00e8s la t\u00eate.<\/p>\n                                                \n                    <\/div>\n                <\/div>\n                                <\/div>\n    <\/div>\n<\/section>\n","protected":false},"excerpt":{"rendered":"","protected":false},"author":21,"featured_media":43860,"parent":0,"menu_order":51,"comment_status":"closed","ping_status":"closed","template":"","meta":{"_acf_changed":false,"footnotes":""},"class_list":["post-43617","page","type-page","status-publish","has-post-thumbnail","hentry"],"acf":[],"yoast_head":"<!-- This site is optimized with the Yoast SEO plugin v25.5 - https:\/\/yoast.com\/wordpress\/plugins\/seo\/ -->\n<title>\u00c0 propos d&#039;Animo -<\/title>\n<meta name=\"description\" content=\"\u00c0 propos d&#039;Animo - Nous fabriquons des syst\u00e8mes et des machines \u00e0 caf\u00e9 de haute qualit\u00e9 pour les personnes qui veulent servir du bon caf\u00e9.\" \/>\n<meta name=\"robots\" content=\"index, follow, max-snippet:-1, max-image-preview:large, max-video-preview:-1\" \/>\n<link rel=\"canonical\" href=\"https:\/\/animo.eu\/fr\/a-propos-danimo\/\" \/>\n<meta property=\"og:locale\" content=\"fr_FR\" \/>\n<meta property=\"og:type\" content=\"article\" \/>\n<meta property=\"og:title\" content=\"\u00c0 propos d&#039;Animo -\" \/>\n<meta property=\"og:description\" content=\"\u00c0 propos d&#039;Animo - Nous fabriquons des syst\u00e8mes et des machines \u00e0 caf\u00e9 de haute qualit\u00e9 pour les personnes qui veulent servir du bon caf\u00e9.\" \/>\n<meta property=\"og:url\" content=\"https:\/\/animo.eu\/fr\/a-propos-danimo\/\" \/>\n<meta property=\"article:publisher\" content=\"https:\/\/www.facebook.com\/animobv\/\" \/>\n<meta property=\"article:modified_time\" content=\"2024-01-17T11:26:49+00:00\" \/>\n<meta property=\"og:image\" content=\"https:\/\/animo.eu\/wp-content\/uploads\/2024\/01\/Animo-over-ons.jpg\" \/>\n\t<meta property=\"og:image:width\" content=\"1654\" \/>\n\t<meta property=\"og:image:height\" content=\"1654\" \/>\n\t<meta property=\"og:image:type\" content=\"image\/jpeg\" \/>\n<meta name=\"twitter:card\" content=\"summary_large_image\" \/>\n<meta name=\"twitter:site\" content=\"@animokoffie\" \/>\n<meta name=\"twitter:label1\" content=\"Dur\u00e9e de lecture estim\u00e9e\" \/>\n\t<meta name=\"twitter:data1\" content=\"1 minute\" \/>\n<script type=\"application\/ld+json\" class=\"yoast-schema-graph\">{\"@context\":\"https:\/\/schema.org\",\"@graph\":[{\"@type\":\"WebPage\",\"@id\":\"https:\/\/animo.eu\/fr\/a-propos-danimo\/\",\"url\":\"https:\/\/animo.eu\/fr\/a-propos-danimo\/\",\"name\":\"\u00c0 propos d'Animo -\",\"isPartOf\":{\"@id\":\"https:\/\/animo.eu\/fr\/#website\"},\"primaryImageOfPage\":{\"@id\":\"https:\/\/animo.eu\/fr\/a-propos-danimo\/#primaryimage\"},\"image\":{\"@id\":\"https:\/\/animo.eu\/fr\/a-propos-danimo\/#primaryimage\"},\"thumbnailUrl\":\"https:\/\/animo.eu\/wp-content\/uploads\/2024\/01\/Animo-over-ons.jpg\",\"datePublished\":\"2024-01-03T09:14:14+00:00\",\"dateModified\":\"2024-01-17T11:26:49+00:00\",\"description\":\"\u00c0 propos d'Animo - Nous fabriquons des syst\u00e8mes et des machines \u00e0 caf\u00e9 de haute qualit\u00e9 pour les personnes qui veulent servir du bon caf\u00e9.\",\"breadcrumb\":{\"@id\":\"https:\/\/animo.eu\/fr\/a-propos-danimo\/#breadcrumb\"},\"inLanguage\":\"fr-FR\",\"potentialAction\":[{\"@type\":\"ReadAction\",\"target\":[\"https:\/\/animo.eu\/fr\/a-propos-danimo\/\"]}]},{\"@type\":\"ImageObject\",\"inLanguage\":\"fr-FR\",\"@id\":\"https:\/\/animo.eu\/fr\/a-propos-danimo\/#primaryimage\",\"url\":\"https:\/\/animo.eu\/wp-content\/uploads\/2024\/01\/Animo-over-ons.jpg\",\"contentUrl\":\"https:\/\/animo.eu\/wp-content\/uploads\/2024\/01\/Animo-over-ons.jpg\",\"width\":1654,\"height\":1654},{\"@type\":\"BreadcrumbList\",\"@id\":\"https:\/\/animo.eu\/fr\/a-propos-danimo\/#breadcrumb\",\"itemListElement\":[{\"@type\":\"ListItem\",\"position\":1,\"name\":\"Home\",\"item\":\"https:\/\/animo.eu\/fr\/\"},{\"@type\":\"ListItem\",\"position\":2,\"name\":\"\u00c0 propos d&#8217;Animo\"}]},{\"@type\":\"WebSite\",\"@id\":\"https:\/\/animo.eu\/fr\/#website\",\"url\":\"https:\/\/animo.eu\/fr\/\",\"name\":\"\",\"description\":\"\",\"potentialAction\":[{\"@type\":\"SearchAction\",\"target\":{\"@type\":\"EntryPoint\",\"urlTemplate\":\"https:\/\/animo.eu\/fr\/?s={search_term_string}\"},\"query-input\":{\"@type\":\"PropertyValueSpecification\",\"valueRequired\":true,\"valueName\":\"search_term_string\"}}],\"inLanguage\":\"fr-FR\"}]}<\/script>\n<!-- \/ Yoast SEO plugin. -->","yoast_head_json":{"title":"\u00c0 propos d'Animo -","description":"\u00c0 propos d'Animo - Nous fabriquons des syst\u00e8mes et des machines \u00e0 caf\u00e9 de haute qualit\u00e9 pour les personnes qui veulent servir du bon caf\u00e9.","robots":{"index":"index","follow":"follow","max-snippet":"max-snippet:-1","max-image-preview":"max-image-preview:large","max-video-preview":"max-video-preview:-1"},"canonical":"https:\/\/animo.eu\/fr\/a-propos-danimo\/","og_locale":"fr_FR","og_type":"article","og_title":"\u00c0 propos d'Animo -","og_description":"\u00c0 propos d'Animo - Nous fabriquons des syst\u00e8mes et des machines \u00e0 caf\u00e9 de haute qualit\u00e9 pour les personnes qui veulent servir du bon caf\u00e9.","og_url":"https:\/\/animo.eu\/fr\/a-propos-danimo\/","article_publisher":"https:\/\/www.facebook.com\/animobv\/","article_modified_time":"2024-01-17T11:26:49+00:00","og_image":[{"width":1654,"height":1654,"url":"https:\/\/animo.eu\/wp-content\/uploads\/2024\/01\/Animo-over-ons.jpg","type":"image\/jpeg"}],"twitter_card":"summary_large_image","twitter_site":"@animokoffie","twitter_misc":{"Dur\u00e9e de lecture estim\u00e9e":"1 minute"},"schema":{"@context":"https:\/\/schema.org","@graph":[{"@type":"WebPage","@id":"https:\/\/animo.eu\/fr\/a-propos-danimo\/","url":"https:\/\/animo.eu\/fr\/a-propos-danimo\/","name":"\u00c0 propos d'Animo -","isPartOf":{"@id":"https:\/\/animo.eu\/fr\/#website"},"primaryImageOfPage":{"@id":"https:\/\/animo.eu\/fr\/a-propos-danimo\/#primaryimage"},"image":{"@id":"https:\/\/animo.eu\/fr\/a-propos-danimo\/#primaryimage"},"thumbnailUrl":"https:\/\/animo.eu\/wp-content\/uploads\/2024\/01\/Animo-over-ons.jpg","datePublished":"2024-01-03T09:14:14+00:00","dateModified":"2024-01-17T11:26:49+00:00","description":"\u00c0 propos d'Animo - Nous fabriquons des syst\u00e8mes et des machines \u00e0 caf\u00e9 de haute qualit\u00e9 pour les personnes qui veulent servir du bon caf\u00e9.","breadcrumb":{"@id":"https:\/\/animo.eu\/fr\/a-propos-danimo\/#breadcrumb"},"inLanguage":"fr-FR","potentialAction":[{"@type":"ReadAction","target":["https:\/\/animo.eu\/fr\/a-propos-danimo\/"]}]},{"@type":"ImageObject","inLanguage":"fr-FR","@id":"https:\/\/animo.eu\/fr\/a-propos-danimo\/#primaryimage","url":"https:\/\/animo.eu\/wp-content\/uploads\/2024\/01\/Animo-over-ons.jpg","contentUrl":"https:\/\/animo.eu\/wp-content\/uploads\/2024\/01\/Animo-over-ons.jpg","width":1654,"height":1654},{"@type":"BreadcrumbList","@id":"https:\/\/animo.eu\/fr\/a-propos-danimo\/#breadcrumb","itemListElement":[{"@type":"ListItem","position":1,"name":"Home","item":"https:\/\/animo.eu\/fr\/"},{"@type":"ListItem","position":2,"name":"\u00c0 propos d&#8217;Animo"}]},{"@type":"WebSite","@id":"https:\/\/animo.eu\/fr\/#website","url":"https:\/\/animo.eu\/fr\/","name":"","description":"","potentialAction":[{"@type":"SearchAction","target":{"@type":"EntryPoint","urlTemplate":"https:\/\/animo.eu\/fr\/?s={search_term_string}"},"query-input":{"@type":"PropertyValueSpecification","valueRequired":true,"valueName":"search_term_string"}}],"inLanguage":"fr-FR"}]}},"_links":{"self":[{"href":"https:\/\/animo.eu\/fr\/wp-json\/wp\/v2\/pages\/43617"}],"collection":[{"href":"https:\/\/animo.eu\/fr\/wp-json\/wp\/v2\/pages"}],"about":[{"href":"https:\/\/animo.eu\/fr\/wp-json\/wp\/v2\/types\/page"}],"author":[{"embeddable":true,"href":"https:\/\/animo.eu\/fr\/wp-json\/wp\/v2\/users\/21"}],"replies":[{"embeddable":true,"href":"https:\/\/animo.eu\/fr\/wp-json\/wp\/v2\/comments?post=43617"}],"version-history":[{"count":5,"href":"https:\/\/animo.eu\/fr\/wp-json\/wp\/v2\/pages\/43617\/revisions"}],"predecessor-version":[{"id":44822,"href":"https:\/\/animo.eu\/fr\/wp-json\/wp\/v2\/pages\/43617\/revisions\/44822"}],"wp:featuredmedia":[{"embeddable":true,"href":"https:\/\/animo.eu\/fr\/wp-json\/wp\/v2\/media\/43860"}],"wp:attachment":[{"href":"https:\/\/animo.eu\/fr\/wp-json\/wp\/v2\/media?parent=43617"}],"curies":[{"name":"wp","href":"https:\/\/api.w.org\/{rel}","templated":true}]}}