{"id":43654,"date":"2024-01-03T10:28:51","date_gmt":"2024-01-03T09:28:51","guid":{"rendered":"https:\/\/animo.eu\/?page_id=43654"},"modified":"2024-10-28T09:08:38","modified_gmt":"2024-10-28T08:08:38","slug":"rse","status":"publish","type":"page","link":"https:\/\/animo.eu\/fr\/a-propos-danimo\/rse\/","title":{"rendered":"RSE"},"content":{"rendered":"\n<section class=\"hero\">\n    <div class=\"hero__background\">\n                                    <img fetchpriority=\"high\" decoding=\"async\" width=\"750\" height=\"450\" src=\"https:\/\/animo.eu\/wp-content\/uploads\/2024\/01\/Images_hand-milieu.jpg\" class=\"hero__image img-fluid\" alt=\"\" loading=\"eager\" srcset=\"https:\/\/animo.eu\/wp-content\/uploads\/2024\/01\/Images_hand-milieu.jpg 750w, https:\/\/animo.eu\/wp-content\/uploads\/2024\/01\/Images_hand-milieu-300x180.jpg 300w, https:\/\/animo.eu\/wp-content\/uploads\/2024\/01\/Images_hand-milieu-70x42.jpg 70w, https:\/\/animo.eu\/wp-content\/uploads\/2024\/01\/Images_hand-milieu-550x330.jpg 550w, https:\/\/animo.eu\/wp-content\/uploads\/2024\/01\/Images_hand-milieu-167x100.jpg 167w, https:\/\/animo.eu\/wp-content\/uploads\/2024\/01\/Images_hand-milieu-150x90.jpg 150w\" sizes=\"(max-width: 750px) 100vw, 750px\" \/>                                <\/div>    \n            <div class=\"hero__content\">\n            <div class=\"container\">\n                <div class=\"row\">                    <div class=\"col-12 col-lg-9 col-xl-8\">                        <div class=\"hero__text \">\n                            <h1>Un choix durable et responsable<\/h1>\n                        <\/div>\n                                                \n                    <\/div>\n                <\/div>\n            <\/div>\n        <\/div>\n        <div class=\"hero__scroll\">\n        <span>Parchemin<\/span>\n        <svg class=\"icon icon--20 text-secondary\">\n            <use xlink:href=\"https:\/\/animo.eu\/wp-content\/themes\/animo\/build\/img\/symbols.svg#arrow-down\"><\/use>\n        <\/svg>      \n    <\/div>\n<\/section>\n\n\n\n<section class=\"pane pane--white pane--anchors\">\n    <ul class=\"list justify-content-center d-none d-lg-flex\">\n                                    <li class=\"list__item mx-6 mx-xl-8 mx-xxl-10\">\n                    <a class=\"text-decoration-none text-secondary\" href=\"#l'esprit d'entreprise durable\">Entreprises durables<\/a>\n                <\/li>\n                            <li class=\"list__item mx-6 mx-xl-8 mx-xxl-10\">\n                    <a class=\"text-decoration-none text-secondary\" href=\"#se pr\u00e9occuper de l'avenir\">Prendre soin de l&rsquo;avenir<\/a>\n                <\/li>\n                            <li class=\"list__item mx-6 mx-xl-8 mx-xxl-10\">\n                    <a class=\"text-decoration-none text-secondary\" href=\"#Maladie d'Alzheimer Pays-Bas\">Maladie d&rsquo;Alzheimer Pays-Bas<\/a>\n                <\/li>\n                            <li class=\"list__item mx-6 mx-xl-8 mx-xxl-10\">\n                    <a class=\"text-decoration-none text-secondary\" href=\"#Fonds Ronald McDonald pour l'enfance\">Fonds Ronald McDonald pour l&rsquo;enfance<\/a>\n                <\/li>\n                            <li class=\"list__item mx-6 mx-xl-8 mx-xxl-10\">\n                    <a class=\"text-decoration-none text-secondary\" href=\"#parrainage\">Parrainage<\/a>\n                <\/li>\n                        <\/ul>\n<\/section>\n\n\n\n<section  class=\"pane pane--white \">\n    <div class=\"container\">\n        <div class=\"row g-4 g-lg-8 g-xl-15 justify-content-center\">\n                                                <div class=\"col-12 col-lg-8\">\n                        <div class=\"pane__text\">\n                            <h2>Depuis sa cr\u00e9ation, Animo travaille avec de l&rsquo;acier inoxydable de haute qualit\u00e9, non seulement indestructible, mais aussi une mati\u00e8re premi\u00e8re recyclable \u00e0 100 %.<\/h2>\n                                                    <\/div>\n                    <\/div>\n                                    <\/div>\n    <\/div>\n<\/section>\n\n\n\n<section id=\"l'esprit d'entreprise durable\" class=\"pane pane--tertiary anchor\">\n    <div class=\"container\">\n        <div class=\"row g-4 g-lg-8 g-xl-15 g-xxl-20 align-items-center \">\n                            <div class=\"col-12 col-lg-6\">\n                    <div class=\"pane__text\">\n                        <h2 class=\"paragraph-title\">Entreprises durables<\/h2>\n<p>Animo est conscient de l&rsquo;importance g\u00e9n\u00e9rale d&rsquo;une activit\u00e9 durable et souhaite contribuer \u00e0 promouvoir la RSE dans la cha\u00eene de valeur. La recherche de profits durables et la continuit\u00e9 sont d&rsquo;une importance capitale, tout comme la responsabilit\u00e9 \u00e0 l&rsquo;\u00e9gard de l&rsquo;environnement, de la soci\u00e9t\u00e9 et des employ\u00e9s.<\/p>\n                                                \n                    <\/div>\n                <\/div>\n                                        <div class=\"col-12 col-lg\">\n                    <figure class=\"figure \">\n                        <img decoding=\"async\" width=\"491\" height=\"491\" src=\"https:\/\/animo.eu\/wp-content\/uploads\/2024\/10\/animo-set01-0192.jpg\" class=\"img-fluid\" alt=\"\" loading=\"lazy\" srcset=\"https:\/\/animo.eu\/wp-content\/uploads\/2024\/10\/animo-set01-0192.jpg 491w, https:\/\/animo.eu\/wp-content\/uploads\/2024\/10\/animo-set01-0192-300x300.jpg 300w, https:\/\/animo.eu\/wp-content\/uploads\/2024\/10\/animo-set01-0192-150x150.jpg 150w, https:\/\/animo.eu\/wp-content\/uploads\/2024\/10\/animo-set01-0192-70x70.jpg 70w, https:\/\/animo.eu\/wp-content\/uploads\/2024\/10\/animo-set01-0192-100x100.jpg 100w, https:\/\/animo.eu\/wp-content\/uploads\/2024\/10\/animo-set01-0192-350x350.jpg 350w\" sizes=\"(max-width: 491px) 100vw, 491px\" \/>                    <\/figure>\n                <\/div>\n                    <\/div>\n    <\/div>\n<\/section>\n\n\n\n<section id=\"se pr\u00e9occuper de l'avenir\" class=\"pane pane--white anchor\">\n    <div class=\"container\">\n        <div class=\"row g-4 g-lg-8 g-xl-15 g-xxl-20 align-items-center flex-lg-row-reverse\">\n                            <div class=\"col-12 col-lg-6\">\n                    <div class=\"pane__text\">\n                        <h2 class=\"paragraph-title\">Faire des affaires en se souciant de l&rsquo;avenir<\/h2>\n<p>Animo est une entreprise socialement engag\u00e9e. En r\u00e9fl\u00e9chissant consciemment \u00e0 la mani\u00e8re dont nous exer\u00e7ons nos activit\u00e9s et aux cons\u00e9quences de nos actions, et en axant nos activit\u00e9s sur cet aspect, nous contribuons, en tant qu&rsquo;Animo, \u00e0 un monde dans lequel les g\u00e9n\u00e9rations qui nous suivent ont \u00e9galement un avenir.<\/p>\n                                                \n                    <\/div>\n                <\/div>\n                                        <div class=\"col-12 col-lg\">\n                    <figure class=\"figure image_reversed\">\n                        <img decoding=\"async\" width=\"1024\" height=\"838\" src=\"https:\/\/animo.eu\/wp-content\/uploads\/2024\/01\/Sustainable-globe-1024x838.jpg\" class=\"img-fluid\" alt=\"\" loading=\"lazy\" srcset=\"https:\/\/animo.eu\/wp-content\/uploads\/2024\/01\/Sustainable-globe-1024x838.jpg 1024w, https:\/\/animo.eu\/wp-content\/uploads\/2024\/01\/Sustainable-globe-300x246.jpg 300w, https:\/\/animo.eu\/wp-content\/uploads\/2024\/01\/Sustainable-globe-768x629.jpg 768w, https:\/\/animo.eu\/wp-content\/uploads\/2024\/01\/Sustainable-globe-1536x1257.jpg 1536w, https:\/\/animo.eu\/wp-content\/uploads\/2024\/01\/Sustainable-globe-2048x1676.jpg 2048w, https:\/\/animo.eu\/wp-content\/uploads\/2024\/01\/Sustainable-globe-70x57.jpg 70w, https:\/\/animo.eu\/wp-content\/uploads\/2024\/01\/Sustainable-globe-550x450.jpg 550w, https:\/\/animo.eu\/wp-content\/uploads\/2024\/01\/Sustainable-globe-800x655.jpg 800w, https:\/\/animo.eu\/wp-content\/uploads\/2024\/01\/Sustainable-globe-122x100.jpg 122w, https:\/\/animo.eu\/wp-content\/uploads\/2024\/01\/Sustainable-globe-150x123.jpg 150w\" sizes=\"(max-width: 1024px) 100vw, 1024px\" \/>                    <\/figure>\n                <\/div>\n                    <\/div>\n    <\/div>\n<\/section>\n\n\n\n<section id=\"Maladie d'Alzheimer Pays-Bas\" class=\"pane pane--tertiary anchor\">\n    <div class=\"container\">\n        <div class=\"row g-4 g-lg-8 g-xl-15 g-xxl-20 align-items-center \">\n                            <div class=\"col-12 col-lg-6\">\n                    <div class=\"pane__text\">\n                        <h2 class=\"paragraph-title\">Animo en action pour Alzheimer Pays-Bas<\/h2>\n<p>La forte croissance de la d\u00e9mence a un impact majeur sur le vieillissement en bonne sant\u00e9 et donc sur la r\u00e9alisation d&rsquo;un avenir digne de ce nom. Animo souhaite contribuer \u00e0 la r\u00e9alisation du r\u00eave d&rsquo;Alzheimer Netherlands de pr\u00e9venir ou de gu\u00e9rir la d\u00e9mence. Cela n\u00e9cessite de nombreuses recherches. Pour ce faire, Animo soutient Alzheimer Pays-Bas.<\/p>\n                                                \n                    <\/div>\n                <\/div>\n                                        <div class=\"col-12 col-lg\">\n                    <figure class=\"figure \">\n                        <img decoding=\"async\" width=\"491\" height=\"491\" src=\"https:\/\/animo.eu\/wp-content\/uploads\/2024\/01\/Ouderen-2.jpg\" class=\"img-fluid\" alt=\"\" loading=\"lazy\" srcset=\"https:\/\/animo.eu\/wp-content\/uploads\/2024\/01\/Ouderen-2.jpg 491w, https:\/\/animo.eu\/wp-content\/uploads\/2024\/01\/Ouderen-2-300x300.jpg 300w, https:\/\/animo.eu\/wp-content\/uploads\/2024\/01\/Ouderen-2-150x150.jpg 150w, https:\/\/animo.eu\/wp-content\/uploads\/2024\/01\/Ouderen-2-70x70.jpg 70w, https:\/\/animo.eu\/wp-content\/uploads\/2024\/01\/Ouderen-2-100x100.jpg 100w, https:\/\/animo.eu\/wp-content\/uploads\/2024\/01\/Ouderen-2-350x350.jpg 350w\" sizes=\"(max-width: 491px) 100vw, 491px\" \/>                    <\/figure>\n                <\/div>\n                    <\/div>\n    <\/div>\n<\/section>\n\n\n\n<section id=\"Fonds Ronald McDonald pour l'enfance\" class=\"pane pane--white anchor\">\n    <div class=\"container\">\n        <div class=\"row g-4 g-lg-8 g-xl-15 g-xxl-20 align-items-center flex-lg-row-reverse\">\n                            <div class=\"col-12 col-lg-6\">\n                    <div class=\"pane__text\">\n                        <h2 class=\"paragraph-title\">500 000 bakkies de r\u00e9confort au Fonds Ronald McDonald pour l&rsquo;enfance<\/h2>\n<p>Chaque ann\u00e9e, plus de 500 000 tasses de r\u00e9confort sont bues dans les maisons Ronald McDonald. Le caf\u00e9 est important pour de nombreux N\u00e9erlandais, surtout lorsqu&rsquo;ils se trouvent dans une situation stressante. Il est important de pouvoir boire une bonne tasse de caf\u00e9 \u00e0 tout moment. Animo sponsorise le Ronald McDonald Children&rsquo;s Fund avec des machines \u00e0 caf\u00e9 Animo.<\/p>\n<p><strong>Garder les familles proches<\/strong><br \/>\nLe Fonds Ronald McDonald pour l&rsquo;enfance veille \u00e0 ce que les enfants malades et leurs familles soient proches les uns des autres. Dans 12 Maisons Ronald McDonald, les parents et les fr\u00e8res et s\u0153urs restent \u00e0 distance de marche de l&rsquo;h\u00f4pital, dans 12 Chambres Ronald McDonald, les familles peuvent se d\u00e9tendre dans une atmosph\u00e8re familiale et dans 3 maisons de vacances (adapt\u00e9es), les familles avec un enfant n\u00e9cessitant des soins intensifs peuvent reprendre leur souffle pendant des vacances bien m\u00e9rit\u00e9es. Le Ronald McDonald Children&rsquo;s Fund ne re\u00e7oit aucune subvention et fonctionne gr\u00e2ce \u00e0 des b\u00e9n\u00e9voles, des sponsors et des dons. #keepingfamiliesclose<\/p>\n                                                \n                    <\/div>\n                <\/div>\n                                        <div class=\"col-12 col-lg\">\n                    <figure class=\"figure image_reversed\">\n                        <img decoding=\"async\" width=\"775\" height=\"450\" src=\"https:\/\/animo.eu\/wp-content\/uploads\/2024\/01\/Images_RMKF.jpg\" class=\"img-fluid\" alt=\"\" loading=\"lazy\" srcset=\"https:\/\/animo.eu\/wp-content\/uploads\/2024\/01\/Images_RMKF.jpg 775w, https:\/\/animo.eu\/wp-content\/uploads\/2024\/01\/Images_RMKF-300x174.jpg 300w, https:\/\/animo.eu\/wp-content\/uploads\/2024\/01\/Images_RMKF-768x446.jpg 768w, https:\/\/animo.eu\/wp-content\/uploads\/2024\/01\/Images_RMKF-70x41.jpg 70w, https:\/\/animo.eu\/wp-content\/uploads\/2024\/01\/Images_RMKF-550x319.jpg 550w, https:\/\/animo.eu\/wp-content\/uploads\/2024\/01\/Images_RMKF-172x100.jpg 172w, https:\/\/animo.eu\/wp-content\/uploads\/2024\/01\/Images_RMKF-150x87.jpg 150w\" sizes=\"(max-width: 775px) 100vw, 775px\" \/>                    <\/figure>\n                <\/div>\n                    <\/div>\n    <\/div>\n<\/section>\n\n\n\n<section id=\"parrainage\" class=\"pane pane--tertiary anchor\">\n    <div class=\"container\">\n        <div class=\"row g-4 g-lg-8 g-xl-15 g-xxl-20 align-items-center \">\n                            <div class=\"col-12 col-lg-6\">\n                    <div class=\"pane__text\">\n                        <h2 class=\"paragraph-title\">Le parrainage d&rsquo;Animo souligne l&rsquo;importance d&rsquo;un mode de vie sain<\/h2>\n<p><strong>En forme et vitalit\u00e9<\/strong><br \/>\nAnimo estime que la forme physique des coll\u00e8gues a des r\u00e9percussions sur toutes les parties de l&rsquo;organisation. Chez Animo, une \u00e9quipe travaille sous le nom de \u00ab\u00a0Fit &amp; Vital\u00a0\u00bb pour encourager les employ\u00e9s \u00e0 faire de l&rsquo;exercice. Par exemple, nous courons avec une \u00e9quipe Animo lors d&rsquo;\u00e9preuves de course \u00e0 pied et nous participons \u00e0 des randonn\u00e9es cyclistes \u00e0 but caritatif.<\/p>\n<p><strong>Animo Collegerun<\/strong><br \/>\nPour motiver les jeunes \u00e0 faire du sport, Animo sponsorise la comp\u00e9tition de course \u00e0 pied pour les \u00e9coliers, l&rsquo;Animo Collegerun. En outre, Animo est un sponsor du TT Cityrun, une course \u00e0 pied directement li\u00e9e \u00e0 la c\u00e9l\u00e8bre \u00e9preuve n\u00e9erlandaise TT MotoGP \u00e0 Assen.<\/p>\n<p><strong>Parrainage local<\/strong><br \/>\nChez Animo, nous pensons qu&rsquo;il est important d&rsquo;apporter notre pierre \u00e0 l&rsquo;\u00e9difice. Outre le bon caf\u00e9, la vitalit\u00e9 est tr\u00e8s importante chez Animo, c&rsquo;est pourquoi nous sponsorisons les clubs sportifs locaux afin d&rsquo;encourager le sport et un mode de vie sain. Outre les clubs sportifs, Animo s&rsquo;engage \u00e9galement dans des \u0153uvres caritatives.<\/p>\n                                                \n                    <\/div>\n                <\/div>\n                                        <div class=\"col-12 col-lg\">\n                    <figure class=\"figure \">\n                        <img decoding=\"async\" width=\"491\" height=\"491\" src=\"https:\/\/animo.eu\/wp-content\/uploads\/2024\/01\/animo-TTrun-header1.jpg\" class=\"img-fluid\" alt=\"\" loading=\"lazy\" srcset=\"https:\/\/animo.eu\/wp-content\/uploads\/2024\/01\/animo-TTrun-header1.jpg 491w, https:\/\/animo.eu\/wp-content\/uploads\/2024\/01\/animo-TTrun-header1-300x300.jpg 300w, https:\/\/animo.eu\/wp-content\/uploads\/2024\/01\/animo-TTrun-header1-150x150.jpg 150w, https:\/\/animo.eu\/wp-content\/uploads\/2024\/01\/animo-TTrun-header1-70x70.jpg 70w, https:\/\/animo.eu\/wp-content\/uploads\/2024\/01\/animo-TTrun-header1-100x100.jpg 100w, https:\/\/animo.eu\/wp-content\/uploads\/2024\/01\/animo-TTrun-header1-350x350.jpg 350w\" sizes=\"(max-width: 491px) 100vw, 491px\" \/>                    <\/figure>\n                <\/div>\n                    <\/div>\n    <\/div>\n<\/section>\n","protected":false},"excerpt":{"rendered":"","protected":false},"author":21,"featured_media":43778,"parent":43617,"menu_order":28,"comment_status":"closed","ping_status":"closed","template":"","meta":{"_acf_changed":false,"footnotes":""},"class_list":["post-43654","page","type-page","status-publish","has-post-thumbnail","hentry"],"acf":[],"yoast_head":"<!-- This site is optimized with the Yoast SEO plugin v25.5 - https:\/\/yoast.com\/wordpress\/plugins\/seo\/ -->\n<title>RSE -<\/title>\n<meta name=\"description\" content=\"RSE - Animo est conscient de l&#039;importance g\u00e9n\u00e9rale de l&#039;entreprise durable et souhaite contribuer \u00e0 promouvoir la RSE dans la cha\u00eene de valeur.\" \/>\n<meta name=\"robots\" content=\"index, follow, max-snippet:-1, max-image-preview:large, max-video-preview:-1\" \/>\n<link rel=\"canonical\" href=\"https:\/\/animo.eu\/fr\/a-propos-danimo\/rse\/\" \/>\n<meta property=\"og:locale\" content=\"fr_FR\" \/>\n<meta property=\"og:type\" content=\"article\" \/>\n<meta property=\"og:title\" content=\"RSE -\" \/>\n<meta property=\"og:description\" content=\"RSE - Animo est conscient de l&#039;importance g\u00e9n\u00e9rale de l&#039;entreprise durable et souhaite contribuer \u00e0 promouvoir la RSE dans la cha\u00eene de valeur.\" \/>\n<meta property=\"og:url\" content=\"https:\/\/animo.eu\/fr\/a-propos-danimo\/rse\/\" \/>\n<meta property=\"article:publisher\" content=\"https:\/\/www.facebook.com\/animobv\/\" \/>\n<meta property=\"article:modified_time\" content=\"2024-10-28T08:08:38+00:00\" \/>\n<meta property=\"og:image\" content=\"https:\/\/animo.eu\/wp-content\/uploads\/2024\/01\/Sustainable-globe.jpg\" \/>\n\t<meta property=\"og:image:width\" content=\"2560\" \/>\n\t<meta property=\"og:image:height\" content=\"2096\" \/>\n\t<meta property=\"og:image:type\" content=\"image\/jpeg\" \/>\n<meta name=\"twitter:card\" content=\"summary_large_image\" \/>\n<meta name=\"twitter:site\" content=\"@animokoffie\" \/>\n<meta name=\"twitter:label1\" content=\"Dur\u00e9e de lecture estim\u00e9e\" \/>\n\t<meta name=\"twitter:data1\" content=\"1 minute\" \/>\n<script type=\"application\/ld+json\" class=\"yoast-schema-graph\">{\"@context\":\"https:\/\/schema.org\",\"@graph\":[{\"@type\":\"WebPage\",\"@id\":\"https:\/\/animo.eu\/fr\/a-propos-danimo\/rse\/\",\"url\":\"https:\/\/animo.eu\/fr\/a-propos-danimo\/rse\/\",\"name\":\"RSE -\",\"isPartOf\":{\"@id\":\"https:\/\/animo.eu\/fr\/#website\"},\"primaryImageOfPage\":{\"@id\":\"https:\/\/animo.eu\/fr\/a-propos-danimo\/rse\/#primaryimage\"},\"image\":{\"@id\":\"https:\/\/animo.eu\/fr\/a-propos-danimo\/rse\/#primaryimage\"},\"thumbnailUrl\":\"https:\/\/animo.eu\/wp-content\/uploads\/2024\/01\/Sustainable-globe.jpg\",\"datePublished\":\"2024-01-03T09:28:51+00:00\",\"dateModified\":\"2024-10-28T08:08:38+00:00\",\"description\":\"RSE - Animo est conscient de l'importance g\u00e9n\u00e9rale de l'entreprise durable et souhaite contribuer \u00e0 promouvoir la RSE dans la cha\u00eene de valeur.\",\"breadcrumb\":{\"@id\":\"https:\/\/animo.eu\/fr\/a-propos-danimo\/rse\/#breadcrumb\"},\"inLanguage\":\"fr-FR\",\"potentialAction\":[{\"@type\":\"ReadAction\",\"target\":[\"https:\/\/animo.eu\/fr\/a-propos-danimo\/rse\/\"]}]},{\"@type\":\"ImageObject\",\"inLanguage\":\"fr-FR\",\"@id\":\"https:\/\/animo.eu\/fr\/a-propos-danimo\/rse\/#primaryimage\",\"url\":\"https:\/\/animo.eu\/wp-content\/uploads\/2024\/01\/Sustainable-globe.jpg\",\"contentUrl\":\"https:\/\/animo.eu\/wp-content\/uploads\/2024\/01\/Sustainable-globe.jpg\",\"width\":2560,\"height\":2096,\"caption\":\"Crystal globe putting on moss, ESG icon for Environment Social and Governance, World sustainable environment concept.\"},{\"@type\":\"BreadcrumbList\",\"@id\":\"https:\/\/animo.eu\/fr\/a-propos-danimo\/rse\/#breadcrumb\",\"itemListElement\":[{\"@type\":\"ListItem\",\"position\":1,\"name\":\"Home\",\"item\":\"https:\/\/animo.eu\/fr\/\"},{\"@type\":\"ListItem\",\"position\":2,\"name\":\"\u00c0 propos d&#8217;Animo\",\"item\":\"https:\/\/animo.eu\/fr\/a-propos-danimo\/\"},{\"@type\":\"ListItem\",\"position\":3,\"name\":\"RSE\"}]},{\"@type\":\"WebSite\",\"@id\":\"https:\/\/animo.eu\/fr\/#website\",\"url\":\"https:\/\/animo.eu\/fr\/\",\"name\":\"\",\"description\":\"\",\"potentialAction\":[{\"@type\":\"SearchAction\",\"target\":{\"@type\":\"EntryPoint\",\"urlTemplate\":\"https:\/\/animo.eu\/fr\/?s={search_term_string}\"},\"query-input\":{\"@type\":\"PropertyValueSpecification\",\"valueRequired\":true,\"valueName\":\"search_term_string\"}}],\"inLanguage\":\"fr-FR\"}]}<\/script>\n<!-- \/ Yoast SEO plugin. -->","yoast_head_json":{"title":"RSE -","description":"RSE - Animo est conscient de l'importance g\u00e9n\u00e9rale de l'entreprise durable et souhaite contribuer \u00e0 promouvoir la RSE dans la cha\u00eene de valeur.","robots":{"index":"index","follow":"follow","max-snippet":"max-snippet:-1","max-image-preview":"max-image-preview:large","max-video-preview":"max-video-preview:-1"},"canonical":"https:\/\/animo.eu\/fr\/a-propos-danimo\/rse\/","og_locale":"fr_FR","og_type":"article","og_title":"RSE -","og_description":"RSE - Animo est conscient de l'importance g\u00e9n\u00e9rale de l'entreprise durable et souhaite contribuer \u00e0 promouvoir la RSE dans la cha\u00eene de valeur.","og_url":"https:\/\/animo.eu\/fr\/a-propos-danimo\/rse\/","article_publisher":"https:\/\/www.facebook.com\/animobv\/","article_modified_time":"2024-10-28T08:08:38+00:00","og_image":[{"width":2560,"height":2096,"url":"https:\/\/animo.eu\/wp-content\/uploads\/2024\/01\/Sustainable-globe.jpg","type":"image\/jpeg"}],"twitter_card":"summary_large_image","twitter_site":"@animokoffie","twitter_misc":{"Dur\u00e9e de lecture estim\u00e9e":"1 minute"},"schema":{"@context":"https:\/\/schema.org","@graph":[{"@type":"WebPage","@id":"https:\/\/animo.eu\/fr\/a-propos-danimo\/rse\/","url":"https:\/\/animo.eu\/fr\/a-propos-danimo\/rse\/","name":"RSE -","isPartOf":{"@id":"https:\/\/animo.eu\/fr\/#website"},"primaryImageOfPage":{"@id":"https:\/\/animo.eu\/fr\/a-propos-danimo\/rse\/#primaryimage"},"image":{"@id":"https:\/\/animo.eu\/fr\/a-propos-danimo\/rse\/#primaryimage"},"thumbnailUrl":"https:\/\/animo.eu\/wp-content\/uploads\/2024\/01\/Sustainable-globe.jpg","datePublished":"2024-01-03T09:28:51+00:00","dateModified":"2024-10-28T08:08:38+00:00","description":"RSE - Animo est conscient de l'importance g\u00e9n\u00e9rale de l'entreprise durable et souhaite contribuer \u00e0 promouvoir la RSE dans la cha\u00eene de valeur.","breadcrumb":{"@id":"https:\/\/animo.eu\/fr\/a-propos-danimo\/rse\/#breadcrumb"},"inLanguage":"fr-FR","potentialAction":[{"@type":"ReadAction","target":["https:\/\/animo.eu\/fr\/a-propos-danimo\/rse\/"]}]},{"@type":"ImageObject","inLanguage":"fr-FR","@id":"https:\/\/animo.eu\/fr\/a-propos-danimo\/rse\/#primaryimage","url":"https:\/\/animo.eu\/wp-content\/uploads\/2024\/01\/Sustainable-globe.jpg","contentUrl":"https:\/\/animo.eu\/wp-content\/uploads\/2024\/01\/Sustainable-globe.jpg","width":2560,"height":2096,"caption":"Crystal globe putting on moss, ESG icon for Environment Social and Governance, World sustainable environment concept."},{"@type":"BreadcrumbList","@id":"https:\/\/animo.eu\/fr\/a-propos-danimo\/rse\/#breadcrumb","itemListElement":[{"@type":"ListItem","position":1,"name":"Home","item":"https:\/\/animo.eu\/fr\/"},{"@type":"ListItem","position":2,"name":"\u00c0 propos d&#8217;Animo","item":"https:\/\/animo.eu\/fr\/a-propos-danimo\/"},{"@type":"ListItem","position":3,"name":"RSE"}]},{"@type":"WebSite","@id":"https:\/\/animo.eu\/fr\/#website","url":"https:\/\/animo.eu\/fr\/","name":"","description":"","potentialAction":[{"@type":"SearchAction","target":{"@type":"EntryPoint","urlTemplate":"https:\/\/animo.eu\/fr\/?s={search_term_string}"},"query-input":{"@type":"PropertyValueSpecification","valueRequired":true,"valueName":"search_term_string"}}],"inLanguage":"fr-FR"}]}},"_links":{"self":[{"href":"https:\/\/animo.eu\/fr\/wp-json\/wp\/v2\/pages\/43654"}],"collection":[{"href":"https:\/\/animo.eu\/fr\/wp-json\/wp\/v2\/pages"}],"about":[{"href":"https:\/\/animo.eu\/fr\/wp-json\/wp\/v2\/types\/page"}],"author":[{"embeddable":true,"href":"https:\/\/animo.eu\/fr\/wp-json\/wp\/v2\/users\/21"}],"replies":[{"embeddable":true,"href":"https:\/\/animo.eu\/fr\/wp-json\/wp\/v2\/comments?post=43654"}],"version-history":[{"count":9,"href":"https:\/\/animo.eu\/fr\/wp-json\/wp\/v2\/pages\/43654\/revisions"}],"predecessor-version":[{"id":74873,"href":"https:\/\/animo.eu\/fr\/wp-json\/wp\/v2\/pages\/43654\/revisions\/74873"}],"up":[{"embeddable":true,"href":"https:\/\/animo.eu\/fr\/wp-json\/wp\/v2\/pages\/43617"}],"wp:featuredmedia":[{"embeddable":true,"href":"https:\/\/animo.eu\/fr\/wp-json\/wp\/v2\/media\/43778"}],"wp:attachment":[{"href":"https:\/\/animo.eu\/fr\/wp-json\/wp\/v2\/media?parent=43654"}],"curies":[{"name":"wp","href":"https:\/\/api.w.org\/{rel}","templated":true}]}}