{"id":44928,"date":"2024-01-11T14:03:26","date_gmt":"2024-01-11T13:03:26","guid":{"rendered":"https:\/\/animo.eu\/?page_id=44928"},"modified":"2024-01-11T14:27:23","modified_gmt":"2024-01-11T13:27:23","slug":"conditions-generales-de-vente","status":"publish","type":"page","link":"https:\/\/animo.eu\/fr\/conditions-generales-de-vente\/","title":{"rendered":"Conditions g\u00e9n\u00e9rales de vente"},"content":{"rendered":"\n<section  class=\"pane pane--white \">\n    <div class=\"container\">\n        <div class=\"row g-4 g-lg-8 g-xl-15 justify-content-center\">\n                                                <div class=\"col-12 col-lg-6\">\n                        <div class=\"pane__text\">\n                            <h1>Conditions g\u00e9n\u00e9rales de vente<\/h1>\n<p><strong>Conditions g\u00e9n\u00e9rales de vente (<a href=\"https:\/\/animo.eu\/fr\/conditions-generales-de-vente\/conditions-generales-de-livraison-et-de-paiement-de-la-sprl-animo\/\">Voir pour conditions g\u00e9n\u00e9rales de livraison et de paiement de la SPRL Animo\u200b)<\/a><\/strong><\/p>\n<p><strong>Conditions g\u00e9n\u00e9rales de vente (<a href=\"https:\/\/animo.eu\/fr\/conditions-generales-de-vente\/conditions-generales-de-livraison-animo-belgium\/\">Voir pour conditions g\u00e9n\u00e9rales de livraison et de paiement de la Animo Belgium BV\u200b)<\/a><\/strong><\/p>\n<p>&nbsp;<\/p>\n<p><strong>Commande<\/strong><br \/>\nToute commande devra \u00eatre faite par \u00e9crit, lettre ou mail, et implique l\u2019adh\u00e9sion du client aux pr\u00e9sentes conditions g\u00e9n\u00e9rales de vente. Pour une premi\u00e8re commande et l\u2019ouverture de compte, joindre obligatoirement un RIB, SIRET, N\u00b0 de TVA intracommunautaire et coordonn\u00e9es bancaires.<\/p>\n<p><strong>Garantie\u200b<\/strong><br \/>\nLa garantie est de 2 ans pour tout mat\u00e9riel produit par Animo, pi\u00e8ces d\u00e9tach\u00e9es hors main d\u2019oeuvre et d\u00e9placement pris en charge par l\u2019installateur. Les jauges et autres pi\u00e8ces cass\u00e9es ainsi que les probl\u00e8mes li\u00e9s \u00e0 l\u2019entartrage n\u2019entrent pas dans le cadre de la garantie. Les pi\u00e8ces d\u00e9fectueuses remplac\u00e9es sous garantie, doivent \u00eatre retourn\u00e9es Franco Beaune, sauf accord particulier.<\/p>\n<p><strong>Transport<\/strong><br \/>\nFranco France pour toute commande sup\u00e9rieure \u00e0 760 euros nets, hors express. Les marchandises voyagent aux risques et p\u00e9rils du destinataire m\u00eame si elles ont \u00e9t\u00e9 exp\u00e9di\u00e9es en franco de port. En cas d\u2019avarie ou de retard, l\u2019acheteur devra faire les r\u00e9serves n\u00e9cessaires sur le r\u00e9c\u00e9piss\u00e9 du transporteur et devra exercer le recours contre le transporteur par lettre recommand\u00e9e adress\u00e9e dans les 24 heures.<\/p>\n<p><strong>Retour<\/strong><br \/>\nA titre exceptionnel, Animo accepte le retour de marchandises dans un d\u00e9lai de trois mois apr\u00e8s la date de facturation. Ce retour devra faire l\u2019objet d\u2019un accord pr\u00e9alable de notre soci\u00e9t\u00e9 ; les marchandises seront renvoy\u00e9es en franco de port.<br \/>\nFacturation et r\u00e8glement\u200b<br \/>\n&#8211; Les prix du tarif de vente conseill\u00e9 s\u2019entendent hors TVA et \u00e9co-contribution pour le recyclage de fin de vie des \u00e9quipements.<br \/>\n&#8211; Sauf conditions particuli\u00e8res, les factures sont payables par LCR non accept\u00e9e ou virement \u00e0 30 jours nets apr\u00e8s acceptation de votre dossier<br \/>\n&#8211; La premi\u00e8re commande donne lieu \u00e0 un paiement avant l\u2019exp\u00e9dition par ch\u00e8que ou virement.<br \/>\n&#8211; De convention expresse et sauf report sollicit\u00e9 \u00e0 temps et accept\u00e9 par nous, le d\u00e9faut de paiement \u00e0 l\u2019\u00e9ch\u00e9ance fix\u00e9e entra\u00eenera :<br \/>\nL \u2018exigibilit\u00e9 imm\u00e9diate de toutes les sommes dues, quel que soit le mode de r\u00e8glement pr\u00e9vu<br \/>\nL\u2019intervention de notre Service Contentieux apr\u00e8s rappel<br \/>\nLe paiement d\u2019int\u00e9r\u00eats de retard au taux \u00e9gal \u00e0 3 fois le taux d\u2019int\u00e9r\u00eat l\u00e9gal.<br \/>\n&#8211; Les marchandises restent la propri\u00e9t\u00e9 d\u2019Animo jusqu\u2019au paiement int\u00e9gral du montant factur\u00e9 (loi n\u00b080.355 du 12\/05\/80).<br \/>\n&#8211; Animo a charg\u00e9 un \u00e9co-organisme agr\u00e9\u00e9 (ECOLOGIC) pour le recyclage de fin de vie de ses \u00e9quipements ; pour toute demande de collecte,<br \/>\nse connecter sur http:\/\/www.e-dechet.com<\/p>\n<p>Pour toute contestation, seul le Tribunal de Beaune est comp\u00e9tent.<\/p>\n                                                    <\/div>\n                    <\/div>\n                                    <\/div>\n    <\/div>\n<\/section>\n","protected":false},"excerpt":{"rendered":"","protected":false},"author":21,"featured_media":0,"parent":0,"menu_order":83,"comment_status":"closed","ping_status":"closed","template":"","meta":{"_acf_changed":false,"footnotes":""},"class_list":["post-44928","page","type-page","status-publish","hentry"],"acf":[],"yoast_head":"<!-- This site is optimized with the Yoast SEO plugin v25.5 - https:\/\/yoast.com\/wordpress\/plugins\/seo\/ -->\n<title>Conditions g\u00e9n\u00e9rales de vente -<\/title>\n<meta name=\"description\" content=\"Conditions g\u00e9n\u00e9rales de vente -\" \/>\n<meta name=\"robots\" content=\"index, follow, max-snippet:-1, max-image-preview:large, max-video-preview:-1\" \/>\n<link rel=\"canonical\" href=\"https:\/\/animo.eu\/fr\/conditions-generales-de-vente\/\" \/>\n<meta property=\"og:locale\" content=\"fr_FR\" \/>\n<meta property=\"og:type\" content=\"article\" \/>\n<meta property=\"og:title\" content=\"Conditions g\u00e9n\u00e9rales de vente -\" \/>\n<meta property=\"og:description\" content=\"Conditions g\u00e9n\u00e9rales de vente -\" \/>\n<meta property=\"og:url\" content=\"https:\/\/animo.eu\/fr\/conditions-generales-de-vente\/\" \/>\n<meta property=\"article:publisher\" content=\"https:\/\/www.facebook.com\/animobv\/\" \/>\n<meta property=\"article:modified_time\" content=\"2024-01-11T13:27:23+00:00\" \/>\n<meta property=\"og:image\" content=\"https:\/\/animo.eu\/wp-content\/uploads\/2023\/06\/animo-dedicated-logo.png\" \/>\n\t<meta property=\"og:image:width\" content=\"1000\" \/>\n\t<meta property=\"og:image:height\" content=\"364\" \/>\n\t<meta property=\"og:image:type\" content=\"image\/png\" \/>\n<meta name=\"twitter:card\" content=\"summary_large_image\" \/>\n<meta name=\"twitter:site\" content=\"@animokoffie\" \/>\n<script type=\"application\/ld+json\" class=\"yoast-schema-graph\">{\"@context\":\"https:\/\/schema.org\",\"@graph\":[{\"@type\":\"WebPage\",\"@id\":\"https:\/\/animo.eu\/fr\/conditions-generales-de-vente\/\",\"url\":\"https:\/\/animo.eu\/fr\/conditions-generales-de-vente\/\",\"name\":\"Conditions g\u00e9n\u00e9rales de vente -\",\"isPartOf\":{\"@id\":\"https:\/\/animo.eu\/fr\/#website\"},\"datePublished\":\"2024-01-11T13:03:26+00:00\",\"dateModified\":\"2024-01-11T13:27:23+00:00\",\"description\":\"Conditions g\u00e9n\u00e9rales de vente -\",\"breadcrumb\":{\"@id\":\"https:\/\/animo.eu\/fr\/conditions-generales-de-vente\/#breadcrumb\"},\"inLanguage\":\"fr-FR\",\"potentialAction\":[{\"@type\":\"ReadAction\",\"target\":[\"https:\/\/animo.eu\/fr\/conditions-generales-de-vente\/\"]}]},{\"@type\":\"BreadcrumbList\",\"@id\":\"https:\/\/animo.eu\/fr\/conditions-generales-de-vente\/#breadcrumb\",\"itemListElement\":[{\"@type\":\"ListItem\",\"position\":1,\"name\":\"Home\",\"item\":\"https:\/\/animo.eu\/fr\/\"},{\"@type\":\"ListItem\",\"position\":2,\"name\":\"Conditions g\u00e9n\u00e9rales de vente\"}]},{\"@type\":\"WebSite\",\"@id\":\"https:\/\/animo.eu\/fr\/#website\",\"url\":\"https:\/\/animo.eu\/fr\/\",\"name\":\"\",\"description\":\"\",\"potentialAction\":[{\"@type\":\"SearchAction\",\"target\":{\"@type\":\"EntryPoint\",\"urlTemplate\":\"https:\/\/animo.eu\/fr\/?s={search_term_string}\"},\"query-input\":{\"@type\":\"PropertyValueSpecification\",\"valueRequired\":true,\"valueName\":\"search_term_string\"}}],\"inLanguage\":\"fr-FR\"}]}<\/script>\n<!-- \/ Yoast SEO plugin. -->","yoast_head_json":{"title":"Conditions g\u00e9n\u00e9rales de vente -","description":"Conditions g\u00e9n\u00e9rales de vente -","robots":{"index":"index","follow":"follow","max-snippet":"max-snippet:-1","max-image-preview":"max-image-preview:large","max-video-preview":"max-video-preview:-1"},"canonical":"https:\/\/animo.eu\/fr\/conditions-generales-de-vente\/","og_locale":"fr_FR","og_type":"article","og_title":"Conditions g\u00e9n\u00e9rales de vente -","og_description":"Conditions g\u00e9n\u00e9rales de vente -","og_url":"https:\/\/animo.eu\/fr\/conditions-generales-de-vente\/","article_publisher":"https:\/\/www.facebook.com\/animobv\/","article_modified_time":"2024-01-11T13:27:23+00:00","og_image":[{"width":1000,"height":364,"url":"https:\/\/animo.eu\/wp-content\/uploads\/2023\/06\/animo-dedicated-logo.png","type":"image\/png"}],"twitter_card":"summary_large_image","twitter_site":"@animokoffie","schema":{"@context":"https:\/\/schema.org","@graph":[{"@type":"WebPage","@id":"https:\/\/animo.eu\/fr\/conditions-generales-de-vente\/","url":"https:\/\/animo.eu\/fr\/conditions-generales-de-vente\/","name":"Conditions g\u00e9n\u00e9rales de vente -","isPartOf":{"@id":"https:\/\/animo.eu\/fr\/#website"},"datePublished":"2024-01-11T13:03:26+00:00","dateModified":"2024-01-11T13:27:23+00:00","description":"Conditions g\u00e9n\u00e9rales de vente -","breadcrumb":{"@id":"https:\/\/animo.eu\/fr\/conditions-generales-de-vente\/#breadcrumb"},"inLanguage":"fr-FR","potentialAction":[{"@type":"ReadAction","target":["https:\/\/animo.eu\/fr\/conditions-generales-de-vente\/"]}]},{"@type":"BreadcrumbList","@id":"https:\/\/animo.eu\/fr\/conditions-generales-de-vente\/#breadcrumb","itemListElement":[{"@type":"ListItem","position":1,"name":"Home","item":"https:\/\/animo.eu\/fr\/"},{"@type":"ListItem","position":2,"name":"Conditions g\u00e9n\u00e9rales de vente"}]},{"@type":"WebSite","@id":"https:\/\/animo.eu\/fr\/#website","url":"https:\/\/animo.eu\/fr\/","name":"","description":"","potentialAction":[{"@type":"SearchAction","target":{"@type":"EntryPoint","urlTemplate":"https:\/\/animo.eu\/fr\/?s={search_term_string}"},"query-input":{"@type":"PropertyValueSpecification","valueRequired":true,"valueName":"search_term_string"}}],"inLanguage":"fr-FR"}]}},"_links":{"self":[{"href":"https:\/\/animo.eu\/fr\/wp-json\/wp\/v2\/pages\/44928"}],"collection":[{"href":"https:\/\/animo.eu\/fr\/wp-json\/wp\/v2\/pages"}],"about":[{"href":"https:\/\/animo.eu\/fr\/wp-json\/wp\/v2\/types\/page"}],"author":[{"embeddable":true,"href":"https:\/\/animo.eu\/fr\/wp-json\/wp\/v2\/users\/21"}],"replies":[{"embeddable":true,"href":"https:\/\/animo.eu\/fr\/wp-json\/wp\/v2\/comments?post=44928"}],"version-history":[{"count":6,"href":"https:\/\/animo.eu\/fr\/wp-json\/wp\/v2\/pages\/44928\/revisions"}],"predecessor-version":[{"id":44958,"href":"https:\/\/animo.eu\/fr\/wp-json\/wp\/v2\/pages\/44928\/revisions\/44958"}],"wp:attachment":[{"href":"https:\/\/animo.eu\/fr\/wp-json\/wp\/v2\/media?parent=44928"}],"curies":[{"name":"wp","href":"https:\/\/api.w.org\/{rel}","templated":true}]}}