{"id":56685,"date":"2024-03-21T11:24:56","date_gmt":"2024-03-21T10:24:56","guid":{"rendered":"https:\/\/animo.eu\/?page_id=56685"},"modified":"2024-05-08T07:55:31","modified_gmt":"2024-05-08T05:55:31","slug":"mission-vision-et-valeurs-fondamentales","status":"publish","type":"page","link":"https:\/\/animo.eu\/fr\/a-propos-danimo\/mission-vision-et-valeurs-fondamentales\/","title":{"rendered":"Mission, vision et valeurs fondamentales"},"content":{"rendered":"\n<section class=\"hero\">\n    <div class=\"hero__background\">\n                                    <img fetchpriority=\"high\" decoding=\"async\" width=\"2205\" height=\"1279\" src=\"https:\/\/animo.eu\/wp-content\/uploads\/2024\/03\/Animo-Assen-fabriek.jpg\" class=\"hero__image img-fluid\" alt=\"\" loading=\"eager\" srcset=\"https:\/\/animo.eu\/wp-content\/uploads\/2024\/03\/Animo-Assen-fabriek.jpg 2205w, https:\/\/animo.eu\/wp-content\/uploads\/2024\/03\/Animo-Assen-fabriek-300x174.jpg 300w, https:\/\/animo.eu\/wp-content\/uploads\/2024\/03\/Animo-Assen-fabriek-1024x594.jpg 1024w, https:\/\/animo.eu\/wp-content\/uploads\/2024\/03\/Animo-Assen-fabriek-768x445.jpg 768w, https:\/\/animo.eu\/wp-content\/uploads\/2024\/03\/Animo-Assen-fabriek-1536x891.jpg 1536w, https:\/\/animo.eu\/wp-content\/uploads\/2024\/03\/Animo-Assen-fabriek-2048x1188.jpg 2048w, https:\/\/animo.eu\/wp-content\/uploads\/2024\/03\/Animo-Assen-fabriek-70x41.jpg 70w, https:\/\/animo.eu\/wp-content\/uploads\/2024\/03\/Animo-Assen-fabriek-550x319.jpg 550w, https:\/\/animo.eu\/wp-content\/uploads\/2024\/03\/Animo-Assen-fabriek-800x464.jpg 800w, https:\/\/animo.eu\/wp-content\/uploads\/2024\/03\/Animo-Assen-fabriek-172x100.jpg 172w, https:\/\/animo.eu\/wp-content\/uploads\/2024\/03\/Animo-Assen-fabriek-150x87.jpg 150w\" sizes=\"(max-width: 2205px) 100vw, 2205px\" \/>                                <\/div>    \n            <div class=\"hero__content\">\n            <div class=\"container\">\n                <div class=\"row\">                    <div class=\"col-12 col-lg-9 col-xl-8\">                        <div class=\"hero__text \">\n                            <h1>Dedicated to every cup<\/h1>\n<p>&nbsp;<\/p>\n                        <\/div>\n                                                \n                    <\/div>\n                <\/div>\n            <\/div>\n        <\/div>\n        <div class=\"hero__scroll\">\n        <span>Parchemin<\/span>\n        <svg class=\"icon icon--20 text-secondary\">\n            <use xlink:href=\"https:\/\/animo.eu\/wp-content\/themes\/animo\/build\/img\/symbols.svg#arrow-down\"><\/use>\n        <\/svg>      \n    <\/div>\n<\/section>\n\n<section class=\"pane pane--white pane--anchors\">\n    <ul class=\"list justify-content-center d-none d-lg-flex\">\n                                    <li class=\"list__item mx-6 mx-xl-8 mx-xxl-10\">\n                    <a class=\"text-decoration-none text-secondary\" href=\"#vision\">Vision et mission<\/a>\n                <\/li>\n                            <li class=\"list__item mx-6 mx-xl-8 mx-xxl-10\">\n                    <a class=\"text-decoration-none text-secondary\" href=\"#personnalit\u00e9 de la marque\">Personnalit\u00e9 de la marque<\/a>\n                <\/li>\n                            <li class=\"list__item mx-6 mx-xl-8 mx-xxl-10\">\n                    <a class=\"text-decoration-none text-secondary\" href=\"#machines \u00e0 caf\u00e9\">Les machines \u00e0 caf\u00e9 Animo sont synonymes de<\/a>\n                <\/li>\n                            <li class=\"list__item mx-6 mx-xl-8 mx-xxl-10\">\n                    <a class=\"text-decoration-none text-secondary\" href=\"#vid\u00e9o\">Vid\u00e9o d&rsquo;animation<\/a>\n                <\/li>\n                        <\/ul>\n<\/section>\n\n<section  class=\"pane pane--white \">\n    <div class=\"container\">\n        <div class=\"row g-4 g-lg-8 g-xl-15 justify-content-center\">\n                                                <div class=\"col-12 col-lg-8\">\n                        <div class=\"pane__text\">\n                            <h2>Animo fabrique des syst\u00e8mes et des machines \u00e0 caf\u00e9 de haute qualit\u00e9 pour les personnes qui souhaitent servir du bon caf\u00e9. Des appareils conviviaux avec de nombreux choix, faciles \u00e0 entretenir et durables.<\/h2>\n                                                    <\/div>\n                    <\/div>\n                                    <\/div>\n    <\/div>\n<\/section>\n\n<section id=\"vision\" class=\"pane pane--tertiary anchor\">\n    <div class=\"container\">\n        <div class=\"row g-4 g-lg-8 g-xl-15 g-xxl-20 align-items-center \">\n                            <div class=\"col-12 col-lg-6\">\n                    <div class=\"pane__text\">\n                        <h2>Vision Animo<\/h2>\n<p>Obtenir et renforcer une position privil\u00e9gi\u00e9e aupr\u00e8s des distributeurs et des d\u00e9cideurs des clients finaux, ainsi qu&rsquo;une excellente assistance et un service proactif (ventes), car nous voulons prouver notre <em>d\u00e9vouement pour chaque<\/em> tasse, chaque jour. Pour ce faire, nous avons recours aux moyens suivants<\/p>\n<ul>\n<li>Marketing cibl\u00e9 vers des publics sp\u00e9cifiques<\/li>\n<li>Un positionnement distinctif de la marque<\/li>\n<li>Offrir des produits de haute qualit\u00e9 qui se distinguent par leur facilit\u00e9 d&rsquo;utilisation et d&rsquo;entretien<\/li>\n<li>Une strat\u00e9gie diff\u00e9renci\u00e9e pour cr\u00e9er plus de valeur avec les concessionnaires<\/li>\n<li>Ventes et assistance en interne pour les principaux clients et projets<\/li>\n<li>Les ventes et l&rsquo;assistance en ligne font partie int\u00e9grante de notre service aux concessionnaires et aux clients finaux.<\/li>\n<\/ul>\n<h2 class=\"paragraph-title\">Mission Animo<\/h2>\n<p>Avec d\u00e9vouement et attention, nous permettons \u00e0 nos clients de servir du bon caf\u00e9 parce que.. :<\/p>\n<ul>\n<li>Nous fabriquons des appareils qui donnent du caf\u00e9 savoureux.<\/li>\n<li>Nous fabriquons des appareils faciles \u00e0 utiliser et \u00e0 entretenir.<\/li>\n<li>Nous offrons une excellente assistance technique.<\/li>\n<li>Nous fabriquons des appareils qui durent longtemps et qui ont peu de d\u00e9faillances.<\/li>\n<li>Nous pouvons r\u00e9pondre avec souplesse aux exigences des clients.<\/li>\n<\/ul>\n                                                \n                    <\/div>\n                <\/div>\n                                        <div class=\"col-12 col-lg\">\n                    <figure class=\"figure \">\n                        <img decoding=\"async\" width=\"1024\" height=\"1024\" src=\"https:\/\/animo.eu\/wp-content\/uploads\/2023\/09\/Animo-OptiVend-en-OptiBean-X-1024x1024.png\" class=\"img-fluid\" alt=\"\" loading=\"lazy\" srcset=\"https:\/\/animo.eu\/wp-content\/uploads\/2023\/09\/Animo-OptiVend-en-OptiBean-X-1024x1024.png 1024w, https:\/\/animo.eu\/wp-content\/uploads\/2023\/09\/Animo-OptiVend-en-OptiBean-X-300x300.png 300w, https:\/\/animo.eu\/wp-content\/uploads\/2023\/09\/Animo-OptiVend-en-OptiBean-X-150x150.png 150w, https:\/\/animo.eu\/wp-content\/uploads\/2023\/09\/Animo-OptiVend-en-OptiBean-X-768x768.png 768w, https:\/\/animo.eu\/wp-content\/uploads\/2023\/09\/Animo-OptiVend-en-OptiBean-X-1536x1536.png 1536w, https:\/\/animo.eu\/wp-content\/uploads\/2023\/09\/Animo-OptiVend-en-OptiBean-X-2048x2048.png 2048w, https:\/\/animo.eu\/wp-content\/uploads\/2023\/09\/Animo-OptiVend-en-OptiBean-X-70x70.png 70w, https:\/\/animo.eu\/wp-content\/uploads\/2023\/09\/Animo-OptiVend-en-OptiBean-X-550x550.png 550w, https:\/\/animo.eu\/wp-content\/uploads\/2023\/09\/Animo-OptiVend-en-OptiBean-X-800x800.png 800w, https:\/\/animo.eu\/wp-content\/uploads\/2023\/09\/Animo-OptiVend-en-OptiBean-X-100x100.png 100w, https:\/\/animo.eu\/wp-content\/uploads\/2023\/09\/Animo-OptiVend-en-OptiBean-X-1400x1400.png 1400w, https:\/\/animo.eu\/wp-content\/uploads\/2023\/09\/Animo-OptiVend-en-OptiBean-X-700x700.png 700w, https:\/\/animo.eu\/wp-content\/uploads\/2023\/09\/Animo-OptiVend-en-OptiBean-X-350x350.png 350w\" sizes=\"(max-width: 1024px) 100vw, 1024px\" \/>                    <\/figure>\n                <\/div>\n                    <\/div>\n    <\/div>\n<\/section>\n\n<section id=\"personnalit\u00e9 de la marque\" class=\"pane pane--white anchor\">\n    <div class=\"container\">\n        <div class=\"row g-4 g-lg-8 g-xl-15 g-xxl-20 align-items-center flex-lg-row-reverse\">\n                            <div class=\"col-12 col-lg-6\">\n                    <div class=\"pane__text\">\n                        <h2>Personnalit\u00e9 de la marque<\/h2>\n<p><strong>D\u00e9vou\u00e9 :<\/strong> le d\u00e9vouement et l&rsquo;inspiration d&rsquo;Animo sont en partie d\u00e9j\u00e0 pr\u00e9sents dans le nom. Mais elle se manifeste \u00e9galement par sa bienveillance, son service et sa flexibilit\u00e9. Animo r\u00e9fl\u00e9chit toujours avec ses clients.<\/p>\n<p><strong>Enthousiaste :<\/strong> le caf\u00e9 est une source d&rsquo;\u00e9nergie, comme vous pouvez le constater chez Animo. Animo est frais et positif.<\/p>\n<p><strong>Robuste : c&rsquo;<\/strong> est peut-\u00eatre la caract\u00e9ristique principale d&rsquo;Animo. Animo est solide, stable et fiable. Il en est ainsi depuis longtemps et le restera encore longtemps.<\/p>\n<p><strong>Contemporain :<\/strong> Animo s&rsquo;inscrit dans l&rsquo;air du temps sans tomber dans l&rsquo;extravagance ou l&rsquo;exag\u00e9ration. C&rsquo;est une marque moderne.<\/p>\n                                                \n\n\n\n                    <\/div>\n                <\/div>\n                                        <div class=\"col-12 col-lg\">\n                    <figure class=\"figure image_reversed\">\n                        <img decoding=\"async\" width=\"256\" height=\"256\" src=\"https:\/\/animo.eu\/wp-content\/uploads\/2023\/03\/favicon-256x256-1.png\" class=\"img-fluid\" alt=\"\" loading=\"lazy\" srcset=\"https:\/\/animo.eu\/wp-content\/uploads\/2023\/03\/favicon-256x256-1.png 256w, https:\/\/animo.eu\/wp-content\/uploads\/2023\/03\/favicon-256x256-1-150x150.png 150w, https:\/\/animo.eu\/wp-content\/uploads\/2023\/03\/favicon-256x256-1-70x70.png 70w, https:\/\/animo.eu\/wp-content\/uploads\/2023\/03\/favicon-256x256-1-100x100.png 100w\" sizes=\"(max-width: 256px) 100vw, 256px\" \/>                    <\/figure>\n                <\/div>\n                    <\/div>\n    <\/div>\n<\/section>\n\n<section id=\"machines \u00e0 caf\u00e9\" class=\"pane pane--tertiary anchor\">\n    <div class=\"container\">\n        <div class=\"row g-4 g-lg-8 g-xl-15 g-xxl-20 align-items-center \">\n                            <div class=\"col-12 col-lg-6\">\n                    <div class=\"pane__text\">\n                        <h2>Une tasse de caf\u00e9 parfaite&#8230;<\/h2>\n<p>Il faut d&rsquo;abord une machine parfaite, ce qui est une question d&rsquo;exp\u00e9rience, de connaissances et de d\u00e9vouement. Nous fabriquons des \u00e9quipements de caf\u00e9 de haute qualit\u00e9 pour les personnes qui veulent servir du bon caf\u00e9.  <em><strong>Fiable, flexible et de haute qualit\u00e9<\/strong><\/em><\/p>\n<p>Nos machines \u00e0 caf\u00e9 sont synonymes de :<\/p>\n<ul>\n<li>Bon go\u00fbt<\/li>\n<li>Utilisation conviviale<\/li>\n<li>Facile \u00e0 entretenir<\/li>\n<li>Des performances fiables<\/li>\n<li>Excellente assistance technique<\/li>\n<li>Souplesse d&rsquo;adaptation<\/li>\n<\/ul>\n                                                \n                    <\/div>\n                <\/div>\n                                        <div class=\"col-12 col-lg\">\n                    <figure class=\"figure \">\n                        <img decoding=\"async\" width=\"491\" height=\"491\" src=\"https:\/\/animo.eu\/wp-content\/uploads\/2024\/03\/Misie-en-visie-vierkant.jpg\" class=\"img-fluid\" alt=\"\" loading=\"lazy\" srcset=\"https:\/\/animo.eu\/wp-content\/uploads\/2024\/03\/Misie-en-visie-vierkant.jpg 491w, https:\/\/animo.eu\/wp-content\/uploads\/2024\/03\/Misie-en-visie-vierkant-300x300.jpg 300w, https:\/\/animo.eu\/wp-content\/uploads\/2024\/03\/Misie-en-visie-vierkant-150x150.jpg 150w, https:\/\/animo.eu\/wp-content\/uploads\/2024\/03\/Misie-en-visie-vierkant-70x70.jpg 70w, https:\/\/animo.eu\/wp-content\/uploads\/2024\/03\/Misie-en-visie-vierkant-100x100.jpg 100w, https:\/\/animo.eu\/wp-content\/uploads\/2024\/03\/Misie-en-visie-vierkant-350x350.jpg 350w\" sizes=\"(max-width: 491px) 100vw, 491px\" \/>                    <\/figure>\n                <\/div>\n                    <\/div>\n    <\/div>\n<\/section>\n\n<section id=\"vid\u00e9o\" class=\"pane pane--white anchor\">\n    <div class=\"container-fluid px-4 pe-lg-0 ps-lg-8\">\n        <div class=\"row g-0\">\n                            <div class=\"col-12\">\n                    <figure class=\"figure figure--video\">\n                        <a href=\"https:\/\/animo.eu\/wp-content\/uploads\/2024\/03\/Animo.mp4\" class=\"icon-frame icon-frame--56\" data-fancybox>\n                            <svg class=\"icon icon--20\">\n                                <use xlink:href=\"https:\/\/animo.eu\/wp-content\/themes\/animo\/build\/img\/symbols.svg#play\"><\/use>\n                            <\/svg>\n                        <\/a>\n                        <img decoding=\"async\" width=\"1400\" height=\"600\" src=\"https:\/\/animo.eu\/wp-content\/uploads\/2024\/03\/Corporate-movie-Animo-1400x600.jpg\" class=\"img-fluid w-100\" alt=\"\" loading=\"lazy\" \/>                    <\/figure>\n                <\/div>\n                    <\/div>\n    <\/div>\n<\/section>\n","protected":false},"excerpt":{"rendered":"","protected":false},"author":21,"featured_media":56720,"parent":43617,"menu_order":23,"comment_status":"closed","ping_status":"closed","template":"","meta":{"_acf_changed":false,"footnotes":""},"class_list":["post-56685","page","type-page","status-publish","has-post-thumbnail","hentry"],"acf":[],"yoast_head":"<!-- This site is optimized with the Yoast SEO plugin v25.5 - https:\/\/yoast.com\/wordpress\/plugins\/seo\/ -->\n<title>Mission, vision et valeurs fondamentales -<\/title>\n<meta name=\"description\" content=\"Mission, vision et valeurs fondamentales - Nous fabriquons des syst\u00e8mes et des machines \u00e0 caf\u00e9 de haute qualit\u00e9 pour les personnes qui veulent servir du bon caf\u00e9.\" \/>\n<meta name=\"robots\" content=\"index, follow, max-snippet:-1, max-image-preview:large, max-video-preview:-1\" \/>\n<link rel=\"canonical\" href=\"https:\/\/animo.eu\/fr\/a-propos-danimo\/mission-vision-et-valeurs-fondamentales\/\" \/>\n<meta property=\"og:locale\" content=\"fr_FR\" \/>\n<meta property=\"og:type\" content=\"article\" \/>\n<meta property=\"og:title\" content=\"Mission, vision et valeurs fondamentales -\" \/>\n<meta property=\"og:description\" content=\"Mission, vision et valeurs fondamentales - Nous fabriquons des syst\u00e8mes et des machines \u00e0 caf\u00e9 de haute qualit\u00e9 pour les personnes qui veulent servir du bon caf\u00e9.\" \/>\n<meta property=\"og:url\" content=\"https:\/\/animo.eu\/fr\/a-propos-danimo\/mission-vision-et-valeurs-fondamentales\/\" \/>\n<meta property=\"article:publisher\" content=\"https:\/\/www.facebook.com\/animobv\/\" \/>\n<meta property=\"article:modified_time\" content=\"2024-05-08T05:55:31+00:00\" \/>\n<meta property=\"og:image\" content=\"https:\/\/animo.eu\/wp-content\/uploads\/2024\/03\/Misie-en-visie-vierkant.jpg\" \/>\n\t<meta property=\"og:image:width\" content=\"491\" \/>\n\t<meta property=\"og:image:height\" content=\"491\" \/>\n\t<meta property=\"og:image:type\" content=\"image\/jpeg\" \/>\n<meta name=\"twitter:card\" content=\"summary_large_image\" \/>\n<meta name=\"twitter:site\" content=\"@animokoffie\" \/>\n<meta name=\"twitter:label1\" content=\"Dur\u00e9e de lecture estim\u00e9e\" \/>\n\t<meta name=\"twitter:data1\" content=\"1 minute\" \/>\n<script type=\"application\/ld+json\" class=\"yoast-schema-graph\">{\"@context\":\"https:\/\/schema.org\",\"@graph\":[{\"@type\":\"WebPage\",\"@id\":\"https:\/\/animo.eu\/fr\/a-propos-danimo\/mission-vision-et-valeurs-fondamentales\/\",\"url\":\"https:\/\/animo.eu\/fr\/a-propos-danimo\/mission-vision-et-valeurs-fondamentales\/\",\"name\":\"Mission, vision et valeurs fondamentales -\",\"isPartOf\":{\"@id\":\"https:\/\/animo.eu\/fr\/#website\"},\"primaryImageOfPage\":{\"@id\":\"https:\/\/animo.eu\/fr\/a-propos-danimo\/mission-vision-et-valeurs-fondamentales\/#primaryimage\"},\"image\":{\"@id\":\"https:\/\/animo.eu\/fr\/a-propos-danimo\/mission-vision-et-valeurs-fondamentales\/#primaryimage\"},\"thumbnailUrl\":\"https:\/\/animo.eu\/wp-content\/uploads\/2024\/03\/Misie-en-visie-vierkant.jpg\",\"datePublished\":\"2024-03-21T10:24:56+00:00\",\"dateModified\":\"2024-05-08T05:55:31+00:00\",\"description\":\"Mission, vision et valeurs fondamentales - Nous fabriquons des syst\u00e8mes et des machines \u00e0 caf\u00e9 de haute qualit\u00e9 pour les personnes qui veulent servir du bon caf\u00e9.\",\"breadcrumb\":{\"@id\":\"https:\/\/animo.eu\/fr\/a-propos-danimo\/mission-vision-et-valeurs-fondamentales\/#breadcrumb\"},\"inLanguage\":\"fr-FR\",\"potentialAction\":[{\"@type\":\"ReadAction\",\"target\":[\"https:\/\/animo.eu\/fr\/a-propos-danimo\/mission-vision-et-valeurs-fondamentales\/\"]}]},{\"@type\":\"ImageObject\",\"inLanguage\":\"fr-FR\",\"@id\":\"https:\/\/animo.eu\/fr\/a-propos-danimo\/mission-vision-et-valeurs-fondamentales\/#primaryimage\",\"url\":\"https:\/\/animo.eu\/wp-content\/uploads\/2024\/03\/Misie-en-visie-vierkant.jpg\",\"contentUrl\":\"https:\/\/animo.eu\/wp-content\/uploads\/2024\/03\/Misie-en-visie-vierkant.jpg\",\"width\":491,\"height\":491},{\"@type\":\"BreadcrumbList\",\"@id\":\"https:\/\/animo.eu\/fr\/a-propos-danimo\/mission-vision-et-valeurs-fondamentales\/#breadcrumb\",\"itemListElement\":[{\"@type\":\"ListItem\",\"position\":1,\"name\":\"Home\",\"item\":\"https:\/\/animo.eu\/fr\/\"},{\"@type\":\"ListItem\",\"position\":2,\"name\":\"\u00c0 propos d&#8217;Animo\",\"item\":\"https:\/\/animo.eu\/fr\/a-propos-danimo\/\"},{\"@type\":\"ListItem\",\"position\":3,\"name\":\"Mission, vision et valeurs fondamentales\"}]},{\"@type\":\"WebSite\",\"@id\":\"https:\/\/animo.eu\/fr\/#website\",\"url\":\"https:\/\/animo.eu\/fr\/\",\"name\":\"\",\"description\":\"\",\"potentialAction\":[{\"@type\":\"SearchAction\",\"target\":{\"@type\":\"EntryPoint\",\"urlTemplate\":\"https:\/\/animo.eu\/fr\/?s={search_term_string}\"},\"query-input\":{\"@type\":\"PropertyValueSpecification\",\"valueRequired\":true,\"valueName\":\"search_term_string\"}}],\"inLanguage\":\"fr-FR\"}]}<\/script>\n<!-- \/ Yoast SEO plugin. -->","yoast_head_json":{"title":"Mission, vision et valeurs fondamentales -","description":"Mission, vision et valeurs fondamentales - Nous fabriquons des syst\u00e8mes et des machines \u00e0 caf\u00e9 de haute qualit\u00e9 pour les personnes qui veulent servir du bon caf\u00e9.","robots":{"index":"index","follow":"follow","max-snippet":"max-snippet:-1","max-image-preview":"max-image-preview:large","max-video-preview":"max-video-preview:-1"},"canonical":"https:\/\/animo.eu\/fr\/a-propos-danimo\/mission-vision-et-valeurs-fondamentales\/","og_locale":"fr_FR","og_type":"article","og_title":"Mission, vision et valeurs fondamentales -","og_description":"Mission, vision et valeurs fondamentales - Nous fabriquons des syst\u00e8mes et des machines \u00e0 caf\u00e9 de haute qualit\u00e9 pour les personnes qui veulent servir du bon caf\u00e9.","og_url":"https:\/\/animo.eu\/fr\/a-propos-danimo\/mission-vision-et-valeurs-fondamentales\/","article_publisher":"https:\/\/www.facebook.com\/animobv\/","article_modified_time":"2024-05-08T05:55:31+00:00","og_image":[{"width":491,"height":491,"url":"https:\/\/animo.eu\/wp-content\/uploads\/2024\/03\/Misie-en-visie-vierkant.jpg","type":"image\/jpeg"}],"twitter_card":"summary_large_image","twitter_site":"@animokoffie","twitter_misc":{"Dur\u00e9e de lecture estim\u00e9e":"1 minute"},"schema":{"@context":"https:\/\/schema.org","@graph":[{"@type":"WebPage","@id":"https:\/\/animo.eu\/fr\/a-propos-danimo\/mission-vision-et-valeurs-fondamentales\/","url":"https:\/\/animo.eu\/fr\/a-propos-danimo\/mission-vision-et-valeurs-fondamentales\/","name":"Mission, vision et valeurs fondamentales -","isPartOf":{"@id":"https:\/\/animo.eu\/fr\/#website"},"primaryImageOfPage":{"@id":"https:\/\/animo.eu\/fr\/a-propos-danimo\/mission-vision-et-valeurs-fondamentales\/#primaryimage"},"image":{"@id":"https:\/\/animo.eu\/fr\/a-propos-danimo\/mission-vision-et-valeurs-fondamentales\/#primaryimage"},"thumbnailUrl":"https:\/\/animo.eu\/wp-content\/uploads\/2024\/03\/Misie-en-visie-vierkant.jpg","datePublished":"2024-03-21T10:24:56+00:00","dateModified":"2024-05-08T05:55:31+00:00","description":"Mission, vision et valeurs fondamentales - Nous fabriquons des syst\u00e8mes et des machines \u00e0 caf\u00e9 de haute qualit\u00e9 pour les personnes qui veulent servir du bon caf\u00e9.","breadcrumb":{"@id":"https:\/\/animo.eu\/fr\/a-propos-danimo\/mission-vision-et-valeurs-fondamentales\/#breadcrumb"},"inLanguage":"fr-FR","potentialAction":[{"@type":"ReadAction","target":["https:\/\/animo.eu\/fr\/a-propos-danimo\/mission-vision-et-valeurs-fondamentales\/"]}]},{"@type":"ImageObject","inLanguage":"fr-FR","@id":"https:\/\/animo.eu\/fr\/a-propos-danimo\/mission-vision-et-valeurs-fondamentales\/#primaryimage","url":"https:\/\/animo.eu\/wp-content\/uploads\/2024\/03\/Misie-en-visie-vierkant.jpg","contentUrl":"https:\/\/animo.eu\/wp-content\/uploads\/2024\/03\/Misie-en-visie-vierkant.jpg","width":491,"height":491},{"@type":"BreadcrumbList","@id":"https:\/\/animo.eu\/fr\/a-propos-danimo\/mission-vision-et-valeurs-fondamentales\/#breadcrumb","itemListElement":[{"@type":"ListItem","position":1,"name":"Home","item":"https:\/\/animo.eu\/fr\/"},{"@type":"ListItem","position":2,"name":"\u00c0 propos d&#8217;Animo","item":"https:\/\/animo.eu\/fr\/a-propos-danimo\/"},{"@type":"ListItem","position":3,"name":"Mission, vision et valeurs fondamentales"}]},{"@type":"WebSite","@id":"https:\/\/animo.eu\/fr\/#website","url":"https:\/\/animo.eu\/fr\/","name":"","description":"","potentialAction":[{"@type":"SearchAction","target":{"@type":"EntryPoint","urlTemplate":"https:\/\/animo.eu\/fr\/?s={search_term_string}"},"query-input":{"@type":"PropertyValueSpecification","valueRequired":true,"valueName":"search_term_string"}}],"inLanguage":"fr-FR"}]}},"_links":{"self":[{"href":"https:\/\/animo.eu\/fr\/wp-json\/wp\/v2\/pages\/56685"}],"collection":[{"href":"https:\/\/animo.eu\/fr\/wp-json\/wp\/v2\/pages"}],"about":[{"href":"https:\/\/animo.eu\/fr\/wp-json\/wp\/v2\/types\/page"}],"author":[{"embeddable":true,"href":"https:\/\/animo.eu\/fr\/wp-json\/wp\/v2\/users\/21"}],"replies":[{"embeddable":true,"href":"https:\/\/animo.eu\/fr\/wp-json\/wp\/v2\/comments?post=56685"}],"version-history":[{"count":4,"href":"https:\/\/animo.eu\/fr\/wp-json\/wp\/v2\/pages\/56685\/revisions"}],"predecessor-version":[{"id":68917,"href":"https:\/\/animo.eu\/fr\/wp-json\/wp\/v2\/pages\/56685\/revisions\/68917"}],"up":[{"embeddable":true,"href":"https:\/\/animo.eu\/fr\/wp-json\/wp\/v2\/pages\/43617"}],"wp:featuredmedia":[{"embeddable":true,"href":"https:\/\/animo.eu\/fr\/wp-json\/wp\/v2\/media\/56720"}],"wp:attachment":[{"href":"https:\/\/animo.eu\/fr\/wp-json\/wp\/v2\/media?parent=56685"}],"curies":[{"name":"wp","href":"https:\/\/api.w.org\/{rel}","templated":true}]}}