{"id":70909,"date":"2024-05-28T10:37:45","date_gmt":"2024-05-28T08:37:45","guid":{"rendered":"https:\/\/animo.eu\/?page_id=70909"},"modified":"2024-05-29T08:58:29","modified_gmt":"2024-05-29T06:58:29","slug":"videos-pedagogiques-optifresh_ng","status":"publish","type":"page","link":"https:\/\/animo.eu\/fr\/soutien\/videos-pedagogiques\/videos-pedagogiques-optifresh_ng\/","title":{"rendered":"Vid\u00e9os p\u00e9dagogiques OptiFresh NG"},"content":{"rendered":"\t\t<section class=\"pane pane--white pane--accordion\">\n\t\t<div class=\"container\">\n\t\n\n\t<div id=\"Vid\u00e9os p\u00e9dagogiques\" class=\"card card--white mb-4 mb-lg-12 anchor\">\n\t\t<div class=\"card-body p-0\">\n\t\t\t\t\t\t\n\t\t\t\t\t<div class=\"row g-4\">\n\t\t\t\t<div class=\"col-12\">\n\t\t\t\t\t<div class=\"accordion\" id=\"accordion_header_553692\">\n\t\t\t\t\t\t<div class=\"accordion-item\">\n\t\t\t\t\t\t\t<h2 class=\"accordion-header\" id=\"heading_553692\">\n\t\t\t\t\t\t\t\t<button class=\"accordion-button collapsed\" type=\"button\" data-bs-toggle=\"collapse\" data-bs-target=\"#collapse_heading_553692\" aria-expanded=\"false\" aria-controls=\"collapse_heading_553692\">\n\t\t\t\t\t\t\t\t\t<span class=\"accordion-button__text\">T\u00e9l\u00e9charger les vid\u00e9os d&rsquo;instruction OptiFresh NG<\/span>\n\t\t\t\t\t\t\t\t<\/button>\n\t\t\t\t\t\t\t<\/h2>\n\t\t\t\t\t\t\t<div id=\"collapse_heading_553692\" class=\"accordion-collapse collapse\" aria-labelledby=\"heading_553692\" data-bs-parent=\"#accordion_header_553692\">\n\t\t\t\t\t\t\t\t<div class=\"accordion-body\">\n\t\t\t\t\t\t\t\t\t\t\t\t\t\t\t\t\t\t<div class=\"accordion\" id=\"accordion_553692\">\n\t\t\t\t\t\t\t\t\t\t\t\t\t\t\t\t\t\t\t\t\t\t\t\t\t\t\t\t\t\t\t\t\t\t\t\t\t\t\t\t\t\t\t\t<div class=\"accordion-item\">\n\t\t\t\t\t\t\t\t\t\t\t\t\t\t\t\t\t\t\t\t\t\t\t\t\t\t\t<div class=\"accordion-header\" id=\"heading553692_1\">\n\t\t\t\t\t\t\t\t\t\t\t\t\t\t\t<button class=\"accordion-button collapsed\" type=\"button\" data-bs-toggle=\"collapse\" data-bs-target=\"#collapse553692_1\" aria-expanded=\"false\" aria-controls=\"collapse553692_1\">\n\t\t\t\t\t\t\t\t\t\t\t\t\t\t\t\tMise en service de l&rsquo;OptiFresh NG\t\t\t\t\t\t\t\t\t\t\t\t\t\t\t<\/button>\n\t\t\t\t\t\t\t\t\t\t\t\t\t\t<\/div>\n\t\t\t\t\t\t\t\t\t\t\t\t\t\t\t\t\t\t\t\t\t\t\t\t\t\t<div id=\"collapse553692_1\" class=\"accordion-collapse collapse \" aria-labelledby=\"heading553692_1\" data-bs-parent=\"#accordion_553692\">\n\t\t\t\t\t\t\t\t\t\t\t\t\t\t<div class=\"accordion-body\">\n\t\t\t\t\t\t\t\t\t\t\t\t\t\t\t\t\t\t\t\t\t\t\t\t\t\t\t\t\t\t\n\n\t\t\t\t\t\t\t\t\t\t\t\t\t\t\t\n\t\t\t\t\t\t\t\t\t\t\t\t\t\t\t\t\t\t\t\t\t\t\t\t\t\t\t\t\t\t    <div class=\"row g-2\">\n                    <div class=\"col-4 col-md-3 col-lg-2\">\n                <a href=\"https:\/\/www.youtube.com\/watch?v=p5BxmtaHfT8\" target=\"_blank\">\n                    <img decoding=\"async\" class=\"img-fluid\" src=\"https:\/\/i.ytimg.com\/vi\/p5BxmtaHfT8\/mqdefault.jpg\" alt=\"\">\n                <\/a>\n            <\/div>\n            <\/div>\n\t\t\t\t\t\t\t\t\t\t\t\t\t\t<\/div>\n\t\t\t\t\t\t\t\t\t\t\t\t\t<\/div>\n\t\t\t\t\t\t\t\t\t\t\t\t<\/div>\n\t\t\t\t\t\t\t\t\t\t\t                    \n\t\t\t\t\t\t\t\t\t\t\t\t\t\t\t\t\t\t\t\t\t\t\t\t\t\t\t\t\t\t\t\t\t\t\t\t\t\t\t\t\t\t\t\t<div class=\"accordion-item\">\n\t\t\t\t\t\t\t\t\t\t\t\t\t\t\t\t\t\t\t\t\t\t\t\t\t\t\t<div class=\"accordion-header\" id=\"heading553692_2\">\n\t\t\t\t\t\t\t\t\t\t\t\t\t\t\t<button class=\"accordion-button collapsed\" type=\"button\" data-bs-toggle=\"collapse\" data-bs-target=\"#collapse553692_2\" aria-expanded=\"false\" aria-controls=\"collapse553692_2\">\n\t\t\t\t\t\t\t\t\t\t\t\t\t\t\t\tRemplacer Le Filtre Brasseur OptiFresh NG\t\t\t\t\t\t\t\t\t\t\t\t\t\t\t<\/button>\n\t\t\t\t\t\t\t\t\t\t\t\t\t\t<\/div>\n\t\t\t\t\t\t\t\t\t\t\t\t\t\t\t\t\t\t\t\t\t\t\t\t\t\t<div id=\"collapse553692_2\" class=\"accordion-collapse collapse \" aria-labelledby=\"heading553692_2\" data-bs-parent=\"#accordion_553692\">\n\t\t\t\t\t\t\t\t\t\t\t\t\t\t<div class=\"accordion-body\">\n\t\t\t\t\t\t\t\t\t\t\t\t\t\t\t\t\t\t\t\t\t\t\t\t\t\t\t\t\t\t\n\n\t\t\t\t\t\t\t\t\t\t\t\t\t\t\t\n\t\t\t\t\t\t\t\t\t\t\t\t\t\t\t\t\t\t\t\t\t\t\t\t\t\t\t\t\t\t    <div class=\"row g-2\">\n                    <div class=\"col-4 col-md-3 col-lg-2\">\n                <a href=\"https:\/\/www.youtube.com\/watch?v=mH2yOhb-QNQ\" target=\"_blank\">\n                    <img decoding=\"async\" class=\"img-fluid\" src=\"https:\/\/i.ytimg.com\/vi\/mH2yOhb-QNQ\/mqdefault.jpg\" alt=\"\">\n                <\/a>\n            <\/div>\n            <\/div>\n\t\t\t\t\t\t\t\t\t\t\t\t\t\t<\/div>\n\t\t\t\t\t\t\t\t\t\t\t\t\t<\/div>\n\t\t\t\t\t\t\t\t\t\t\t\t<\/div>\n\t\t\t\t\t\t\t\t\t\t\t                    \n\t\t\t\t\t\t\t\t\t\t\t\t\t\t\t\t\t\t\t\t\t\t\t\t\t\t\t\t\t\t\t\t\t\t\t\t\t\t\t\t\t\t\t\t<div class=\"accordion-item\">\n\t\t\t\t\t\t\t\t\t\t\t\t\t\t\t\t\t\t\t\t\t\t\t\t\t\t\t<div class=\"accordion-header\" id=\"heading553692_3\">\n\t\t\t\t\t\t\t\t\t\t\t\t\t\t\t<button class=\"accordion-button collapsed\" type=\"button\" data-bs-toggle=\"collapse\" data-bs-target=\"#collapse553692_3\" aria-expanded=\"false\" aria-controls=\"collapse553692_3\">\n\t\t\t\t\t\t\t\t\t\t\t\t\t\t\t\tNettoyage quotidien OptiFresh NG\t\t\t\t\t\t\t\t\t\t\t\t\t\t\t<\/button>\n\t\t\t\t\t\t\t\t\t\t\t\t\t\t<\/div>\n\t\t\t\t\t\t\t\t\t\t\t\t\t\t\t\t\t\t\t\t\t\t\t\t\t\t<div id=\"collapse553692_3\" class=\"accordion-collapse collapse \" aria-labelledby=\"heading553692_3\" data-bs-parent=\"#accordion_553692\">\n\t\t\t\t\t\t\t\t\t\t\t\t\t\t<div class=\"accordion-body\">\n\t\t\t\t\t\t\t\t\t\t\t\t\t\t\t\t\t\t\t\t\t\t\t\t\t\t\t\t\t\t\n\n\t\t\t\t\t\t\t\t\t\t\t\t\t\t\t\n\t\t\t\t\t\t\t\t\t\t\t\t\t\t\t\t\t\t\t\t\t\t\t\t\t\t\t\t\t\t    <div class=\"row g-2\">\n                    <div class=\"col-4 col-md-3 col-lg-2\">\n                <a href=\"https:\/\/www.youtube.com\/watch?v=Qrk2ObXg01c\" target=\"_blank\">\n                    <img decoding=\"async\" class=\"img-fluid\" src=\"https:\/\/i.ytimg.com\/vi\/Qrk2ObXg01c\/mqdefault.jpg\" alt=\"\">\n                <\/a>\n            <\/div>\n            <\/div>\n\t\t\t\t\t\t\t\t\t\t\t\t\t\t<\/div>\n\t\t\t\t\t\t\t\t\t\t\t\t\t<\/div>\n\t\t\t\t\t\t\t\t\t\t\t\t<\/div>\n\t\t\t\t\t\t\t\t\t\t\t                    \n\t\t\t\t\t\t\t\t\t\t\t\t\t\t\t\t\t\t\t\t\t\t\t\t\t\t\t\t\t\t\t\t\t\t\t\t\t\t\t\t\t\t\t\t<div class=\"accordion-item\">\n\t\t\t\t\t\t\t\t\t\t\t\t\t\t\t\t\t\t\t\t\t\t\t\t\t\t\t<div class=\"accordion-header\" id=\"heading553692_4\">\n\t\t\t\t\t\t\t\t\t\t\t\t\t\t\t<button class=\"accordion-button collapsed\" type=\"button\" data-bs-toggle=\"collapse\" data-bs-target=\"#collapse553692_4\" aria-expanded=\"false\" aria-controls=\"collapse553692_4\">\n\t\t\t\t\t\t\t\t\t\t\t\t\t\t\t\tNettoyage hebdomadaire OptiFresh NG\t\t\t\t\t\t\t\t\t\t\t\t\t\t\t<\/button>\n\t\t\t\t\t\t\t\t\t\t\t\t\t\t<\/div>\n\t\t\t\t\t\t\t\t\t\t\t\t\t\t\t\t\t\t\t\t\t\t\t\t\t\t<div id=\"collapse553692_4\" class=\"accordion-collapse collapse \" aria-labelledby=\"heading553692_4\" data-bs-parent=\"#accordion_553692\">\n\t\t\t\t\t\t\t\t\t\t\t\t\t\t<div class=\"accordion-body\">\n\t\t\t\t\t\t\t\t\t\t\t\t\t\t\t\t\t\t\t\t\t\t\t\t\t\t\t\t\t\t\n\n\t\t\t\t\t\t\t\t\t\t\t\t\t\t\t\n\t\t\t\t\t\t\t\t\t\t\t\t\t\t\t\t\t\t\t\t\t\t\t\t\t\t\t\t\t\t    <div class=\"row g-2\">\n                    <div class=\"col-4 col-md-3 col-lg-2\">\n                <a href=\"https:\/\/www.youtube.com\/watch?v=9xlpS7dZjZ4\" target=\"_blank\">\n                    <img decoding=\"async\" class=\"img-fluid\" src=\"https:\/\/i.ytimg.com\/vi\/9xlpS7dZjZ4\/mqdefault.jpg\" alt=\"\">\n                <\/a>\n            <\/div>\n            <\/div>\n\t\t\t\t\t\t\t\t\t\t\t\t\t\t<\/div>\n\t\t\t\t\t\t\t\t\t\t\t\t\t<\/div>\n\t\t\t\t\t\t\t\t\t\t\t\t<\/div>\n\t\t\t\t\t\t\t\t\t\t\t                    \n\t\t\t\t\t\t\t\t\t\t\t\t\t\t\t\t\t\t\t\t\t\t\t\t\t\t\t\t\t\t\t\t\t\t\t\t\t\t\t\t\t\t\t\t<div class=\"accordion-item\">\n\t\t\t\t\t\t\t\t\t\t\t\t\t\t\t\t\t\t\t\t\t\t\t\t\t\t\t<div class=\"accordion-header\" id=\"heading553692_5\">\n\t\t\t\t\t\t\t\t\t\t\t\t\t\t\t<button class=\"accordion-button collapsed\" type=\"button\" data-bs-toggle=\"collapse\" data-bs-target=\"#collapse553692_5\" aria-expanded=\"false\" aria-controls=\"collapse553692_5\">\n\t\t\t\t\t\t\t\t\t\t\t\t\t\t\t\tNettoyage mensuel OptiFresh NG\t\t\t\t\t\t\t\t\t\t\t\t\t\t\t<\/button>\n\t\t\t\t\t\t\t\t\t\t\t\t\t\t<\/div>\n\t\t\t\t\t\t\t\t\t\t\t\t\t\t\t\t\t\t\t\t\t\t\t\t\t\t<div id=\"collapse553692_5\" class=\"accordion-collapse collapse \" aria-labelledby=\"heading553692_5\" data-bs-parent=\"#accordion_553692\">\n\t\t\t\t\t\t\t\t\t\t\t\t\t\t<div class=\"accordion-body\">\n\t\t\t\t\t\t\t\t\t\t\t\t\t\t\t\t\t\t\t\t\t\t\t\t\t\t\t\t\t\t\n\n\t\t\t\t\t\t\t\t\t\t\t\t\t\t\t\n\t\t\t\t\t\t\t\t\t\t\t\t\t\t\t\t\t\t\t\t\t\t\t\t\t\t\t\t\t\t    <div class=\"row g-2\">\n                    <div class=\"col-4 col-md-3 col-lg-2\">\n                <a href=\"https:\/\/www.youtube.com\/watch?v=frfWWIdvVMw\" target=\"_blank\">\n                    <img decoding=\"async\" class=\"img-fluid\" src=\"https:\/\/i.ytimg.com\/vi\/frfWWIdvVMw\/mqdefault.jpg\" alt=\"\">\n                <\/a>\n            <\/div>\n            <\/div>\n\t\t\t\t\t\t\t\t\t\t\t\t\t\t<\/div>\n\t\t\t\t\t\t\t\t\t\t\t\t\t<\/div>\n\t\t\t\t\t\t\t\t\t\t\t\t<\/div>\n\t\t\t\t\t\t\t\t\t\t\t                    \n\t\t\t\t\t\t\t\t\t\t\t\t\t\t\t\t\t\t\t<\/div>\n\t\t\t\t\t\t\t\t\t\t\t\t\t\t\t\t\t<\/div>\n\t\t\t\t\t\t\t<\/div>\n\t\t\t\t\t\t<\/div>\n\t\t\t\t\t<\/div>\n\t\t\t\t<\/div>\n\t\t\t<\/div>\n\t\t\t<\/div>\t\n<\/div>\t\n\n<\/section><\/div>","protected":false},"excerpt":{"rendered":"","protected":false},"author":12,"featured_media":55450,"parent":70956,"menu_order":6,"comment_status":"closed","ping_status":"closed","template":"","meta":{"_acf_changed":false,"footnotes":""},"class_list":["post-70909","page","type-page","status-publish","has-post-thumbnail","hentry"],"acf":[],"yoast_head":"<!-- This site is optimized with the Yoast SEO plugin v25.5 - https:\/\/yoast.com\/wordpress\/plugins\/seo\/ -->\n<title>Vid\u00e9os p\u00e9dagogiques OptiFresh NG -<\/title>\n<meta name=\"description\" content=\"Vid\u00e9os p\u00e9dagogiques OptiFresh NG -\" \/>\n<meta name=\"robots\" content=\"index, follow, max-snippet:-1, max-image-preview:large, max-video-preview:-1\" \/>\n<link rel=\"canonical\" href=\"https:\/\/animo.eu\/fr\/soutien\/videos-pedagogiques\/videos-pedagogiques-optifresh_ng\/\" \/>\n<meta property=\"og:locale\" content=\"fr_FR\" \/>\n<meta property=\"og:type\" content=\"article\" \/>\n<meta property=\"og:title\" content=\"Vid\u00e9os p\u00e9dagogiques OptiFresh NG -\" \/>\n<meta property=\"og:description\" content=\"Vid\u00e9os p\u00e9dagogiques OptiFresh NG -\" \/>\n<meta property=\"og:url\" content=\"https:\/\/animo.eu\/fr\/soutien\/videos-pedagogiques\/videos-pedagogiques-optifresh_ng\/\" \/>\n<meta property=\"article:publisher\" content=\"https:\/\/www.facebook.com\/animobv\/\" \/>\n<meta property=\"article:modified_time\" content=\"2024-05-29T06:58:29+00:00\" \/>\n<meta property=\"og:image\" content=\"https:\/\/animo.eu\/wp-content\/uploads\/2024\/02\/Downloads-header.jpg\" \/>\n\t<meta property=\"og:image:width\" content=\"1772\" \/>\n\t<meta property=\"og:image:height\" content=\"1475\" \/>\n\t<meta property=\"og:image:type\" content=\"image\/jpeg\" \/>\n<meta name=\"twitter:card\" content=\"summary_large_image\" \/>\n<meta name=\"twitter:site\" content=\"@animokoffie\" \/>\n<meta name=\"twitter:label1\" content=\"Dur\u00e9e de lecture estim\u00e9e\" \/>\n\t<meta name=\"twitter:data1\" content=\"1 minute\" \/>\n<script type=\"application\/ld+json\" class=\"yoast-schema-graph\">{\"@context\":\"https:\/\/schema.org\",\"@graph\":[{\"@type\":\"WebPage\",\"@id\":\"https:\/\/animo.eu\/fr\/soutien\/videos-pedagogiques\/videos-pedagogiques-optifresh_ng\/\",\"url\":\"https:\/\/animo.eu\/fr\/soutien\/videos-pedagogiques\/videos-pedagogiques-optifresh_ng\/\",\"name\":\"Vid\u00e9os p\u00e9dagogiques OptiFresh NG -\",\"isPartOf\":{\"@id\":\"https:\/\/animo.eu\/fr\/#website\"},\"primaryImageOfPage\":{\"@id\":\"https:\/\/animo.eu\/fr\/soutien\/videos-pedagogiques\/videos-pedagogiques-optifresh_ng\/#primaryimage\"},\"image\":{\"@id\":\"https:\/\/animo.eu\/fr\/soutien\/videos-pedagogiques\/videos-pedagogiques-optifresh_ng\/#primaryimage\"},\"thumbnailUrl\":\"https:\/\/animo.eu\/wp-content\/uploads\/2024\/02\/Downloads-header.jpg\",\"datePublished\":\"2024-05-28T08:37:45+00:00\",\"dateModified\":\"2024-05-29T06:58:29+00:00\",\"description\":\"Vid\u00e9os p\u00e9dagogiques OptiFresh NG -\",\"breadcrumb\":{\"@id\":\"https:\/\/animo.eu\/fr\/soutien\/videos-pedagogiques\/videos-pedagogiques-optifresh_ng\/#breadcrumb\"},\"inLanguage\":\"fr-FR\",\"potentialAction\":[{\"@type\":\"ReadAction\",\"target\":[\"https:\/\/animo.eu\/fr\/soutien\/videos-pedagogiques\/videos-pedagogiques-optifresh_ng\/\"]}]},{\"@type\":\"ImageObject\",\"inLanguage\":\"fr-FR\",\"@id\":\"https:\/\/animo.eu\/fr\/soutien\/videos-pedagogiques\/videos-pedagogiques-optifresh_ng\/#primaryimage\",\"url\":\"https:\/\/animo.eu\/wp-content\/uploads\/2024\/02\/Downloads-header.jpg\",\"contentUrl\":\"https:\/\/animo.eu\/wp-content\/uploads\/2024\/02\/Downloads-header.jpg\",\"width\":1772,\"height\":1475},{\"@type\":\"BreadcrumbList\",\"@id\":\"https:\/\/animo.eu\/fr\/soutien\/videos-pedagogiques\/videos-pedagogiques-optifresh_ng\/#breadcrumb\",\"itemListElement\":[{\"@type\":\"ListItem\",\"position\":1,\"name\":\"Home\",\"item\":\"https:\/\/animo.eu\/fr\/\"},{\"@type\":\"ListItem\",\"position\":2,\"name\":\"Soutien\",\"item\":\"https:\/\/animo.eu\/fr\/soutien\/\"},{\"@type\":\"ListItem\",\"position\":3,\"name\":\"Vid\u00e9os p\u00e9dagogiques\",\"item\":\"https:\/\/animo.eu\/fr\/soutien\/videos-pedagogiques\/\"},{\"@type\":\"ListItem\",\"position\":4,\"name\":\"Vid\u00e9os p\u00e9dagogiques OptiFresh NG\"}]},{\"@type\":\"WebSite\",\"@id\":\"https:\/\/animo.eu\/fr\/#website\",\"url\":\"https:\/\/animo.eu\/fr\/\",\"name\":\"\",\"description\":\"\",\"potentialAction\":[{\"@type\":\"SearchAction\",\"target\":{\"@type\":\"EntryPoint\",\"urlTemplate\":\"https:\/\/animo.eu\/fr\/?s={search_term_string}\"},\"query-input\":{\"@type\":\"PropertyValueSpecification\",\"valueRequired\":true,\"valueName\":\"search_term_string\"}}],\"inLanguage\":\"fr-FR\"}]}<\/script>\n<!-- \/ Yoast SEO plugin. -->","yoast_head_json":{"title":"Vid\u00e9os p\u00e9dagogiques OptiFresh NG -","description":"Vid\u00e9os p\u00e9dagogiques OptiFresh NG -","robots":{"index":"index","follow":"follow","max-snippet":"max-snippet:-1","max-image-preview":"max-image-preview:large","max-video-preview":"max-video-preview:-1"},"canonical":"https:\/\/animo.eu\/fr\/soutien\/videos-pedagogiques\/videos-pedagogiques-optifresh_ng\/","og_locale":"fr_FR","og_type":"article","og_title":"Vid\u00e9os p\u00e9dagogiques OptiFresh NG -","og_description":"Vid\u00e9os p\u00e9dagogiques OptiFresh NG -","og_url":"https:\/\/animo.eu\/fr\/soutien\/videos-pedagogiques\/videos-pedagogiques-optifresh_ng\/","article_publisher":"https:\/\/www.facebook.com\/animobv\/","article_modified_time":"2024-05-29T06:58:29+00:00","og_image":[{"width":1772,"height":1475,"url":"https:\/\/animo.eu\/wp-content\/uploads\/2024\/02\/Downloads-header.jpg","type":"image\/jpeg"}],"twitter_card":"summary_large_image","twitter_site":"@animokoffie","twitter_misc":{"Dur\u00e9e de lecture estim\u00e9e":"1 minute"},"schema":{"@context":"https:\/\/schema.org","@graph":[{"@type":"WebPage","@id":"https:\/\/animo.eu\/fr\/soutien\/videos-pedagogiques\/videos-pedagogiques-optifresh_ng\/","url":"https:\/\/animo.eu\/fr\/soutien\/videos-pedagogiques\/videos-pedagogiques-optifresh_ng\/","name":"Vid\u00e9os p\u00e9dagogiques OptiFresh NG -","isPartOf":{"@id":"https:\/\/animo.eu\/fr\/#website"},"primaryImageOfPage":{"@id":"https:\/\/animo.eu\/fr\/soutien\/videos-pedagogiques\/videos-pedagogiques-optifresh_ng\/#primaryimage"},"image":{"@id":"https:\/\/animo.eu\/fr\/soutien\/videos-pedagogiques\/videos-pedagogiques-optifresh_ng\/#primaryimage"},"thumbnailUrl":"https:\/\/animo.eu\/wp-content\/uploads\/2024\/02\/Downloads-header.jpg","datePublished":"2024-05-28T08:37:45+00:00","dateModified":"2024-05-29T06:58:29+00:00","description":"Vid\u00e9os p\u00e9dagogiques OptiFresh NG -","breadcrumb":{"@id":"https:\/\/animo.eu\/fr\/soutien\/videos-pedagogiques\/videos-pedagogiques-optifresh_ng\/#breadcrumb"},"inLanguage":"fr-FR","potentialAction":[{"@type":"ReadAction","target":["https:\/\/animo.eu\/fr\/soutien\/videos-pedagogiques\/videos-pedagogiques-optifresh_ng\/"]}]},{"@type":"ImageObject","inLanguage":"fr-FR","@id":"https:\/\/animo.eu\/fr\/soutien\/videos-pedagogiques\/videos-pedagogiques-optifresh_ng\/#primaryimage","url":"https:\/\/animo.eu\/wp-content\/uploads\/2024\/02\/Downloads-header.jpg","contentUrl":"https:\/\/animo.eu\/wp-content\/uploads\/2024\/02\/Downloads-header.jpg","width":1772,"height":1475},{"@type":"BreadcrumbList","@id":"https:\/\/animo.eu\/fr\/soutien\/videos-pedagogiques\/videos-pedagogiques-optifresh_ng\/#breadcrumb","itemListElement":[{"@type":"ListItem","position":1,"name":"Home","item":"https:\/\/animo.eu\/fr\/"},{"@type":"ListItem","position":2,"name":"Soutien","item":"https:\/\/animo.eu\/fr\/soutien\/"},{"@type":"ListItem","position":3,"name":"Vid\u00e9os p\u00e9dagogiques","item":"https:\/\/animo.eu\/fr\/soutien\/videos-pedagogiques\/"},{"@type":"ListItem","position":4,"name":"Vid\u00e9os p\u00e9dagogiques OptiFresh NG"}]},{"@type":"WebSite","@id":"https:\/\/animo.eu\/fr\/#website","url":"https:\/\/animo.eu\/fr\/","name":"","description":"","potentialAction":[{"@type":"SearchAction","target":{"@type":"EntryPoint","urlTemplate":"https:\/\/animo.eu\/fr\/?s={search_term_string}"},"query-input":{"@type":"PropertyValueSpecification","valueRequired":true,"valueName":"search_term_string"}}],"inLanguage":"fr-FR"}]}},"_links":{"self":[{"href":"https:\/\/animo.eu\/fr\/wp-json\/wp\/v2\/pages\/70909"}],"collection":[{"href":"https:\/\/animo.eu\/fr\/wp-json\/wp\/v2\/pages"}],"about":[{"href":"https:\/\/animo.eu\/fr\/wp-json\/wp\/v2\/types\/page"}],"author":[{"embeddable":true,"href":"https:\/\/animo.eu\/fr\/wp-json\/wp\/v2\/users\/12"}],"replies":[{"embeddable":true,"href":"https:\/\/animo.eu\/fr\/wp-json\/wp\/v2\/comments?post=70909"}],"version-history":[{"count":6,"href":"https:\/\/animo.eu\/fr\/wp-json\/wp\/v2\/pages\/70909\/revisions"}],"predecessor-version":[{"id":71188,"href":"https:\/\/animo.eu\/fr\/wp-json\/wp\/v2\/pages\/70909\/revisions\/71188"}],"up":[{"embeddable":true,"href":"https:\/\/animo.eu\/fr\/wp-json\/wp\/v2\/pages\/70956"}],"wp:featuredmedia":[{"embeddable":true,"href":"https:\/\/animo.eu\/fr\/wp-json\/wp\/v2\/media\/55450"}],"wp:attachment":[{"href":"https:\/\/animo.eu\/fr\/wp-json\/wp\/v2\/media?parent=70909"}],"curies":[{"name":"wp","href":"https:\/\/api.w.org\/{rel}","templated":true}]}}