{"id":70940,"date":"2024-05-28T10:38:11","date_gmt":"2024-05-28T08:38:11","guid":{"rendered":"https:\/\/animo.eu\/?page_id=70940"},"modified":"2024-05-29T09:03:31","modified_gmt":"2024-05-29T07:03:31","slug":"videos-pedagogiques-optivend_ng","status":"publish","type":"page","link":"https:\/\/animo.eu\/fr\/soutien\/videos-pedagogiques\/videos-pedagogiques-optivend_ng\/","title":{"rendered":"Vid\u00e9os p\u00e9dagogiques OptiVend NG"},"content":{"rendered":"\t\t<section class=\"pane pane--white pane--accordion\">\n\t\t<div class=\"container\">\n\t\n\n\t<div id=\"Vid\u00e9os p\u00e9dagogiques\" class=\"card card--white mb-4 mb-lg-12 anchor\">\n\t\t<div class=\"card-body p-0\">\n\t\t\t\t\t\t\n\t\t\t\t\t<div class=\"row g-4\">\n\t\t\t\t<div class=\"col-12\">\n\t\t\t\t\t<div class=\"accordion\" id=\"accordion_header_323450\">\n\t\t\t\t\t\t<div class=\"accordion-item\">\n\t\t\t\t\t\t\t<h2 class=\"accordion-header\" id=\"heading_323450\">\n\t\t\t\t\t\t\t\t<button class=\"accordion-button collapsed\" type=\"button\" data-bs-toggle=\"collapse\" data-bs-target=\"#collapse_heading_323450\" aria-expanded=\"false\" aria-controls=\"collapse_heading_323450\">\n\t\t\t\t\t\t\t\t\t<span class=\"accordion-button__text\">T\u00e9l\u00e9charger les vid\u00e9os d&rsquo;instruction OptiVend NG<\/span>\n\t\t\t\t\t\t\t\t<\/button>\n\t\t\t\t\t\t\t<\/h2>\n\t\t\t\t\t\t\t<div id=\"collapse_heading_323450\" class=\"accordion-collapse collapse\" aria-labelledby=\"heading_323450\" data-bs-parent=\"#accordion_header_323450\">\n\t\t\t\t\t\t\t\t<div class=\"accordion-body\">\n\t\t\t\t\t\t\t\t\t\t\t\t\t\t\t\t\t\t<div class=\"accordion\" id=\"accordion_323450\">\n\t\t\t\t\t\t\t\t\t\t\t\t\t\t\t\t\t\t\t\t\t\t\t\t\t\t\t\t\t\t\t\t\t\t\t\t\t\t\t\t\t\t\t\t<div class=\"accordion-item\">\n\t\t\t\t\t\t\t\t\t\t\t\t\t\t\t\t\t\t\t\t\t\t\t\t\t\t\t<div class=\"accordion-header\" id=\"heading323450_1\">\n\t\t\t\t\t\t\t\t\t\t\t\t\t\t\t<button class=\"accordion-button collapsed\" type=\"button\" data-bs-toggle=\"collapse\" data-bs-target=\"#collapse323450_1\" aria-expanded=\"false\" aria-controls=\"collapse323450_1\">\n\t\t\t\t\t\t\t\t\t\t\t\t\t\t\t\tMise en service de l&rsquo;OptiVend NG\t\t\t\t\t\t\t\t\t\t\t\t\t\t\t<\/button>\n\t\t\t\t\t\t\t\t\t\t\t\t\t\t<\/div>\n\t\t\t\t\t\t\t\t\t\t\t\t\t\t\t\t\t\t\t\t\t\t\t\t\t\t<div id=\"collapse323450_1\" class=\"accordion-collapse collapse \" aria-labelledby=\"heading323450_1\" data-bs-parent=\"#accordion_323450\">\n\t\t\t\t\t\t\t\t\t\t\t\t\t\t<div class=\"accordion-body\">\n\t\t\t\t\t\t\t\t\t\t\t\t\t\t\t\t\t\t\t\t\t\t\t\t\t\t\t\t\t\t\n\n\t\t\t\t\t\t\t\t\t\t\t\t\t\t\t\n\t\t\t\t\t\t\t\t\t\t\t\t\t\t\t\t\t\t\t\t\t\t\t\t\t\t\t\t\t\t    <div class=\"row g-2\">\n                    <div class=\"col-4 col-md-3 col-lg-2\">\n                <a href=\"https:\/\/www.youtube.com\/watch?v=Fy3z6yzk4N4\" target=\"_blank\">\n                    <img decoding=\"async\" class=\"img-fluid\" src=\"https:\/\/i.ytimg.com\/vi\/Fy3z6yzk4N4\/mqdefault.jpg\" alt=\"\">\n                <\/a>\n            <\/div>\n            <\/div>\n\t\t\t\t\t\t\t\t\t\t\t\t\t\t<\/div>\n\t\t\t\t\t\t\t\t\t\t\t\t\t<\/div>\n\t\t\t\t\t\t\t\t\t\t\t\t<\/div>\n\t\t\t\t\t\t\t\t\t\t\t                    \n\t\t\t\t\t\t\t\t\t\t\t\t\t\t\t\t\t\t\t\t\t\t\t\t\t\t\t\t\t\t\t\t\t\t\t\t\t\t\t\t\t\t\t\t<div class=\"accordion-item\">\n\t\t\t\t\t\t\t\t\t\t\t\t\t\t\t\t\t\t\t\t\t\t\t\t\t\t\t<div class=\"accordion-header\" id=\"heading323450_2\">\n\t\t\t\t\t\t\t\t\t\t\t\t\t\t\t<button class=\"accordion-button collapsed\" type=\"button\" data-bs-toggle=\"collapse\" data-bs-target=\"#collapse323450_2\" aria-expanded=\"false\" aria-controls=\"collapse323450_2\">\n\t\t\t\t\t\t\t\t\t\t\t\t\t\t\t\tProgrammation des boutons de l&rsquo;OptiVend NG\t\t\t\t\t\t\t\t\t\t\t\t\t\t\t<\/button>\n\t\t\t\t\t\t\t\t\t\t\t\t\t\t<\/div>\n\t\t\t\t\t\t\t\t\t\t\t\t\t\t\t\t\t\t\t\t\t\t\t\t\t\t<div id=\"collapse323450_2\" class=\"accordion-collapse collapse \" aria-labelledby=\"heading323450_2\" data-bs-parent=\"#accordion_323450\">\n\t\t\t\t\t\t\t\t\t\t\t\t\t\t<div class=\"accordion-body\">\n\t\t\t\t\t\t\t\t\t\t\t\t\t\t\t\t\t\t\t\t\t\t\t\t\t\t\t\t\t\t\n\n\t\t\t\t\t\t\t\t\t\t\t\t\t\t\t\n\t\t\t\t\t\t\t\t\t\t\t\t\t\t\t\t\t\t\t\t\t\t\t\t\t\t\t\t\t\t    <div class=\"row g-2\">\n                    <div class=\"col-4 col-md-3 col-lg-2\">\n                <a href=\"https:\/\/www.youtube.com\/watch?v=00Z4oUK1HuM\" target=\"_blank\">\n                    <img decoding=\"async\" class=\"img-fluid\" src=\"https:\/\/i.ytimg.com\/vi\/00Z4oUK1HuM\/mqdefault.jpg\" alt=\"\">\n                <\/a>\n            <\/div>\n            <\/div>\n\t\t\t\t\t\t\t\t\t\t\t\t\t\t<\/div>\n\t\t\t\t\t\t\t\t\t\t\t\t\t<\/div>\n\t\t\t\t\t\t\t\t\t\t\t\t<\/div>\n\t\t\t\t\t\t\t\t\t\t\t                    \n\t\t\t\t\t\t\t\t\t\t\t\t\t\t\t\t\t\t\t\t\t\t\t\t\t\t\t\t\t\t\t\t\t\t\t\t\t\t\t\t\t\t\t\t<div class=\"accordion-item\">\n\t\t\t\t\t\t\t\t\t\t\t\t\t\t\t\t\t\t\t\t\t\t\t\t\t\t\t<div class=\"accordion-header\" id=\"heading323450_3\">\n\t\t\t\t\t\t\t\t\t\t\t\t\t\t\t<button class=\"accordion-button collapsed\" type=\"button\" data-bs-toggle=\"collapse\" data-bs-target=\"#collapse323450_3\" aria-expanded=\"false\" aria-controls=\"collapse323450_3\">\n\t\t\t\t\t\t\t\t\t\t\t\t\t\t\t\tNettoyage quotidien OptiVend NG\t\t\t\t\t\t\t\t\t\t\t\t\t\t\t<\/button>\n\t\t\t\t\t\t\t\t\t\t\t\t\t\t<\/div>\n\t\t\t\t\t\t\t\t\t\t\t\t\t\t\t\t\t\t\t\t\t\t\t\t\t\t<div id=\"collapse323450_3\" class=\"accordion-collapse collapse \" aria-labelledby=\"heading323450_3\" data-bs-parent=\"#accordion_323450\">\n\t\t\t\t\t\t\t\t\t\t\t\t\t\t<div class=\"accordion-body\">\n\t\t\t\t\t\t\t\t\t\t\t\t\t\t\t\t\t\t\t\t\t\t\t\t\t\t\t\t\t\t\n\n\t\t\t\t\t\t\t\t\t\t\t\t\t\t\t\n\t\t\t\t\t\t\t\t\t\t\t\t\t\t\t\t\t\t\t\t\t\t\t\t\t\t\t\t\t\t    <div class=\"row g-2\">\n                    <div class=\"col-4 col-md-3 col-lg-2\">\n                <a href=\"https:\/\/www.youtube.com\/watch?v=Qrk2ObXg01c\" target=\"_blank\">\n                    <img decoding=\"async\" class=\"img-fluid\" src=\"https:\/\/i.ytimg.com\/vi\/Qrk2ObXg01c\/mqdefault.jpg\" alt=\"\">\n                <\/a>\n            <\/div>\n            <\/div>\n\t\t\t\t\t\t\t\t\t\t\t\t\t\t<\/div>\n\t\t\t\t\t\t\t\t\t\t\t\t\t<\/div>\n\t\t\t\t\t\t\t\t\t\t\t\t<\/div>\n\t\t\t\t\t\t\t\t\t\t\t                    \n\t\t\t\t\t\t\t\t\t\t\t\t\t\t\t\t\t\t\t\t\t\t\t\t\t\t\t\t\t\t\t\t\t\t\t\t\t\t\t\t\t\t\t\t<div class=\"accordion-item\">\n\t\t\t\t\t\t\t\t\t\t\t\t\t\t\t\t\t\t\t\t\t\t\t\t\t\t\t<div class=\"accordion-header\" id=\"heading323450_4\">\n\t\t\t\t\t\t\t\t\t\t\t\t\t\t\t<button class=\"accordion-button collapsed\" type=\"button\" data-bs-toggle=\"collapse\" data-bs-target=\"#collapse323450_4\" aria-expanded=\"false\" aria-controls=\"collapse323450_4\">\n\t\t\t\t\t\t\t\t\t\t\t\t\t\t\t\tNettoyage hebdomadaire OptiVend NG\t\t\t\t\t\t\t\t\t\t\t\t\t\t\t<\/button>\n\t\t\t\t\t\t\t\t\t\t\t\t\t\t<\/div>\n\t\t\t\t\t\t\t\t\t\t\t\t\t\t\t\t\t\t\t\t\t\t\t\t\t\t<div id=\"collapse323450_4\" class=\"accordion-collapse collapse \" aria-labelledby=\"heading323450_4\" data-bs-parent=\"#accordion_323450\">\n\t\t\t\t\t\t\t\t\t\t\t\t\t\t<div class=\"accordion-body\">\n\t\t\t\t\t\t\t\t\t\t\t\t\t\t\t\t\t\t\t\t\t\t\t\t\t\t\t\t\t\t\n\n\t\t\t\t\t\t\t\t\t\t\t\t\t\t\t\n\t\t\t\t\t\t\t\t\t\t\t\t\t\t\t\t\t\t\t\t\t\t\t\t\t\t\t\t\t\t    <div class=\"row g-2\">\n                    <div class=\"col-4 col-md-3 col-lg-2\">\n                <a href=\"https:\/\/www.youtube.com\/watch?v=DyqPbAgWo-Y\" target=\"_blank\">\n                    <img decoding=\"async\" class=\"img-fluid\" src=\"https:\/\/i.ytimg.com\/vi\/DyqPbAgWo-Y\/mqdefault.jpg\" alt=\"\">\n                <\/a>\n            <\/div>\n            <\/div>\n\t\t\t\t\t\t\t\t\t\t\t\t\t\t<\/div>\n\t\t\t\t\t\t\t\t\t\t\t\t\t<\/div>\n\t\t\t\t\t\t\t\t\t\t\t\t<\/div>\n\t\t\t\t\t\t\t\t\t\t\t                    \n\t\t\t\t\t\t\t\t\t\t\t\t\t\t\t\t\t\t\t\t\t\t\t\t\t\t\t\t\t\t\t\t\t\t\t\t\t\t\t\t\t\t\t\t<div class=\"accordion-item\">\n\t\t\t\t\t\t\t\t\t\t\t\t\t\t\t\t\t\t\t\t\t\t\t\t\t\t\t<div class=\"accordion-header\" id=\"heading323450_5\">\n\t\t\t\t\t\t\t\t\t\t\t\t\t\t\t<button class=\"accordion-button collapsed\" type=\"button\" data-bs-toggle=\"collapse\" data-bs-target=\"#collapse323450_5\" aria-expanded=\"false\" aria-controls=\"collapse323450_5\">\n\t\t\t\t\t\t\t\t\t\t\t\t\t\t\t\tNettoyage mensuel OptiVend NG\t\t\t\t\t\t\t\t\t\t\t\t\t\t\t<\/button>\n\t\t\t\t\t\t\t\t\t\t\t\t\t\t<\/div>\n\t\t\t\t\t\t\t\t\t\t\t\t\t\t\t\t\t\t\t\t\t\t\t\t\t\t<div id=\"collapse323450_5\" class=\"accordion-collapse collapse \" aria-labelledby=\"heading323450_5\" data-bs-parent=\"#accordion_323450\">\n\t\t\t\t\t\t\t\t\t\t\t\t\t\t<div class=\"accordion-body\">\n\t\t\t\t\t\t\t\t\t\t\t\t\t\t\t\t\t\t\t\t\t\t\t\t\t\t\t\t\t\t\n\n\t\t\t\t\t\t\t\t\t\t\t\t\t\t\t\n\t\t\t\t\t\t\t\t\t\t\t\t\t\t\t\t\t\t\t\t\t\t\t\t\t\t\t\t\t\t    <div class=\"row g-2\">\n                    <div class=\"col-4 col-md-3 col-lg-2\">\n                <a href=\"https:\/\/www.youtube.com\/watch?v=lIolckDiGeI\" target=\"_blank\">\n                    <img decoding=\"async\" class=\"img-fluid\" src=\"https:\/\/i.ytimg.com\/vi\/lIolckDiGeI\/mqdefault.jpg\" alt=\"\">\n                <\/a>\n            <\/div>\n            <\/div>\n\t\t\t\t\t\t\t\t\t\t\t\t\t\t<\/div>\n\t\t\t\t\t\t\t\t\t\t\t\t\t<\/div>\n\t\t\t\t\t\t\t\t\t\t\t\t<\/div>\n\t\t\t\t\t\t\t\t\t\t\t                    \n\t\t\t\t\t\t\t\t\t\t\t\t\t\t\t\t\t\t\t<\/div>\n\t\t\t\t\t\t\t\t\t\t\t\t\t\t\t\t\t<\/div>\n\t\t\t\t\t\t\t<\/div>\n\t\t\t\t\t\t<\/div>\n\t\t\t\t\t<\/div>\n\t\t\t\t<\/div>\n\t\t\t<\/div>\n\t\t\t<\/div>\t\n<\/div>\t\n\n<\/section><\/div>","protected":false},"excerpt":{"rendered":"","protected":false},"author":12,"featured_media":55450,"parent":70956,"menu_order":11,"comment_status":"closed","ping_status":"closed","template":"","meta":{"_acf_changed":false,"footnotes":""},"class_list":["post-70940","page","type-page","status-publish","has-post-thumbnail","hentry"],"acf":[],"yoast_head":"<!-- This site is optimized with the Yoast SEO plugin v25.5 - https:\/\/yoast.com\/wordpress\/plugins\/seo\/ -->\n<title>Vid\u00e9os p\u00e9dagogiques OptiVend NG -<\/title>\n<meta name=\"description\" content=\"Vid\u00e9os p\u00e9dagogiques OptiVend NG -\" \/>\n<meta name=\"robots\" content=\"index, follow, max-snippet:-1, max-image-preview:large, max-video-preview:-1\" \/>\n<link rel=\"canonical\" href=\"https:\/\/animo.eu\/fr\/soutien\/videos-pedagogiques\/videos-pedagogiques-optivend_ng\/\" \/>\n<meta property=\"og:locale\" content=\"fr_FR\" \/>\n<meta property=\"og:type\" content=\"article\" \/>\n<meta property=\"og:title\" content=\"Vid\u00e9os p\u00e9dagogiques OptiVend NG -\" \/>\n<meta property=\"og:description\" content=\"Vid\u00e9os p\u00e9dagogiques OptiVend NG -\" \/>\n<meta property=\"og:url\" content=\"https:\/\/animo.eu\/fr\/soutien\/videos-pedagogiques\/videos-pedagogiques-optivend_ng\/\" \/>\n<meta property=\"article:publisher\" content=\"https:\/\/www.facebook.com\/animobv\/\" \/>\n<meta property=\"article:modified_time\" content=\"2024-05-29T07:03:31+00:00\" \/>\n<meta property=\"og:image\" content=\"https:\/\/animo.eu\/wp-content\/uploads\/2024\/02\/Downloads-header.jpg\" \/>\n\t<meta property=\"og:image:width\" content=\"1772\" \/>\n\t<meta property=\"og:image:height\" content=\"1475\" \/>\n\t<meta property=\"og:image:type\" content=\"image\/jpeg\" \/>\n<meta name=\"twitter:card\" content=\"summary_large_image\" \/>\n<meta name=\"twitter:site\" content=\"@animokoffie\" \/>\n<meta name=\"twitter:label1\" content=\"Dur\u00e9e de lecture estim\u00e9e\" \/>\n\t<meta name=\"twitter:data1\" content=\"1 minute\" \/>\n<script type=\"application\/ld+json\" class=\"yoast-schema-graph\">{\"@context\":\"https:\/\/schema.org\",\"@graph\":[{\"@type\":\"WebPage\",\"@id\":\"https:\/\/animo.eu\/fr\/soutien\/videos-pedagogiques\/videos-pedagogiques-optivend_ng\/\",\"url\":\"https:\/\/animo.eu\/fr\/soutien\/videos-pedagogiques\/videos-pedagogiques-optivend_ng\/\",\"name\":\"Vid\u00e9os p\u00e9dagogiques OptiVend NG -\",\"isPartOf\":{\"@id\":\"https:\/\/animo.eu\/fr\/#website\"},\"primaryImageOfPage\":{\"@id\":\"https:\/\/animo.eu\/fr\/soutien\/videos-pedagogiques\/videos-pedagogiques-optivend_ng\/#primaryimage\"},\"image\":{\"@id\":\"https:\/\/animo.eu\/fr\/soutien\/videos-pedagogiques\/videos-pedagogiques-optivend_ng\/#primaryimage\"},\"thumbnailUrl\":\"https:\/\/animo.eu\/wp-content\/uploads\/2024\/02\/Downloads-header.jpg\",\"datePublished\":\"2024-05-28T08:38:11+00:00\",\"dateModified\":\"2024-05-29T07:03:31+00:00\",\"description\":\"Vid\u00e9os p\u00e9dagogiques OptiVend NG -\",\"breadcrumb\":{\"@id\":\"https:\/\/animo.eu\/fr\/soutien\/videos-pedagogiques\/videos-pedagogiques-optivend_ng\/#breadcrumb\"},\"inLanguage\":\"fr-FR\",\"potentialAction\":[{\"@type\":\"ReadAction\",\"target\":[\"https:\/\/animo.eu\/fr\/soutien\/videos-pedagogiques\/videos-pedagogiques-optivend_ng\/\"]}]},{\"@type\":\"ImageObject\",\"inLanguage\":\"fr-FR\",\"@id\":\"https:\/\/animo.eu\/fr\/soutien\/videos-pedagogiques\/videos-pedagogiques-optivend_ng\/#primaryimage\",\"url\":\"https:\/\/animo.eu\/wp-content\/uploads\/2024\/02\/Downloads-header.jpg\",\"contentUrl\":\"https:\/\/animo.eu\/wp-content\/uploads\/2024\/02\/Downloads-header.jpg\",\"width\":1772,\"height\":1475},{\"@type\":\"BreadcrumbList\",\"@id\":\"https:\/\/animo.eu\/fr\/soutien\/videos-pedagogiques\/videos-pedagogiques-optivend_ng\/#breadcrumb\",\"itemListElement\":[{\"@type\":\"ListItem\",\"position\":1,\"name\":\"Home\",\"item\":\"https:\/\/animo.eu\/fr\/\"},{\"@type\":\"ListItem\",\"position\":2,\"name\":\"Soutien\",\"item\":\"https:\/\/animo.eu\/fr\/soutien\/\"},{\"@type\":\"ListItem\",\"position\":3,\"name\":\"Vid\u00e9os p\u00e9dagogiques\",\"item\":\"https:\/\/animo.eu\/fr\/soutien\/videos-pedagogiques\/\"},{\"@type\":\"ListItem\",\"position\":4,\"name\":\"Vid\u00e9os p\u00e9dagogiques OptiVend NG\"}]},{\"@type\":\"WebSite\",\"@id\":\"https:\/\/animo.eu\/fr\/#website\",\"url\":\"https:\/\/animo.eu\/fr\/\",\"name\":\"\",\"description\":\"\",\"potentialAction\":[{\"@type\":\"SearchAction\",\"target\":{\"@type\":\"EntryPoint\",\"urlTemplate\":\"https:\/\/animo.eu\/fr\/?s={search_term_string}\"},\"query-input\":{\"@type\":\"PropertyValueSpecification\",\"valueRequired\":true,\"valueName\":\"search_term_string\"}}],\"inLanguage\":\"fr-FR\"}]}<\/script>\n<!-- \/ Yoast SEO plugin. -->","yoast_head_json":{"title":"Vid\u00e9os p\u00e9dagogiques OptiVend NG -","description":"Vid\u00e9os p\u00e9dagogiques OptiVend NG -","robots":{"index":"index","follow":"follow","max-snippet":"max-snippet:-1","max-image-preview":"max-image-preview:large","max-video-preview":"max-video-preview:-1"},"canonical":"https:\/\/animo.eu\/fr\/soutien\/videos-pedagogiques\/videos-pedagogiques-optivend_ng\/","og_locale":"fr_FR","og_type":"article","og_title":"Vid\u00e9os p\u00e9dagogiques OptiVend NG -","og_description":"Vid\u00e9os p\u00e9dagogiques OptiVend NG -","og_url":"https:\/\/animo.eu\/fr\/soutien\/videos-pedagogiques\/videos-pedagogiques-optivend_ng\/","article_publisher":"https:\/\/www.facebook.com\/animobv\/","article_modified_time":"2024-05-29T07:03:31+00:00","og_image":[{"width":1772,"height":1475,"url":"https:\/\/animo.eu\/wp-content\/uploads\/2024\/02\/Downloads-header.jpg","type":"image\/jpeg"}],"twitter_card":"summary_large_image","twitter_site":"@animokoffie","twitter_misc":{"Dur\u00e9e de lecture estim\u00e9e":"1 minute"},"schema":{"@context":"https:\/\/schema.org","@graph":[{"@type":"WebPage","@id":"https:\/\/animo.eu\/fr\/soutien\/videos-pedagogiques\/videos-pedagogiques-optivend_ng\/","url":"https:\/\/animo.eu\/fr\/soutien\/videos-pedagogiques\/videos-pedagogiques-optivend_ng\/","name":"Vid\u00e9os p\u00e9dagogiques OptiVend NG -","isPartOf":{"@id":"https:\/\/animo.eu\/fr\/#website"},"primaryImageOfPage":{"@id":"https:\/\/animo.eu\/fr\/soutien\/videos-pedagogiques\/videos-pedagogiques-optivend_ng\/#primaryimage"},"image":{"@id":"https:\/\/animo.eu\/fr\/soutien\/videos-pedagogiques\/videos-pedagogiques-optivend_ng\/#primaryimage"},"thumbnailUrl":"https:\/\/animo.eu\/wp-content\/uploads\/2024\/02\/Downloads-header.jpg","datePublished":"2024-05-28T08:38:11+00:00","dateModified":"2024-05-29T07:03:31+00:00","description":"Vid\u00e9os p\u00e9dagogiques OptiVend NG -","breadcrumb":{"@id":"https:\/\/animo.eu\/fr\/soutien\/videos-pedagogiques\/videos-pedagogiques-optivend_ng\/#breadcrumb"},"inLanguage":"fr-FR","potentialAction":[{"@type":"ReadAction","target":["https:\/\/animo.eu\/fr\/soutien\/videos-pedagogiques\/videos-pedagogiques-optivend_ng\/"]}]},{"@type":"ImageObject","inLanguage":"fr-FR","@id":"https:\/\/animo.eu\/fr\/soutien\/videos-pedagogiques\/videos-pedagogiques-optivend_ng\/#primaryimage","url":"https:\/\/animo.eu\/wp-content\/uploads\/2024\/02\/Downloads-header.jpg","contentUrl":"https:\/\/animo.eu\/wp-content\/uploads\/2024\/02\/Downloads-header.jpg","width":1772,"height":1475},{"@type":"BreadcrumbList","@id":"https:\/\/animo.eu\/fr\/soutien\/videos-pedagogiques\/videos-pedagogiques-optivend_ng\/#breadcrumb","itemListElement":[{"@type":"ListItem","position":1,"name":"Home","item":"https:\/\/animo.eu\/fr\/"},{"@type":"ListItem","position":2,"name":"Soutien","item":"https:\/\/animo.eu\/fr\/soutien\/"},{"@type":"ListItem","position":3,"name":"Vid\u00e9os p\u00e9dagogiques","item":"https:\/\/animo.eu\/fr\/soutien\/videos-pedagogiques\/"},{"@type":"ListItem","position":4,"name":"Vid\u00e9os p\u00e9dagogiques OptiVend NG"}]},{"@type":"WebSite","@id":"https:\/\/animo.eu\/fr\/#website","url":"https:\/\/animo.eu\/fr\/","name":"","description":"","potentialAction":[{"@type":"SearchAction","target":{"@type":"EntryPoint","urlTemplate":"https:\/\/animo.eu\/fr\/?s={search_term_string}"},"query-input":{"@type":"PropertyValueSpecification","valueRequired":true,"valueName":"search_term_string"}}],"inLanguage":"fr-FR"}]}},"_links":{"self":[{"href":"https:\/\/animo.eu\/fr\/wp-json\/wp\/v2\/pages\/70940"}],"collection":[{"href":"https:\/\/animo.eu\/fr\/wp-json\/wp\/v2\/pages"}],"about":[{"href":"https:\/\/animo.eu\/fr\/wp-json\/wp\/v2\/types\/page"}],"author":[{"embeddable":true,"href":"https:\/\/animo.eu\/fr\/wp-json\/wp\/v2\/users\/12"}],"replies":[{"embeddable":true,"href":"https:\/\/animo.eu\/fr\/wp-json\/wp\/v2\/comments?post=70940"}],"version-history":[{"count":5,"href":"https:\/\/animo.eu\/fr\/wp-json\/wp\/v2\/pages\/70940\/revisions"}],"predecessor-version":[{"id":71190,"href":"https:\/\/animo.eu\/fr\/wp-json\/wp\/v2\/pages\/70940\/revisions\/71190"}],"up":[{"embeddable":true,"href":"https:\/\/animo.eu\/fr\/wp-json\/wp\/v2\/pages\/70956"}],"wp:featuredmedia":[{"embeddable":true,"href":"https:\/\/animo.eu\/fr\/wp-json\/wp\/v2\/media\/55450"}],"wp:attachment":[{"href":"https:\/\/animo.eu\/fr\/wp-json\/wp\/v2\/media?parent=70940"}],"curies":[{"name":"wp","href":"https:\/\/api.w.org\/{rel}","templated":true}]}}