{"id":74983,"date":"2024-11-04T12:00:16","date_gmt":"2024-11-04T11:00:16","guid":{"rendered":"https:\/\/animo.eu\/changements-dassortiment\/"},"modified":"2024-11-04T14:28:24","modified_gmt":"2024-11-04T13:28:24","slug":"changements-dassortiment","status":"publish","type":"page","link":"https:\/\/animo.eu\/fr\/changements-dassortiment\/","title":{"rendered":"Changements d&rsquo;assortiment"},"content":{"rendered":"\n<section  class=\"pane pane--white \">\n    <div class=\"container\">\n        <div class=\"row g-4 g-lg-8 g-xl-15 g-xxl-20  \">\n                            <div class=\"col-12 col-lg-6\">\n                    <div class=\"pane__text\">\n                        <p><strong>Chariots de service<\/strong><br \/>\nA partir du 1-11-2024, nous passerons \u00e0 de nouveaux chariots de service. Vous trouverez bient\u00f4t plus d&rsquo;informations ici.<\/p>\n<p><strong>OptiMe syst\u00e8me lait frais<\/strong><br \/>\nL&rsquo;OptiMe syst\u00e8me lait frais sera uniquement disponible en noir (RAL 9005) et en blanc (RAL 9003) ; aucune autre couleur ne sera disponible.<\/p>\n<p><strong>OptiBean Touch<\/strong><br \/>\nL&rsquo;OptiBean Touch ne sera plus disponible en 2025.<\/p>\n<p><strong>Accessoires ComBi-line<\/strong><br \/>\nLes articles suivants ne seront plus disponibles \u00e0 partir du 1-1-2025 :<\/p>\n<ul>\n<li>Table support en inox pour ComBi line (Avec syst\u00e8me de r\u00e9glage en hauteur pour rampe \u00e9gouttoir) : Num\u00e9ro d&rsquo;article : 1006482, 1006483, 1006484, 10737, 1006485, 1006486, 1006487, 10736<\/li>\n<li>Consoles (pour fixation murale) : Num\u00e9ro d&rsquo;article : 1006828, 1006832, 1006834, 1006831, 1006833, 1006835<\/li>\n<li>Tablette murale rabattable: Num\u00e9ro d&rsquo;article : 60008<\/li>\n<\/ul>\n                                                \n\n\n\n                    <\/div>\n                <\/div>\n                                        <div class=\"col-12 col-lg\">\n                    <figure class=\"figure \">\n                        <img decoding=\"async\" width=\"600\" height=\"280\" src=\"https:\/\/animo.eu\/wp-content\/uploads\/2024\/11\/Wijzigingen-assortiment-FR.png\" class=\"img-fluid\" alt=\"\" loading=\"lazy\" srcset=\"https:\/\/animo.eu\/wp-content\/uploads\/2024\/11\/Wijzigingen-assortiment-FR.png 600w, https:\/\/animo.eu\/wp-content\/uploads\/2024\/11\/Wijzigingen-assortiment-FR-300x140.png 300w, https:\/\/animo.eu\/wp-content\/uploads\/2024\/11\/Wijzigingen-assortiment-FR-70x33.png 70w, https:\/\/animo.eu\/wp-content\/uploads\/2024\/11\/Wijzigingen-assortiment-FR-550x257.png 550w, https:\/\/animo.eu\/wp-content\/uploads\/2024\/11\/Wijzigingen-assortiment-FR-214x100.png 214w, https:\/\/animo.eu\/wp-content\/uploads\/2024\/11\/Wijzigingen-assortiment-FR-150x70.png 150w\" sizes=\"(max-width: 600px) 100vw, 600px\" \/>                    <\/figure>\n                <\/div>\n                    <\/div>\n    <\/div>\n<\/section>\n","protected":false},"excerpt":{"rendered":"","protected":false},"author":23,"featured_media":74955,"parent":0,"menu_order":0,"comment_status":"closed","ping_status":"closed","template":"","meta":{"_acf_changed":false,"footnotes":""},"class_list":["post-74983","page","type-page","status-publish","has-post-thumbnail","hentry"],"acf":[],"yoast_head":"<!-- This site is optimized with the Yoast SEO plugin v25.5 - https:\/\/yoast.com\/wordpress\/plugins\/seo\/ -->\n<title>Changements d&#039;assortiment -<\/title>\n<meta name=\"description\" content=\"Changements d&#039;assortiment -\" \/>\n<meta name=\"robots\" content=\"index, follow, max-snippet:-1, max-image-preview:large, max-video-preview:-1\" \/>\n<link rel=\"canonical\" href=\"https:\/\/animo.eu\/fr\/changements-dassortiment\/\" \/>\n<meta property=\"og:locale\" content=\"fr_FR\" \/>\n<meta property=\"og:type\" content=\"article\" \/>\n<meta property=\"og:title\" content=\"Changements d&#039;assortiment -\" \/>\n<meta property=\"og:description\" content=\"Changements d&#039;assortiment -\" \/>\n<meta property=\"og:url\" content=\"https:\/\/animo.eu\/fr\/changements-dassortiment\/\" \/>\n<meta property=\"article:publisher\" content=\"https:\/\/www.facebook.com\/animobv\/\" \/>\n<meta property=\"article:modified_time\" content=\"2024-11-04T13:28:24+00:00\" \/>\n<meta property=\"og:image\" content=\"https:\/\/animo.eu\/wp-content\/uploads\/2024\/11\/Wijzigingen-assortiment-voor-site.png\" \/>\n\t<meta property=\"og:image:width\" content=\"600\" \/>\n\t<meta property=\"og:image:height\" content=\"280\" \/>\n\t<meta property=\"og:image:type\" content=\"image\/png\" \/>\n<meta name=\"twitter:card\" content=\"summary_large_image\" \/>\n<meta name=\"twitter:site\" content=\"@animokoffie\" \/>\n<meta name=\"twitter:label1\" content=\"Dur\u00e9e de lecture estim\u00e9e\" \/>\n\t<meta name=\"twitter:data1\" content=\"1 minute\" \/>\n<script type=\"application\/ld+json\" class=\"yoast-schema-graph\">{\"@context\":\"https:\/\/schema.org\",\"@graph\":[{\"@type\":\"WebPage\",\"@id\":\"https:\/\/animo.eu\/fr\/changements-dassortiment\/\",\"url\":\"https:\/\/animo.eu\/fr\/changements-dassortiment\/\",\"name\":\"Changements d'assortiment -\",\"isPartOf\":{\"@id\":\"https:\/\/animo.eu\/fr\/#website\"},\"primaryImageOfPage\":{\"@id\":\"https:\/\/animo.eu\/fr\/changements-dassortiment\/#primaryimage\"},\"image\":{\"@id\":\"https:\/\/animo.eu\/fr\/changements-dassortiment\/#primaryimage\"},\"thumbnailUrl\":\"https:\/\/animo.eu\/wp-content\/uploads\/2024\/11\/Wijzigingen-assortiment-voor-site.png\",\"datePublished\":\"2024-11-04T11:00:16+00:00\",\"dateModified\":\"2024-11-04T13:28:24+00:00\",\"description\":\"Changements d'assortiment -\",\"breadcrumb\":{\"@id\":\"https:\/\/animo.eu\/fr\/changements-dassortiment\/#breadcrumb\"},\"inLanguage\":\"fr-FR\",\"potentialAction\":[{\"@type\":\"ReadAction\",\"target\":[\"https:\/\/animo.eu\/fr\/changements-dassortiment\/\"]}]},{\"@type\":\"ImageObject\",\"inLanguage\":\"fr-FR\",\"@id\":\"https:\/\/animo.eu\/fr\/changements-dassortiment\/#primaryimage\",\"url\":\"https:\/\/animo.eu\/wp-content\/uploads\/2024\/11\/Wijzigingen-assortiment-voor-site.png\",\"contentUrl\":\"https:\/\/animo.eu\/wp-content\/uploads\/2024\/11\/Wijzigingen-assortiment-voor-site.png\",\"width\":600,\"height\":280},{\"@type\":\"BreadcrumbList\",\"@id\":\"https:\/\/animo.eu\/fr\/changements-dassortiment\/#breadcrumb\",\"itemListElement\":[{\"@type\":\"ListItem\",\"position\":1,\"name\":\"Home\",\"item\":\"https:\/\/animo.eu\/fr\/\"},{\"@type\":\"ListItem\",\"position\":2,\"name\":\"Changements d&#8217;assortiment\"}]},{\"@type\":\"WebSite\",\"@id\":\"https:\/\/animo.eu\/fr\/#website\",\"url\":\"https:\/\/animo.eu\/fr\/\",\"name\":\"\",\"description\":\"\",\"potentialAction\":[{\"@type\":\"SearchAction\",\"target\":{\"@type\":\"EntryPoint\",\"urlTemplate\":\"https:\/\/animo.eu\/fr\/?s={search_term_string}\"},\"query-input\":{\"@type\":\"PropertyValueSpecification\",\"valueRequired\":true,\"valueName\":\"search_term_string\"}}],\"inLanguage\":\"fr-FR\"}]}<\/script>\n<!-- \/ Yoast SEO plugin. -->","yoast_head_json":{"title":"Changements d'assortiment -","description":"Changements d'assortiment -","robots":{"index":"index","follow":"follow","max-snippet":"max-snippet:-1","max-image-preview":"max-image-preview:large","max-video-preview":"max-video-preview:-1"},"canonical":"https:\/\/animo.eu\/fr\/changements-dassortiment\/","og_locale":"fr_FR","og_type":"article","og_title":"Changements d'assortiment -","og_description":"Changements d'assortiment -","og_url":"https:\/\/animo.eu\/fr\/changements-dassortiment\/","article_publisher":"https:\/\/www.facebook.com\/animobv\/","article_modified_time":"2024-11-04T13:28:24+00:00","og_image":[{"width":600,"height":280,"url":"https:\/\/animo.eu\/wp-content\/uploads\/2024\/11\/Wijzigingen-assortiment-voor-site.png","type":"image\/png"}],"twitter_card":"summary_large_image","twitter_site":"@animokoffie","twitter_misc":{"Dur\u00e9e de lecture estim\u00e9e":"1 minute"},"schema":{"@context":"https:\/\/schema.org","@graph":[{"@type":"WebPage","@id":"https:\/\/animo.eu\/fr\/changements-dassortiment\/","url":"https:\/\/animo.eu\/fr\/changements-dassortiment\/","name":"Changements d'assortiment -","isPartOf":{"@id":"https:\/\/animo.eu\/fr\/#website"},"primaryImageOfPage":{"@id":"https:\/\/animo.eu\/fr\/changements-dassortiment\/#primaryimage"},"image":{"@id":"https:\/\/animo.eu\/fr\/changements-dassortiment\/#primaryimage"},"thumbnailUrl":"https:\/\/animo.eu\/wp-content\/uploads\/2024\/11\/Wijzigingen-assortiment-voor-site.png","datePublished":"2024-11-04T11:00:16+00:00","dateModified":"2024-11-04T13:28:24+00:00","description":"Changements d'assortiment -","breadcrumb":{"@id":"https:\/\/animo.eu\/fr\/changements-dassortiment\/#breadcrumb"},"inLanguage":"fr-FR","potentialAction":[{"@type":"ReadAction","target":["https:\/\/animo.eu\/fr\/changements-dassortiment\/"]}]},{"@type":"ImageObject","inLanguage":"fr-FR","@id":"https:\/\/animo.eu\/fr\/changements-dassortiment\/#primaryimage","url":"https:\/\/animo.eu\/wp-content\/uploads\/2024\/11\/Wijzigingen-assortiment-voor-site.png","contentUrl":"https:\/\/animo.eu\/wp-content\/uploads\/2024\/11\/Wijzigingen-assortiment-voor-site.png","width":600,"height":280},{"@type":"BreadcrumbList","@id":"https:\/\/animo.eu\/fr\/changements-dassortiment\/#breadcrumb","itemListElement":[{"@type":"ListItem","position":1,"name":"Home","item":"https:\/\/animo.eu\/fr\/"},{"@type":"ListItem","position":2,"name":"Changements d&#8217;assortiment"}]},{"@type":"WebSite","@id":"https:\/\/animo.eu\/fr\/#website","url":"https:\/\/animo.eu\/fr\/","name":"","description":"","potentialAction":[{"@type":"SearchAction","target":{"@type":"EntryPoint","urlTemplate":"https:\/\/animo.eu\/fr\/?s={search_term_string}"},"query-input":{"@type":"PropertyValueSpecification","valueRequired":true,"valueName":"search_term_string"}}],"inLanguage":"fr-FR"}]}},"_links":{"self":[{"href":"https:\/\/animo.eu\/fr\/wp-json\/wp\/v2\/pages\/74983"}],"collection":[{"href":"https:\/\/animo.eu\/fr\/wp-json\/wp\/v2\/pages"}],"about":[{"href":"https:\/\/animo.eu\/fr\/wp-json\/wp\/v2\/types\/page"}],"author":[{"embeddable":true,"href":"https:\/\/animo.eu\/fr\/wp-json\/wp\/v2\/users\/23"}],"replies":[{"embeddable":true,"href":"https:\/\/animo.eu\/fr\/wp-json\/wp\/v2\/comments?post=74983"}],"version-history":[{"count":4,"href":"https:\/\/animo.eu\/fr\/wp-json\/wp\/v2\/pages\/74983\/revisions"}],"predecessor-version":[{"id":75000,"href":"https:\/\/animo.eu\/fr\/wp-json\/wp\/v2\/pages\/74983\/revisions\/75000"}],"wp:featuredmedia":[{"embeddable":true,"href":"https:\/\/animo.eu\/fr\/wp-json\/wp\/v2\/media\/74955"}],"wp:attachment":[{"href":"https:\/\/animo.eu\/fr\/wp-json\/wp\/v2\/media?parent=74983"}],"curies":[{"name":"wp","href":"https:\/\/api.w.org\/{rel}","templated":true}]}}