{"id":1683,"date":"2023-02-02T11:44:47","date_gmt":"2023-02-02T10:44:47","guid":{"rendered":"http:\/\/localhost:8888\/animo\/home\/"},"modified":"2024-06-05T13:58:13","modified_gmt":"2024-06-05T11:58:13","slug":"home","status":"publish","type":"page","link":"https:\/\/animo.eu\/no\/","title":{"rendered":"Hjem"},"content":{"rendered":"\n<section class=\"hero\">\n    <div class=\"hero__background\">\n                                            <video class=\"hero__video\" autoplay loop muted playsinline>\n                    <source src=\"https:\/\/animo.eu\/wp-content\/uploads\/2024\/05\/Optime_X_zonder_logo_3840x2160.mp4\" type=\"video\/mp4\">\n                <\/video>\n                <script>\n                (function(){\n                var width = window.innerWidth || document.documentElement.clientWidth || document.body.clientWidth;\n                var height = window.innerHeight || document.documentElement.clientHeight || document.body.clientHeight;\n                if (width < 600)\n                    document.querySelector(\"video source\").setAttribute('src', 'https:\/\/animo.eu\/wp-content\/uploads\/2024\/05\/Optime_X_banner-2520x1080-1.mp4');\n                else if (width < 992)\n                    document.querySelector(\"video source\").setAttribute('src', 'https:\/\/animo.eu\/wp-content\/uploads\/2024\/05\/Optime_X_square_2160x2160.mp4');\n                })();<\/script>\n                        <\/div>    \n            <div class=\"hero__content\">\n            <div class=\"container\">\n                <div class=\"row\">                    <div class=\"col-12 col-lg-9 col-xl-8\">                        <div class=\"hero__text \">\n                            <p>V\u00e5r nyeste kaffemaskin<\/p>\n<h1>OptiMe<\/h1>\n                        <\/div>\n                                                \n\n    <div class=\"pane__button-group\">\n        <div class=\"row g-2 g-lg-3 justify-content-start\">\n                            <div class=\"col-auto\">\n                                        <a class=\"btn btn-white\" href=\"https:\/\/animo.eu\/no\/kaffemaskiner\/optime-x\/\" target=\"_self\">\n                        <span class=\"btn__text\">Oppdag mer<\/span>\n                        <svg class=\"icon icon--20 icon--arrow\">\n                            <use xlink:href=\"https:\/\/animo.eu\/wp-content\/themes\/animo\/build\/img\/symbols.svg#arrow-right\"><\/use>\n                        <\/svg>\n                    <\/a>\n                <\/div>\n                    <\/div>\n    <\/div>\n\n\n                    <\/div>\n                <\/div>\n            <\/div>\n        <\/div>\n        <div class=\"hero__scroll\">\n        <span>Rulle<\/span>\n        <svg class=\"icon icon--20 text-secondary\">\n            <use xlink:href=\"https:\/\/animo.eu\/wp-content\/themes\/animo\/build\/img\/symbols.svg#arrow-down\"><\/use>\n        <\/svg>      \n    <\/div>\n<\/section>\n\n\n\n<section  class=\"pane pane--white \">\n    <div class=\"container\">\n                    <div class=\"row justify-content-center mb-10\">\n                <div class=\"col-12 col-lg-10 col-xl-8\">\n                    <div class=\"pane__text\">\n                        <h2 style=\"text-align: center\">Favorittprodukter<\/h2>\n<p style=\"text-align: center\">Vi hjelper deg gjerne i jakten p\u00e5 den smakfulle kaffen<\/p>\n                    <\/div>\n                <\/div>\n            <\/div>\n                            <div class=\"row row--equalized g-4 g-lg-3 g-xl-6\">\n              \n                <div class=\"col-12 col-md-6 col-lg-3\">\n                    <div class=\"card card--product\">\n                        <div class=\"card-header\">\n                <div class=\"badge bg-tertiary\">B\u00f8nner (espresso)<\/div>\n            <\/div>\n                <div class=\"card__image\">\n                    <img decoding=\"async\" width=\"550\" height=\"458\" src=\"https:\/\/animo.eu\/wp-content\/uploads\/2024\/05\/OptiMe-X-white_black-550x458.png\" class=\"image wp-post-image\" alt=\"\" loading=\"lazy\" srcset=\"https:\/\/animo.eu\/wp-content\/uploads\/2024\/05\/OptiMe-X-white_black-550x458.png 550w, https:\/\/animo.eu\/wp-content\/uploads\/2024\/05\/OptiMe-X-white_black-300x250.png 300w, https:\/\/animo.eu\/wp-content\/uploads\/2024\/05\/OptiMe-X-white_black-1024x852.png 1024w, https:\/\/animo.eu\/wp-content\/uploads\/2024\/05\/OptiMe-X-white_black-768x639.png 768w, https:\/\/animo.eu\/wp-content\/uploads\/2024\/05\/OptiMe-X-white_black-1536x1279.png 1536w, https:\/\/animo.eu\/wp-content\/uploads\/2024\/05\/OptiMe-X-white_black-70x58.png 70w, https:\/\/animo.eu\/wp-content\/uploads\/2024\/05\/OptiMe-X-white_black-800x666.png 800w, https:\/\/animo.eu\/wp-content\/uploads\/2024\/05\/OptiMe-X-white_black-120x100.png 120w, https:\/\/animo.eu\/wp-content\/uploads\/2024\/05\/OptiMe-X-white_black-150x125.png 150w, https:\/\/animo.eu\/wp-content\/uploads\/2024\/05\/OptiMe-X-white_black.png 1772w\" sizes=\"(max-width: 550px) 100vw, 550px\" \/>                <\/div>\n    <div class=\"card-body\">\n        <h3 class=\"card-title\">OptiMe X<\/h3>\n                    <p class=\"mb-0\">Med OptiMe X kan du enkelt brygge to kopper samtidig. Dette er mulig takket v\u00e6re X-press-bryggeren. Den perfekte kaffen har aldri v\u00e6rt enklere.<\/p>\n            <\/div>\n    <div class=\"card-footer\">\n        <span class=\"btn btn-outline-secondary\">\n            <span class=\"btn__text\">Mer informasjon<\/span>\n            <svg class=\"icon icon--20 icon--arrow\">\n                <use xlink:href=\"https:\/\/animo.eu\/wp-content\/themes\/animo\/build\/img\/symbols.svg#arrow-right\"><\/use>\n            <\/svg>\n        <\/span>\n    <\/div>\n    <a class=\"stretched-link\" href=\"https:\/\/animo.eu\/no\/kaffemaskiner\/optime-x\/\"><\/a>\n<\/div>\n                <\/div>\n              \n                <div class=\"col-12 col-md-6 col-lg-3\">\n                    <div class=\"card card--product\">\n                        <div class=\"card-header\">\n                <div class=\"badge bg-tertiary\">B\u00f8nner (espresso)<\/div>\n            <\/div>\n                <div class=\"card__image\">\n                    <img decoding=\"async\" width=\"550\" height=\"458\" src=\"https:\/\/animo.eu\/wp-content\/uploads\/2023\/06\/OptiBean-X-550x458.png\" class=\"image wp-post-image\" alt=\"\" loading=\"lazy\" srcset=\"https:\/\/animo.eu\/wp-content\/uploads\/2023\/06\/OptiBean-X-550x458.png 550w, https:\/\/animo.eu\/wp-content\/uploads\/2023\/06\/OptiBean-X-300x250.png 300w, https:\/\/animo.eu\/wp-content\/uploads\/2023\/06\/OptiBean-X-1024x852.png 1024w, https:\/\/animo.eu\/wp-content\/uploads\/2023\/06\/OptiBean-X-768x639.png 768w, https:\/\/animo.eu\/wp-content\/uploads\/2023\/06\/OptiBean-X-1536x1279.png 1536w, https:\/\/animo.eu\/wp-content\/uploads\/2023\/06\/OptiBean-X-70x58.png 70w, https:\/\/animo.eu\/wp-content\/uploads\/2023\/06\/OptiBean-X-120x100.png 120w, https:\/\/animo.eu\/wp-content\/uploads\/2023\/06\/OptiBean-X-150x125.png 150w, https:\/\/animo.eu\/wp-content\/uploads\/2023\/06\/OptiBean-X.png 1772w\" sizes=\"(max-width: 550px) 100vw, 550px\" \/>                <\/div>\n    <div class=\"card-body\">\n        <h3 class=\"card-title\">OptiBean X<\/h3>\n                    <p class=\"mb-0\">En sterk espresso, den perfekte cappuccino, en deilig lungo - uansett hva du drikker, er den sanne smaken i de minste detaljene. Det er akkurat det OptiBean X tilbyr.<\/p>\n            <\/div>\n    <div class=\"card-footer\">\n        <span class=\"btn btn-outline-secondary\">\n            <span class=\"btn__text\">Mer informasjon<\/span>\n            <svg class=\"icon icon--20 icon--arrow\">\n                <use xlink:href=\"https:\/\/animo.eu\/wp-content\/themes\/animo\/build\/img\/symbols.svg#arrow-right\"><\/use>\n            <\/svg>\n        <\/span>\n    <\/div>\n    <a class=\"stretched-link\" href=\"https:\/\/animo.eu\/no\/kaffemaskiner\/optibean_x\/\"><\/a>\n<\/div>\n                <\/div>\n              \n                <div class=\"col-12 col-md-6 col-lg-3\">\n                    <div class=\"card card--product\">\n                        <div class=\"card-header\">\n                <div class=\"badge bg-tertiary\">Umiddelbar<\/div>\n            <\/div>\n                <div class=\"card__image\">\n                    <img decoding=\"async\" width=\"550\" height=\"458\" src=\"https:\/\/animo.eu\/wp-content\/uploads\/2023\/06\/OptiVend-Touch-550x458.png\" class=\"image wp-post-image\" alt=\"\" loading=\"lazy\" srcset=\"https:\/\/animo.eu\/wp-content\/uploads\/2023\/06\/OptiVend-Touch-550x458.png 550w, https:\/\/animo.eu\/wp-content\/uploads\/2023\/06\/OptiVend-Touch-300x250.png 300w, https:\/\/animo.eu\/wp-content\/uploads\/2023\/06\/OptiVend-Touch-1024x852.png 1024w, https:\/\/animo.eu\/wp-content\/uploads\/2023\/06\/OptiVend-Touch-768x639.png 768w, https:\/\/animo.eu\/wp-content\/uploads\/2023\/06\/OptiVend-Touch-1536x1279.png 1536w, https:\/\/animo.eu\/wp-content\/uploads\/2023\/06\/OptiVend-Touch-70x58.png 70w, https:\/\/animo.eu\/wp-content\/uploads\/2023\/06\/OptiVend-Touch-120x100.png 120w, https:\/\/animo.eu\/wp-content\/uploads\/2023\/06\/OptiVend-Touch-150x125.png 150w, https:\/\/animo.eu\/wp-content\/uploads\/2023\/06\/OptiVend-Touch.png 1772w\" sizes=\"(max-width: 550px) 100vw, 550px\" \/>                <\/div>\n    <div class=\"card-body\">\n        <h3 class=\"card-title\">OptiVend<\/h3>\n                    <p class=\"mb-0\">Opplev kraften til OptiVend. Nyt pulverkaffe p\u00e5 bare noen f\u00e5 sekunder, med perfekt smak og temperatur. N\u00e5r som helst p\u00e5 d\u00f8gnet.  <\/p>\n            <\/div>\n    <div class=\"card-footer\">\n        <span class=\"btn btn-outline-secondary\">\n            <span class=\"btn__text\">Mer informasjon<\/span>\n            <svg class=\"icon icon--20 icon--arrow\">\n                <use xlink:href=\"https:\/\/animo.eu\/wp-content\/themes\/animo\/build\/img\/symbols.svg#arrow-right\"><\/use>\n            <\/svg>\n        <\/span>\n    <\/div>\n    <a class=\"stretched-link\" href=\"https:\/\/animo.eu\/no\/kaffemaskiner\/optivend\/\"><\/a>\n<\/div>\n                <\/div>\n              \n                <div class=\"col-12 col-md-6 col-lg-3\">\n                    <div class=\"card card--product\">\n                        <div class=\"card-header\">\n                <div class=\"badge bg-tertiary\">Kaffekokerinstallasjoner<\/div>\n            <\/div>\n                <div class=\"card__image\">\n                    <img decoding=\"async\" width=\"550\" height=\"458\" src=\"https:\/\/animo.eu\/wp-content\/uploads\/2023\/08\/Combi-line-product-550x458.png\" class=\"image wp-post-image\" alt=\"\" loading=\"lazy\" srcset=\"https:\/\/animo.eu\/wp-content\/uploads\/2023\/08\/Combi-line-product-550x458.png 550w, https:\/\/animo.eu\/wp-content\/uploads\/2023\/08\/Combi-line-product-300x250.png 300w, https:\/\/animo.eu\/wp-content\/uploads\/2023\/08\/Combi-line-product-1024x852.png 1024w, https:\/\/animo.eu\/wp-content\/uploads\/2023\/08\/Combi-line-product-768x639.png 768w, https:\/\/animo.eu\/wp-content\/uploads\/2023\/08\/Combi-line-product-1536x1279.png 1536w, https:\/\/animo.eu\/wp-content\/uploads\/2023\/08\/Combi-line-product-70x58.png 70w, https:\/\/animo.eu\/wp-content\/uploads\/2023\/08\/Combi-line-product-800x666.png 800w, https:\/\/animo.eu\/wp-content\/uploads\/2023\/08\/Combi-line-product-120x100.png 120w, https:\/\/animo.eu\/wp-content\/uploads\/2023\/08\/Combi-line-product-150x125.png 150w, https:\/\/animo.eu\/wp-content\/uploads\/2023\/08\/Combi-line-product.png 1772w\" sizes=\"(max-width: 550px) 100vw, 550px\" \/>                <\/div>\n    <div class=\"card-body\">\n        <h3 class=\"card-title\">ComBi-line<\/h3>\n                    <p class=\"mb-0\">Med ComBi-line kaffetraktere kan du enkelt tilberede store mengder fersk filterkaffe p\u00e5 kort tid.<\/p>\n            <\/div>\n    <div class=\"card-footer\">\n        <span class=\"btn btn-outline-secondary\">\n            <span class=\"btn__text\">Mer informasjon<\/span>\n            <svg class=\"icon icon--20 icon--arrow\">\n                <use xlink:href=\"https:\/\/animo.eu\/wp-content\/themes\/animo\/build\/img\/symbols.svg#arrow-right\"><\/use>\n            <\/svg>\n        <\/span>\n    <\/div>\n    <a class=\"stretched-link\" href=\"https:\/\/animo.eu\/no\/kaffekokerinstallasjoner\/kaffekokerinstallasjoner\/\"><\/a>\n<\/div>\n                <\/div>\n                        <\/div>\n                        <\/div>\n<\/section>\n\n\n\n<section  class=\"pane pane--white \">\n    <div class=\"container\">\n        <div class=\"row g-4 g-lg-8 g-xl-15 g-xxl-20 align-items-center flex-lg-row-reverse\">\n                            <div class=\"col-12 col-lg-6\">\n                    <div class=\"pane__text\">\n                        <h2>Vi er Animo<\/h2>\n<p>Vi lager kaffebryggesystemer og maskiner av h\u00f8y kvalitet for folk som \u00f8nsker \u00e5 servere god kaffe. Brukervennlige enheter med mange alternativer som er enkle \u00e5 vedlikeholde og varer lenge. Maskiner som lager deilig kaffe hver gang. Men ogs\u00e5 te, sjokolademelk eller suppe. Vi har gjort dette siden 1950. For inn- og utland. For god kaffe er et sp\u00f8rsm\u00e5l om en god maskin. Og en god maskin er et sp\u00f8rsm\u00e5l om erfaring, kunnskap og engasjement.<\/p>\n<ul>\n<li>Laget i Nederland<\/li>\n<li>Verdensomspennende distribusjon<\/li>\n<li>Dedikert service- og supportavdeling<\/li>\n<li>B\u00e6rekraftig valg<\/li>\n<\/ul>\n                                                \n\n    <div class=\"pane__button-group\">\n        <div class=\"row g-2 g-lg-3 justify-content-start\">\n                            <div class=\"col-auto\">\n                                        <a class=\"btn btn-outline-secondary\" href=\"https:\/\/animo.eu\/no\/om-animo\/vi-er-animo\/\" target=\"_self\">\n                        <span class=\"btn__text\">Les videre<\/span>\n                        <svg class=\"icon icon--20 icon--arrow\">\n                            <use xlink:href=\"https:\/\/animo.eu\/wp-content\/themes\/animo\/build\/img\/symbols.svg#arrow-right\"><\/use>\n                        <\/svg>\n                    <\/a>\n                <\/div>\n                    <\/div>\n    <\/div>\n\n\n                    <\/div>\n                <\/div>\n                                        <div class=\"col-12 col-lg\">\n                    <figure class=\"figure image_reversed\">\n                        <img decoding=\"async\" width=\"1024\" height=\"757\" src=\"https:\/\/animo.eu\/wp-content\/uploads\/2023\/06\/Animo-fabriek-vroeger-1024x757.jpg\" class=\"img-fluid\" alt=\"\" loading=\"lazy\" srcset=\"https:\/\/animo.eu\/wp-content\/uploads\/2023\/06\/Animo-fabriek-vroeger-1024x757.jpg 1024w, https:\/\/animo.eu\/wp-content\/uploads\/2023\/06\/Animo-fabriek-vroeger-300x222.jpg 300w, https:\/\/animo.eu\/wp-content\/uploads\/2023\/06\/Animo-fabriek-vroeger-768x568.jpg 768w, https:\/\/animo.eu\/wp-content\/uploads\/2023\/06\/Animo-fabriek-vroeger-1536x1135.jpg 1536w, https:\/\/animo.eu\/wp-content\/uploads\/2023\/06\/Animo-fabriek-vroeger-70x52.jpg 70w, https:\/\/animo.eu\/wp-content\/uploads\/2023\/06\/Animo-fabriek-vroeger-550x406.jpg 550w, https:\/\/animo.eu\/wp-content\/uploads\/2023\/06\/Animo-fabriek-vroeger-135x100.jpg 135w, https:\/\/animo.eu\/wp-content\/uploads\/2023\/06\/Animo-fabriek-vroeger-150x111.jpg 150w, https:\/\/animo.eu\/wp-content\/uploads\/2023\/06\/Animo-fabriek-vroeger.jpg 1916w\" sizes=\"(max-width: 1024px) 100vw, 1024px\" \/>                    <\/figure>\n                <\/div>\n                    <\/div>\n    <\/div>\n<\/section>\n","protected":false},"excerpt":{"rendered":"","protected":false},"author":1,"featured_media":4553,"parent":0,"menu_order":84,"comment_status":"closed","ping_status":"closed","template":"","meta":{"_acf_changed":false,"footnotes":""},"class_list":["post-1683","page","type-page","status-publish","has-post-thumbnail","hentry"],"acf":[],"yoast_head":"<!-- This site is optimized with the Yoast SEO plugin v25.5 - https:\/\/yoast.com\/wordpress\/plugins\/seo\/ -->\n<title>Hjem -<\/title>\n<meta name=\"description\" content=\"Hjem -\" \/>\n<meta name=\"robots\" content=\"index, follow, max-snippet:-1, max-image-preview:large, max-video-preview:-1\" \/>\n<link rel=\"canonical\" href=\"https:\/\/animo.eu\/no\/\" \/>\n<meta property=\"og:locale\" content=\"nb_NO\" \/>\n<meta property=\"og:type\" content=\"article\" \/>\n<meta property=\"og:title\" content=\"Hjem -\" \/>\n<meta property=\"og:description\" content=\"Hjem -\" \/>\n<meta property=\"og:url\" content=\"https:\/\/animo.eu\/no\/\" \/>\n<meta property=\"article:publisher\" content=\"https:\/\/www.facebook.com\/animobv\/\" \/>\n<meta property=\"article:modified_time\" content=\"2024-06-05T11:58:13+00:00\" \/>\n<meta property=\"og:image\" content=\"https:\/\/animo.eu\/wp-content\/uploads\/2023\/06\/Animo-icon-black.png\" \/>\n\t<meta property=\"og:image:width\" content=\"1000\" \/>\n\t<meta property=\"og:image:height\" content=\"364\" \/>\n\t<meta property=\"og:image:type\" content=\"image\/png\" \/>\n<meta name=\"twitter:card\" content=\"summary_large_image\" \/>\n<meta name=\"twitter:site\" content=\"@animokoffie\" \/>\n<meta name=\"twitter:label1\" content=\"Ansl. lesetid\" \/>\n\t<meta name=\"twitter:data1\" content=\"1 minutt\" \/>\n<script type=\"application\/ld+json\" class=\"yoast-schema-graph\">{\"@context\":\"https:\/\/schema.org\",\"@graph\":[{\"@type\":\"WebPage\",\"@id\":\"https:\/\/animo.eu\/no\/\",\"url\":\"https:\/\/animo.eu\/no\/\",\"name\":\"Hjem -\",\"isPartOf\":{\"@id\":\"https:\/\/animo.eu\/no\/#website\"},\"primaryImageOfPage\":{\"@id\":\"https:\/\/animo.eu\/no\/#primaryimage\"},\"image\":{\"@id\":\"https:\/\/animo.eu\/no\/#primaryimage\"},\"thumbnailUrl\":\"https:\/\/animo.eu\/wp-content\/uploads\/2023\/06\/Animo-icon-black.png\",\"datePublished\":\"2023-02-02T10:44:47+00:00\",\"dateModified\":\"2024-06-05T11:58:13+00:00\",\"description\":\"Hjem -\",\"breadcrumb\":{\"@id\":\"https:\/\/animo.eu\/no\/#breadcrumb\"},\"inLanguage\":\"nb-NO\",\"potentialAction\":[{\"@type\":\"ReadAction\",\"target\":[\"https:\/\/animo.eu\/no\/\"]}]},{\"@type\":\"ImageObject\",\"inLanguage\":\"nb-NO\",\"@id\":\"https:\/\/animo.eu\/no\/#primaryimage\",\"url\":\"https:\/\/animo.eu\/wp-content\/uploads\/2023\/06\/Animo-icon-black.png\",\"contentUrl\":\"https:\/\/animo.eu\/wp-content\/uploads\/2023\/06\/Animo-icon-black.png\",\"width\":1000,\"height\":364,\"caption\":\"Animo DEDICATED TO EVERY CUP.\"},{\"@type\":\"BreadcrumbList\",\"@id\":\"https:\/\/animo.eu\/no\/#breadcrumb\",\"itemListElement\":[{\"@type\":\"ListItem\",\"position\":1,\"name\":\"Home\",\"item\":\"https:\/\/animo.eu\/no\/\"},{\"@type\":\"ListItem\",\"position\":2,\"name\":\"Hjem\"}]},{\"@type\":\"WebSite\",\"@id\":\"https:\/\/animo.eu\/no\/#website\",\"url\":\"https:\/\/animo.eu\/no\/\",\"name\":\"\",\"description\":\"\",\"potentialAction\":[{\"@type\":\"SearchAction\",\"target\":{\"@type\":\"EntryPoint\",\"urlTemplate\":\"https:\/\/animo.eu\/no\/?s={search_term_string}\"},\"query-input\":{\"@type\":\"PropertyValueSpecification\",\"valueRequired\":true,\"valueName\":\"search_term_string\"}}],\"inLanguage\":\"nb-NO\"}]}<\/script>\n<!-- \/ Yoast SEO plugin. -->","yoast_head_json":{"title":"Hjem -","description":"Hjem -","robots":{"index":"index","follow":"follow","max-snippet":"max-snippet:-1","max-image-preview":"max-image-preview:large","max-video-preview":"max-video-preview:-1"},"canonical":"https:\/\/animo.eu\/no\/","og_locale":"nb_NO","og_type":"article","og_title":"Hjem -","og_description":"Hjem -","og_url":"https:\/\/animo.eu\/no\/","article_publisher":"https:\/\/www.facebook.com\/animobv\/","article_modified_time":"2024-06-05T11:58:13+00:00","og_image":[{"width":1000,"height":364,"url":"https:\/\/animo.eu\/wp-content\/uploads\/2023\/06\/Animo-icon-black.png","type":"image\/png"}],"twitter_card":"summary_large_image","twitter_site":"@animokoffie","twitter_misc":{"Ansl. lesetid":"1 minutt"},"schema":{"@context":"https:\/\/schema.org","@graph":[{"@type":"WebPage","@id":"https:\/\/animo.eu\/no\/","url":"https:\/\/animo.eu\/no\/","name":"Hjem -","isPartOf":{"@id":"https:\/\/animo.eu\/no\/#website"},"primaryImageOfPage":{"@id":"https:\/\/animo.eu\/no\/#primaryimage"},"image":{"@id":"https:\/\/animo.eu\/no\/#primaryimage"},"thumbnailUrl":"https:\/\/animo.eu\/wp-content\/uploads\/2023\/06\/Animo-icon-black.png","datePublished":"2023-02-02T10:44:47+00:00","dateModified":"2024-06-05T11:58:13+00:00","description":"Hjem -","breadcrumb":{"@id":"https:\/\/animo.eu\/no\/#breadcrumb"},"inLanguage":"nb-NO","potentialAction":[{"@type":"ReadAction","target":["https:\/\/animo.eu\/no\/"]}]},{"@type":"ImageObject","inLanguage":"nb-NO","@id":"https:\/\/animo.eu\/no\/#primaryimage","url":"https:\/\/animo.eu\/wp-content\/uploads\/2023\/06\/Animo-icon-black.png","contentUrl":"https:\/\/animo.eu\/wp-content\/uploads\/2023\/06\/Animo-icon-black.png","width":1000,"height":364,"caption":"Animo DEDICATED TO EVERY CUP."},{"@type":"BreadcrumbList","@id":"https:\/\/animo.eu\/no\/#breadcrumb","itemListElement":[{"@type":"ListItem","position":1,"name":"Home","item":"https:\/\/animo.eu\/no\/"},{"@type":"ListItem","position":2,"name":"Hjem"}]},{"@type":"WebSite","@id":"https:\/\/animo.eu\/no\/#website","url":"https:\/\/animo.eu\/no\/","name":"","description":"","potentialAction":[{"@type":"SearchAction","target":{"@type":"EntryPoint","urlTemplate":"https:\/\/animo.eu\/no\/?s={search_term_string}"},"query-input":{"@type":"PropertyValueSpecification","valueRequired":true,"valueName":"search_term_string"}}],"inLanguage":"nb-NO"}]}},"_links":{"self":[{"href":"https:\/\/animo.eu\/no\/wp-json\/wp\/v2\/pages\/1683"}],"collection":[{"href":"https:\/\/animo.eu\/no\/wp-json\/wp\/v2\/pages"}],"about":[{"href":"https:\/\/animo.eu\/no\/wp-json\/wp\/v2\/types\/page"}],"author":[{"embeddable":true,"href":"https:\/\/animo.eu\/no\/wp-json\/wp\/v2\/users\/1"}],"replies":[{"embeddable":true,"href":"https:\/\/animo.eu\/no\/wp-json\/wp\/v2\/comments?post=1683"}],"version-history":[{"count":15,"href":"https:\/\/animo.eu\/no\/wp-json\/wp\/v2\/pages\/1683\/revisions"}],"predecessor-version":[{"id":71375,"href":"https:\/\/animo.eu\/no\/wp-json\/wp\/v2\/pages\/1683\/revisions\/71375"}],"wp:featuredmedia":[{"embeddable":true,"href":"https:\/\/animo.eu\/no\/wp-json\/wp\/v2\/media\/4553"}],"wp:attachment":[{"href":"https:\/\/animo.eu\/no\/wp-json\/wp\/v2\/media?parent=1683"}],"curies":[{"name":"wp","href":"https:\/\/api.w.org\/{rel}","templated":true}]}}