{"id":37006,"date":"2023-03-09T13:45:17","date_gmt":"2023-03-09T12:45:17","guid":{"rendered":"https:\/\/animo.eu\/informasjonskapsler\/"},"modified":"2023-11-08T10:47:13","modified_gmt":"2023-11-08T09:47:13","slug":"informasjonskapsler","status":"publish","type":"page","link":"https:\/\/animo.eu\/no\/informasjonskapsler\/","title":{"rendered":"Informasjonskapsler"},"content":{"rendered":"\n<section  class=\"pane pane--white \">\n    <div class=\"container\">\n        <div class=\"row g-4 g-lg-8 g-xl-15 justify-content-center\">\n                                                <div class=\"col-12 col-lg-6\">\n                        <div class=\"pane__text\">\n                            <h1>Informasjonskapsler<\/h1>\n<p>Disse retningslinjene for informasjonskapsler gjelder for alle brukere av nettstedet Animo.eu. Nedenfor finner du n\u00f8dvendig informasjon om hvordan Animo.eu plasserer, bruker og administrerer informasjonskapsler n\u00e5r brukere bes\u00f8ker nettstedet v\u00e5rt.<\/p>\n<p><strong>Hva er informasjonskapsler?<\/strong><\/p>\n<p>Informasjonskapsler er sm\u00e5 filer som lagres p\u00e5 enheten din (b\u00e6rbar PC, nettbrett, smarttelefon eller lignende enheter) n\u00e5r du bes\u00f8ker nettstedet v\u00e5rt. Informasjonskapsler brukes for \u00e5 f\u00e5 Animo.eu-nettstedet til \u00e5 fungere mer effektivt og for \u00e5 samle inn visse opplysninger om brukernes interaksjon med nettstedet.<\/p>\n<p><strong>Bruk av informasjonskapsler av Animo.eu<\/strong><\/p>\n<p>Animo.eu bruker informasjonskapsler for \u00e5:<\/p>\n<ul>\n<li>Forenkle navigasjonen og forbedre brukeropplevelsen p\u00e5 nettstedet.<\/li>\n<li>Samle inn anonyme data om hvordan nettstedet v\u00e5rt brukes, med sikte p\u00e5 \u00e5 optimalisere nettstedets ytelse.<\/li>\n<li>Tilpasse markedsf\u00f8ringsstrategier ved \u00e5 vise relevante annonser.<\/li>\n<\/ul>\n<p><strong>Kategorier av informasjonskapsler som brukes<\/strong><\/p>\n<ul>\n<li><strong>N\u00f8dvendige informasjonskapsler<\/strong>: Disse er avgj\u00f8rende for den tekniske driften av nettstedet og kan ikke deaktiveres.<\/li>\n<li><strong>Analytiske informasjonskapsler<\/strong>: Disse gj\u00f8r det mulig for oss \u00e5 analysere og forbedre brukeropplevelsen ved \u00e5 forst\u00e5 hvordan nettstedet brukes.<\/li>\n<li><strong>Funksjonelle informasjonskapsler<\/strong>: Disse husker dine preferanser og valg p\u00e5 nettstedet.<\/li>\n<li><strong>Markedsf\u00f8ringskapsler<\/strong>: Disse er utformet for \u00e5 st\u00f8tte markedsf\u00f8ringskampanjer og har som m\u00e5l \u00e5 gi deg relevant reklame.<\/li>\n<\/ul>\n<p><strong>Dine valg n\u00e5r det gjelder informasjonskapsler<\/strong><\/p>\n<p>Du kan styre dine preferanser for informasjonskapsler ved \u00e5 justere innstillingene i nettleseren din. Det er mulig \u00e5 avvise alle informasjonskapsler eller bare godta bestemte informasjonskapsler. V\u00e6r oppmerksom p\u00e5 at deaktivering av informasjonskapsler kan p\u00e5virke funksjonaliteten til nettstedet v\u00e5rt.<\/p>\n<p><strong>Endringer i retningslinjene for informasjonskapsler<\/strong><\/p>\n<p>Animo.eu kan n\u00e5r som helst endre disse retningslinjene for informasjonskapsler. Vi anbefaler brukere \u00e5 bes\u00f8ke denne siden regelmessig for \u00e5 holde seg informert om eventuelle endringer.<\/p>\n<p><strong>Sp\u00f8rsm\u00e5l og kontakt<\/strong><\/p>\n<p>Hvis du har sp\u00f8rsm\u00e5l om disse retningslinjene eller m\u00e5ten Animo.eu bruker informasjonskapsler p\u00e5, kan du kontakte oss p\u00e5:<\/p>\n<p>Animo BV<br \/>\nDr. A.F. Philipsweg 47<br \/>\n9403 AD Assen, Nederland<br \/>\n+31(0)592-376376<br \/>\ninfo@animo.nl<\/p>\n<p>&nbsp;<\/p>\n                                                    <\/div>\n                    <\/div>\n                                    <\/div>\n    <\/div>\n<\/section>\n","protected":false},"excerpt":{"rendered":"","protected":false},"author":1,"featured_media":0,"parent":0,"menu_order":84,"comment_status":"closed","ping_status":"closed","template":"","meta":{"_acf_changed":false,"footnotes":""},"class_list":["post-37006","page","type-page","status-publish","hentry"],"acf":[],"yoast_head":"<!-- This site is optimized with the Yoast SEO plugin v25.5 - https:\/\/yoast.com\/wordpress\/plugins\/seo\/ -->\n<title>Informasjonskapsler -<\/title>\n<meta name=\"description\" content=\"Informasjonskapsler -\" \/>\n<meta name=\"robots\" content=\"index, follow, max-snippet:-1, max-image-preview:large, max-video-preview:-1\" \/>\n<link rel=\"canonical\" href=\"https:\/\/animo.eu\/no\/informasjonskapsler\/\" \/>\n<meta property=\"og:locale\" content=\"nb_NO\" \/>\n<meta property=\"og:type\" content=\"article\" \/>\n<meta property=\"og:title\" content=\"Informasjonskapsler -\" \/>\n<meta property=\"og:description\" content=\"Informasjonskapsler -\" \/>\n<meta property=\"og:url\" content=\"https:\/\/animo.eu\/no\/informasjonskapsler\/\" \/>\n<meta property=\"article:publisher\" content=\"https:\/\/www.facebook.com\/animobv\/\" \/>\n<meta property=\"article:modified_time\" content=\"2023-11-08T09:47:13+00:00\" \/>\n<meta property=\"og:image\" content=\"https:\/\/animo.eu\/wp-content\/uploads\/2023\/06\/animo-dedicated-logo.png\" \/>\n\t<meta property=\"og:image:width\" content=\"1000\" \/>\n\t<meta property=\"og:image:height\" content=\"364\" \/>\n\t<meta property=\"og:image:type\" content=\"image\/png\" \/>\n<meta name=\"twitter:card\" content=\"summary_large_image\" \/>\n<meta name=\"twitter:site\" content=\"@animokoffie\" \/>\n<script type=\"application\/ld+json\" class=\"yoast-schema-graph\">{\"@context\":\"https:\/\/schema.org\",\"@graph\":[{\"@type\":\"WebPage\",\"@id\":\"https:\/\/animo.eu\/no\/informasjonskapsler\/\",\"url\":\"https:\/\/animo.eu\/no\/informasjonskapsler\/\",\"name\":\"Informasjonskapsler -\",\"isPartOf\":{\"@id\":\"https:\/\/animo.eu\/no\/#website\"},\"datePublished\":\"2023-03-09T12:45:17+00:00\",\"dateModified\":\"2023-11-08T09:47:13+00:00\",\"description\":\"Informasjonskapsler -\",\"breadcrumb\":{\"@id\":\"https:\/\/animo.eu\/no\/informasjonskapsler\/#breadcrumb\"},\"inLanguage\":\"nb-NO\",\"potentialAction\":[{\"@type\":\"ReadAction\",\"target\":[\"https:\/\/animo.eu\/no\/informasjonskapsler\/\"]}]},{\"@type\":\"BreadcrumbList\",\"@id\":\"https:\/\/animo.eu\/no\/informasjonskapsler\/#breadcrumb\",\"itemListElement\":[{\"@type\":\"ListItem\",\"position\":1,\"name\":\"Home\",\"item\":\"https:\/\/animo.eu\/no\/\"},{\"@type\":\"ListItem\",\"position\":2,\"name\":\"Informasjonskapsler\"}]},{\"@type\":\"WebSite\",\"@id\":\"https:\/\/animo.eu\/no\/#website\",\"url\":\"https:\/\/animo.eu\/no\/\",\"name\":\"\",\"description\":\"\",\"potentialAction\":[{\"@type\":\"SearchAction\",\"target\":{\"@type\":\"EntryPoint\",\"urlTemplate\":\"https:\/\/animo.eu\/no\/?s={search_term_string}\"},\"query-input\":{\"@type\":\"PropertyValueSpecification\",\"valueRequired\":true,\"valueName\":\"search_term_string\"}}],\"inLanguage\":\"nb-NO\"}]}<\/script>\n<!-- \/ Yoast SEO plugin. -->","yoast_head_json":{"title":"Informasjonskapsler -","description":"Informasjonskapsler -","robots":{"index":"index","follow":"follow","max-snippet":"max-snippet:-1","max-image-preview":"max-image-preview:large","max-video-preview":"max-video-preview:-1"},"canonical":"https:\/\/animo.eu\/no\/informasjonskapsler\/","og_locale":"nb_NO","og_type":"article","og_title":"Informasjonskapsler -","og_description":"Informasjonskapsler -","og_url":"https:\/\/animo.eu\/no\/informasjonskapsler\/","article_publisher":"https:\/\/www.facebook.com\/animobv\/","article_modified_time":"2023-11-08T09:47:13+00:00","og_image":[{"width":1000,"height":364,"url":"https:\/\/animo.eu\/wp-content\/uploads\/2023\/06\/animo-dedicated-logo.png","type":"image\/png"}],"twitter_card":"summary_large_image","twitter_site":"@animokoffie","schema":{"@context":"https:\/\/schema.org","@graph":[{"@type":"WebPage","@id":"https:\/\/animo.eu\/no\/informasjonskapsler\/","url":"https:\/\/animo.eu\/no\/informasjonskapsler\/","name":"Informasjonskapsler -","isPartOf":{"@id":"https:\/\/animo.eu\/no\/#website"},"datePublished":"2023-03-09T12:45:17+00:00","dateModified":"2023-11-08T09:47:13+00:00","description":"Informasjonskapsler -","breadcrumb":{"@id":"https:\/\/animo.eu\/no\/informasjonskapsler\/#breadcrumb"},"inLanguage":"nb-NO","potentialAction":[{"@type":"ReadAction","target":["https:\/\/animo.eu\/no\/informasjonskapsler\/"]}]},{"@type":"BreadcrumbList","@id":"https:\/\/animo.eu\/no\/informasjonskapsler\/#breadcrumb","itemListElement":[{"@type":"ListItem","position":1,"name":"Home","item":"https:\/\/animo.eu\/no\/"},{"@type":"ListItem","position":2,"name":"Informasjonskapsler"}]},{"@type":"WebSite","@id":"https:\/\/animo.eu\/no\/#website","url":"https:\/\/animo.eu\/no\/","name":"","description":"","potentialAction":[{"@type":"SearchAction","target":{"@type":"EntryPoint","urlTemplate":"https:\/\/animo.eu\/no\/?s={search_term_string}"},"query-input":{"@type":"PropertyValueSpecification","valueRequired":true,"valueName":"search_term_string"}}],"inLanguage":"nb-NO"}]}},"_links":{"self":[{"href":"https:\/\/animo.eu\/no\/wp-json\/wp\/v2\/pages\/37006"}],"collection":[{"href":"https:\/\/animo.eu\/no\/wp-json\/wp\/v2\/pages"}],"about":[{"href":"https:\/\/animo.eu\/no\/wp-json\/wp\/v2\/types\/page"}],"author":[{"embeddable":true,"href":"https:\/\/animo.eu\/no\/wp-json\/wp\/v2\/users\/1"}],"replies":[{"embeddable":true,"href":"https:\/\/animo.eu\/no\/wp-json\/wp\/v2\/comments?post=37006"}],"version-history":[{"count":1,"href":"https:\/\/animo.eu\/no\/wp-json\/wp\/v2\/pages\/37006\/revisions"}],"predecessor-version":[{"id":37007,"href":"https:\/\/animo.eu\/no\/wp-json\/wp\/v2\/pages\/37006\/revisions\/37007"}],"wp:attachment":[{"href":"https:\/\/animo.eu\/no\/wp-json\/wp\/v2\/media?parent=37006"}],"curies":[{"name":"wp","href":"https:\/\/api.w.org\/{rel}","templated":true}]}}