{"id":37096,"date":"2023-03-09T13:45:43","date_gmt":"2023-03-09T12:45:43","guid":{"rendered":"https:\/\/animo.eu\/integritetspolicy\/"},"modified":"2023-11-08T11:45:48","modified_gmt":"2023-11-08T10:45:48","slug":"integritetspolicy","status":"publish","type":"page","link":"https:\/\/animo.eu\/no\/integritetspolicy\/","title":{"rendered":"Integritetspolicy"},"content":{"rendered":"\n<section  class=\"pane pane--white \">\n    <div class=\"container\">\n        <div class=\"row g-4 g-lg-8 g-xl-15 justify-content-center\">\n                                                <div class=\"col-12 col-lg-6\">\n                        <div class=\"pane__text\">\n                            <h1>Integritetspolicy<\/h1>\n<h3>Insamling och anv\u00e4ndning av personuppgifter<\/h3>\n<p>Vi vill informera dig om att vi kommer att samla in och anv\u00e4nda de personuppgifter som du l\u00e4mnar till oss eftersom detta \u00e4r n\u00f6dv\u00e4ndigt f\u00f6r att ing\u00e5 och genomf\u00f6ra ett avtal med dig. Detta g\u00e4ller b\u00e5de f\u00f6r v\u00e5ra (potentiella) kunder och f\u00f6r parter fr\u00e5n vilka vi k\u00f6per aff\u00e4rer och\/eller tj\u00e4nster.<\/p>\n<p>Om du \u00e4r v\u00e5r (potentiella) kund anv\u00e4nder vi dina uppgifter f\u00f6r att skicka ett erbjudande till dig, f\u00f6r att fastst\u00e4lla vilka specifikationer eller \u00f6nskem\u00e5l en viss vara eller tj\u00e4nst ska uppfylla, f\u00f6r att leverera varor eller utf\u00f6ra arbete \u00e5t dig, f\u00f6r att fakturera dig och f\u00f6r att kommunicera med dig p\u00e5 ett smidigt och effektivt s\u00e4tt om avtalets genomf\u00f6randeaspekter.<\/p>\n<p>Om du \u00e4r en (potentiell) leverant\u00f6r eller annan uppdragstagare \u00e4r dina personuppgifter ocks\u00e5 n\u00f6dv\u00e4ndiga f\u00f6r att ing\u00e5 och genomf\u00f6ra avtalet. N\u00e4r det g\u00e4ller upphandling \u00e4r detta n\u00f6dv\u00e4ndigt f\u00f6r att du ska veta vilka specifikationer eller krav en viss vara eller tj\u00e4nst ska uppfylla n\u00e4r det g\u00e4ller oss, f\u00f6r att vi ska kunna skicka en offertf\u00f6rfr\u00e5gan till dig eller l\u00e4gga en best\u00e4llning hos dig, f\u00f6r att vi ska kunna betala dina fakturor och f\u00f6r att vi ska kunna kommunicera med dig p\u00e5 ett smidigt och effektivt s\u00e4tt om andra aspekter av avtalet.<\/p>\n<p>Du \u00e4r inte skyldig att l\u00e4mna dina personuppgifter till oss. Om du inte tillhandah\u00e5ller oss n\u00e5gra eller tillr\u00e4ckliga personuppgifter kan det dock h\u00e4nda att vi inte kan utf\u00f6ra de ovan n\u00e4mnda aktiviteterna.<\/p>\n<h3>Vidarebefordran till tredje part<\/h3>\n<p>I samband med fullg\u00f6randet av ett avtal med dig kan vi beh\u00f6va l\u00e4mna dina personuppgifter till parter som f\u00f6rser oss med delar, material och produkter eller utf\u00f6r arbete f\u00f6r v\u00e5r r\u00e4kning. Vidare anv\u00e4nder vi externt serverutrymme f\u00f6r att lagra (delar av) v\u00e5r f\u00f6rs\u00e4ljnings- och ink\u00f6psadministration, d\u00e4r dina personuppgifter \u00e4r en del. Dina personuppgifter l\u00e4mnas ut till v\u00e5r leverant\u00f6r av serverutrymme av denna anledning. Vidare anv\u00e4nder vi Microsoft Office och dess lagringsm\u00f6jligheter f\u00f6r e-post och andra filer. Slutligen, eftersom vi anv\u00e4nder en tj\u00e4nst f\u00f6r utskick av nyhetsbrev, kommer dina personuppgifter att vidarebefordras till leverant\u00f6ren av denna tj\u00e4nst.<\/p>\n<h3>Direkt marknadsf\u00f6ring<\/h3>\n<p>Om du regelbundet best\u00e4ller fr\u00e5n oss kommer vi att lagra och anv\u00e4nda de personuppgifter du tillhandah\u00e5ller f\u00f6r att personligen informera dig via e-post om v\u00e5ra befintliga och nya produkter och tj\u00e4nster i framtiden, och eventuellt ge dig ett erbjudande om dessa. Vi har ett ber\u00e4ttigat intresse av att anv\u00e4nda dina personuppgifter f\u00f6r detta \u00e4ndam\u00e5l, n\u00e4mligen f\u00f6r att marknadsf\u00f6ra v\u00e5ra produkter och tj\u00e4nster. Varje g\u00e5ng vi skickar ett reklamutskick till dig har du m\u00f6jlighet att meddela oss att du inte l\u00e4ngre vill f\u00e5 det. Se l\u00e4nken f\u00f6r avregistrering l\u00e4ngst ner i varje utskick. Om du \u00e4r en eng\u00e5ngskund kommer vi endast att skicka reklam till dig om du har gett oss ditt samtycke i f\u00f6rv\u00e4g.<\/p>\n<h3>Lagringsperiod personuppgifter<\/h3>\n<p>Om du har beg\u00e4rt en offert fr\u00e5n oss men inte har blivit kund raderar vi dina uppgifter senast ett \u00e5r efter v\u00e5r senaste kontakt. P\u00e5 samma s\u00e4tt, om vi har f\u00e5tt en offert fr\u00e5n dig men inte har blivit din kund, kommer dina personuppgifter att raderas senast ett \u00e5r efter v\u00e5r senaste kontakt. Om du har blivit v\u00e5r kund eller vi har blivit din kund kommer vi att beh\u00e5lla dina personuppgifter under en period om sju \u00e5r efter utg\u00e5ngen av det r\u00e4kenskaps\u00e5r d\u00e5 avtalet med dig fullgjordes. Sju\u00e5rsperioden motsvarar den period under vilken vi \u00e4r skyldiga att bevara v\u00e5ra register f\u00f6r skattemyndigheterna. I slutet av denna period kommer vi att radera dina personuppgifter.<\/p>\n<h3>Dina r\u00e4ttigheter<\/h3>\n<p>Du har r\u00e4tt att be oss om att f\u00e5 se dina egna personuppgifter. Om det finns anledning till det kan du ocks\u00e5 be oss att komplettera dina personuppgifter eller \u00e4ndra felaktigheter. Dessutom har du r\u00e4tt att be oss radera dina personuppgifter eller begr\u00e4nsa anv\u00e4ndningen av dina personuppgifter. Du kan ocks\u00e5 inv\u00e4nda mot v\u00e5r insamling och anv\u00e4ndning av dina uppgifter eller l\u00e4mna in ett klagom\u00e5l till personuppgiftsmyndigheten. Slutligen kan du be oss att f\u00e5 dina personuppgifter eller \u00f6verf\u00f6ra dem till en annan person. F\u00f6r att ut\u00f6va dina r\u00e4ttigheter, v\u00e4nligen kontakta:<\/p>\n<p>Animo BV<br \/>\nDr. A.F. Philipsweg 47<br \/>\n9403 AD Assen, Nederl\u00e4nderna<br \/>\n0592-376376<br \/>\ninfo@animo.nl<\/p>\n<p>\u00c4ven med fr\u00e5gor eller f\u00f6r mer information om insamling och anv\u00e4ndning av dina personuppgifter kan du naturligtvis <a href=\"https:\/\/animo.eu\/nl-nl\/contact\">kontakta oss<\/a>.<\/p>\n                                                    <\/div>\n                    <\/div>\n                                    <\/div>\n    <\/div>\n<\/section>\n","protected":false},"excerpt":{"rendered":"","protected":false},"author":1,"featured_media":0,"parent":0,"menu_order":80,"comment_status":"closed","ping_status":"closed","template":"","meta":{"_acf_changed":false,"footnotes":""},"class_list":["post-37096","page","type-page","status-publish","hentry"],"acf":[],"yoast_head":"<!-- This site is optimized with the Yoast SEO plugin v25.5 - https:\/\/yoast.com\/wordpress\/plugins\/seo\/ -->\n<title>Integritetspolicy -<\/title>\n<meta name=\"description\" content=\"Integritetspolicy -\" \/>\n<meta name=\"robots\" content=\"index, follow, max-snippet:-1, max-image-preview:large, max-video-preview:-1\" \/>\n<link rel=\"canonical\" href=\"https:\/\/animo.eu\/no\/integritetspolicy\/\" \/>\n<meta property=\"og:locale\" content=\"nb_NO\" \/>\n<meta property=\"og:type\" content=\"article\" \/>\n<meta property=\"og:title\" content=\"Integritetspolicy -\" \/>\n<meta property=\"og:description\" content=\"Integritetspolicy -\" \/>\n<meta property=\"og:url\" content=\"https:\/\/animo.eu\/no\/integritetspolicy\/\" \/>\n<meta property=\"article:publisher\" content=\"https:\/\/www.facebook.com\/animobv\/\" \/>\n<meta property=\"article:modified_time\" content=\"2023-11-08T10:45:48+00:00\" \/>\n<meta property=\"og:image\" content=\"https:\/\/animo.eu\/wp-content\/uploads\/2023\/06\/animo-dedicated-logo.png\" \/>\n\t<meta property=\"og:image:width\" content=\"1000\" \/>\n\t<meta property=\"og:image:height\" content=\"364\" \/>\n\t<meta property=\"og:image:type\" content=\"image\/png\" \/>\n<meta name=\"twitter:card\" content=\"summary_large_image\" \/>\n<meta name=\"twitter:site\" content=\"@animokoffie\" \/>\n<script type=\"application\/ld+json\" class=\"yoast-schema-graph\">{\"@context\":\"https:\/\/schema.org\",\"@graph\":[{\"@type\":\"WebPage\",\"@id\":\"https:\/\/animo.eu\/no\/integritetspolicy\/\",\"url\":\"https:\/\/animo.eu\/no\/integritetspolicy\/\",\"name\":\"Integritetspolicy -\",\"isPartOf\":{\"@id\":\"https:\/\/animo.eu\/no\/#website\"},\"datePublished\":\"2023-03-09T12:45:43+00:00\",\"dateModified\":\"2023-11-08T10:45:48+00:00\",\"description\":\"Integritetspolicy -\",\"breadcrumb\":{\"@id\":\"https:\/\/animo.eu\/no\/integritetspolicy\/#breadcrumb\"},\"inLanguage\":\"nb-NO\",\"potentialAction\":[{\"@type\":\"ReadAction\",\"target\":[\"https:\/\/animo.eu\/no\/integritetspolicy\/\"]}]},{\"@type\":\"BreadcrumbList\",\"@id\":\"https:\/\/animo.eu\/no\/integritetspolicy\/#breadcrumb\",\"itemListElement\":[{\"@type\":\"ListItem\",\"position\":1,\"name\":\"Home\",\"item\":\"https:\/\/animo.eu\/no\/\"},{\"@type\":\"ListItem\",\"position\":2,\"name\":\"Integritetspolicy\"}]},{\"@type\":\"WebSite\",\"@id\":\"https:\/\/animo.eu\/no\/#website\",\"url\":\"https:\/\/animo.eu\/no\/\",\"name\":\"\",\"description\":\"\",\"potentialAction\":[{\"@type\":\"SearchAction\",\"target\":{\"@type\":\"EntryPoint\",\"urlTemplate\":\"https:\/\/animo.eu\/no\/?s={search_term_string}\"},\"query-input\":{\"@type\":\"PropertyValueSpecification\",\"valueRequired\":true,\"valueName\":\"search_term_string\"}}],\"inLanguage\":\"nb-NO\"}]}<\/script>\n<!-- \/ Yoast SEO plugin. -->","yoast_head_json":{"title":"Integritetspolicy -","description":"Integritetspolicy -","robots":{"index":"index","follow":"follow","max-snippet":"max-snippet:-1","max-image-preview":"max-image-preview:large","max-video-preview":"max-video-preview:-1"},"canonical":"https:\/\/animo.eu\/no\/integritetspolicy\/","og_locale":"nb_NO","og_type":"article","og_title":"Integritetspolicy -","og_description":"Integritetspolicy -","og_url":"https:\/\/animo.eu\/no\/integritetspolicy\/","article_publisher":"https:\/\/www.facebook.com\/animobv\/","article_modified_time":"2023-11-08T10:45:48+00:00","og_image":[{"width":1000,"height":364,"url":"https:\/\/animo.eu\/wp-content\/uploads\/2023\/06\/animo-dedicated-logo.png","type":"image\/png"}],"twitter_card":"summary_large_image","twitter_site":"@animokoffie","schema":{"@context":"https:\/\/schema.org","@graph":[{"@type":"WebPage","@id":"https:\/\/animo.eu\/no\/integritetspolicy\/","url":"https:\/\/animo.eu\/no\/integritetspolicy\/","name":"Integritetspolicy -","isPartOf":{"@id":"https:\/\/animo.eu\/no\/#website"},"datePublished":"2023-03-09T12:45:43+00:00","dateModified":"2023-11-08T10:45:48+00:00","description":"Integritetspolicy -","breadcrumb":{"@id":"https:\/\/animo.eu\/no\/integritetspolicy\/#breadcrumb"},"inLanguage":"nb-NO","potentialAction":[{"@type":"ReadAction","target":["https:\/\/animo.eu\/no\/integritetspolicy\/"]}]},{"@type":"BreadcrumbList","@id":"https:\/\/animo.eu\/no\/integritetspolicy\/#breadcrumb","itemListElement":[{"@type":"ListItem","position":1,"name":"Home","item":"https:\/\/animo.eu\/no\/"},{"@type":"ListItem","position":2,"name":"Integritetspolicy"}]},{"@type":"WebSite","@id":"https:\/\/animo.eu\/no\/#website","url":"https:\/\/animo.eu\/no\/","name":"","description":"","potentialAction":[{"@type":"SearchAction","target":{"@type":"EntryPoint","urlTemplate":"https:\/\/animo.eu\/no\/?s={search_term_string}"},"query-input":{"@type":"PropertyValueSpecification","valueRequired":true,"valueName":"search_term_string"}}],"inLanguage":"nb-NO"}]}},"_links":{"self":[{"href":"https:\/\/animo.eu\/no\/wp-json\/wp\/v2\/pages\/37096"}],"collection":[{"href":"https:\/\/animo.eu\/no\/wp-json\/wp\/v2\/pages"}],"about":[{"href":"https:\/\/animo.eu\/no\/wp-json\/wp\/v2\/types\/page"}],"author":[{"embeddable":true,"href":"https:\/\/animo.eu\/no\/wp-json\/wp\/v2\/users\/1"}],"replies":[{"embeddable":true,"href":"https:\/\/animo.eu\/no\/wp-json\/wp\/v2\/comments?post=37096"}],"version-history":[{"count":1,"href":"https:\/\/animo.eu\/no\/wp-json\/wp\/v2\/pages\/37096\/revisions"}],"predecessor-version":[{"id":37097,"href":"https:\/\/animo.eu\/no\/wp-json\/wp\/v2\/pages\/37096\/revisions\/37097"}],"wp:attachment":[{"href":"https:\/\/animo.eu\/no\/wp-json\/wp\/v2\/media?parent=37096"}],"curies":[{"name":"wp","href":"https:\/\/api.w.org\/{rel}","templated":true}]}}