{"id":37353,"date":"2023-03-14T13:11:11","date_gmt":"2023-03-14T12:11:11","guid":{"rendered":"https:\/\/animo.eu\/kaffemaskiner\/"},"modified":"2024-01-23T09:08:55","modified_gmt":"2024-01-23T08:08:55","slug":"filterkaffemaskiner","status":"publish","type":"page","link":"https:\/\/animo.eu\/no\/filterkaffemaskiner\/","title":{"rendered":"Kaffemaskiner"},"content":{"rendered":"\n<section  class=\"pane pane--white \">\n    <div class=\"container\">\n                    <div class=\"row justify-content-center mb-4\">\n                <div class=\"col-12\">\n                    <div class=\"pane__text\">\n                        <h2>Kaffemaskiner for fersk filterkaffe<\/h2>\n                    <\/div>\n                <\/div>\n            <\/div>\n        \n                                \n                            <div class=\"row row--equalized g-4 g-lg-3 g-xl-6\">\n                                            <div class=\"col-12 col-md-6 col-lg-3\">\n                            <div class=\"card card--product\">\n        <div class=\"card__image\">\n                    <img decoding=\"async\" width=\"550\" height=\"440\" src=\"https:\/\/animo.eu\/wp-content\/uploads\/2023\/07\/Glazenkannen-overview-550x440.png\" class=\"image wp-post-image\" alt=\"\" loading=\"lazy\" srcset=\"https:\/\/animo.eu\/wp-content\/uploads\/2023\/07\/Glazenkannen-overview-550x440.png 550w, https:\/\/animo.eu\/wp-content\/uploads\/2023\/07\/Glazenkannen-overview-300x240.png 300w, https:\/\/animo.eu\/wp-content\/uploads\/2023\/07\/Glazenkannen-overview-1024x819.png 1024w, https:\/\/animo.eu\/wp-content\/uploads\/2023\/07\/Glazenkannen-overview-768x615.png 768w, https:\/\/animo.eu\/wp-content\/uploads\/2023\/07\/Glazenkannen-overview-70x56.png 70w, https:\/\/animo.eu\/wp-content\/uploads\/2023\/07\/Glazenkannen-overview-800x640.png 800w, https:\/\/animo.eu\/wp-content\/uploads\/2023\/07\/Glazenkannen-overview-125x100.png 125w, https:\/\/animo.eu\/wp-content\/uploads\/2023\/07\/Glazenkannen-overview-150x120.png 150w, https:\/\/animo.eu\/wp-content\/uploads\/2023\/07\/Glazenkannen-overview.png 1276w\" sizes=\"(max-width: 550px) 100vw, 550px\" \/>                <\/div>\n    <div class=\"card-body\">\n        <h3 class=\"card-title\">Kaffetraktere med glasskanne<\/h3>\n                    <p class=\"mb-0\">Med kaffetrakterne fra M-line kan du enkelt og raskt tilberede fersk filterkaffe direkte i en glasskaraffel.<\/p>\n            <\/div>\n    <div class=\"card-footer\">\n        <span class=\"btn btn-outline-secondary\">\n            <span class=\"btn__text\">Mer informasjon<\/span>\n            <svg class=\"icon icon--20 icon--arrow\">\n                <use xlink:href=\"https:\/\/animo.eu\/wp-content\/themes\/animo\/build\/img\/symbols.svg#arrow-right\"><\/use>\n            <\/svg>\n        <\/span>\n    <\/div>\n    <a class=\"stretched-link\" href=\"https:\/\/animo.eu\/no\/filterkaffemaskiner\/kaffetraktere-med-glasskanne\/\"><\/a>\n<\/div>\n                        <\/div>\n                                            <div class=\"col-12 col-md-6 col-lg-3\">\n                            <div class=\"card card--product\">\n        <div class=\"card__image\">\n                    <img decoding=\"async\" width=\"550\" height=\"440\" src=\"https:\/\/animo.eu\/wp-content\/uploads\/2023\/07\/MT-Line-overview-550x440.png\" class=\"image wp-post-image\" alt=\"\" loading=\"lazy\" srcset=\"https:\/\/animo.eu\/wp-content\/uploads\/2023\/07\/MT-Line-overview-550x440.png 550w, https:\/\/animo.eu\/wp-content\/uploads\/2023\/07\/MT-Line-overview-300x240.png 300w, https:\/\/animo.eu\/wp-content\/uploads\/2023\/07\/MT-Line-overview-1024x819.png 1024w, https:\/\/animo.eu\/wp-content\/uploads\/2023\/07\/MT-Line-overview-768x615.png 768w, https:\/\/animo.eu\/wp-content\/uploads\/2023\/07\/MT-Line-overview-70x56.png 70w, https:\/\/animo.eu\/wp-content\/uploads\/2023\/07\/MT-Line-overview-800x640.png 800w, https:\/\/animo.eu\/wp-content\/uploads\/2023\/07\/MT-Line-overview-125x100.png 125w, https:\/\/animo.eu\/wp-content\/uploads\/2023\/07\/MT-Line-overview-150x120.png 150w, https:\/\/animo.eu\/wp-content\/uploads\/2023\/07\/MT-Line-overview.png 1276w\" sizes=\"(max-width: 550px) 100vw, 550px\" \/>                <\/div>\n    <div class=\"card-body\">\n        <h3 class=\"card-title\">Kaffetraktere med termokanner<\/h3>\n                    <p class=\"mb-0\">Animos MT-line er en sv\u00e6rt komplett serie termokanneutstyr, basert p\u00e5 et anerkjent og moderne design.<\/p>\n            <\/div>\n    <div class=\"card-footer\">\n        <span class=\"btn btn-outline-secondary\">\n            <span class=\"btn__text\">Mer informasjon<\/span>\n            <svg class=\"icon icon--20 icon--arrow\">\n                <use xlink:href=\"https:\/\/animo.eu\/wp-content\/themes\/animo\/build\/img\/symbols.svg#arrow-right\"><\/use>\n            <\/svg>\n        <\/span>\n    <\/div>\n    <a class=\"stretched-link\" href=\"https:\/\/animo.eu\/no\/filterkaffemaskiner\/kaffetraktere-med-termokanner\/\"><\/a>\n<\/div>\n                        <\/div>\n                                            <div class=\"col-12 col-md-6 col-lg-3\">\n                            <div class=\"card card--product\">\n        <div class=\"card__image\">\n                    <img decoding=\"async\" width=\"550\" height=\"440\" src=\"https:\/\/animo.eu\/wp-content\/uploads\/2023\/07\/Excelso-overview-550x440.png\" class=\"image wp-post-image\" alt=\"\" loading=\"lazy\" srcset=\"https:\/\/animo.eu\/wp-content\/uploads\/2023\/07\/Excelso-overview-550x440.png 550w, https:\/\/animo.eu\/wp-content\/uploads\/2023\/07\/Excelso-overview-300x240.png 300w, https:\/\/animo.eu\/wp-content\/uploads\/2023\/07\/Excelso-overview-1024x819.png 1024w, https:\/\/animo.eu\/wp-content\/uploads\/2023\/07\/Excelso-overview-768x615.png 768w, https:\/\/animo.eu\/wp-content\/uploads\/2023\/07\/Excelso-overview-70x56.png 70w, https:\/\/animo.eu\/wp-content\/uploads\/2023\/07\/Excelso-overview-800x640.png 800w, https:\/\/animo.eu\/wp-content\/uploads\/2023\/07\/Excelso-overview-125x100.png 125w, https:\/\/animo.eu\/wp-content\/uploads\/2023\/07\/Excelso-overview-150x120.png 150w, https:\/\/animo.eu\/wp-content\/uploads\/2023\/07\/Excelso-overview.png 1276w\" sizes=\"(max-width: 550px) 100vw, 550px\" \/>                <\/div>\n    <div class=\"card-body\">\n        <h3 class=\"card-title\">Excelso kaffemaskiner<\/h3>\n                    <p class=\"mb-0\">Profesjonelle kaffetraktere i rustfritt st\u00e5l for enkel og rask brygging av fersk filterkaffe i glasskanne eller termos.<\/p>\n            <\/div>\n    <div class=\"card-footer\">\n        <span class=\"btn btn-outline-secondary\">\n            <span class=\"btn__text\">Mer informasjon<\/span>\n            <svg class=\"icon icon--20 icon--arrow\">\n                <use xlink:href=\"https:\/\/animo.eu\/wp-content\/themes\/animo\/build\/img\/symbols.svg#arrow-right\"><\/use>\n            <\/svg>\n        <\/span>\n    <\/div>\n    <a class=\"stretched-link\" href=\"https:\/\/animo.eu\/no\/filterkaffemaskiner\/excelso-kaffemaskiner\/\"><\/a>\n<\/div>\n                        <\/div>\n                                    <\/div>\n                                         <\/div>\n<\/section>\n\n\n\n<section  class=\"pane pane--tertiary \">\n    <div class=\"container\">\n        <div class=\"row g-4 g-lg-8 g-xl-15 g-xxl-20 align-items-center flex-lg-row-reverse\">\n                            <div class=\"col-12 col-lg-6\">\n                    <div class=\"pane__text\">\n                        <h2>Se brosjyre<\/h2>\n<p>Hvis du vil vite mer om filterkaffemaskinene v\u00e5re, kan du ta en titt p\u00e5 brosjyren v\u00e5r p\u00e5 nettet eller laste den ned til datamaskinen.<\/p>\n                                                \n\n    <div class=\"pane__button-group\">\n        <div class=\"row g-2 g-lg-3 justify-content-start\">\n                            <div class=\"col-auto\">\n                                        <a class=\"btn btn-outline-secondary\" href=\"https:\/\/animo.eu\/no\/filterkaffemaskiner\/kaffetraktere-med-glasskanne\/pdf-m-line-mt-line-excelso\/\" target=\"_self\">\n                        <span class=\"btn__text\">Se brosjyre<\/span>\n                        <svg class=\"icon icon--20 icon--arrow\">\n                            <use xlink:href=\"https:\/\/animo.eu\/wp-content\/themes\/animo\/build\/img\/symbols.svg#arrow-right\"><\/use>\n                        <\/svg>\n                    <\/a>\n                <\/div>\n                    <\/div>\n    <\/div>\n\n\n                    <\/div>\n                <\/div>\n                                        <div class=\"col-12 col-lg\">\n                    <figure class=\"figure image_reversed\">\n                        <img decoding=\"async\" width=\"1024\" height=\"719\" src=\"https:\/\/animo.eu\/wp-content\/uploads\/2023\/06\/brochure-1024x719.jpg\" class=\"img-fluid\" alt=\"\" loading=\"lazy\" srcset=\"https:\/\/animo.eu\/wp-content\/uploads\/2023\/06\/brochure-1024x719.jpg 1024w, https:\/\/animo.eu\/wp-content\/uploads\/2023\/06\/brochure-300x211.jpg 300w, https:\/\/animo.eu\/wp-content\/uploads\/2023\/06\/brochure-768x539.jpg 768w, https:\/\/animo.eu\/wp-content\/uploads\/2023\/06\/brochure-70x49.jpg 70w, https:\/\/animo.eu\/wp-content\/uploads\/2023\/06\/brochure-550x386.jpg 550w, https:\/\/animo.eu\/wp-content\/uploads\/2023\/06\/brochure-142x100.jpg 142w, https:\/\/animo.eu\/wp-content\/uploads\/2023\/06\/brochure-150x105.jpg 150w, https:\/\/animo.eu\/wp-content\/uploads\/2023\/06\/brochure.jpg 1341w\" sizes=\"(max-width: 1024px) 100vw, 1024px\" \/>                    <\/figure>\n                <\/div>\n                    <\/div>\n    <\/div>\n<\/section>\n\n\n\n<section  class=\"pane pane--white \">\n    <div class=\"container\">\n        <div class=\"row g-4 g-lg-8 g-xl-15 g-xxl-20 align-items-center flex-lg-row-reverse\">\n                            <div class=\"col-12 col-lg-6\">\n                    <div class=\"pane__text\">\n                        <h2>Kaffe for alle bransjer<\/h2>\n<p>Kaffebehovet kan variere mye fra bedrift til bedrift og fra bransje til bransje. Noen bedrifter \u00f8nsker at ikke bare de ansatte, men ogs\u00e5 bes\u00f8kende kunder skal kunne nyte en fersk kopp kaffe. For mange bransjer er kvalitet det viktigste valgkriteriet, mens det for andre bedrifter er viktig \u00e5 kunne brygge store mengder kaffe raskt. Derfor tilbyr Animo forskjellige kaffemaskiner som kan dekke de ulike behovene i alle bransjer. Alt fra kontorer, hoteller, supermarkeder, kantiner og sykehus til utdanningsinstitusjoner, bilservicesentre og teatre&#8230; og mange flere.<\/p>\n                                                \n                    <\/div>\n                <\/div>\n                                        <div class=\"col-12 col-lg\">\n                    <figure class=\"figure image_reversed\">\n                        <img decoding=\"async\" width=\"1024\" height=\"640\" src=\"https:\/\/animo.eu\/wp-content\/uploads\/2023\/07\/M-Line-Promo-image-1024x640.jpg\" class=\"img-fluid\" alt=\"\" loading=\"lazy\" srcset=\"https:\/\/animo.eu\/wp-content\/uploads\/2023\/07\/M-Line-Promo-image-1024x640.jpg 1024w, https:\/\/animo.eu\/wp-content\/uploads\/2023\/07\/M-Line-Promo-image-300x188.jpg 300w, https:\/\/animo.eu\/wp-content\/uploads\/2023\/07\/M-Line-Promo-image-768x480.jpg 768w, https:\/\/animo.eu\/wp-content\/uploads\/2023\/07\/M-Line-Promo-image-1536x960.jpg 1536w, https:\/\/animo.eu\/wp-content\/uploads\/2023\/07\/M-Line-Promo-image-70x44.jpg 70w, https:\/\/animo.eu\/wp-content\/uploads\/2023\/07\/M-Line-Promo-image-550x344.jpg 550w, https:\/\/animo.eu\/wp-content\/uploads\/2023\/07\/M-Line-Promo-image-800x500.jpg 800w, https:\/\/animo.eu\/wp-content\/uploads\/2023\/07\/M-Line-Promo-image-160x100.jpg 160w, https:\/\/animo.eu\/wp-content\/uploads\/2023\/07\/M-Line-Promo-image-150x94.jpg 150w, https:\/\/animo.eu\/wp-content\/uploads\/2023\/07\/M-Line-Promo-image.jpg 1920w\" sizes=\"(max-width: 1024px) 100vw, 1024px\" \/>                    <\/figure>\n                <\/div>\n                    <\/div>\n    <\/div>\n<\/section>\n","protected":false},"excerpt":{"rendered":"","protected":false},"author":1,"featured_media":18275,"parent":0,"menu_order":32,"comment_status":"closed","ping_status":"closed","template":"","meta":{"_acf_changed":false,"footnotes":""},"class_list":["post-37353","page","type-page","status-publish","has-post-thumbnail","hentry"],"acf":[],"yoast_head":"<!-- This site is optimized with the Yoast SEO plugin v25.5 - https:\/\/yoast.com\/wordpress\/plugins\/seo\/ -->\n<title>Kaffemaskiner -<\/title>\n<meta name=\"description\" content=\"Kaffemaskiner - Med Animo kaffetraktere kan du enkelt lage fersk kaffe.\" \/>\n<meta name=\"robots\" content=\"index, follow, max-snippet:-1, max-image-preview:large, max-video-preview:-1\" \/>\n<link rel=\"canonical\" href=\"https:\/\/animo.eu\/no\/filterkaffemaskiner\/\" \/>\n<meta property=\"og:locale\" content=\"nb_NO\" \/>\n<meta property=\"og:type\" content=\"article\" \/>\n<meta property=\"og:title\" content=\"Kaffemaskiner -\" \/>\n<meta property=\"og:description\" content=\"Kaffemaskiner - Med Animo kaffetraktere kan du enkelt lage fersk kaffe.\" \/>\n<meta property=\"og:url\" content=\"https:\/\/animo.eu\/no\/filterkaffemaskiner\/\" \/>\n<meta property=\"article:publisher\" content=\"https:\/\/www.facebook.com\/animobv\/\" \/>\n<meta property=\"article:modified_time\" content=\"2024-01-23T08:08:55+00:00\" \/>\n<meta property=\"og:image\" content=\"https:\/\/animo.eu\/wp-content\/uploads\/2023\/08\/Combi-koffiezetapparaten.png\" \/>\n\t<meta property=\"og:image:width\" content=\"1772\" \/>\n\t<meta property=\"og:image:height\" content=\"1475\" \/>\n\t<meta property=\"og:image:type\" content=\"image\/png\" \/>\n<meta name=\"twitter:card\" content=\"summary_large_image\" \/>\n<meta name=\"twitter:site\" content=\"@animokoffie\" \/>\n<meta name=\"twitter:label1\" content=\"Ansl. lesetid\" \/>\n\t<meta name=\"twitter:data1\" content=\"1 minutt\" \/>\n<script type=\"application\/ld+json\" class=\"yoast-schema-graph\">{\"@context\":\"https:\/\/schema.org\",\"@graph\":[{\"@type\":\"WebPage\",\"@id\":\"https:\/\/animo.eu\/no\/filterkaffemaskiner\/\",\"url\":\"https:\/\/animo.eu\/no\/filterkaffemaskiner\/\",\"name\":\"Kaffemaskiner -\",\"isPartOf\":{\"@id\":\"https:\/\/animo.eu\/no\/#website\"},\"primaryImageOfPage\":{\"@id\":\"https:\/\/animo.eu\/no\/filterkaffemaskiner\/#primaryimage\"},\"image\":{\"@id\":\"https:\/\/animo.eu\/no\/filterkaffemaskiner\/#primaryimage\"},\"thumbnailUrl\":\"https:\/\/animo.eu\/wp-content\/uploads\/2023\/08\/Combi-koffiezetapparaten.png\",\"datePublished\":\"2023-03-14T12:11:11+00:00\",\"dateModified\":\"2024-01-23T08:08:55+00:00\",\"description\":\"Kaffemaskiner - Med Animo kaffetraktere kan du enkelt lage fersk kaffe.\",\"breadcrumb\":{\"@id\":\"https:\/\/animo.eu\/no\/filterkaffemaskiner\/#breadcrumb\"},\"inLanguage\":\"nb-NO\",\"potentialAction\":[{\"@type\":\"ReadAction\",\"target\":[\"https:\/\/animo.eu\/no\/filterkaffemaskiner\/\"]}]},{\"@type\":\"ImageObject\",\"inLanguage\":\"nb-NO\",\"@id\":\"https:\/\/animo.eu\/no\/filterkaffemaskiner\/#primaryimage\",\"url\":\"https:\/\/animo.eu\/wp-content\/uploads\/2023\/08\/Combi-koffiezetapparaten.png\",\"contentUrl\":\"https:\/\/animo.eu\/wp-content\/uploads\/2023\/08\/Combi-koffiezetapparaten.png\",\"width\":1772,\"height\":1475},{\"@type\":\"BreadcrumbList\",\"@id\":\"https:\/\/animo.eu\/no\/filterkaffemaskiner\/#breadcrumb\",\"itemListElement\":[{\"@type\":\"ListItem\",\"position\":1,\"name\":\"Home\",\"item\":\"https:\/\/animo.eu\/no\/\"},{\"@type\":\"ListItem\",\"position\":2,\"name\":\"Kaffemaskiner\"}]},{\"@type\":\"WebSite\",\"@id\":\"https:\/\/animo.eu\/no\/#website\",\"url\":\"https:\/\/animo.eu\/no\/\",\"name\":\"\",\"description\":\"\",\"potentialAction\":[{\"@type\":\"SearchAction\",\"target\":{\"@type\":\"EntryPoint\",\"urlTemplate\":\"https:\/\/animo.eu\/no\/?s={search_term_string}\"},\"query-input\":{\"@type\":\"PropertyValueSpecification\",\"valueRequired\":true,\"valueName\":\"search_term_string\"}}],\"inLanguage\":\"nb-NO\"}]}<\/script>\n<!-- \/ Yoast SEO plugin. -->","yoast_head_json":{"title":"Kaffemaskiner -","description":"Kaffemaskiner - Med Animo kaffetraktere kan du enkelt lage fersk kaffe.","robots":{"index":"index","follow":"follow","max-snippet":"max-snippet:-1","max-image-preview":"max-image-preview:large","max-video-preview":"max-video-preview:-1"},"canonical":"https:\/\/animo.eu\/no\/filterkaffemaskiner\/","og_locale":"nb_NO","og_type":"article","og_title":"Kaffemaskiner -","og_description":"Kaffemaskiner - Med Animo kaffetraktere kan du enkelt lage fersk kaffe.","og_url":"https:\/\/animo.eu\/no\/filterkaffemaskiner\/","article_publisher":"https:\/\/www.facebook.com\/animobv\/","article_modified_time":"2024-01-23T08:08:55+00:00","og_image":[{"width":1772,"height":1475,"url":"https:\/\/animo.eu\/wp-content\/uploads\/2023\/08\/Combi-koffiezetapparaten.png","type":"image\/png"}],"twitter_card":"summary_large_image","twitter_site":"@animokoffie","twitter_misc":{"Ansl. lesetid":"1 minutt"},"schema":{"@context":"https:\/\/schema.org","@graph":[{"@type":"WebPage","@id":"https:\/\/animo.eu\/no\/filterkaffemaskiner\/","url":"https:\/\/animo.eu\/no\/filterkaffemaskiner\/","name":"Kaffemaskiner -","isPartOf":{"@id":"https:\/\/animo.eu\/no\/#website"},"primaryImageOfPage":{"@id":"https:\/\/animo.eu\/no\/filterkaffemaskiner\/#primaryimage"},"image":{"@id":"https:\/\/animo.eu\/no\/filterkaffemaskiner\/#primaryimage"},"thumbnailUrl":"https:\/\/animo.eu\/wp-content\/uploads\/2023\/08\/Combi-koffiezetapparaten.png","datePublished":"2023-03-14T12:11:11+00:00","dateModified":"2024-01-23T08:08:55+00:00","description":"Kaffemaskiner - Med Animo kaffetraktere kan du enkelt lage fersk kaffe.","breadcrumb":{"@id":"https:\/\/animo.eu\/no\/filterkaffemaskiner\/#breadcrumb"},"inLanguage":"nb-NO","potentialAction":[{"@type":"ReadAction","target":["https:\/\/animo.eu\/no\/filterkaffemaskiner\/"]}]},{"@type":"ImageObject","inLanguage":"nb-NO","@id":"https:\/\/animo.eu\/no\/filterkaffemaskiner\/#primaryimage","url":"https:\/\/animo.eu\/wp-content\/uploads\/2023\/08\/Combi-koffiezetapparaten.png","contentUrl":"https:\/\/animo.eu\/wp-content\/uploads\/2023\/08\/Combi-koffiezetapparaten.png","width":1772,"height":1475},{"@type":"BreadcrumbList","@id":"https:\/\/animo.eu\/no\/filterkaffemaskiner\/#breadcrumb","itemListElement":[{"@type":"ListItem","position":1,"name":"Home","item":"https:\/\/animo.eu\/no\/"},{"@type":"ListItem","position":2,"name":"Kaffemaskiner"}]},{"@type":"WebSite","@id":"https:\/\/animo.eu\/no\/#website","url":"https:\/\/animo.eu\/no\/","name":"","description":"","potentialAction":[{"@type":"SearchAction","target":{"@type":"EntryPoint","urlTemplate":"https:\/\/animo.eu\/no\/?s={search_term_string}"},"query-input":{"@type":"PropertyValueSpecification","valueRequired":true,"valueName":"search_term_string"}}],"inLanguage":"nb-NO"}]}},"_links":{"self":[{"href":"https:\/\/animo.eu\/no\/wp-json\/wp\/v2\/pages\/37353"}],"collection":[{"href":"https:\/\/animo.eu\/no\/wp-json\/wp\/v2\/pages"}],"about":[{"href":"https:\/\/animo.eu\/no\/wp-json\/wp\/v2\/types\/page"}],"author":[{"embeddable":true,"href":"https:\/\/animo.eu\/no\/wp-json\/wp\/v2\/users\/1"}],"replies":[{"embeddable":true,"href":"https:\/\/animo.eu\/no\/wp-json\/wp\/v2\/comments?post=37353"}],"version-history":[{"count":9,"href":"https:\/\/animo.eu\/no\/wp-json\/wp\/v2\/pages\/37353\/revisions"}],"predecessor-version":[{"id":47506,"href":"https:\/\/animo.eu\/no\/wp-json\/wp\/v2\/pages\/37353\/revisions\/47506"}],"wp:featuredmedia":[{"embeddable":true,"href":"https:\/\/animo.eu\/no\/wp-json\/wp\/v2\/media\/18275"}],"wp:attachment":[{"href":"https:\/\/animo.eu\/no\/wp-json\/wp\/v2\/media?parent=37353"}],"curies":[{"name":"wp","href":"https:\/\/api.w.org\/{rel}","templated":true}]}}