{"id":41493,"date":"2023-08-28T14:13:08","date_gmt":"2023-08-28T12:13:08","guid":{"rendered":"https:\/\/animo.eu\/betalingssystemer\/"},"modified":"2023-12-11T09:47:45","modified_gmt":"2023-12-11T08:47:45","slug":"betalingssystemer","status":"publish","type":"page","link":"https:\/\/animo.eu\/no\/betalingssystemer\/","title":{"rendered":"Betalingssystemer"},"content":{"rendered":"\n<section  class=\"pane pane--white \">\n    <div class=\"container\">\n                    <div class=\"row justify-content-center mb-4\">\n                <div class=\"col-12\">\n                    <div class=\"pane__text\">\n                        <h2>Betalingssystemer<\/h2>\n                    <\/div>\n                <\/div>\n            <\/div>\n        \n                                \n                            <div class=\"row row--equalized g-4 g-lg-3 g-xl-6\">\n                                            <div class=\"col-12 col-md-6 col-lg-3\">\n                            <div class=\"card card--product\">\n                    <div class=\"card__image\">\n                    <img decoding=\"async\" width=\"550\" height=\"292\" src=\"https:\/\/animo.eu\/wp-content\/uploads\/2023\/08\/OptiMe-met-betaalsysteem-voor-overzicht-550x292.png\" class=\"image wp-post-image\" alt=\"\" loading=\"lazy\" srcset=\"https:\/\/animo.eu\/wp-content\/uploads\/2023\/08\/OptiMe-met-betaalsysteem-voor-overzicht-550x292.png 550w, https:\/\/animo.eu\/wp-content\/uploads\/2023\/08\/OptiMe-met-betaalsysteem-voor-overzicht-300x159.png 300w, https:\/\/animo.eu\/wp-content\/uploads\/2023\/08\/OptiMe-met-betaalsysteem-voor-overzicht-1024x543.png 1024w, https:\/\/animo.eu\/wp-content\/uploads\/2023\/08\/OptiMe-met-betaalsysteem-voor-overzicht-768x407.png 768w, https:\/\/animo.eu\/wp-content\/uploads\/2023\/08\/OptiMe-met-betaalsysteem-voor-overzicht-1536x814.png 1536w, https:\/\/animo.eu\/wp-content\/uploads\/2023\/08\/OptiMe-met-betaalsysteem-voor-overzicht-70x37.png 70w, https:\/\/animo.eu\/wp-content\/uploads\/2023\/08\/OptiMe-met-betaalsysteem-voor-overzicht-800x424.png 800w, https:\/\/animo.eu\/wp-content\/uploads\/2023\/08\/OptiMe-met-betaalsysteem-voor-overzicht-189x100.png 189w, https:\/\/animo.eu\/wp-content\/uploads\/2023\/08\/OptiMe-met-betaalsysteem-voor-overzicht-150x80.png 150w, https:\/\/animo.eu\/wp-content\/uploads\/2023\/08\/OptiMe-met-betaalsysteem-voor-overzicht.png 1590w\" sizes=\"(max-width: 550px) 100vw, 550px\" \/>                <\/div>\n    <div class=\"card-body\">\n        <h3 class=\"card-title\">OptiMe betalingssystemer<\/h3>\n                    <p class=\"mb-0\">For enkel betaling for kaffe med Optime<\/p>\n            <\/div>\n    <div class=\"card-footer\">\n        <span class=\"btn btn-outline-secondary\">\n            <span class=\"btn__text\">Mer informasjon<\/span>\n            <svg class=\"icon icon--20 icon--arrow\">\n                <use xlink:href=\"https:\/\/animo.eu\/wp-content\/themes\/animo\/build\/img\/symbols.svg#arrow-right\"><\/use>\n            <\/svg>\n        <\/span>\n    <\/div>\n    <a class=\"stretched-link\" href=\"https:\/\/animo.eu\/no\/betalingssystemer\/optime-betalingssystemer\/\"><\/a>\n<\/div>\n                        <\/div>\n                                            <div class=\"col-12 col-md-6 col-lg-3\">\n                            <div class=\"card card--product\">\n                    <div class=\"card__image\">\n                    <img decoding=\"async\" width=\"550\" height=\"337\" src=\"https:\/\/animo.eu\/wp-content\/uploads\/2023\/08\/Options_Payment-Systems_Product-Pictures_OB-OFR-OV-payment_system2-550x337.png\" class=\"image wp-post-image\" alt=\"\" loading=\"lazy\" srcset=\"https:\/\/animo.eu\/wp-content\/uploads\/2023\/08\/Options_Payment-Systems_Product-Pictures_OB-OFR-OV-payment_system2-550x337.png 550w, https:\/\/animo.eu\/wp-content\/uploads\/2023\/08\/Options_Payment-Systems_Product-Pictures_OB-OFR-OV-payment_system2-300x184.png 300w, https:\/\/animo.eu\/wp-content\/uploads\/2023\/08\/Options_Payment-Systems_Product-Pictures_OB-OFR-OV-payment_system2-1024x628.png 1024w, https:\/\/animo.eu\/wp-content\/uploads\/2023\/08\/Options_Payment-Systems_Product-Pictures_OB-OFR-OV-payment_system2-768x471.png 768w, https:\/\/animo.eu\/wp-content\/uploads\/2023\/08\/Options_Payment-Systems_Product-Pictures_OB-OFR-OV-payment_system2-1536x942.png 1536w, https:\/\/animo.eu\/wp-content\/uploads\/2023\/08\/Options_Payment-Systems_Product-Pictures_OB-OFR-OV-payment_system2-70x43.png 70w, https:\/\/animo.eu\/wp-content\/uploads\/2023\/08\/Options_Payment-Systems_Product-Pictures_OB-OFR-OV-payment_system2-800x491.png 800w, https:\/\/animo.eu\/wp-content\/uploads\/2023\/08\/Options_Payment-Systems_Product-Pictures_OB-OFR-OV-payment_system2-163x100.png 163w, https:\/\/animo.eu\/wp-content\/uploads\/2023\/08\/Options_Payment-Systems_Product-Pictures_OB-OFR-OV-payment_system2-150x92.png 150w, https:\/\/animo.eu\/wp-content\/uploads\/2023\/08\/Options_Payment-Systems_Product-Pictures_OB-OFR-OV-payment_system2.png 1590w\" sizes=\"(max-width: 550px) 100vw, 550px\" \/>                <\/div>\n    <div class=\"card-body\">\n        <h3 class=\"card-title\">Modul\u00e6re betalingssystemer<\/h3>\n                    <p class=\"mb-0\">For enkel betaling for kaffe<\/p>\n            <\/div>\n    <div class=\"card-footer\">\n        <span class=\"btn btn-outline-secondary\">\n            <span class=\"btn__text\">Mer informasjon<\/span>\n            <svg class=\"icon icon--20 icon--arrow\">\n                <use xlink:href=\"https:\/\/animo.eu\/wp-content\/themes\/animo\/build\/img\/symbols.svg#arrow-right\"><\/use>\n            <\/svg>\n        <\/span>\n    <\/div>\n    <a class=\"stretched-link\" href=\"https:\/\/animo.eu\/no\/betalingssystemer\/modulaere-betalingssystemer\/\"><\/a>\n<\/div>\n                        <\/div>\n                                    <\/div>\n                                         <\/div>\n<\/section>\n\n<section  class=\"pane pane--white \">\n    <div class=\"container\">\n        <div class=\"row g-4 g-lg-8 g-xl-15 g-xxl-20 align-items-center flex-lg-row-reverse\">\n                            <div class=\"col-12 col-lg-6\">\n                    <div class=\"pane__text\">\n                        <h2>Animo-tillegg for ekstra verdi<\/h2>\n<p>For \u00e5 tilby Animo-maskinene ekstra merverdi har vi ulike tillegg i sortimentet. Det er koppdispensere, koppvarmere og betalingssystemer og mange andre funksjoner for \u00e5 f\u00e5 Animo-maskinene til \u00e5 virkelig utmerke seg.<\/p>\n                                                \n                    <\/div>\n                <\/div>\n                                <\/div>\n    <\/div>\n<\/section>\n","protected":false},"excerpt":{"rendered":"","protected":false},"author":21,"featured_media":20199,"parent":0,"menu_order":49,"comment_status":"closed","ping_status":"closed","template":"","meta":{"_acf_changed":false,"footnotes":""},"class_list":["post-41493","page","type-page","status-publish","has-post-thumbnail","hentry"],"acf":[],"yoast_head":"<!-- This site is optimized with the Yoast SEO plugin v25.5 - https:\/\/yoast.com\/wordpress\/plugins\/seo\/ -->\n<title>Betalingssystemer -<\/title>\n<meta name=\"description\" content=\"Betalingssystemer -\" \/>\n<meta name=\"robots\" content=\"index, follow, max-snippet:-1, max-image-preview:large, max-video-preview:-1\" \/>\n<link rel=\"canonical\" href=\"https:\/\/animo.eu\/no\/betalingssystemer\/\" \/>\n<meta property=\"og:locale\" content=\"nb_NO\" \/>\n<meta property=\"og:type\" content=\"article\" \/>\n<meta property=\"og:title\" content=\"Betalingssystemer -\" \/>\n<meta property=\"og:description\" content=\"Betalingssystemer -\" \/>\n<meta property=\"og:url\" content=\"https:\/\/animo.eu\/no\/betalingssystemer\/\" \/>\n<meta property=\"article:publisher\" content=\"https:\/\/www.facebook.com\/animobv\/\" \/>\n<meta property=\"article:modified_time\" content=\"2023-12-11T08:47:45+00:00\" \/>\n<meta property=\"og:image\" content=\"https:\/\/animo.eu\/wp-content\/uploads\/2023\/08\/Betalingssytemen-overzicht-1.png\" \/>\n\t<meta property=\"og:image:width\" content=\"1137\" \/>\n\t<meta property=\"og:image:height\" content=\"792\" \/>\n\t<meta property=\"og:image:type\" content=\"image\/png\" \/>\n<meta name=\"twitter:card\" content=\"summary_large_image\" \/>\n<meta name=\"twitter:site\" content=\"@animokoffie\" \/>\n<script type=\"application\/ld+json\" class=\"yoast-schema-graph\">{\"@context\":\"https:\/\/schema.org\",\"@graph\":[{\"@type\":\"WebPage\",\"@id\":\"https:\/\/animo.eu\/no\/betalingssystemer\/\",\"url\":\"https:\/\/animo.eu\/no\/betalingssystemer\/\",\"name\":\"Betalingssystemer -\",\"isPartOf\":{\"@id\":\"https:\/\/animo.eu\/no\/#website\"},\"primaryImageOfPage\":{\"@id\":\"https:\/\/animo.eu\/no\/betalingssystemer\/#primaryimage\"},\"image\":{\"@id\":\"https:\/\/animo.eu\/no\/betalingssystemer\/#primaryimage\"},\"thumbnailUrl\":\"https:\/\/animo.eu\/wp-content\/uploads\/2023\/08\/Betalingssytemen-overzicht-1.png\",\"datePublished\":\"2023-08-28T12:13:08+00:00\",\"dateModified\":\"2023-12-11T08:47:45+00:00\",\"description\":\"Betalingssystemer -\",\"breadcrumb\":{\"@id\":\"https:\/\/animo.eu\/no\/betalingssystemer\/#breadcrumb\"},\"inLanguage\":\"nb-NO\",\"potentialAction\":[{\"@type\":\"ReadAction\",\"target\":[\"https:\/\/animo.eu\/no\/betalingssystemer\/\"]}]},{\"@type\":\"ImageObject\",\"inLanguage\":\"nb-NO\",\"@id\":\"https:\/\/animo.eu\/no\/betalingssystemer\/#primaryimage\",\"url\":\"https:\/\/animo.eu\/wp-content\/uploads\/2023\/08\/Betalingssytemen-overzicht-1.png\",\"contentUrl\":\"https:\/\/animo.eu\/wp-content\/uploads\/2023\/08\/Betalingssytemen-overzicht-1.png\",\"width\":1137,\"height\":792},{\"@type\":\"BreadcrumbList\",\"@id\":\"https:\/\/animo.eu\/no\/betalingssystemer\/#breadcrumb\",\"itemListElement\":[{\"@type\":\"ListItem\",\"position\":1,\"name\":\"Home\",\"item\":\"https:\/\/animo.eu\/no\/\"},{\"@type\":\"ListItem\",\"position\":2,\"name\":\"Betalingssystemer\"}]},{\"@type\":\"WebSite\",\"@id\":\"https:\/\/animo.eu\/no\/#website\",\"url\":\"https:\/\/animo.eu\/no\/\",\"name\":\"\",\"description\":\"\",\"potentialAction\":[{\"@type\":\"SearchAction\",\"target\":{\"@type\":\"EntryPoint\",\"urlTemplate\":\"https:\/\/animo.eu\/no\/?s={search_term_string}\"},\"query-input\":{\"@type\":\"PropertyValueSpecification\",\"valueRequired\":true,\"valueName\":\"search_term_string\"}}],\"inLanguage\":\"nb-NO\"}]}<\/script>\n<!-- \/ Yoast SEO plugin. -->","yoast_head_json":{"title":"Betalingssystemer -","description":"Betalingssystemer -","robots":{"index":"index","follow":"follow","max-snippet":"max-snippet:-1","max-image-preview":"max-image-preview:large","max-video-preview":"max-video-preview:-1"},"canonical":"https:\/\/animo.eu\/no\/betalingssystemer\/","og_locale":"nb_NO","og_type":"article","og_title":"Betalingssystemer -","og_description":"Betalingssystemer -","og_url":"https:\/\/animo.eu\/no\/betalingssystemer\/","article_publisher":"https:\/\/www.facebook.com\/animobv\/","article_modified_time":"2023-12-11T08:47:45+00:00","og_image":[{"width":1137,"height":792,"url":"https:\/\/animo.eu\/wp-content\/uploads\/2023\/08\/Betalingssytemen-overzicht-1.png","type":"image\/png"}],"twitter_card":"summary_large_image","twitter_site":"@animokoffie","schema":{"@context":"https:\/\/schema.org","@graph":[{"@type":"WebPage","@id":"https:\/\/animo.eu\/no\/betalingssystemer\/","url":"https:\/\/animo.eu\/no\/betalingssystemer\/","name":"Betalingssystemer -","isPartOf":{"@id":"https:\/\/animo.eu\/no\/#website"},"primaryImageOfPage":{"@id":"https:\/\/animo.eu\/no\/betalingssystemer\/#primaryimage"},"image":{"@id":"https:\/\/animo.eu\/no\/betalingssystemer\/#primaryimage"},"thumbnailUrl":"https:\/\/animo.eu\/wp-content\/uploads\/2023\/08\/Betalingssytemen-overzicht-1.png","datePublished":"2023-08-28T12:13:08+00:00","dateModified":"2023-12-11T08:47:45+00:00","description":"Betalingssystemer -","breadcrumb":{"@id":"https:\/\/animo.eu\/no\/betalingssystemer\/#breadcrumb"},"inLanguage":"nb-NO","potentialAction":[{"@type":"ReadAction","target":["https:\/\/animo.eu\/no\/betalingssystemer\/"]}]},{"@type":"ImageObject","inLanguage":"nb-NO","@id":"https:\/\/animo.eu\/no\/betalingssystemer\/#primaryimage","url":"https:\/\/animo.eu\/wp-content\/uploads\/2023\/08\/Betalingssytemen-overzicht-1.png","contentUrl":"https:\/\/animo.eu\/wp-content\/uploads\/2023\/08\/Betalingssytemen-overzicht-1.png","width":1137,"height":792},{"@type":"BreadcrumbList","@id":"https:\/\/animo.eu\/no\/betalingssystemer\/#breadcrumb","itemListElement":[{"@type":"ListItem","position":1,"name":"Home","item":"https:\/\/animo.eu\/no\/"},{"@type":"ListItem","position":2,"name":"Betalingssystemer"}]},{"@type":"WebSite","@id":"https:\/\/animo.eu\/no\/#website","url":"https:\/\/animo.eu\/no\/","name":"","description":"","potentialAction":[{"@type":"SearchAction","target":{"@type":"EntryPoint","urlTemplate":"https:\/\/animo.eu\/no\/?s={search_term_string}"},"query-input":{"@type":"PropertyValueSpecification","valueRequired":true,"valueName":"search_term_string"}}],"inLanguage":"nb-NO"}]}},"_links":{"self":[{"href":"https:\/\/animo.eu\/no\/wp-json\/wp\/v2\/pages\/41493"}],"collection":[{"href":"https:\/\/animo.eu\/no\/wp-json\/wp\/v2\/pages"}],"about":[{"href":"https:\/\/animo.eu\/no\/wp-json\/wp\/v2\/types\/page"}],"author":[{"embeddable":true,"href":"https:\/\/animo.eu\/no\/wp-json\/wp\/v2\/users\/21"}],"replies":[{"embeddable":true,"href":"https:\/\/animo.eu\/no\/wp-json\/wp\/v2\/comments?post=41493"}],"version-history":[{"count":1,"href":"https:\/\/animo.eu\/no\/wp-json\/wp\/v2\/pages\/41493\/revisions"}],"predecessor-version":[{"id":41494,"href":"https:\/\/animo.eu\/no\/wp-json\/wp\/v2\/pages\/41493\/revisions\/41494"}],"wp:featuredmedia":[{"embeddable":true,"href":"https:\/\/animo.eu\/no\/wp-json\/wp\/v2\/media\/20199"}],"wp:attachment":[{"href":"https:\/\/animo.eu\/no\/wp-json\/wp\/v2\/media?parent=41493"}],"curies":[{"name":"wp","href":"https:\/\/api.w.org\/{rel}","templated":true}]}}