{"id":42165,"date":"2023-08-24T08:17:18","date_gmt":"2023-08-24T06:17:18","guid":{"rendered":"https:\/\/animo.eu\/koppdispensere\/"},"modified":"2024-01-17T09:57:59","modified_gmt":"2024-01-17T08:57:59","slug":"koppdispensere","status":"publish","type":"page","link":"https:\/\/animo.eu\/no\/koppdispensere\/","title":{"rendered":"Koppdispensere"},"content":{"rendered":"\n<section  class=\"pane pane--white \">\n    <div class=\"container\">\n                    <div class=\"row justify-content-center mb-4\">\n                <div class=\"col-12\">\n                    <div class=\"pane__text\">\n                        <h2>Koppdispensere<\/h2>\n                    <\/div>\n                <\/div>\n            <\/div>\n        \n                                \n                            <div class=\"row row--equalized g-4 g-lg-3 g-xl-6\">\n                                            <div class=\"col-12 col-md-6 col-lg-3\">\n                            <div class=\"card card--product\">\n                    <div class=\"card__image\">\n                    <img decoding=\"async\" width=\"550\" height=\"458\" src=\"https:\/\/animo.eu\/wp-content\/uploads\/2023\/08\/Muur-bekerdispensers-550x458.png\" class=\"image wp-post-image\" alt=\"\" loading=\"lazy\" srcset=\"https:\/\/animo.eu\/wp-content\/uploads\/2023\/08\/Muur-bekerdispensers-550x458.png 550w, https:\/\/animo.eu\/wp-content\/uploads\/2023\/08\/Muur-bekerdispensers-300x250.png 300w, https:\/\/animo.eu\/wp-content\/uploads\/2023\/08\/Muur-bekerdispensers-1024x852.png 1024w, https:\/\/animo.eu\/wp-content\/uploads\/2023\/08\/Muur-bekerdispensers-768x639.png 768w, https:\/\/animo.eu\/wp-content\/uploads\/2023\/08\/Muur-bekerdispensers-1536x1279.png 1536w, https:\/\/animo.eu\/wp-content\/uploads\/2023\/08\/Muur-bekerdispensers-70x58.png 70w, https:\/\/animo.eu\/wp-content\/uploads\/2023\/08\/Muur-bekerdispensers-800x666.png 800w, https:\/\/animo.eu\/wp-content\/uploads\/2023\/08\/Muur-bekerdispensers-120x100.png 120w, https:\/\/animo.eu\/wp-content\/uploads\/2023\/08\/Muur-bekerdispensers-150x125.png 150w, https:\/\/animo.eu\/wp-content\/uploads\/2023\/08\/Muur-bekerdispensers.png 1772w\" sizes=\"(max-width: 550px) 100vw, 550px\" \/>                <\/div>\n    <div class=\"card-body\">\n        <h3 class=\"card-title\">Veggkoppdispensere<\/h3>\n                    <p class=\"mb-0\">Spar plass<\/p>\n            <\/div>\n    <div class=\"card-footer\">\n        <span class=\"btn btn-outline-secondary\">\n            <span class=\"btn__text\">Mer informasjon<\/span>\n            <svg class=\"icon icon--20 icon--arrow\">\n                <use xlink:href=\"https:\/\/animo.eu\/wp-content\/themes\/animo\/build\/img\/symbols.svg#arrow-right\"><\/use>\n            <\/svg>\n        <\/span>\n    <\/div>\n    <a class=\"stretched-link\" href=\"https:\/\/animo.eu\/no\/koppdispensere\/veggkoppdispensere\/\"><\/a>\n<\/div>\n                        <\/div>\n                                            <div class=\"col-12 col-md-6 col-lg-3\">\n                            <div class=\"card card--product\">\n                    <div class=\"card__image\">\n                    <img decoding=\"async\" width=\"550\" height=\"458\" src=\"https:\/\/animo.eu\/wp-content\/uploads\/2023\/08\/Bekersdispensers-Vending-Animo-550x458.png\" class=\"image wp-post-image\" alt=\"\" loading=\"lazy\" srcset=\"https:\/\/animo.eu\/wp-content\/uploads\/2023\/08\/Bekersdispensers-Vending-Animo-550x458.png 550w, https:\/\/animo.eu\/wp-content\/uploads\/2023\/08\/Bekersdispensers-Vending-Animo-300x250.png 300w, https:\/\/animo.eu\/wp-content\/uploads\/2023\/08\/Bekersdispensers-Vending-Animo-1024x852.png 1024w, https:\/\/animo.eu\/wp-content\/uploads\/2023\/08\/Bekersdispensers-Vending-Animo-768x639.png 768w, https:\/\/animo.eu\/wp-content\/uploads\/2023\/08\/Bekersdispensers-Vending-Animo-1536x1279.png 1536w, https:\/\/animo.eu\/wp-content\/uploads\/2023\/08\/Bekersdispensers-Vending-Animo-70x58.png 70w, https:\/\/animo.eu\/wp-content\/uploads\/2023\/08\/Bekersdispensers-Vending-Animo-800x666.png 800w, https:\/\/animo.eu\/wp-content\/uploads\/2023\/08\/Bekersdispensers-Vending-Animo-120x100.png 120w, https:\/\/animo.eu\/wp-content\/uploads\/2023\/08\/Bekersdispensers-Vending-Animo-150x125.png 150w, https:\/\/animo.eu\/wp-content\/uploads\/2023\/08\/Bekersdispensers-Vending-Animo.png 1772w\" sizes=\"(max-width: 550px) 100vw, 550px\" \/>                <\/div>\n    <div class=\"card-body\">\n        <h3 class=\"card-title\">Salgsautomater koppdispensere<\/h3>\n                    <p class=\"mb-0\">Ryddig og ryddig<\/p>\n            <\/div>\n    <div class=\"card-footer\">\n        <span class=\"btn btn-outline-secondary\">\n            <span class=\"btn__text\">Mer informasjon<\/span>\n            <svg class=\"icon icon--20 icon--arrow\">\n                <use xlink:href=\"https:\/\/animo.eu\/wp-content\/themes\/animo\/build\/img\/symbols.svg#arrow-right\"><\/use>\n            <\/svg>\n        <\/span>\n    <\/div>\n    <a class=\"stretched-link\" href=\"https:\/\/animo.eu\/no\/koppdispensere\/salgsautomater-koppdispensere\/\"><\/a>\n<\/div>\n                        <\/div>\n                                    <\/div>\n                                         <\/div>\n<\/section>\n\n<section  class=\"pane pane--white \">\n    <div class=\"container\">\n        <div class=\"row g-4 g-lg-8 g-xl-15 g-xxl-20 align-items-center flex-lg-row-reverse\">\n                            <div class=\"col-12 col-lg-6\">\n                    <div class=\"pane__text\">\n                        <h2>Animo-tillegg for ekstra verdi<\/h2>\n<p>For \u00e5 tilby Animo-maskinene ekstra merverdi har vi ulike tillegg i sortimentet. Det er koppdispensere, koppvarmere og betalingssystemer og mange andre funksjoner for \u00e5 f\u00e5 Animo-maskinene til \u00e5 virkelig utmerke seg.<\/p>\n                                                \n                    <\/div>\n                <\/div>\n                                <\/div>\n    <\/div>\n<\/section>\n","protected":false},"excerpt":{"rendered":"","protected":false},"author":21,"featured_media":18844,"parent":0,"menu_order":53,"comment_status":"closed","ping_status":"closed","template":"","meta":{"_acf_changed":false,"footnotes":""},"class_list":["post-42165","page","type-page","status-publish","has-post-thumbnail","hentry"],"acf":[],"yoast_head":"<!-- This site is optimized with the Yoast SEO plugin v25.5 - https:\/\/yoast.com\/wordpress\/plugins\/seo\/ -->\n<title>Koppdispensere -<\/title>\n<meta name=\"description\" content=\"Koppdispensere - Koppdispensere med geniale doseringssystemer. Animo koppdispensere passer til ulike typer kaffekopper.\" \/>\n<meta name=\"robots\" content=\"index, follow, max-snippet:-1, max-image-preview:large, max-video-preview:-1\" \/>\n<link rel=\"canonical\" href=\"https:\/\/animo.eu\/no\/koppdispensere\/\" \/>\n<meta property=\"og:locale\" content=\"nb_NO\" \/>\n<meta property=\"og:type\" content=\"article\" \/>\n<meta property=\"og:title\" content=\"Koppdispensere -\" \/>\n<meta property=\"og:description\" content=\"Koppdispensere - Koppdispensere med geniale doseringssystemer. Animo koppdispensere passer til ulike typer kaffekopper.\" \/>\n<meta property=\"og:url\" content=\"https:\/\/animo.eu\/no\/koppdispensere\/\" \/>\n<meta property=\"article:publisher\" content=\"https:\/\/www.facebook.com\/animobv\/\" \/>\n<meta property=\"article:modified_time\" content=\"2024-01-17T08:57:59+00:00\" \/>\n<meta property=\"og:image\" content=\"https:\/\/animo.eu\/wp-content\/uploads\/2023\/08\/Bekersdispensers-overzicht.png\" \/>\n\t<meta property=\"og:image:width\" content=\"1772\" \/>\n\t<meta property=\"og:image:height\" content=\"1475\" \/>\n\t<meta property=\"og:image:type\" content=\"image\/png\" \/>\n<meta name=\"twitter:card\" content=\"summary_large_image\" \/>\n<meta name=\"twitter:site\" content=\"@animokoffie\" \/>\n<script type=\"application\/ld+json\" class=\"yoast-schema-graph\">{\"@context\":\"https:\/\/schema.org\",\"@graph\":[{\"@type\":\"WebPage\",\"@id\":\"https:\/\/animo.eu\/no\/koppdispensere\/\",\"url\":\"https:\/\/animo.eu\/no\/koppdispensere\/\",\"name\":\"Koppdispensere -\",\"isPartOf\":{\"@id\":\"https:\/\/animo.eu\/no\/#website\"},\"primaryImageOfPage\":{\"@id\":\"https:\/\/animo.eu\/no\/koppdispensere\/#primaryimage\"},\"image\":{\"@id\":\"https:\/\/animo.eu\/no\/koppdispensere\/#primaryimage\"},\"thumbnailUrl\":\"https:\/\/animo.eu\/wp-content\/uploads\/2023\/08\/Bekersdispensers-overzicht.png\",\"datePublished\":\"2023-08-24T06:17:18+00:00\",\"dateModified\":\"2024-01-17T08:57:59+00:00\",\"description\":\"Koppdispensere - Koppdispensere med geniale doseringssystemer. Animo koppdispensere passer til ulike typer kaffekopper.\",\"breadcrumb\":{\"@id\":\"https:\/\/animo.eu\/no\/koppdispensere\/#breadcrumb\"},\"inLanguage\":\"nb-NO\",\"potentialAction\":[{\"@type\":\"ReadAction\",\"target\":[\"https:\/\/animo.eu\/no\/koppdispensere\/\"]}]},{\"@type\":\"ImageObject\",\"inLanguage\":\"nb-NO\",\"@id\":\"https:\/\/animo.eu\/no\/koppdispensere\/#primaryimage\",\"url\":\"https:\/\/animo.eu\/wp-content\/uploads\/2023\/08\/Bekersdispensers-overzicht.png\",\"contentUrl\":\"https:\/\/animo.eu\/wp-content\/uploads\/2023\/08\/Bekersdispensers-overzicht.png\",\"width\":1772,\"height\":1475},{\"@type\":\"BreadcrumbList\",\"@id\":\"https:\/\/animo.eu\/no\/koppdispensere\/#breadcrumb\",\"itemListElement\":[{\"@type\":\"ListItem\",\"position\":1,\"name\":\"Home\",\"item\":\"https:\/\/animo.eu\/no\/\"},{\"@type\":\"ListItem\",\"position\":2,\"name\":\"Koppdispensere\"}]},{\"@type\":\"WebSite\",\"@id\":\"https:\/\/animo.eu\/no\/#website\",\"url\":\"https:\/\/animo.eu\/no\/\",\"name\":\"\",\"description\":\"\",\"potentialAction\":[{\"@type\":\"SearchAction\",\"target\":{\"@type\":\"EntryPoint\",\"urlTemplate\":\"https:\/\/animo.eu\/no\/?s={search_term_string}\"},\"query-input\":{\"@type\":\"PropertyValueSpecification\",\"valueRequired\":true,\"valueName\":\"search_term_string\"}}],\"inLanguage\":\"nb-NO\"}]}<\/script>\n<!-- \/ Yoast SEO plugin. -->","yoast_head_json":{"title":"Koppdispensere -","description":"Koppdispensere - Koppdispensere med geniale doseringssystemer. Animo koppdispensere passer til ulike typer kaffekopper.","robots":{"index":"index","follow":"follow","max-snippet":"max-snippet:-1","max-image-preview":"max-image-preview:large","max-video-preview":"max-video-preview:-1"},"canonical":"https:\/\/animo.eu\/no\/koppdispensere\/","og_locale":"nb_NO","og_type":"article","og_title":"Koppdispensere -","og_description":"Koppdispensere - Koppdispensere med geniale doseringssystemer. Animo koppdispensere passer til ulike typer kaffekopper.","og_url":"https:\/\/animo.eu\/no\/koppdispensere\/","article_publisher":"https:\/\/www.facebook.com\/animobv\/","article_modified_time":"2024-01-17T08:57:59+00:00","og_image":[{"width":1772,"height":1475,"url":"https:\/\/animo.eu\/wp-content\/uploads\/2023\/08\/Bekersdispensers-overzicht.png","type":"image\/png"}],"twitter_card":"summary_large_image","twitter_site":"@animokoffie","schema":{"@context":"https:\/\/schema.org","@graph":[{"@type":"WebPage","@id":"https:\/\/animo.eu\/no\/koppdispensere\/","url":"https:\/\/animo.eu\/no\/koppdispensere\/","name":"Koppdispensere -","isPartOf":{"@id":"https:\/\/animo.eu\/no\/#website"},"primaryImageOfPage":{"@id":"https:\/\/animo.eu\/no\/koppdispensere\/#primaryimage"},"image":{"@id":"https:\/\/animo.eu\/no\/koppdispensere\/#primaryimage"},"thumbnailUrl":"https:\/\/animo.eu\/wp-content\/uploads\/2023\/08\/Bekersdispensers-overzicht.png","datePublished":"2023-08-24T06:17:18+00:00","dateModified":"2024-01-17T08:57:59+00:00","description":"Koppdispensere - Koppdispensere med geniale doseringssystemer. Animo koppdispensere passer til ulike typer kaffekopper.","breadcrumb":{"@id":"https:\/\/animo.eu\/no\/koppdispensere\/#breadcrumb"},"inLanguage":"nb-NO","potentialAction":[{"@type":"ReadAction","target":["https:\/\/animo.eu\/no\/koppdispensere\/"]}]},{"@type":"ImageObject","inLanguage":"nb-NO","@id":"https:\/\/animo.eu\/no\/koppdispensere\/#primaryimage","url":"https:\/\/animo.eu\/wp-content\/uploads\/2023\/08\/Bekersdispensers-overzicht.png","contentUrl":"https:\/\/animo.eu\/wp-content\/uploads\/2023\/08\/Bekersdispensers-overzicht.png","width":1772,"height":1475},{"@type":"BreadcrumbList","@id":"https:\/\/animo.eu\/no\/koppdispensere\/#breadcrumb","itemListElement":[{"@type":"ListItem","position":1,"name":"Home","item":"https:\/\/animo.eu\/no\/"},{"@type":"ListItem","position":2,"name":"Koppdispensere"}]},{"@type":"WebSite","@id":"https:\/\/animo.eu\/no\/#website","url":"https:\/\/animo.eu\/no\/","name":"","description":"","potentialAction":[{"@type":"SearchAction","target":{"@type":"EntryPoint","urlTemplate":"https:\/\/animo.eu\/no\/?s={search_term_string}"},"query-input":{"@type":"PropertyValueSpecification","valueRequired":true,"valueName":"search_term_string"}}],"inLanguage":"nb-NO"}]}},"_links":{"self":[{"href":"https:\/\/animo.eu\/no\/wp-json\/wp\/v2\/pages\/42165"}],"collection":[{"href":"https:\/\/animo.eu\/no\/wp-json\/wp\/v2\/pages"}],"about":[{"href":"https:\/\/animo.eu\/no\/wp-json\/wp\/v2\/types\/page"}],"author":[{"embeddable":true,"href":"https:\/\/animo.eu\/no\/wp-json\/wp\/v2\/users\/21"}],"replies":[{"embeddable":true,"href":"https:\/\/animo.eu\/no\/wp-json\/wp\/v2\/comments?post=42165"}],"version-history":[{"count":1,"href":"https:\/\/animo.eu\/no\/wp-json\/wp\/v2\/pages\/42165\/revisions"}],"predecessor-version":[{"id":42166,"href":"https:\/\/animo.eu\/no\/wp-json\/wp\/v2\/pages\/42165\/revisions\/42166"}],"wp:featuredmedia":[{"embeddable":true,"href":"https:\/\/animo.eu\/no\/wp-json\/wp\/v2\/media\/18844"}],"wp:attachment":[{"href":"https:\/\/animo.eu\/no\/wp-json\/wp\/v2\/media?parent=42165"}],"curies":[{"name":"wp","href":"https:\/\/api.w.org\/{rel}","templated":true}]}}