{"id":42207,"date":"2023-08-23T10:08:26","date_gmt":"2023-08-23T08:08:26","guid":{"rendered":"https:\/\/animo.eu\/serveringsvogner\/"},"modified":"2025-05-08T14:15:13","modified_gmt":"2025-05-08T12:15:13","slug":"serveringsvogner","status":"publish","type":"page","link":"https:\/\/animo.eu\/no\/serveringsvogner\/","title":{"rendered":"Serveringsvogner"},"content":{"rendered":"\n<section  class=\"pane pane--white \">\n    <div class=\"container\">\n                    <div class=\"row justify-content-center mb-4\">\n                <div class=\"col-12\">\n                    <div class=\"pane__text\">\n                        <h2>Serveringsvogner<\/h2>\n                    <\/div>\n                <\/div>\n            <\/div>\n        \n                                \n                            <div class=\"row row--equalized g-4 g-lg-3 g-xl-6\">\n                                            <div class=\"col-12 col-md-6 col-lg-3\">\n                            <div class=\"card card--product\">\n                    <div class=\"card__image\">\n                    <img decoding=\"async\" width=\"550\" height=\"281\" src=\"https:\/\/animo.eu\/wp-content\/uploads\/2025\/02\/Collage-Serveerwagens-Cafecruisers-550x281.png\" class=\"image wp-post-image\" alt=\"\" loading=\"lazy\" srcset=\"https:\/\/animo.eu\/wp-content\/uploads\/2025\/02\/Collage-Serveerwagens-Cafecruisers-550x281.png 550w, https:\/\/animo.eu\/wp-content\/uploads\/2025\/02\/Collage-Serveerwagens-Cafecruisers-300x153.png 300w, https:\/\/animo.eu\/wp-content\/uploads\/2025\/02\/Collage-Serveerwagens-Cafecruisers-1024x523.png 1024w, https:\/\/animo.eu\/wp-content\/uploads\/2025\/02\/Collage-Serveerwagens-Cafecruisers-768x392.png 768w, https:\/\/animo.eu\/wp-content\/uploads\/2025\/02\/Collage-Serveerwagens-Cafecruisers-1536x785.png 1536w, https:\/\/animo.eu\/wp-content\/uploads\/2025\/02\/Collage-Serveerwagens-Cafecruisers-2048x1046.png 2048w, https:\/\/animo.eu\/wp-content\/uploads\/2025\/02\/Collage-Serveerwagens-Cafecruisers-70x36.png 70w, https:\/\/animo.eu\/wp-content\/uploads\/2025\/02\/Collage-Serveerwagens-Cafecruisers-800x409.png 800w, https:\/\/animo.eu\/wp-content\/uploads\/2025\/02\/Collage-Serveerwagens-Cafecruisers-196x100.png 196w, https:\/\/animo.eu\/wp-content\/uploads\/2025\/02\/Collage-Serveerwagens-Cafecruisers-150x77.png 150w\" sizes=\"(max-width: 550px) 100vw, 550px\" \/>                <\/div>\n    <div class=\"card-body\">\n        <h3 class=\"card-title\">Serveringsvogner<\/h3>\n                    <p class=\"mb-0\">Server p\u00e5 rundstykker<\/p>\n            <\/div>\n    <div class=\"card-footer\">\n        <span class=\"btn btn-outline-secondary\">\n            <span class=\"btn__text\">Mer informasjon<\/span>\n            <svg class=\"icon icon--20 icon--arrow\">\n                <use xlink:href=\"https:\/\/animo.eu\/wp-content\/themes\/animo\/build\/img\/symbols.svg#arrow-right\"><\/use>\n            <\/svg>\n        <\/span>\n    <\/div>\n    <a class=\"stretched-link\" href=\"https:\/\/animo.eu\/no\/serveringsvogner\/serveringsvogner\/\"><\/a>\n<\/div>\n                        <\/div>\n                                    <\/div>\n                                         <\/div>\n<\/section>\n\n\n\n<section  class=\"pane pane--white \">\n    <div class=\"container\">\n        <div class=\"row g-4 g-lg-8 g-xl-15 g-xxl-20 align-items-center flex-lg-row-reverse\">\n                            <div class=\"col-12 col-lg-6\">\n                    <div class=\"pane__text\">\n                        <h2>Server p\u00e5 rundstykker<\/h2>\n<p>Animo sitt serveringsvognsortiment er sv\u00e6rt omfattende og har en passende serveringsvogn for enhver anledning. Hver Animo serveringsvogn er utstyrt med h\u00f8ykvalitets rustfritt st\u00e5l og passer derfor inn i enhver innredning. Animo synes serveringsm\u00e5ten er sv\u00e6rt viktig og har derfor en serveringsvogn som passer deg til enhver bruk.<\/p>\n                                                \n                    <\/div>\n                <\/div>\n                                        <div class=\"col-12 col-lg\">\n                    <figure class=\"figure image_reversed\">\n                        <img decoding=\"async\" width=\"1024\" height=\"523\" src=\"https:\/\/animo.eu\/wp-content\/uploads\/2025\/02\/Collage-Serveerwagens-Cafecruisers-1024x523.png\" class=\"img-fluid\" alt=\"\" loading=\"lazy\" srcset=\"https:\/\/animo.eu\/wp-content\/uploads\/2025\/02\/Collage-Serveerwagens-Cafecruisers-1024x523.png 1024w, https:\/\/animo.eu\/wp-content\/uploads\/2025\/02\/Collage-Serveerwagens-Cafecruisers-300x153.png 300w, https:\/\/animo.eu\/wp-content\/uploads\/2025\/02\/Collage-Serveerwagens-Cafecruisers-768x392.png 768w, https:\/\/animo.eu\/wp-content\/uploads\/2025\/02\/Collage-Serveerwagens-Cafecruisers-1536x785.png 1536w, https:\/\/animo.eu\/wp-content\/uploads\/2025\/02\/Collage-Serveerwagens-Cafecruisers-2048x1046.png 2048w, https:\/\/animo.eu\/wp-content\/uploads\/2025\/02\/Collage-Serveerwagens-Cafecruisers-70x36.png 70w, https:\/\/animo.eu\/wp-content\/uploads\/2025\/02\/Collage-Serveerwagens-Cafecruisers-550x281.png 550w, https:\/\/animo.eu\/wp-content\/uploads\/2025\/02\/Collage-Serveerwagens-Cafecruisers-800x409.png 800w, https:\/\/animo.eu\/wp-content\/uploads\/2025\/02\/Collage-Serveerwagens-Cafecruisers-196x100.png 196w, https:\/\/animo.eu\/wp-content\/uploads\/2025\/02\/Collage-Serveerwagens-Cafecruisers-150x77.png 150w\" sizes=\"(max-width: 1024px) 100vw, 1024px\" \/>                    <\/figure>\n                <\/div>\n                    <\/div>\n    <\/div>\n<\/section>\n","protected":false},"excerpt":{"rendered":"","protected":false},"author":21,"featured_media":76888,"parent":0,"menu_order":53,"comment_status":"closed","ping_status":"closed","template":"","meta":{"_acf_changed":false,"footnotes":""},"class_list":["post-42207","page","type-page","status-publish","has-post-thumbnail","hentry"],"acf":[],"yoast_head":"<!-- This site is optimized with the Yoast SEO plugin v25.5 - https:\/\/yoast.com\/wordpress\/plugins\/seo\/ -->\n<title>Serveringsvogner -<\/title>\n<meta name=\"description\" content=\"Serveringsvogner -\" \/>\n<meta name=\"robots\" content=\"index, follow, max-snippet:-1, max-image-preview:large, max-video-preview:-1\" \/>\n<link rel=\"canonical\" href=\"https:\/\/animo.eu\/no\/serveringsvogner\/\" \/>\n<meta property=\"og:locale\" content=\"nb_NO\" \/>\n<meta property=\"og:type\" content=\"article\" \/>\n<meta property=\"og:title\" content=\"Serveringsvogner -\" \/>\n<meta property=\"og:description\" content=\"Serveringsvogner -\" \/>\n<meta property=\"og:url\" content=\"https:\/\/animo.eu\/no\/serveringsvogner\/\" \/>\n<meta property=\"article:publisher\" content=\"https:\/\/www.facebook.com\/animobv\/\" \/>\n<meta property=\"article:modified_time\" content=\"2025-05-08T12:15:13+00:00\" \/>\n<meta property=\"og:image\" content=\"https:\/\/animo.eu\/wp-content\/uploads\/2025\/02\/Collage-Serveerwagens-Cafecruisers-1024x523.jpg\" \/>\n\t<meta property=\"og:image:width\" content=\"1024\" \/>\n\t<meta property=\"og:image:height\" content=\"523\" \/>\n\t<meta property=\"og:image:type\" content=\"image\/jpeg\" \/>\n<meta name=\"twitter:card\" content=\"summary_large_image\" \/>\n<meta name=\"twitter:site\" content=\"@animokoffie\" \/>\n<meta name=\"twitter:label1\" content=\"Ansl. lesetid\" \/>\n\t<meta name=\"twitter:data1\" content=\"1 minutt\" \/>\n<script type=\"application\/ld+json\" class=\"yoast-schema-graph\">{\"@context\":\"https:\/\/schema.org\",\"@graph\":[{\"@type\":\"WebPage\",\"@id\":\"https:\/\/animo.eu\/no\/serveringsvogner\/\",\"url\":\"https:\/\/animo.eu\/no\/serveringsvogner\/\",\"name\":\"Serveringsvogner -\",\"isPartOf\":{\"@id\":\"https:\/\/animo.eu\/no\/#website\"},\"primaryImageOfPage\":{\"@id\":\"https:\/\/animo.eu\/no\/serveringsvogner\/#primaryimage\"},\"image\":{\"@id\":\"https:\/\/animo.eu\/no\/serveringsvogner\/#primaryimage\"},\"thumbnailUrl\":\"https:\/\/animo.eu\/wp-content\/uploads\/2025\/02\/Collage-Serveerwagens-Cafecruisers.jpg\",\"datePublished\":\"2023-08-23T08:08:26+00:00\",\"dateModified\":\"2025-05-08T12:15:13+00:00\",\"description\":\"Serveringsvogner -\",\"breadcrumb\":{\"@id\":\"https:\/\/animo.eu\/no\/serveringsvogner\/#breadcrumb\"},\"inLanguage\":\"nb-NO\",\"potentialAction\":[{\"@type\":\"ReadAction\",\"target\":[\"https:\/\/animo.eu\/no\/serveringsvogner\/\"]}]},{\"@type\":\"ImageObject\",\"inLanguage\":\"nb-NO\",\"@id\":\"https:\/\/animo.eu\/no\/serveringsvogner\/#primaryimage\",\"url\":\"https:\/\/animo.eu\/wp-content\/uploads\/2025\/02\/Collage-Serveerwagens-Cafecruisers.jpg\",\"contentUrl\":\"https:\/\/animo.eu\/wp-content\/uploads\/2025\/02\/Collage-Serveerwagens-Cafecruisers.jpg\",\"width\":3348,\"height\":1710},{\"@type\":\"BreadcrumbList\",\"@id\":\"https:\/\/animo.eu\/no\/serveringsvogner\/#breadcrumb\",\"itemListElement\":[{\"@type\":\"ListItem\",\"position\":1,\"name\":\"Home\",\"item\":\"https:\/\/animo.eu\/no\/\"},{\"@type\":\"ListItem\",\"position\":2,\"name\":\"Serveringsvogner\"}]},{\"@type\":\"WebSite\",\"@id\":\"https:\/\/animo.eu\/no\/#website\",\"url\":\"https:\/\/animo.eu\/no\/\",\"name\":\"\",\"description\":\"\",\"potentialAction\":[{\"@type\":\"SearchAction\",\"target\":{\"@type\":\"EntryPoint\",\"urlTemplate\":\"https:\/\/animo.eu\/no\/?s={search_term_string}\"},\"query-input\":{\"@type\":\"PropertyValueSpecification\",\"valueRequired\":true,\"valueName\":\"search_term_string\"}}],\"inLanguage\":\"nb-NO\"}]}<\/script>\n<!-- \/ Yoast SEO plugin. -->","yoast_head_json":{"title":"Serveringsvogner -","description":"Serveringsvogner -","robots":{"index":"index","follow":"follow","max-snippet":"max-snippet:-1","max-image-preview":"max-image-preview:large","max-video-preview":"max-video-preview:-1"},"canonical":"https:\/\/animo.eu\/no\/serveringsvogner\/","og_locale":"nb_NO","og_type":"article","og_title":"Serveringsvogner -","og_description":"Serveringsvogner -","og_url":"https:\/\/animo.eu\/no\/serveringsvogner\/","article_publisher":"https:\/\/www.facebook.com\/animobv\/","article_modified_time":"2025-05-08T12:15:13+00:00","og_image":[{"width":1024,"height":523,"url":"https:\/\/animo.eu\/wp-content\/uploads\/2025\/02\/Collage-Serveerwagens-Cafecruisers-1024x523.jpg","type":"image\/jpeg"}],"twitter_card":"summary_large_image","twitter_site":"@animokoffie","twitter_misc":{"Ansl. lesetid":"1 minutt"},"schema":{"@context":"https:\/\/schema.org","@graph":[{"@type":"WebPage","@id":"https:\/\/animo.eu\/no\/serveringsvogner\/","url":"https:\/\/animo.eu\/no\/serveringsvogner\/","name":"Serveringsvogner -","isPartOf":{"@id":"https:\/\/animo.eu\/no\/#website"},"primaryImageOfPage":{"@id":"https:\/\/animo.eu\/no\/serveringsvogner\/#primaryimage"},"image":{"@id":"https:\/\/animo.eu\/no\/serveringsvogner\/#primaryimage"},"thumbnailUrl":"https:\/\/animo.eu\/wp-content\/uploads\/2025\/02\/Collage-Serveerwagens-Cafecruisers.jpg","datePublished":"2023-08-23T08:08:26+00:00","dateModified":"2025-05-08T12:15:13+00:00","description":"Serveringsvogner -","breadcrumb":{"@id":"https:\/\/animo.eu\/no\/serveringsvogner\/#breadcrumb"},"inLanguage":"nb-NO","potentialAction":[{"@type":"ReadAction","target":["https:\/\/animo.eu\/no\/serveringsvogner\/"]}]},{"@type":"ImageObject","inLanguage":"nb-NO","@id":"https:\/\/animo.eu\/no\/serveringsvogner\/#primaryimage","url":"https:\/\/animo.eu\/wp-content\/uploads\/2025\/02\/Collage-Serveerwagens-Cafecruisers.jpg","contentUrl":"https:\/\/animo.eu\/wp-content\/uploads\/2025\/02\/Collage-Serveerwagens-Cafecruisers.jpg","width":3348,"height":1710},{"@type":"BreadcrumbList","@id":"https:\/\/animo.eu\/no\/serveringsvogner\/#breadcrumb","itemListElement":[{"@type":"ListItem","position":1,"name":"Home","item":"https:\/\/animo.eu\/no\/"},{"@type":"ListItem","position":2,"name":"Serveringsvogner"}]},{"@type":"WebSite","@id":"https:\/\/animo.eu\/no\/#website","url":"https:\/\/animo.eu\/no\/","name":"","description":"","potentialAction":[{"@type":"SearchAction","target":{"@type":"EntryPoint","urlTemplate":"https:\/\/animo.eu\/no\/?s={search_term_string}"},"query-input":{"@type":"PropertyValueSpecification","valueRequired":true,"valueName":"search_term_string"}}],"inLanguage":"nb-NO"}]}},"_links":{"self":[{"href":"https:\/\/animo.eu\/no\/wp-json\/wp\/v2\/pages\/42207"}],"collection":[{"href":"https:\/\/animo.eu\/no\/wp-json\/wp\/v2\/pages"}],"about":[{"href":"https:\/\/animo.eu\/no\/wp-json\/wp\/v2\/types\/page"}],"author":[{"embeddable":true,"href":"https:\/\/animo.eu\/no\/wp-json\/wp\/v2\/users\/21"}],"replies":[{"embeddable":true,"href":"https:\/\/animo.eu\/no\/wp-json\/wp\/v2\/comments?post=42207"}],"version-history":[{"count":2,"href":"https:\/\/animo.eu\/no\/wp-json\/wp\/v2\/pages\/42207\/revisions"}],"predecessor-version":[{"id":79712,"href":"https:\/\/animo.eu\/no\/wp-json\/wp\/v2\/pages\/42207\/revisions\/79712"}],"wp:featuredmedia":[{"embeddable":true,"href":"https:\/\/animo.eu\/no\/wp-json\/wp\/v2\/media\/76888"}],"wp:attachment":[{"href":"https:\/\/animo.eu\/no\/wp-json\/wp\/v2\/media?parent=42207"}],"curies":[{"name":"wp","href":"https:\/\/api.w.org\/{rel}","templated":true}]}}