{"id":42319,"date":"2023-08-21T15:11:29","date_gmt":"2023-08-21T13:11:29","guid":{"rendered":"https:\/\/animo.eu\/drikkebeholdere\/"},"modified":"2023-12-15T15:17:17","modified_gmt":"2023-12-15T14:17:17","slug":"drikkebeholdere","status":"publish","type":"page","link":"https:\/\/animo.eu\/no\/drikkebeholdere\/","title":{"rendered":"Drikkebeholdere"},"content":{"rendered":"\n<section  class=\"pane pane--white \">\n    <div class=\"container\">\n                    <div class=\"row justify-content-center mb-4\">\n                <div class=\"col-12\">\n                    <div class=\"pane__text\">\n                        <h2>Drikkebeholdere<\/h2>\n                    <\/div>\n                <\/div>\n            <\/div>\n        \n                                \n                            <div class=\"row row--equalized g-4 g-lg-3 g-xl-6\">\n                                            <div class=\"col-12 col-md-6 col-lg-3\">\n                            <div class=\"card card--product\">\n                    <div class=\"card__image\">\n                    <img decoding=\"async\" width=\"550\" height=\"458\" src=\"https:\/\/animo.eu\/wp-content\/uploads\/2023\/08\/CE-en-CI-serie-550x458.png\" class=\"image wp-post-image\" alt=\"\" loading=\"lazy\" srcset=\"https:\/\/animo.eu\/wp-content\/uploads\/2023\/08\/CE-en-CI-serie-550x458.png 550w, https:\/\/animo.eu\/wp-content\/uploads\/2023\/08\/CE-en-CI-serie-300x250.png 300w, https:\/\/animo.eu\/wp-content\/uploads\/2023\/08\/CE-en-CI-serie-1024x852.png 1024w, https:\/\/animo.eu\/wp-content\/uploads\/2023\/08\/CE-en-CI-serie-768x639.png 768w, https:\/\/animo.eu\/wp-content\/uploads\/2023\/08\/CE-en-CI-serie-1536x1279.png 1536w, https:\/\/animo.eu\/wp-content\/uploads\/2023\/08\/CE-en-CI-serie-70x58.png 70w, https:\/\/animo.eu\/wp-content\/uploads\/2023\/08\/CE-en-CI-serie-800x666.png 800w, https:\/\/animo.eu\/wp-content\/uploads\/2023\/08\/CE-en-CI-serie-120x100.png 120w, https:\/\/animo.eu\/wp-content\/uploads\/2023\/08\/CE-en-CI-serie-150x125.png 150w, https:\/\/animo.eu\/wp-content\/uploads\/2023\/08\/CE-en-CI-serie.png 1772w\" sizes=\"(max-width: 550px) 100vw, 550px\" \/>                <\/div>\n    <div class=\"card-body\">\n        <h3 class=\"card-title\">CE-beholdere<\/h3>\n                    <p class=\"mb-0\">Drikkebeholdere med varmeelement og Klixon termostat<\/p>\n            <\/div>\n    <div class=\"card-footer\">\n        <span class=\"btn btn-outline-secondary\">\n            <span class=\"btn__text\">Mer informasjon<\/span>\n            <svg class=\"icon icon--20 icon--arrow\">\n                <use xlink:href=\"https:\/\/animo.eu\/wp-content\/themes\/animo\/build\/img\/symbols.svg#arrow-right\"><\/use>\n            <\/svg>\n        <\/span>\n    <\/div>\n    <a class=\"stretched-link\" href=\"https:\/\/animo.eu\/no\/drikkebeholdere\/ce-beholdere\/\"><\/a>\n<\/div>\n                        <\/div>\n                                            <div class=\"col-12 col-md-6 col-lg-3\">\n                            <div class=\"card card--product\">\n                    <div class=\"card__image\">\n                    <img decoding=\"async\" width=\"550\" height=\"458\" src=\"https:\/\/animo.eu\/wp-content\/uploads\/2023\/08\/CE-en-CI-serie-550x458.png\" class=\"image wp-post-image\" alt=\"\" loading=\"lazy\" srcset=\"https:\/\/animo.eu\/wp-content\/uploads\/2023\/08\/CE-en-CI-serie-550x458.png 550w, https:\/\/animo.eu\/wp-content\/uploads\/2023\/08\/CE-en-CI-serie-300x250.png 300w, https:\/\/animo.eu\/wp-content\/uploads\/2023\/08\/CE-en-CI-serie-1024x852.png 1024w, https:\/\/animo.eu\/wp-content\/uploads\/2023\/08\/CE-en-CI-serie-768x639.png 768w, https:\/\/animo.eu\/wp-content\/uploads\/2023\/08\/CE-en-CI-serie-1536x1279.png 1536w, https:\/\/animo.eu\/wp-content\/uploads\/2023\/08\/CE-en-CI-serie-70x58.png 70w, https:\/\/animo.eu\/wp-content\/uploads\/2023\/08\/CE-en-CI-serie-800x666.png 800w, https:\/\/animo.eu\/wp-content\/uploads\/2023\/08\/CE-en-CI-serie-120x100.png 120w, https:\/\/animo.eu\/wp-content\/uploads\/2023\/08\/CE-en-CI-serie-150x125.png 150w, https:\/\/animo.eu\/wp-content\/uploads\/2023\/08\/CE-en-CI-serie.png 1772w\" sizes=\"(max-width: 550px) 100vw, 550px\" \/>                <\/div>\n    <div class=\"card-body\">\n        <h3 class=\"card-title\">CI-beholdere<\/h3>\n                    <p class=\"mb-0\">Drikkebeholdere isolert med polyuretan<\/p>\n            <\/div>\n    <div class=\"card-footer\">\n        <span class=\"btn btn-outline-secondary\">\n            <span class=\"btn__text\">Mer informasjon<\/span>\n            <svg class=\"icon icon--20 icon--arrow\">\n                <use xlink:href=\"https:\/\/animo.eu\/wp-content\/themes\/animo\/build\/img\/symbols.svg#arrow-right\"><\/use>\n            <\/svg>\n        <\/span>\n    <\/div>\n    <a class=\"stretched-link\" href=\"https:\/\/animo.eu\/no\/drikkebeholdere\/ci-beholdere\/\"><\/a>\n<\/div>\n                        <\/div>\n                                    <\/div>\n                                         <\/div>\n<\/section>\n\n<section  class=\"pane pane--white \">\n    <div class=\"container\">\n        <div class=\"row g-4 g-lg-8 g-xl-15 g-xxl-20 align-items-center flex-lg-row-reverse\">\n                            <div class=\"col-12 col-lg-6\">\n                    <div class=\"pane__text\">\n                        <h2>Animo uansett<\/h2>\n<p>Animo utstyr er en klok investering p\u00e5 alle m\u00e5ter. Huset i rustfritt st\u00e5l er ikke bare uforgjengelig, men ogs\u00e5 fullstendig resirkulerbart. De andre komponentene er ogs\u00e5 p\u00e5litelige og har lang levetid. Dessuten f\u00f8lger Animo n\u00f8ye med p\u00e5 energiforbruket. De dobbeltveggede drikkevarmerne og matbeholderne er sv\u00e6rt varmeisolerende. All energi kommer til syvende og sist det indre mennesket til gode. Og det gir ny energi!<\/p>\n                                                \n                    <\/div>\n                <\/div>\n                                <\/div>\n    <\/div>\n<\/section>\n","protected":false},"excerpt":{"rendered":"","protected":false},"author":21,"featured_media":15646,"parent":0,"menu_order":49,"comment_status":"closed","ping_status":"closed","template":"","meta":{"_acf_changed":false,"footnotes":""},"class_list":["post-42319","page","type-page","status-publish","has-post-thumbnail","hentry"],"acf":[],"yoast_head":"<!-- This site is optimized with the Yoast SEO plugin v25.5 - https:\/\/yoast.com\/wordpress\/plugins\/seo\/ -->\n<title>Drikkebeholdere -<\/title>\n<meta name=\"description\" content=\"Drikkebeholdere -\" \/>\n<meta name=\"robots\" content=\"index, follow, max-snippet:-1, max-image-preview:large, max-video-preview:-1\" \/>\n<link rel=\"canonical\" href=\"https:\/\/animo.eu\/no\/drikkebeholdere\/\" \/>\n<meta property=\"og:locale\" content=\"nb_NO\" \/>\n<meta property=\"og:type\" content=\"article\" \/>\n<meta property=\"og:title\" content=\"Drikkebeholdere -\" \/>\n<meta property=\"og:description\" content=\"Drikkebeholdere -\" \/>\n<meta property=\"og:url\" content=\"https:\/\/animo.eu\/no\/drikkebeholdere\/\" \/>\n<meta property=\"article:publisher\" content=\"https:\/\/www.facebook.com\/animobv\/\" \/>\n<meta property=\"article:modified_time\" content=\"2023-12-15T14:17:17+00:00\" \/>\n<meta property=\"og:image\" content=\"https:\/\/animo.eu\/wp-content\/uploads\/2023\/08\/CE-en-CI-serie-1.png\" \/>\n\t<meta property=\"og:image:width\" content=\"1772\" \/>\n\t<meta property=\"og:image:height\" content=\"1475\" \/>\n\t<meta property=\"og:image:type\" content=\"image\/png\" \/>\n<meta name=\"twitter:card\" content=\"summary_large_image\" \/>\n<meta name=\"twitter:site\" content=\"@animokoffie\" \/>\n<script type=\"application\/ld+json\" class=\"yoast-schema-graph\">{\"@context\":\"https:\/\/schema.org\",\"@graph\":[{\"@type\":\"WebPage\",\"@id\":\"https:\/\/animo.eu\/no\/drikkebeholdere\/\",\"url\":\"https:\/\/animo.eu\/no\/drikkebeholdere\/\",\"name\":\"Drikkebeholdere -\",\"isPartOf\":{\"@id\":\"https:\/\/animo.eu\/no\/#website\"},\"primaryImageOfPage\":{\"@id\":\"https:\/\/animo.eu\/no\/drikkebeholdere\/#primaryimage\"},\"image\":{\"@id\":\"https:\/\/animo.eu\/no\/drikkebeholdere\/#primaryimage\"},\"thumbnailUrl\":\"https:\/\/animo.eu\/wp-content\/uploads\/2023\/08\/CE-en-CI-serie-1.png\",\"datePublished\":\"2023-08-21T13:11:29+00:00\",\"dateModified\":\"2023-12-15T14:17:17+00:00\",\"description\":\"Drikkebeholdere -\",\"breadcrumb\":{\"@id\":\"https:\/\/animo.eu\/no\/drikkebeholdere\/#breadcrumb\"},\"inLanguage\":\"nb-NO\",\"potentialAction\":[{\"@type\":\"ReadAction\",\"target\":[\"https:\/\/animo.eu\/no\/drikkebeholdere\/\"]}]},{\"@type\":\"ImageObject\",\"inLanguage\":\"nb-NO\",\"@id\":\"https:\/\/animo.eu\/no\/drikkebeholdere\/#primaryimage\",\"url\":\"https:\/\/animo.eu\/wp-content\/uploads\/2023\/08\/CE-en-CI-serie-1.png\",\"contentUrl\":\"https:\/\/animo.eu\/wp-content\/uploads\/2023\/08\/CE-en-CI-serie-1.png\",\"width\":1772,\"height\":1475},{\"@type\":\"BreadcrumbList\",\"@id\":\"https:\/\/animo.eu\/no\/drikkebeholdere\/#breadcrumb\",\"itemListElement\":[{\"@type\":\"ListItem\",\"position\":1,\"name\":\"Home\",\"item\":\"https:\/\/animo.eu\/no\/\"},{\"@type\":\"ListItem\",\"position\":2,\"name\":\"Drikkebeholdere\"}]},{\"@type\":\"WebSite\",\"@id\":\"https:\/\/animo.eu\/no\/#website\",\"url\":\"https:\/\/animo.eu\/no\/\",\"name\":\"\",\"description\":\"\",\"potentialAction\":[{\"@type\":\"SearchAction\",\"target\":{\"@type\":\"EntryPoint\",\"urlTemplate\":\"https:\/\/animo.eu\/no\/?s={search_term_string}\"},\"query-input\":{\"@type\":\"PropertyValueSpecification\",\"valueRequired\":true,\"valueName\":\"search_term_string\"}}],\"inLanguage\":\"nb-NO\"}]}<\/script>\n<!-- \/ Yoast SEO plugin. -->","yoast_head_json":{"title":"Drikkebeholdere -","description":"Drikkebeholdere -","robots":{"index":"index","follow":"follow","max-snippet":"max-snippet:-1","max-image-preview":"max-image-preview:large","max-video-preview":"max-video-preview:-1"},"canonical":"https:\/\/animo.eu\/no\/drikkebeholdere\/","og_locale":"nb_NO","og_type":"article","og_title":"Drikkebeholdere -","og_description":"Drikkebeholdere -","og_url":"https:\/\/animo.eu\/no\/drikkebeholdere\/","article_publisher":"https:\/\/www.facebook.com\/animobv\/","article_modified_time":"2023-12-15T14:17:17+00:00","og_image":[{"width":1772,"height":1475,"url":"https:\/\/animo.eu\/wp-content\/uploads\/2023\/08\/CE-en-CI-serie-1.png","type":"image\/png"}],"twitter_card":"summary_large_image","twitter_site":"@animokoffie","schema":{"@context":"https:\/\/schema.org","@graph":[{"@type":"WebPage","@id":"https:\/\/animo.eu\/no\/drikkebeholdere\/","url":"https:\/\/animo.eu\/no\/drikkebeholdere\/","name":"Drikkebeholdere -","isPartOf":{"@id":"https:\/\/animo.eu\/no\/#website"},"primaryImageOfPage":{"@id":"https:\/\/animo.eu\/no\/drikkebeholdere\/#primaryimage"},"image":{"@id":"https:\/\/animo.eu\/no\/drikkebeholdere\/#primaryimage"},"thumbnailUrl":"https:\/\/animo.eu\/wp-content\/uploads\/2023\/08\/CE-en-CI-serie-1.png","datePublished":"2023-08-21T13:11:29+00:00","dateModified":"2023-12-15T14:17:17+00:00","description":"Drikkebeholdere -","breadcrumb":{"@id":"https:\/\/animo.eu\/no\/drikkebeholdere\/#breadcrumb"},"inLanguage":"nb-NO","potentialAction":[{"@type":"ReadAction","target":["https:\/\/animo.eu\/no\/drikkebeholdere\/"]}]},{"@type":"ImageObject","inLanguage":"nb-NO","@id":"https:\/\/animo.eu\/no\/drikkebeholdere\/#primaryimage","url":"https:\/\/animo.eu\/wp-content\/uploads\/2023\/08\/CE-en-CI-serie-1.png","contentUrl":"https:\/\/animo.eu\/wp-content\/uploads\/2023\/08\/CE-en-CI-serie-1.png","width":1772,"height":1475},{"@type":"BreadcrumbList","@id":"https:\/\/animo.eu\/no\/drikkebeholdere\/#breadcrumb","itemListElement":[{"@type":"ListItem","position":1,"name":"Home","item":"https:\/\/animo.eu\/no\/"},{"@type":"ListItem","position":2,"name":"Drikkebeholdere"}]},{"@type":"WebSite","@id":"https:\/\/animo.eu\/no\/#website","url":"https:\/\/animo.eu\/no\/","name":"","description":"","potentialAction":[{"@type":"SearchAction","target":{"@type":"EntryPoint","urlTemplate":"https:\/\/animo.eu\/no\/?s={search_term_string}"},"query-input":{"@type":"PropertyValueSpecification","valueRequired":true,"valueName":"search_term_string"}}],"inLanguage":"nb-NO"}]}},"_links":{"self":[{"href":"https:\/\/animo.eu\/no\/wp-json\/wp\/v2\/pages\/42319"}],"collection":[{"href":"https:\/\/animo.eu\/no\/wp-json\/wp\/v2\/pages"}],"about":[{"href":"https:\/\/animo.eu\/no\/wp-json\/wp\/v2\/types\/page"}],"author":[{"embeddable":true,"href":"https:\/\/animo.eu\/no\/wp-json\/wp\/v2\/users\/21"}],"replies":[{"embeddable":true,"href":"https:\/\/animo.eu\/no\/wp-json\/wp\/v2\/comments?post=42319"}],"version-history":[{"count":1,"href":"https:\/\/animo.eu\/no\/wp-json\/wp\/v2\/pages\/42319\/revisions"}],"predecessor-version":[{"id":42320,"href":"https:\/\/animo.eu\/no\/wp-json\/wp\/v2\/pages\/42319\/revisions\/42320"}],"wp:featuredmedia":[{"embeddable":true,"href":"https:\/\/animo.eu\/no\/wp-json\/wp\/v2\/media\/15646"}],"wp:attachment":[{"href":"https:\/\/animo.eu\/no\/wp-json\/wp\/v2\/media?parent=42319"}],"curies":[{"name":"wp","href":"https:\/\/api.w.org\/{rel}","templated":true}]}}