{"id":44064,"date":"2024-01-03T16:19:02","date_gmt":"2024-01-03T15:19:02","guid":{"rendered":"https:\/\/animo.eu\/?page_id=44064"},"modified":"2024-03-23T10:32:38","modified_gmt":"2024-03-23T09:32:38","slug":"leasing_av_kaffemaskiner","status":"publish","type":"page","link":"https:\/\/animo.eu\/no\/om-animo\/leasing_av_kaffemaskiner\/","title":{"rendered":"Leasing av kaffemaskiner"},"content":{"rendered":"\n<section class=\"pane pane--white pane--anchors\">\n    <ul class=\"list justify-content-center d-none d-lg-flex\">\n                                    <li class=\"list__item mx-6 mx-xl-8 mx-xxl-10\">\n                    <a class=\"text-decoration-none text-secondary\" href=\"#leieavtale\">Leasing av kaffemaskin<\/a>\n                <\/li>\n                            <li class=\"list__item mx-6 mx-xl-8 mx-xxl-10\">\n                    <a class=\"text-decoration-none text-secondary\" href=\"#hvordan\">Hvordan leie<\/a>\n                <\/li>\n                            <li class=\"list__item mx-6 mx-xl-8 mx-xxl-10\">\n                    <a class=\"text-decoration-none text-secondary\" href=\"#mot\">Operasjonell og finansiell leasing<\/a>\n                <\/li>\n                            <li class=\"list__item mx-6 mx-xl-8 mx-xxl-10\">\n                    <a class=\"text-decoration-none text-secondary\" href=\"#popul\u00e6r\">Popul\u00e6re kaffemaskiner<\/a>\n                <\/li>\n                        <\/ul>\n<\/section>\n\n<section class=\"hero\">\n    <div class=\"hero__background\">\n                                    <img fetchpriority=\"high\" decoding=\"async\" width=\"2560\" height=\"1709\" src=\"https:\/\/animo.eu\/wp-content\/uploads\/2024\/01\/Koffie-momentje-scaled.jpg\" class=\"hero__image img-fluid\" alt=\"\" loading=\"eager\" srcset=\"https:\/\/animo.eu\/wp-content\/uploads\/2024\/01\/Koffie-momentje-scaled.jpg 2560w, https:\/\/animo.eu\/wp-content\/uploads\/2024\/01\/Koffie-momentje-300x200.jpg 300w, https:\/\/animo.eu\/wp-content\/uploads\/2024\/01\/Koffie-momentje-1024x684.jpg 1024w, https:\/\/animo.eu\/wp-content\/uploads\/2024\/01\/Koffie-momentje-768x513.jpg 768w, https:\/\/animo.eu\/wp-content\/uploads\/2024\/01\/Koffie-momentje-1536x1025.jpg 1536w, https:\/\/animo.eu\/wp-content\/uploads\/2024\/01\/Koffie-momentje-2048x1367.jpg 2048w, https:\/\/animo.eu\/wp-content\/uploads\/2024\/01\/Koffie-momentje-70x47.jpg 70w, https:\/\/animo.eu\/wp-content\/uploads\/2024\/01\/Koffie-momentje-550x367.jpg 550w, https:\/\/animo.eu\/wp-content\/uploads\/2024\/01\/Koffie-momentje-800x534.jpg 800w, https:\/\/animo.eu\/wp-content\/uploads\/2024\/01\/Koffie-momentje-150x100.jpg 150w\" sizes=\"(max-width: 2560px) 100vw, 2560px\" \/>                                <\/div>    \n            <div class=\"hero__content\">\n            <div class=\"container\">\n                <div class=\"row\">                    <div class=\"col-12 col-lg-9 col-xl-8\">                        <div class=\"hero__text \">\n                            <h1>Leasing av en kaffemaskin til bedriften din<\/h1>\n                        <\/div>\n                                                \n                    <\/div>\n                <\/div>\n            <\/div>\n        <\/div>\n        <div class=\"hero__scroll\">\n        <span>Rulle<\/span>\n        <svg class=\"icon icon--20 text-secondary\">\n            <use xlink:href=\"https:\/\/animo.eu\/wp-content\/themes\/animo\/build\/img\/symbols.svg#arrow-down\"><\/use>\n        <\/svg>      \n    <\/div>\n<\/section>\n\n<section id=\"leieavtale\" class=\"pane pane--white anchor\">\n    <div class=\"container\">\n        <div class=\"row g-4 g-lg-8 g-xl-15 g-xxl-20 align-items-center flex-lg-row-reverse\">\n                            <div class=\"col-12 col-lg-6\">\n                    <div class=\"pane__text\">\n                        <h2>Lease en Animo-kaffemaskin? Det kan<\/h2>\n<p>Er du p\u00e5 utkikk etter en kaffemaskin til bedriften din? I s\u00e5 fall finnes det flere muligheter for \u00e5 kj\u00f8pe dem. Du kan kj\u00f8pe en kaffemaskin, men for noen bedrifter er det mer attraktivt \u00e5 lease en kaffemaskin.<\/p>\n<p>Det finnes ulike leasingordninger. De vanligste er operasjonelle og finansielle leieavtaler. Hovedforskjellen er at ved operasjonell leasing er det leasingselskapet som eier kaffemaskinen, mens ved finansiell leasing er det du selv som blir \u00f8konomisk eier av kaffemaskinen og har den i din egen balanse.<\/p>\n<ul>\n<li>Skreddersydde leasingalternativer gjennom din Animo-forhandler<\/li>\n<li>Ingen investeringskostnader ved kj\u00f8p av kaffemaskiner<\/li>\n<li>Betale et fast bel\u00f8p per m\u00e5ned<\/li>\n<li>Ofte inkludert vedlikehold og reparasjoner (operasjonell leasing)<\/li>\n<li>Mulighet for pr\u00f8veplassering<\/li>\n<\/ul>\n                                                \n                    <\/div>\n                <\/div>\n                                        <div class=\"col-12 col-lg\">\n                    <figure class=\"figure image_reversed\">\n                        <img decoding=\"async\" width=\"491\" height=\"491\" src=\"https:\/\/animo.eu\/wp-content\/uploads\/2024\/01\/Twee-kopjes.jpg\" class=\"img-fluid\" alt=\"\" loading=\"lazy\" srcset=\"https:\/\/animo.eu\/wp-content\/uploads\/2024\/01\/Twee-kopjes.jpg 491w, https:\/\/animo.eu\/wp-content\/uploads\/2024\/01\/Twee-kopjes-300x300.jpg 300w, https:\/\/animo.eu\/wp-content\/uploads\/2024\/01\/Twee-kopjes-150x150.jpg 150w, https:\/\/animo.eu\/wp-content\/uploads\/2024\/01\/Twee-kopjes-70x70.jpg 70w, https:\/\/animo.eu\/wp-content\/uploads\/2024\/01\/Twee-kopjes-100x100.jpg 100w, https:\/\/animo.eu\/wp-content\/uploads\/2024\/01\/Twee-kopjes-350x350.jpg 350w\" sizes=\"(max-width: 491px) 100vw, 491px\" \/>                    <\/figure>\n                <\/div>\n                    <\/div>\n    <\/div>\n<\/section>\n\n<section id=\"hvordan\" class=\"pane pane--tertiary anchor\">\n    <div class=\"container\">\n        <div class=\"row g-4 g-lg-8 g-xl-15 g-xxl-20 align-items-center \">\n                            <div class=\"col-12 col-lg-6\">\n                    <div class=\"pane__text\">\n                        <h2>Hvordan kan jeg lease en kaffemaskin?<\/h2>\n<p>Vi samarbeider med et sterkt nettverk av Animo-forhandlere over hele landet. Gjennom dette forhandlernettverket kan vi ved behov tilby et totalkonsept, fra ingredienser og service til kj\u00f8p eller leasing av kaffemaskinene v\u00e5re.<\/p>\n<p>Det finnes muligheter for at en sertifisert Animo-forhandler kan fungere som &laquo;leasingpart&raquo; eller at et leasingselskap kan formidle dette.<\/p>\n<p>Har du sp\u00f8rsm\u00e5l eller er du interessert i \u00e5 leie v\u00e5re kaffemaskiner? <a href=\"https:\/\/animo.eu\/no\/om-animo\/salgsadresser\/\" target=\"_blank\" rel=\"noopener\">Legg igjen opplysningene dine<\/a>, s\u00e5 tar en av v\u00e5re forhandlere i ditt omr\u00e5de kontakt med deg s\u00e5 snart som mulig.<\/p>\n                                                \n                    <\/div>\n                <\/div>\n                                        <div class=\"col-12 col-lg\">\n                    <figure class=\"figure \">\n                        <img decoding=\"async\" width=\"491\" height=\"491\" src=\"https:\/\/animo.eu\/wp-content\/uploads\/2024\/01\/OptiBean-sfeer.jpg\" class=\"img-fluid\" alt=\"\" loading=\"lazy\" srcset=\"https:\/\/animo.eu\/wp-content\/uploads\/2024\/01\/OptiBean-sfeer.jpg 491w, https:\/\/animo.eu\/wp-content\/uploads\/2024\/01\/OptiBean-sfeer-300x300.jpg 300w, https:\/\/animo.eu\/wp-content\/uploads\/2024\/01\/OptiBean-sfeer-150x150.jpg 150w, https:\/\/animo.eu\/wp-content\/uploads\/2024\/01\/OptiBean-sfeer-70x70.jpg 70w, https:\/\/animo.eu\/wp-content\/uploads\/2024\/01\/OptiBean-sfeer-100x100.jpg 100w, https:\/\/animo.eu\/wp-content\/uploads\/2024\/01\/OptiBean-sfeer-350x350.jpg 350w\" sizes=\"(max-width: 491px) 100vw, 491px\" \/>                    <\/figure>\n                <\/div>\n                    <\/div>\n    <\/div>\n<\/section>\n\n<section id=\"mot\" class=\"pane pane--white anchor\">\n    <div class=\"container\">\n        <div class=\"row g-4 g-lg-8 g-xl-15 g-xxl-20 align-items-center flex-lg-row-reverse\">\n                            <div class=\"col-12 col-lg-6\">\n                    <div class=\"pane__text\">\n                        <h2>Operasjonell kontra finansiell leasing<\/h2>\n<p>Hovedforskjellen er at du ikke eier kaffemaskinen ved operasjonell leasing, mens du eier den ved finansiell leasing.<\/p>\n<p>Siden du ikke eier kaffemaskinen med operasjonell leasing, har du ikke rett til investeringsfradrag. I tillegg er kaffemaskinen heller ikke oppf\u00f8rt i balansen. Med finansiell leasing eier du kaffemaskinen og kan trekke fra momsen. Du har rett til investeringsfradrag, og kaffemaskinen st\u00e5r ogs\u00e5 i balansen.<\/p>\n<p>Finansiell leasing er egentlig en form for avbetalingskj\u00f8p. I utgangspunktet kj\u00f8per du kaffemaskinen, og et leasingselskap st\u00e5r for finansieringen. I l\u00f8pet av perioden tilbakebetales kaffemaskinen i like store avdrag. I kontraktsperioden er leasingselskapet den juridiske eieren og brukeren den \u00f8konomiske eieren. P\u00e5 slutten av leieperioden, n\u00e5r alle avdragene er betalt, blir brukeren fullverdig eier av kaffemaskinen.<\/p>\n<p>Ved operasjonell leasing er det to alternativer etter leasingperioden:<\/p>\n<ul>\n<li>Kaffemaskinen g\u00e5r tilbake til leasingselskapet eller Animo-forhandleren.<\/li>\n<li>Du blir din egen eier ved \u00e5 overta kaffemaskinen for en viss sum penger.<\/li>\n<\/ul>\n<p>&nbsp;<\/p>\n                                                \n                    <\/div>\n                <\/div>\n                                        <div class=\"col-12 col-lg\">\n                    <figure class=\"figure image_reversed\">\n                        <img decoding=\"async\" width=\"491\" height=\"491\" src=\"https:\/\/animo.eu\/wp-content\/uploads\/2024\/01\/Animo-kopje.jpg\" class=\"img-fluid\" alt=\"\" loading=\"lazy\" srcset=\"https:\/\/animo.eu\/wp-content\/uploads\/2024\/01\/Animo-kopje.jpg 491w, https:\/\/animo.eu\/wp-content\/uploads\/2024\/01\/Animo-kopje-300x300.jpg 300w, https:\/\/animo.eu\/wp-content\/uploads\/2024\/01\/Animo-kopje-150x150.jpg 150w, https:\/\/animo.eu\/wp-content\/uploads\/2024\/01\/Animo-kopje-70x70.jpg 70w, https:\/\/animo.eu\/wp-content\/uploads\/2024\/01\/Animo-kopje-100x100.jpg 100w, https:\/\/animo.eu\/wp-content\/uploads\/2024\/01\/Animo-kopje-350x350.jpg 350w\" sizes=\"(max-width: 491px) 100vw, 491px\" \/>                    <\/figure>\n                <\/div>\n                    <\/div>\n    <\/div>\n<\/section>\n\n<section id=\"popul\u00e6r\" class=\"pane pane--tertiary anchor\">\n    <div class=\"container\">\n                    <div class=\"row justify-content-center mb-10\">\n                <div class=\"col-12 col-lg-10 col-xl-8\">\n                    <div class=\"pane__text\">\n                        <h2 class=\"uk-width-1-1\">Popul\u00e6re kaffemaskiner til leasing<\/h2>\n                    <\/div>\n                <\/div>\n            <\/div>\n                            <div class=\"row row--equalized g-4 g-lg-3 g-xl-6\">\n              \n                <div class=\"col-12 col-md-6 col-lg-3\">\n                    <div class=\"card card--product\">\n        <div class=\"card__image\">\n                    <img decoding=\"async\" width=\"550\" height=\"458\" src=\"https:\/\/animo.eu\/wp-content\/uploads\/2023\/06\/OptiBean-X-550x458.png\" class=\"image wp-post-image\" alt=\"\" loading=\"lazy\" srcset=\"https:\/\/animo.eu\/wp-content\/uploads\/2023\/06\/OptiBean-X-550x458.png 550w, https:\/\/animo.eu\/wp-content\/uploads\/2023\/06\/OptiBean-X-300x250.png 300w, https:\/\/animo.eu\/wp-content\/uploads\/2023\/06\/OptiBean-X-1024x852.png 1024w, https:\/\/animo.eu\/wp-content\/uploads\/2023\/06\/OptiBean-X-768x639.png 768w, https:\/\/animo.eu\/wp-content\/uploads\/2023\/06\/OptiBean-X-1536x1279.png 1536w, https:\/\/animo.eu\/wp-content\/uploads\/2023\/06\/OptiBean-X-70x58.png 70w, https:\/\/animo.eu\/wp-content\/uploads\/2023\/06\/OptiBean-X-120x100.png 120w, https:\/\/animo.eu\/wp-content\/uploads\/2023\/06\/OptiBean-X-150x125.png 150w, https:\/\/animo.eu\/wp-content\/uploads\/2023\/06\/OptiBean-X.png 1772w\" sizes=\"(max-width: 550px) 100vw, 550px\" \/>                <\/div>\n    <div class=\"card-body\">\n        <h3 class=\"card-title\">OptiBean X<\/h3>\n                    <p class=\"mb-0\">En sterk espresso, den perfekte cappuccino, en deilig lungo &#8211; uansett hva du drikker, er den sanne smaken i de minste detaljene. Det er akkurat det OptiBean X tilbyr.<\/p>\n            <\/div>\n    <div class=\"card-footer\">\n        <span class=\"btn btn-outline-secondary\">\n            <span class=\"btn__text\">Mer informasjon<\/span>\n            <svg class=\"icon icon--20 icon--arrow\">\n                <use xlink:href=\"https:\/\/animo.eu\/wp-content\/themes\/animo\/build\/img\/symbols.svg#arrow-right\"><\/use>\n            <\/svg>\n        <\/span>\n    <\/div>\n    <a class=\"stretched-link\" href=\"https:\/\/animo.eu\/no\/kaffemaskiner\/optibean_x\/\"><\/a>\n<\/div>\n                <\/div>\n              \n                <div class=\"col-12 col-md-6 col-lg-3\">\n                    <div class=\"card card--product\">\n        <div class=\"card__image\">\n                    <img decoding=\"async\" width=\"550\" height=\"458\" src=\"https:\/\/animo.eu\/wp-content\/uploads\/2023\/08\/OptiMe-met-melkkoeler-550x458.png\" class=\"image wp-post-image\" alt=\"\" loading=\"lazy\" srcset=\"https:\/\/animo.eu\/wp-content\/uploads\/2023\/08\/OptiMe-met-melkkoeler-550x458.png 550w, https:\/\/animo.eu\/wp-content\/uploads\/2023\/08\/OptiMe-met-melkkoeler-300x250.png 300w, https:\/\/animo.eu\/wp-content\/uploads\/2023\/08\/OptiMe-met-melkkoeler-1024x852.png 1024w, https:\/\/animo.eu\/wp-content\/uploads\/2023\/08\/OptiMe-met-melkkoeler-768x639.png 768w, https:\/\/animo.eu\/wp-content\/uploads\/2023\/08\/OptiMe-met-melkkoeler-1536x1279.png 1536w, https:\/\/animo.eu\/wp-content\/uploads\/2023\/08\/OptiMe-met-melkkoeler-70x58.png 70w, https:\/\/animo.eu\/wp-content\/uploads\/2023\/08\/OptiMe-met-melkkoeler-800x666.png 800w, https:\/\/animo.eu\/wp-content\/uploads\/2023\/08\/OptiMe-met-melkkoeler-120x100.png 120w, https:\/\/animo.eu\/wp-content\/uploads\/2023\/08\/OptiMe-met-melkkoeler-150x125.png 150w, https:\/\/animo.eu\/wp-content\/uploads\/2023\/08\/OptiMe-met-melkkoeler.png 1772w\" sizes=\"(max-width: 550px) 100vw, 550px\" \/>                <\/div>\n    <div class=\"card-body\">\n        <h3 class=\"card-title\">OptiMe<\/h3>\n                    <p class=\"mb-0\">Nyt en nykvernet sterk espresso, en deilig lungo eller en cappuccino med fersk melk. OptiMe kombinerer smak og utseende i et unikt personlig design.  <\/p>\n            <\/div>\n    <div class=\"card-footer\">\n        <span class=\"btn btn-outline-secondary\">\n            <span class=\"btn__text\">Mer informasjon<\/span>\n            <svg class=\"icon icon--20 icon--arrow\">\n                <use xlink:href=\"https:\/\/animo.eu\/wp-content\/themes\/animo\/build\/img\/symbols.svg#arrow-right\"><\/use>\n            <\/svg>\n        <\/span>\n    <\/div>\n    <a class=\"stretched-link\" href=\"https:\/\/animo.eu\/no\/kaffemaskiner\/optime\/\"><\/a>\n<\/div>\n                <\/div>\n              \n                <div class=\"col-12 col-md-6 col-lg-3\">\n                    <div class=\"card card--product\">\n        <div class=\"card__image\">\n                    <img decoding=\"async\" width=\"550\" height=\"458\" src=\"https:\/\/animo.eu\/wp-content\/uploads\/2023\/06\/OptiFresh-Touch-550x458.png\" class=\"image wp-post-image\" alt=\"\" loading=\"lazy\" srcset=\"https:\/\/animo.eu\/wp-content\/uploads\/2023\/06\/OptiFresh-Touch-550x458.png 550w, https:\/\/animo.eu\/wp-content\/uploads\/2023\/06\/OptiFresh-Touch-300x250.png 300w, https:\/\/animo.eu\/wp-content\/uploads\/2023\/06\/OptiFresh-Touch-1024x852.png 1024w, https:\/\/animo.eu\/wp-content\/uploads\/2023\/06\/OptiFresh-Touch-768x639.png 768w, https:\/\/animo.eu\/wp-content\/uploads\/2023\/06\/OptiFresh-Touch-1536x1279.png 1536w, https:\/\/animo.eu\/wp-content\/uploads\/2023\/06\/OptiFresh-Touch-70x58.png 70w, https:\/\/animo.eu\/wp-content\/uploads\/2023\/06\/OptiFresh-Touch-120x100.png 120w, https:\/\/animo.eu\/wp-content\/uploads\/2023\/06\/OptiFresh-Touch-150x125.png 150w, https:\/\/animo.eu\/wp-content\/uploads\/2023\/06\/OptiFresh-Touch.png 1772w\" sizes=\"(max-width: 550px) 100vw, 550px\" \/>                <\/div>\n    <div class=\"card-body\">\n        <h3 class=\"card-title\">OptiFresh<\/h3>\n                    <p class=\"mb-0\">Kjent, deilig filterkaffe (ferskbrygget) og mange varianter. Foretrekker du smaken av nykvernede kaffeb\u00f8nner? OptiFresh er ogs\u00e5 tilgjengelig med en kaffekvern, som kverner b\u00f8nnene og raskt tilbereder deilig filterkaffe.<\/p>\n            <\/div>\n    <div class=\"card-footer\">\n        <span class=\"btn btn-outline-secondary\">\n            <span class=\"btn__text\">Mer informasjon<\/span>\n            <svg class=\"icon icon--20 icon--arrow\">\n                <use xlink:href=\"https:\/\/animo.eu\/wp-content\/themes\/animo\/build\/img\/symbols.svg#arrow-right\"><\/use>\n            <\/svg>\n        <\/span>\n    <\/div>\n    <a class=\"stretched-link\" href=\"https:\/\/animo.eu\/no\/kaffemaskiner\/optifresh\/\"><\/a>\n<\/div>\n                <\/div>\n              \n                <div class=\"col-12 col-md-6 col-lg-3\">\n                    <div class=\"card card--product\">\n        <div class=\"card__image\">\n                    <img decoding=\"async\" width=\"550\" height=\"458\" src=\"https:\/\/animo.eu\/wp-content\/uploads\/2023\/06\/OptiVend-Touch-550x458.png\" class=\"image wp-post-image\" alt=\"\" loading=\"lazy\" srcset=\"https:\/\/animo.eu\/wp-content\/uploads\/2023\/06\/OptiVend-Touch-550x458.png 550w, https:\/\/animo.eu\/wp-content\/uploads\/2023\/06\/OptiVend-Touch-300x250.png 300w, https:\/\/animo.eu\/wp-content\/uploads\/2023\/06\/OptiVend-Touch-1024x852.png 1024w, https:\/\/animo.eu\/wp-content\/uploads\/2023\/06\/OptiVend-Touch-768x639.png 768w, https:\/\/animo.eu\/wp-content\/uploads\/2023\/06\/OptiVend-Touch-1536x1279.png 1536w, https:\/\/animo.eu\/wp-content\/uploads\/2023\/06\/OptiVend-Touch-70x58.png 70w, https:\/\/animo.eu\/wp-content\/uploads\/2023\/06\/OptiVend-Touch-120x100.png 120w, https:\/\/animo.eu\/wp-content\/uploads\/2023\/06\/OptiVend-Touch-150x125.png 150w, https:\/\/animo.eu\/wp-content\/uploads\/2023\/06\/OptiVend-Touch.png 1772w\" sizes=\"(max-width: 550px) 100vw, 550px\" \/>                <\/div>\n    <div class=\"card-body\">\n        <h3 class=\"card-title\">OptiVend<\/h3>\n                    <p class=\"mb-0\">Opplev kraften til OptiVend. Nyt pulverkaffe p\u00e5 bare noen f\u00e5 sekunder, med perfekt smak og temperatur. N\u00e5r som helst p\u00e5 d\u00f8gnet.  <\/p>\n            <\/div>\n    <div class=\"card-footer\">\n        <span class=\"btn btn-outline-secondary\">\n            <span class=\"btn__text\">Mer informasjon<\/span>\n            <svg class=\"icon icon--20 icon--arrow\">\n                <use xlink:href=\"https:\/\/animo.eu\/wp-content\/themes\/animo\/build\/img\/symbols.svg#arrow-right\"><\/use>\n            <\/svg>\n        <\/span>\n    <\/div>\n    <a class=\"stretched-link\" href=\"https:\/\/animo.eu\/no\/kaffemaskiner\/optivend\/\"><\/a>\n<\/div>\n                <\/div>\n                        <\/div>\n                        <\/div>\n<\/section>\n","protected":false},"excerpt":{"rendered":"","protected":false},"author":21,"featured_media":44114,"parent":43618,"menu_order":42,"comment_status":"closed","ping_status":"closed","template":"","meta":{"_acf_changed":false,"footnotes":""},"class_list":["post-44064","page","type-page","status-publish","has-post-thumbnail","hentry"],"acf":[],"yoast_head":"<!-- This site is optimized with the Yoast SEO plugin v25.5 - https:\/\/yoast.com\/wordpress\/plugins\/seo\/ -->\n<title>Leasing av kaffemaskiner -<\/title>\n<meta name=\"description\" content=\"Leasing av kaffemaskiner -\" \/>\n<meta name=\"robots\" content=\"index, follow, max-snippet:-1, max-image-preview:large, max-video-preview:-1\" \/>\n<link rel=\"canonical\" href=\"https:\/\/animo.eu\/no\/om-animo\/leasing_av_kaffemaskiner\/\" \/>\n<meta property=\"og:locale\" content=\"nb_NO\" \/>\n<meta property=\"og:type\" content=\"article\" \/>\n<meta property=\"og:title\" content=\"Leasing av kaffemaskiner -\" \/>\n<meta property=\"og:description\" content=\"Leasing av kaffemaskiner -\" \/>\n<meta property=\"og:url\" content=\"https:\/\/animo.eu\/no\/om-animo\/leasing_av_kaffemaskiner\/\" \/>\n<meta property=\"article:publisher\" content=\"https:\/\/www.facebook.com\/animobv\/\" \/>\n<meta property=\"article:modified_time\" content=\"2024-03-23T09:32:38+00:00\" \/>\n<meta property=\"og:image\" content=\"https:\/\/animo.eu\/wp-content\/uploads\/2024\/01\/OptiBean-sfeer.jpg\" \/>\n\t<meta property=\"og:image:width\" content=\"491\" \/>\n\t<meta property=\"og:image:height\" content=\"491\" \/>\n\t<meta property=\"og:image:type\" content=\"image\/jpeg\" \/>\n<meta name=\"twitter:card\" content=\"summary_large_image\" \/>\n<meta name=\"twitter:site\" content=\"@animokoffie\" \/>\n<meta name=\"twitter:label1\" content=\"Ansl. lesetid\" \/>\n\t<meta name=\"twitter:data1\" content=\"1 minutt\" \/>\n<script type=\"application\/ld+json\" class=\"yoast-schema-graph\">{\"@context\":\"https:\/\/schema.org\",\"@graph\":[{\"@type\":\"WebPage\",\"@id\":\"https:\/\/animo.eu\/no\/om-animo\/leasing_av_kaffemaskiner\/\",\"url\":\"https:\/\/animo.eu\/no\/om-animo\/leasing_av_kaffemaskiner\/\",\"name\":\"Leasing av kaffemaskiner -\",\"isPartOf\":{\"@id\":\"https:\/\/animo.eu\/no\/#website\"},\"primaryImageOfPage\":{\"@id\":\"https:\/\/animo.eu\/no\/om-animo\/leasing_av_kaffemaskiner\/#primaryimage\"},\"image\":{\"@id\":\"https:\/\/animo.eu\/no\/om-animo\/leasing_av_kaffemaskiner\/#primaryimage\"},\"thumbnailUrl\":\"https:\/\/animo.eu\/wp-content\/uploads\/2024\/01\/OptiBean-sfeer.jpg\",\"datePublished\":\"2024-01-03T15:19:02+00:00\",\"dateModified\":\"2024-03-23T09:32:38+00:00\",\"description\":\"Leasing av kaffemaskiner -\",\"breadcrumb\":{\"@id\":\"https:\/\/animo.eu\/no\/om-animo\/leasing_av_kaffemaskiner\/#breadcrumb\"},\"inLanguage\":\"nb-NO\",\"potentialAction\":[{\"@type\":\"ReadAction\",\"target\":[\"https:\/\/animo.eu\/no\/om-animo\/leasing_av_kaffemaskiner\/\"]}]},{\"@type\":\"ImageObject\",\"inLanguage\":\"nb-NO\",\"@id\":\"https:\/\/animo.eu\/no\/om-animo\/leasing_av_kaffemaskiner\/#primaryimage\",\"url\":\"https:\/\/animo.eu\/wp-content\/uploads\/2024\/01\/OptiBean-sfeer.jpg\",\"contentUrl\":\"https:\/\/animo.eu\/wp-content\/uploads\/2024\/01\/OptiBean-sfeer.jpg\",\"width\":491,\"height\":491},{\"@type\":\"BreadcrumbList\",\"@id\":\"https:\/\/animo.eu\/no\/om-animo\/leasing_av_kaffemaskiner\/#breadcrumb\",\"itemListElement\":[{\"@type\":\"ListItem\",\"position\":1,\"name\":\"Home\",\"item\":\"https:\/\/animo.eu\/no\/\"},{\"@type\":\"ListItem\",\"position\":2,\"name\":\"Om Animo\",\"item\":\"https:\/\/animo.eu\/no\/om-animo\/\"},{\"@type\":\"ListItem\",\"position\":3,\"name\":\"Leasing av kaffemaskiner\"}]},{\"@type\":\"WebSite\",\"@id\":\"https:\/\/animo.eu\/no\/#website\",\"url\":\"https:\/\/animo.eu\/no\/\",\"name\":\"\",\"description\":\"\",\"potentialAction\":[{\"@type\":\"SearchAction\",\"target\":{\"@type\":\"EntryPoint\",\"urlTemplate\":\"https:\/\/animo.eu\/no\/?s={search_term_string}\"},\"query-input\":{\"@type\":\"PropertyValueSpecification\",\"valueRequired\":true,\"valueName\":\"search_term_string\"}}],\"inLanguage\":\"nb-NO\"}]}<\/script>\n<!-- \/ Yoast SEO plugin. -->","yoast_head_json":{"title":"Leasing av kaffemaskiner -","description":"Leasing av kaffemaskiner -","robots":{"index":"index","follow":"follow","max-snippet":"max-snippet:-1","max-image-preview":"max-image-preview:large","max-video-preview":"max-video-preview:-1"},"canonical":"https:\/\/animo.eu\/no\/om-animo\/leasing_av_kaffemaskiner\/","og_locale":"nb_NO","og_type":"article","og_title":"Leasing av kaffemaskiner -","og_description":"Leasing av kaffemaskiner -","og_url":"https:\/\/animo.eu\/no\/om-animo\/leasing_av_kaffemaskiner\/","article_publisher":"https:\/\/www.facebook.com\/animobv\/","article_modified_time":"2024-03-23T09:32:38+00:00","og_image":[{"width":491,"height":491,"url":"https:\/\/animo.eu\/wp-content\/uploads\/2024\/01\/OptiBean-sfeer.jpg","type":"image\/jpeg"}],"twitter_card":"summary_large_image","twitter_site":"@animokoffie","twitter_misc":{"Ansl. lesetid":"1 minutt"},"schema":{"@context":"https:\/\/schema.org","@graph":[{"@type":"WebPage","@id":"https:\/\/animo.eu\/no\/om-animo\/leasing_av_kaffemaskiner\/","url":"https:\/\/animo.eu\/no\/om-animo\/leasing_av_kaffemaskiner\/","name":"Leasing av kaffemaskiner -","isPartOf":{"@id":"https:\/\/animo.eu\/no\/#website"},"primaryImageOfPage":{"@id":"https:\/\/animo.eu\/no\/om-animo\/leasing_av_kaffemaskiner\/#primaryimage"},"image":{"@id":"https:\/\/animo.eu\/no\/om-animo\/leasing_av_kaffemaskiner\/#primaryimage"},"thumbnailUrl":"https:\/\/animo.eu\/wp-content\/uploads\/2024\/01\/OptiBean-sfeer.jpg","datePublished":"2024-01-03T15:19:02+00:00","dateModified":"2024-03-23T09:32:38+00:00","description":"Leasing av kaffemaskiner -","breadcrumb":{"@id":"https:\/\/animo.eu\/no\/om-animo\/leasing_av_kaffemaskiner\/#breadcrumb"},"inLanguage":"nb-NO","potentialAction":[{"@type":"ReadAction","target":["https:\/\/animo.eu\/no\/om-animo\/leasing_av_kaffemaskiner\/"]}]},{"@type":"ImageObject","inLanguage":"nb-NO","@id":"https:\/\/animo.eu\/no\/om-animo\/leasing_av_kaffemaskiner\/#primaryimage","url":"https:\/\/animo.eu\/wp-content\/uploads\/2024\/01\/OptiBean-sfeer.jpg","contentUrl":"https:\/\/animo.eu\/wp-content\/uploads\/2024\/01\/OptiBean-sfeer.jpg","width":491,"height":491},{"@type":"BreadcrumbList","@id":"https:\/\/animo.eu\/no\/om-animo\/leasing_av_kaffemaskiner\/#breadcrumb","itemListElement":[{"@type":"ListItem","position":1,"name":"Home","item":"https:\/\/animo.eu\/no\/"},{"@type":"ListItem","position":2,"name":"Om Animo","item":"https:\/\/animo.eu\/no\/om-animo\/"},{"@type":"ListItem","position":3,"name":"Leasing av kaffemaskiner"}]},{"@type":"WebSite","@id":"https:\/\/animo.eu\/no\/#website","url":"https:\/\/animo.eu\/no\/","name":"","description":"","potentialAction":[{"@type":"SearchAction","target":{"@type":"EntryPoint","urlTemplate":"https:\/\/animo.eu\/no\/?s={search_term_string}"},"query-input":{"@type":"PropertyValueSpecification","valueRequired":true,"valueName":"search_term_string"}}],"inLanguage":"nb-NO"}]}},"_links":{"self":[{"href":"https:\/\/animo.eu\/no\/wp-json\/wp\/v2\/pages\/44064"}],"collection":[{"href":"https:\/\/animo.eu\/no\/wp-json\/wp\/v2\/pages"}],"about":[{"href":"https:\/\/animo.eu\/no\/wp-json\/wp\/v2\/types\/page"}],"author":[{"embeddable":true,"href":"https:\/\/animo.eu\/no\/wp-json\/wp\/v2\/users\/21"}],"replies":[{"embeddable":true,"href":"https:\/\/animo.eu\/no\/wp-json\/wp\/v2\/comments?post=44064"}],"version-history":[{"count":4,"href":"https:\/\/animo.eu\/no\/wp-json\/wp\/v2\/pages\/44064\/revisions"}],"predecessor-version":[{"id":55203,"href":"https:\/\/animo.eu\/no\/wp-json\/wp\/v2\/pages\/44064\/revisions\/55203"}],"up":[{"embeddable":true,"href":"https:\/\/animo.eu\/no\/wp-json\/wp\/v2\/pages\/43618"}],"wp:featuredmedia":[{"embeddable":true,"href":"https:\/\/animo.eu\/no\/wp-json\/wp\/v2\/media\/44114"}],"wp:attachment":[{"href":"https:\/\/animo.eu\/no\/wp-json\/wp\/v2\/media?parent=44064"}],"curies":[{"name":"wp","href":"https:\/\/api.w.org\/{rel}","templated":true}]}}