{"id":44203,"date":"2024-01-04T10:09:18","date_gmt":"2024-01-04T09:09:18","guid":{"rendered":"https:\/\/animo.eu\/?page_id=44203"},"modified":"2024-01-17T12:49:07","modified_gmt":"2024-01-17T11:49:07","slug":"hvorfor-velge-animo","status":"publish","type":"page","link":"https:\/\/animo.eu\/no\/om-animo\/hvorfor-velge-animo\/","title":{"rendered":"Hvorfor velge Animo"},"content":{"rendered":"\n<section class=\"hero\">\n    <div class=\"hero__background\">\n                                    <img fetchpriority=\"high\" decoding=\"async\" width=\"2560\" height=\"1707\" src=\"https:\/\/animo.eu\/wp-content\/uploads\/2024\/01\/OptibeanX_627-scaled.jpg\" class=\"hero__image img-fluid\" alt=\"Man in een witte blouse bedient een luxe Animo koffiemachine met een digitaal touchscreen, tegen een donkerblauwe achtergrond. Op het scherm staan verschillende koffiekeuzes. Op de afbeelding staat de tekst: &#039;Een sterke samenwerking, gebouwd op kwaliteit en betrouwbaarheid&#039;\" loading=\"eager\" srcset=\"https:\/\/animo.eu\/wp-content\/uploads\/2024\/01\/OptibeanX_627-scaled.jpg 2560w, https:\/\/animo.eu\/wp-content\/uploads\/2024\/01\/OptibeanX_627-300x200.jpg 300w, https:\/\/animo.eu\/wp-content\/uploads\/2024\/01\/OptibeanX_627-1024x683.jpg 1024w, https:\/\/animo.eu\/wp-content\/uploads\/2024\/01\/OptibeanX_627-768x512.jpg 768w, https:\/\/animo.eu\/wp-content\/uploads\/2024\/01\/OptibeanX_627-1536x1024.jpg 1536w, https:\/\/animo.eu\/wp-content\/uploads\/2024\/01\/OptibeanX_627-2048x1366.jpg 2048w, https:\/\/animo.eu\/wp-content\/uploads\/2024\/01\/OptibeanX_627-70x47.jpg 70w, https:\/\/animo.eu\/wp-content\/uploads\/2024\/01\/OptibeanX_627-550x367.jpg 550w, https:\/\/animo.eu\/wp-content\/uploads\/2024\/01\/OptibeanX_627-800x534.jpg 800w, https:\/\/animo.eu\/wp-content\/uploads\/2024\/01\/OptibeanX_627-150x100.jpg 150w\" sizes=\"(max-width: 2560px) 100vw, 2560px\" \/>                                <\/div>    \n            <div class=\"hero__content\">\n            <div class=\"container\">\n                <div class=\"row\">                    <div class=\"col-12 col-lg-9 col-xl-8\">                        <div class=\"hero__text \">\n                            <h1>Hvorfor er det best \u00e5 velge Animo?<\/h1>\n                        <\/div>\n                                                \n                    <\/div>\n                <\/div>\n            <\/div>\n        <\/div>\n        <div class=\"hero__scroll\">\n        <span>Rulle<\/span>\n        <svg class=\"icon icon--20 text-secondary\">\n            <use xlink:href=\"https:\/\/animo.eu\/wp-content\/themes\/animo\/build\/img\/symbols.svg#arrow-down\"><\/use>\n        <\/svg>      \n    <\/div>\n<\/section>\n\n<section  class=\"pane pane--white \">\n    <div class=\"container\">\n        <div class=\"row justify-content-end\">\n            <div class=\"col-12 col-xl-11 offset-xl-1\">\n                <div class=\"row g-4 g-lg-8 g-xl-15 \">\n                                                                <div class=\"col-12 col-lg-7\">\n                            <ul class=\"list list--usp\">\n                                                                    <li class=\"list__item\">\n                                        <div class=\"row g-4\">\n                                            <div class=\"col-auto\">\n                                                <svg class=\"icon icon--10\">\n                                                    <use xlink:href=\"https:\/\/animo.eu\/wp-content\/themes\/animo\/build\/img\/symbols.svg#plus\"><\/use>\n                                                <\/svg>\n                                            <\/div>\n                                            <div class=\"col\">\n                                                <span>Vi har laget premium kaffeutstyr siden 1950<\/span>\n                                            <\/div>\n                                        <\/div>\n                                    <\/li>\n                                                                    <li class=\"list__item\">\n                                        <div class=\"row g-4\">\n                                            <div class=\"col-auto\">\n                                                <svg class=\"icon icon--10\">\n                                                    <use xlink:href=\"https:\/\/animo.eu\/wp-content\/themes\/animo\/build\/img\/symbols.svg#plus\"><\/use>\n                                                <\/svg>\n                                            <\/div>\n                                            <div class=\"col\">\n                                                <span>V\u00e5re produkter er designet og produsert ved Animos hovedkontor i Assen<\/span>\n                                            <\/div>\n                                        <\/div>\n                                    <\/li>\n                                                                    <li class=\"list__item\">\n                                        <div class=\"row g-4\">\n                                            <div class=\"col-auto\">\n                                                <svg class=\"icon icon--10\">\n                                                    <use xlink:href=\"https:\/\/animo.eu\/wp-content\/themes\/animo\/build\/img\/symbols.svg#plus\"><\/use>\n                                                <\/svg>\n                                            <\/div>\n                                            <div class=\"col\">\n                                                <span>Maskinene v\u00e5re krever lite vedlikehold og har sv\u00e6rt f\u00e5 havarier<\/span>\n                                            <\/div>\n                                        <\/div>\n                                    <\/li>\n                                                                    <li class=\"list__item\">\n                                        <div class=\"row g-4\">\n                                            <div class=\"col-auto\">\n                                                <svg class=\"icon icon--10\">\n                                                    <use xlink:href=\"https:\/\/animo.eu\/wp-content\/themes\/animo\/build\/img\/symbols.svg#plus\"><\/use>\n                                                <\/svg>\n                                            <\/div>\n                                            <div class=\"col\">\n                                                <span>Animo-maskiner varer veldig lenge<\/span>\n                                            <\/div>\n                                        <\/div>\n                                    <\/li>\n                                                                    <li class=\"list__item\">\n                                        <div class=\"row g-4\">\n                                            <div class=\"col-auto\">\n                                                <svg class=\"icon icon--10\">\n                                                    <use xlink:href=\"https:\/\/animo.eu\/wp-content\/themes\/animo\/build\/img\/symbols.svg#plus\"><\/use>\n                                                <\/svg>\n                                            <\/div>\n                                            <div class=\"col\">\n                                                <span>V\u00e5re produkter er enkle \u00e5 vedlikeholde og bruke<\/span>\n                                            <\/div>\n                                        <\/div>\n                                    <\/li>\n                                                                    <li class=\"list__item\">\n                                        <div class=\"row g-4\">\n                                            <div class=\"col-auto\">\n                                                <svg class=\"icon icon--10\">\n                                                    <use xlink:href=\"https:\/\/animo.eu\/wp-content\/themes\/animo\/build\/img\/symbols.svg#plus\"><\/use>\n                                                <\/svg>\n                                            <\/div>\n                                            <div class=\"col\">\n                                                <span>Prisvinnende design<\/span>\n                                            <\/div>\n                                        <\/div>\n                                    <\/li>\n                                                                    <li class=\"list__item\">\n                                        <div class=\"row g-4\">\n                                            <div class=\"col-auto\">\n                                                <svg class=\"icon icon--10\">\n                                                    <use xlink:href=\"https:\/\/animo.eu\/wp-content\/themes\/animo\/build\/img\/symbols.svg#plus\"><\/use>\n                                                <\/svg>\n                                            <\/div>\n                                            <div class=\"col\">\n                                                <span>Maskiner laget av h\u00f8ykvalitets og holdbare materialer, grunnlaget for v\u00e5re maskiner best\u00e5r av rustfritt st\u00e5l, som er 100% resirkulerbart<\/span>\n                                            <\/div>\n                                        <\/div>\n                                    <\/li>\n                                                                    <li class=\"list__item\">\n                                        <div class=\"row g-4\">\n                                            <div class=\"col-auto\">\n                                                <svg class=\"icon icon--10\">\n                                                    <use xlink:href=\"https:\/\/animo.eu\/wp-content\/themes\/animo\/build\/img\/symbols.svg#plus\"><\/use>\n                                                <\/svg>\n                                            <\/div>\n                                            <div class=\"col\">\n                                                <span>Mange maskiner har nyttige animerte rengj\u00f8ringsinstruksjoner<\/span>\n                                            <\/div>\n                                        <\/div>\n                                    <\/li>\n                                                                    <li class=\"list__item\">\n                                        <div class=\"row g-4\">\n                                            <div class=\"col-auto\">\n                                                <svg class=\"icon icon--10\">\n                                                    <use xlink:href=\"https:\/\/animo.eu\/wp-content\/themes\/animo\/build\/img\/symbols.svg#plus\"><\/use>\n                                                <\/svg>\n                                            <\/div>\n                                            <div class=\"col\">\n                                                <span>H\u00f8y kundetilfredshet med det beste forholdet mellom pris og kvalitet<\/span>\n                                            <\/div>\n                                        <\/div>\n                                    <\/li>\n                                                                    <li class=\"list__item\">\n                                        <div class=\"row g-4\">\n                                            <div class=\"col-auto\">\n                                                <svg class=\"icon icon--10\">\n                                                    <use xlink:href=\"https:\/\/animo.eu\/wp-content\/themes\/animo\/build\/img\/symbols.svg#plus\"><\/use>\n                                                <\/svg>\n                                            <\/div>\n                                            <div class=\"col\">\n                                                <span>Animo tilbyr rask levering og utmerket service<\/span>\n                                            <\/div>\n                                        <\/div>\n                                    <\/li>\n                                                                    <li class=\"list__item\">\n                                        <div class=\"row g-4\">\n                                            <div class=\"col-auto\">\n                                                <svg class=\"icon icon--10\">\n                                                    <use xlink:href=\"https:\/\/animo.eu\/wp-content\/themes\/animo\/build\/img\/symbols.svg#plus\"><\/use>\n                                                <\/svg>\n                                            <\/div>\n                                            <div class=\"col\">\n                                                <span>Alltid ekspertr\u00e5d, hos Animo er du ikke et nummer<\/span>\n                                            <\/div>\n                                        <\/div>\n                                    <\/li>\n                                                            <\/ul>\n                        <\/div>\n                                    <\/div>\n            <\/div>\n        <\/div>\n    <\/div>\n<\/section>\n","protected":false},"excerpt":{"rendered":"","protected":false},"author":21,"featured_media":44244,"parent":43618,"menu_order":20,"comment_status":"closed","ping_status":"closed","template":"","meta":{"_acf_changed":false,"footnotes":""},"class_list":["post-44203","page","type-page","status-publish","has-post-thumbnail","hentry"],"acf":[],"yoast_head":"<!-- This site is optimized with the Yoast SEO plugin v25.5 - https:\/\/yoast.com\/wordpress\/plugins\/seo\/ -->\n<title>Hvorfor velge Animo -<\/title>\n<meta name=\"description\" content=\"Hvorfor velge Animo - Vi er et moderne selskap som f\u00f8lger med tiden, b\u00e5de n\u00e5r det gjelder innovasjon, produktutvikling og tilpasning, samt n\u00e5r det gjelder tids\u00e5nd, opplevelse og forbrukerbehov.\" \/>\n<meta name=\"robots\" content=\"index, follow, max-snippet:-1, max-image-preview:large, max-video-preview:-1\" \/>\n<link rel=\"canonical\" href=\"https:\/\/animo.eu\/no\/om-animo\/hvorfor-velge-animo\/\" \/>\n<meta property=\"og:locale\" content=\"nb_NO\" \/>\n<meta property=\"og:type\" content=\"article\" \/>\n<meta property=\"og:title\" content=\"Hvorfor velge Animo -\" \/>\n<meta property=\"og:description\" content=\"Hvorfor velge Animo - Vi er et moderne selskap som f\u00f8lger med tiden, b\u00e5de n\u00e5r det gjelder innovasjon, produktutvikling og tilpasning, samt n\u00e5r det gjelder tids\u00e5nd, opplevelse og forbrukerbehov.\" \/>\n<meta property=\"og:url\" content=\"https:\/\/animo.eu\/no\/om-animo\/hvorfor-velge-animo\/\" \/>\n<meta property=\"article:publisher\" content=\"https:\/\/www.facebook.com\/animobv\/\" \/>\n<meta property=\"article:modified_time\" content=\"2024-01-17T11:49:07+00:00\" \/>\n<meta property=\"og:image\" content=\"https:\/\/animo.eu\/wp-content\/uploads\/2024\/01\/Alle-MVO-images-vierkant.jpg\" \/>\n\t<meta property=\"og:image:width\" content=\"491\" \/>\n\t<meta property=\"og:image:height\" content=\"491\" \/>\n\t<meta property=\"og:image:type\" content=\"image\/jpeg\" \/>\n<meta name=\"twitter:card\" content=\"summary_large_image\" \/>\n<meta name=\"twitter:site\" content=\"@animokoffie\" \/>\n<meta name=\"twitter:label1\" content=\"Ansl. lesetid\" \/>\n\t<meta name=\"twitter:data1\" content=\"1 minutt\" \/>\n<script type=\"application\/ld+json\" class=\"yoast-schema-graph\">{\"@context\":\"https:\/\/schema.org\",\"@graph\":[{\"@type\":\"WebPage\",\"@id\":\"https:\/\/animo.eu\/no\/om-animo\/hvorfor-velge-animo\/\",\"url\":\"https:\/\/animo.eu\/no\/om-animo\/hvorfor-velge-animo\/\",\"name\":\"Hvorfor velge Animo -\",\"isPartOf\":{\"@id\":\"https:\/\/animo.eu\/no\/#website\"},\"primaryImageOfPage\":{\"@id\":\"https:\/\/animo.eu\/no\/om-animo\/hvorfor-velge-animo\/#primaryimage\"},\"image\":{\"@id\":\"https:\/\/animo.eu\/no\/om-animo\/hvorfor-velge-animo\/#primaryimage\"},\"thumbnailUrl\":\"https:\/\/animo.eu\/wp-content\/uploads\/2024\/01\/Alle-MVO-images-vierkant.jpg\",\"datePublished\":\"2024-01-04T09:09:18+00:00\",\"dateModified\":\"2024-01-17T11:49:07+00:00\",\"description\":\"Hvorfor velge Animo - Vi er et moderne selskap som f\u00f8lger med tiden, b\u00e5de n\u00e5r det gjelder innovasjon, produktutvikling og tilpasning, samt n\u00e5r det gjelder tids\u00e5nd, opplevelse og forbrukerbehov.\",\"breadcrumb\":{\"@id\":\"https:\/\/animo.eu\/no\/om-animo\/hvorfor-velge-animo\/#breadcrumb\"},\"inLanguage\":\"nb-NO\",\"potentialAction\":[{\"@type\":\"ReadAction\",\"target\":[\"https:\/\/animo.eu\/no\/om-animo\/hvorfor-velge-animo\/\"]}]},{\"@type\":\"ImageObject\",\"inLanguage\":\"nb-NO\",\"@id\":\"https:\/\/animo.eu\/no\/om-animo\/hvorfor-velge-animo\/#primaryimage\",\"url\":\"https:\/\/animo.eu\/wp-content\/uploads\/2024\/01\/Alle-MVO-images-vierkant.jpg\",\"contentUrl\":\"https:\/\/animo.eu\/wp-content\/uploads\/2024\/01\/Alle-MVO-images-vierkant.jpg\",\"width\":491,\"height\":491},{\"@type\":\"BreadcrumbList\",\"@id\":\"https:\/\/animo.eu\/no\/om-animo\/hvorfor-velge-animo\/#breadcrumb\",\"itemListElement\":[{\"@type\":\"ListItem\",\"position\":1,\"name\":\"Home\",\"item\":\"https:\/\/animo.eu\/no\/\"},{\"@type\":\"ListItem\",\"position\":2,\"name\":\"Om Animo\",\"item\":\"https:\/\/animo.eu\/no\/om-animo\/\"},{\"@type\":\"ListItem\",\"position\":3,\"name\":\"Hvorfor velge Animo\"}]},{\"@type\":\"WebSite\",\"@id\":\"https:\/\/animo.eu\/no\/#website\",\"url\":\"https:\/\/animo.eu\/no\/\",\"name\":\"\",\"description\":\"\",\"potentialAction\":[{\"@type\":\"SearchAction\",\"target\":{\"@type\":\"EntryPoint\",\"urlTemplate\":\"https:\/\/animo.eu\/no\/?s={search_term_string}\"},\"query-input\":{\"@type\":\"PropertyValueSpecification\",\"valueRequired\":true,\"valueName\":\"search_term_string\"}}],\"inLanguage\":\"nb-NO\"}]}<\/script>\n<!-- \/ Yoast SEO plugin. -->","yoast_head_json":{"title":"Hvorfor velge Animo -","description":"Hvorfor velge Animo - Vi er et moderne selskap som f\u00f8lger med tiden, b\u00e5de n\u00e5r det gjelder innovasjon, produktutvikling og tilpasning, samt n\u00e5r det gjelder tids\u00e5nd, opplevelse og forbrukerbehov.","robots":{"index":"index","follow":"follow","max-snippet":"max-snippet:-1","max-image-preview":"max-image-preview:large","max-video-preview":"max-video-preview:-1"},"canonical":"https:\/\/animo.eu\/no\/om-animo\/hvorfor-velge-animo\/","og_locale":"nb_NO","og_type":"article","og_title":"Hvorfor velge Animo -","og_description":"Hvorfor velge Animo - Vi er et moderne selskap som f\u00f8lger med tiden, b\u00e5de n\u00e5r det gjelder innovasjon, produktutvikling og tilpasning, samt n\u00e5r det gjelder tids\u00e5nd, opplevelse og forbrukerbehov.","og_url":"https:\/\/animo.eu\/no\/om-animo\/hvorfor-velge-animo\/","article_publisher":"https:\/\/www.facebook.com\/animobv\/","article_modified_time":"2024-01-17T11:49:07+00:00","og_image":[{"width":491,"height":491,"url":"https:\/\/animo.eu\/wp-content\/uploads\/2024\/01\/Alle-MVO-images-vierkant.jpg","type":"image\/jpeg"}],"twitter_card":"summary_large_image","twitter_site":"@animokoffie","twitter_misc":{"Ansl. lesetid":"1 minutt"},"schema":{"@context":"https:\/\/schema.org","@graph":[{"@type":"WebPage","@id":"https:\/\/animo.eu\/no\/om-animo\/hvorfor-velge-animo\/","url":"https:\/\/animo.eu\/no\/om-animo\/hvorfor-velge-animo\/","name":"Hvorfor velge Animo -","isPartOf":{"@id":"https:\/\/animo.eu\/no\/#website"},"primaryImageOfPage":{"@id":"https:\/\/animo.eu\/no\/om-animo\/hvorfor-velge-animo\/#primaryimage"},"image":{"@id":"https:\/\/animo.eu\/no\/om-animo\/hvorfor-velge-animo\/#primaryimage"},"thumbnailUrl":"https:\/\/animo.eu\/wp-content\/uploads\/2024\/01\/Alle-MVO-images-vierkant.jpg","datePublished":"2024-01-04T09:09:18+00:00","dateModified":"2024-01-17T11:49:07+00:00","description":"Hvorfor velge Animo - Vi er et moderne selskap som f\u00f8lger med tiden, b\u00e5de n\u00e5r det gjelder innovasjon, produktutvikling og tilpasning, samt n\u00e5r det gjelder tids\u00e5nd, opplevelse og forbrukerbehov.","breadcrumb":{"@id":"https:\/\/animo.eu\/no\/om-animo\/hvorfor-velge-animo\/#breadcrumb"},"inLanguage":"nb-NO","potentialAction":[{"@type":"ReadAction","target":["https:\/\/animo.eu\/no\/om-animo\/hvorfor-velge-animo\/"]}]},{"@type":"ImageObject","inLanguage":"nb-NO","@id":"https:\/\/animo.eu\/no\/om-animo\/hvorfor-velge-animo\/#primaryimage","url":"https:\/\/animo.eu\/wp-content\/uploads\/2024\/01\/Alle-MVO-images-vierkant.jpg","contentUrl":"https:\/\/animo.eu\/wp-content\/uploads\/2024\/01\/Alle-MVO-images-vierkant.jpg","width":491,"height":491},{"@type":"BreadcrumbList","@id":"https:\/\/animo.eu\/no\/om-animo\/hvorfor-velge-animo\/#breadcrumb","itemListElement":[{"@type":"ListItem","position":1,"name":"Home","item":"https:\/\/animo.eu\/no\/"},{"@type":"ListItem","position":2,"name":"Om Animo","item":"https:\/\/animo.eu\/no\/om-animo\/"},{"@type":"ListItem","position":3,"name":"Hvorfor velge Animo"}]},{"@type":"WebSite","@id":"https:\/\/animo.eu\/no\/#website","url":"https:\/\/animo.eu\/no\/","name":"","description":"","potentialAction":[{"@type":"SearchAction","target":{"@type":"EntryPoint","urlTemplate":"https:\/\/animo.eu\/no\/?s={search_term_string}"},"query-input":{"@type":"PropertyValueSpecification","valueRequired":true,"valueName":"search_term_string"}}],"inLanguage":"nb-NO"}]}},"_links":{"self":[{"href":"https:\/\/animo.eu\/no\/wp-json\/wp\/v2\/pages\/44203"}],"collection":[{"href":"https:\/\/animo.eu\/no\/wp-json\/wp\/v2\/pages"}],"about":[{"href":"https:\/\/animo.eu\/no\/wp-json\/wp\/v2\/types\/page"}],"author":[{"embeddable":true,"href":"https:\/\/animo.eu\/no\/wp-json\/wp\/v2\/users\/21"}],"replies":[{"embeddable":true,"href":"https:\/\/animo.eu\/no\/wp-json\/wp\/v2\/comments?post=44203"}],"version-history":[{"count":3,"href":"https:\/\/animo.eu\/no\/wp-json\/wp\/v2\/pages\/44203\/revisions"}],"predecessor-version":[{"id":44267,"href":"https:\/\/animo.eu\/no\/wp-json\/wp\/v2\/pages\/44203\/revisions\/44267"}],"up":[{"embeddable":true,"href":"https:\/\/animo.eu\/no\/wp-json\/wp\/v2\/pages\/43618"}],"wp:featuredmedia":[{"embeddable":true,"href":"https:\/\/animo.eu\/no\/wp-json\/wp\/v2\/media\/44244"}],"wp:attachment":[{"href":"https:\/\/animo.eu\/no\/wp-json\/wp\/v2\/media?parent=44203"}],"curies":[{"name":"wp","href":"https:\/\/api.w.org\/{rel}","templated":true}]}}