{"id":44277,"date":"2023-03-09T13:45:33","date_gmt":"2023-03-09T12:45:33","guid":{"rendered":"https:\/\/animo.eu\/generelle-leveringsbetingelser\/"},"modified":"2024-01-05T16:30:03","modified_gmt":"2024-01-05T15:30:03","slug":"generelle-leveringsbetingelser","status":"publish","type":"page","link":"https:\/\/animo.eu\/no\/generelle-leveringsbetingelser\/","title":{"rendered":"Generelle leveringsbetingelser"},"content":{"rendered":"\n<section  class=\"pane pane--white \">\n    <div class=\"container\">\n        <div class=\"row g-4 g-lg-8 g-xl-15 justify-content-center\">\n                                                <div class=\"col-12 col-lg-6\">\n                        <div class=\"pane__text\">\n                            <h1>Generelle leverings- og betalingsbetingelser Animo BV<\/h1>\n<p><strong>For generelle leverings- og betalingsbetingelser for Animo Belgi\u00eb BV, se <a class=\"uk-button uk-button-black\" href=\"https:\/\/animo.eu\/algemene-voorwaarden\/algemene-leveringsvoorwaarden-animo-belgium-bv\/\">HER<\/a><\/strong><\/p>\n<ol>\n<li><strong>Generell<\/strong><br \/>\nNedenfor er de generelle leverings- og betalingsbetingelsene til Animo BV, heretter kalt &laquo;selger&raquo;. Kunden, kj\u00f8peren, omtales alltid nedenfor som &laquo;kj\u00f8per&raquo;.<\/li>\n<li><strong>Anvendbarhet<\/strong><br \/>\n2.1 Disse generelle vilk\u00e5rene gjelder for alle tilbud og avtaler fra selger.<br \/>\n2.2 Kun disse generelle vilk\u00e5rene gjelder for alle tilbud og avtaler fra selger. Kj\u00f8pers kj\u00f8psbetingelser er uttrykkelig avvist og gjelder ikke med mindre de er uttrykkelig skriftlig akseptert av selger.<\/li>\n<li><strong>Tilbud og aksept<\/strong><br \/>\n3.1 Alle tilbud fra selger er uforpliktende. En avtale om kj\u00f8p og salg anses \u00e5 v\u00e6re inng\u00e5tt p\u00e5 det tidspunkt selger har bekreftet ordren skriftlig eller selger har begynt \u00e5 utf\u00f8re den.<br \/>\n3.2 Dersom kj\u00f8per ikke protesterer mot innholdet i ordrebekreftelsen innen 24 timer etter mottak, anses kj\u00f8per \u00e5 v\u00e6re enig i dette.<br \/>\n3.3 Avtaler som avviker fra ovennevnte leverings- og betalingsbetingelser inng\u00e5tt med\/eller gjort av ansatte hos kj\u00f8per er kun bindende dersom de er skriftlig bekreftet av selgers direkt\u00f8r.<\/li>\n<li><strong>Leveringstider<\/strong><br \/>\nOppgitte leveringstider vil aldri anses som frister, med mindre annet er uttrykkelig skriftlig avtalt. Ved forsinket levering skal selger gis skriftlig mislighold.<\/li>\n<li><strong>Levering og risiko<\/strong><br \/>\n5.1 Levering skjer hjemme\/forretning hos kj\u00f8per, med mindre annet er avtalt.<br \/>\n5.2 Ordrer over EUR 300 netto fakturaverdi eksklusiv merverdiavgift leveres gratis; For bestillinger under EUR 300 netto fakturaverdi eksklusiv merverdiavgift, b\u00e6res transportkostnadene av kj\u00f8per. En tilleggsavgift p\u00e5 EUR 15 vil alltid bli belastet for ekspress-, ekspress- og postpakkeforsendelser.<br \/>\n5.3 Transport av varene skjer i utgangspunktet for selgers risiko. Selgerens ansvar er til enhver tid begrenset til den dekning\/erstatning som aktuelle transportforsikringsselskaper yter til selger.<br \/>\n5.4 Leveringstiden er det \u00f8yeblikket varene losses\/losses (selve overf\u00f8ringen). Risikoen for varen g\u00e5r da over p\u00e5 kj\u00f8per.<\/li>\n<li><strong>Godkjennelse<\/strong><br \/>\n6.1 Kj\u00f8per plikter til enhver tid \u00e5 akseptere de bestilte varene, mens ved avslag b\u00e6res risiko og kostnader til returfrakt, lagring og\/eller andre n\u00f8dvendige kostnader av kj\u00f8per.<br \/>\n6.2 Etter at kj\u00f8peren har nektet varene \u00e9n gang, kan selgeren, f\u00f8r han g\u00e5r videre med en annen levering, kreve at kj\u00f8peren betaler kj\u00f8pesummen med alle tilh\u00f8rende omkostninger, herunder rettslige og utenrettslige inkassokostnader.<br \/>\n6.3 Dersom selgeren p\u00e5 grunn av omstendigheter beskrevet i denne artikkelen foretar en ny levering, vil transporten av varene skje for kj\u00f8pers regning og risiko.<\/li>\n<li><strong>Force majeur<\/strong><br \/>\n7.1 Uforutsette forhold som med rimelighet hindrer levering eller rettidig levering av varene gir selger rett til \u00e5 heve avtalen helt eller delvis, eller til \u00e5 forlenge leveringstiden etter omstendighetene med maksimalt 6 m\u00e5neder, uten hinder av retten. \u00e5 avslutte som nevnt ovenfor p\u00e5 et senere tidspunkt i l\u00f8pet av denne perioden. Ved force majeure har kj\u00f8per ikke krav p\u00e5 erstatning og\/eller oppl\u00f8sning.<br \/>\n7.2 Uforutsette omstendigheter som nevnt i 7.1 inkluderer:<br \/>\nen. krig eller oppr\u00f8r;<br \/>\nb. unnlatelse av \u00e5 motta (rettidig) eller feilaktig mottak av deler eller varer fra selgere og leverand\u00f8rer;<br \/>\nc. Brann;<br \/>\nd. maskindefekt;<br \/>\ne. streik;<br \/>\nog videre alle forhold uten skyld fra selgeren, som med rimelighet hindrer levering eller rettidig levering av varene.<\/li>\n<li><strong>Priser<\/strong><br \/>\n8.1 Alle priser er eksklusive merverdiavgift og avhendingsgebyrer der det er aktuelt.<br \/>\nPrisene inkluderer ikke kostnadene ved plassering og installasjon av varene og transportkostnader som nevnt i artikkel 5.2 i disse betingelsene.<br \/>\n8.2 Tilbudene fra selger er uforpliktende. Priser i selgers prisliste kan fravikes av selger uten forvarsel.<\/li>\n<li><strong>Klager<\/strong><br \/>\n9.1 Dersom den leverte varen ikke er i samsvar med avtalen, plikter kj\u00f8peren \u00e5 informere selgeren skriftlig om dette innen \u00e5tte dager etter mottak av varen, med n\u00f8yaktig angivelse av reklamasjonens art og grunnlag og varens artikkelnummer. relevante maskiner\/deler. Etter at fristen er utl\u00f8pt anses kj\u00f8per \u00e5 ha akseptert og godkjent leverte varer.<br \/>\n9.2 Dersom leverte varer tas tilbake av selger, belastes administrasjons- og h\u00e5ndteringskostnader, hvilke kostnader er fastsatt til 10 % av netto fakturaverdi med minimum 15 EUR. Dersom kj\u00f8per allerede har betalt kj\u00f8pesummen, vil ovennevnte administrasjons- og h\u00e5ndteringskostnader bli trukket fra kj\u00f8pesummen.<br \/>\n9.3 Retur av leverte varer, uansett \u00e5rsak, kan kun skje vederlagsfritt dersom varene er ubrukte og uskadet og selger har uttrykkelig samtykket til retur av varene ved \u00e5 utstede et &laquo;Return med autorisasjonsnummer&raquo;.<br \/>\n9.4 Varer som returneres til selgeren i strid med bestemmelsene i artikkel 9.3 eller uten \u00e5 oppgi &laquo;Retur med autorisasjonsnummer&raquo; vil bli nektet og returnert for kj\u00f8pers regning.<br \/>\n9.5 Bestemmelsene i denne artikkelen p\u00e5virker ikke rettighetene til kj\u00f8peren i henhold til loven i alle tilfeller av skjulte mangler ved de leverte varene. Kj\u00f8per plikter \u00e5 melde skjulte mangler skriftlig til selger s\u00e5 snart som mulig, men uansett innen \u00e5tte dager etter at de er blitt kjent for ham.<\/li>\n<li><strong>Garanti<\/strong><br \/>\n10.1 Selger gir garanti p\u00e5 elektriske og mekaniske deler p\u00e5 terminalutstyr produsert under Animo-merket i 24 m\u00e5neder etter leveringsdato. Alle andre deler og gjenstander som ikke er produsert av Animo, for eksempel vannfiltre, har en garantiperiode p\u00e5 12 m\u00e5neder etter levering. Defekter som skyldes normal slitasje p\u00e5 deler, feil bruk, forkalkning eller uaktsomt vedlikehold dekkes ikke av garantien. Garantien gjelder heller ikke innerflasker av glass, m\u00e5leglass og glasskanner.<br \/>\n10.2 Ansvar under denne garantien er begrenset til gratis levering av delene som skal repareres. Garantien p\u00e5 arbeid utf\u00f8rt som f\u00f8lge av reparasjon er tre m\u00e5neder etter leveringsdato. Kostnader til (de)montering, arbeid og utrykningskostnader vil alltid belastes etter disse tre m\u00e5nedene.<br \/>\n10.3 Defekte deler vil bli returnert til selgeren gratis av kj\u00f8peren, med angivelse av &laquo;Return med autorisasjonsnummer&raquo;, som referert til i artikkel 9 i disse betingelsene, og maskinens type og serienummer.<br \/>\n10.4 Ovennevnte garanti gjelder kun dersom kj\u00f8per har oppfylt alle sine forpliktelser overfor selger.<\/li>\n<li><strong>Byrde<\/strong><br \/>\n11.1 Selger er ikke ansvarlig for (konsekvensene av) manglende levering av varer eller levering til rett tid i den grad dette er et resultat av uforutsette omstendigheter som nevnt i artikkel 7 i disse betingelsene.<br \/>\n11.2 Selger er ikke ansvarlig, selv ikke p\u00e5 grunnlag av den ovennevnte garantien, for skader som f\u00f8lge av:<br \/>\nen. feil oppbevaring eller h\u00e5ndtering av leverte varer av kj\u00f8peren;<br \/>\nb. feilaktig og\/eller feil bruk av de leverte varene av kj\u00f8per eller andre brukere;<br \/>\nc. fors\u00f8mmelse av vedlikehold av de leverte varene av kj\u00f8pere eller andre brukere;<br \/>\nd. reparasjoner, utskiftninger eller endringer utf\u00f8rt av andre enn de som er autorisert av selger, med mindre selger har samtykket til dette p\u00e5 forh\u00e5nd;<br \/>\ne. installering av varene feil eller ikke i samsvar med instruksjonene gitt av selgeren.<br \/>\n11.3 Dersom selger til tross for ovenst\u00e5ende er ansvarlig for (f\u00f8lgene av) manglende levering, forsinket levering eller feillevering, er han kun forpliktet til \u00e5 erstatte skaden som er en direkte f\u00f8lge av mangelen hans. Selger er uansett ikke forpliktet til \u00e5 betale erstatning for f\u00f8lgeskader, herunder forretnings- og f\u00f8lgeskader, indirekte skader og skader som skyldes tapt fortjeneste.<br \/>\n11.4 Selgers forpliktelse til \u00e5 betale erstatning kan aldri overstige fakturaverdien av de leverte varene.<\/li>\n<li><strong>innbetaling<\/strong><br \/>\n12.1 Betaling skal skje kontant ved levering av varene. Kontantbetaling omfatter ogs\u00e5 kreditering av skyldig bel\u00f8p p\u00e5 bank- eller girokonto angitt av selger p\u00e5 leveringstidspunktet, eller utlevering av garanterte girobetalingskort eller banksjekker.<br \/>\n12.2 Dersom partene har gitt avkall p\u00e5 kontant betaling, m\u00e5 betaling skje innen 30 dager etter fakturadato. Betalingsfristen kan betraktes som en frist.<br \/>\n12.3 Dersom kj\u00f8per ikke oppfyller en eller flere betalingsforpliktelser, ikke gj\u00f8r dette i tide eller ikke oppfyller disse i sin helhet, skylder kj\u00f8peren selgerrenter p\u00e5 alle forsinket betalinger med 1,5 % per m\u00e5ned fra forfall, hvorved del av en m\u00e5ned regnes som en hel m\u00e5ned. Kj\u00f8per vil ogs\u00e5 v\u00e6re ansvarlig for alle kostnader som inkassokostnader, rettslige og utenomrettslige omkostninger, som oppst\u00e5r ved at kj\u00f8per ikke oppfyller sine forpliktelser, ikke oppfyller dem i tide eller ikke oppfyller dem p\u00e5 riktig m\u00e5te. Videre har selger rett til \u00e5 kreve kontant betaling fra kj\u00f8per ved manglende betaling, forsinket betaling eller mangelfull betaling for senere leveranser.<br \/>\n12.4 Kj\u00f8per kan aldri stole p\u00e5 gjeldsordning med hensyn til betaling.<\/li>\n<li><strong>Oppbevaring av tittel<\/strong><br \/>\nEiendomsretten til alle varer selgeren selger til kj\u00f8peren forblir hos selgeren s\u00e5 lenge kj\u00f8peren ikke har m\u00f8tt selgers krav etter denne eller lignende avtaler og s\u00e5 lenge kj\u00f8peren ikke har m\u00f8tt selgers krav p\u00e5 grunn av manglende oppfyllelse av slike. forpliktelser, herunder inkluderte krav p\u00e5 renter og omkostninger. Kj\u00f8per gir selger mulighet til \u00e5 hente varene levert av selger fra kj\u00f8per p\u00e5 f\u00f8rste foresp\u00f8rsel.<\/li>\n<li><strong>Tvister<\/strong><br \/>\n14.1 Alle avtaler fra selger er utelukkende underlagt nederlandsk lov.<br \/>\n14.2 Tvister vil bli avgjort av dommeren p\u00e5 stedet etter selgerens valg.<br \/>\n15.<\/li>\n<li><strong>Depot<\/strong><br \/>\nDisse betingelsene er arkivert til Chamber of Commerce and Industry i Meppel nummer 04016432.<\/li>\n<\/ol>\n                                                    <\/div>\n                    <\/div>\n                                    <\/div>\n    <\/div>\n<\/section>\n","protected":false},"excerpt":{"rendered":"","protected":false},"author":1,"featured_media":0,"parent":0,"menu_order":80,"comment_status":"closed","ping_status":"closed","template":"","meta":{"_acf_changed":false,"footnotes":""},"class_list":["post-44277","page","type-page","status-publish","hentry"],"acf":[],"yoast_head":"<!-- This site is optimized with the Yoast SEO plugin v25.5 - https:\/\/yoast.com\/wordpress\/plugins\/seo\/ -->\n<title>Generelle leveringsbetingelser -<\/title>\n<meta name=\"description\" content=\"Generelle leveringsbetingelser -\" \/>\n<meta name=\"robots\" content=\"index, follow, max-snippet:-1, max-image-preview:large, max-video-preview:-1\" \/>\n<link rel=\"canonical\" href=\"https:\/\/animo.eu\/no\/generelle-leveringsbetingelser\/\" \/>\n<meta property=\"og:locale\" content=\"nb_NO\" \/>\n<meta property=\"og:type\" content=\"article\" \/>\n<meta property=\"og:title\" content=\"Generelle leveringsbetingelser -\" \/>\n<meta property=\"og:description\" content=\"Generelle leveringsbetingelser -\" \/>\n<meta property=\"og:url\" content=\"https:\/\/animo.eu\/no\/generelle-leveringsbetingelser\/\" \/>\n<meta property=\"article:publisher\" content=\"https:\/\/www.facebook.com\/animobv\/\" \/>\n<meta property=\"article:modified_time\" content=\"2024-01-05T15:30:03+00:00\" \/>\n<meta property=\"og:image\" content=\"https:\/\/animo.eu\/wp-content\/uploads\/2023\/06\/animo-dedicated-logo.png\" \/>\n\t<meta property=\"og:image:width\" content=\"1000\" \/>\n\t<meta property=\"og:image:height\" content=\"364\" \/>\n\t<meta property=\"og:image:type\" content=\"image\/png\" \/>\n<meta name=\"twitter:card\" content=\"summary_large_image\" \/>\n<meta name=\"twitter:site\" content=\"@animokoffie\" \/>\n<script type=\"application\/ld+json\" class=\"yoast-schema-graph\">{\"@context\":\"https:\/\/schema.org\",\"@graph\":[{\"@type\":\"WebPage\",\"@id\":\"https:\/\/animo.eu\/no\/generelle-leveringsbetingelser\/\",\"url\":\"https:\/\/animo.eu\/no\/generelle-leveringsbetingelser\/\",\"name\":\"Generelle leveringsbetingelser -\",\"isPartOf\":{\"@id\":\"https:\/\/animo.eu\/no\/#website\"},\"datePublished\":\"2023-03-09T12:45:33+00:00\",\"dateModified\":\"2024-01-05T15:30:03+00:00\",\"description\":\"Generelle leveringsbetingelser -\",\"breadcrumb\":{\"@id\":\"https:\/\/animo.eu\/no\/generelle-leveringsbetingelser\/#breadcrumb\"},\"inLanguage\":\"nb-NO\",\"potentialAction\":[{\"@type\":\"ReadAction\",\"target\":[\"https:\/\/animo.eu\/no\/generelle-leveringsbetingelser\/\"]}]},{\"@type\":\"BreadcrumbList\",\"@id\":\"https:\/\/animo.eu\/no\/generelle-leveringsbetingelser\/#breadcrumb\",\"itemListElement\":[{\"@type\":\"ListItem\",\"position\":1,\"name\":\"Home\",\"item\":\"https:\/\/animo.eu\/no\/\"},{\"@type\":\"ListItem\",\"position\":2,\"name\":\"Generelle leveringsbetingelser\"}]},{\"@type\":\"WebSite\",\"@id\":\"https:\/\/animo.eu\/no\/#website\",\"url\":\"https:\/\/animo.eu\/no\/\",\"name\":\"\",\"description\":\"\",\"potentialAction\":[{\"@type\":\"SearchAction\",\"target\":{\"@type\":\"EntryPoint\",\"urlTemplate\":\"https:\/\/animo.eu\/no\/?s={search_term_string}\"},\"query-input\":{\"@type\":\"PropertyValueSpecification\",\"valueRequired\":true,\"valueName\":\"search_term_string\"}}],\"inLanguage\":\"nb-NO\"}]}<\/script>\n<!-- \/ Yoast SEO plugin. -->","yoast_head_json":{"title":"Generelle leveringsbetingelser -","description":"Generelle leveringsbetingelser -","robots":{"index":"index","follow":"follow","max-snippet":"max-snippet:-1","max-image-preview":"max-image-preview:large","max-video-preview":"max-video-preview:-1"},"canonical":"https:\/\/animo.eu\/no\/generelle-leveringsbetingelser\/","og_locale":"nb_NO","og_type":"article","og_title":"Generelle leveringsbetingelser -","og_description":"Generelle leveringsbetingelser -","og_url":"https:\/\/animo.eu\/no\/generelle-leveringsbetingelser\/","article_publisher":"https:\/\/www.facebook.com\/animobv\/","article_modified_time":"2024-01-05T15:30:03+00:00","og_image":[{"width":1000,"height":364,"url":"https:\/\/animo.eu\/wp-content\/uploads\/2023\/06\/animo-dedicated-logo.png","type":"image\/png"}],"twitter_card":"summary_large_image","twitter_site":"@animokoffie","schema":{"@context":"https:\/\/schema.org","@graph":[{"@type":"WebPage","@id":"https:\/\/animo.eu\/no\/generelle-leveringsbetingelser\/","url":"https:\/\/animo.eu\/no\/generelle-leveringsbetingelser\/","name":"Generelle leveringsbetingelser -","isPartOf":{"@id":"https:\/\/animo.eu\/no\/#website"},"datePublished":"2023-03-09T12:45:33+00:00","dateModified":"2024-01-05T15:30:03+00:00","description":"Generelle leveringsbetingelser -","breadcrumb":{"@id":"https:\/\/animo.eu\/no\/generelle-leveringsbetingelser\/#breadcrumb"},"inLanguage":"nb-NO","potentialAction":[{"@type":"ReadAction","target":["https:\/\/animo.eu\/no\/generelle-leveringsbetingelser\/"]}]},{"@type":"BreadcrumbList","@id":"https:\/\/animo.eu\/no\/generelle-leveringsbetingelser\/#breadcrumb","itemListElement":[{"@type":"ListItem","position":1,"name":"Home","item":"https:\/\/animo.eu\/no\/"},{"@type":"ListItem","position":2,"name":"Generelle leveringsbetingelser"}]},{"@type":"WebSite","@id":"https:\/\/animo.eu\/no\/#website","url":"https:\/\/animo.eu\/no\/","name":"","description":"","potentialAction":[{"@type":"SearchAction","target":{"@type":"EntryPoint","urlTemplate":"https:\/\/animo.eu\/no\/?s={search_term_string}"},"query-input":{"@type":"PropertyValueSpecification","valueRequired":true,"valueName":"search_term_string"}}],"inLanguage":"nb-NO"}]}},"_links":{"self":[{"href":"https:\/\/animo.eu\/no\/wp-json\/wp\/v2\/pages\/44277"}],"collection":[{"href":"https:\/\/animo.eu\/no\/wp-json\/wp\/v2\/pages"}],"about":[{"href":"https:\/\/animo.eu\/no\/wp-json\/wp\/v2\/types\/page"}],"author":[{"embeddable":true,"href":"https:\/\/animo.eu\/no\/wp-json\/wp\/v2\/users\/1"}],"replies":[{"embeddable":true,"href":"https:\/\/animo.eu\/no\/wp-json\/wp\/v2\/comments?post=44277"}],"version-history":[{"count":2,"href":"https:\/\/animo.eu\/no\/wp-json\/wp\/v2\/pages\/44277\/revisions"}],"predecessor-version":[{"id":44765,"href":"https:\/\/animo.eu\/no\/wp-json\/wp\/v2\/pages\/44277\/revisions\/44765"}],"wp:attachment":[{"href":"https:\/\/animo.eu\/no\/wp-json\/wp\/v2\/media?parent=44277"}],"curies":[{"name":"wp","href":"https:\/\/api.w.org\/{rel}","templated":true}]}}