{"id":50800,"date":"2024-02-05T11:48:20","date_gmt":"2024-02-05T10:48:20","guid":{"rendered":"https:\/\/animo.eu\/utstillingskalender\/"},"modified":"2026-02-27T12:24:50","modified_gmt":"2026-02-27T11:24:50","slug":"utstillingskalender","status":"publish","type":"page","link":"https:\/\/animo.eu\/no\/utstillingskalender\/","title":{"rendered":"Utstillingskalender"},"content":{"rendered":"\n<section  class=\"pane pane--white \">\n    <div class=\"container\">\n        <div class=\"row g-4 g-lg-8 g-xl-15 g-xxl-20  \">\n                            <div class=\"col-12 col-lg-6\">\n                    <div class=\"pane__text\">\n                        <h2 class=\"paragraph-title\">Hvor kan du finne oss?<\/h2>\n<p>Du finner Animo p\u00e5 messene som er listet opp nedenfor.<\/p>\n<p>Det er selvf\u00f8lgelig ogs\u00e5 mulig \u00e5 bes\u00f8ke v\u00e5rt showroom i Assen eller en av <a href=\"https:\/\/animo.eu\/no\/om-animo\/salgsadresser\/\">v\u00e5re forhandlere<\/a> rundt om i landet. Du kan <a href=\"https:\/\/animo.eu\/no\/kontakt\/\">kontakte oss<\/a> for dette form\u00e5let.<\/p>\n                                                \n                    <\/div>\n                <\/div>\n                                <\/div>\n    <\/div>\n<\/section>\n\n\n\n<section  class=\"pane pane--table pane--white \">\n    <div class=\"container\">\n        <div class=\"row\">\n            <div class=\"col-12\">\n                                                                            \n\n<figure class=\"wp-block-table is-style-stripes\"><table><thead><tr><th>Dato<\/th><th>Rimelig<\/th><th>Beliggenhet<\/th><th>Land<\/th><th>Standnummer<\/th><\/tr><\/thead><tbody><tr><td>12 &#8211; 15 januar<\/td><td><a href=\"https:\/\/www.horecava.nl\/\">Horecava<\/a><\/td><td>Amsterdam<\/td><td>Nederland<\/td><td>12.230<\/td><\/tr><tr><td>13 &#8211; 17 mars<\/td><td><a href=\"https:\/\/www.internorga.com\/en\/\">Internorga<\/a><\/td><td>Hamburg<\/td><td>Tyskland<\/td><td>A4.116<\/td><\/tr><tr><td>22 &#8211; 23 april<\/td><td><a href=\"https:\/\/www.health-care.be\/inspire-health-care\/\">Inspire Health &amp; Care<\/a><\/td><td>Gent<\/td><td>Belgia<\/td><td>1255<\/td><\/tr><\/tbody><\/table><\/figure>\n\n\n                            <\/div>\n        <\/div>\n    <\/div>\n<\/section>\n","protected":false},"excerpt":{"rendered":"","protected":false},"author":21,"featured_media":53246,"parent":0,"menu_order":6,"comment_status":"closed","ping_status":"closed","template":"","meta":{"_acf_changed":false,"footnotes":""},"class_list":["post-50800","page","type-page","status-publish","has-post-thumbnail","hentry"],"acf":[],"yoast_head":"<!-- This site is optimized with the Yoast SEO plugin v25.5 - https:\/\/yoast.com\/wordpress\/plugins\/seo\/ -->\n<title>Utstillingskalender -<\/title>\n<meta name=\"description\" content=\"Utstillingskalender -\" \/>\n<meta name=\"robots\" content=\"index, follow, max-snippet:-1, max-image-preview:large, max-video-preview:-1\" \/>\n<link rel=\"canonical\" href=\"https:\/\/animo.eu\/no\/utstillingskalender\/\" \/>\n<meta property=\"og:locale\" content=\"nb_NO\" \/>\n<meta property=\"og:type\" content=\"article\" \/>\n<meta property=\"og:title\" content=\"Utstillingskalender -\" \/>\n<meta property=\"og:description\" content=\"Utstillingskalender -\" \/>\n<meta property=\"og:url\" content=\"https:\/\/animo.eu\/no\/utstillingskalender\/\" \/>\n<meta property=\"article:publisher\" content=\"https:\/\/www.facebook.com\/animobv\/\" \/>\n<meta property=\"article:modified_time\" content=\"2026-02-27T11:24:50+00:00\" \/>\n<meta property=\"og:image\" content=\"https:\/\/animo.eu\/wp-content\/uploads\/2024\/02\/Beurzen.jpg\" \/>\n\t<meta property=\"og:image:width\" content=\"1772\" \/>\n\t<meta property=\"og:image:height\" content=\"1475\" \/>\n\t<meta property=\"og:image:type\" content=\"image\/jpeg\" \/>\n<meta name=\"twitter:card\" content=\"summary_large_image\" \/>\n<meta name=\"twitter:site\" content=\"@animokoffie\" \/>\n<meta name=\"twitter:label1\" content=\"Ansl. lesetid\" \/>\n\t<meta name=\"twitter:data1\" content=\"1 minutt\" \/>\n<script type=\"application\/ld+json\" class=\"yoast-schema-graph\">{\"@context\":\"https:\/\/schema.org\",\"@graph\":[{\"@type\":\"WebPage\",\"@id\":\"https:\/\/animo.eu\/no\/utstillingskalender\/\",\"url\":\"https:\/\/animo.eu\/no\/utstillingskalender\/\",\"name\":\"Utstillingskalender -\",\"isPartOf\":{\"@id\":\"https:\/\/animo.eu\/no\/#website\"},\"primaryImageOfPage\":{\"@id\":\"https:\/\/animo.eu\/no\/utstillingskalender\/#primaryimage\"},\"image\":{\"@id\":\"https:\/\/animo.eu\/no\/utstillingskalender\/#primaryimage\"},\"thumbnailUrl\":\"https:\/\/animo.eu\/wp-content\/uploads\/2024\/02\/Beurzen.jpg\",\"datePublished\":\"2024-02-05T10:48:20+00:00\",\"dateModified\":\"2026-02-27T11:24:50+00:00\",\"description\":\"Utstillingskalender -\",\"breadcrumb\":{\"@id\":\"https:\/\/animo.eu\/no\/utstillingskalender\/#breadcrumb\"},\"inLanguage\":\"nb-NO\",\"potentialAction\":[{\"@type\":\"ReadAction\",\"target\":[\"https:\/\/animo.eu\/no\/utstillingskalender\/\"]}]},{\"@type\":\"ImageObject\",\"inLanguage\":\"nb-NO\",\"@id\":\"https:\/\/animo.eu\/no\/utstillingskalender\/#primaryimage\",\"url\":\"https:\/\/animo.eu\/wp-content\/uploads\/2024\/02\/Beurzen.jpg\",\"contentUrl\":\"https:\/\/animo.eu\/wp-content\/uploads\/2024\/02\/Beurzen.jpg\",\"width\":1772,\"height\":1475},{\"@type\":\"BreadcrumbList\",\"@id\":\"https:\/\/animo.eu\/no\/utstillingskalender\/#breadcrumb\",\"itemListElement\":[{\"@type\":\"ListItem\",\"position\":1,\"name\":\"Home\",\"item\":\"https:\/\/animo.eu\/no\/\"},{\"@type\":\"ListItem\",\"position\":2,\"name\":\"Utstillingskalender\"}]},{\"@type\":\"WebSite\",\"@id\":\"https:\/\/animo.eu\/no\/#website\",\"url\":\"https:\/\/animo.eu\/no\/\",\"name\":\"\",\"description\":\"\",\"potentialAction\":[{\"@type\":\"SearchAction\",\"target\":{\"@type\":\"EntryPoint\",\"urlTemplate\":\"https:\/\/animo.eu\/no\/?s={search_term_string}\"},\"query-input\":{\"@type\":\"PropertyValueSpecification\",\"valueRequired\":true,\"valueName\":\"search_term_string\"}}],\"inLanguage\":\"nb-NO\"}]}<\/script>\n<!-- \/ Yoast SEO plugin. -->","yoast_head_json":{"title":"Utstillingskalender -","description":"Utstillingskalender -","robots":{"index":"index","follow":"follow","max-snippet":"max-snippet:-1","max-image-preview":"max-image-preview:large","max-video-preview":"max-video-preview:-1"},"canonical":"https:\/\/animo.eu\/no\/utstillingskalender\/","og_locale":"nb_NO","og_type":"article","og_title":"Utstillingskalender -","og_description":"Utstillingskalender -","og_url":"https:\/\/animo.eu\/no\/utstillingskalender\/","article_publisher":"https:\/\/www.facebook.com\/animobv\/","article_modified_time":"2026-02-27T11:24:50+00:00","og_image":[{"width":1772,"height":1475,"url":"https:\/\/animo.eu\/wp-content\/uploads\/2024\/02\/Beurzen.jpg","type":"image\/jpeg"}],"twitter_card":"summary_large_image","twitter_site":"@animokoffie","twitter_misc":{"Ansl. lesetid":"1 minutt"},"schema":{"@context":"https:\/\/schema.org","@graph":[{"@type":"WebPage","@id":"https:\/\/animo.eu\/no\/utstillingskalender\/","url":"https:\/\/animo.eu\/no\/utstillingskalender\/","name":"Utstillingskalender -","isPartOf":{"@id":"https:\/\/animo.eu\/no\/#website"},"primaryImageOfPage":{"@id":"https:\/\/animo.eu\/no\/utstillingskalender\/#primaryimage"},"image":{"@id":"https:\/\/animo.eu\/no\/utstillingskalender\/#primaryimage"},"thumbnailUrl":"https:\/\/animo.eu\/wp-content\/uploads\/2024\/02\/Beurzen.jpg","datePublished":"2024-02-05T10:48:20+00:00","dateModified":"2026-02-27T11:24:50+00:00","description":"Utstillingskalender -","breadcrumb":{"@id":"https:\/\/animo.eu\/no\/utstillingskalender\/#breadcrumb"},"inLanguage":"nb-NO","potentialAction":[{"@type":"ReadAction","target":["https:\/\/animo.eu\/no\/utstillingskalender\/"]}]},{"@type":"ImageObject","inLanguage":"nb-NO","@id":"https:\/\/animo.eu\/no\/utstillingskalender\/#primaryimage","url":"https:\/\/animo.eu\/wp-content\/uploads\/2024\/02\/Beurzen.jpg","contentUrl":"https:\/\/animo.eu\/wp-content\/uploads\/2024\/02\/Beurzen.jpg","width":1772,"height":1475},{"@type":"BreadcrumbList","@id":"https:\/\/animo.eu\/no\/utstillingskalender\/#breadcrumb","itemListElement":[{"@type":"ListItem","position":1,"name":"Home","item":"https:\/\/animo.eu\/no\/"},{"@type":"ListItem","position":2,"name":"Utstillingskalender"}]},{"@type":"WebSite","@id":"https:\/\/animo.eu\/no\/#website","url":"https:\/\/animo.eu\/no\/","name":"","description":"","potentialAction":[{"@type":"SearchAction","target":{"@type":"EntryPoint","urlTemplate":"https:\/\/animo.eu\/no\/?s={search_term_string}"},"query-input":{"@type":"PropertyValueSpecification","valueRequired":true,"valueName":"search_term_string"}}],"inLanguage":"nb-NO"}]}},"_links":{"self":[{"href":"https:\/\/animo.eu\/no\/wp-json\/wp\/v2\/pages\/50800"}],"collection":[{"href":"https:\/\/animo.eu\/no\/wp-json\/wp\/v2\/pages"}],"about":[{"href":"https:\/\/animo.eu\/no\/wp-json\/wp\/v2\/types\/page"}],"author":[{"embeddable":true,"href":"https:\/\/animo.eu\/no\/wp-json\/wp\/v2\/users\/21"}],"replies":[{"embeddable":true,"href":"https:\/\/animo.eu\/no\/wp-json\/wp\/v2\/comments?post=50800"}],"version-history":[{"count":14,"href":"https:\/\/animo.eu\/no\/wp-json\/wp\/v2\/pages\/50800\/revisions"}],"predecessor-version":[{"id":109637,"href":"https:\/\/animo.eu\/no\/wp-json\/wp\/v2\/pages\/50800\/revisions\/109637"}],"wp:featuredmedia":[{"embeddable":true,"href":"https:\/\/animo.eu\/no\/wp-json\/wp\/v2\/media\/53246"}],"wp:attachment":[{"href":"https:\/\/animo.eu\/no\/wp-json\/wp\/v2\/media?parent=50800"}],"curies":[{"name":"wp","href":"https:\/\/api.w.org\/{rel}","templated":true}]}}