{"id":56686,"date":"2024-03-21T11:24:56","date_gmt":"2024-03-21T10:24:56","guid":{"rendered":"https:\/\/animo.eu\/?page_id=56686"},"modified":"2024-05-08T07:56:51","modified_gmt":"2024-05-08T05:56:51","slug":"misjon-visjon-og-kjerneverdier","status":"publish","type":"page","link":"https:\/\/animo.eu\/no\/om-animo\/misjon-visjon-og-kjerneverdier\/","title":{"rendered":"Misjon, visjon og kjerneverdier"},"content":{"rendered":"\n<section class=\"hero\">\n    <div class=\"hero__background\">\n                                    <img fetchpriority=\"high\" decoding=\"async\" width=\"2205\" height=\"1279\" src=\"https:\/\/animo.eu\/wp-content\/uploads\/2024\/03\/Animo-Assen-fabriek.jpg\" class=\"hero__image img-fluid\" alt=\"\" loading=\"eager\" srcset=\"https:\/\/animo.eu\/wp-content\/uploads\/2024\/03\/Animo-Assen-fabriek.jpg 2205w, https:\/\/animo.eu\/wp-content\/uploads\/2024\/03\/Animo-Assen-fabriek-300x174.jpg 300w, https:\/\/animo.eu\/wp-content\/uploads\/2024\/03\/Animo-Assen-fabriek-1024x594.jpg 1024w, https:\/\/animo.eu\/wp-content\/uploads\/2024\/03\/Animo-Assen-fabriek-768x445.jpg 768w, https:\/\/animo.eu\/wp-content\/uploads\/2024\/03\/Animo-Assen-fabriek-1536x891.jpg 1536w, https:\/\/animo.eu\/wp-content\/uploads\/2024\/03\/Animo-Assen-fabriek-2048x1188.jpg 2048w, https:\/\/animo.eu\/wp-content\/uploads\/2024\/03\/Animo-Assen-fabriek-70x41.jpg 70w, https:\/\/animo.eu\/wp-content\/uploads\/2024\/03\/Animo-Assen-fabriek-550x319.jpg 550w, https:\/\/animo.eu\/wp-content\/uploads\/2024\/03\/Animo-Assen-fabriek-800x464.jpg 800w, https:\/\/animo.eu\/wp-content\/uploads\/2024\/03\/Animo-Assen-fabriek-172x100.jpg 172w, https:\/\/animo.eu\/wp-content\/uploads\/2024\/03\/Animo-Assen-fabriek-150x87.jpg 150w\" sizes=\"(max-width: 2205px) 100vw, 2205px\" \/>                                <\/div>    \n            <div class=\"hero__content\">\n            <div class=\"container\">\n                <div class=\"row\">                    <div class=\"col-12 col-lg-9 col-xl-8\">                        <div class=\"hero__text \">\n                            <h1>Dedicated to every cup<\/h1>\n<p>&nbsp;<\/p>\n                        <\/div>\n                                                \n                    <\/div>\n                <\/div>\n            <\/div>\n        <\/div>\n        <div class=\"hero__scroll\">\n        <span>Rulle<\/span>\n        <svg class=\"icon icon--20 text-secondary\">\n            <use xlink:href=\"https:\/\/animo.eu\/wp-content\/themes\/animo\/build\/img\/symbols.svg#arrow-down\"><\/use>\n        <\/svg>      \n    <\/div>\n<\/section>\n\n<section class=\"pane pane--white pane--anchors\">\n    <ul class=\"list justify-content-center d-none d-lg-flex\">\n                                    <li class=\"list__item mx-6 mx-xl-8 mx-xxl-10\">\n                    <a class=\"text-decoration-none text-secondary\" href=\"#syn\">Visjon og oppdrag<\/a>\n                <\/li>\n                            <li class=\"list__item mx-6 mx-xl-8 mx-xxl-10\">\n                    <a class=\"text-decoration-none text-secondary\" href=\"#merkevarepersonlighet\">Merkevarens personlighet<\/a>\n                <\/li>\n                            <li class=\"list__item mx-6 mx-xl-8 mx-xxl-10\">\n                    <a class=\"text-decoration-none text-secondary\" href=\"#kaffemaskiner\">Animo kaffemaskiner st\u00e5r for<\/a>\n                <\/li>\n                            <li class=\"list__item mx-6 mx-xl-8 mx-xxl-10\">\n                    <a class=\"text-decoration-none text-secondary\" href=\"#video\">Animasjonsvideo<\/a>\n                <\/li>\n                        <\/ul>\n<\/section>\n\n<section  class=\"pane pane--white \">\n    <div class=\"container\">\n        <div class=\"row g-4 g-lg-8 g-xl-15 justify-content-center\">\n                                                <div class=\"col-12 col-lg-8\">\n                        <div class=\"pane__text\">\n                            <h2>Animo lager kaffetraktere og -maskiner av h\u00f8y kvalitet for deg som \u00f8nsker \u00e5 servere god kaffe. Brukervennlige enheter med mange alternativer som er enkle \u00e5 vedlikeholde og varer lenge.<\/h2>\n                                                    <\/div>\n                    <\/div>\n                                    <\/div>\n    <\/div>\n<\/section>\n\n<section id=\"syn\" class=\"pane pane--tertiary anchor\">\n    <div class=\"container\">\n        <div class=\"row g-4 g-lg-8 g-xl-15 g-xxl-20 align-items-center \">\n                            <div class=\"col-12 col-lg-6\">\n                    <div class=\"pane__text\">\n                        <h2>Vision Animo<\/h2>\n<p>Oppn\u00e5 og styrke en foretrukket posisjon hos forhandlere og beslutningstakere hos sluttkundene, og ypperlig proaktiv (salgs-) support og service fordi vi \u00f8nsker \u00e5 vise <em>engasjement for hver<\/em> kopp hver dag. Dette gj\u00f8r vi gjennom:<\/p>\n<ul>\n<li>M\u00e5lrettet markedsf\u00f8ring til spesifikke m\u00e5lgrupper<\/li>\n<li>En s\u00e6regen merkevareposisjonering<\/li>\n<li>Tilbyr produkter av h\u00f8y kvalitet som utmerker seg n\u00e5r det gjelder brukervennlighet og vedlikehold.<\/li>\n<li>En differensiert forhandlerstrategi for \u00e5 skape mer verdi sammen med forhandlerne.<\/li>\n<li>Internt salg og support for st\u00f8rre kunder og prosjekter<\/li>\n<li>Nettbasert salg og support som en integrert del av v\u00e5r service til forhandlere og sluttkunder.<\/li>\n<\/ul>\n<h2 class=\"paragraph-title\">Oppdrag Animo<\/h2>\n<p>Med engasjement og omtanke gj\u00f8r vi det mulig for kundene v\u00e5re \u00e5 servere god kaffe fordi:<\/p>\n<ul>\n<li>Vi lager apparater som gir velsmakende kaffe.<\/li>\n<li>Vi lager enheter som er enkle \u00e5 betjene og vedlikeholde.<\/li>\n<li>Vi tilbyr utmerket teknisk st\u00f8tte.<\/li>\n<li>Vi lager apparater som varer lenge og har f\u00e5 feil.<\/li>\n<li>Vi kan reagere fleksibelt p\u00e5 kundenes behov.<\/li>\n<\/ul>\n                                                \n                    <\/div>\n                <\/div>\n                                        <div class=\"col-12 col-lg\">\n                    <figure class=\"figure \">\n                        <img decoding=\"async\" width=\"1024\" height=\"1024\" src=\"https:\/\/animo.eu\/wp-content\/uploads\/2023\/09\/Animo-OptiVend-en-OptiBean-X-1024x1024.png\" class=\"img-fluid\" alt=\"\" loading=\"lazy\" srcset=\"https:\/\/animo.eu\/wp-content\/uploads\/2023\/09\/Animo-OptiVend-en-OptiBean-X-1024x1024.png 1024w, https:\/\/animo.eu\/wp-content\/uploads\/2023\/09\/Animo-OptiVend-en-OptiBean-X-300x300.png 300w, https:\/\/animo.eu\/wp-content\/uploads\/2023\/09\/Animo-OptiVend-en-OptiBean-X-150x150.png 150w, https:\/\/animo.eu\/wp-content\/uploads\/2023\/09\/Animo-OptiVend-en-OptiBean-X-768x768.png 768w, https:\/\/animo.eu\/wp-content\/uploads\/2023\/09\/Animo-OptiVend-en-OptiBean-X-1536x1536.png 1536w, https:\/\/animo.eu\/wp-content\/uploads\/2023\/09\/Animo-OptiVend-en-OptiBean-X-2048x2048.png 2048w, https:\/\/animo.eu\/wp-content\/uploads\/2023\/09\/Animo-OptiVend-en-OptiBean-X-70x70.png 70w, https:\/\/animo.eu\/wp-content\/uploads\/2023\/09\/Animo-OptiVend-en-OptiBean-X-550x550.png 550w, https:\/\/animo.eu\/wp-content\/uploads\/2023\/09\/Animo-OptiVend-en-OptiBean-X-800x800.png 800w, https:\/\/animo.eu\/wp-content\/uploads\/2023\/09\/Animo-OptiVend-en-OptiBean-X-100x100.png 100w, https:\/\/animo.eu\/wp-content\/uploads\/2023\/09\/Animo-OptiVend-en-OptiBean-X-1400x1400.png 1400w, https:\/\/animo.eu\/wp-content\/uploads\/2023\/09\/Animo-OptiVend-en-OptiBean-X-700x700.png 700w, https:\/\/animo.eu\/wp-content\/uploads\/2023\/09\/Animo-OptiVend-en-OptiBean-X-350x350.png 350w\" sizes=\"(max-width: 1024px) 100vw, 1024px\" \/>                    <\/figure>\n                <\/div>\n                    <\/div>\n    <\/div>\n<\/section>\n\n<section id=\"merkevarepersonlighet\" class=\"pane pane--white anchor\">\n    <div class=\"container\">\n        <div class=\"row g-4 g-lg-8 g-xl-15 g-xxl-20 align-items-center flex-lg-row-reverse\">\n                            <div class=\"col-12 col-lg-6\">\n                    <div class=\"pane__text\">\n                        <h2>Merkevarens personlighet<\/h2>\n<p><strong>Dedikert:<\/strong> Animos engasjement og inspirasjon ligger delvis allerede i navnet. Men det viser seg ogs\u00e5 i omtanke, service og fleksibilitet. Animo tenker alltid sammen med kundene sine.<\/p>\n<p><strong>Oppl\u00f8ftende:<\/strong> Kaffe er oppl\u00f8ftende, og det merker du p\u00e5 Animo. Animo er frisk og positiv.<\/p>\n<p><strong>Robust:<\/strong> den kanskje viktigste funksjonen i Animo. Animo er solid, stabil og p\u00e5litelig. Slik har det v\u00e6rt lenge, og slik vil det fortsette \u00e5 v\u00e6re i lang tid fremover.<\/p>\n<p><strong>Moderne:<\/strong> Animo f\u00f8lger med i tiden uten \u00e5 bli for posh eller s\u00f8kt. Det er et moderne varemerke.<\/p>\n                                                \n\n\n\n                    <\/div>\n                <\/div>\n                                        <div class=\"col-12 col-lg\">\n                    <figure class=\"figure image_reversed\">\n                        <img decoding=\"async\" width=\"256\" height=\"256\" src=\"https:\/\/animo.eu\/wp-content\/uploads\/2023\/03\/favicon-256x256-1.png\" class=\"img-fluid\" alt=\"\" loading=\"lazy\" srcset=\"https:\/\/animo.eu\/wp-content\/uploads\/2023\/03\/favicon-256x256-1.png 256w, https:\/\/animo.eu\/wp-content\/uploads\/2023\/03\/favicon-256x256-1-150x150.png 150w, https:\/\/animo.eu\/wp-content\/uploads\/2023\/03\/favicon-256x256-1-70x70.png 70w, https:\/\/animo.eu\/wp-content\/uploads\/2023\/03\/favicon-256x256-1-100x100.png 100w\" sizes=\"(max-width: 256px) 100vw, 256px\" \/>                    <\/figure>\n                <\/div>\n                    <\/div>\n    <\/div>\n<\/section>\n\n<section id=\"kaffemaskiner\" class=\"pane pane--tertiary anchor\">\n    <div class=\"container\">\n        <div class=\"row g-4 g-lg-8 g-xl-15 g-xxl-20 align-items-center \">\n                            <div class=\"col-12 col-lg-6\">\n                    <div class=\"pane__text\">\n                        <h2>En perfekt kopp kaffe&#8230;<\/h2>\n<p>Det starter med en perfekt maskin, og det er et sp\u00f8rsm\u00e5l om erfaring, kunnskap og engasjement. Vi lager kaffeutstyr av h\u00f8y kvalitet for folk som \u00f8nsker \u00e5 servere god kaffe.  <em><strong>P\u00e5litelig, fleksibel og av h\u00f8y kvalitet<\/strong><\/em><\/p>\n<p>V\u00e5re kaffemaskiner st\u00e5r for:<\/p>\n<ul>\n<li>God smak<\/li>\n<li>Brukervennlig betjening<\/li>\n<li>Lett \u00e5 vedlikeholde<\/li>\n<li>P\u00e5litelig ytelse<\/li>\n<li>Utmerket teknisk st\u00f8tte<\/li>\n<li>Fleksibel tilpasning<\/li>\n<\/ul>\n                                                \n                    <\/div>\n                <\/div>\n                                        <div class=\"col-12 col-lg\">\n                    <figure class=\"figure \">\n                        <img decoding=\"async\" width=\"491\" height=\"491\" src=\"https:\/\/animo.eu\/wp-content\/uploads\/2024\/03\/Misie-en-visie-vierkant.jpg\" class=\"img-fluid\" alt=\"\" loading=\"lazy\" srcset=\"https:\/\/animo.eu\/wp-content\/uploads\/2024\/03\/Misie-en-visie-vierkant.jpg 491w, https:\/\/animo.eu\/wp-content\/uploads\/2024\/03\/Misie-en-visie-vierkant-300x300.jpg 300w, https:\/\/animo.eu\/wp-content\/uploads\/2024\/03\/Misie-en-visie-vierkant-150x150.jpg 150w, https:\/\/animo.eu\/wp-content\/uploads\/2024\/03\/Misie-en-visie-vierkant-70x70.jpg 70w, https:\/\/animo.eu\/wp-content\/uploads\/2024\/03\/Misie-en-visie-vierkant-100x100.jpg 100w, https:\/\/animo.eu\/wp-content\/uploads\/2024\/03\/Misie-en-visie-vierkant-350x350.jpg 350w\" sizes=\"(max-width: 491px) 100vw, 491px\" \/>                    <\/figure>\n                <\/div>\n                    <\/div>\n    <\/div>\n<\/section>\n\n<section id=\"video\" class=\"pane pane--white anchor\">\n    <div class=\"container-fluid px-4 pe-lg-0 ps-lg-8\">\n        <div class=\"row g-0\">\n                            <div class=\"col-12\">\n                    <figure class=\"figure figure--video\">\n                        <a href=\"https:\/\/animo.eu\/wp-content\/uploads\/2024\/03\/Animo.mp4\" class=\"icon-frame icon-frame--56\" data-fancybox>\n                            <svg class=\"icon icon--20\">\n                                <use xlink:href=\"https:\/\/animo.eu\/wp-content\/themes\/animo\/build\/img\/symbols.svg#play\"><\/use>\n                            <\/svg>\n                        <\/a>\n                        <img decoding=\"async\" width=\"1400\" height=\"600\" src=\"https:\/\/animo.eu\/wp-content\/uploads\/2024\/03\/Corporate-movie-Animo-1400x600.jpg\" class=\"img-fluid w-100\" alt=\"\" loading=\"lazy\" \/>                    <\/figure>\n                <\/div>\n                    <\/div>\n    <\/div>\n<\/section>\n","protected":false},"excerpt":{"rendered":"","protected":false},"author":21,"featured_media":56721,"parent":43618,"menu_order":23,"comment_status":"closed","ping_status":"closed","template":"","meta":{"_acf_changed":false,"footnotes":""},"class_list":["post-56686","page","type-page","status-publish","has-post-thumbnail","hentry"],"acf":[],"yoast_head":"<!-- This site is optimized with the Yoast SEO plugin v25.5 - https:\/\/yoast.com\/wordpress\/plugins\/seo\/ -->\n<title>Misjon, visjon og kjerneverdier -<\/title>\n<meta name=\"description\" content=\"Misjon, visjon og kjerneverdier - Vi lager h\u00f8ykvalitets kaffebryggesystemer og maskiner for folk som \u00f8nsker \u00e5 servere god kaffe.\" \/>\n<meta name=\"robots\" content=\"index, follow, max-snippet:-1, max-image-preview:large, max-video-preview:-1\" \/>\n<link rel=\"canonical\" href=\"https:\/\/animo.eu\/no\/om-animo\/misjon-visjon-og-kjerneverdier\/\" \/>\n<meta property=\"og:locale\" content=\"nb_NO\" \/>\n<meta property=\"og:type\" content=\"article\" \/>\n<meta property=\"og:title\" content=\"Misjon, visjon og kjerneverdier -\" \/>\n<meta property=\"og:description\" content=\"Misjon, visjon og kjerneverdier - Vi lager h\u00f8ykvalitets kaffebryggesystemer og maskiner for folk som \u00f8nsker \u00e5 servere god kaffe.\" \/>\n<meta property=\"og:url\" content=\"https:\/\/animo.eu\/no\/om-animo\/misjon-visjon-og-kjerneverdier\/\" \/>\n<meta property=\"article:publisher\" content=\"https:\/\/www.facebook.com\/animobv\/\" \/>\n<meta property=\"article:modified_time\" content=\"2024-05-08T05:56:51+00:00\" \/>\n<meta property=\"og:image\" content=\"https:\/\/animo.eu\/wp-content\/uploads\/2024\/03\/Misie-en-visie-vierkant.jpg\" \/>\n\t<meta property=\"og:image:width\" content=\"491\" \/>\n\t<meta property=\"og:image:height\" content=\"491\" \/>\n\t<meta property=\"og:image:type\" content=\"image\/jpeg\" \/>\n<meta name=\"twitter:card\" content=\"summary_large_image\" \/>\n<meta name=\"twitter:site\" content=\"@animokoffie\" \/>\n<meta name=\"twitter:label1\" content=\"Ansl. lesetid\" \/>\n\t<meta name=\"twitter:data1\" content=\"1 minutt\" \/>\n<script type=\"application\/ld+json\" class=\"yoast-schema-graph\">{\"@context\":\"https:\/\/schema.org\",\"@graph\":[{\"@type\":\"WebPage\",\"@id\":\"https:\/\/animo.eu\/no\/om-animo\/misjon-visjon-og-kjerneverdier\/\",\"url\":\"https:\/\/animo.eu\/no\/om-animo\/misjon-visjon-og-kjerneverdier\/\",\"name\":\"Misjon, visjon og kjerneverdier -\",\"isPartOf\":{\"@id\":\"https:\/\/animo.eu\/no\/#website\"},\"primaryImageOfPage\":{\"@id\":\"https:\/\/animo.eu\/no\/om-animo\/misjon-visjon-og-kjerneverdier\/#primaryimage\"},\"image\":{\"@id\":\"https:\/\/animo.eu\/no\/om-animo\/misjon-visjon-og-kjerneverdier\/#primaryimage\"},\"thumbnailUrl\":\"https:\/\/animo.eu\/wp-content\/uploads\/2024\/03\/Misie-en-visie-vierkant.jpg\",\"datePublished\":\"2024-03-21T10:24:56+00:00\",\"dateModified\":\"2024-05-08T05:56:51+00:00\",\"description\":\"Misjon, visjon og kjerneverdier - Vi lager h\u00f8ykvalitets kaffebryggesystemer og maskiner for folk som \u00f8nsker \u00e5 servere god kaffe.\",\"breadcrumb\":{\"@id\":\"https:\/\/animo.eu\/no\/om-animo\/misjon-visjon-og-kjerneverdier\/#breadcrumb\"},\"inLanguage\":\"nb-NO\",\"potentialAction\":[{\"@type\":\"ReadAction\",\"target\":[\"https:\/\/animo.eu\/no\/om-animo\/misjon-visjon-og-kjerneverdier\/\"]}]},{\"@type\":\"ImageObject\",\"inLanguage\":\"nb-NO\",\"@id\":\"https:\/\/animo.eu\/no\/om-animo\/misjon-visjon-og-kjerneverdier\/#primaryimage\",\"url\":\"https:\/\/animo.eu\/wp-content\/uploads\/2024\/03\/Misie-en-visie-vierkant.jpg\",\"contentUrl\":\"https:\/\/animo.eu\/wp-content\/uploads\/2024\/03\/Misie-en-visie-vierkant.jpg\",\"width\":491,\"height\":491},{\"@type\":\"BreadcrumbList\",\"@id\":\"https:\/\/animo.eu\/no\/om-animo\/misjon-visjon-og-kjerneverdier\/#breadcrumb\",\"itemListElement\":[{\"@type\":\"ListItem\",\"position\":1,\"name\":\"Home\",\"item\":\"https:\/\/animo.eu\/no\/\"},{\"@type\":\"ListItem\",\"position\":2,\"name\":\"Om Animo\",\"item\":\"https:\/\/animo.eu\/no\/om-animo\/\"},{\"@type\":\"ListItem\",\"position\":3,\"name\":\"Misjon, visjon og kjerneverdier\"}]},{\"@type\":\"WebSite\",\"@id\":\"https:\/\/animo.eu\/no\/#website\",\"url\":\"https:\/\/animo.eu\/no\/\",\"name\":\"\",\"description\":\"\",\"potentialAction\":[{\"@type\":\"SearchAction\",\"target\":{\"@type\":\"EntryPoint\",\"urlTemplate\":\"https:\/\/animo.eu\/no\/?s={search_term_string}\"},\"query-input\":{\"@type\":\"PropertyValueSpecification\",\"valueRequired\":true,\"valueName\":\"search_term_string\"}}],\"inLanguage\":\"nb-NO\"}]}<\/script>\n<!-- \/ Yoast SEO plugin. -->","yoast_head_json":{"title":"Misjon, visjon og kjerneverdier -","description":"Misjon, visjon og kjerneverdier - Vi lager h\u00f8ykvalitets kaffebryggesystemer og maskiner for folk som \u00f8nsker \u00e5 servere god kaffe.","robots":{"index":"index","follow":"follow","max-snippet":"max-snippet:-1","max-image-preview":"max-image-preview:large","max-video-preview":"max-video-preview:-1"},"canonical":"https:\/\/animo.eu\/no\/om-animo\/misjon-visjon-og-kjerneverdier\/","og_locale":"nb_NO","og_type":"article","og_title":"Misjon, visjon og kjerneverdier -","og_description":"Misjon, visjon og kjerneverdier - Vi lager h\u00f8ykvalitets kaffebryggesystemer og maskiner for folk som \u00f8nsker \u00e5 servere god kaffe.","og_url":"https:\/\/animo.eu\/no\/om-animo\/misjon-visjon-og-kjerneverdier\/","article_publisher":"https:\/\/www.facebook.com\/animobv\/","article_modified_time":"2024-05-08T05:56:51+00:00","og_image":[{"width":491,"height":491,"url":"https:\/\/animo.eu\/wp-content\/uploads\/2024\/03\/Misie-en-visie-vierkant.jpg","type":"image\/jpeg"}],"twitter_card":"summary_large_image","twitter_site":"@animokoffie","twitter_misc":{"Ansl. lesetid":"1 minutt"},"schema":{"@context":"https:\/\/schema.org","@graph":[{"@type":"WebPage","@id":"https:\/\/animo.eu\/no\/om-animo\/misjon-visjon-og-kjerneverdier\/","url":"https:\/\/animo.eu\/no\/om-animo\/misjon-visjon-og-kjerneverdier\/","name":"Misjon, visjon og kjerneverdier -","isPartOf":{"@id":"https:\/\/animo.eu\/no\/#website"},"primaryImageOfPage":{"@id":"https:\/\/animo.eu\/no\/om-animo\/misjon-visjon-og-kjerneverdier\/#primaryimage"},"image":{"@id":"https:\/\/animo.eu\/no\/om-animo\/misjon-visjon-og-kjerneverdier\/#primaryimage"},"thumbnailUrl":"https:\/\/animo.eu\/wp-content\/uploads\/2024\/03\/Misie-en-visie-vierkant.jpg","datePublished":"2024-03-21T10:24:56+00:00","dateModified":"2024-05-08T05:56:51+00:00","description":"Misjon, visjon og kjerneverdier - Vi lager h\u00f8ykvalitets kaffebryggesystemer og maskiner for folk som \u00f8nsker \u00e5 servere god kaffe.","breadcrumb":{"@id":"https:\/\/animo.eu\/no\/om-animo\/misjon-visjon-og-kjerneverdier\/#breadcrumb"},"inLanguage":"nb-NO","potentialAction":[{"@type":"ReadAction","target":["https:\/\/animo.eu\/no\/om-animo\/misjon-visjon-og-kjerneverdier\/"]}]},{"@type":"ImageObject","inLanguage":"nb-NO","@id":"https:\/\/animo.eu\/no\/om-animo\/misjon-visjon-og-kjerneverdier\/#primaryimage","url":"https:\/\/animo.eu\/wp-content\/uploads\/2024\/03\/Misie-en-visie-vierkant.jpg","contentUrl":"https:\/\/animo.eu\/wp-content\/uploads\/2024\/03\/Misie-en-visie-vierkant.jpg","width":491,"height":491},{"@type":"BreadcrumbList","@id":"https:\/\/animo.eu\/no\/om-animo\/misjon-visjon-og-kjerneverdier\/#breadcrumb","itemListElement":[{"@type":"ListItem","position":1,"name":"Home","item":"https:\/\/animo.eu\/no\/"},{"@type":"ListItem","position":2,"name":"Om Animo","item":"https:\/\/animo.eu\/no\/om-animo\/"},{"@type":"ListItem","position":3,"name":"Misjon, visjon og kjerneverdier"}]},{"@type":"WebSite","@id":"https:\/\/animo.eu\/no\/#website","url":"https:\/\/animo.eu\/no\/","name":"","description":"","potentialAction":[{"@type":"SearchAction","target":{"@type":"EntryPoint","urlTemplate":"https:\/\/animo.eu\/no\/?s={search_term_string}"},"query-input":{"@type":"PropertyValueSpecification","valueRequired":true,"valueName":"search_term_string"}}],"inLanguage":"nb-NO"}]}},"_links":{"self":[{"href":"https:\/\/animo.eu\/no\/wp-json\/wp\/v2\/pages\/56686"}],"collection":[{"href":"https:\/\/animo.eu\/no\/wp-json\/wp\/v2\/pages"}],"about":[{"href":"https:\/\/animo.eu\/no\/wp-json\/wp\/v2\/types\/page"}],"author":[{"embeddable":true,"href":"https:\/\/animo.eu\/no\/wp-json\/wp\/v2\/users\/21"}],"replies":[{"embeddable":true,"href":"https:\/\/animo.eu\/no\/wp-json\/wp\/v2\/comments?post=56686"}],"version-history":[{"count":4,"href":"https:\/\/animo.eu\/no\/wp-json\/wp\/v2\/pages\/56686\/revisions"}],"predecessor-version":[{"id":68919,"href":"https:\/\/animo.eu\/no\/wp-json\/wp\/v2\/pages\/56686\/revisions\/68919"}],"up":[{"embeddable":true,"href":"https:\/\/animo.eu\/no\/wp-json\/wp\/v2\/pages\/43618"}],"wp:featuredmedia":[{"embeddable":true,"href":"https:\/\/animo.eu\/no\/wp-json\/wp\/v2\/media\/56721"}],"wp:attachment":[{"href":"https:\/\/animo.eu\/no\/wp-json\/wp\/v2\/media?parent=56686"}],"curies":[{"name":"wp","href":"https:\/\/api.w.org\/{rel}","templated":true}]}}