{"id":1684,"date":"2023-02-02T11:44:47","date_gmt":"2023-02-02T10:44:47","guid":{"rendered":"http:\/\/localhost:8888\/animo\/home\/"},"modified":"2024-06-05T13:59:27","modified_gmt":"2024-06-05T11:59:27","slug":"home","status":"publish","type":"page","link":"https:\/\/animo.eu\/sv\/","title":{"rendered":"Hem"},"content":{"rendered":"\n<section class=\"hero\">\n    <div class=\"hero__background\">\n                                            <video class=\"hero__video\" autoplay loop muted playsinline>\n                    <source src=\"https:\/\/animo.eu\/wp-content\/uploads\/2024\/05\/Optime_X_zonder_logo_3840x2160.mp4\" type=\"video\/mp4\">\n                <\/video>\n                <script>\n                (function(){\n                var width = window.innerWidth || document.documentElement.clientWidth || document.body.clientWidth;\n                var height = window.innerHeight || document.documentElement.clientHeight || document.body.clientHeight;\n                if (width < 600)\n                    document.querySelector(\"video source\").setAttribute('src', 'https:\/\/animo.eu\/wp-content\/uploads\/2024\/05\/Optime_X_banner-2520x1080-1.mp4');\n                else if (width < 992)\n                    document.querySelector(\"video source\").setAttribute('src', 'https:\/\/animo.eu\/wp-content\/uploads\/2024\/05\/Optime_X_square_2160x2160.mp4');\n                })();<\/script>\n                        <\/div>    \n            <div class=\"hero__content\">\n            <div class=\"container\">\n                <div class=\"row\">                    <div class=\"col-12 col-lg-9 col-xl-8\">                        <div class=\"hero__text \">\n                            <p>V\u00e5r senaste kaffemaskin<\/p>\n<h1>OptiMe X<\/h1>\n                        <\/div>\n                                                \n\n    <div class=\"pane__button-group\">\n        <div class=\"row g-2 g-lg-3 justify-content-start\">\n                            <div class=\"col-auto\">\n                                        <a class=\"btn btn-white\" href=\"https:\/\/animo.eu\/sv\/kaffemaskiner\/optime-x\/\" target=\"_self\">\n                        <span class=\"btn__text\">Uppt\u00e4ck mer<\/span>\n                        <svg class=\"icon icon--20 icon--arrow\">\n                            <use xlink:href=\"https:\/\/animo.eu\/wp-content\/themes\/animo\/build\/img\/symbols.svg#arrow-right\"><\/use>\n                        <\/svg>\n                    <\/a>\n                <\/div>\n                    <\/div>\n    <\/div>\n\n\n                    <\/div>\n                <\/div>\n            <\/div>\n        <\/div>\n        <div class=\"hero__scroll\">\n        <span>Rulla<\/span>\n        <svg class=\"icon icon--20 text-secondary\">\n            <use xlink:href=\"https:\/\/animo.eu\/wp-content\/themes\/animo\/build\/img\/symbols.svg#arrow-down\"><\/use>\n        <\/svg>      \n    <\/div>\n<\/section>\n\n\n\n<section  class=\"pane pane--white \">\n    <div class=\"container\">\n                    <div class=\"row justify-content-center mb-10\">\n                <div class=\"col-12 col-lg-10 col-xl-8\">\n                    <div class=\"pane__text\">\n                        <h2 style=\"text-align: center\">Favoritprodukter<\/h2>\n<p style=\"text-align: center\">Vi hj\u00e4lper dig g\u00e4rna i din jakt p\u00e5 det godaste kaffet<\/p>\n                    <\/div>\n                <\/div>\n            <\/div>\n                            <div class=\"row row--equalized g-4 g-lg-3 g-xl-6\">\n              \n                <div class=\"col-12 col-md-6 col-lg-3\">\n                    <div class=\"card card--product\">\n                        <div class=\"card-header\">\n                <div class=\"badge bg-tertiary\">B\u00f6nor (Espresso)<\/div>\n            <\/div>\n                <div class=\"card__image\">\n                    <img decoding=\"async\" width=\"550\" height=\"458\" src=\"https:\/\/animo.eu\/wp-content\/uploads\/2024\/05\/OptiMe-X-white_black-550x458.png\" class=\"image wp-post-image\" alt=\"\" loading=\"lazy\" srcset=\"https:\/\/animo.eu\/wp-content\/uploads\/2024\/05\/OptiMe-X-white_black-550x458.png 550w, https:\/\/animo.eu\/wp-content\/uploads\/2024\/05\/OptiMe-X-white_black-300x250.png 300w, https:\/\/animo.eu\/wp-content\/uploads\/2024\/05\/OptiMe-X-white_black-1024x852.png 1024w, https:\/\/animo.eu\/wp-content\/uploads\/2024\/05\/OptiMe-X-white_black-768x639.png 768w, https:\/\/animo.eu\/wp-content\/uploads\/2024\/05\/OptiMe-X-white_black-1536x1279.png 1536w, https:\/\/animo.eu\/wp-content\/uploads\/2024\/05\/OptiMe-X-white_black-70x58.png 70w, https:\/\/animo.eu\/wp-content\/uploads\/2024\/05\/OptiMe-X-white_black-800x666.png 800w, https:\/\/animo.eu\/wp-content\/uploads\/2024\/05\/OptiMe-X-white_black-120x100.png 120w, https:\/\/animo.eu\/wp-content\/uploads\/2024\/05\/OptiMe-X-white_black-150x125.png 150w, https:\/\/animo.eu\/wp-content\/uploads\/2024\/05\/OptiMe-X-white_black.png 1772w\" sizes=\"(max-width: 550px) 100vw, 550px\" \/>                <\/div>\n    <div class=\"card-body\">\n        <h3 class=\"card-title\">OptiMe X<\/h3>\n                    <p class=\"mb-0\">Med OptiMe X kan du enkelt brygga tv\u00e5 koppar p\u00e5 samma g\u00e5ng. Detta \u00e4r m\u00f6jligt tack vare X-pressbryggaren. Det perfekta kaffet har aldrig varit enklare.<\/p>\n            <\/div>\n    <div class=\"card-footer\">\n        <span class=\"btn btn-outline-secondary\">\n            <span class=\"btn__text\">Mer information<\/span>\n            <svg class=\"icon icon--20 icon--arrow\">\n                <use xlink:href=\"https:\/\/animo.eu\/wp-content\/themes\/animo\/build\/img\/symbols.svg#arrow-right\"><\/use>\n            <\/svg>\n        <\/span>\n    <\/div>\n    <a class=\"stretched-link\" href=\"https:\/\/animo.eu\/sv\/kaffemaskiner\/optime-x\/\"><\/a>\n<\/div>\n                <\/div>\n              \n                <div class=\"col-12 col-md-6 col-lg-3\">\n                    <div class=\"card card--product\">\n                        <div class=\"card-header\">\n                <div class=\"badge bg-tertiary\">B\u00f6nor (Espresso)<\/div>\n            <\/div>\n                <div class=\"card__image\">\n                    <img decoding=\"async\" width=\"550\" height=\"458\" src=\"https:\/\/animo.eu\/wp-content\/uploads\/2023\/06\/OptiBean-X-550x458.png\" class=\"image wp-post-image\" alt=\"\" loading=\"lazy\" srcset=\"https:\/\/animo.eu\/wp-content\/uploads\/2023\/06\/OptiBean-X-550x458.png 550w, https:\/\/animo.eu\/wp-content\/uploads\/2023\/06\/OptiBean-X-300x250.png 300w, https:\/\/animo.eu\/wp-content\/uploads\/2023\/06\/OptiBean-X-1024x852.png 1024w, https:\/\/animo.eu\/wp-content\/uploads\/2023\/06\/OptiBean-X-768x639.png 768w, https:\/\/animo.eu\/wp-content\/uploads\/2023\/06\/OptiBean-X-1536x1279.png 1536w, https:\/\/animo.eu\/wp-content\/uploads\/2023\/06\/OptiBean-X-70x58.png 70w, https:\/\/animo.eu\/wp-content\/uploads\/2023\/06\/OptiBean-X-120x100.png 120w, https:\/\/animo.eu\/wp-content\/uploads\/2023\/06\/OptiBean-X-150x125.png 150w, https:\/\/animo.eu\/wp-content\/uploads\/2023\/06\/OptiBean-X.png 1772w\" sizes=\"(max-width: 550px) 100vw, 550px\" \/>                <\/div>\n    <div class=\"card-body\">\n        <h3 class=\"card-title\">OptiBean X<\/h3>\n                    <p class=\"mb-0\">En stark espresso, en perfekt cappuccino, en uts\u00f6kt lungo - oavsett vad du dricker s\u00e5 \u00e4r det i de minsta detaljerna som den verkliga smaken finns. Det \u00e4r precis vad OptiBean X erbjuder.<\/p>\n            <\/div>\n    <div class=\"card-footer\">\n        <span class=\"btn btn-outline-secondary\">\n            <span class=\"btn__text\">Mer information<\/span>\n            <svg class=\"icon icon--20 icon--arrow\">\n                <use xlink:href=\"https:\/\/animo.eu\/wp-content\/themes\/animo\/build\/img\/symbols.svg#arrow-right\"><\/use>\n            <\/svg>\n        <\/span>\n    <\/div>\n    <a class=\"stretched-link\" href=\"https:\/\/animo.eu\/sv\/kaffemaskiner\/optibean-x\/\"><\/a>\n<\/div>\n                <\/div>\n              \n                <div class=\"col-12 col-md-6 col-lg-3\">\n                    <div class=\"card card--product\">\n                        <div class=\"card-header\">\n                <div class=\"badge bg-tertiary\">Direkt<\/div>\n            <\/div>\n                <div class=\"card__image\">\n                    <img decoding=\"async\" width=\"550\" height=\"458\" src=\"https:\/\/animo.eu\/wp-content\/uploads\/2023\/06\/OptiVend-Touch-550x458.png\" class=\"image wp-post-image\" alt=\"\" loading=\"lazy\" srcset=\"https:\/\/animo.eu\/wp-content\/uploads\/2023\/06\/OptiVend-Touch-550x458.png 550w, https:\/\/animo.eu\/wp-content\/uploads\/2023\/06\/OptiVend-Touch-300x250.png 300w, https:\/\/animo.eu\/wp-content\/uploads\/2023\/06\/OptiVend-Touch-1024x852.png 1024w, https:\/\/animo.eu\/wp-content\/uploads\/2023\/06\/OptiVend-Touch-768x639.png 768w, https:\/\/animo.eu\/wp-content\/uploads\/2023\/06\/OptiVend-Touch-1536x1279.png 1536w, https:\/\/animo.eu\/wp-content\/uploads\/2023\/06\/OptiVend-Touch-70x58.png 70w, https:\/\/animo.eu\/wp-content\/uploads\/2023\/06\/OptiVend-Touch-120x100.png 120w, https:\/\/animo.eu\/wp-content\/uploads\/2023\/06\/OptiVend-Touch-150x125.png 150w, https:\/\/animo.eu\/wp-content\/uploads\/2023\/06\/OptiVend-Touch.png 1772w\" sizes=\"(max-width: 550px) 100vw, 550px\" \/>                <\/div>\n    <div class=\"card-body\">\n        <h3 class=\"card-title\">OptiVend<\/h3>\n                    <p class=\"mb-0\">Upplev kraften i OptiVend. Njut av snabbkaffe p\u00e5 n\u00e5gra sekunder, perfekt i smak och temperatur. N\u00e4r som helst p\u00e5 dygnet.  <\/p>\n            <\/div>\n    <div class=\"card-footer\">\n        <span class=\"btn btn-outline-secondary\">\n            <span class=\"btn__text\">Mer information<\/span>\n            <svg class=\"icon icon--20 icon--arrow\">\n                <use xlink:href=\"https:\/\/animo.eu\/wp-content\/themes\/animo\/build\/img\/symbols.svg#arrow-right\"><\/use>\n            <\/svg>\n        <\/span>\n    <\/div>\n    <a class=\"stretched-link\" href=\"https:\/\/animo.eu\/sv\/kaffemaskiner\/optivend\/\"><\/a>\n<\/div>\n                <\/div>\n              \n                <div class=\"col-12 col-md-6 col-lg-3\">\n                    <div class=\"card card--product\">\n                        <div class=\"card-header\">\n                <div class=\"badge bg-tertiary\">Kaffebryggsystem<\/div>\n            <\/div>\n                <div class=\"card__image\">\n                    <img decoding=\"async\" width=\"550\" height=\"458\" src=\"https:\/\/animo.eu\/wp-content\/uploads\/2023\/08\/Combi-line-product-550x458.png\" class=\"image wp-post-image\" alt=\"\" loading=\"lazy\" srcset=\"https:\/\/animo.eu\/wp-content\/uploads\/2023\/08\/Combi-line-product-550x458.png 550w, https:\/\/animo.eu\/wp-content\/uploads\/2023\/08\/Combi-line-product-300x250.png 300w, https:\/\/animo.eu\/wp-content\/uploads\/2023\/08\/Combi-line-product-1024x852.png 1024w, https:\/\/animo.eu\/wp-content\/uploads\/2023\/08\/Combi-line-product-768x639.png 768w, https:\/\/animo.eu\/wp-content\/uploads\/2023\/08\/Combi-line-product-1536x1279.png 1536w, https:\/\/animo.eu\/wp-content\/uploads\/2023\/08\/Combi-line-product-70x58.png 70w, https:\/\/animo.eu\/wp-content\/uploads\/2023\/08\/Combi-line-product-800x666.png 800w, https:\/\/animo.eu\/wp-content\/uploads\/2023\/08\/Combi-line-product-120x100.png 120w, https:\/\/animo.eu\/wp-content\/uploads\/2023\/08\/Combi-line-product-150x125.png 150w, https:\/\/animo.eu\/wp-content\/uploads\/2023\/08\/Combi-line-product.png 1772w\" sizes=\"(max-width: 550px) 100vw, 550px\" \/>                <\/div>\n    <div class=\"card-body\">\n        <h3 class=\"card-title\">ComBi-line<\/h3>\n                    <p class=\"mb-0\">Med kaffebryggarna fr\u00e5n ComBi-line kan du enkelt och snabbt brygga stora m\u00e4ngder f\u00e4rskt filterkaffe.<\/p>\n            <\/div>\n    <div class=\"card-footer\">\n        <span class=\"btn btn-outline-secondary\">\n            <span class=\"btn__text\">Mer information<\/span>\n            <svg class=\"icon icon--20 icon--arrow\">\n                <use xlink:href=\"https:\/\/animo.eu\/wp-content\/themes\/animo\/build\/img\/symbols.svg#arrow-right\"><\/use>\n            <\/svg>\n        <\/span>\n    <\/div>\n    <a class=\"stretched-link\" href=\"https:\/\/animo.eu\/sv\/kaffebryggsystem\/kaffebryggsystem\/\"><\/a>\n<\/div>\n                <\/div>\n                        <\/div>\n                        <\/div>\n<\/section>\n\n\n\n<section  class=\"pane pane--white \">\n    <div class=\"container\">\n        <div class=\"row g-4 g-lg-8 g-xl-15 g-xxl-20 align-items-center flex-lg-row-reverse\">\n                            <div class=\"col-12 col-lg-6\">\n                    <div class=\"pane__text\">\n                        <h2>Vi \u00e4r Animo<\/h2>\n<p>Vi tillverkar h\u00f6gkvalitativa kaffesystem och kaffemaskiner f\u00f6r m\u00e4nniskor som vill servera gott kaffe. Anv\u00e4ndarv\u00e4nliga vitvaror med m\u00e5nga valm\u00f6jligheter som \u00e4r l\u00e4tta att underh\u00e5lla och har l\u00e5ng livsl\u00e4ngd. Maskiner som g\u00f6r gott kaffe g\u00e5ng p\u00e5 g\u00e5ng. Men \u00e4ven te, chokladmj\u00f6lk eller soppa. Vi har gjort detta sedan 1950. F\u00f6r hemma och utomlands. F\u00f6r bra kaffe handlar om en bra maskin. Och en bra maskin \u00e4r en fr\u00e5ga om erfarenhet, kunskap och engagemang.<\/p>\n<ul>\n<li>Tillverkad i Nederl\u00e4nderna<\/li>\n<li>Global distribution<\/li>\n<li>Dedikerad service- och supportavdelning<\/li>\n<li>H\u00e5llbart val<\/li>\n<\/ul>\n                                                \n\n    <div class=\"pane__button-group\">\n        <div class=\"row g-2 g-lg-3 justify-content-start\">\n                            <div class=\"col-auto\">\n                                        <a class=\"btn btn-outline-secondary\" href=\"https:\/\/animo.eu\/sv\/om_animo\/vi_ar_animo\/\" target=\"_self\">\n                        <span class=\"btn__text\">Ytterligare information<\/span>\n                        <svg class=\"icon icon--20 icon--arrow\">\n                            <use xlink:href=\"https:\/\/animo.eu\/wp-content\/themes\/animo\/build\/img\/symbols.svg#arrow-right\"><\/use>\n                        <\/svg>\n                    <\/a>\n                <\/div>\n                    <\/div>\n    <\/div>\n\n\n                    <\/div>\n                <\/div>\n                                        <div class=\"col-12 col-lg\">\n                    <figure class=\"figure image_reversed\">\n                        <img decoding=\"async\" width=\"1024\" height=\"757\" src=\"https:\/\/animo.eu\/wp-content\/uploads\/2023\/06\/Animo-fabriek-vroeger-1024x757.jpg\" class=\"img-fluid\" alt=\"\" loading=\"lazy\" srcset=\"https:\/\/animo.eu\/wp-content\/uploads\/2023\/06\/Animo-fabriek-vroeger-1024x757.jpg 1024w, https:\/\/animo.eu\/wp-content\/uploads\/2023\/06\/Animo-fabriek-vroeger-300x222.jpg 300w, https:\/\/animo.eu\/wp-content\/uploads\/2023\/06\/Animo-fabriek-vroeger-768x568.jpg 768w, https:\/\/animo.eu\/wp-content\/uploads\/2023\/06\/Animo-fabriek-vroeger-1536x1135.jpg 1536w, https:\/\/animo.eu\/wp-content\/uploads\/2023\/06\/Animo-fabriek-vroeger-70x52.jpg 70w, https:\/\/animo.eu\/wp-content\/uploads\/2023\/06\/Animo-fabriek-vroeger-550x406.jpg 550w, https:\/\/animo.eu\/wp-content\/uploads\/2023\/06\/Animo-fabriek-vroeger-135x100.jpg 135w, https:\/\/animo.eu\/wp-content\/uploads\/2023\/06\/Animo-fabriek-vroeger-150x111.jpg 150w, https:\/\/animo.eu\/wp-content\/uploads\/2023\/06\/Animo-fabriek-vroeger.jpg 1916w\" sizes=\"(max-width: 1024px) 100vw, 1024px\" \/>                    <\/figure>\n                <\/div>\n                    <\/div>\n    <\/div>\n<\/section>\n","protected":false},"excerpt":{"rendered":"","protected":false},"author":1,"featured_media":4554,"parent":0,"menu_order":80,"comment_status":"closed","ping_status":"closed","template":"","meta":{"_acf_changed":false,"footnotes":""},"class_list":["post-1684","page","type-page","status-publish","has-post-thumbnail","hentry"],"acf":[],"yoast_head":"<!-- This site is optimized with the Yoast SEO plugin v25.5 - https:\/\/yoast.com\/wordpress\/plugins\/seo\/ -->\n<title>Hem -<\/title>\n<meta name=\"description\" content=\"Hem - Vi har tillverkat professionella kaffebryggare och kaffemaskiner av h\u00f6g kvalitet sedan 1950. Anv\u00e4ndarv\u00e4nliga apparater med m\u00e5nga valm\u00f6jligheter som \u00e4r enkla att underh\u00e5lla och har l\u00e5ng livsl\u00e4ngd. Gott kaffe b\u00f6rjar med en bra kaffemaskin. Animo DEDICATED TO EVERY CUP.\" \/>\n<meta name=\"robots\" content=\"index, follow, max-snippet:-1, max-image-preview:large, max-video-preview:-1\" \/>\n<link rel=\"canonical\" href=\"https:\/\/animo.eu\/sv\/\" \/>\n<meta property=\"og:locale\" content=\"sv_SE\" \/>\n<meta property=\"og:type\" content=\"article\" \/>\n<meta property=\"og:title\" content=\"Hem -\" \/>\n<meta property=\"og:description\" content=\"Hem - Vi har tillverkat professionella kaffebryggare och kaffemaskiner av h\u00f6g kvalitet sedan 1950. Anv\u00e4ndarv\u00e4nliga apparater med m\u00e5nga valm\u00f6jligheter som \u00e4r enkla att underh\u00e5lla och har l\u00e5ng livsl\u00e4ngd. Gott kaffe b\u00f6rjar med en bra kaffemaskin. Animo DEDICATED TO EVERY CUP.\" \/>\n<meta property=\"og:url\" content=\"https:\/\/animo.eu\/sv\/\" \/>\n<meta property=\"article:publisher\" content=\"https:\/\/www.facebook.com\/animobv\/\" \/>\n<meta property=\"article:modified_time\" content=\"2024-06-05T11:59:27+00:00\" \/>\n<meta property=\"og:image\" content=\"https:\/\/animo.eu\/wp-content\/uploads\/2023\/06\/Animo-icon-black.png\" \/>\n\t<meta property=\"og:image:width\" content=\"1000\" \/>\n\t<meta property=\"og:image:height\" content=\"364\" \/>\n\t<meta property=\"og:image:type\" content=\"image\/png\" \/>\n<meta name=\"twitter:card\" content=\"summary_large_image\" \/>\n<meta name=\"twitter:site\" content=\"@animokoffie\" \/>\n<meta name=\"twitter:label1\" content=\"Ber\u00e4knad l\u00e4stid\" \/>\n\t<meta name=\"twitter:data1\" content=\"1 minut\" \/>\n<script type=\"application\/ld+json\" class=\"yoast-schema-graph\">{\"@context\":\"https:\/\/schema.org\",\"@graph\":[{\"@type\":\"WebPage\",\"@id\":\"https:\/\/animo.eu\/sv\/\",\"url\":\"https:\/\/animo.eu\/sv\/\",\"name\":\"Hem -\",\"isPartOf\":{\"@id\":\"https:\/\/animo.eu\/sv\/#website\"},\"primaryImageOfPage\":{\"@id\":\"https:\/\/animo.eu\/sv\/#primaryimage\"},\"image\":{\"@id\":\"https:\/\/animo.eu\/sv\/#primaryimage\"},\"thumbnailUrl\":\"https:\/\/animo.eu\/wp-content\/uploads\/2023\/06\/Animo-icon-black.png\",\"datePublished\":\"2023-02-02T10:44:47+00:00\",\"dateModified\":\"2024-06-05T11:59:27+00:00\",\"description\":\"Hem - Vi har tillverkat professionella kaffebryggare och kaffemaskiner av h\u00f6g kvalitet sedan 1950. Anv\u00e4ndarv\u00e4nliga apparater med m\u00e5nga valm\u00f6jligheter som \u00e4r enkla att underh\u00e5lla och har l\u00e5ng livsl\u00e4ngd. Gott kaffe b\u00f6rjar med en bra kaffemaskin. Animo DEDICATED TO EVERY CUP.\",\"breadcrumb\":{\"@id\":\"https:\/\/animo.eu\/sv\/#breadcrumb\"},\"inLanguage\":\"sv-SE\",\"potentialAction\":[{\"@type\":\"ReadAction\",\"target\":[\"https:\/\/animo.eu\/sv\/\"]}]},{\"@type\":\"ImageObject\",\"inLanguage\":\"sv-SE\",\"@id\":\"https:\/\/animo.eu\/sv\/#primaryimage\",\"url\":\"https:\/\/animo.eu\/wp-content\/uploads\/2023\/06\/Animo-icon-black.png\",\"contentUrl\":\"https:\/\/animo.eu\/wp-content\/uploads\/2023\/06\/Animo-icon-black.png\",\"width\":1000,\"height\":364,\"caption\":\"Animo DEDICATED TO EVERY CUP.\"},{\"@type\":\"BreadcrumbList\",\"@id\":\"https:\/\/animo.eu\/sv\/#breadcrumb\",\"itemListElement\":[{\"@type\":\"ListItem\",\"position\":1,\"name\":\"Home\",\"item\":\"https:\/\/animo.eu\/sv\/\"},{\"@type\":\"ListItem\",\"position\":2,\"name\":\"Hem\"}]},{\"@type\":\"WebSite\",\"@id\":\"https:\/\/animo.eu\/sv\/#website\",\"url\":\"https:\/\/animo.eu\/sv\/\",\"name\":\"\",\"description\":\"\",\"potentialAction\":[{\"@type\":\"SearchAction\",\"target\":{\"@type\":\"EntryPoint\",\"urlTemplate\":\"https:\/\/animo.eu\/sv\/?s={search_term_string}\"},\"query-input\":{\"@type\":\"PropertyValueSpecification\",\"valueRequired\":true,\"valueName\":\"search_term_string\"}}],\"inLanguage\":\"sv-SE\"}]}<\/script>\n<!-- \/ Yoast SEO plugin. -->","yoast_head_json":{"title":"Hem -","description":"Hem - Vi har tillverkat professionella kaffebryggare och kaffemaskiner av h\u00f6g kvalitet sedan 1950. Anv\u00e4ndarv\u00e4nliga apparater med m\u00e5nga valm\u00f6jligheter som \u00e4r enkla att underh\u00e5lla och har l\u00e5ng livsl\u00e4ngd. Gott kaffe b\u00f6rjar med en bra kaffemaskin. Animo DEDICATED TO EVERY CUP.","robots":{"index":"index","follow":"follow","max-snippet":"max-snippet:-1","max-image-preview":"max-image-preview:large","max-video-preview":"max-video-preview:-1"},"canonical":"https:\/\/animo.eu\/sv\/","og_locale":"sv_SE","og_type":"article","og_title":"Hem -","og_description":"Hem - Vi har tillverkat professionella kaffebryggare och kaffemaskiner av h\u00f6g kvalitet sedan 1950. Anv\u00e4ndarv\u00e4nliga apparater med m\u00e5nga valm\u00f6jligheter som \u00e4r enkla att underh\u00e5lla och har l\u00e5ng livsl\u00e4ngd. Gott kaffe b\u00f6rjar med en bra kaffemaskin. Animo DEDICATED TO EVERY CUP.","og_url":"https:\/\/animo.eu\/sv\/","article_publisher":"https:\/\/www.facebook.com\/animobv\/","article_modified_time":"2024-06-05T11:59:27+00:00","og_image":[{"width":1000,"height":364,"url":"https:\/\/animo.eu\/wp-content\/uploads\/2023\/06\/Animo-icon-black.png","type":"image\/png"}],"twitter_card":"summary_large_image","twitter_site":"@animokoffie","twitter_misc":{"Ber\u00e4knad l\u00e4stid":"1 minut"},"schema":{"@context":"https:\/\/schema.org","@graph":[{"@type":"WebPage","@id":"https:\/\/animo.eu\/sv\/","url":"https:\/\/animo.eu\/sv\/","name":"Hem -","isPartOf":{"@id":"https:\/\/animo.eu\/sv\/#website"},"primaryImageOfPage":{"@id":"https:\/\/animo.eu\/sv\/#primaryimage"},"image":{"@id":"https:\/\/animo.eu\/sv\/#primaryimage"},"thumbnailUrl":"https:\/\/animo.eu\/wp-content\/uploads\/2023\/06\/Animo-icon-black.png","datePublished":"2023-02-02T10:44:47+00:00","dateModified":"2024-06-05T11:59:27+00:00","description":"Hem - Vi har tillverkat professionella kaffebryggare och kaffemaskiner av h\u00f6g kvalitet sedan 1950. Anv\u00e4ndarv\u00e4nliga apparater med m\u00e5nga valm\u00f6jligheter som \u00e4r enkla att underh\u00e5lla och har l\u00e5ng livsl\u00e4ngd. Gott kaffe b\u00f6rjar med en bra kaffemaskin. Animo DEDICATED TO EVERY CUP.","breadcrumb":{"@id":"https:\/\/animo.eu\/sv\/#breadcrumb"},"inLanguage":"sv-SE","potentialAction":[{"@type":"ReadAction","target":["https:\/\/animo.eu\/sv\/"]}]},{"@type":"ImageObject","inLanguage":"sv-SE","@id":"https:\/\/animo.eu\/sv\/#primaryimage","url":"https:\/\/animo.eu\/wp-content\/uploads\/2023\/06\/Animo-icon-black.png","contentUrl":"https:\/\/animo.eu\/wp-content\/uploads\/2023\/06\/Animo-icon-black.png","width":1000,"height":364,"caption":"Animo DEDICATED TO EVERY CUP."},{"@type":"BreadcrumbList","@id":"https:\/\/animo.eu\/sv\/#breadcrumb","itemListElement":[{"@type":"ListItem","position":1,"name":"Home","item":"https:\/\/animo.eu\/sv\/"},{"@type":"ListItem","position":2,"name":"Hem"}]},{"@type":"WebSite","@id":"https:\/\/animo.eu\/sv\/#website","url":"https:\/\/animo.eu\/sv\/","name":"","description":"","potentialAction":[{"@type":"SearchAction","target":{"@type":"EntryPoint","urlTemplate":"https:\/\/animo.eu\/sv\/?s={search_term_string}"},"query-input":{"@type":"PropertyValueSpecification","valueRequired":true,"valueName":"search_term_string"}}],"inLanguage":"sv-SE"}]}},"_links":{"self":[{"href":"https:\/\/animo.eu\/sv\/wp-json\/wp\/v2\/pages\/1684"}],"collection":[{"href":"https:\/\/animo.eu\/sv\/wp-json\/wp\/v2\/pages"}],"about":[{"href":"https:\/\/animo.eu\/sv\/wp-json\/wp\/v2\/types\/page"}],"author":[{"embeddable":true,"href":"https:\/\/animo.eu\/sv\/wp-json\/wp\/v2\/users\/1"}],"replies":[{"embeddable":true,"href":"https:\/\/animo.eu\/sv\/wp-json\/wp\/v2\/comments?post=1684"}],"version-history":[{"count":21,"href":"https:\/\/animo.eu\/sv\/wp-json\/wp\/v2\/pages\/1684\/revisions"}],"predecessor-version":[{"id":71376,"href":"https:\/\/animo.eu\/sv\/wp-json\/wp\/v2\/pages\/1684\/revisions\/71376"}],"wp:featuredmedia":[{"embeddable":true,"href":"https:\/\/animo.eu\/sv\/wp-json\/wp\/v2\/media\/4554"}],"wp:attachment":[{"href":"https:\/\/animo.eu\/sv\/wp-json\/wp\/v2\/media?parent=1684"}],"curies":[{"name":"wp","href":"https:\/\/api.w.org\/{rel}","templated":true}]}}