{"id":37009,"date":"2023-03-09T13:45:17","date_gmt":"2023-03-09T12:45:17","guid":{"rendered":"https:\/\/animo.eu\/cookies\/"},"modified":"2023-11-08T10:52:21","modified_gmt":"2023-11-08T09:52:21","slug":"cookies","status":"publish","type":"page","link":"https:\/\/animo.eu\/sv\/cookies\/","title":{"rendered":"Cookies"},"content":{"rendered":"\n<section  class=\"pane pane--white \">\n    <div class=\"container\">\n        <div class=\"row g-4 g-lg-8 g-xl-15 justify-content-center\">\n                                                <div class=\"col-12 col-lg-6\">\n                        <div class=\"pane__text\">\n                            <h1>Cookies<\/h1>\n<p>Denna cookiepolicy g\u00e4ller f\u00f6r alla anv\u00e4ndare av webbplatsen Animo.eu. Nedan hittar du n\u00f6dv\u00e4ndig information om placering, anv\u00e4ndning och hantering av cookies av Animo.eu i samband med att anv\u00e4ndare bes\u00f6ker v\u00e5r webbplats.<\/p>\n<p><strong>Vad \u00e4r cookies?<\/strong><\/p>\n<p>Cookies \u00e4r sm\u00e5 filer som lagras p\u00e5 din enhet (b\u00e4rbar dator, surfplatta, smartphone eller liknande enheter) n\u00e4r du bes\u00f6ker v\u00e5r webbplats. Cookies anv\u00e4nds f\u00f6r att f\u00e5 Animo.eu-webbplatsen att fungera mer effektivt och f\u00f6r att samla in viss information om anv\u00e4ndarnas interaktion med webbplatsen.<\/p>\n<p><strong>Anv\u00e4ndning av cookies av Animo.eu<\/strong><\/p>\n<p>Animo.eu anv\u00e4nder cookies f\u00f6r att:<\/p>\n<ul>\n<li>Underl\u00e4tta navigering och f\u00f6rb\u00e4ttra anv\u00e4ndarupplevelsen av webbplatsen.<\/li>\n<li>Samla in anonyma uppgifter om hur v\u00e5r webbplats anv\u00e4nds, i syfte att optimera webbplatsens prestanda.<\/li>\n<li>Anpassa marknadsf\u00f6ringsstrategier genom att visa relevanta annonser.<\/li>\n<\/ul>\n<p><strong>Kategorier av cookies som anv\u00e4nds<\/strong><\/p>\n<ul>\n<li><strong>N\u00f6dv\u00e4ndiga cookies<\/strong>: Dessa \u00e4r n\u00f6dv\u00e4ndiga f\u00f6r den tekniska driften av webbplatsen och kan inte inaktiveras.<\/li>\n<li><strong>Analytiska cookies<\/strong>: Dessa g\u00f6r det m\u00f6jligt f\u00f6r oss att analysera och f\u00f6rb\u00e4ttra anv\u00e4ndarupplevelsen genom att f\u00f6rst\u00e5 hur webbplatsen anv\u00e4nds.<\/li>\n<li><strong>Funktionella cookies<\/strong>: Dessa kommer ih\u00e5g dina preferenser och val p\u00e5 webbplatsen.<\/li>\n<li><strong>Marknadsf\u00f6ringscookies:<\/strong>: Dessa \u00e4r utformade f\u00f6r att st\u00f6dja marknadsf\u00f6ringskampanjer och syftar till att tillhandah\u00e5lla relevant reklam.<\/li>\n<\/ul>\n<p><strong>Dina val n\u00e4r det g\u00e4ller cookies<\/strong><\/p>\n<p>Du kan hantera dina cookiepreferenser genom att justera inst\u00e4llningarna i din webbl\u00e4sare. Det \u00e4r m\u00f6jligt att avvisa alla cookies eller endast acceptera specifika cookies. Observera att om du inaktiverar cookies kan det p\u00e5verka funktionaliteten p\u00e5 v\u00e5r webbplats.<\/p>\n<p><strong>\u00c4ndringar av cookiepolicyn<\/strong><\/p>\n<p>Animo.eu kan n\u00e4r som helst \u00e4ndra denna cookiepolicy. Vi rekommenderar anv\u00e4ndare att bes\u00f6ka denna sida regelbundet f\u00f6r att h\u00e5lla sig informerade om eventuella \u00e4ndringar.<\/p>\n<p><strong>Fr\u00e5gor och kontakt<\/strong><\/p>\n<p>Om du har n\u00e5gra fr\u00e5gor om denna policy eller hur Animo.eu anv\u00e4nder cookies, kan du kontakta oss p\u00e5:<\/p>\n<p>Animo BV<br \/>\nDr A.F. Philipsweg 47<br \/>\n9403 AD Assen, Nederl\u00e4nderna<br \/>\n+31(0)592-376376<br \/>\ninfo@animo.nl<\/p>\n<p>&nbsp;<\/p>\n                                                    <\/div>\n                    <\/div>\n                                    <\/div>\n    <\/div>\n<\/section>\n","protected":false},"excerpt":{"rendered":"","protected":false},"author":1,"featured_media":0,"parent":0,"menu_order":84,"comment_status":"closed","ping_status":"closed","template":"","meta":{"_acf_changed":false,"footnotes":""},"class_list":["post-37009","page","type-page","status-publish","hentry"],"acf":[],"yoast_head":"<!-- This site is optimized with the Yoast SEO plugin v25.5 - https:\/\/yoast.com\/wordpress\/plugins\/seo\/ -->\n<title>Cookies -<\/title>\n<meta name=\"description\" content=\"Cookies -\" \/>\n<meta name=\"robots\" content=\"index, follow, max-snippet:-1, max-image-preview:large, max-video-preview:-1\" \/>\n<link rel=\"canonical\" href=\"https:\/\/animo.eu\/sv\/cookies\/\" \/>\n<meta property=\"og:locale\" content=\"sv_SE\" \/>\n<meta property=\"og:type\" content=\"article\" \/>\n<meta property=\"og:title\" content=\"Cookies -\" \/>\n<meta property=\"og:description\" content=\"Cookies -\" \/>\n<meta property=\"og:url\" content=\"https:\/\/animo.eu\/sv\/cookies\/\" \/>\n<meta property=\"article:publisher\" content=\"https:\/\/www.facebook.com\/animobv\/\" \/>\n<meta property=\"article:modified_time\" content=\"2023-11-08T09:52:21+00:00\" \/>\n<meta property=\"og:image\" content=\"https:\/\/animo.eu\/wp-content\/uploads\/2023\/06\/animo-dedicated-logo.png\" \/>\n\t<meta property=\"og:image:width\" content=\"1000\" \/>\n\t<meta property=\"og:image:height\" content=\"364\" \/>\n\t<meta property=\"og:image:type\" content=\"image\/png\" \/>\n<meta name=\"twitter:card\" content=\"summary_large_image\" \/>\n<meta name=\"twitter:site\" content=\"@animokoffie\" \/>\n<script type=\"application\/ld+json\" class=\"yoast-schema-graph\">{\"@context\":\"https:\/\/schema.org\",\"@graph\":[{\"@type\":\"WebPage\",\"@id\":\"https:\/\/animo.eu\/sv\/cookies\/\",\"url\":\"https:\/\/animo.eu\/sv\/cookies\/\",\"name\":\"Cookies -\",\"isPartOf\":{\"@id\":\"https:\/\/animo.eu\/sv\/#website\"},\"datePublished\":\"2023-03-09T12:45:17+00:00\",\"dateModified\":\"2023-11-08T09:52:21+00:00\",\"description\":\"Cookies -\",\"breadcrumb\":{\"@id\":\"https:\/\/animo.eu\/sv\/cookies\/#breadcrumb\"},\"inLanguage\":\"sv-SE\",\"potentialAction\":[{\"@type\":\"ReadAction\",\"target\":[\"https:\/\/animo.eu\/sv\/cookies\/\"]}]},{\"@type\":\"BreadcrumbList\",\"@id\":\"https:\/\/animo.eu\/sv\/cookies\/#breadcrumb\",\"itemListElement\":[{\"@type\":\"ListItem\",\"position\":1,\"name\":\"Home\",\"item\":\"https:\/\/animo.eu\/sv\/\"},{\"@type\":\"ListItem\",\"position\":2,\"name\":\"Cookies\"}]},{\"@type\":\"WebSite\",\"@id\":\"https:\/\/animo.eu\/sv\/#website\",\"url\":\"https:\/\/animo.eu\/sv\/\",\"name\":\"\",\"description\":\"\",\"potentialAction\":[{\"@type\":\"SearchAction\",\"target\":{\"@type\":\"EntryPoint\",\"urlTemplate\":\"https:\/\/animo.eu\/sv\/?s={search_term_string}\"},\"query-input\":{\"@type\":\"PropertyValueSpecification\",\"valueRequired\":true,\"valueName\":\"search_term_string\"}}],\"inLanguage\":\"sv-SE\"}]}<\/script>\n<!-- \/ Yoast SEO plugin. -->","yoast_head_json":{"title":"Cookies -","description":"Cookies -","robots":{"index":"index","follow":"follow","max-snippet":"max-snippet:-1","max-image-preview":"max-image-preview:large","max-video-preview":"max-video-preview:-1"},"canonical":"https:\/\/animo.eu\/sv\/cookies\/","og_locale":"sv_SE","og_type":"article","og_title":"Cookies -","og_description":"Cookies -","og_url":"https:\/\/animo.eu\/sv\/cookies\/","article_publisher":"https:\/\/www.facebook.com\/animobv\/","article_modified_time":"2023-11-08T09:52:21+00:00","og_image":[{"width":1000,"height":364,"url":"https:\/\/animo.eu\/wp-content\/uploads\/2023\/06\/animo-dedicated-logo.png","type":"image\/png"}],"twitter_card":"summary_large_image","twitter_site":"@animokoffie","schema":{"@context":"https:\/\/schema.org","@graph":[{"@type":"WebPage","@id":"https:\/\/animo.eu\/sv\/cookies\/","url":"https:\/\/animo.eu\/sv\/cookies\/","name":"Cookies -","isPartOf":{"@id":"https:\/\/animo.eu\/sv\/#website"},"datePublished":"2023-03-09T12:45:17+00:00","dateModified":"2023-11-08T09:52:21+00:00","description":"Cookies -","breadcrumb":{"@id":"https:\/\/animo.eu\/sv\/cookies\/#breadcrumb"},"inLanguage":"sv-SE","potentialAction":[{"@type":"ReadAction","target":["https:\/\/animo.eu\/sv\/cookies\/"]}]},{"@type":"BreadcrumbList","@id":"https:\/\/animo.eu\/sv\/cookies\/#breadcrumb","itemListElement":[{"@type":"ListItem","position":1,"name":"Home","item":"https:\/\/animo.eu\/sv\/"},{"@type":"ListItem","position":2,"name":"Cookies"}]},{"@type":"WebSite","@id":"https:\/\/animo.eu\/sv\/#website","url":"https:\/\/animo.eu\/sv\/","name":"","description":"","potentialAction":[{"@type":"SearchAction","target":{"@type":"EntryPoint","urlTemplate":"https:\/\/animo.eu\/sv\/?s={search_term_string}"},"query-input":{"@type":"PropertyValueSpecification","valueRequired":true,"valueName":"search_term_string"}}],"inLanguage":"sv-SE"}]}},"_links":{"self":[{"href":"https:\/\/animo.eu\/sv\/wp-json\/wp\/v2\/pages\/37009"}],"collection":[{"href":"https:\/\/animo.eu\/sv\/wp-json\/wp\/v2\/pages"}],"about":[{"href":"https:\/\/animo.eu\/sv\/wp-json\/wp\/v2\/types\/page"}],"author":[{"embeddable":true,"href":"https:\/\/animo.eu\/sv\/wp-json\/wp\/v2\/users\/1"}],"replies":[{"embeddable":true,"href":"https:\/\/animo.eu\/sv\/wp-json\/wp\/v2\/comments?post=37009"}],"version-history":[{"count":3,"href":"https:\/\/animo.eu\/sv\/wp-json\/wp\/v2\/pages\/37009\/revisions"}],"predecessor-version":[{"id":37020,"href":"https:\/\/animo.eu\/sv\/wp-json\/wp\/v2\/pages\/37009\/revisions\/37020"}],"wp:attachment":[{"href":"https:\/\/animo.eu\/sv\/wp-json\/wp\/v2\/media?parent=37009"}],"curies":[{"name":"wp","href":"https:\/\/api.w.org\/{rel}","templated":true}]}}