{"id":37460,"date":"2023-09-18T13:55:57","date_gmt":"2023-09-18T11:55:57","guid":{"rendered":"https:\/\/animo.eu\/stod\/"},"modified":"2023-11-13T08:44:21","modified_gmt":"2023-11-13T07:44:21","slug":"stod","status":"publish","type":"page","link":"https:\/\/animo.eu\/sv\/stod\/","title":{"rendered":"St\u00f6d"},"content":{"rendered":"\n<section  class=\"pane pane--white \">\n    <div class=\"container\">\n                    <div class=\"row justify-content-center mb-4\">\n                <div class=\"col-12\">\n                    <div class=\"pane__text\">\n                        <h2>St\u00f6d<\/h2>\n                    <\/div>\n                <\/div>\n            <\/div>\n        \n                                \n                            <div class=\"row row--equalized g-4 g-lg-3 g-xl-6\">\n                                            <div class=\"col-12 col-md-6 col-lg-3\">\n                            <div class=\"card card--product\">\n        <div class=\"card__image\">\n                    <img decoding=\"async\" width=\"550\" height=\"458\" src=\"https:\/\/animo.eu\/wp-content\/uploads\/2024\/02\/Formulier-header-550x458.jpg\" class=\"image wp-post-image\" alt=\"\" loading=\"lazy\" srcset=\"https:\/\/animo.eu\/wp-content\/uploads\/2024\/02\/Formulier-header-550x458.jpg 550w, https:\/\/animo.eu\/wp-content\/uploads\/2024\/02\/Formulier-header-300x250.jpg 300w, https:\/\/animo.eu\/wp-content\/uploads\/2024\/02\/Formulier-header-1024x852.jpg 1024w, https:\/\/animo.eu\/wp-content\/uploads\/2024\/02\/Formulier-header-768x639.jpg 768w, https:\/\/animo.eu\/wp-content\/uploads\/2024\/02\/Formulier-header-1536x1279.jpg 1536w, https:\/\/animo.eu\/wp-content\/uploads\/2024\/02\/Formulier-header-70x58.jpg 70w, https:\/\/animo.eu\/wp-content\/uploads\/2024\/02\/Formulier-header-800x666.jpg 800w, https:\/\/animo.eu\/wp-content\/uploads\/2024\/02\/Formulier-header-120x100.jpg 120w, https:\/\/animo.eu\/wp-content\/uploads\/2024\/02\/Formulier-header-150x125.jpg 150w, https:\/\/animo.eu\/wp-content\/uploads\/2024\/02\/Formulier-header.jpg 1772w\" sizes=\"(max-width: 550px) 100vw, 550px\" \/>                <\/div>\n    <div class=\"card-body\">\n        <h3 class=\"card-title\">St\u00f6d f\u00f6r kontaktformul\u00e4r<\/h3>\n            <\/div>\n    <div class=\"card-footer\">\n        <span class=\"btn btn-outline-secondary\">\n            <span class=\"btn__text\">Mer information<\/span>\n            <svg class=\"icon icon--20 icon--arrow\">\n                <use xlink:href=\"https:\/\/animo.eu\/wp-content\/themes\/animo\/build\/img\/symbols.svg#arrow-right\"><\/use>\n            <\/svg>\n        <\/span>\n    <\/div>\n    <a class=\"stretched-link\" href=\"https:\/\/animo.eu\/sv\/stod\/stod-for-kontaktformular\/\"><\/a>\n<\/div>\n                        <\/div>\n                                            <div class=\"col-12 col-md-6 col-lg-3\">\n                            <div class=\"card card--product\">\n        <div class=\"card__image\">\n                    <img decoding=\"async\" width=\"550\" height=\"307\" src=\"https:\/\/animo.eu\/wp-content\/uploads\/2023\/01\/2022_04_04-animo-030-e1676041216579-550x307.jpg\" class=\"image wp-post-image\" alt=\"\" loading=\"lazy\" srcset=\"https:\/\/animo.eu\/wp-content\/uploads\/2023\/01\/2022_04_04-animo-030-e1676041216579-550x307.jpg 550w, https:\/\/animo.eu\/wp-content\/uploads\/2023\/01\/2022_04_04-animo-030-e1676041216579-300x167.jpg 300w, https:\/\/animo.eu\/wp-content\/uploads\/2023\/01\/2022_04_04-animo-030-e1676041216579-1024x571.jpg 1024w, https:\/\/animo.eu\/wp-content\/uploads\/2023\/01\/2022_04_04-animo-030-e1676041216579-768x428.jpg 768w, https:\/\/animo.eu\/wp-content\/uploads\/2023\/01\/2022_04_04-animo-030-e1676041216579-1536x856.jpg 1536w, https:\/\/animo.eu\/wp-content\/uploads\/2023\/01\/2022_04_04-animo-030-e1676041216579-70x39.jpg 70w, https:\/\/animo.eu\/wp-content\/uploads\/2023\/01\/2022_04_04-animo-030-e1676041216579-179x100.jpg 179w, https:\/\/animo.eu\/wp-content\/uploads\/2023\/01\/2022_04_04-animo-030-e1676041216579-150x84.jpg 150w, https:\/\/animo.eu\/wp-content\/uploads\/2023\/01\/2022_04_04-animo-030-e1676041216579.jpg 2000w\" sizes=\"(max-width: 550px) 100vw, 550px\" \/>                <\/div>\n    <div class=\"card-body\">\n        <h3 class=\"card-title\">Instruktionsvideor<\/h3>\n            <\/div>\n    <div class=\"card-footer\">\n        <span class=\"btn btn-outline-secondary\">\n            <span class=\"btn__text\">Mer information<\/span>\n            <svg class=\"icon icon--20 icon--arrow\">\n                <use xlink:href=\"https:\/\/animo.eu\/wp-content\/themes\/animo\/build\/img\/symbols.svg#arrow-right\"><\/use>\n            <\/svg>\n        <\/span>\n    <\/div>\n    <a class=\"stretched-link\" href=\"https:\/\/animo.eu\/sv\/stod\/instruktionsvideor\/\"><\/a>\n<\/div>\n                        <\/div>\n                                            <div class=\"col-12 col-md-6 col-lg-3\">\n                            <div class=\"card card--product\">\n        <div class=\"card__image\">\n                    <img decoding=\"async\" width=\"550\" height=\"458\" src=\"https:\/\/animo.eu\/wp-content\/uploads\/2024\/02\/Downloads-header-550x458.jpg\" class=\"image wp-post-image\" alt=\"\" loading=\"lazy\" srcset=\"https:\/\/animo.eu\/wp-content\/uploads\/2024\/02\/Downloads-header-550x458.jpg 550w, https:\/\/animo.eu\/wp-content\/uploads\/2024\/02\/Downloads-header-300x250.jpg 300w, https:\/\/animo.eu\/wp-content\/uploads\/2024\/02\/Downloads-header-1024x852.jpg 1024w, https:\/\/animo.eu\/wp-content\/uploads\/2024\/02\/Downloads-header-768x639.jpg 768w, https:\/\/animo.eu\/wp-content\/uploads\/2024\/02\/Downloads-header-1536x1279.jpg 1536w, https:\/\/animo.eu\/wp-content\/uploads\/2024\/02\/Downloads-header-70x58.jpg 70w, https:\/\/animo.eu\/wp-content\/uploads\/2024\/02\/Downloads-header-800x666.jpg 800w, https:\/\/animo.eu\/wp-content\/uploads\/2024\/02\/Downloads-header-120x100.jpg 120w, https:\/\/animo.eu\/wp-content\/uploads\/2024\/02\/Downloads-header-150x125.jpg 150w, https:\/\/animo.eu\/wp-content\/uploads\/2024\/02\/Downloads-header.jpg 1772w\" sizes=\"(max-width: 550px) 100vw, 550px\" \/>                <\/div>\n    <div class=\"card-body\">\n        <h3 class=\"card-title\">Nedladdningar<\/h3>\n            <\/div>\n    <div class=\"card-footer\">\n        <span class=\"btn btn-outline-secondary\">\n            <span class=\"btn__text\">Mer information<\/span>\n            <svg class=\"icon icon--20 icon--arrow\">\n                <use xlink:href=\"https:\/\/animo.eu\/wp-content\/themes\/animo\/build\/img\/symbols.svg#arrow-right\"><\/use>\n            <\/svg>\n        <\/span>\n    <\/div>\n    <a class=\"stretched-link\" href=\"https:\/\/animo.eu\/sv\/stod\/nedladdningar\/\"><\/a>\n<\/div>\n                        <\/div>\n                                    <\/div>\n                                         <\/div>\n<\/section>\n\n<section  class=\"pane pane--white \">\n    <div class=\"container\">\n        <div class=\"row g-4 g-lg-8 g-xl-15 g-xxl-20 align-items-center flex-lg-row-reverse\">\n                            <div class=\"col-12 col-lg-6\">\n                    <div class=\"pane__text\">\n                        <h2>St\u00f6d<\/h2>\n<p>Support &amp; Service-avdelningen \u00e4r ov\u00e4rderlig f\u00f6r Animo med sin djupg\u00e5ende kunskap och expertis. Denna avdelning \u00e4r tillg\u00e4nglig dagligen och tillhandah\u00e5ller teknisk utbildning till kunder p\u00e5 plats \u00f6ver hela v\u00e4rlden eller i Assen. P\u00e5 s\u00e5 s\u00e4tt kan v\u00e5ra \u00e5terf\u00f6rs\u00e4ljare dra nytta av Animos utm\u00e4rkta kunskap och vi kan garantera v\u00e5r service och kvalitet.<\/p>\n                                                \n                    <\/div>\n                <\/div>\n                                        <div class=\"col-12 col-lg\">\n                    <figure class=\"figure image_reversed\">\n                        <img decoding=\"async\" width=\"1024\" height=\"683\" src=\"https:\/\/animo.eu\/wp-content\/uploads\/2023\/08\/Support-uitleg-03-1024x683.jpg\" class=\"img-fluid\" alt=\"\" loading=\"lazy\" srcset=\"https:\/\/animo.eu\/wp-content\/uploads\/2023\/08\/Support-uitleg-03-1024x683.jpg 1024w, https:\/\/animo.eu\/wp-content\/uploads\/2023\/08\/Support-uitleg-03-300x200.jpg 300w, https:\/\/animo.eu\/wp-content\/uploads\/2023\/08\/Support-uitleg-03-768x512.jpg 768w, https:\/\/animo.eu\/wp-content\/uploads\/2023\/08\/Support-uitleg-03-1536x1024.jpg 1536w, https:\/\/animo.eu\/wp-content\/uploads\/2023\/08\/Support-uitleg-03-2048x1365.jpg 2048w, https:\/\/animo.eu\/wp-content\/uploads\/2023\/08\/Support-uitleg-03-70x47.jpg 70w, https:\/\/animo.eu\/wp-content\/uploads\/2023\/08\/Support-uitleg-03-550x367.jpg 550w, https:\/\/animo.eu\/wp-content\/uploads\/2023\/08\/Support-uitleg-03-800x533.jpg 800w, https:\/\/animo.eu\/wp-content\/uploads\/2023\/08\/Support-uitleg-03-150x100.jpg 150w\" sizes=\"(max-width: 1024px) 100vw, 1024px\" \/>                    <\/figure>\n                <\/div>\n                    <\/div>\n    <\/div>\n<\/section>\n","protected":false},"excerpt":{"rendered":"","protected":false},"author":21,"featured_media":44195,"parent":0,"menu_order":60,"comment_status":"closed","ping_status":"closed","template":"","meta":{"_acf_changed":false,"footnotes":""},"class_list":["post-37460","page","type-page","status-publish","has-post-thumbnail","hentry"],"acf":[],"yoast_head":"<!-- This site is optimized with the Yoast SEO plugin v25.5 - https:\/\/yoast.com\/wordpress\/plugins\/seo\/ -->\n<title>St\u00f6d -<\/title>\n<meta name=\"description\" content=\"St\u00f6d -\" \/>\n<meta name=\"robots\" content=\"index, follow, max-snippet:-1, max-image-preview:large, max-video-preview:-1\" \/>\n<link rel=\"canonical\" href=\"https:\/\/animo.eu\/sv\/stod\/\" \/>\n<meta property=\"og:locale\" content=\"sv_SE\" \/>\n<meta property=\"og:type\" content=\"article\" \/>\n<meta property=\"og:title\" content=\"St\u00f6d -\" \/>\n<meta property=\"og:description\" content=\"St\u00f6d -\" \/>\n<meta property=\"og:url\" content=\"https:\/\/animo.eu\/sv\/stod\/\" \/>\n<meta property=\"article:publisher\" content=\"https:\/\/www.facebook.com\/animobv\/\" \/>\n<meta property=\"article:modified_time\" content=\"2023-11-13T07:44:21+00:00\" \/>\n<meta property=\"og:image\" content=\"https:\/\/animo.eu\/wp-content\/uploads\/2023\/01\/2022_04_04-animo-030-e1676041216579.jpg\" \/>\n\t<meta property=\"og:image:width\" content=\"2000\" \/>\n\t<meta property=\"og:image:height\" content=\"1115\" \/>\n\t<meta property=\"og:image:type\" content=\"image\/jpeg\" \/>\n<meta name=\"twitter:card\" content=\"summary_large_image\" \/>\n<meta name=\"twitter:site\" content=\"@animokoffie\" \/>\n<script type=\"application\/ld+json\" class=\"yoast-schema-graph\">{\"@context\":\"https:\/\/schema.org\",\"@graph\":[{\"@type\":\"WebPage\",\"@id\":\"https:\/\/animo.eu\/sv\/stod\/\",\"url\":\"https:\/\/animo.eu\/sv\/stod\/\",\"name\":\"St\u00f6d -\",\"isPartOf\":{\"@id\":\"https:\/\/animo.eu\/sv\/#website\"},\"primaryImageOfPage\":{\"@id\":\"https:\/\/animo.eu\/sv\/stod\/#primaryimage\"},\"image\":{\"@id\":\"https:\/\/animo.eu\/sv\/stod\/#primaryimage\"},\"thumbnailUrl\":\"https:\/\/animo.eu\/wp-content\/uploads\/2024\/01\/Animo-Support.jpg\",\"datePublished\":\"2023-09-18T11:55:57+00:00\",\"dateModified\":\"2023-11-13T07:44:21+00:00\",\"description\":\"St\u00f6d -\",\"breadcrumb\":{\"@id\":\"https:\/\/animo.eu\/sv\/stod\/#breadcrumb\"},\"inLanguage\":\"sv-SE\",\"potentialAction\":[{\"@type\":\"ReadAction\",\"target\":[\"https:\/\/animo.eu\/sv\/stod\/\"]}]},{\"@type\":\"ImageObject\",\"inLanguage\":\"sv-SE\",\"@id\":\"https:\/\/animo.eu\/sv\/stod\/#primaryimage\",\"url\":\"https:\/\/animo.eu\/wp-content\/uploads\/2024\/01\/Animo-Support.jpg\",\"contentUrl\":\"https:\/\/animo.eu\/wp-content\/uploads\/2024\/01\/Animo-Support.jpg\",\"width\":491,\"height\":491},{\"@type\":\"BreadcrumbList\",\"@id\":\"https:\/\/animo.eu\/sv\/stod\/#breadcrumb\",\"itemListElement\":[{\"@type\":\"ListItem\",\"position\":1,\"name\":\"Home\",\"item\":\"https:\/\/animo.eu\/sv\/\"},{\"@type\":\"ListItem\",\"position\":2,\"name\":\"St\u00f6d\"}]},{\"@type\":\"WebSite\",\"@id\":\"https:\/\/animo.eu\/sv\/#website\",\"url\":\"https:\/\/animo.eu\/sv\/\",\"name\":\"\",\"description\":\"\",\"potentialAction\":[{\"@type\":\"SearchAction\",\"target\":{\"@type\":\"EntryPoint\",\"urlTemplate\":\"https:\/\/animo.eu\/sv\/?s={search_term_string}\"},\"query-input\":{\"@type\":\"PropertyValueSpecification\",\"valueRequired\":true,\"valueName\":\"search_term_string\"}}],\"inLanguage\":\"sv-SE\"}]}<\/script>\n<!-- \/ Yoast SEO plugin. -->","yoast_head_json":{"title":"St\u00f6d -","description":"St\u00f6d -","robots":{"index":"index","follow":"follow","max-snippet":"max-snippet:-1","max-image-preview":"max-image-preview:large","max-video-preview":"max-video-preview:-1"},"canonical":"https:\/\/animo.eu\/sv\/stod\/","og_locale":"sv_SE","og_type":"article","og_title":"St\u00f6d -","og_description":"St\u00f6d -","og_url":"https:\/\/animo.eu\/sv\/stod\/","article_publisher":"https:\/\/www.facebook.com\/animobv\/","article_modified_time":"2023-11-13T07:44:21+00:00","og_image":[{"width":2000,"height":1115,"url":"https:\/\/animo.eu\/wp-content\/uploads\/2023\/01\/2022_04_04-animo-030-e1676041216579.jpg","type":"image\/jpeg"}],"twitter_card":"summary_large_image","twitter_site":"@animokoffie","schema":{"@context":"https:\/\/schema.org","@graph":[{"@type":"WebPage","@id":"https:\/\/animo.eu\/sv\/stod\/","url":"https:\/\/animo.eu\/sv\/stod\/","name":"St\u00f6d -","isPartOf":{"@id":"https:\/\/animo.eu\/sv\/#website"},"primaryImageOfPage":{"@id":"https:\/\/animo.eu\/sv\/stod\/#primaryimage"},"image":{"@id":"https:\/\/animo.eu\/sv\/stod\/#primaryimage"},"thumbnailUrl":"https:\/\/animo.eu\/wp-content\/uploads\/2024\/01\/Animo-Support.jpg","datePublished":"2023-09-18T11:55:57+00:00","dateModified":"2023-11-13T07:44:21+00:00","description":"St\u00f6d -","breadcrumb":{"@id":"https:\/\/animo.eu\/sv\/stod\/#breadcrumb"},"inLanguage":"sv-SE","potentialAction":[{"@type":"ReadAction","target":["https:\/\/animo.eu\/sv\/stod\/"]}]},{"@type":"ImageObject","inLanguage":"sv-SE","@id":"https:\/\/animo.eu\/sv\/stod\/#primaryimage","url":"https:\/\/animo.eu\/wp-content\/uploads\/2024\/01\/Animo-Support.jpg","contentUrl":"https:\/\/animo.eu\/wp-content\/uploads\/2024\/01\/Animo-Support.jpg","width":491,"height":491},{"@type":"BreadcrumbList","@id":"https:\/\/animo.eu\/sv\/stod\/#breadcrumb","itemListElement":[{"@type":"ListItem","position":1,"name":"Home","item":"https:\/\/animo.eu\/sv\/"},{"@type":"ListItem","position":2,"name":"St\u00f6d"}]},{"@type":"WebSite","@id":"https:\/\/animo.eu\/sv\/#website","url":"https:\/\/animo.eu\/sv\/","name":"","description":"","potentialAction":[{"@type":"SearchAction","target":{"@type":"EntryPoint","urlTemplate":"https:\/\/animo.eu\/sv\/?s={search_term_string}"},"query-input":{"@type":"PropertyValueSpecification","valueRequired":true,"valueName":"search_term_string"}}],"inLanguage":"sv-SE"}]}},"_links":{"self":[{"href":"https:\/\/animo.eu\/sv\/wp-json\/wp\/v2\/pages\/37460"}],"collection":[{"href":"https:\/\/animo.eu\/sv\/wp-json\/wp\/v2\/pages"}],"about":[{"href":"https:\/\/animo.eu\/sv\/wp-json\/wp\/v2\/types\/page"}],"author":[{"embeddable":true,"href":"https:\/\/animo.eu\/sv\/wp-json\/wp\/v2\/users\/21"}],"replies":[{"embeddable":true,"href":"https:\/\/animo.eu\/sv\/wp-json\/wp\/v2\/comments?post=37460"}],"version-history":[{"count":1,"href":"https:\/\/animo.eu\/sv\/wp-json\/wp\/v2\/pages\/37460\/revisions"}],"predecessor-version":[{"id":37461,"href":"https:\/\/animo.eu\/sv\/wp-json\/wp\/v2\/pages\/37460\/revisions\/37461"}],"wp:featuredmedia":[{"embeddable":true,"href":"https:\/\/animo.eu\/sv\/wp-json\/wp\/v2\/media\/44195"}],"wp:attachment":[{"href":"https:\/\/animo.eu\/sv\/wp-json\/wp\/v2\/media?parent=37460"}],"curies":[{"name":"wp","href":"https:\/\/api.w.org\/{rel}","templated":true}]}}