{"id":41953,"date":"2023-09-06T11:15:15","date_gmt":"2023-09-06T09:15:15","guid":{"rendered":"https:\/\/animo.eu\/vattenfilter\/"},"modified":"2023-12-15T10:04:13","modified_gmt":"2023-12-15T09:04:13","slug":"vattenfilter","status":"publish","type":"page","link":"https:\/\/animo.eu\/sv\/vattenfilter\/","title":{"rendered":"Vattenfilter"},"content":{"rendered":"\n<section  class=\"pane pane--white \">\n    <div class=\"container\">\n                    <div class=\"row justify-content-center mb-4\">\n                <div class=\"col-12\">\n                    <div class=\"pane__text\">\n                        <h2>Vattenfilter<\/h2>\n                    <\/div>\n                <\/div>\n            <\/div>\n        \n                                \n                            <div class=\"row row--equalized g-4 g-lg-3 g-xl-6\">\n                                            <div class=\"col-12 col-md-6 col-lg-3\">\n                            <div class=\"card card--product\">\n                    <div class=\"card__image\">\n                    <img decoding=\"async\" width=\"550\" height=\"458\" src=\"https:\/\/animo.eu\/wp-content\/uploads\/2023\/09\/Waterfilters-assortiment-550x458.png\" class=\"image wp-post-image\" alt=\"\" loading=\"lazy\" srcset=\"https:\/\/animo.eu\/wp-content\/uploads\/2023\/09\/Waterfilters-assortiment-550x458.png 550w, https:\/\/animo.eu\/wp-content\/uploads\/2023\/09\/Waterfilters-assortiment-300x250.png 300w, https:\/\/animo.eu\/wp-content\/uploads\/2023\/09\/Waterfilters-assortiment-1024x852.png 1024w, https:\/\/animo.eu\/wp-content\/uploads\/2023\/09\/Waterfilters-assortiment-768x639.png 768w, https:\/\/animo.eu\/wp-content\/uploads\/2023\/09\/Waterfilters-assortiment-1536x1279.png 1536w, https:\/\/animo.eu\/wp-content\/uploads\/2023\/09\/Waterfilters-assortiment-70x58.png 70w, https:\/\/animo.eu\/wp-content\/uploads\/2023\/09\/Waterfilters-assortiment-800x666.png 800w, https:\/\/animo.eu\/wp-content\/uploads\/2023\/09\/Waterfilters-assortiment-120x100.png 120w, https:\/\/animo.eu\/wp-content\/uploads\/2023\/09\/Waterfilters-assortiment-150x125.png 150w, https:\/\/animo.eu\/wp-content\/uploads\/2023\/09\/Waterfilters-assortiment.png 1772w\" sizes=\"(max-width: 550px) 100vw, 550px\" \/>                <\/div>\n    <div class=\"card-body\">\n        <h3 class=\"card-title\">Vattenfilter<\/h3>\n                    <p class=\"mb-0\">F\u00f6r b\u00e4ttre kaffesmak och mindre underh\u00e5ll av maskinen<\/p>\n            <\/div>\n    <div class=\"card-footer\">\n        <span class=\"btn btn-outline-secondary\">\n            <span class=\"btn__text\">Mer information<\/span>\n            <svg class=\"icon icon--20 icon--arrow\">\n                <use xlink:href=\"https:\/\/animo.eu\/wp-content\/themes\/animo\/build\/img\/symbols.svg#arrow-right\"><\/use>\n            <\/svg>\n        <\/span>\n    <\/div>\n    <a class=\"stretched-link\" href=\"https:\/\/animo.eu\/sv\/vattenfilter\/vattenfilter\/\"><\/a>\n<\/div>\n                        <\/div>\n                                    <\/div>\n                                         <\/div>\n<\/section>\n\n<section  class=\"pane pane--white \">\n    <div class=\"container\">\n        <div class=\"row g-4 g-lg-8 g-xl-15 g-xxl-20 align-items-center flex-lg-row-reverse\">\n                            <div class=\"col-12 col-lg-6\">\n                    <div class=\"pane__text\">\n                        <p>Eftersom kaffe till 98% best\u00e5r av vatten \u00e4r dess sammans\u00e4ttning av stor betydelse. F\u00f6r h\u00f6g salthalt (klorid) leder allt oftare till skador p\u00e5 material i kaffemaskinen, t.ex. v\u00e4rmeelement, pannor, pumpar och ventiler. F\u00f6r en b\u00e4ttre smak p\u00e5 ditt kaffe och mindre underh\u00e5ll av din kaffemaskin, levererar Animo f\u00f6ljande vattenfilter.<\/p>\n                                                \n                    <\/div>\n                <\/div>\n                                <\/div>\n    <\/div>\n<\/section>\n","protected":false},"excerpt":{"rendered":"","protected":false},"author":21,"featured_media":24487,"parent":0,"menu_order":49,"comment_status":"closed","ping_status":"closed","template":"","meta":{"_acf_changed":false,"footnotes":""},"class_list":["post-41953","page","type-page","status-publish","has-post-thumbnail","hentry"],"acf":[],"yoast_head":"<!-- This site is optimized with the Yoast SEO plugin v25.5 - https:\/\/yoast.com\/wordpress\/plugins\/seo\/ -->\n<title>Vattenfilter -<\/title>\n<meta name=\"description\" content=\"Vattenfilter -\" \/>\n<meta name=\"robots\" content=\"index, follow, max-snippet:-1, max-image-preview:large, max-video-preview:-1\" \/>\n<link rel=\"canonical\" href=\"https:\/\/animo.eu\/sv\/vattenfilter\/\" \/>\n<meta property=\"og:locale\" content=\"sv_SE\" \/>\n<meta property=\"og:type\" content=\"article\" \/>\n<meta property=\"og:title\" content=\"Vattenfilter -\" \/>\n<meta property=\"og:description\" content=\"Vattenfilter -\" \/>\n<meta property=\"og:url\" content=\"https:\/\/animo.eu\/sv\/vattenfilter\/\" \/>\n<meta property=\"article:publisher\" content=\"https:\/\/www.facebook.com\/animobv\/\" \/>\n<meta property=\"article:modified_time\" content=\"2023-12-15T09:04:13+00:00\" \/>\n<meta property=\"og:image\" content=\"https:\/\/animo.eu\/wp-content\/uploads\/2023\/09\/Waterfilters-assortiment.png\" \/>\n\t<meta property=\"og:image:width\" content=\"1772\" \/>\n\t<meta property=\"og:image:height\" content=\"1475\" \/>\n\t<meta property=\"og:image:type\" content=\"image\/png\" \/>\n<meta name=\"twitter:card\" content=\"summary_large_image\" \/>\n<meta name=\"twitter:site\" content=\"@animokoffie\" \/>\n<script type=\"application\/ld+json\" class=\"yoast-schema-graph\">{\"@context\":\"https:\/\/schema.org\",\"@graph\":[{\"@type\":\"WebPage\",\"@id\":\"https:\/\/animo.eu\/sv\/vattenfilter\/\",\"url\":\"https:\/\/animo.eu\/sv\/vattenfilter\/\",\"name\":\"Vattenfilter -\",\"isPartOf\":{\"@id\":\"https:\/\/animo.eu\/sv\/#website\"},\"primaryImageOfPage\":{\"@id\":\"https:\/\/animo.eu\/sv\/vattenfilter\/#primaryimage\"},\"image\":{\"@id\":\"https:\/\/animo.eu\/sv\/vattenfilter\/#primaryimage\"},\"thumbnailUrl\":\"https:\/\/animo.eu\/wp-content\/uploads\/2023\/09\/Waterfilters-assortiment.png\",\"datePublished\":\"2023-09-06T09:15:15+00:00\",\"dateModified\":\"2023-12-15T09:04:13+00:00\",\"description\":\"Vattenfilter -\",\"breadcrumb\":{\"@id\":\"https:\/\/animo.eu\/sv\/vattenfilter\/#breadcrumb\"},\"inLanguage\":\"sv-SE\",\"potentialAction\":[{\"@type\":\"ReadAction\",\"target\":[\"https:\/\/animo.eu\/sv\/vattenfilter\/\"]}]},{\"@type\":\"ImageObject\",\"inLanguage\":\"sv-SE\",\"@id\":\"https:\/\/animo.eu\/sv\/vattenfilter\/#primaryimage\",\"url\":\"https:\/\/animo.eu\/wp-content\/uploads\/2023\/09\/Waterfilters-assortiment.png\",\"contentUrl\":\"https:\/\/animo.eu\/wp-content\/uploads\/2023\/09\/Waterfilters-assortiment.png\",\"width\":1772,\"height\":1475},{\"@type\":\"BreadcrumbList\",\"@id\":\"https:\/\/animo.eu\/sv\/vattenfilter\/#breadcrumb\",\"itemListElement\":[{\"@type\":\"ListItem\",\"position\":1,\"name\":\"Home\",\"item\":\"https:\/\/animo.eu\/sv\/\"},{\"@type\":\"ListItem\",\"position\":2,\"name\":\"Vattenfilter\"}]},{\"@type\":\"WebSite\",\"@id\":\"https:\/\/animo.eu\/sv\/#website\",\"url\":\"https:\/\/animo.eu\/sv\/\",\"name\":\"\",\"description\":\"\",\"potentialAction\":[{\"@type\":\"SearchAction\",\"target\":{\"@type\":\"EntryPoint\",\"urlTemplate\":\"https:\/\/animo.eu\/sv\/?s={search_term_string}\"},\"query-input\":{\"@type\":\"PropertyValueSpecification\",\"valueRequired\":true,\"valueName\":\"search_term_string\"}}],\"inLanguage\":\"sv-SE\"}]}<\/script>\n<!-- \/ Yoast SEO plugin. -->","yoast_head_json":{"title":"Vattenfilter -","description":"Vattenfilter -","robots":{"index":"index","follow":"follow","max-snippet":"max-snippet:-1","max-image-preview":"max-image-preview:large","max-video-preview":"max-video-preview:-1"},"canonical":"https:\/\/animo.eu\/sv\/vattenfilter\/","og_locale":"sv_SE","og_type":"article","og_title":"Vattenfilter -","og_description":"Vattenfilter -","og_url":"https:\/\/animo.eu\/sv\/vattenfilter\/","article_publisher":"https:\/\/www.facebook.com\/animobv\/","article_modified_time":"2023-12-15T09:04:13+00:00","og_image":[{"width":1772,"height":1475,"url":"https:\/\/animo.eu\/wp-content\/uploads\/2023\/09\/Waterfilters-assortiment.png","type":"image\/png"}],"twitter_card":"summary_large_image","twitter_site":"@animokoffie","schema":{"@context":"https:\/\/schema.org","@graph":[{"@type":"WebPage","@id":"https:\/\/animo.eu\/sv\/vattenfilter\/","url":"https:\/\/animo.eu\/sv\/vattenfilter\/","name":"Vattenfilter -","isPartOf":{"@id":"https:\/\/animo.eu\/sv\/#website"},"primaryImageOfPage":{"@id":"https:\/\/animo.eu\/sv\/vattenfilter\/#primaryimage"},"image":{"@id":"https:\/\/animo.eu\/sv\/vattenfilter\/#primaryimage"},"thumbnailUrl":"https:\/\/animo.eu\/wp-content\/uploads\/2023\/09\/Waterfilters-assortiment.png","datePublished":"2023-09-06T09:15:15+00:00","dateModified":"2023-12-15T09:04:13+00:00","description":"Vattenfilter -","breadcrumb":{"@id":"https:\/\/animo.eu\/sv\/vattenfilter\/#breadcrumb"},"inLanguage":"sv-SE","potentialAction":[{"@type":"ReadAction","target":["https:\/\/animo.eu\/sv\/vattenfilter\/"]}]},{"@type":"ImageObject","inLanguage":"sv-SE","@id":"https:\/\/animo.eu\/sv\/vattenfilter\/#primaryimage","url":"https:\/\/animo.eu\/wp-content\/uploads\/2023\/09\/Waterfilters-assortiment.png","contentUrl":"https:\/\/animo.eu\/wp-content\/uploads\/2023\/09\/Waterfilters-assortiment.png","width":1772,"height":1475},{"@type":"BreadcrumbList","@id":"https:\/\/animo.eu\/sv\/vattenfilter\/#breadcrumb","itemListElement":[{"@type":"ListItem","position":1,"name":"Home","item":"https:\/\/animo.eu\/sv\/"},{"@type":"ListItem","position":2,"name":"Vattenfilter"}]},{"@type":"WebSite","@id":"https:\/\/animo.eu\/sv\/#website","url":"https:\/\/animo.eu\/sv\/","name":"","description":"","potentialAction":[{"@type":"SearchAction","target":{"@type":"EntryPoint","urlTemplate":"https:\/\/animo.eu\/sv\/?s={search_term_string}"},"query-input":{"@type":"PropertyValueSpecification","valueRequired":true,"valueName":"search_term_string"}}],"inLanguage":"sv-SE"}]}},"_links":{"self":[{"href":"https:\/\/animo.eu\/sv\/wp-json\/wp\/v2\/pages\/41953"}],"collection":[{"href":"https:\/\/animo.eu\/sv\/wp-json\/wp\/v2\/pages"}],"about":[{"href":"https:\/\/animo.eu\/sv\/wp-json\/wp\/v2\/types\/page"}],"author":[{"embeddable":true,"href":"https:\/\/animo.eu\/sv\/wp-json\/wp\/v2\/users\/21"}],"replies":[{"embeddable":true,"href":"https:\/\/animo.eu\/sv\/wp-json\/wp\/v2\/comments?post=41953"}],"version-history":[{"count":1,"href":"https:\/\/animo.eu\/sv\/wp-json\/wp\/v2\/pages\/41953\/revisions"}],"predecessor-version":[{"id":41954,"href":"https:\/\/animo.eu\/sv\/wp-json\/wp\/v2\/pages\/41953\/revisions\/41954"}],"wp:featuredmedia":[{"embeddable":true,"href":"https:\/\/animo.eu\/sv\/wp-json\/wp\/v2\/media\/24487"}],"wp:attachment":[{"href":"https:\/\/animo.eu\/sv\/wp-json\/wp\/v2\/media?parent=41953"}],"curies":[{"name":"wp","href":"https:\/\/api.w.org\/{rel}","templated":true}]}}