{"id":41982,"date":"2023-09-05T15:53:18","date_gmt":"2023-09-05T13:53:18","guid":{"rendered":"https:\/\/animo.eu\/basenheter\/"},"modified":"2024-03-05T09:23:34","modified_gmt":"2024-03-05T08:23:34","slug":"basenheter","status":"publish","type":"page","link":"https:\/\/animo.eu\/sv\/basenheter\/","title":{"rendered":"Underskap"},"content":{"rendered":"\n<section  class=\"pane pane--white \">\n    <div class=\"container\">\n                    <div class=\"row justify-content-center mb-4\">\n                <div class=\"col-12\">\n                    <div class=\"pane__text\">\n                        <h2>Underskap<\/h2>\n                    <\/div>\n                <\/div>\n            <\/div>\n        \n                                \n                            <div class=\"row row--equalized g-4 g-lg-3 g-xl-6\">\n                                            <div class=\"col-12 col-md-6 col-lg-3\">\n                            <div class=\"card card--product\">\n                    <div class=\"card__image\">\n                    <img decoding=\"async\" width=\"550\" height=\"328\" src=\"https:\/\/animo.eu\/wp-content\/uploads\/2023\/09\/Assortiment-onderlkasten-550x328.png\" class=\"image wp-post-image\" alt=\"\" loading=\"lazy\" srcset=\"https:\/\/animo.eu\/wp-content\/uploads\/2023\/09\/Assortiment-onderlkasten-550x328.png 550w, https:\/\/animo.eu\/wp-content\/uploads\/2023\/09\/Assortiment-onderlkasten-300x179.png 300w, https:\/\/animo.eu\/wp-content\/uploads\/2023\/09\/Assortiment-onderlkasten-1024x612.png 1024w, https:\/\/animo.eu\/wp-content\/uploads\/2023\/09\/Assortiment-onderlkasten-768x459.png 768w, https:\/\/animo.eu\/wp-content\/uploads\/2023\/09\/Assortiment-onderlkasten-1536x917.png 1536w, https:\/\/animo.eu\/wp-content\/uploads\/2023\/09\/Assortiment-onderlkasten-70x42.png 70w, https:\/\/animo.eu\/wp-content\/uploads\/2023\/09\/Assortiment-onderlkasten-800x478.png 800w, https:\/\/animo.eu\/wp-content\/uploads\/2023\/09\/Assortiment-onderlkasten-167x100.png 167w, https:\/\/animo.eu\/wp-content\/uploads\/2023\/09\/Assortiment-onderlkasten-150x90.png 150w, https:\/\/animo.eu\/wp-content\/uploads\/2023\/09\/Assortiment-onderlkasten.png 1718w\" sizes=\"(max-width: 550px) 100vw, 550px\" \/>                <\/div>\n    <div class=\"card-body\">\n        <h3 class=\"card-title\">Undersk\u00e5p<\/h3>\n                    <p class=\"mb-0\">Ett snyggt och \u00e4ndam\u00e5lsenligt utformat undersk\u00e5p<\/p>\n            <\/div>\n    <div class=\"card-footer\">\n        <span class=\"btn btn-outline-secondary\">\n            <span class=\"btn__text\">Mer information<\/span>\n            <svg class=\"icon icon--20 icon--arrow\">\n                <use xlink:href=\"https:\/\/animo.eu\/wp-content\/themes\/animo\/build\/img\/symbols.svg#arrow-right\"><\/use>\n            <\/svg>\n        <\/span>\n    <\/div>\n    <a class=\"stretched-link\" href=\"https:\/\/animo.eu\/sv\/basenheter\/basenheter\/\"><\/a>\n<\/div>\n                        <\/div>\n                                    <\/div>\n                                         <\/div>\n<\/section>\n\n<section  class=\"pane pane--white \">\n    <div class=\"container\">\n        <div class=\"row g-4 g-lg-8 g-xl-15 g-xxl-20 align-items-center flex-lg-row-reverse\">\n                            <div class=\"col-12 col-lg-6\">\n                    <div class=\"pane__text\">\n                        <h2>Snyggt utformade Underskap<\/h2>\n<p>Animo levererar undersk\u00e5p till kaffemaskinerna OptiMe, OptiBean X, OptiBean, OptiFresh och OptiVend. Det snyggt designade undersk\u00e5pet \u00e4r s\u00e4rskilt l\u00e4mpligt f\u00f6r f\u00f6rvaring av ingredienser, socker, mj\u00f6lk och omr\u00f6rare. Undersk\u00e5pets bakre v\u00e4gg \u00e4r placerad in\u00e5t, vilket skapar utrymme f\u00f6r anslutningsslangar och eventuell installation av ett vattenfilter. Undersk\u00e5pet kan \u00e4ven levereras med kylenhet f\u00f6r utmatning av kylt vatten fr\u00e5n Animo kaffemaskiner.<\/p>\n                                                \n                    <\/div>\n                <\/div>\n                                <\/div>\n    <\/div>\n<\/section>\n","protected":false},"excerpt":{"rendered":"","protected":false},"author":21,"featured_media":24393,"parent":0,"menu_order":49,"comment_status":"closed","ping_status":"closed","template":"","meta":{"_acf_changed":false,"footnotes":""},"class_list":["post-41982","page","type-page","status-publish","has-post-thumbnail","hentry"],"acf":[],"yoast_head":"<!-- This site is optimized with the Yoast SEO plugin v25.5 - https:\/\/yoast.com\/wordpress\/plugins\/seo\/ -->\n<title>Underskap -<\/title>\n<meta name=\"description\" content=\"Underskap -\" \/>\n<meta name=\"robots\" content=\"index, follow, max-snippet:-1, max-image-preview:large, max-video-preview:-1\" \/>\n<link rel=\"canonical\" href=\"https:\/\/animo.eu\/sv\/basenheter\/\" \/>\n<meta property=\"og:locale\" content=\"sv_SE\" \/>\n<meta property=\"og:type\" content=\"article\" \/>\n<meta property=\"og:title\" content=\"Underskap -\" \/>\n<meta property=\"og:description\" content=\"Underskap -\" \/>\n<meta property=\"og:url\" content=\"https:\/\/animo.eu\/sv\/basenheter\/\" \/>\n<meta property=\"article:publisher\" content=\"https:\/\/www.facebook.com\/animobv\/\" \/>\n<meta property=\"article:modified_time\" content=\"2024-03-05T08:23:34+00:00\" \/>\n<meta property=\"og:image\" content=\"https:\/\/animo.eu\/wp-content\/uploads\/2023\/09\/Assortiment-onderlkasten-1.png\" \/>\n\t<meta property=\"og:image:width\" content=\"1718\" \/>\n\t<meta property=\"og:image:height\" content=\"1026\" \/>\n\t<meta property=\"og:image:type\" content=\"image\/png\" \/>\n<meta name=\"twitter:card\" content=\"summary_large_image\" \/>\n<meta name=\"twitter:site\" content=\"@animokoffie\" \/>\n<script type=\"application\/ld+json\" class=\"yoast-schema-graph\">{\"@context\":\"https:\/\/schema.org\",\"@graph\":[{\"@type\":\"WebPage\",\"@id\":\"https:\/\/animo.eu\/sv\/basenheter\/\",\"url\":\"https:\/\/animo.eu\/sv\/basenheter\/\",\"name\":\"Underskap -\",\"isPartOf\":{\"@id\":\"https:\/\/animo.eu\/sv\/#website\"},\"primaryImageOfPage\":{\"@id\":\"https:\/\/animo.eu\/sv\/basenheter\/#primaryimage\"},\"image\":{\"@id\":\"https:\/\/animo.eu\/sv\/basenheter\/#primaryimage\"},\"thumbnailUrl\":\"https:\/\/animo.eu\/wp-content\/uploads\/2023\/09\/Assortiment-onderlkasten-1.png\",\"datePublished\":\"2023-09-05T13:53:18+00:00\",\"dateModified\":\"2024-03-05T08:23:34+00:00\",\"description\":\"Underskap -\",\"breadcrumb\":{\"@id\":\"https:\/\/animo.eu\/sv\/basenheter\/#breadcrumb\"},\"inLanguage\":\"sv-SE\",\"potentialAction\":[{\"@type\":\"ReadAction\",\"target\":[\"https:\/\/animo.eu\/sv\/basenheter\/\"]}]},{\"@type\":\"ImageObject\",\"inLanguage\":\"sv-SE\",\"@id\":\"https:\/\/animo.eu\/sv\/basenheter\/#primaryimage\",\"url\":\"https:\/\/animo.eu\/wp-content\/uploads\/2023\/09\/Assortiment-onderlkasten-1.png\",\"contentUrl\":\"https:\/\/animo.eu\/wp-content\/uploads\/2023\/09\/Assortiment-onderlkasten-1.png\",\"width\":1718,\"height\":1026},{\"@type\":\"BreadcrumbList\",\"@id\":\"https:\/\/animo.eu\/sv\/basenheter\/#breadcrumb\",\"itemListElement\":[{\"@type\":\"ListItem\",\"position\":1,\"name\":\"Home\",\"item\":\"https:\/\/animo.eu\/sv\/\"},{\"@type\":\"ListItem\",\"position\":2,\"name\":\"Underskap\"}]},{\"@type\":\"WebSite\",\"@id\":\"https:\/\/animo.eu\/sv\/#website\",\"url\":\"https:\/\/animo.eu\/sv\/\",\"name\":\"\",\"description\":\"\",\"potentialAction\":[{\"@type\":\"SearchAction\",\"target\":{\"@type\":\"EntryPoint\",\"urlTemplate\":\"https:\/\/animo.eu\/sv\/?s={search_term_string}\"},\"query-input\":{\"@type\":\"PropertyValueSpecification\",\"valueRequired\":true,\"valueName\":\"search_term_string\"}}],\"inLanguage\":\"sv-SE\"}]}<\/script>\n<!-- \/ Yoast SEO plugin. -->","yoast_head_json":{"title":"Underskap -","description":"Underskap -","robots":{"index":"index","follow":"follow","max-snippet":"max-snippet:-1","max-image-preview":"max-image-preview:large","max-video-preview":"max-video-preview:-1"},"canonical":"https:\/\/animo.eu\/sv\/basenheter\/","og_locale":"sv_SE","og_type":"article","og_title":"Underskap -","og_description":"Underskap -","og_url":"https:\/\/animo.eu\/sv\/basenheter\/","article_publisher":"https:\/\/www.facebook.com\/animobv\/","article_modified_time":"2024-03-05T08:23:34+00:00","og_image":[{"width":1718,"height":1026,"url":"https:\/\/animo.eu\/wp-content\/uploads\/2023\/09\/Assortiment-onderlkasten-1.png","type":"image\/png"}],"twitter_card":"summary_large_image","twitter_site":"@animokoffie","schema":{"@context":"https:\/\/schema.org","@graph":[{"@type":"WebPage","@id":"https:\/\/animo.eu\/sv\/basenheter\/","url":"https:\/\/animo.eu\/sv\/basenheter\/","name":"Underskap -","isPartOf":{"@id":"https:\/\/animo.eu\/sv\/#website"},"primaryImageOfPage":{"@id":"https:\/\/animo.eu\/sv\/basenheter\/#primaryimage"},"image":{"@id":"https:\/\/animo.eu\/sv\/basenheter\/#primaryimage"},"thumbnailUrl":"https:\/\/animo.eu\/wp-content\/uploads\/2023\/09\/Assortiment-onderlkasten-1.png","datePublished":"2023-09-05T13:53:18+00:00","dateModified":"2024-03-05T08:23:34+00:00","description":"Underskap -","breadcrumb":{"@id":"https:\/\/animo.eu\/sv\/basenheter\/#breadcrumb"},"inLanguage":"sv-SE","potentialAction":[{"@type":"ReadAction","target":["https:\/\/animo.eu\/sv\/basenheter\/"]}]},{"@type":"ImageObject","inLanguage":"sv-SE","@id":"https:\/\/animo.eu\/sv\/basenheter\/#primaryimage","url":"https:\/\/animo.eu\/wp-content\/uploads\/2023\/09\/Assortiment-onderlkasten-1.png","contentUrl":"https:\/\/animo.eu\/wp-content\/uploads\/2023\/09\/Assortiment-onderlkasten-1.png","width":1718,"height":1026},{"@type":"BreadcrumbList","@id":"https:\/\/animo.eu\/sv\/basenheter\/#breadcrumb","itemListElement":[{"@type":"ListItem","position":1,"name":"Home","item":"https:\/\/animo.eu\/sv\/"},{"@type":"ListItem","position":2,"name":"Underskap"}]},{"@type":"WebSite","@id":"https:\/\/animo.eu\/sv\/#website","url":"https:\/\/animo.eu\/sv\/","name":"","description":"","potentialAction":[{"@type":"SearchAction","target":{"@type":"EntryPoint","urlTemplate":"https:\/\/animo.eu\/sv\/?s={search_term_string}"},"query-input":{"@type":"PropertyValueSpecification","valueRequired":true,"valueName":"search_term_string"}}],"inLanguage":"sv-SE"}]}},"_links":{"self":[{"href":"https:\/\/animo.eu\/sv\/wp-json\/wp\/v2\/pages\/41982"}],"collection":[{"href":"https:\/\/animo.eu\/sv\/wp-json\/wp\/v2\/pages"}],"about":[{"href":"https:\/\/animo.eu\/sv\/wp-json\/wp\/v2\/types\/page"}],"author":[{"embeddable":true,"href":"https:\/\/animo.eu\/sv\/wp-json\/wp\/v2\/users\/21"}],"replies":[{"embeddable":true,"href":"https:\/\/animo.eu\/sv\/wp-json\/wp\/v2\/comments?post=41982"}],"version-history":[{"count":6,"href":"https:\/\/animo.eu\/sv\/wp-json\/wp\/v2\/pages\/41982\/revisions"}],"predecessor-version":[{"id":55812,"href":"https:\/\/animo.eu\/sv\/wp-json\/wp\/v2\/pages\/41982\/revisions\/55812"}],"wp:featuredmedia":[{"embeddable":true,"href":"https:\/\/animo.eu\/sv\/wp-json\/wp\/v2\/media\/24393"}],"wp:attachment":[{"href":"https:\/\/animo.eu\/sv\/wp-json\/wp\/v2\/media?parent=41982"}],"curies":[{"name":"wp","href":"https:\/\/api.w.org\/{rel}","templated":true}]}}