{"id":42010,"date":"2023-08-29T13:21:21","date_gmt":"2023-08-29T11:21:21","guid":{"rendered":"https:\/\/animo.eu\/rengoringsmedel\/"},"modified":"2024-03-01T10:34:30","modified_gmt":"2024-03-01T09:34:30","slug":"rengoringsmedel","status":"publish","type":"page","link":"https:\/\/animo.eu\/sv\/rengoringsmedel\/","title":{"rendered":"Reng\u00f6ringsmedel"},"content":{"rendered":"\n<section  class=\"pane pane--white \">\n    <div class=\"container\">\n                    <div class=\"row justify-content-center mb-4\">\n                <div class=\"col-12\">\n                    <div class=\"pane__text\">\n                        <h2>Reng\u00f6ringsmedel<\/h2>\n                    <\/div>\n                <\/div>\n            <\/div>\n        \n                                \n                            <div class=\"row row--equalized g-4 g-lg-3 g-xl-6\">\n                                            <div class=\"col-12 col-md-6 col-lg-3\">\n                            <div class=\"card card--product\">\n                    <div class=\"card__image\">\n                    <img decoding=\"async\" width=\"550\" height=\"321\" src=\"https:\/\/animo.eu\/wp-content\/uploads\/2023\/08\/Animo-cleaning-stuff-550x321.jpg\" class=\"image wp-post-image\" alt=\"\" loading=\"lazy\" srcset=\"https:\/\/animo.eu\/wp-content\/uploads\/2023\/08\/Animo-cleaning-stuff-550x321.jpg 550w, https:\/\/animo.eu\/wp-content\/uploads\/2023\/08\/Animo-cleaning-stuff-300x175.jpg 300w, https:\/\/animo.eu\/wp-content\/uploads\/2023\/08\/Animo-cleaning-stuff-1024x598.jpg 1024w, https:\/\/animo.eu\/wp-content\/uploads\/2023\/08\/Animo-cleaning-stuff-768x449.jpg 768w, https:\/\/animo.eu\/wp-content\/uploads\/2023\/08\/Animo-cleaning-stuff-70x41.jpg 70w, https:\/\/animo.eu\/wp-content\/uploads\/2023\/08\/Animo-cleaning-stuff-800x467.jpg 800w, https:\/\/animo.eu\/wp-content\/uploads\/2023\/08\/Animo-cleaning-stuff-171x100.jpg 171w, https:\/\/animo.eu\/wp-content\/uploads\/2023\/08\/Animo-cleaning-stuff-150x88.jpg 150w, https:\/\/animo.eu\/wp-content\/uploads\/2023\/08\/Animo-cleaning-stuff.jpg 1438w\" sizes=\"(max-width: 550px) 100vw, 550px\" \/>                <\/div>\n    <div class=\"card-body\">\n        <h3 class=\"card-title\">Reng\u00f6ringsmedel<\/h3>\n                    <p class=\"mb-0\">Reng\u00f6r din Animo-utrustning regelbundet och undvik driftst\u00f6rningar och underh\u00e5llskostnader.<\/p>\n            <\/div>\n    <div class=\"card-footer\">\n        <span class=\"btn btn-outline-secondary\">\n            <span class=\"btn__text\">Mer information<\/span>\n            <svg class=\"icon icon--20 icon--arrow\">\n                <use xlink:href=\"https:\/\/animo.eu\/wp-content\/themes\/animo\/build\/img\/symbols.svg#arrow-right\"><\/use>\n            <\/svg>\n        <\/span>\n    <\/div>\n    <a class=\"stretched-link\" href=\"https:\/\/animo.eu\/sv\/rengoringsmedel\/rengoringsmedel\/\"><\/a>\n<\/div>\n                        <\/div>\n                                    <\/div>\n                                         <\/div>\n<\/section>\n\n<section  class=\"pane pane--white \">\n    <div class=\"container\">\n        <div class=\"row g-4 g-lg-8 g-xl-15 g-xxl-20 align-items-center flex-lg-row-reverse\">\n                            <div class=\"col-12 col-lg-6\">\n                    <div class=\"pane__text\">\n                        <h2>Animo specialreng\u00f6ringsmedel<\/h2>\n<p>Du kan undvika haverier och on\u00f6diga underh\u00e5llskostnader genom att h\u00e5lla din<span style=\"background-color: var(--bs-body-bg);color: var(--bs-body-color);font-size: 1rem;text-align: var(--bs-body-text-align)\">  Animo-utrustningen m\u00e5ste reng\u00f6ras regelbundet. Anv\u00e4nd Animos speciella reng\u00f6ringsmedel f\u00f6r detta \u00e4ndam\u00e5l. Dessa har testats av oss och garanterar b\u00e4sta m\u00f6jliga reng\u00f6ring.  <\/span><span style=\"background-color: var(--bs-body-bg);color: var(--bs-body-color);font-size: 1rem;text-align: var(--bs-body-text-align)\">G\u00f6r ditt val och se reng\u00f6ringsmedel och instruktioner f\u00f6r varje typ.<\/span><\/p>\n<p>&nbsp;<\/p>\n                                                \n                    <\/div>\n                <\/div>\n                                <\/div>\n    <\/div>\n<\/section>\n","protected":false},"excerpt":{"rendered":"","protected":false},"author":21,"featured_media":22240,"parent":0,"menu_order":53,"comment_status":"closed","ping_status":"closed","template":"","meta":{"_acf_changed":false,"footnotes":""},"class_list":["post-42010","page","type-page","status-publish","has-post-thumbnail","hentry"],"acf":[],"yoast_head":"<!-- This site is optimized with the Yoast SEO plugin v25.5 - https:\/\/yoast.com\/wordpress\/plugins\/seo\/ -->\n<title>Reng\u00f6ringsmedel -<\/title>\n<meta name=\"description\" content=\"Reng\u00f6ringsmedel -\" \/>\n<meta name=\"robots\" content=\"index, follow, max-snippet:-1, max-image-preview:large, max-video-preview:-1\" \/>\n<link rel=\"canonical\" href=\"https:\/\/animo.eu\/sv\/rengoringsmedel\/\" \/>\n<meta property=\"og:locale\" content=\"sv_SE\" \/>\n<meta property=\"og:type\" content=\"article\" \/>\n<meta property=\"og:title\" content=\"Reng\u00f6ringsmedel -\" \/>\n<meta property=\"og:description\" content=\"Reng\u00f6ringsmedel -\" \/>\n<meta property=\"og:url\" content=\"https:\/\/animo.eu\/sv\/rengoringsmedel\/\" \/>\n<meta property=\"article:publisher\" content=\"https:\/\/www.facebook.com\/animobv\/\" \/>\n<meta property=\"article:modified_time\" content=\"2024-03-01T09:34:30+00:00\" \/>\n<meta property=\"og:image\" content=\"https:\/\/animo.eu\/wp-content\/uploads\/2023\/08\/Reinigingsmiddelen-assortiment.png\" \/>\n\t<meta property=\"og:image:width\" content=\"1438\" \/>\n\t<meta property=\"og:image:height\" content=\"840\" \/>\n\t<meta property=\"og:image:type\" content=\"image\/jpeg\" \/>\n<meta name=\"twitter:card\" content=\"summary_large_image\" \/>\n<meta name=\"twitter:site\" content=\"@animokoffie\" \/>\n<script type=\"application\/ld+json\" class=\"yoast-schema-graph\">{\"@context\":\"https:\/\/schema.org\",\"@graph\":[{\"@type\":\"WebPage\",\"@id\":\"https:\/\/animo.eu\/sv\/rengoringsmedel\/\",\"url\":\"https:\/\/animo.eu\/sv\/rengoringsmedel\/\",\"name\":\"Reng\u00f6ringsmedel -\",\"isPartOf\":{\"@id\":\"https:\/\/animo.eu\/sv\/#website\"},\"primaryImageOfPage\":{\"@id\":\"https:\/\/animo.eu\/sv\/rengoringsmedel\/#primaryimage\"},\"image\":{\"@id\":\"https:\/\/animo.eu\/sv\/rengoringsmedel\/#primaryimage\"},\"thumbnailUrl\":\"https:\/\/animo.eu\/wp-content\/uploads\/2023\/08\/Reinigingsmiddelen-assortiment.png\",\"datePublished\":\"2023-08-29T11:21:21+00:00\",\"dateModified\":\"2024-03-01T09:34:30+00:00\",\"description\":\"Reng\u00f6ringsmedel -\",\"breadcrumb\":{\"@id\":\"https:\/\/animo.eu\/sv\/rengoringsmedel\/#breadcrumb\"},\"inLanguage\":\"sv-SE\",\"potentialAction\":[{\"@type\":\"ReadAction\",\"target\":[\"https:\/\/animo.eu\/sv\/rengoringsmedel\/\"]}]},{\"@type\":\"ImageObject\",\"inLanguage\":\"sv-SE\",\"@id\":\"https:\/\/animo.eu\/sv\/rengoringsmedel\/#primaryimage\",\"url\":\"https:\/\/animo.eu\/wp-content\/uploads\/2023\/08\/Reinigingsmiddelen-assortiment.png\",\"contentUrl\":\"https:\/\/animo.eu\/wp-content\/uploads\/2023\/08\/Reinigingsmiddelen-assortiment.png\",\"width\":1438,\"height\":840},{\"@type\":\"BreadcrumbList\",\"@id\":\"https:\/\/animo.eu\/sv\/rengoringsmedel\/#breadcrumb\",\"itemListElement\":[{\"@type\":\"ListItem\",\"position\":1,\"name\":\"Home\",\"item\":\"https:\/\/animo.eu\/sv\/\"},{\"@type\":\"ListItem\",\"position\":2,\"name\":\"Reng\u00f6ringsmedel\"}]},{\"@type\":\"WebSite\",\"@id\":\"https:\/\/animo.eu\/sv\/#website\",\"url\":\"https:\/\/animo.eu\/sv\/\",\"name\":\"\",\"description\":\"\",\"potentialAction\":[{\"@type\":\"SearchAction\",\"target\":{\"@type\":\"EntryPoint\",\"urlTemplate\":\"https:\/\/animo.eu\/sv\/?s={search_term_string}\"},\"query-input\":{\"@type\":\"PropertyValueSpecification\",\"valueRequired\":true,\"valueName\":\"search_term_string\"}}],\"inLanguage\":\"sv-SE\"}]}<\/script>\n<!-- \/ Yoast SEO plugin. -->","yoast_head_json":{"title":"Reng\u00f6ringsmedel -","description":"Reng\u00f6ringsmedel -","robots":{"index":"index","follow":"follow","max-snippet":"max-snippet:-1","max-image-preview":"max-image-preview:large","max-video-preview":"max-video-preview:-1"},"canonical":"https:\/\/animo.eu\/sv\/rengoringsmedel\/","og_locale":"sv_SE","og_type":"article","og_title":"Reng\u00f6ringsmedel -","og_description":"Reng\u00f6ringsmedel -","og_url":"https:\/\/animo.eu\/sv\/rengoringsmedel\/","article_publisher":"https:\/\/www.facebook.com\/animobv\/","article_modified_time":"2024-03-01T09:34:30+00:00","og_image":[{"width":1438,"height":840,"url":"https:\/\/animo.eu\/wp-content\/uploads\/2023\/08\/Reinigingsmiddelen-assortiment.png","type":"image\/jpeg"}],"twitter_card":"summary_large_image","twitter_site":"@animokoffie","schema":{"@context":"https:\/\/schema.org","@graph":[{"@type":"WebPage","@id":"https:\/\/animo.eu\/sv\/rengoringsmedel\/","url":"https:\/\/animo.eu\/sv\/rengoringsmedel\/","name":"Reng\u00f6ringsmedel -","isPartOf":{"@id":"https:\/\/animo.eu\/sv\/#website"},"primaryImageOfPage":{"@id":"https:\/\/animo.eu\/sv\/rengoringsmedel\/#primaryimage"},"image":{"@id":"https:\/\/animo.eu\/sv\/rengoringsmedel\/#primaryimage"},"thumbnailUrl":"https:\/\/animo.eu\/wp-content\/uploads\/2023\/08\/Reinigingsmiddelen-assortiment.png","datePublished":"2023-08-29T11:21:21+00:00","dateModified":"2024-03-01T09:34:30+00:00","description":"Reng\u00f6ringsmedel -","breadcrumb":{"@id":"https:\/\/animo.eu\/sv\/rengoringsmedel\/#breadcrumb"},"inLanguage":"sv-SE","potentialAction":[{"@type":"ReadAction","target":["https:\/\/animo.eu\/sv\/rengoringsmedel\/"]}]},{"@type":"ImageObject","inLanguage":"sv-SE","@id":"https:\/\/animo.eu\/sv\/rengoringsmedel\/#primaryimage","url":"https:\/\/animo.eu\/wp-content\/uploads\/2023\/08\/Reinigingsmiddelen-assortiment.png","contentUrl":"https:\/\/animo.eu\/wp-content\/uploads\/2023\/08\/Reinigingsmiddelen-assortiment.png","width":1438,"height":840},{"@type":"BreadcrumbList","@id":"https:\/\/animo.eu\/sv\/rengoringsmedel\/#breadcrumb","itemListElement":[{"@type":"ListItem","position":1,"name":"Home","item":"https:\/\/animo.eu\/sv\/"},{"@type":"ListItem","position":2,"name":"Reng\u00f6ringsmedel"}]},{"@type":"WebSite","@id":"https:\/\/animo.eu\/sv\/#website","url":"https:\/\/animo.eu\/sv\/","name":"","description":"","potentialAction":[{"@type":"SearchAction","target":{"@type":"EntryPoint","urlTemplate":"https:\/\/animo.eu\/sv\/?s={search_term_string}"},"query-input":{"@type":"PropertyValueSpecification","valueRequired":true,"valueName":"search_term_string"}}],"inLanguage":"sv-SE"}]}},"_links":{"self":[{"href":"https:\/\/animo.eu\/sv\/wp-json\/wp\/v2\/pages\/42010"}],"collection":[{"href":"https:\/\/animo.eu\/sv\/wp-json\/wp\/v2\/pages"}],"about":[{"href":"https:\/\/animo.eu\/sv\/wp-json\/wp\/v2\/types\/page"}],"author":[{"embeddable":true,"href":"https:\/\/animo.eu\/sv\/wp-json\/wp\/v2\/users\/21"}],"replies":[{"embeddable":true,"href":"https:\/\/animo.eu\/sv\/wp-json\/wp\/v2\/comments?post=42010"}],"version-history":[{"count":3,"href":"https:\/\/animo.eu\/sv\/wp-json\/wp\/v2\/pages\/42010\/revisions"}],"predecessor-version":[{"id":42013,"href":"https:\/\/animo.eu\/sv\/wp-json\/wp\/v2\/pages\/42010\/revisions\/42013"}],"wp:featuredmedia":[{"embeddable":true,"href":"https:\/\/animo.eu\/sv\/wp-json\/wp\/v2\/media\/22240"}],"wp:attachment":[{"href":"https:\/\/animo.eu\/sv\/wp-json\/wp\/v2\/media?parent=42010"}],"curies":[{"name":"wp","href":"https:\/\/api.w.org\/{rel}","templated":true}]}}