{"id":42167,"date":"2023-08-24T08:17:18","date_gmt":"2023-08-24T06:17:18","guid":{"rendered":"https:\/\/animo.eu\/muggdispensrar\/"},"modified":"2024-01-17T09:57:59","modified_gmt":"2024-01-17T08:57:59","slug":"muggdispensrar","status":"publish","type":"page","link":"https:\/\/animo.eu\/sv\/muggdispensrar\/","title":{"rendered":"Muggdispensrar"},"content":{"rendered":"\n<section  class=\"pane pane--white \">\n    <div class=\"container\">\n                    <div class=\"row justify-content-center mb-4\">\n                <div class=\"col-12\">\n                    <div class=\"pane__text\">\n                        <h2>Muggdispensrar<\/h2>\n                    <\/div>\n                <\/div>\n            <\/div>\n        \n                                \n                            <div class=\"row row--equalized g-4 g-lg-3 g-xl-6\">\n                                            <div class=\"col-12 col-md-6 col-lg-3\">\n                            <div class=\"card card--product\">\n                    <div class=\"card__image\">\n                    <img decoding=\"async\" width=\"550\" height=\"458\" src=\"https:\/\/animo.eu\/wp-content\/uploads\/2023\/08\/Muur-bekerdispensers-550x458.png\" class=\"image wp-post-image\" alt=\"\" loading=\"lazy\" srcset=\"https:\/\/animo.eu\/wp-content\/uploads\/2023\/08\/Muur-bekerdispensers-550x458.png 550w, https:\/\/animo.eu\/wp-content\/uploads\/2023\/08\/Muur-bekerdispensers-300x250.png 300w, https:\/\/animo.eu\/wp-content\/uploads\/2023\/08\/Muur-bekerdispensers-1024x852.png 1024w, https:\/\/animo.eu\/wp-content\/uploads\/2023\/08\/Muur-bekerdispensers-768x639.png 768w, https:\/\/animo.eu\/wp-content\/uploads\/2023\/08\/Muur-bekerdispensers-1536x1279.png 1536w, https:\/\/animo.eu\/wp-content\/uploads\/2023\/08\/Muur-bekerdispensers-70x58.png 70w, https:\/\/animo.eu\/wp-content\/uploads\/2023\/08\/Muur-bekerdispensers-800x666.png 800w, https:\/\/animo.eu\/wp-content\/uploads\/2023\/08\/Muur-bekerdispensers-120x100.png 120w, https:\/\/animo.eu\/wp-content\/uploads\/2023\/08\/Muur-bekerdispensers-150x125.png 150w, https:\/\/animo.eu\/wp-content\/uploads\/2023\/08\/Muur-bekerdispensers.png 1772w\" sizes=\"(max-width: 550px) 100vw, 550px\" \/>                <\/div>\n    <div class=\"card-body\">\n        <h3 class=\"card-title\">V\u00e4ggmonterade muggdispensrar<\/h3>\n                    <p class=\"mb-0\">Sparar utrymme<\/p>\n            <\/div>\n    <div class=\"card-footer\">\n        <span class=\"btn btn-outline-secondary\">\n            <span class=\"btn__text\">Mer information<\/span>\n            <svg class=\"icon icon--20 icon--arrow\">\n                <use xlink:href=\"https:\/\/animo.eu\/wp-content\/themes\/animo\/build\/img\/symbols.svg#arrow-right\"><\/use>\n            <\/svg>\n        <\/span>\n    <\/div>\n    <a class=\"stretched-link\" href=\"https:\/\/animo.eu\/sv\/muggdispensrar\/vaggmonterade-muggdispensrar\/\"><\/a>\n<\/div>\n                        <\/div>\n                                            <div class=\"col-12 col-md-6 col-lg-3\">\n                            <div class=\"card card--product\">\n                    <div class=\"card__image\">\n                    <img decoding=\"async\" width=\"550\" height=\"458\" src=\"https:\/\/animo.eu\/wp-content\/uploads\/2023\/08\/Bekersdispensers-Vending-Animo-550x458.png\" class=\"image wp-post-image\" alt=\"\" loading=\"lazy\" srcset=\"https:\/\/animo.eu\/wp-content\/uploads\/2023\/08\/Bekersdispensers-Vending-Animo-550x458.png 550w, https:\/\/animo.eu\/wp-content\/uploads\/2023\/08\/Bekersdispensers-Vending-Animo-300x250.png 300w, https:\/\/animo.eu\/wp-content\/uploads\/2023\/08\/Bekersdispensers-Vending-Animo-1024x852.png 1024w, https:\/\/animo.eu\/wp-content\/uploads\/2023\/08\/Bekersdispensers-Vending-Animo-768x639.png 768w, https:\/\/animo.eu\/wp-content\/uploads\/2023\/08\/Bekersdispensers-Vending-Animo-1536x1279.png 1536w, https:\/\/animo.eu\/wp-content\/uploads\/2023\/08\/Bekersdispensers-Vending-Animo-70x58.png 70w, https:\/\/animo.eu\/wp-content\/uploads\/2023\/08\/Bekersdispensers-Vending-Animo-800x666.png 800w, https:\/\/animo.eu\/wp-content\/uploads\/2023\/08\/Bekersdispensers-Vending-Animo-120x100.png 120w, https:\/\/animo.eu\/wp-content\/uploads\/2023\/08\/Bekersdispensers-Vending-Animo-150x125.png 150w, https:\/\/animo.eu\/wp-content\/uploads\/2023\/08\/Bekersdispensers-Vending-Animo.png 1772w\" sizes=\"(max-width: 550px) 100vw, 550px\" \/>                <\/div>\n    <div class=\"card-body\">\n        <h3 class=\"card-title\">Automater f\u00f6r f\u00f6rs\u00e4ljning av muggar<\/h3>\n                    <p class=\"mb-0\">Snyggt och prydligt<\/p>\n            <\/div>\n    <div class=\"card-footer\">\n        <span class=\"btn btn-outline-secondary\">\n            <span class=\"btn__text\">Mer information<\/span>\n            <svg class=\"icon icon--20 icon--arrow\">\n                <use xlink:href=\"https:\/\/animo.eu\/wp-content\/themes\/animo\/build\/img\/symbols.svg#arrow-right\"><\/use>\n            <\/svg>\n        <\/span>\n    <\/div>\n    <a class=\"stretched-link\" href=\"https:\/\/animo.eu\/sv\/muggdispensrar\/automater-for-forsaljning-av-muggar\/\"><\/a>\n<\/div>\n                        <\/div>\n                                    <\/div>\n                                         <\/div>\n<\/section>\n\n<section  class=\"pane pane--white \">\n    <div class=\"container\">\n        <div class=\"row g-4 g-lg-8 g-xl-15 g-xxl-20 align-items-center flex-lg-row-reverse\">\n                            <div class=\"col-12 col-lg-6\">\n                    <div class=\"pane__text\">\n                        <h2>Animo-till\u00e4gg f\u00f6r ytterligare merv\u00e4rde<\/h2>\n<p>F\u00f6r att ge Animo-maskinerna extra v\u00e4rde har vi flera till\u00e4ggsmoduler i sortimentet. Dessa inkluderar koppautomater, koppv\u00e4rmare och betalningssystem och m\u00e5nga andra bekv\u00e4mligheter som g\u00f6r att Animo-maskinerna verkligen utm\u00e4rker sig.<\/p>\n                                                \n                    <\/div>\n                <\/div>\n                                <\/div>\n    <\/div>\n<\/section>\n","protected":false},"excerpt":{"rendered":"","protected":false},"author":21,"featured_media":18845,"parent":0,"menu_order":49,"comment_status":"closed","ping_status":"closed","template":"","meta":{"_acf_changed":false,"footnotes":""},"class_list":["post-42167","page","type-page","status-publish","has-post-thumbnail","hentry"],"acf":[],"yoast_head":"<!-- This site is optimized with the Yoast SEO plugin v25.5 - https:\/\/yoast.com\/wordpress\/plugins\/seo\/ -->\n<title>Muggdispensrar -<\/title>\n<meta name=\"description\" content=\"Muggdispensrar - Koppdispensrar med geniala dispensersystem. Animo koppdispensers \u00e4r l\u00e4mpliga f\u00f6r olika typer av kaffekoppar.\" \/>\n<meta name=\"robots\" content=\"index, follow, max-snippet:-1, max-image-preview:large, max-video-preview:-1\" \/>\n<link rel=\"canonical\" href=\"https:\/\/animo.eu\/sv\/muggdispensrar\/\" \/>\n<meta property=\"og:locale\" content=\"sv_SE\" \/>\n<meta property=\"og:type\" content=\"article\" \/>\n<meta property=\"og:title\" content=\"Muggdispensrar -\" \/>\n<meta property=\"og:description\" content=\"Muggdispensrar - Koppdispensrar med geniala dispensersystem. Animo koppdispensers \u00e4r l\u00e4mpliga f\u00f6r olika typer av kaffekoppar.\" \/>\n<meta property=\"og:url\" content=\"https:\/\/animo.eu\/sv\/muggdispensrar\/\" \/>\n<meta property=\"article:publisher\" content=\"https:\/\/www.facebook.com\/animobv\/\" \/>\n<meta property=\"article:modified_time\" content=\"2024-01-17T08:57:59+00:00\" \/>\n<meta property=\"og:image\" content=\"https:\/\/animo.eu\/wp-content\/uploads\/2023\/08\/Bekersdispensers-overzicht.png\" \/>\n\t<meta property=\"og:image:width\" content=\"1772\" \/>\n\t<meta property=\"og:image:height\" content=\"1475\" \/>\n\t<meta property=\"og:image:type\" content=\"image\/png\" \/>\n<meta name=\"twitter:card\" content=\"summary_large_image\" \/>\n<meta name=\"twitter:site\" content=\"@animokoffie\" \/>\n<script type=\"application\/ld+json\" class=\"yoast-schema-graph\">{\"@context\":\"https:\/\/schema.org\",\"@graph\":[{\"@type\":\"WebPage\",\"@id\":\"https:\/\/animo.eu\/sv\/muggdispensrar\/\",\"url\":\"https:\/\/animo.eu\/sv\/muggdispensrar\/\",\"name\":\"Muggdispensrar -\",\"isPartOf\":{\"@id\":\"https:\/\/animo.eu\/sv\/#website\"},\"primaryImageOfPage\":{\"@id\":\"https:\/\/animo.eu\/sv\/muggdispensrar\/#primaryimage\"},\"image\":{\"@id\":\"https:\/\/animo.eu\/sv\/muggdispensrar\/#primaryimage\"},\"thumbnailUrl\":\"https:\/\/animo.eu\/wp-content\/uploads\/2023\/08\/Bekersdispensers-overzicht.png\",\"datePublished\":\"2023-08-24T06:17:18+00:00\",\"dateModified\":\"2024-01-17T08:57:59+00:00\",\"description\":\"Muggdispensrar - Koppdispensrar med geniala dispensersystem. Animo koppdispensers \u00e4r l\u00e4mpliga f\u00f6r olika typer av kaffekoppar.\",\"breadcrumb\":{\"@id\":\"https:\/\/animo.eu\/sv\/muggdispensrar\/#breadcrumb\"},\"inLanguage\":\"sv-SE\",\"potentialAction\":[{\"@type\":\"ReadAction\",\"target\":[\"https:\/\/animo.eu\/sv\/muggdispensrar\/\"]}]},{\"@type\":\"ImageObject\",\"inLanguage\":\"sv-SE\",\"@id\":\"https:\/\/animo.eu\/sv\/muggdispensrar\/#primaryimage\",\"url\":\"https:\/\/animo.eu\/wp-content\/uploads\/2023\/08\/Bekersdispensers-overzicht.png\",\"contentUrl\":\"https:\/\/animo.eu\/wp-content\/uploads\/2023\/08\/Bekersdispensers-overzicht.png\",\"width\":1772,\"height\":1475},{\"@type\":\"BreadcrumbList\",\"@id\":\"https:\/\/animo.eu\/sv\/muggdispensrar\/#breadcrumb\",\"itemListElement\":[{\"@type\":\"ListItem\",\"position\":1,\"name\":\"Home\",\"item\":\"https:\/\/animo.eu\/sv\/\"},{\"@type\":\"ListItem\",\"position\":2,\"name\":\"Muggdispensrar\"}]},{\"@type\":\"WebSite\",\"@id\":\"https:\/\/animo.eu\/sv\/#website\",\"url\":\"https:\/\/animo.eu\/sv\/\",\"name\":\"\",\"description\":\"\",\"potentialAction\":[{\"@type\":\"SearchAction\",\"target\":{\"@type\":\"EntryPoint\",\"urlTemplate\":\"https:\/\/animo.eu\/sv\/?s={search_term_string}\"},\"query-input\":{\"@type\":\"PropertyValueSpecification\",\"valueRequired\":true,\"valueName\":\"search_term_string\"}}],\"inLanguage\":\"sv-SE\"}]}<\/script>\n<!-- \/ Yoast SEO plugin. -->","yoast_head_json":{"title":"Muggdispensrar -","description":"Muggdispensrar - Koppdispensrar med geniala dispensersystem. Animo koppdispensers \u00e4r l\u00e4mpliga f\u00f6r olika typer av kaffekoppar.","robots":{"index":"index","follow":"follow","max-snippet":"max-snippet:-1","max-image-preview":"max-image-preview:large","max-video-preview":"max-video-preview:-1"},"canonical":"https:\/\/animo.eu\/sv\/muggdispensrar\/","og_locale":"sv_SE","og_type":"article","og_title":"Muggdispensrar -","og_description":"Muggdispensrar - Koppdispensrar med geniala dispensersystem. Animo koppdispensers \u00e4r l\u00e4mpliga f\u00f6r olika typer av kaffekoppar.","og_url":"https:\/\/animo.eu\/sv\/muggdispensrar\/","article_publisher":"https:\/\/www.facebook.com\/animobv\/","article_modified_time":"2024-01-17T08:57:59+00:00","og_image":[{"width":1772,"height":1475,"url":"https:\/\/animo.eu\/wp-content\/uploads\/2023\/08\/Bekersdispensers-overzicht.png","type":"image\/png"}],"twitter_card":"summary_large_image","twitter_site":"@animokoffie","schema":{"@context":"https:\/\/schema.org","@graph":[{"@type":"WebPage","@id":"https:\/\/animo.eu\/sv\/muggdispensrar\/","url":"https:\/\/animo.eu\/sv\/muggdispensrar\/","name":"Muggdispensrar -","isPartOf":{"@id":"https:\/\/animo.eu\/sv\/#website"},"primaryImageOfPage":{"@id":"https:\/\/animo.eu\/sv\/muggdispensrar\/#primaryimage"},"image":{"@id":"https:\/\/animo.eu\/sv\/muggdispensrar\/#primaryimage"},"thumbnailUrl":"https:\/\/animo.eu\/wp-content\/uploads\/2023\/08\/Bekersdispensers-overzicht.png","datePublished":"2023-08-24T06:17:18+00:00","dateModified":"2024-01-17T08:57:59+00:00","description":"Muggdispensrar - Koppdispensrar med geniala dispensersystem. Animo koppdispensers \u00e4r l\u00e4mpliga f\u00f6r olika typer av kaffekoppar.","breadcrumb":{"@id":"https:\/\/animo.eu\/sv\/muggdispensrar\/#breadcrumb"},"inLanguage":"sv-SE","potentialAction":[{"@type":"ReadAction","target":["https:\/\/animo.eu\/sv\/muggdispensrar\/"]}]},{"@type":"ImageObject","inLanguage":"sv-SE","@id":"https:\/\/animo.eu\/sv\/muggdispensrar\/#primaryimage","url":"https:\/\/animo.eu\/wp-content\/uploads\/2023\/08\/Bekersdispensers-overzicht.png","contentUrl":"https:\/\/animo.eu\/wp-content\/uploads\/2023\/08\/Bekersdispensers-overzicht.png","width":1772,"height":1475},{"@type":"BreadcrumbList","@id":"https:\/\/animo.eu\/sv\/muggdispensrar\/#breadcrumb","itemListElement":[{"@type":"ListItem","position":1,"name":"Home","item":"https:\/\/animo.eu\/sv\/"},{"@type":"ListItem","position":2,"name":"Muggdispensrar"}]},{"@type":"WebSite","@id":"https:\/\/animo.eu\/sv\/#website","url":"https:\/\/animo.eu\/sv\/","name":"","description":"","potentialAction":[{"@type":"SearchAction","target":{"@type":"EntryPoint","urlTemplate":"https:\/\/animo.eu\/sv\/?s={search_term_string}"},"query-input":{"@type":"PropertyValueSpecification","valueRequired":true,"valueName":"search_term_string"}}],"inLanguage":"sv-SE"}]}},"_links":{"self":[{"href":"https:\/\/animo.eu\/sv\/wp-json\/wp\/v2\/pages\/42167"}],"collection":[{"href":"https:\/\/animo.eu\/sv\/wp-json\/wp\/v2\/pages"}],"about":[{"href":"https:\/\/animo.eu\/sv\/wp-json\/wp\/v2\/types\/page"}],"author":[{"embeddable":true,"href":"https:\/\/animo.eu\/sv\/wp-json\/wp\/v2\/users\/21"}],"replies":[{"embeddable":true,"href":"https:\/\/animo.eu\/sv\/wp-json\/wp\/v2\/comments?post=42167"}],"version-history":[{"count":1,"href":"https:\/\/animo.eu\/sv\/wp-json\/wp\/v2\/pages\/42167\/revisions"}],"predecessor-version":[{"id":42169,"href":"https:\/\/animo.eu\/sv\/wp-json\/wp\/v2\/pages\/42167\/revisions\/42169"}],"wp:featuredmedia":[{"embeddable":true,"href":"https:\/\/animo.eu\/sv\/wp-json\/wp\/v2\/media\/18845"}],"wp:attachment":[{"href":"https:\/\/animo.eu\/sv\/wp-json\/wp\/v2\/media?parent=42167"}],"curies":[{"name":"wp","href":"https:\/\/api.w.org\/{rel}","templated":true}]}}